{"id":120484,"date":"2025-10-18T12:26:09","date_gmt":"2025-10-18T10:26:09","guid":{"rendered":"https:\/\/yasminfood.ch\/product\/shamsin-weinblaetter-2700\/"},"modified":"2025-10-18T12:27:26","modified_gmt":"2025-10-18T10:27:26","slug":"shamsin-weinblaetter-2700","status":"publish","type":"product","link":"https:\/\/yasminfood.ch\/de\/product\/shamsin-weinblaetter-2700\/","title":{"rendered":"Shamsin Weinbl\u00e4tter 2700"},"content":{"rendered":"<p><strong>Shamsin Weinbl\u00e4tter 2700<\/strong><\/p>\n<ul>\n<li>\n<p data-start=\"247\" data-end=\"486\">Die perfekte Wahl f\u00fcr jeden Liebhaber der authentischen hausgemachten K\u00fcche.<\/p>\n<\/li>\n<li>\n<p data-start=\"247\" data-end=\"486\">Die Weinbl\u00e4tter wurden sorgf\u00e4ltig ausgew\u00e4hlt, um weich, fest und leicht zu rollen zu sein, was sie perfekt macht, um jedes Mal die besten Weinbl\u00e4tter oder Dolma herzustellen.  <\/p>\n<h3 data-start=\"488\" data-end=\"508\">\ud83d\udfe2 <strong data-start=\"495\" data-end=\"508\">Funktionen:<\/strong><\/h3>\n<ul data-start=\"509\" data-end=\"717\">\n<li data-start=\"509\" data-end=\"544\">\n<p data-start=\"511\" data-end=\"544\">Nat\u00fcrliche Weinbl\u00e4tter werden sorgf\u00e4ltig ausgew\u00e4hlt.<\/p>\n<\/li>\n<li data-start=\"545\" data-end=\"580\">\n<p data-start=\"547\" data-end=\"580\">Reicher Geschmack und hellgr\u00fcne nat\u00fcrliche Farbe.<\/p>\n<\/li>\n<li data-start=\"581\" data-end=\"621\">\n<p data-start=\"583\" data-end=\"621\">Einfach zu verwenden und zu wickeln, ohne zu rei\u00dfen.<\/p>\n<\/li>\n<li data-start=\"622\" data-end=\"667\">\n<p data-start=\"624\" data-end=\"667\">So konserviert, dass Frische und Geschmack gew\u00e4hrleistet sind.<\/p>\n<\/li>\n<li data-start=\"668\" data-end=\"717\">\n<p data-start=\"670\" data-end=\"717\">Geeignet sowohl f\u00fcr Hausmannskost als auch f\u00fcr Restaurants.<\/p>\n<\/li>\n<\/ul>\n<h3 data-start=\"719\" data-end=\"746\">\ud83c\udf74 <strong data-start=\"726\" data-end=\"746\">Wie benutzt man:<\/strong><\/h3>\n<p data-start=\"747\" data-end=\"906\">Sp\u00fclen Sie die Bl\u00e4tter mit lauwarmem Wasser ab, um \u00fcbersch\u00fcssiges Salz zu entfernen, und f\u00fcllen Sie sie dann mit Reis oder Fleisch nach Ihrem Lieblingsrezept. <br data-start=\"848\" data-end=\"851\">Mit Zitronenspalten und Oliven\u00f6l servieren, um einen unwiderstehlichen Geschmack zu erhalten!<\/p>\n<blockquote data-start=\"1031\" data-end=\"1113\">\n<p data-start=\"1033\" data-end=\"1113\">\ud83d\uded2 Entdecken Sie den wahren Geschmack des orientalischen M\u00f6rsers mit Yasmine Food \u2013 wir w\u00e4hlen das Beste f\u00fcr Ihre \u2764\ufe0f Familie<\/p>\n<\/blockquote>\n<\/li>\n<\/ul>\n","protected":false},"excerpt":{"rendered":"<p><strong>Shamsin Weinbl\u00e4tter 2700<\/strong><\/p>\n<ul>\n<li>\n<p data-start=\"247\" data-end=\"486\">Die perfekte Wahl f\u00fcr jeden Liebhaber der authentischen hausgemachten K\u00fcche.<\/p>\n<\/li>\n<li>\n<p data-start=\"247\" data-end=\"486\">Die Weinbl\u00e4tter wurden sorgf\u00e4ltig ausgew\u00e4hlt, um weich, fest und leicht zu rollen zu sein, was sie perfekt macht, um jedes Mal die besten Weinbl\u00e4tter oder Dolma herzustellen.  <\/p>\n<\/li>\n<\/ul>\n","protected":false},"featured_media":120478,"comment_status":"open","ping_status":"closed","template":"","meta":[],"product_brand":[2332],"product_cat":[257,245],"product_tag":[],"class_list":{"0":"post-120484","1":"product","2":"type-product","3":"status-publish","4":"has-post-thumbnail","6":"product_brand-chamsine-de","7":"product_cat-eingelegtes-gemuse","8":"product_cat-konserven-lebensmittel","10":"first","11":"outofstock","12":"taxable","13":"shipping-taxable","14":"purchasable","15":"product-type-simple"},"yoast_head":"<!-- This site is optimized with the Yoast SEO Premium plugin v26.5 (Yoast SEO v27.4) - https:\/\/yoast.com\/product\/yoast-seo-premium-wordpress\/ -->\n<title>Shamsin Weinbl\u00e4tter 2700 - Yasmin Food<\/title>\n<meta name=\"description\" content=\"Genie\u00dfen Sie ein unvergessliches kulinarisches Erlebnis mit dem Sunshine Grape Leaf 2700, der perfekten Wahl f\u00fcr authentische hausgemachte K\u00fcche. Probieren Sie es jetzt aus und erhalten Sie einen reichhaltigen Geschmack!\" \/>\n<meta name=\"robots\" content=\"index, follow, max-snippet:-1, max-image-preview:large, max-video-preview:-1\" \/>\n<link rel=\"canonical\" href=\"https:\/\/yasminfood.ch\/de\/product\/shamsin-weinblaetter-2700\/\" \/>\n<meta property=\"og:locale\" content=\"de_DE\" \/>\n<meta property=\"og:type\" content=\"article\" \/>\n<meta property=\"og:title\" content=\"Shamsin Weinbl\u00e4tter 2700\" \/>\n<meta property=\"og:description\" content=\"Shamsin Weinbl\u00e4tter 2700   Die perfekte Wahl f\u00fcr jeden Liebhaber der authentischen hausgemachten K\u00fcche.   Die Weinbl\u00e4tter wurden sorgf\u00e4ltig ausgew\u00e4hlt, um weich, fest und leicht zu rollen zu sein, was sie perfekt macht, um jedes Mal die besten Weinbl\u00e4tter oder Dolma herzustellen.\" \/>\n<meta property=\"og:url\" content=\"https:\/\/yasminfood.ch\/de\/product\/shamsin-weinblaetter-2700\/\" \/>\n<meta property=\"og:site_name\" content=\"Yasmin Food\" \/>\n<meta property=\"article:publisher\" content=\"https:\/\/www.facebook.com\/yasminmarkt1\" \/>\n<meta property=\"article:modified_time\" content=\"2025-10-18T10:27:26+00:00\" \/>\n<meta property=\"og:image\" content=\"https:\/\/yasminfood.ch\/wp-content\/uploads\/2025\/10\/\u0648\u0631\u0642-\u0639\u0646\u0628-\u0634\u0645\u0633\u064a\u0646-2700.png\" \/>\n\t<meta property=\"og:image:width\" content=\"1080\" \/>\n\t<meta property=\"og:image:height\" content=\"1080\" \/>\n\t<meta property=\"og:image:type\" content=\"image\/png\" \/>\n<meta name=\"twitter:card\" content=\"summary_large_image\" \/>\n<meta name=\"twitter:label1\" content=\"Preis\" \/>\n\t<meta name=\"twitter:data1\" content=\"19.95&nbsp;&#067;&#072;&#070;\" \/>\n\t<meta name=\"twitter:label2\" content=\"Verf\u00fcgbarkeit\" \/>\n\t<meta name=\"twitter:data2\" content=\"ausverkauft\" \/>\n<script type=\"application\/ld+json\" class=\"yoast-schema-graph\">{\"@context\":\"https:\\\/\\\/schema.org\",\"@graph\":[{\"@type\":\"WebPage\",\"@id\":\"https:\\\/\\\/yasminfood.ch\\\/de\\\/product\\\/shamsin-weinblaetter-2700\\\/\",\"url\":\"https:\\\/\\\/yasminfood.ch\\\/de\\\/product\\\/shamsin-weinblaetter-2700\\\/\",\"name\":\"Shamsin Weinbl\u00e4tter 2700 - Yasmin Food\",\"isPartOf\":{\"@id\":\"https:\\\/\\\/yasminfood.ch\\\/de\\\/#website\"},\"primaryImageOfPage\":{\"@id\":\"https:\\\/\\\/yasminfood.ch\\\/de\\\/product\\\/shamsin-weinblaetter-2700\\\/#primaryimage\"},\"image\":{\"@id\":\"https:\\\/\\\/yasminfood.ch\\\/de\\\/product\\\/shamsin-weinblaetter-2700\\\/#primaryimage\"},\"thumbnailUrl\":\"https:\\\/\\\/yasminfood.ch\\\/wp-content\\\/uploads\\\/2025\\\/10\\\/\u0648\u0631\u0642-\u0639\u0646\u0628-\u0634\u0645\u0633\u064a\u0646-2700.png\",\"datePublished\":\"2025-10-18T10:26:09+00:00\",\"dateModified\":\"2025-10-18T10:27:26+00:00\",\"description\":\"Genie\u00dfen Sie ein unvergessliches kulinarisches Erlebnis mit dem Sunshine Grape Leaf 2700, der perfekten Wahl f\u00fcr authentische hausgemachte K\u00fcche. Probieren Sie es jetzt aus und erhalten Sie einen reichhaltigen Geschmack!\",\"breadcrumb\":{\"@id\":\"https:\\\/\\\/yasminfood.ch\\\/de\\\/product\\\/shamsin-weinblaetter-2700\\\/#breadcrumb\"},\"inLanguage\":\"de\",\"potentialAction\":[{\"@type\":\"ReadAction\",\"target\":[\"https:\\\/\\\/yasminfood.ch\\\/de\\\/product\\\/shamsin-weinblaetter-2700\\\/\"]}]},{\"@type\":\"ImageObject\",\"inLanguage\":\"de\",\"@id\":\"https:\\\/\\\/yasminfood.ch\\\/de\\\/product\\\/shamsin-weinblaetter-2700\\\/#primaryimage\",\"url\":\"https:\\\/\\\/yasminfood.ch\\\/wp-content\\\/uploads\\\/2025\\\/10\\\/\u0648\u0631\u0642-\u0639\u0646\u0628-\u0634\u0645\u0633\u064a\u0646-2700.png\",\"contentUrl\":\"https:\\\/\\\/yasminfood.ch\\\/wp-content\\\/uploads\\\/2025\\\/10\\\/\u0648\u0631\u0642-\u0639\u0646\u0628-\u0634\u0645\u0633\u064a\u0646-2700.png\",\"width\":1080,\"height\":1080,\"caption\":\"Shamsin Weinbl\u00e4tter 2700\"},{\"@type\":\"BreadcrumbList\",\"@id\":\"https:\\\/\\\/yasminfood.ch\\\/de\\\/product\\\/shamsin-weinblaetter-2700\\\/#breadcrumb\",\"itemListElement\":[{\"@type\":\"ListItem\",\"position\":1,\"name\":\"\u0627\u0644\u0631\u0626\u064a\u0633\u064a\u0629\",\"item\":\"https:\\\/\\\/yasminfood.ch\\\/de\\\/zuhause\\\/\"},{\"@type\":\"ListItem\",\"position\":2,\"name\":\"Shop\",\"item\":\"https:\\\/\\\/yasminfood.ch\\\/de\\\/shop\\\/\"},{\"@type\":\"ListItem\",\"position\":3,\"name\":\"Konserven - Lebensmittel\",\"item\":\"https:\\\/\\\/yasminfood.ch\\\/de\\\/produkt-kategorie\\\/konserven-lebensmittel\\\/\"},{\"@type\":\"ListItem\",\"position\":4,\"name\":\"Eingelegtes Gem\u00fcse\",\"item\":\"https:\\\/\\\/yasminfood.ch\\\/de\\\/produkt-kategorie\\\/konserven-lebensmittel\\\/eingelegtes-gemuse\\\/\"},{\"@type\":\"ListItem\",\"position\":5,\"name\":\"Shamsin Weinbl\u00e4tter 2700\"}]},{\"@type\":\"WebSite\",\"@id\":\"https:\\\/\\\/yasminfood.ch\\\/de\\\/#website\",\"url\":\"https:\\\/\\\/yasminfood.ch\\\/de\\\/\",\"name\":\"\u064a\u0627\u0633\u0645\u064a\u0646 \u0645\u0627\u0631\u0643\u062a\",\"description\":\"Alles, was Sie brauchen, an einem Ort\",\"publisher\":{\"@id\":\"https:\\\/\\\/yasminfood.ch\\\/de\\\/#organization\"},\"alternateName\":\"Yasmin Food\",\"potentialAction\":[{\"@type\":\"SearchAction\",\"target\":{\"@type\":\"EntryPoint\",\"urlTemplate\":\"https:\\\/\\\/yasminfood.ch\\\/de\\\/?s={search_term_string}\"},\"query-input\":{\"@type\":\"PropertyValueSpecification\",\"valueRequired\":true,\"valueName\":\"search_term_string\"}}],\"inLanguage\":\"de\"},{\"@type\":\"Organization\",\"@id\":\"https:\\\/\\\/yasminfood.ch\\\/de\\\/#organization\",\"name\":\"\u064a\u0627\u0633\u0645\u064a\u0646 \u0645\u0627\u0631\u0643\u062a\",\"alternateName\":\"Yasmin Food\",\"url\":\"https:\\\/\\\/yasminfood.ch\\\/de\\\/\",\"logo\":{\"@type\":\"ImageObject\",\"inLanguage\":\"de\",\"@id\":\"https:\\\/\\\/yasminfood.ch\\\/de\\\/#\\\/schema\\\/logo\\\/image\\\/\",\"url\":\"https:\\\/\\\/yasminfood.ch\\\/wp-content\\\/uploads\\\/2025\\\/05\\\/yasmin-food-header-logo.png\",\"contentUrl\":\"https:\\\/\\\/yasminfood.ch\\\/wp-content\\\/uploads\\\/2025\\\/05\\\/yasmin-food-header-logo.png\",\"width\":330,\"height\":120,\"caption\":\"\u064a\u0627\u0633\u0645\u064a\u0646 \u0645\u0627\u0631\u0643\u062a\"},\"image\":{\"@id\":\"https:\\\/\\\/yasminfood.ch\\\/de\\\/#\\\/schema\\\/logo\\\/image\\\/\"},\"sameAs\":[\"https:\\\/\\\/www.facebook.com\\\/yasminmarkt1\",\"https:\\\/\\\/www.tiktok.com\\\/@yasminmarkt\",\"https:\\\/\\\/www.instagram.com\\\/yasmin.markt1\\\/\",\"https:\\\/\\\/api.whatsapp.com\\\/send\\\/?phone=41799000104\"],\"publishingPrinciples\":\"https:\\\/\\\/yasminfood.ch\\\/de\\\/shop\\\/\",\"ownershipFundingInfo\":\"https:\\\/\\\/yasminfood.ch\\\/de\\\/shop\\\/\"}]}<\/script>\n<meta property=\"product:price:amount\" content=\"19.95\" \/>\n<meta property=\"product:price:currency\" content=\"CHF\" \/>\n<meta property=\"og:availability\" content=\"out of stock\" \/>\n<meta property=\"product:availability\" content=\"out of stock\" \/>\n<meta property=\"product:condition\" content=\"new\" \/>\n<!-- \/ Yoast SEO Premium plugin. -->","yoast_head_json":{"title":"Shamsin Weinbl\u00e4tter 2700 - Yasmin Food","description":"Genie\u00dfen Sie ein unvergessliches kulinarisches Erlebnis mit dem Sunshine Grape Leaf 2700, der perfekten Wahl f\u00fcr authentische hausgemachte K\u00fcche. Probieren Sie es jetzt aus und erhalten Sie einen reichhaltigen Geschmack!","robots":{"index":"index","follow":"follow","max-snippet":"max-snippet:-1","max-image-preview":"max-image-preview:large","max-video-preview":"max-video-preview:-1"},"canonical":"https:\/\/yasminfood.ch\/de\/product\/shamsin-weinblaetter-2700\/","og_locale":"de_DE","og_type":"article","og_title":"Shamsin Weinbl\u00e4tter 2700","og_description":"Shamsin Weinbl\u00e4tter 2700   Die perfekte Wahl f\u00fcr jeden Liebhaber der authentischen hausgemachten K\u00fcche.   Die Weinbl\u00e4tter wurden sorgf\u00e4ltig ausgew\u00e4hlt, um weich, fest und leicht zu rollen zu sein, was sie perfekt macht, um jedes Mal die besten Weinbl\u00e4tter oder Dolma herzustellen.","og_url":"https:\/\/yasminfood.ch\/de\/product\/shamsin-weinblaetter-2700\/","og_site_name":"Yasmin Food","article_publisher":"https:\/\/www.facebook.com\/yasminmarkt1","article_modified_time":"2025-10-18T10:27:26+00:00","og_image":[{"width":1080,"height":1080,"url":"https:\/\/yasminfood.ch\/wp-content\/uploads\/2025\/10\/\u0648\u0631\u0642-\u0639\u0646\u0628-\u0634\u0645\u0633\u064a\u0646-2700.png","type":"image\/png"}],"twitter_card":"summary_large_image","twitter_misc":{"Preis":"19.95&nbsp;&#67;&#72;&#70;","Verf\u00fcgbarkeit":"ausverkauft"},"schema":{"@context":"https:\/\/schema.org","@graph":[{"@type":"WebPage","@id":"https:\/\/yasminfood.ch\/de\/product\/shamsin-weinblaetter-2700\/","url":"https:\/\/yasminfood.ch\/de\/product\/shamsin-weinblaetter-2700\/","name":"Shamsin Weinbl\u00e4tter 2700 - Yasmin Food","isPartOf":{"@id":"https:\/\/yasminfood.ch\/de\/#website"},"primaryImageOfPage":{"@id":"https:\/\/yasminfood.ch\/de\/product\/shamsin-weinblaetter-2700\/#primaryimage"},"image":{"@id":"https:\/\/yasminfood.ch\/de\/product\/shamsin-weinblaetter-2700\/#primaryimage"},"thumbnailUrl":"https:\/\/yasminfood.ch\/wp-content\/uploads\/2025\/10\/\u0648\u0631\u0642-\u0639\u0646\u0628-\u0634\u0645\u0633\u064a\u0646-2700.png","datePublished":"2025-10-18T10:26:09+00:00","dateModified":"2025-10-18T10:27:26+00:00","description":"Genie\u00dfen Sie ein unvergessliches kulinarisches Erlebnis mit dem Sunshine Grape Leaf 2700, der perfekten Wahl f\u00fcr authentische hausgemachte K\u00fcche. Probieren Sie es jetzt aus und erhalten Sie einen reichhaltigen Geschmack!","breadcrumb":{"@id":"https:\/\/yasminfood.ch\/de\/product\/shamsin-weinblaetter-2700\/#breadcrumb"},"inLanguage":"de","potentialAction":[{"@type":"ReadAction","target":["https:\/\/yasminfood.ch\/de\/product\/shamsin-weinblaetter-2700\/"]}]},{"@type":"ImageObject","inLanguage":"de","@id":"https:\/\/yasminfood.ch\/de\/product\/shamsin-weinblaetter-2700\/#primaryimage","url":"https:\/\/yasminfood.ch\/wp-content\/uploads\/2025\/10\/\u0648\u0631\u0642-\u0639\u0646\u0628-\u0634\u0645\u0633\u064a\u0646-2700.png","contentUrl":"https:\/\/yasminfood.ch\/wp-content\/uploads\/2025\/10\/\u0648\u0631\u0642-\u0639\u0646\u0628-\u0634\u0645\u0633\u064a\u0646-2700.png","width":1080,"height":1080,"caption":"Shamsin Weinbl\u00e4tter 2700"},{"@type":"BreadcrumbList","@id":"https:\/\/yasminfood.ch\/de\/product\/shamsin-weinblaetter-2700\/#breadcrumb","itemListElement":[{"@type":"ListItem","position":1,"name":"\u0627\u0644\u0631\u0626\u064a\u0633\u064a\u0629","item":"https:\/\/yasminfood.ch\/de\/zuhause\/"},{"@type":"ListItem","position":2,"name":"Shop","item":"https:\/\/yasminfood.ch\/de\/shop\/"},{"@type":"ListItem","position":3,"name":"Konserven - Lebensmittel","item":"https:\/\/yasminfood.ch\/de\/produkt-kategorie\/konserven-lebensmittel\/"},{"@type":"ListItem","position":4,"name":"Eingelegtes Gem\u00fcse","item":"https:\/\/yasminfood.ch\/de\/produkt-kategorie\/konserven-lebensmittel\/eingelegtes-gemuse\/"},{"@type":"ListItem","position":5,"name":"Shamsin Weinbl\u00e4tter 2700"}]},{"@type":"WebSite","@id":"https:\/\/yasminfood.ch\/de\/#website","url":"https:\/\/yasminfood.ch\/de\/","name":"\u064a\u0627\u0633\u0645\u064a\u0646 \u0645\u0627\u0631\u0643\u062a","description":"Alles, was Sie brauchen, an einem Ort","publisher":{"@id":"https:\/\/yasminfood.ch\/de\/#organization"},"alternateName":"Yasmin Food","potentialAction":[{"@type":"SearchAction","target":{"@type":"EntryPoint","urlTemplate":"https:\/\/yasminfood.ch\/de\/?s={search_term_string}"},"query-input":{"@type":"PropertyValueSpecification","valueRequired":true,"valueName":"search_term_string"}}],"inLanguage":"de"},{"@type":"Organization","@id":"https:\/\/yasminfood.ch\/de\/#organization","name":"\u064a\u0627\u0633\u0645\u064a\u0646 \u0645\u0627\u0631\u0643\u062a","alternateName":"Yasmin Food","url":"https:\/\/yasminfood.ch\/de\/","logo":{"@type":"ImageObject","inLanguage":"de","@id":"https:\/\/yasminfood.ch\/de\/#\/schema\/logo\/image\/","url":"https:\/\/yasminfood.ch\/wp-content\/uploads\/2025\/05\/yasmin-food-header-logo.png","contentUrl":"https:\/\/yasminfood.ch\/wp-content\/uploads\/2025\/05\/yasmin-food-header-logo.png","width":330,"height":120,"caption":"\u064a\u0627\u0633\u0645\u064a\u0646 \u0645\u0627\u0631\u0643\u062a"},"image":{"@id":"https:\/\/yasminfood.ch\/de\/#\/schema\/logo\/image\/"},"sameAs":["https:\/\/www.facebook.com\/yasminmarkt1","https:\/\/www.tiktok.com\/@yasminmarkt","https:\/\/www.instagram.com\/yasmin.markt1\/","https:\/\/api.whatsapp.com\/send\/?phone=41799000104"],"publishingPrinciples":"https:\/\/yasminfood.ch\/de\/shop\/","ownershipFundingInfo":"https:\/\/yasminfood.ch\/de\/shop\/"}]},"product_price_amount":"19.95","product_price_currency":"CHF","og_availability":"out of stock","product_availability":"out of stock","product_condition":"new"},"jetpack_sharing_enabled":true,"_links":{"self":[{"href":"https:\/\/yasminfood.ch\/de\/wp-json\/wp\/v2\/product\/120484","targetHints":{"allow":["GET"]}}],"collection":[{"href":"https:\/\/yasminfood.ch\/de\/wp-json\/wp\/v2\/product"}],"about":[{"href":"https:\/\/yasminfood.ch\/de\/wp-json\/wp\/v2\/types\/product"}],"replies":[{"embeddable":true,"href":"https:\/\/yasminfood.ch\/de\/wp-json\/wp\/v2\/comments?post=120484"}],"version-history":[{"count":0,"href":"https:\/\/yasminfood.ch\/de\/wp-json\/wp\/v2\/product\/120484\/revisions"}],"wp:featuredmedia":[{"embeddable":true,"href":"https:\/\/yasminfood.ch\/de\/wp-json\/wp\/v2\/media\/120478"}],"wp:attachment":[{"href":"https:\/\/yasminfood.ch\/de\/wp-json\/wp\/v2\/media?parent=120484"}],"wp:term":[{"taxonomy":"product_brand","embeddable":true,"href":"https:\/\/yasminfood.ch\/de\/wp-json\/wp\/v2\/product_brand?post=120484"},{"taxonomy":"product_cat","embeddable":true,"href":"https:\/\/yasminfood.ch\/de\/wp-json\/wp\/v2\/product_cat?post=120484"},{"taxonomy":"product_tag","embeddable":true,"href":"https:\/\/yasminfood.ch\/de\/wp-json\/wp\/v2\/product_tag?post=120484"}],"curies":[{"name":"wp","href":"https:\/\/api.w.org\/{rel}","templated":true}]}}