{"id":120555,"date":"2025-11-04T09:18:01","date_gmt":"2025-11-04T08:18:01","guid":{"rendered":"https:\/\/yasminfood.ch\/product\/falafel-gewuerz-150g-scheich\/"},"modified":"2025-11-04T09:42:03","modified_gmt":"2025-11-04T08:42:03","slug":"falafel-gewuerz-150g-scheich","status":"publish","type":"product","link":"https:\/\/yasminfood.ch\/de\/product\/falafel-gewuerz-150g-scheich\/","title":{"rendered":"Falafel Gew\u00fcrz 150g Scheich"},"content":{"rendered":"<p><strong>Falafel Gew\u00fcrz 150g Scheich<\/strong><\/p>\n<ul>\n<li>\n<p data-start=\"151\" data-end=\"395\">Genie\u00dfen Sie die Aromen traditioneller Falafel mit einer luxuri\u00f6sen Scheich-Gew\u00fcrzmischung, die mit den feinsten nat\u00fcrlichen Zutaten hergestellt wird, um Ihnen einen reichhaltigen Geschmack und eine perfekte Textur zu verleihen.<br data-start=\"290\" data-end=\"293\">Diese Gew\u00fcrze verleihen den Falafel eine attraktive Farbe und ein unwiderstehliches Aroma, das einem das Wasser im Mund zusammenlaufen l\u00e4sst, f\u00fcr ein authentisches kulinarisches Erlebnis wie in orientalischen Restaurants. <\/p>\n<hr data-start=\"397\" data-end=\"400\">\n<h4 data-start=\"402\" data-end=\"423\">\u2705 Produktmerkmale:<\/h4>\n<ul data-start=\"424\" data-end=\"571\">\n<li data-start=\"424\" data-end=\"457\">\n<p data-start=\"426\" data-end=\"457\">Eine ausgewogene Mischung aus nat\u00fcrlichen Gew\u00fcrzen<\/p>\n<\/li>\n<li data-start=\"458\" data-end=\"498\">\n<p data-start=\"460\" data-end=\"498\">Kr\u00e4ftiger, urspr\u00fcnglicher Geschmack ohne k\u00fcnstliche Zusatzstoffe<\/p>\n<\/li>\n<li data-start=\"499\" data-end=\"533\">\n<p data-start=\"501\" data-end=\"533\">Ideal f\u00fcr Restaurants und K\u00fcchen zu Hause<\/p>\n<\/li>\n<li data-start=\"534\" data-end=\"571\">\n<p data-start=\"536\" data-end=\"571\">Einfach zu bedienen und professionelle Ergebnisse liefern<\/p>\n<\/li>\n<\/ul>\n<hr data-start=\"573\" data-end=\"576\">\n<h4 data-start=\"578\" data-end=\"603\">\ud83d\udce6 Gewicht: ca. 150 g<\/h4>\n<h4 data-start=\"604\" data-end=\"643\">\ud83c\udff7\ufe0f Herkunft: Deutschland \u2013 Al-Sheikh Company <\/h4>\n<h4 data-start=\"644\" data-end=\"692\">Verwendung: F\u00fcr die besten hausgemachten oder kommerziellen Falafel <\/h4>\n<\/li>\n<\/ul>\n","protected":false},"excerpt":{"rendered":"<p><strong>Falafel Gew\u00fcrz 150g Scheich<\/strong><\/p>\n<ul>\n<li>\n<p data-start=\"151\" data-end=\"395\">Genie\u00dfen Sie die Aromen traditioneller Falafel mit einer luxuri\u00f6sen Scheich-Gew\u00fcrzmischung, die mit den feinsten nat\u00fcrlichen Zutaten hergestellt wird, um Ihnen einen reichhaltigen Geschmack und eine perfekte Textur zu verleihen.<\/p>\n<\/li>\n<\/ul>\n","protected":false},"featured_media":120557,"comment_status":"open","ping_status":"closed","template":"","meta":[],"product_brand":[],"product_cat":[360,356],"product_tag":[],"class_list":{"0":"post-120555","1":"product","2":"type-product","3":"status-publish","4":"has-post-thumbnail","6":"product_cat-gewurze","7":"product_cat-gewuerze-nuesse","9":"first","10":"instock","11":"taxable","12":"shipping-taxable","13":"purchasable","14":"product-type-simple"},"yoast_head":"<!-- This site is optimized with the Yoast SEO Premium plugin v26.5 (Yoast SEO v27.5) - https:\/\/yoast.com\/product\/yoast-seo-premium-wordpress\/ -->\n<title>Falafel Gew\u00fcrz 150g Scheich - Yasmin Food<\/title>\n<meta name=\"robots\" content=\"index, follow, max-snippet:-1, max-image-preview:large, max-video-preview:-1\" \/>\n<link rel=\"canonical\" href=\"https:\/\/yasminfood.ch\/de\/product\/falafel-gewuerz-150g-scheich\/\" \/>\n<meta property=\"og:locale\" content=\"de_DE\" \/>\n<meta property=\"og:type\" content=\"article\" \/>\n<meta property=\"og:title\" content=\"Falafel Gew\u00fcrz 150g Scheich\" \/>\n<meta property=\"og:description\" content=\"Falafel Gew\u00fcrz 150g Scheich   Genie\u00dfen Sie die Aromen traditioneller Falafel mit einer luxuri\u00f6sen Scheich-Gew\u00fcrzmischung, die mit den feinsten nat\u00fcrlichen Zutaten hergestellt wird, um Ihnen einen reichhaltigen Geschmack und eine perfekte Textur zu verleihen.\" \/>\n<meta property=\"og:url\" content=\"https:\/\/yasminfood.ch\/de\/product\/falafel-gewuerz-150g-scheich\/\" \/>\n<meta property=\"og:site_name\" content=\"Yasmin Food\" \/>\n<meta property=\"article:publisher\" content=\"https:\/\/www.facebook.com\/yasminmarkt1\" \/>\n<meta property=\"article:modified_time\" content=\"2025-11-04T08:42:03+00:00\" \/>\n<meta property=\"og:image\" content=\"https:\/\/yasminfood.ch\/wp-content\/uploads\/2025\/11\/\u0628\u0647\u0627\u0631-\u0641\u0644\u0627\u0641\u0644-150\u063a-\u0627\u0644\u0634\u064a\u062e-.png\" \/>\n\t<meta property=\"og:image:width\" content=\"1080\" \/>\n\t<meta property=\"og:image:height\" content=\"1080\" \/>\n\t<meta property=\"og:image:type\" content=\"image\/png\" \/>\n<meta name=\"twitter:card\" content=\"summary_large_image\" \/>\n<meta name=\"twitter:label1\" content=\"Preis\" \/>\n\t<meta name=\"twitter:data1\" content=\"5.50&nbsp;&#067;&#072;&#070;\" \/>\n\t<meta name=\"twitter:label2\" content=\"Verf\u00fcgbarkeit\" \/>\n\t<meta name=\"twitter:data2\" content=\"Auf Lager\" \/>\n<script type=\"application\/ld+json\" class=\"yoast-schema-graph\">{\"@context\":\"https:\\\/\\\/schema.org\",\"@graph\":[{\"@type\":\"WebPage\",\"@id\":\"https:\\\/\\\/yasminfood.ch\\\/de\\\/product\\\/falafel-gewuerz-150g-scheich\\\/\",\"url\":\"https:\\\/\\\/yasminfood.ch\\\/de\\\/product\\\/falafel-gewuerz-150g-scheich\\\/\",\"name\":\"Falafel Gew\u00fcrz 150g Scheich - Yasmin Food\",\"isPartOf\":{\"@id\":\"https:\\\/\\\/yasminfood.ch\\\/de\\\/#website\"},\"primaryImageOfPage\":{\"@id\":\"https:\\\/\\\/yasminfood.ch\\\/de\\\/product\\\/falafel-gewuerz-150g-scheich\\\/#primaryimage\"},\"image\":{\"@id\":\"https:\\\/\\\/yasminfood.ch\\\/de\\\/product\\\/falafel-gewuerz-150g-scheich\\\/#primaryimage\"},\"thumbnailUrl\":\"https:\\\/\\\/yasminfood.ch\\\/wp-content\\\/uploads\\\/2025\\\/11\\\/\u0628\u0647\u0627\u0631-\u0641\u0644\u0627\u0641\u0644-150\u063a-\u0627\u0644\u0634\u064a\u062e-.png\",\"datePublished\":\"2025-11-04T08:18:01+00:00\",\"dateModified\":\"2025-11-04T08:42:03+00:00\",\"breadcrumb\":{\"@id\":\"https:\\\/\\\/yasminfood.ch\\\/de\\\/product\\\/falafel-gewuerz-150g-scheich\\\/#breadcrumb\"},\"inLanguage\":\"de\",\"potentialAction\":[{\"@type\":\"ReadAction\",\"target\":[\"https:\\\/\\\/yasminfood.ch\\\/de\\\/product\\\/falafel-gewuerz-150g-scheich\\\/\"]}]},{\"@type\":\"ImageObject\",\"inLanguage\":\"de\",\"@id\":\"https:\\\/\\\/yasminfood.ch\\\/de\\\/product\\\/falafel-gewuerz-150g-scheich\\\/#primaryimage\",\"url\":\"https:\\\/\\\/yasminfood.ch\\\/wp-content\\\/uploads\\\/2025\\\/11\\\/\u0628\u0647\u0627\u0631-\u0641\u0644\u0627\u0641\u0644-150\u063a-\u0627\u0644\u0634\u064a\u062e-.png\",\"contentUrl\":\"https:\\\/\\\/yasminfood.ch\\\/wp-content\\\/uploads\\\/2025\\\/11\\\/\u0628\u0647\u0627\u0631-\u0641\u0644\u0627\u0641\u0644-150\u063a-\u0627\u0644\u0634\u064a\u062e-.png\",\"width\":1080,\"height\":1080,\"caption\":\"Falafel Gew\u00fcrz 150g Scheich\"},{\"@type\":\"BreadcrumbList\",\"@id\":\"https:\\\/\\\/yasminfood.ch\\\/de\\\/product\\\/falafel-gewuerz-150g-scheich\\\/#breadcrumb\",\"itemListElement\":[{\"@type\":\"ListItem\",\"position\":1,\"name\":\"\u0627\u0644\u0631\u0626\u064a\u0633\u064a\u0629\",\"item\":\"https:\\\/\\\/yasminfood.ch\\\/de\\\/zuhause\\\/\"},{\"@type\":\"ListItem\",\"position\":2,\"name\":\"Shop\",\"item\":\"https:\\\/\\\/yasminfood.ch\\\/de\\\/shop\\\/\"},{\"@type\":\"ListItem\",\"position\":3,\"name\":\"Falafel Gew\u00fcrz 150g Scheich\"}]},{\"@type\":\"WebSite\",\"@id\":\"https:\\\/\\\/yasminfood.ch\\\/de\\\/#website\",\"url\":\"https:\\\/\\\/yasminfood.ch\\\/de\\\/\",\"name\":\"\u064a\u0627\u0633\u0645\u064a\u0646 \u0645\u0627\u0631\u0643\u062a\",\"description\":\"Alles, was Sie brauchen, an einem Ort\",\"publisher\":{\"@id\":\"https:\\\/\\\/yasminfood.ch\\\/de\\\/#organization\"},\"alternateName\":\"Yasmin Food\",\"potentialAction\":[{\"@type\":\"SearchAction\",\"target\":{\"@type\":\"EntryPoint\",\"urlTemplate\":\"https:\\\/\\\/yasminfood.ch\\\/de\\\/?s={search_term_string}\"},\"query-input\":{\"@type\":\"PropertyValueSpecification\",\"valueRequired\":true,\"valueName\":\"search_term_string\"}}],\"inLanguage\":\"de\"},{\"@type\":\"Organization\",\"@id\":\"https:\\\/\\\/yasminfood.ch\\\/de\\\/#organization\",\"name\":\"\u064a\u0627\u0633\u0645\u064a\u0646 \u0645\u0627\u0631\u0643\u062a\",\"alternateName\":\"Yasmin Food\",\"url\":\"https:\\\/\\\/yasminfood.ch\\\/de\\\/\",\"logo\":{\"@type\":\"ImageObject\",\"inLanguage\":\"de\",\"@id\":\"https:\\\/\\\/yasminfood.ch\\\/de\\\/#\\\/schema\\\/logo\\\/image\\\/\",\"url\":\"https:\\\/\\\/yasminfood.ch\\\/wp-content\\\/uploads\\\/2025\\\/05\\\/yasmin-food-header-logo.png\",\"contentUrl\":\"https:\\\/\\\/yasminfood.ch\\\/wp-content\\\/uploads\\\/2025\\\/05\\\/yasmin-food-header-logo.png\",\"width\":330,\"height\":120,\"caption\":\"\u064a\u0627\u0633\u0645\u064a\u0646 \u0645\u0627\u0631\u0643\u062a\"},\"image\":{\"@id\":\"https:\\\/\\\/yasminfood.ch\\\/de\\\/#\\\/schema\\\/logo\\\/image\\\/\"},\"sameAs\":[\"https:\\\/\\\/www.facebook.com\\\/yasminmarkt1\",\"https:\\\/\\\/www.tiktok.com\\\/@yasminmarkt\",\"https:\\\/\\\/www.instagram.com\\\/yasmin.markt1\\\/\",\"https:\\\/\\\/api.whatsapp.com\\\/send\\\/?phone=41799000104\"],\"publishingPrinciples\":\"https:\\\/\\\/yasminfood.ch\\\/de\\\/shop\\\/\",\"ownershipFundingInfo\":\"https:\\\/\\\/yasminfood.ch\\\/de\\\/shop\\\/\"}]}<\/script>\n<meta property=\"product:price:amount\" content=\"5.50\" \/>\n<meta property=\"product:price:currency\" content=\"CHF\" \/>\n<meta property=\"og:availability\" content=\"instock\" \/>\n<meta property=\"product:availability\" content=\"instock\" \/>\n<meta property=\"product:condition\" content=\"new\" \/>\n<!-- \/ Yoast SEO Premium plugin. -->","yoast_head_json":{"title":"Falafel Gew\u00fcrz 150g Scheich - Yasmin Food","robots":{"index":"index","follow":"follow","max-snippet":"max-snippet:-1","max-image-preview":"max-image-preview:large","max-video-preview":"max-video-preview:-1"},"canonical":"https:\/\/yasminfood.ch\/de\/product\/falafel-gewuerz-150g-scheich\/","og_locale":"de_DE","og_type":"article","og_title":"Falafel Gew\u00fcrz 150g Scheich","og_description":"Falafel Gew\u00fcrz 150g Scheich   Genie\u00dfen Sie die Aromen traditioneller Falafel mit einer luxuri\u00f6sen Scheich-Gew\u00fcrzmischung, die mit den feinsten nat\u00fcrlichen Zutaten hergestellt wird, um Ihnen einen reichhaltigen Geschmack und eine perfekte Textur zu verleihen.","og_url":"https:\/\/yasminfood.ch\/de\/product\/falafel-gewuerz-150g-scheich\/","og_site_name":"Yasmin Food","article_publisher":"https:\/\/www.facebook.com\/yasminmarkt1","article_modified_time":"2025-11-04T08:42:03+00:00","og_image":[{"width":1080,"height":1080,"url":"https:\/\/yasminfood.ch\/wp-content\/uploads\/2025\/11\/\u0628\u0647\u0627\u0631-\u0641\u0644\u0627\u0641\u0644-150\u063a-\u0627\u0644\u0634\u064a\u062e-.png","type":"image\/png"}],"twitter_card":"summary_large_image","twitter_misc":{"Preis":"5.50&nbsp;&#67;&#72;&#70;","Verf\u00fcgbarkeit":"Auf Lager"},"schema":{"@context":"https:\/\/schema.org","@graph":[{"@type":"WebPage","@id":"https:\/\/yasminfood.ch\/de\/product\/falafel-gewuerz-150g-scheich\/","url":"https:\/\/yasminfood.ch\/de\/product\/falafel-gewuerz-150g-scheich\/","name":"Falafel Gew\u00fcrz 150g Scheich - Yasmin Food","isPartOf":{"@id":"https:\/\/yasminfood.ch\/de\/#website"},"primaryImageOfPage":{"@id":"https:\/\/yasminfood.ch\/de\/product\/falafel-gewuerz-150g-scheich\/#primaryimage"},"image":{"@id":"https:\/\/yasminfood.ch\/de\/product\/falafel-gewuerz-150g-scheich\/#primaryimage"},"thumbnailUrl":"https:\/\/yasminfood.ch\/wp-content\/uploads\/2025\/11\/\u0628\u0647\u0627\u0631-\u0641\u0644\u0627\u0641\u0644-150\u063a-\u0627\u0644\u0634\u064a\u062e-.png","datePublished":"2025-11-04T08:18:01+00:00","dateModified":"2025-11-04T08:42:03+00:00","breadcrumb":{"@id":"https:\/\/yasminfood.ch\/de\/product\/falafel-gewuerz-150g-scheich\/#breadcrumb"},"inLanguage":"de","potentialAction":[{"@type":"ReadAction","target":["https:\/\/yasminfood.ch\/de\/product\/falafel-gewuerz-150g-scheich\/"]}]},{"@type":"ImageObject","inLanguage":"de","@id":"https:\/\/yasminfood.ch\/de\/product\/falafel-gewuerz-150g-scheich\/#primaryimage","url":"https:\/\/yasminfood.ch\/wp-content\/uploads\/2025\/11\/\u0628\u0647\u0627\u0631-\u0641\u0644\u0627\u0641\u0644-150\u063a-\u0627\u0644\u0634\u064a\u062e-.png","contentUrl":"https:\/\/yasminfood.ch\/wp-content\/uploads\/2025\/11\/\u0628\u0647\u0627\u0631-\u0641\u0644\u0627\u0641\u0644-150\u063a-\u0627\u0644\u0634\u064a\u062e-.png","width":1080,"height":1080,"caption":"Falafel Gew\u00fcrz 150g Scheich"},{"@type":"BreadcrumbList","@id":"https:\/\/yasminfood.ch\/de\/product\/falafel-gewuerz-150g-scheich\/#breadcrumb","itemListElement":[{"@type":"ListItem","position":1,"name":"\u0627\u0644\u0631\u0626\u064a\u0633\u064a\u0629","item":"https:\/\/yasminfood.ch\/de\/zuhause\/"},{"@type":"ListItem","position":2,"name":"Shop","item":"https:\/\/yasminfood.ch\/de\/shop\/"},{"@type":"ListItem","position":3,"name":"Falafel Gew\u00fcrz 150g Scheich"}]},{"@type":"WebSite","@id":"https:\/\/yasminfood.ch\/de\/#website","url":"https:\/\/yasminfood.ch\/de\/","name":"\u064a\u0627\u0633\u0645\u064a\u0646 \u0645\u0627\u0631\u0643\u062a","description":"Alles, was Sie brauchen, an einem Ort","publisher":{"@id":"https:\/\/yasminfood.ch\/de\/#organization"},"alternateName":"Yasmin Food","potentialAction":[{"@type":"SearchAction","target":{"@type":"EntryPoint","urlTemplate":"https:\/\/yasminfood.ch\/de\/?s={search_term_string}"},"query-input":{"@type":"PropertyValueSpecification","valueRequired":true,"valueName":"search_term_string"}}],"inLanguage":"de"},{"@type":"Organization","@id":"https:\/\/yasminfood.ch\/de\/#organization","name":"\u064a\u0627\u0633\u0645\u064a\u0646 \u0645\u0627\u0631\u0643\u062a","alternateName":"Yasmin Food","url":"https:\/\/yasminfood.ch\/de\/","logo":{"@type":"ImageObject","inLanguage":"de","@id":"https:\/\/yasminfood.ch\/de\/#\/schema\/logo\/image\/","url":"https:\/\/yasminfood.ch\/wp-content\/uploads\/2025\/05\/yasmin-food-header-logo.png","contentUrl":"https:\/\/yasminfood.ch\/wp-content\/uploads\/2025\/05\/yasmin-food-header-logo.png","width":330,"height":120,"caption":"\u064a\u0627\u0633\u0645\u064a\u0646 \u0645\u0627\u0631\u0643\u062a"},"image":{"@id":"https:\/\/yasminfood.ch\/de\/#\/schema\/logo\/image\/"},"sameAs":["https:\/\/www.facebook.com\/yasminmarkt1","https:\/\/www.tiktok.com\/@yasminmarkt","https:\/\/www.instagram.com\/yasmin.markt1\/","https:\/\/api.whatsapp.com\/send\/?phone=41799000104"],"publishingPrinciples":"https:\/\/yasminfood.ch\/de\/shop\/","ownershipFundingInfo":"https:\/\/yasminfood.ch\/de\/shop\/"}]},"product_price_amount":"5.50","product_price_currency":"CHF","og_availability":"instock","product_availability":"instock","product_condition":"new"},"jetpack_sharing_enabled":true,"_links":{"self":[{"href":"https:\/\/yasminfood.ch\/de\/wp-json\/wp\/v2\/product\/120555","targetHints":{"allow":["GET"]}}],"collection":[{"href":"https:\/\/yasminfood.ch\/de\/wp-json\/wp\/v2\/product"}],"about":[{"href":"https:\/\/yasminfood.ch\/de\/wp-json\/wp\/v2\/types\/product"}],"replies":[{"embeddable":true,"href":"https:\/\/yasminfood.ch\/de\/wp-json\/wp\/v2\/comments?post=120555"}],"version-history":[{"count":0,"href":"https:\/\/yasminfood.ch\/de\/wp-json\/wp\/v2\/product\/120555\/revisions"}],"wp:featuredmedia":[{"embeddable":true,"href":"https:\/\/yasminfood.ch\/de\/wp-json\/wp\/v2\/media\/120557"}],"wp:attachment":[{"href":"https:\/\/yasminfood.ch\/de\/wp-json\/wp\/v2\/media?parent=120555"}],"wp:term":[{"taxonomy":"product_brand","embeddable":true,"href":"https:\/\/yasminfood.ch\/de\/wp-json\/wp\/v2\/product_brand?post=120555"},{"taxonomy":"product_cat","embeddable":true,"href":"https:\/\/yasminfood.ch\/de\/wp-json\/wp\/v2\/product_cat?post=120555"},{"taxonomy":"product_tag","embeddable":true,"href":"https:\/\/yasminfood.ch\/de\/wp-json\/wp\/v2\/product_tag?post=120555"}],"curies":[{"name":"wp","href":"https:\/\/api.w.org\/{rel}","templated":true}]}}