{"id":120559,"date":"2025-11-04T09:29:08","date_gmt":"2025-11-04T08:29:08","guid":{"rendered":"https:\/\/yasminfood.ch\/product\/schwarzer-pfeffer-100-g-scheich\/"},"modified":"2025-11-04T09:42:04","modified_gmt":"2025-11-04T08:42:04","slug":"schwarzer-pfeffer-100-g-scheich","status":"publish","type":"product","link":"https:\/\/yasminfood.ch\/de\/product\/schwarzer-pfeffer-100-g-scheich\/","title":{"rendered":"Schwarzer Pfeffer 100 g Scheich"},"content":{"rendered":"<p><strong>Schwarzer Pfeffer 100 g Scheich<\/strong><\/p>\n<ul>\n<li>\n<p data-start=\"99\" data-end=\"135\"><strong data-start=\"99\" data-end=\"135\">Kr\u00e4ftiger Geschmack&#8230; Und eine Qualit\u00e4t, die den Geschmack Ihrer Gerichte aufwertet, <\/strong>ist der hochwertige gemahlene schwarze Pfeffer von Sheikh Mills, der sich durch sein scharfes Aroma und seinen starken Geschmack auszeichnet und verschiedenen Gerichten eine unverwechselbare Tiefe verleiht. <br data-start=\"256\" data-end=\"259\">Eine ideale Wahl f\u00fcr K\u00fcchen und Restaurants, die auf der Suche nach hochwertigen Gew\u00fcrzen und einem authentischen Geschmack sind.<\/p>\n<hr data-start=\"344\" data-end=\"347\">\n<h4 data-start=\"349\" data-end=\"370\">\u2705 Produktmerkmale:<\/h4>\n<ul data-start=\"371\" data-end=\"483\">\n<li data-start=\"371\" data-end=\"389\">\n<p data-start=\"373\" data-end=\"389\">Kr\u00e4ftiger, frischer Geschmack<\/p>\n<\/li>\n<li data-start=\"390\" data-end=\"429\">\n<p data-start=\"392\" data-end=\"429\">Feiner Mahlgrad, um die Geschmackskonsistenz in Lebensmitteln zu gew\u00e4hrleisten<\/p>\n<\/li>\n<li data-start=\"430\" data-end=\"457\">\n<p data-start=\"432\" data-end=\"457\">Frei von k\u00fcnstlichen Zusatzstoffen<\/p>\n<\/li>\n<li data-start=\"458\" data-end=\"483\">\n<p data-start=\"460\" data-end=\"483\">Geeignet f\u00fcr alle Arten des Kochens<\/p>\n<\/li>\n<\/ul>\n<hr data-start=\"485\" data-end=\"488\">\n<h4 data-start=\"490\" data-end=\"515\">\ud83d\udce6 Gewicht: 100 g <\/h4>\n<h4 data-start=\"516\" data-end=\"555\">\ud83c\udff7\ufe0f Herkunft: Deutschland \u2013 Al-Sheikh Company <\/h4>\n<h4 data-start=\"556\" data-end=\"626\">Gebrauchen: Geeignet f\u00fcr Fleisch, H\u00fchnchen, Suppen, Saucen und Gem\u00fcse <\/h4>\n<\/li>\n<\/ul>\n","protected":false},"excerpt":{"rendered":"<p><strong>Schwarzer Pfeffer 100 g Scheich<\/strong><\/p>\n<ul>\n<li>\n<p data-start=\"99\" data-end=\"135\"><strong data-start=\"99\" data-end=\"135\">Kr\u00e4ftiger Geschmack&#8230; Und eine Qualit\u00e4t, die den Geschmack Ihrer Gerichte aufwertet, <\/strong>ist der hochwertige gemahlene schwarze Pfeffer von Sheikh Mills, der sich durch sein scharfes Aroma und seinen starken Geschmack auszeichnet und verschiedenen Gerichten eine unverwechselbare Tiefe verleiht. <\/p>\n<\/li>\n<\/ul>\n","protected":false},"featured_media":120561,"comment_status":"open","ping_status":"closed","template":"","meta":[],"product_brand":[],"product_cat":[360,356],"product_tag":[],"class_list":{"0":"post-120559","1":"product","2":"type-product","3":"status-publish","4":"has-post-thumbnail","6":"product_cat-gewurze","7":"product_cat-gewuerze-nuesse","9":"first","10":"instock","11":"taxable","12":"shipping-taxable","13":"purchasable","14":"product-type-simple"},"yoast_head":"<!-- This site is optimized with the Yoast SEO Premium plugin v26.5 (Yoast SEO v27.5) - https:\/\/yoast.com\/product\/yoast-seo-premium-wordpress\/ -->\n<title>Schwarzer Pfeffer 100 g Scheich - Yasmin Food<\/title>\n<meta name=\"description\" content=\"Erleben Sie einen kr\u00e4ftigen Geschmack mit Schwarzem Pfeffer 100g Sheikh. Eine perfekte Erg\u00e4nzung zu Ihren Gerichten, um den Geschmack und den Glanz in der K\u00fcche zu verbessern. Schwarzer Pfeffer 100 g Scheich Yasmin Food\" \/>\n<meta name=\"robots\" content=\"index, follow, max-snippet:-1, max-image-preview:large, max-video-preview:-1\" \/>\n<link rel=\"canonical\" href=\"https:\/\/yasminfood.ch\/de\/product\/schwarzer-pfeffer-100-g-scheich\/\" \/>\n<meta property=\"og:locale\" content=\"de_DE\" \/>\n<meta property=\"og:type\" content=\"article\" \/>\n<meta property=\"og:title\" content=\"Schwarzer Pfeffer 100 g Scheich\" \/>\n<meta property=\"og:description\" content=\"Schwarzer Pfeffer 100 g Scheich   Kr\u00e4ftiger Geschmack... Und eine Qualit\u00e4t, die den Geschmack Ihrer Gerichte aufwertet, ist der hochwertige gemahlene schwarze Pfeffer von Sheikh Mills, der sich durch sein scharfes Aroma und seinen starken Geschmack auszeichnet und verschiedenen Gerichten eine unverwechselbare Tiefe verleiht.\" \/>\n<meta property=\"og:url\" content=\"https:\/\/yasminfood.ch\/de\/product\/schwarzer-pfeffer-100-g-scheich\/\" \/>\n<meta property=\"og:site_name\" content=\"Yasmin Food\" \/>\n<meta property=\"article:publisher\" content=\"https:\/\/www.facebook.com\/yasminmarkt1\" \/>\n<meta property=\"article:modified_time\" content=\"2025-11-04T08:42:04+00:00\" \/>\n<meta property=\"og:image\" content=\"https:\/\/yasminfood.ch\/wp-content\/uploads\/2025\/11\/\u0641\u0644\u0641\u0644-\u0627\u0633\u0648\u062f-100-\u063a-\u0627\u0644\u0634\u064a\u062e-.png\" \/>\n\t<meta property=\"og:image:width\" content=\"1080\" \/>\n\t<meta property=\"og:image:height\" content=\"1080\" \/>\n\t<meta property=\"og:image:type\" content=\"image\/png\" \/>\n<meta name=\"twitter:card\" content=\"summary_large_image\" \/>\n<meta name=\"twitter:label1\" content=\"Preis\" \/>\n\t<meta name=\"twitter:data1\" content=\"5.95&nbsp;&#067;&#072;&#070;\" \/>\n\t<meta name=\"twitter:label2\" content=\"Verf\u00fcgbarkeit\" \/>\n\t<meta name=\"twitter:data2\" content=\"Auf Lager\" \/>\n<script type=\"application\/ld+json\" class=\"yoast-schema-graph\">{\"@context\":\"https:\\\/\\\/schema.org\",\"@graph\":[{\"@type\":\"WebPage\",\"@id\":\"https:\\\/\\\/yasminfood.ch\\\/de\\\/product\\\/schwarzer-pfeffer-100-g-scheich\\\/\",\"url\":\"https:\\\/\\\/yasminfood.ch\\\/de\\\/product\\\/schwarzer-pfeffer-100-g-scheich\\\/\",\"name\":\"Schwarzer Pfeffer 100 g Scheich - Yasmin Food\",\"isPartOf\":{\"@id\":\"https:\\\/\\\/yasminfood.ch\\\/de\\\/#website\"},\"primaryImageOfPage\":{\"@id\":\"https:\\\/\\\/yasminfood.ch\\\/de\\\/product\\\/schwarzer-pfeffer-100-g-scheich\\\/#primaryimage\"},\"image\":{\"@id\":\"https:\\\/\\\/yasminfood.ch\\\/de\\\/product\\\/schwarzer-pfeffer-100-g-scheich\\\/#primaryimage\"},\"thumbnailUrl\":\"https:\\\/\\\/yasminfood.ch\\\/wp-content\\\/uploads\\\/2025\\\/11\\\/\u0641\u0644\u0641\u0644-\u0627\u0633\u0648\u062f-100-\u063a-\u0627\u0644\u0634\u064a\u062e-.png\",\"datePublished\":\"2025-11-04T08:29:08+00:00\",\"dateModified\":\"2025-11-04T08:42:04+00:00\",\"description\":\"Erleben Sie einen kr\u00e4ftigen Geschmack mit Schwarzem Pfeffer 100g Sheikh. Eine perfekte Erg\u00e4nzung zu Ihren Gerichten, um den Geschmack und den Glanz in der K\u00fcche zu verbessern. Schwarzer Pfeffer 100 g Scheich Yasmin Food\",\"breadcrumb\":{\"@id\":\"https:\\\/\\\/yasminfood.ch\\\/de\\\/product\\\/schwarzer-pfeffer-100-g-scheich\\\/#breadcrumb\"},\"inLanguage\":\"de\",\"potentialAction\":[{\"@type\":\"ReadAction\",\"target\":[\"https:\\\/\\\/yasminfood.ch\\\/de\\\/product\\\/schwarzer-pfeffer-100-g-scheich\\\/\"]}]},{\"@type\":\"ImageObject\",\"inLanguage\":\"de\",\"@id\":\"https:\\\/\\\/yasminfood.ch\\\/de\\\/product\\\/schwarzer-pfeffer-100-g-scheich\\\/#primaryimage\",\"url\":\"https:\\\/\\\/yasminfood.ch\\\/wp-content\\\/uploads\\\/2025\\\/11\\\/\u0641\u0644\u0641\u0644-\u0627\u0633\u0648\u062f-100-\u063a-\u0627\u0644\u0634\u064a\u062e-.png\",\"contentUrl\":\"https:\\\/\\\/yasminfood.ch\\\/wp-content\\\/uploads\\\/2025\\\/11\\\/\u0641\u0644\u0641\u0644-\u0627\u0633\u0648\u062f-100-\u063a-\u0627\u0644\u0634\u064a\u062e-.png\",\"width\":1080,\"height\":1080,\"caption\":\"Schwarzer Pfeffer 100 g Scheich\"},{\"@type\":\"BreadcrumbList\",\"@id\":\"https:\\\/\\\/yasminfood.ch\\\/de\\\/product\\\/schwarzer-pfeffer-100-g-scheich\\\/#breadcrumb\",\"itemListElement\":[{\"@type\":\"ListItem\",\"position\":1,\"name\":\"\u0627\u0644\u0631\u0626\u064a\u0633\u064a\u0629\",\"item\":\"https:\\\/\\\/yasminfood.ch\\\/de\\\/zuhause\\\/\"},{\"@type\":\"ListItem\",\"position\":2,\"name\":\"Shop\",\"item\":\"https:\\\/\\\/yasminfood.ch\\\/de\\\/shop\\\/\"},{\"@type\":\"ListItem\",\"position\":3,\"name\":\"Gew\u00fcrze &amp; N\u00fcsse\",\"item\":\"https:\\\/\\\/yasminfood.ch\\\/de\\\/produkt-kategorie\\\/gewuerze-nuesse\\\/\"},{\"@type\":\"ListItem\",\"position\":4,\"name\":\"Gew\u00fcrze\",\"item\":\"https:\\\/\\\/yasminfood.ch\\\/de\\\/produkt-kategorie\\\/gewuerze-nuesse\\\/gewurze\\\/\"},{\"@type\":\"ListItem\",\"position\":5,\"name\":\"Schwarzer Pfeffer 100 g Scheich\"}]},{\"@type\":\"WebSite\",\"@id\":\"https:\\\/\\\/yasminfood.ch\\\/de\\\/#website\",\"url\":\"https:\\\/\\\/yasminfood.ch\\\/de\\\/\",\"name\":\"\u064a\u0627\u0633\u0645\u064a\u0646 \u0645\u0627\u0631\u0643\u062a\",\"description\":\"Alles, was Sie brauchen, an einem Ort\",\"publisher\":{\"@id\":\"https:\\\/\\\/yasminfood.ch\\\/de\\\/#organization\"},\"alternateName\":\"Yasmin Food\",\"potentialAction\":[{\"@type\":\"SearchAction\",\"target\":{\"@type\":\"EntryPoint\",\"urlTemplate\":\"https:\\\/\\\/yasminfood.ch\\\/de\\\/?s={search_term_string}\"},\"query-input\":{\"@type\":\"PropertyValueSpecification\",\"valueRequired\":true,\"valueName\":\"search_term_string\"}}],\"inLanguage\":\"de\"},{\"@type\":\"Organization\",\"@id\":\"https:\\\/\\\/yasminfood.ch\\\/de\\\/#organization\",\"name\":\"\u064a\u0627\u0633\u0645\u064a\u0646 \u0645\u0627\u0631\u0643\u062a\",\"alternateName\":\"Yasmin Food\",\"url\":\"https:\\\/\\\/yasminfood.ch\\\/de\\\/\",\"logo\":{\"@type\":\"ImageObject\",\"inLanguage\":\"de\",\"@id\":\"https:\\\/\\\/yasminfood.ch\\\/de\\\/#\\\/schema\\\/logo\\\/image\\\/\",\"url\":\"https:\\\/\\\/yasminfood.ch\\\/wp-content\\\/uploads\\\/2025\\\/05\\\/yasmin-food-header-logo.png\",\"contentUrl\":\"https:\\\/\\\/yasminfood.ch\\\/wp-content\\\/uploads\\\/2025\\\/05\\\/yasmin-food-header-logo.png\",\"width\":330,\"height\":120,\"caption\":\"\u064a\u0627\u0633\u0645\u064a\u0646 \u0645\u0627\u0631\u0643\u062a\"},\"image\":{\"@id\":\"https:\\\/\\\/yasminfood.ch\\\/de\\\/#\\\/schema\\\/logo\\\/image\\\/\"},\"sameAs\":[\"https:\\\/\\\/www.facebook.com\\\/yasminmarkt1\",\"https:\\\/\\\/www.tiktok.com\\\/@yasminmarkt\",\"https:\\\/\\\/www.instagram.com\\\/yasmin.markt1\\\/\",\"https:\\\/\\\/api.whatsapp.com\\\/send\\\/?phone=41799000104\"],\"publishingPrinciples\":\"https:\\\/\\\/yasminfood.ch\\\/de\\\/shop\\\/\",\"ownershipFundingInfo\":\"https:\\\/\\\/yasminfood.ch\\\/de\\\/shop\\\/\"}]}<\/script>\n<meta property=\"product:price:amount\" content=\"5.95\" \/>\n<meta property=\"product:price:currency\" content=\"CHF\" \/>\n<meta property=\"og:availability\" content=\"instock\" \/>\n<meta property=\"product:availability\" content=\"instock\" \/>\n<meta property=\"product:condition\" content=\"new\" \/>\n<!-- \/ Yoast SEO Premium plugin. -->","yoast_head_json":{"title":"Schwarzer Pfeffer 100 g Scheich - Yasmin Food","description":"Erleben Sie einen kr\u00e4ftigen Geschmack mit Schwarzem Pfeffer 100g Sheikh. Eine perfekte Erg\u00e4nzung zu Ihren Gerichten, um den Geschmack und den Glanz in der K\u00fcche zu verbessern. Schwarzer Pfeffer 100 g Scheich Yasmin Food","robots":{"index":"index","follow":"follow","max-snippet":"max-snippet:-1","max-image-preview":"max-image-preview:large","max-video-preview":"max-video-preview:-1"},"canonical":"https:\/\/yasminfood.ch\/de\/product\/schwarzer-pfeffer-100-g-scheich\/","og_locale":"de_DE","og_type":"article","og_title":"Schwarzer Pfeffer 100 g Scheich","og_description":"Schwarzer Pfeffer 100 g Scheich   Kr\u00e4ftiger Geschmack... Und eine Qualit\u00e4t, die den Geschmack Ihrer Gerichte aufwertet, ist der hochwertige gemahlene schwarze Pfeffer von Sheikh Mills, der sich durch sein scharfes Aroma und seinen starken Geschmack auszeichnet und verschiedenen Gerichten eine unverwechselbare Tiefe verleiht.","og_url":"https:\/\/yasminfood.ch\/de\/product\/schwarzer-pfeffer-100-g-scheich\/","og_site_name":"Yasmin Food","article_publisher":"https:\/\/www.facebook.com\/yasminmarkt1","article_modified_time":"2025-11-04T08:42:04+00:00","og_image":[{"width":1080,"height":1080,"url":"https:\/\/yasminfood.ch\/wp-content\/uploads\/2025\/11\/\u0641\u0644\u0641\u0644-\u0627\u0633\u0648\u062f-100-\u063a-\u0627\u0644\u0634\u064a\u062e-.png","type":"image\/png"}],"twitter_card":"summary_large_image","twitter_misc":{"Preis":"5.95&nbsp;&#67;&#72;&#70;","Verf\u00fcgbarkeit":"Auf Lager"},"schema":{"@context":"https:\/\/schema.org","@graph":[{"@type":"WebPage","@id":"https:\/\/yasminfood.ch\/de\/product\/schwarzer-pfeffer-100-g-scheich\/","url":"https:\/\/yasminfood.ch\/de\/product\/schwarzer-pfeffer-100-g-scheich\/","name":"Schwarzer Pfeffer 100 g Scheich - Yasmin Food","isPartOf":{"@id":"https:\/\/yasminfood.ch\/de\/#website"},"primaryImageOfPage":{"@id":"https:\/\/yasminfood.ch\/de\/product\/schwarzer-pfeffer-100-g-scheich\/#primaryimage"},"image":{"@id":"https:\/\/yasminfood.ch\/de\/product\/schwarzer-pfeffer-100-g-scheich\/#primaryimage"},"thumbnailUrl":"https:\/\/yasminfood.ch\/wp-content\/uploads\/2025\/11\/\u0641\u0644\u0641\u0644-\u0627\u0633\u0648\u062f-100-\u063a-\u0627\u0644\u0634\u064a\u062e-.png","datePublished":"2025-11-04T08:29:08+00:00","dateModified":"2025-11-04T08:42:04+00:00","description":"Erleben Sie einen kr\u00e4ftigen Geschmack mit Schwarzem Pfeffer 100g Sheikh. Eine perfekte Erg\u00e4nzung zu Ihren Gerichten, um den Geschmack und den Glanz in der K\u00fcche zu verbessern. Schwarzer Pfeffer 100 g Scheich Yasmin Food","breadcrumb":{"@id":"https:\/\/yasminfood.ch\/de\/product\/schwarzer-pfeffer-100-g-scheich\/#breadcrumb"},"inLanguage":"de","potentialAction":[{"@type":"ReadAction","target":["https:\/\/yasminfood.ch\/de\/product\/schwarzer-pfeffer-100-g-scheich\/"]}]},{"@type":"ImageObject","inLanguage":"de","@id":"https:\/\/yasminfood.ch\/de\/product\/schwarzer-pfeffer-100-g-scheich\/#primaryimage","url":"https:\/\/yasminfood.ch\/wp-content\/uploads\/2025\/11\/\u0641\u0644\u0641\u0644-\u0627\u0633\u0648\u062f-100-\u063a-\u0627\u0644\u0634\u064a\u062e-.png","contentUrl":"https:\/\/yasminfood.ch\/wp-content\/uploads\/2025\/11\/\u0641\u0644\u0641\u0644-\u0627\u0633\u0648\u062f-100-\u063a-\u0627\u0644\u0634\u064a\u062e-.png","width":1080,"height":1080,"caption":"Schwarzer Pfeffer 100 g Scheich"},{"@type":"BreadcrumbList","@id":"https:\/\/yasminfood.ch\/de\/product\/schwarzer-pfeffer-100-g-scheich\/#breadcrumb","itemListElement":[{"@type":"ListItem","position":1,"name":"\u0627\u0644\u0631\u0626\u064a\u0633\u064a\u0629","item":"https:\/\/yasminfood.ch\/de\/zuhause\/"},{"@type":"ListItem","position":2,"name":"Shop","item":"https:\/\/yasminfood.ch\/de\/shop\/"},{"@type":"ListItem","position":3,"name":"Gew\u00fcrze &amp; N\u00fcsse","item":"https:\/\/yasminfood.ch\/de\/produkt-kategorie\/gewuerze-nuesse\/"},{"@type":"ListItem","position":4,"name":"Gew\u00fcrze","item":"https:\/\/yasminfood.ch\/de\/produkt-kategorie\/gewuerze-nuesse\/gewurze\/"},{"@type":"ListItem","position":5,"name":"Schwarzer Pfeffer 100 g Scheich"}]},{"@type":"WebSite","@id":"https:\/\/yasminfood.ch\/de\/#website","url":"https:\/\/yasminfood.ch\/de\/","name":"\u064a\u0627\u0633\u0645\u064a\u0646 \u0645\u0627\u0631\u0643\u062a","description":"Alles, was Sie brauchen, an einem Ort","publisher":{"@id":"https:\/\/yasminfood.ch\/de\/#organization"},"alternateName":"Yasmin Food","potentialAction":[{"@type":"SearchAction","target":{"@type":"EntryPoint","urlTemplate":"https:\/\/yasminfood.ch\/de\/?s={search_term_string}"},"query-input":{"@type":"PropertyValueSpecification","valueRequired":true,"valueName":"search_term_string"}}],"inLanguage":"de"},{"@type":"Organization","@id":"https:\/\/yasminfood.ch\/de\/#organization","name":"\u064a\u0627\u0633\u0645\u064a\u0646 \u0645\u0627\u0631\u0643\u062a","alternateName":"Yasmin Food","url":"https:\/\/yasminfood.ch\/de\/","logo":{"@type":"ImageObject","inLanguage":"de","@id":"https:\/\/yasminfood.ch\/de\/#\/schema\/logo\/image\/","url":"https:\/\/yasminfood.ch\/wp-content\/uploads\/2025\/05\/yasmin-food-header-logo.png","contentUrl":"https:\/\/yasminfood.ch\/wp-content\/uploads\/2025\/05\/yasmin-food-header-logo.png","width":330,"height":120,"caption":"\u064a\u0627\u0633\u0645\u064a\u0646 \u0645\u0627\u0631\u0643\u062a"},"image":{"@id":"https:\/\/yasminfood.ch\/de\/#\/schema\/logo\/image\/"},"sameAs":["https:\/\/www.facebook.com\/yasminmarkt1","https:\/\/www.tiktok.com\/@yasminmarkt","https:\/\/www.instagram.com\/yasmin.markt1\/","https:\/\/api.whatsapp.com\/send\/?phone=41799000104"],"publishingPrinciples":"https:\/\/yasminfood.ch\/de\/shop\/","ownershipFundingInfo":"https:\/\/yasminfood.ch\/de\/shop\/"}]},"product_price_amount":"5.95","product_price_currency":"CHF","og_availability":"instock","product_availability":"instock","product_condition":"new"},"jetpack_sharing_enabled":true,"_links":{"self":[{"href":"https:\/\/yasminfood.ch\/de\/wp-json\/wp\/v2\/product\/120559","targetHints":{"allow":["GET"]}}],"collection":[{"href":"https:\/\/yasminfood.ch\/de\/wp-json\/wp\/v2\/product"}],"about":[{"href":"https:\/\/yasminfood.ch\/de\/wp-json\/wp\/v2\/types\/product"}],"replies":[{"embeddable":true,"href":"https:\/\/yasminfood.ch\/de\/wp-json\/wp\/v2\/comments?post=120559"}],"version-history":[{"count":0,"href":"https:\/\/yasminfood.ch\/de\/wp-json\/wp\/v2\/product\/120559\/revisions"}],"wp:featuredmedia":[{"embeddable":true,"href":"https:\/\/yasminfood.ch\/de\/wp-json\/wp\/v2\/media\/120561"}],"wp:attachment":[{"href":"https:\/\/yasminfood.ch\/de\/wp-json\/wp\/v2\/media?parent=120559"}],"wp:term":[{"taxonomy":"product_brand","embeddable":true,"href":"https:\/\/yasminfood.ch\/de\/wp-json\/wp\/v2\/product_brand?post=120559"},{"taxonomy":"product_cat","embeddable":true,"href":"https:\/\/yasminfood.ch\/de\/wp-json\/wp\/v2\/product_cat?post=120559"},{"taxonomy":"product_tag","embeddable":true,"href":"https:\/\/yasminfood.ch\/de\/wp-json\/wp\/v2\/product_tag?post=120559"}],"curies":[{"name":"wp","href":"https:\/\/api.w.org\/{rel}","templated":true}]}}