{"id":120563,"date":"2025-11-04T09:23:11","date_gmt":"2025-11-04T08:23:11","guid":{"rendered":"https:\/\/yasminfood.ch\/product\/asfar-30-g-scheich\/"},"modified":"2025-11-04T09:42:05","modified_gmt":"2025-11-04T08:42:05","slug":"asfar-30-g-scheich","status":"publish","type":"product","link":"https:\/\/yasminfood.ch\/de\/product\/asfar-30-g-scheich\/","title":{"rendered":"Asfar 30 g Scheich"},"content":{"rendered":"<p><strong>Asfar 30 g Scheich<\/strong><\/p>\n<ul>\n<li>\n<p data-start=\"90\" data-end=\"121\">Nat\u00fcrliche Farbe und authentischer orientalischer Geschmack Verleihen Sie Ihren Gerichten mit hochwertigem Sheikh Safir einen Hauch von Sch\u00f6nheit und authentischem Geschmack.<br data-start=\"191\" data-end=\"194\">Er wird verwendet, um Reis, Suppen und So\u00dfen eine unverwechselbare goldene Farbe und einen raffinierten orientalischen Geschmack zu verleihen, und ist in vielen Rezepten ein nat\u00fcrlicher und perfekter Ersatz f\u00fcr Safran. <\/p>\n<hr data-start=\"334\" data-end=\"337\">\n<h4 data-start=\"339\" data-end=\"360\">\u2705 Produktmerkmale:<\/h4>\n<ul data-start=\"361\" data-end=\"486\">\n<li data-start=\"361\" data-end=\"385\">\n<p data-start=\"363\" data-end=\"385\">Ausgezeichnete Qualit\u00e4t und reines Garn<\/p>\n<\/li>\n<li data-start=\"386\" data-end=\"413\">\n<p data-start=\"388\" data-end=\"413\">Eine nat\u00fcrliche Erg\u00e4nzung zu Farbe und Geschmack<\/p>\n<\/li>\n<li data-start=\"414\" data-end=\"447\">\n<p data-start=\"416\" data-end=\"447\">Geeignet f\u00fcr Heimk\u00fcchen und Restaurants<\/p>\n<\/li>\n<li data-start=\"448\" data-end=\"486\">\n<p data-start=\"450\" data-end=\"486\">Sorgf\u00e4ltig ausgew\u00e4hltes Produkt, um die besten Ergebnisse zu erzielen<\/p>\n<\/li>\n<\/ul>\n<hr data-start=\"488\" data-end=\"491\">\n<h4 data-start=\"493\" data-end=\"517\">\ud83d\udce6 Gewicht: 30 g <\/h4>\n<h4 data-start=\"518\" data-end=\"557\">\ud83c\udff7\ufe0f Herkunft: Deutschland \u2013 Al-Sheikh Company <\/h4>\n<h4 data-start=\"558\" data-end=\"621\">Gebrauchen: Geeignet f\u00fcr Reis, So\u00dfe, Desserts und orientalische K\u00fcche <\/h4>\n<\/li>\n<\/ul>\n","protected":false},"excerpt":{"rendered":"<p><strong>Asfar 30 g Scheich<\/strong><\/p>\n<ul>\n<li>\n<p data-start=\"90\" data-end=\"121\">Nat\u00fcrliche Farbe und authentischer orientalischer Geschmack Verleihen Sie Ihren Gerichten mit hochwertigem Sheikh Safir einen Hauch von Sch\u00f6nheit und authentischem Geschmack.<\/p>\n<\/li>\n<\/ul>\n","protected":false},"featured_media":120565,"comment_status":"open","ping_status":"closed","template":"","meta":[],"product_brand":[],"product_cat":[360,356],"product_tag":[],"class_list":{"0":"post-120563","1":"product","2":"type-product","3":"status-publish","4":"has-post-thumbnail","6":"product_cat-gewurze","7":"product_cat-gewuerze-nuesse","9":"first","10":"instock","11":"taxable","12":"shipping-taxable","13":"purchasable","14":"product-type-simple"},"yoast_head":"<!-- This site is optimized with the Yoast SEO Premium plugin v26.5 (Yoast SEO v27.5) - https:\/\/yoast.com\/product\/yoast-seo-premium-wordpress\/ -->\n<title>Asfar 30 g Scheich - Yasmin Food<\/title>\n<meta name=\"description\" content=\"Genie\u00dfen Sie einen nah\u00f6stlichen Geschmack mit 30 g Saflor al-Sheikh, der perfekten nat\u00fcrlichen Alternative zu Safran, um Ihren Gerichten einen unverwechselbaren goldenen Farbton zu verleihen. F\u00fcgen Sie einen Hauch von Originalit\u00e4t hinzu! Asfar 30 g Scheich\" \/>\n<meta name=\"robots\" content=\"index, follow, max-snippet:-1, max-image-preview:large, max-video-preview:-1\" \/>\n<link rel=\"canonical\" href=\"https:\/\/yasminfood.ch\/de\/product\/asfar-30-g-scheich\/\" \/>\n<meta property=\"og:locale\" content=\"de_DE\" \/>\n<meta property=\"og:type\" content=\"article\" \/>\n<meta property=\"og:title\" content=\"Asfar 30 g Scheich\" \/>\n<meta property=\"og:description\" content=\"Asfar 30 g Scheich   Nat\u00fcrliche Farbe und authentischer orientalischer Geschmack Verleihen Sie Ihren Gerichten mit hochwertigem Sheikh Safir einen Hauch von Sch\u00f6nheit und authentischem Geschmack.\" \/>\n<meta property=\"og:url\" content=\"https:\/\/yasminfood.ch\/de\/product\/asfar-30-g-scheich\/\" \/>\n<meta property=\"og:site_name\" content=\"Yasmin Food\" \/>\n<meta property=\"article:publisher\" content=\"https:\/\/www.facebook.com\/yasminmarkt1\" \/>\n<meta property=\"article:modified_time\" content=\"2025-11-04T08:42:05+00:00\" \/>\n<meta property=\"og:image\" content=\"https:\/\/yasminfood.ch\/wp-content\/uploads\/2025\/11\/\u0639\u0635\u0641\u0631-30-\u063a-\u0627\u0644\u0634\u064a\u062e-.png\" \/>\n\t<meta property=\"og:image:width\" content=\"1080\" \/>\n\t<meta property=\"og:image:height\" content=\"1080\" \/>\n\t<meta property=\"og:image:type\" content=\"image\/png\" \/>\n<meta name=\"twitter:card\" content=\"summary_large_image\" \/>\n<meta name=\"twitter:label1\" content=\"Preis\" \/>\n\t<meta name=\"twitter:data1\" content=\"6.50&nbsp;&#067;&#072;&#070;\" \/>\n\t<meta name=\"twitter:label2\" content=\"Verf\u00fcgbarkeit\" \/>\n\t<meta name=\"twitter:data2\" content=\"Auf Lager\" \/>\n<script type=\"application\/ld+json\" class=\"yoast-schema-graph\">{\"@context\":\"https:\\\/\\\/schema.org\",\"@graph\":[{\"@type\":\"WebPage\",\"@id\":\"https:\\\/\\\/yasminfood.ch\\\/de\\\/product\\\/asfar-30-g-scheich\\\/\",\"url\":\"https:\\\/\\\/yasminfood.ch\\\/de\\\/product\\\/asfar-30-g-scheich\\\/\",\"name\":\"Asfar 30 g Scheich - Yasmin Food\",\"isPartOf\":{\"@id\":\"https:\\\/\\\/yasminfood.ch\\\/de\\\/#website\"},\"primaryImageOfPage\":{\"@id\":\"https:\\\/\\\/yasminfood.ch\\\/de\\\/product\\\/asfar-30-g-scheich\\\/#primaryimage\"},\"image\":{\"@id\":\"https:\\\/\\\/yasminfood.ch\\\/de\\\/product\\\/asfar-30-g-scheich\\\/#primaryimage\"},\"thumbnailUrl\":\"https:\\\/\\\/yasminfood.ch\\\/wp-content\\\/uploads\\\/2025\\\/11\\\/\u0639\u0635\u0641\u0631-30-\u063a-\u0627\u0644\u0634\u064a\u062e-.png\",\"datePublished\":\"2025-11-04T08:23:11+00:00\",\"dateModified\":\"2025-11-04T08:42:05+00:00\",\"description\":\"Genie\u00dfen Sie einen nah\u00f6stlichen Geschmack mit 30 g Saflor al-Sheikh, der perfekten nat\u00fcrlichen Alternative zu Safran, um Ihren Gerichten einen unverwechselbaren goldenen Farbton zu verleihen. F\u00fcgen Sie einen Hauch von Originalit\u00e4t hinzu! Asfar 30 g Scheich\",\"breadcrumb\":{\"@id\":\"https:\\\/\\\/yasminfood.ch\\\/de\\\/product\\\/asfar-30-g-scheich\\\/#breadcrumb\"},\"inLanguage\":\"de\",\"potentialAction\":[{\"@type\":\"ReadAction\",\"target\":[\"https:\\\/\\\/yasminfood.ch\\\/de\\\/product\\\/asfar-30-g-scheich\\\/\"]}]},{\"@type\":\"ImageObject\",\"inLanguage\":\"de\",\"@id\":\"https:\\\/\\\/yasminfood.ch\\\/de\\\/product\\\/asfar-30-g-scheich\\\/#primaryimage\",\"url\":\"https:\\\/\\\/yasminfood.ch\\\/wp-content\\\/uploads\\\/2025\\\/11\\\/\u0639\u0635\u0641\u0631-30-\u063a-\u0627\u0644\u0634\u064a\u062e-.png\",\"contentUrl\":\"https:\\\/\\\/yasminfood.ch\\\/wp-content\\\/uploads\\\/2025\\\/11\\\/\u0639\u0635\u0641\u0631-30-\u063a-\u0627\u0644\u0634\u064a\u062e-.png\",\"width\":1080,\"height\":1080,\"caption\":\"Asfar 30 g Scheich\"},{\"@type\":\"BreadcrumbList\",\"@id\":\"https:\\\/\\\/yasminfood.ch\\\/de\\\/product\\\/asfar-30-g-scheich\\\/#breadcrumb\",\"itemListElement\":[{\"@type\":\"ListItem\",\"position\":1,\"name\":\"\u0627\u0644\u0631\u0626\u064a\u0633\u064a\u0629\",\"item\":\"https:\\\/\\\/yasminfood.ch\\\/de\\\/zuhause\\\/\"},{\"@type\":\"ListItem\",\"position\":2,\"name\":\"Shop\",\"item\":\"https:\\\/\\\/yasminfood.ch\\\/de\\\/shop\\\/\"},{\"@type\":\"ListItem\",\"position\":3,\"name\":\"Asfar 30 g Scheich\"}]},{\"@type\":\"WebSite\",\"@id\":\"https:\\\/\\\/yasminfood.ch\\\/de\\\/#website\",\"url\":\"https:\\\/\\\/yasminfood.ch\\\/de\\\/\",\"name\":\"\u064a\u0627\u0633\u0645\u064a\u0646 \u0645\u0627\u0631\u0643\u062a\",\"description\":\"Alles, was Sie brauchen, an einem Ort\",\"publisher\":{\"@id\":\"https:\\\/\\\/yasminfood.ch\\\/de\\\/#organization\"},\"alternateName\":\"Yasmin Food\",\"potentialAction\":[{\"@type\":\"SearchAction\",\"target\":{\"@type\":\"EntryPoint\",\"urlTemplate\":\"https:\\\/\\\/yasminfood.ch\\\/de\\\/?s={search_term_string}\"},\"query-input\":{\"@type\":\"PropertyValueSpecification\",\"valueRequired\":true,\"valueName\":\"search_term_string\"}}],\"inLanguage\":\"de\"},{\"@type\":\"Organization\",\"@id\":\"https:\\\/\\\/yasminfood.ch\\\/de\\\/#organization\",\"name\":\"\u064a\u0627\u0633\u0645\u064a\u0646 \u0645\u0627\u0631\u0643\u062a\",\"alternateName\":\"Yasmin Food\",\"url\":\"https:\\\/\\\/yasminfood.ch\\\/de\\\/\",\"logo\":{\"@type\":\"ImageObject\",\"inLanguage\":\"de\",\"@id\":\"https:\\\/\\\/yasminfood.ch\\\/de\\\/#\\\/schema\\\/logo\\\/image\\\/\",\"url\":\"https:\\\/\\\/yasminfood.ch\\\/wp-content\\\/uploads\\\/2025\\\/05\\\/yasmin-food-header-logo.png\",\"contentUrl\":\"https:\\\/\\\/yasminfood.ch\\\/wp-content\\\/uploads\\\/2025\\\/05\\\/yasmin-food-header-logo.png\",\"width\":330,\"height\":120,\"caption\":\"\u064a\u0627\u0633\u0645\u064a\u0646 \u0645\u0627\u0631\u0643\u062a\"},\"image\":{\"@id\":\"https:\\\/\\\/yasminfood.ch\\\/de\\\/#\\\/schema\\\/logo\\\/image\\\/\"},\"sameAs\":[\"https:\\\/\\\/www.facebook.com\\\/yasminmarkt1\",\"https:\\\/\\\/www.tiktok.com\\\/@yasminmarkt\",\"https:\\\/\\\/www.instagram.com\\\/yasmin.markt1\\\/\",\"https:\\\/\\\/api.whatsapp.com\\\/send\\\/?phone=41799000104\"],\"publishingPrinciples\":\"https:\\\/\\\/yasminfood.ch\\\/de\\\/shop\\\/\",\"ownershipFundingInfo\":\"https:\\\/\\\/yasminfood.ch\\\/de\\\/shop\\\/\"}]}<\/script>\n<meta property=\"product:price:amount\" content=\"6.50\" \/>\n<meta property=\"product:price:currency\" content=\"CHF\" \/>\n<meta property=\"og:availability\" content=\"instock\" \/>\n<meta property=\"product:availability\" content=\"instock\" \/>\n<meta property=\"product:condition\" content=\"new\" \/>\n<!-- \/ Yoast SEO Premium plugin. -->","yoast_head_json":{"title":"Asfar 30 g Scheich - Yasmin Food","description":"Genie\u00dfen Sie einen nah\u00f6stlichen Geschmack mit 30 g Saflor al-Sheikh, der perfekten nat\u00fcrlichen Alternative zu Safran, um Ihren Gerichten einen unverwechselbaren goldenen Farbton zu verleihen. F\u00fcgen Sie einen Hauch von Originalit\u00e4t hinzu! Asfar 30 g Scheich","robots":{"index":"index","follow":"follow","max-snippet":"max-snippet:-1","max-image-preview":"max-image-preview:large","max-video-preview":"max-video-preview:-1"},"canonical":"https:\/\/yasminfood.ch\/de\/product\/asfar-30-g-scheich\/","og_locale":"de_DE","og_type":"article","og_title":"Asfar 30 g Scheich","og_description":"Asfar 30 g Scheich   Nat\u00fcrliche Farbe und authentischer orientalischer Geschmack Verleihen Sie Ihren Gerichten mit hochwertigem Sheikh Safir einen Hauch von Sch\u00f6nheit und authentischem Geschmack.","og_url":"https:\/\/yasminfood.ch\/de\/product\/asfar-30-g-scheich\/","og_site_name":"Yasmin Food","article_publisher":"https:\/\/www.facebook.com\/yasminmarkt1","article_modified_time":"2025-11-04T08:42:05+00:00","og_image":[{"width":1080,"height":1080,"url":"https:\/\/yasminfood.ch\/wp-content\/uploads\/2025\/11\/\u0639\u0635\u0641\u0631-30-\u063a-\u0627\u0644\u0634\u064a\u062e-.png","type":"image\/png"}],"twitter_card":"summary_large_image","twitter_misc":{"Preis":"6.50&nbsp;&#67;&#72;&#70;","Verf\u00fcgbarkeit":"Auf Lager"},"schema":{"@context":"https:\/\/schema.org","@graph":[{"@type":"WebPage","@id":"https:\/\/yasminfood.ch\/de\/product\/asfar-30-g-scheich\/","url":"https:\/\/yasminfood.ch\/de\/product\/asfar-30-g-scheich\/","name":"Asfar 30 g Scheich - Yasmin Food","isPartOf":{"@id":"https:\/\/yasminfood.ch\/de\/#website"},"primaryImageOfPage":{"@id":"https:\/\/yasminfood.ch\/de\/product\/asfar-30-g-scheich\/#primaryimage"},"image":{"@id":"https:\/\/yasminfood.ch\/de\/product\/asfar-30-g-scheich\/#primaryimage"},"thumbnailUrl":"https:\/\/yasminfood.ch\/wp-content\/uploads\/2025\/11\/\u0639\u0635\u0641\u0631-30-\u063a-\u0627\u0644\u0634\u064a\u062e-.png","datePublished":"2025-11-04T08:23:11+00:00","dateModified":"2025-11-04T08:42:05+00:00","description":"Genie\u00dfen Sie einen nah\u00f6stlichen Geschmack mit 30 g Saflor al-Sheikh, der perfekten nat\u00fcrlichen Alternative zu Safran, um Ihren Gerichten einen unverwechselbaren goldenen Farbton zu verleihen. F\u00fcgen Sie einen Hauch von Originalit\u00e4t hinzu! Asfar 30 g Scheich","breadcrumb":{"@id":"https:\/\/yasminfood.ch\/de\/product\/asfar-30-g-scheich\/#breadcrumb"},"inLanguage":"de","potentialAction":[{"@type":"ReadAction","target":["https:\/\/yasminfood.ch\/de\/product\/asfar-30-g-scheich\/"]}]},{"@type":"ImageObject","inLanguage":"de","@id":"https:\/\/yasminfood.ch\/de\/product\/asfar-30-g-scheich\/#primaryimage","url":"https:\/\/yasminfood.ch\/wp-content\/uploads\/2025\/11\/\u0639\u0635\u0641\u0631-30-\u063a-\u0627\u0644\u0634\u064a\u062e-.png","contentUrl":"https:\/\/yasminfood.ch\/wp-content\/uploads\/2025\/11\/\u0639\u0635\u0641\u0631-30-\u063a-\u0627\u0644\u0634\u064a\u062e-.png","width":1080,"height":1080,"caption":"Asfar 30 g Scheich"},{"@type":"BreadcrumbList","@id":"https:\/\/yasminfood.ch\/de\/product\/asfar-30-g-scheich\/#breadcrumb","itemListElement":[{"@type":"ListItem","position":1,"name":"\u0627\u0644\u0631\u0626\u064a\u0633\u064a\u0629","item":"https:\/\/yasminfood.ch\/de\/zuhause\/"},{"@type":"ListItem","position":2,"name":"Shop","item":"https:\/\/yasminfood.ch\/de\/shop\/"},{"@type":"ListItem","position":3,"name":"Asfar 30 g Scheich"}]},{"@type":"WebSite","@id":"https:\/\/yasminfood.ch\/de\/#website","url":"https:\/\/yasminfood.ch\/de\/","name":"\u064a\u0627\u0633\u0645\u064a\u0646 \u0645\u0627\u0631\u0643\u062a","description":"Alles, was Sie brauchen, an einem Ort","publisher":{"@id":"https:\/\/yasminfood.ch\/de\/#organization"},"alternateName":"Yasmin Food","potentialAction":[{"@type":"SearchAction","target":{"@type":"EntryPoint","urlTemplate":"https:\/\/yasminfood.ch\/de\/?s={search_term_string}"},"query-input":{"@type":"PropertyValueSpecification","valueRequired":true,"valueName":"search_term_string"}}],"inLanguage":"de"},{"@type":"Organization","@id":"https:\/\/yasminfood.ch\/de\/#organization","name":"\u064a\u0627\u0633\u0645\u064a\u0646 \u0645\u0627\u0631\u0643\u062a","alternateName":"Yasmin Food","url":"https:\/\/yasminfood.ch\/de\/","logo":{"@type":"ImageObject","inLanguage":"de","@id":"https:\/\/yasminfood.ch\/de\/#\/schema\/logo\/image\/","url":"https:\/\/yasminfood.ch\/wp-content\/uploads\/2025\/05\/yasmin-food-header-logo.png","contentUrl":"https:\/\/yasminfood.ch\/wp-content\/uploads\/2025\/05\/yasmin-food-header-logo.png","width":330,"height":120,"caption":"\u064a\u0627\u0633\u0645\u064a\u0646 \u0645\u0627\u0631\u0643\u062a"},"image":{"@id":"https:\/\/yasminfood.ch\/de\/#\/schema\/logo\/image\/"},"sameAs":["https:\/\/www.facebook.com\/yasminmarkt1","https:\/\/www.tiktok.com\/@yasminmarkt","https:\/\/www.instagram.com\/yasmin.markt1\/","https:\/\/api.whatsapp.com\/send\/?phone=41799000104"],"publishingPrinciples":"https:\/\/yasminfood.ch\/de\/shop\/","ownershipFundingInfo":"https:\/\/yasminfood.ch\/de\/shop\/"}]},"product_price_amount":"6.50","product_price_currency":"CHF","og_availability":"instock","product_availability":"instock","product_condition":"new"},"jetpack_sharing_enabled":true,"_links":{"self":[{"href":"https:\/\/yasminfood.ch\/de\/wp-json\/wp\/v2\/product\/120563","targetHints":{"allow":["GET"]}}],"collection":[{"href":"https:\/\/yasminfood.ch\/de\/wp-json\/wp\/v2\/product"}],"about":[{"href":"https:\/\/yasminfood.ch\/de\/wp-json\/wp\/v2\/types\/product"}],"replies":[{"embeddable":true,"href":"https:\/\/yasminfood.ch\/de\/wp-json\/wp\/v2\/comments?post=120563"}],"version-history":[{"count":0,"href":"https:\/\/yasminfood.ch\/de\/wp-json\/wp\/v2\/product\/120563\/revisions"}],"wp:featuredmedia":[{"embeddable":true,"href":"https:\/\/yasminfood.ch\/de\/wp-json\/wp\/v2\/media\/120565"}],"wp:attachment":[{"href":"https:\/\/yasminfood.ch\/de\/wp-json\/wp\/v2\/media?parent=120563"}],"wp:term":[{"taxonomy":"product_brand","embeddable":true,"href":"https:\/\/yasminfood.ch\/de\/wp-json\/wp\/v2\/product_brand?post=120563"},{"taxonomy":"product_cat","embeddable":true,"href":"https:\/\/yasminfood.ch\/de\/wp-json\/wp\/v2\/product_cat?post=120563"},{"taxonomy":"product_tag","embeddable":true,"href":"https:\/\/yasminfood.ch\/de\/wp-json\/wp\/v2\/product_tag?post=120563"}],"curies":[{"name":"wp","href":"https:\/\/api.w.org\/{rel}","templated":true}]}}