{"id":120574,"date":"2025-11-04T09:36:03","date_gmt":"2025-11-04T08:36:03","guid":{"rendered":"https:\/\/yasminfood.ch\/product\/schwarzkuemmelsamen-150g-sheikh\/"},"modified":"2025-11-04T09:42:10","modified_gmt":"2025-11-04T08:42:10","slug":"schwarzkuemmelsamen-150g-sheikh","status":"publish","type":"product","link":"https:\/\/yasminfood.ch\/de\/product\/schwarzkuemmelsamen-150g-sheikh\/","title":{"rendered":"Schwarzk\u00fcmmelsamen 150g Sheikh"},"content":{"rendered":"<p><strong>Schwarzk\u00fcmmelsamen 150g Sheikh<\/strong><\/p>\n<ul>\n<li>\n<p data-start=\"115\" data-end=\"162\"><strong data-start=\"115\" data-end=\"162\">Nat\u00fcrliche Vorteile&#8230; Und ein Geschmack, der Ihren Gerichten eine authentische Note verleiht, <\/strong>ist Nigella Seed von Sheikh Mills die perfekte Wahl, um Ihren Speisen einen unverwechselbaren Geschmack und nat\u00fcrliche Vorteile zu verleihen.<br data-start=\"247\" data-end=\"250\">Es wird in Backwaren, Geb\u00e4ck und Salaten verwendet und ist wegen seines unverwechselbaren Geschmacks und seines wunderbaren Aromas in den ber\u00fchmtesten orientalischen Rezepten zu finden. <\/p>\n<hr data-start=\"358\" data-end=\"361\">\n<h4 data-start=\"363\" data-end=\"384\">\u2705 Produktmerkmale:<\/h4>\n<ul data-start=\"385\" data-end=\"519\">\n<li data-start=\"385\" data-end=\"414\">\n<p data-start=\"387\" data-end=\"414\">Hochwertige reine Teichperle<\/p>\n<\/li>\n<li data-start=\"415\" data-end=\"440\">\n<p data-start=\"417\" data-end=\"440\">Aromatischer und frischer Geschmack<\/p>\n<\/li>\n<li data-start=\"441\" data-end=\"482\">\n<p data-start=\"443\" data-end=\"482\">Geeignet f\u00fcr den t\u00e4glichen Gebrauch beim Kochen und Backen<\/p>\n<\/li>\n<li data-start=\"483\" data-end=\"519\">\n<p data-start=\"485\" data-end=\"519\">Frei von Zusatzstoffen und Industriematerialien<\/p>\n<\/li>\n<\/ul>\n<hr data-start=\"521\" data-end=\"524\">\n<h4 data-start=\"526\" data-end=\"551\">\ud83d\udce6 Gewicht: ca. 150 g<\/h4>\n<h4 data-start=\"552\" data-end=\"591\">\ud83c\udff7\ufe0f Herkunft: Deutschland \u2013 Al-Sheikh Company <\/h4>\n<h4 data-start=\"592\" data-end=\"666\">Gebrauchen: Brot, Geb\u00e4ck, Salate, Dressings, traditionelle Kochrezepte <\/h4>\n<\/li>\n<\/ul>\n","protected":false},"excerpt":{"rendered":"<p><strong>Schwarzk\u00fcmmelsamen 150g Sheikh<\/strong><\/p>\n<ul>\n<li>\n<p data-start=\"115\" data-end=\"162\"><strong data-start=\"115\" data-end=\"162\">Nat\u00fcrliche Vorteile&#8230; Und ein Geschmack, der Ihren Gerichten eine authentische Note verleiht, <\/strong>ist Nigella Seed von Sheikh Mills die perfekte Wahl, um Ihren Speisen einen unverwechselbaren Geschmack und nat\u00fcrliche Vorteile zu verleihen.<\/p>\n<\/li>\n<\/ul>\n","protected":false},"featured_media":120575,"comment_status":"open","ping_status":"closed","template":"","meta":[],"product_brand":[],"product_cat":[360,356],"product_tag":[],"class_list":{"0":"post-120574","1":"product","2":"type-product","3":"status-publish","4":"has-post-thumbnail","6":"product_cat-gewurze","7":"product_cat-gewuerze-nuesse","9":"first","10":"instock","11":"taxable","12":"shipping-taxable","13":"purchasable","14":"product-type-simple"},"yoast_head":"<!-- This site is optimized with the Yoast SEO Premium plugin v26.5 (Yoast SEO v27.5) - https:\/\/yoast.com\/product\/yoast-seo-premium-wordpress\/ -->\n<title>Schwarzk\u00fcmmelsamen 150g Sheikh - Yasmin Food<\/title>\n<meta name=\"description\" content=\"Genie\u00dfen Sie den Geschmack von Schwarzk\u00fcmmelsamen 150g Al-Sheikh, perfekt, um Ihren Gerichten einen authentischen Geschmack zu verleihen. Probieren Sie es noch heute aus und entdecken Sie seine gro\u00dfartigen nat\u00fcrlichen Vorteile! Schwarzk\u00fcmmelsamen 150g Sheikh\" \/>\n<meta name=\"robots\" content=\"index, follow, max-snippet:-1, max-image-preview:large, max-video-preview:-1\" \/>\n<link rel=\"canonical\" href=\"https:\/\/yasminfood.ch\/de\/product\/schwarzkuemmelsamen-150g-sheikh\/\" \/>\n<meta property=\"og:locale\" content=\"de_DE\" \/>\n<meta property=\"og:type\" content=\"article\" \/>\n<meta property=\"og:title\" content=\"Schwarzk\u00fcmmelsamen 150g Sheikh\" \/>\n<meta property=\"og:description\" content=\"Schwarzk\u00fcmmelsamen 150g Sheikh   Nat\u00fcrliche Vorteile... Und ein Geschmack, der Ihren Gerichten eine authentische Note verleiht, ist Nigella Seed von Sheikh Mills die perfekte Wahl, um Ihren Speisen einen unverwechselbaren Geschmack und nat\u00fcrliche Vorteile zu verleihen.\" \/>\n<meta property=\"og:url\" content=\"https:\/\/yasminfood.ch\/de\/product\/schwarzkuemmelsamen-150g-sheikh\/\" \/>\n<meta property=\"og:site_name\" content=\"Yasmin Food\" \/>\n<meta property=\"article:publisher\" content=\"https:\/\/www.facebook.com\/yasminmarkt1\" \/>\n<meta property=\"article:modified_time\" content=\"2025-11-04T08:42:10+00:00\" \/>\n<meta property=\"og:image\" content=\"https:\/\/yasminfood.ch\/wp-content\/uploads\/2025\/11\/\u062d\u0628\u0629-\u0627\u0644\u0628\u0631\u0643\u0629-150\u063a-\u0627\u0644\u0634\u064a\u062e-.png\" \/>\n\t<meta property=\"og:image:width\" content=\"1080\" \/>\n\t<meta property=\"og:image:height\" content=\"1080\" \/>\n\t<meta property=\"og:image:type\" content=\"image\/png\" \/>\n<meta name=\"twitter:card\" content=\"summary_large_image\" \/>\n<meta name=\"twitter:label1\" content=\"Preis\" \/>\n\t<meta name=\"twitter:data1\" content=\"5.95&nbsp;&#067;&#072;&#070;\" \/>\n\t<meta name=\"twitter:label2\" content=\"Verf\u00fcgbarkeit\" \/>\n\t<meta name=\"twitter:data2\" content=\"Auf Lager\" \/>\n<script type=\"application\/ld+json\" class=\"yoast-schema-graph\">{\"@context\":\"https:\\\/\\\/schema.org\",\"@graph\":[{\"@type\":\"WebPage\",\"@id\":\"https:\\\/\\\/yasminfood.ch\\\/de\\\/product\\\/schwarzkuemmelsamen-150g-sheikh\\\/\",\"url\":\"https:\\\/\\\/yasminfood.ch\\\/de\\\/product\\\/schwarzkuemmelsamen-150g-sheikh\\\/\",\"name\":\"Schwarzk\u00fcmmelsamen 150g Sheikh - Yasmin Food\",\"isPartOf\":{\"@id\":\"https:\\\/\\\/yasminfood.ch\\\/de\\\/#website\"},\"primaryImageOfPage\":{\"@id\":\"https:\\\/\\\/yasminfood.ch\\\/de\\\/product\\\/schwarzkuemmelsamen-150g-sheikh\\\/#primaryimage\"},\"image\":{\"@id\":\"https:\\\/\\\/yasminfood.ch\\\/de\\\/product\\\/schwarzkuemmelsamen-150g-sheikh\\\/#primaryimage\"},\"thumbnailUrl\":\"https:\\\/\\\/yasminfood.ch\\\/wp-content\\\/uploads\\\/2025\\\/11\\\/\u062d\u0628\u0629-\u0627\u0644\u0628\u0631\u0643\u0629-150\u063a-\u0627\u0644\u0634\u064a\u062e-.png\",\"datePublished\":\"2025-11-04T08:36:03+00:00\",\"dateModified\":\"2025-11-04T08:42:10+00:00\",\"description\":\"Genie\u00dfen Sie den Geschmack von Schwarzk\u00fcmmelsamen 150g Al-Sheikh, perfekt, um Ihren Gerichten einen authentischen Geschmack zu verleihen. Probieren Sie es noch heute aus und entdecken Sie seine gro\u00dfartigen nat\u00fcrlichen Vorteile! Schwarzk\u00fcmmelsamen 150g Sheikh\",\"breadcrumb\":{\"@id\":\"https:\\\/\\\/yasminfood.ch\\\/de\\\/product\\\/schwarzkuemmelsamen-150g-sheikh\\\/#breadcrumb\"},\"inLanguage\":\"de\",\"potentialAction\":[{\"@type\":\"ReadAction\",\"target\":[\"https:\\\/\\\/yasminfood.ch\\\/de\\\/product\\\/schwarzkuemmelsamen-150g-sheikh\\\/\"]}]},{\"@type\":\"ImageObject\",\"inLanguage\":\"de\",\"@id\":\"https:\\\/\\\/yasminfood.ch\\\/de\\\/product\\\/schwarzkuemmelsamen-150g-sheikh\\\/#primaryimage\",\"url\":\"https:\\\/\\\/yasminfood.ch\\\/wp-content\\\/uploads\\\/2025\\\/11\\\/\u062d\u0628\u0629-\u0627\u0644\u0628\u0631\u0643\u0629-150\u063a-\u0627\u0644\u0634\u064a\u062e-.png\",\"contentUrl\":\"https:\\\/\\\/yasminfood.ch\\\/wp-content\\\/uploads\\\/2025\\\/11\\\/\u062d\u0628\u0629-\u0627\u0644\u0628\u0631\u0643\u0629-150\u063a-\u0627\u0644\u0634\u064a\u062e-.png\",\"width\":1080,\"height\":1080,\"caption\":\"Schwarzk\u00fcmmelsamen 150g Sheikh\"},{\"@type\":\"BreadcrumbList\",\"@id\":\"https:\\\/\\\/yasminfood.ch\\\/de\\\/product\\\/schwarzkuemmelsamen-150g-sheikh\\\/#breadcrumb\",\"itemListElement\":[{\"@type\":\"ListItem\",\"position\":1,\"name\":\"\u0627\u0644\u0631\u0626\u064a\u0633\u064a\u0629\",\"item\":\"https:\\\/\\\/yasminfood.ch\\\/de\\\/zuhause\\\/\"},{\"@type\":\"ListItem\",\"position\":2,\"name\":\"Shop\",\"item\":\"https:\\\/\\\/yasminfood.ch\\\/de\\\/shop\\\/\"},{\"@type\":\"ListItem\",\"position\":3,\"name\":\"Gew\u00fcrze &amp; N\u00fcsse\",\"item\":\"https:\\\/\\\/yasminfood.ch\\\/de\\\/produkt-kategorie\\\/gewuerze-nuesse\\\/\"},{\"@type\":\"ListItem\",\"position\":4,\"name\":\"Gew\u00fcrze\",\"item\":\"https:\\\/\\\/yasminfood.ch\\\/de\\\/produkt-kategorie\\\/gewuerze-nuesse\\\/gewurze\\\/\"},{\"@type\":\"ListItem\",\"position\":5,\"name\":\"Schwarzk\u00fcmmelsamen 150g Sheikh\"}]},{\"@type\":\"WebSite\",\"@id\":\"https:\\\/\\\/yasminfood.ch\\\/de\\\/#website\",\"url\":\"https:\\\/\\\/yasminfood.ch\\\/de\\\/\",\"name\":\"\u064a\u0627\u0633\u0645\u064a\u0646 \u0645\u0627\u0631\u0643\u062a\",\"description\":\"Alles, was Sie brauchen, an einem Ort\",\"publisher\":{\"@id\":\"https:\\\/\\\/yasminfood.ch\\\/de\\\/#organization\"},\"alternateName\":\"Yasmin Food\",\"potentialAction\":[{\"@type\":\"SearchAction\",\"target\":{\"@type\":\"EntryPoint\",\"urlTemplate\":\"https:\\\/\\\/yasminfood.ch\\\/de\\\/?s={search_term_string}\"},\"query-input\":{\"@type\":\"PropertyValueSpecification\",\"valueRequired\":true,\"valueName\":\"search_term_string\"}}],\"inLanguage\":\"de\"},{\"@type\":\"Organization\",\"@id\":\"https:\\\/\\\/yasminfood.ch\\\/de\\\/#organization\",\"name\":\"\u064a\u0627\u0633\u0645\u064a\u0646 \u0645\u0627\u0631\u0643\u062a\",\"alternateName\":\"Yasmin Food\",\"url\":\"https:\\\/\\\/yasminfood.ch\\\/de\\\/\",\"logo\":{\"@type\":\"ImageObject\",\"inLanguage\":\"de\",\"@id\":\"https:\\\/\\\/yasminfood.ch\\\/de\\\/#\\\/schema\\\/logo\\\/image\\\/\",\"url\":\"https:\\\/\\\/yasminfood.ch\\\/wp-content\\\/uploads\\\/2025\\\/05\\\/yasmin-food-header-logo.png\",\"contentUrl\":\"https:\\\/\\\/yasminfood.ch\\\/wp-content\\\/uploads\\\/2025\\\/05\\\/yasmin-food-header-logo.png\",\"width\":330,\"height\":120,\"caption\":\"\u064a\u0627\u0633\u0645\u064a\u0646 \u0645\u0627\u0631\u0643\u062a\"},\"image\":{\"@id\":\"https:\\\/\\\/yasminfood.ch\\\/de\\\/#\\\/schema\\\/logo\\\/image\\\/\"},\"sameAs\":[\"https:\\\/\\\/www.facebook.com\\\/yasminmarkt1\",\"https:\\\/\\\/www.tiktok.com\\\/@yasminmarkt\",\"https:\\\/\\\/www.instagram.com\\\/yasmin.markt1\\\/\",\"https:\\\/\\\/api.whatsapp.com\\\/send\\\/?phone=41799000104\"],\"publishingPrinciples\":\"https:\\\/\\\/yasminfood.ch\\\/de\\\/shop\\\/\",\"ownershipFundingInfo\":\"https:\\\/\\\/yasminfood.ch\\\/de\\\/shop\\\/\"}]}<\/script>\n<meta property=\"product:price:amount\" content=\"5.95\" \/>\n<meta property=\"product:price:currency\" content=\"CHF\" \/>\n<meta property=\"og:availability\" content=\"instock\" \/>\n<meta property=\"product:availability\" content=\"instock\" \/>\n<meta property=\"product:condition\" content=\"new\" \/>\n<!-- \/ Yoast SEO Premium plugin. -->","yoast_head_json":{"title":"Schwarzk\u00fcmmelsamen 150g Sheikh - Yasmin Food","description":"Genie\u00dfen Sie den Geschmack von Schwarzk\u00fcmmelsamen 150g Al-Sheikh, perfekt, um Ihren Gerichten einen authentischen Geschmack zu verleihen. Probieren Sie es noch heute aus und entdecken Sie seine gro\u00dfartigen nat\u00fcrlichen Vorteile! Schwarzk\u00fcmmelsamen 150g Sheikh","robots":{"index":"index","follow":"follow","max-snippet":"max-snippet:-1","max-image-preview":"max-image-preview:large","max-video-preview":"max-video-preview:-1"},"canonical":"https:\/\/yasminfood.ch\/de\/product\/schwarzkuemmelsamen-150g-sheikh\/","og_locale":"de_DE","og_type":"article","og_title":"Schwarzk\u00fcmmelsamen 150g Sheikh","og_description":"Schwarzk\u00fcmmelsamen 150g Sheikh   Nat\u00fcrliche Vorteile... Und ein Geschmack, der Ihren Gerichten eine authentische Note verleiht, ist Nigella Seed von Sheikh Mills die perfekte Wahl, um Ihren Speisen einen unverwechselbaren Geschmack und nat\u00fcrliche Vorteile zu verleihen.","og_url":"https:\/\/yasminfood.ch\/de\/product\/schwarzkuemmelsamen-150g-sheikh\/","og_site_name":"Yasmin Food","article_publisher":"https:\/\/www.facebook.com\/yasminmarkt1","article_modified_time":"2025-11-04T08:42:10+00:00","og_image":[{"width":1080,"height":1080,"url":"https:\/\/yasminfood.ch\/wp-content\/uploads\/2025\/11\/\u062d\u0628\u0629-\u0627\u0644\u0628\u0631\u0643\u0629-150\u063a-\u0627\u0644\u0634\u064a\u062e-.png","type":"image\/png"}],"twitter_card":"summary_large_image","twitter_misc":{"Preis":"5.95&nbsp;&#67;&#72;&#70;","Verf\u00fcgbarkeit":"Auf Lager"},"schema":{"@context":"https:\/\/schema.org","@graph":[{"@type":"WebPage","@id":"https:\/\/yasminfood.ch\/de\/product\/schwarzkuemmelsamen-150g-sheikh\/","url":"https:\/\/yasminfood.ch\/de\/product\/schwarzkuemmelsamen-150g-sheikh\/","name":"Schwarzk\u00fcmmelsamen 150g Sheikh - Yasmin Food","isPartOf":{"@id":"https:\/\/yasminfood.ch\/de\/#website"},"primaryImageOfPage":{"@id":"https:\/\/yasminfood.ch\/de\/product\/schwarzkuemmelsamen-150g-sheikh\/#primaryimage"},"image":{"@id":"https:\/\/yasminfood.ch\/de\/product\/schwarzkuemmelsamen-150g-sheikh\/#primaryimage"},"thumbnailUrl":"https:\/\/yasminfood.ch\/wp-content\/uploads\/2025\/11\/\u062d\u0628\u0629-\u0627\u0644\u0628\u0631\u0643\u0629-150\u063a-\u0627\u0644\u0634\u064a\u062e-.png","datePublished":"2025-11-04T08:36:03+00:00","dateModified":"2025-11-04T08:42:10+00:00","description":"Genie\u00dfen Sie den Geschmack von Schwarzk\u00fcmmelsamen 150g Al-Sheikh, perfekt, um Ihren Gerichten einen authentischen Geschmack zu verleihen. Probieren Sie es noch heute aus und entdecken Sie seine gro\u00dfartigen nat\u00fcrlichen Vorteile! Schwarzk\u00fcmmelsamen 150g Sheikh","breadcrumb":{"@id":"https:\/\/yasminfood.ch\/de\/product\/schwarzkuemmelsamen-150g-sheikh\/#breadcrumb"},"inLanguage":"de","potentialAction":[{"@type":"ReadAction","target":["https:\/\/yasminfood.ch\/de\/product\/schwarzkuemmelsamen-150g-sheikh\/"]}]},{"@type":"ImageObject","inLanguage":"de","@id":"https:\/\/yasminfood.ch\/de\/product\/schwarzkuemmelsamen-150g-sheikh\/#primaryimage","url":"https:\/\/yasminfood.ch\/wp-content\/uploads\/2025\/11\/\u062d\u0628\u0629-\u0627\u0644\u0628\u0631\u0643\u0629-150\u063a-\u0627\u0644\u0634\u064a\u062e-.png","contentUrl":"https:\/\/yasminfood.ch\/wp-content\/uploads\/2025\/11\/\u062d\u0628\u0629-\u0627\u0644\u0628\u0631\u0643\u0629-150\u063a-\u0627\u0644\u0634\u064a\u062e-.png","width":1080,"height":1080,"caption":"Schwarzk\u00fcmmelsamen 150g Sheikh"},{"@type":"BreadcrumbList","@id":"https:\/\/yasminfood.ch\/de\/product\/schwarzkuemmelsamen-150g-sheikh\/#breadcrumb","itemListElement":[{"@type":"ListItem","position":1,"name":"\u0627\u0644\u0631\u0626\u064a\u0633\u064a\u0629","item":"https:\/\/yasminfood.ch\/de\/zuhause\/"},{"@type":"ListItem","position":2,"name":"Shop","item":"https:\/\/yasminfood.ch\/de\/shop\/"},{"@type":"ListItem","position":3,"name":"Gew\u00fcrze &amp; N\u00fcsse","item":"https:\/\/yasminfood.ch\/de\/produkt-kategorie\/gewuerze-nuesse\/"},{"@type":"ListItem","position":4,"name":"Gew\u00fcrze","item":"https:\/\/yasminfood.ch\/de\/produkt-kategorie\/gewuerze-nuesse\/gewurze\/"},{"@type":"ListItem","position":5,"name":"Schwarzk\u00fcmmelsamen 150g Sheikh"}]},{"@type":"WebSite","@id":"https:\/\/yasminfood.ch\/de\/#website","url":"https:\/\/yasminfood.ch\/de\/","name":"\u064a\u0627\u0633\u0645\u064a\u0646 \u0645\u0627\u0631\u0643\u062a","description":"Alles, was Sie brauchen, an einem Ort","publisher":{"@id":"https:\/\/yasminfood.ch\/de\/#organization"},"alternateName":"Yasmin Food","potentialAction":[{"@type":"SearchAction","target":{"@type":"EntryPoint","urlTemplate":"https:\/\/yasminfood.ch\/de\/?s={search_term_string}"},"query-input":{"@type":"PropertyValueSpecification","valueRequired":true,"valueName":"search_term_string"}}],"inLanguage":"de"},{"@type":"Organization","@id":"https:\/\/yasminfood.ch\/de\/#organization","name":"\u064a\u0627\u0633\u0645\u064a\u0646 \u0645\u0627\u0631\u0643\u062a","alternateName":"Yasmin Food","url":"https:\/\/yasminfood.ch\/de\/","logo":{"@type":"ImageObject","inLanguage":"de","@id":"https:\/\/yasminfood.ch\/de\/#\/schema\/logo\/image\/","url":"https:\/\/yasminfood.ch\/wp-content\/uploads\/2025\/05\/yasmin-food-header-logo.png","contentUrl":"https:\/\/yasminfood.ch\/wp-content\/uploads\/2025\/05\/yasmin-food-header-logo.png","width":330,"height":120,"caption":"\u064a\u0627\u0633\u0645\u064a\u0646 \u0645\u0627\u0631\u0643\u062a"},"image":{"@id":"https:\/\/yasminfood.ch\/de\/#\/schema\/logo\/image\/"},"sameAs":["https:\/\/www.facebook.com\/yasminmarkt1","https:\/\/www.tiktok.com\/@yasminmarkt","https:\/\/www.instagram.com\/yasmin.markt1\/","https:\/\/api.whatsapp.com\/send\/?phone=41799000104"],"publishingPrinciples":"https:\/\/yasminfood.ch\/de\/shop\/","ownershipFundingInfo":"https:\/\/yasminfood.ch\/de\/shop\/"}]},"product_price_amount":"5.95","product_price_currency":"CHF","og_availability":"instock","product_availability":"instock","product_condition":"new"},"jetpack_sharing_enabled":true,"_links":{"self":[{"href":"https:\/\/yasminfood.ch\/de\/wp-json\/wp\/v2\/product\/120574","targetHints":{"allow":["GET"]}}],"collection":[{"href":"https:\/\/yasminfood.ch\/de\/wp-json\/wp\/v2\/product"}],"about":[{"href":"https:\/\/yasminfood.ch\/de\/wp-json\/wp\/v2\/types\/product"}],"replies":[{"embeddable":true,"href":"https:\/\/yasminfood.ch\/de\/wp-json\/wp\/v2\/comments?post=120574"}],"version-history":[{"count":0,"href":"https:\/\/yasminfood.ch\/de\/wp-json\/wp\/v2\/product\/120574\/revisions"}],"wp:featuredmedia":[{"embeddable":true,"href":"https:\/\/yasminfood.ch\/de\/wp-json\/wp\/v2\/media\/120575"}],"wp:attachment":[{"href":"https:\/\/yasminfood.ch\/de\/wp-json\/wp\/v2\/media?parent=120574"}],"wp:term":[{"taxonomy":"product_brand","embeddable":true,"href":"https:\/\/yasminfood.ch\/de\/wp-json\/wp\/v2\/product_brand?post=120574"},{"taxonomy":"product_cat","embeddable":true,"href":"https:\/\/yasminfood.ch\/de\/wp-json\/wp\/v2\/product_cat?post=120574"},{"taxonomy":"product_tag","embeddable":true,"href":"https:\/\/yasminfood.ch\/de\/wp-json\/wp\/v2\/product_tag?post=120574"}],"curies":[{"name":"wp","href":"https:\/\/api.w.org\/{rel}","templated":true}]}}