{"id":120606,"date":"2025-11-06T11:06:06","date_gmt":"2025-11-06T10:06:06","guid":{"rendered":"https:\/\/yasminfood.ch\/product\/erbsen-aus-der-dose-830g-burcu\/"},"modified":"2025-11-06T11:09:24","modified_gmt":"2025-11-06T10:09:24","slug":"erbsen-aus-der-dose-830g-burcu","status":"publish","type":"product","link":"https:\/\/yasminfood.ch\/de\/product\/erbsen-aus-der-dose-830g-burcu\/","title":{"rendered":"Erbsen aus der Dose 830g Burcu"},"content":{"rendered":"<p><strong>Erbsen aus der Dose 830g Burcu<\/strong><\/p>\n<ul>\n<li>\n<p data-start=\"176\" data-end=\"241\"><strong data-start=\"176\" data-end=\"241\">Zuverl\u00e4ssige t\u00fcrkische Qualit\u00e4t und frischer Geschmack in jedem Korn <\/strong>, das sorgf\u00e4ltig aus sorgf\u00e4ltig ausgew\u00e4hlten gr\u00fcnen Erbsen zubereitet wird, um den besten Geschmack und die beste Textur zu gew\u00e4hrleisten.<\/p>\n<\/li>\n<li>\n<p data-start=\"176\" data-end=\"241\">Erbsen haben einen angenehmen Geschmack und eine feste Textur, was sie zu einer idealen Wahl f\u00fcr die Zubereitung verschiedener Hausmannskost macht. <\/p>\n<p data-start=\"485\" data-end=\"630\">Die Erbsen sind in einer hochwertigen Metallkiste mit <strong data-start=\"534\" data-end=\"546\">einem Fassungsverm\u00f6gen von 830 Gramm<\/strong> verpackt, um ihre Frische und ihren nat\u00fcrlichen Geschmack ohne Konservierungsstoffe zu bewahren, und kommen gebrauchsfertig bei Ihnen an. <\/p>\n<p data-start=\"632\" data-end=\"737\"><strong data-start=\"632\" data-end=\"646\">Geeignet f\u00fcr:<\/strong><br data-start=\"646\" data-end=\"649\">\u2013Macht<br data-start=\"657\" data-end=\"660\">\u2013 Reis und Kabsa<br data-start=\"675\" data-end=\"678\">\u2013Suppen<br data-start=\"688\" data-end=\"691\">\u2013 Beilagen<br data-start=\"709\" data-end=\"712\">\u2013 Nudel- und Gem\u00fcsegerichte<\/p>\n<p data-start=\"739\" data-end=\"841\"><strong data-start=\"739\" data-end=\"751\">Vorteile:<\/strong><br data-start=\"751\" data-end=\"754\">\u2705 Frischer Geschmack und hohe Qualit\u00e4t<br data-start=\"776\" data-end=\"779\">\u2705 Sofort einsatzbereit<br data-start=\"802\" data-end=\"805\">\u2705 Zuverl\u00e4ssiges t\u00fcrkisches Produkt<br data-start=\"822\" data-end=\"825\">\u2705 Gesundes und leichtes Essen<\/p>\n<p data-start=\"843\" data-end=\"901\"><strong data-start=\"843\" data-end=\"864\">Marke:<\/strong> BURCU<br data-start=\"870\" data-end=\"873\"><strong data-start=\"873\" data-end=\"890\">Nettogewicht:<\/strong> 830 g<\/p>\n<\/li>\n<\/ul>\n","protected":false},"excerpt":{"rendered":"<p><strong>Erbsen aus der Dose 830g Burcu<\/strong><\/p>\n<ul>\n<li>\n<p data-start=\"176\" data-end=\"241\"><strong data-start=\"176\" data-end=\"241\">Zuverl\u00e4ssige t\u00fcrkische Qualit\u00e4t und frischer Geschmack in jedem Korn <\/strong>, das sorgf\u00e4ltig aus sorgf\u00e4ltig ausgew\u00e4hlten gr\u00fcnen Erbsen zubereitet wird, um den besten Geschmack und die beste Textur zu gew\u00e4hrleisten.<\/p>\n<\/li>\n<\/ul>\n","protected":false},"featured_media":120607,"comment_status":"open","ping_status":"closed","template":"","meta":[],"product_brand":[],"product_cat":[278,245],"product_tag":[],"class_list":{"0":"post-120606","1":"product","2":"type-product","3":"status-publish","4":"has-post-thumbnail","6":"product_cat-bohnen","7":"product_cat-konserven-lebensmittel","9":"first","10":"instock","11":"taxable","12":"shipping-taxable","13":"purchasable","14":"product-type-simple"},"yoast_head":"<!-- This site is optimized with the Yoast SEO Premium plugin v26.5 (Yoast SEO v27.5) - https:\/\/yoast.com\/product\/yoast-seo-premium-wordpress\/ -->\n<title>Erbsen aus der Dose 830g Burcu - Yasmin Food<\/title>\n<meta name=\"description\" content=\"Genie\u00dfen Sie den Geschmack von hochwertigen t\u00fcrkischen Burcu 830g Erbsen aus der Dose. Bereit zum Kochen und hat einen frischen, k\u00f6stlichen Geschmack! \ud83c\udf7d\ufe0f Erbsen aus der Dose 830g Burcu\" \/>\n<meta name=\"robots\" content=\"index, follow, max-snippet:-1, max-image-preview:large, max-video-preview:-1\" \/>\n<link rel=\"canonical\" href=\"https:\/\/yasminfood.ch\/de\/product\/erbsen-aus-der-dose-830g-burcu\/\" \/>\n<meta property=\"og:locale\" content=\"de_DE\" \/>\n<meta property=\"og:type\" content=\"article\" \/>\n<meta property=\"og:title\" content=\"Erbsen aus der Dose 830g Burcu\" \/>\n<meta property=\"og:description\" content=\"Erbsen aus der Dose 830g Burcu   Zuverl\u00e4ssige t\u00fcrkische Qualit\u00e4t und frischer Geschmack in jedem Korn , das sorgf\u00e4ltig aus sorgf\u00e4ltig ausgew\u00e4hlten gr\u00fcnen Erbsen zubereitet wird, um den besten Geschmack und die beste Textur zu gew\u00e4hrleisten.\" \/>\n<meta property=\"og:url\" content=\"https:\/\/yasminfood.ch\/de\/product\/erbsen-aus-der-dose-830g-burcu\/\" \/>\n<meta property=\"og:site_name\" content=\"Yasmin Food\" \/>\n<meta property=\"article:publisher\" content=\"https:\/\/www.facebook.com\/yasminmarkt1\" \/>\n<meta property=\"article:modified_time\" content=\"2025-11-06T10:09:24+00:00\" \/>\n<meta property=\"og:image\" content=\"https:\/\/yasminfood.ch\/wp-content\/uploads\/2025\/11\/\u0628\u0627\u0632\u064a\u0644\u0627\u0621-\u0645\u0639\u0644\u0628\u0629-830\u063a-Burcu.png\" \/>\n\t<meta property=\"og:image:width\" content=\"1080\" \/>\n\t<meta property=\"og:image:height\" content=\"1080\" \/>\n\t<meta property=\"og:image:type\" content=\"image\/png\" \/>\n<meta name=\"twitter:card\" content=\"summary_large_image\" \/>\n<meta name=\"twitter:label1\" content=\"Preis\" \/>\n\t<meta name=\"twitter:data1\" content=\"4.95&nbsp;&#067;&#072;&#070;\" \/>\n\t<meta name=\"twitter:label2\" content=\"Verf\u00fcgbarkeit\" \/>\n\t<meta name=\"twitter:data2\" content=\"Auf Lager\" \/>\n<script type=\"application\/ld+json\" class=\"yoast-schema-graph\">{\"@context\":\"https:\\\/\\\/schema.org\",\"@graph\":[{\"@type\":\"WebPage\",\"@id\":\"https:\\\/\\\/yasminfood.ch\\\/de\\\/product\\\/erbsen-aus-der-dose-830g-burcu\\\/\",\"url\":\"https:\\\/\\\/yasminfood.ch\\\/de\\\/product\\\/erbsen-aus-der-dose-830g-burcu\\\/\",\"name\":\"Erbsen aus der Dose 830g Burcu - Yasmin Food\",\"isPartOf\":{\"@id\":\"https:\\\/\\\/yasminfood.ch\\\/de\\\/#website\"},\"primaryImageOfPage\":{\"@id\":\"https:\\\/\\\/yasminfood.ch\\\/de\\\/product\\\/erbsen-aus-der-dose-830g-burcu\\\/#primaryimage\"},\"image\":{\"@id\":\"https:\\\/\\\/yasminfood.ch\\\/de\\\/product\\\/erbsen-aus-der-dose-830g-burcu\\\/#primaryimage\"},\"thumbnailUrl\":\"https:\\\/\\\/yasminfood.ch\\\/wp-content\\\/uploads\\\/2025\\\/11\\\/\u0628\u0627\u0632\u064a\u0644\u0627\u0621-\u0645\u0639\u0644\u0628\u0629-830\u063a-Burcu.png\",\"datePublished\":\"2025-11-06T10:06:06+00:00\",\"dateModified\":\"2025-11-06T10:09:24+00:00\",\"description\":\"Genie\u00dfen Sie den Geschmack von hochwertigen t\u00fcrkischen Burcu 830g Erbsen aus der Dose. Bereit zum Kochen und hat einen frischen, k\u00f6stlichen Geschmack! \ud83c\udf7d\ufe0f Erbsen aus der Dose 830g Burcu\",\"breadcrumb\":{\"@id\":\"https:\\\/\\\/yasminfood.ch\\\/de\\\/product\\\/erbsen-aus-der-dose-830g-burcu\\\/#breadcrumb\"},\"inLanguage\":\"de\",\"potentialAction\":[{\"@type\":\"ReadAction\",\"target\":[\"https:\\\/\\\/yasminfood.ch\\\/de\\\/product\\\/erbsen-aus-der-dose-830g-burcu\\\/\"]}]},{\"@type\":\"ImageObject\",\"inLanguage\":\"de\",\"@id\":\"https:\\\/\\\/yasminfood.ch\\\/de\\\/product\\\/erbsen-aus-der-dose-830g-burcu\\\/#primaryimage\",\"url\":\"https:\\\/\\\/yasminfood.ch\\\/wp-content\\\/uploads\\\/2025\\\/11\\\/\u0628\u0627\u0632\u064a\u0644\u0627\u0621-\u0645\u0639\u0644\u0628\u0629-830\u063a-Burcu.png\",\"contentUrl\":\"https:\\\/\\\/yasminfood.ch\\\/wp-content\\\/uploads\\\/2025\\\/11\\\/\u0628\u0627\u0632\u064a\u0644\u0627\u0621-\u0645\u0639\u0644\u0628\u0629-830\u063a-Burcu.png\",\"width\":1080,\"height\":1080,\"caption\":\"Erbsen aus der Dose 830g Burcu\"},{\"@type\":\"BreadcrumbList\",\"@id\":\"https:\\\/\\\/yasminfood.ch\\\/de\\\/product\\\/erbsen-aus-der-dose-830g-burcu\\\/#breadcrumb\",\"itemListElement\":[{\"@type\":\"ListItem\",\"position\":1,\"name\":\"\u0627\u0644\u0631\u0626\u064a\u0633\u064a\u0629\",\"item\":\"https:\\\/\\\/yasminfood.ch\\\/de\\\/zuhause\\\/\"},{\"@type\":\"ListItem\",\"position\":2,\"name\":\"Shop\",\"item\":\"https:\\\/\\\/yasminfood.ch\\\/de\\\/shop\\\/\"},{\"@type\":\"ListItem\",\"position\":3,\"name\":\"Konserven - Lebensmittel\",\"item\":\"https:\\\/\\\/yasminfood.ch\\\/de\\\/produkt-kategorie\\\/konserven-lebensmittel\\\/\"},{\"@type\":\"ListItem\",\"position\":4,\"name\":\"Bohnen\",\"item\":\"https:\\\/\\\/yasminfood.ch\\\/de\\\/produkt-kategorie\\\/konserven-lebensmittel\\\/bohnen\\\/\"},{\"@type\":\"ListItem\",\"position\":5,\"name\":\"Erbsen aus der Dose 830g Burcu\"}]},{\"@type\":\"WebSite\",\"@id\":\"https:\\\/\\\/yasminfood.ch\\\/de\\\/#website\",\"url\":\"https:\\\/\\\/yasminfood.ch\\\/de\\\/\",\"name\":\"\u064a\u0627\u0633\u0645\u064a\u0646 \u0645\u0627\u0631\u0643\u062a\",\"description\":\"Alles, was Sie brauchen, an einem Ort\",\"publisher\":{\"@id\":\"https:\\\/\\\/yasminfood.ch\\\/de\\\/#organization\"},\"alternateName\":\"Yasmin Food\",\"potentialAction\":[{\"@type\":\"SearchAction\",\"target\":{\"@type\":\"EntryPoint\",\"urlTemplate\":\"https:\\\/\\\/yasminfood.ch\\\/de\\\/?s={search_term_string}\"},\"query-input\":{\"@type\":\"PropertyValueSpecification\",\"valueRequired\":true,\"valueName\":\"search_term_string\"}}],\"inLanguage\":\"de\"},{\"@type\":\"Organization\",\"@id\":\"https:\\\/\\\/yasminfood.ch\\\/de\\\/#organization\",\"name\":\"\u064a\u0627\u0633\u0645\u064a\u0646 \u0645\u0627\u0631\u0643\u062a\",\"alternateName\":\"Yasmin Food\",\"url\":\"https:\\\/\\\/yasminfood.ch\\\/de\\\/\",\"logo\":{\"@type\":\"ImageObject\",\"inLanguage\":\"de\",\"@id\":\"https:\\\/\\\/yasminfood.ch\\\/de\\\/#\\\/schema\\\/logo\\\/image\\\/\",\"url\":\"https:\\\/\\\/yasminfood.ch\\\/wp-content\\\/uploads\\\/2025\\\/05\\\/yasmin-food-header-logo.png\",\"contentUrl\":\"https:\\\/\\\/yasminfood.ch\\\/wp-content\\\/uploads\\\/2025\\\/05\\\/yasmin-food-header-logo.png\",\"width\":330,\"height\":120,\"caption\":\"\u064a\u0627\u0633\u0645\u064a\u0646 \u0645\u0627\u0631\u0643\u062a\"},\"image\":{\"@id\":\"https:\\\/\\\/yasminfood.ch\\\/de\\\/#\\\/schema\\\/logo\\\/image\\\/\"},\"sameAs\":[\"https:\\\/\\\/www.facebook.com\\\/yasminmarkt1\",\"https:\\\/\\\/www.tiktok.com\\\/@yasminmarkt\",\"https:\\\/\\\/www.instagram.com\\\/yasmin.markt1\\\/\",\"https:\\\/\\\/api.whatsapp.com\\\/send\\\/?phone=41799000104\"],\"publishingPrinciples\":\"https:\\\/\\\/yasminfood.ch\\\/de\\\/shop\\\/\",\"ownershipFundingInfo\":\"https:\\\/\\\/yasminfood.ch\\\/de\\\/shop\\\/\"}]}<\/script>\n<meta property=\"product:price:amount\" content=\"4.95\" \/>\n<meta property=\"product:price:currency\" content=\"CHF\" \/>\n<meta property=\"og:availability\" content=\"instock\" \/>\n<meta property=\"product:availability\" content=\"instock\" \/>\n<meta property=\"product:condition\" content=\"new\" \/>\n<!-- \/ Yoast SEO Premium plugin. -->","yoast_head_json":{"title":"Erbsen aus der Dose 830g Burcu - Yasmin Food","description":"Genie\u00dfen Sie den Geschmack von hochwertigen t\u00fcrkischen Burcu 830g Erbsen aus der Dose. Bereit zum Kochen und hat einen frischen, k\u00f6stlichen Geschmack! \ud83c\udf7d\ufe0f Erbsen aus der Dose 830g Burcu","robots":{"index":"index","follow":"follow","max-snippet":"max-snippet:-1","max-image-preview":"max-image-preview:large","max-video-preview":"max-video-preview:-1"},"canonical":"https:\/\/yasminfood.ch\/de\/product\/erbsen-aus-der-dose-830g-burcu\/","og_locale":"de_DE","og_type":"article","og_title":"Erbsen aus der Dose 830g Burcu","og_description":"Erbsen aus der Dose 830g Burcu   Zuverl\u00e4ssige t\u00fcrkische Qualit\u00e4t und frischer Geschmack in jedem Korn , das sorgf\u00e4ltig aus sorgf\u00e4ltig ausgew\u00e4hlten gr\u00fcnen Erbsen zubereitet wird, um den besten Geschmack und die beste Textur zu gew\u00e4hrleisten.","og_url":"https:\/\/yasminfood.ch\/de\/product\/erbsen-aus-der-dose-830g-burcu\/","og_site_name":"Yasmin Food","article_publisher":"https:\/\/www.facebook.com\/yasminmarkt1","article_modified_time":"2025-11-06T10:09:24+00:00","og_image":[{"width":1080,"height":1080,"url":"https:\/\/yasminfood.ch\/wp-content\/uploads\/2025\/11\/\u0628\u0627\u0632\u064a\u0644\u0627\u0621-\u0645\u0639\u0644\u0628\u0629-830\u063a-Burcu.png","type":"image\/png"}],"twitter_card":"summary_large_image","twitter_misc":{"Preis":"4.95&nbsp;&#67;&#72;&#70;","Verf\u00fcgbarkeit":"Auf Lager"},"schema":{"@context":"https:\/\/schema.org","@graph":[{"@type":"WebPage","@id":"https:\/\/yasminfood.ch\/de\/product\/erbsen-aus-der-dose-830g-burcu\/","url":"https:\/\/yasminfood.ch\/de\/product\/erbsen-aus-der-dose-830g-burcu\/","name":"Erbsen aus der Dose 830g Burcu - Yasmin Food","isPartOf":{"@id":"https:\/\/yasminfood.ch\/de\/#website"},"primaryImageOfPage":{"@id":"https:\/\/yasminfood.ch\/de\/product\/erbsen-aus-der-dose-830g-burcu\/#primaryimage"},"image":{"@id":"https:\/\/yasminfood.ch\/de\/product\/erbsen-aus-der-dose-830g-burcu\/#primaryimage"},"thumbnailUrl":"https:\/\/yasminfood.ch\/wp-content\/uploads\/2025\/11\/\u0628\u0627\u0632\u064a\u0644\u0627\u0621-\u0645\u0639\u0644\u0628\u0629-830\u063a-Burcu.png","datePublished":"2025-11-06T10:06:06+00:00","dateModified":"2025-11-06T10:09:24+00:00","description":"Genie\u00dfen Sie den Geschmack von hochwertigen t\u00fcrkischen Burcu 830g Erbsen aus der Dose. Bereit zum Kochen und hat einen frischen, k\u00f6stlichen Geschmack! \ud83c\udf7d\ufe0f Erbsen aus der Dose 830g Burcu","breadcrumb":{"@id":"https:\/\/yasminfood.ch\/de\/product\/erbsen-aus-der-dose-830g-burcu\/#breadcrumb"},"inLanguage":"de","potentialAction":[{"@type":"ReadAction","target":["https:\/\/yasminfood.ch\/de\/product\/erbsen-aus-der-dose-830g-burcu\/"]}]},{"@type":"ImageObject","inLanguage":"de","@id":"https:\/\/yasminfood.ch\/de\/product\/erbsen-aus-der-dose-830g-burcu\/#primaryimage","url":"https:\/\/yasminfood.ch\/wp-content\/uploads\/2025\/11\/\u0628\u0627\u0632\u064a\u0644\u0627\u0621-\u0645\u0639\u0644\u0628\u0629-830\u063a-Burcu.png","contentUrl":"https:\/\/yasminfood.ch\/wp-content\/uploads\/2025\/11\/\u0628\u0627\u0632\u064a\u0644\u0627\u0621-\u0645\u0639\u0644\u0628\u0629-830\u063a-Burcu.png","width":1080,"height":1080,"caption":"Erbsen aus der Dose 830g Burcu"},{"@type":"BreadcrumbList","@id":"https:\/\/yasminfood.ch\/de\/product\/erbsen-aus-der-dose-830g-burcu\/#breadcrumb","itemListElement":[{"@type":"ListItem","position":1,"name":"\u0627\u0644\u0631\u0626\u064a\u0633\u064a\u0629","item":"https:\/\/yasminfood.ch\/de\/zuhause\/"},{"@type":"ListItem","position":2,"name":"Shop","item":"https:\/\/yasminfood.ch\/de\/shop\/"},{"@type":"ListItem","position":3,"name":"Konserven - Lebensmittel","item":"https:\/\/yasminfood.ch\/de\/produkt-kategorie\/konserven-lebensmittel\/"},{"@type":"ListItem","position":4,"name":"Bohnen","item":"https:\/\/yasminfood.ch\/de\/produkt-kategorie\/konserven-lebensmittel\/bohnen\/"},{"@type":"ListItem","position":5,"name":"Erbsen aus der Dose 830g Burcu"}]},{"@type":"WebSite","@id":"https:\/\/yasminfood.ch\/de\/#website","url":"https:\/\/yasminfood.ch\/de\/","name":"\u064a\u0627\u0633\u0645\u064a\u0646 \u0645\u0627\u0631\u0643\u062a","description":"Alles, was Sie brauchen, an einem Ort","publisher":{"@id":"https:\/\/yasminfood.ch\/de\/#organization"},"alternateName":"Yasmin Food","potentialAction":[{"@type":"SearchAction","target":{"@type":"EntryPoint","urlTemplate":"https:\/\/yasminfood.ch\/de\/?s={search_term_string}"},"query-input":{"@type":"PropertyValueSpecification","valueRequired":true,"valueName":"search_term_string"}}],"inLanguage":"de"},{"@type":"Organization","@id":"https:\/\/yasminfood.ch\/de\/#organization","name":"\u064a\u0627\u0633\u0645\u064a\u0646 \u0645\u0627\u0631\u0643\u062a","alternateName":"Yasmin Food","url":"https:\/\/yasminfood.ch\/de\/","logo":{"@type":"ImageObject","inLanguage":"de","@id":"https:\/\/yasminfood.ch\/de\/#\/schema\/logo\/image\/","url":"https:\/\/yasminfood.ch\/wp-content\/uploads\/2025\/05\/yasmin-food-header-logo.png","contentUrl":"https:\/\/yasminfood.ch\/wp-content\/uploads\/2025\/05\/yasmin-food-header-logo.png","width":330,"height":120,"caption":"\u064a\u0627\u0633\u0645\u064a\u0646 \u0645\u0627\u0631\u0643\u062a"},"image":{"@id":"https:\/\/yasminfood.ch\/de\/#\/schema\/logo\/image\/"},"sameAs":["https:\/\/www.facebook.com\/yasminmarkt1","https:\/\/www.tiktok.com\/@yasminmarkt","https:\/\/www.instagram.com\/yasmin.markt1\/","https:\/\/api.whatsapp.com\/send\/?phone=41799000104"],"publishingPrinciples":"https:\/\/yasminfood.ch\/de\/shop\/","ownershipFundingInfo":"https:\/\/yasminfood.ch\/de\/shop\/"}]},"product_price_amount":"4.95","product_price_currency":"CHF","og_availability":"instock","product_availability":"instock","product_condition":"new"},"jetpack_sharing_enabled":true,"_links":{"self":[{"href":"https:\/\/yasminfood.ch\/de\/wp-json\/wp\/v2\/product\/120606","targetHints":{"allow":["GET"]}}],"collection":[{"href":"https:\/\/yasminfood.ch\/de\/wp-json\/wp\/v2\/product"}],"about":[{"href":"https:\/\/yasminfood.ch\/de\/wp-json\/wp\/v2\/types\/product"}],"replies":[{"embeddable":true,"href":"https:\/\/yasminfood.ch\/de\/wp-json\/wp\/v2\/comments?post=120606"}],"version-history":[{"count":0,"href":"https:\/\/yasminfood.ch\/de\/wp-json\/wp\/v2\/product\/120606\/revisions"}],"wp:featuredmedia":[{"embeddable":true,"href":"https:\/\/yasminfood.ch\/de\/wp-json\/wp\/v2\/media\/120607"}],"wp:attachment":[{"href":"https:\/\/yasminfood.ch\/de\/wp-json\/wp\/v2\/media?parent=120606"}],"wp:term":[{"taxonomy":"product_brand","embeddable":true,"href":"https:\/\/yasminfood.ch\/de\/wp-json\/wp\/v2\/product_brand?post=120606"},{"taxonomy":"product_cat","embeddable":true,"href":"https:\/\/yasminfood.ch\/de\/wp-json\/wp\/v2\/product_cat?post=120606"},{"taxonomy":"product_tag","embeddable":true,"href":"https:\/\/yasminfood.ch\/de\/wp-json\/wp\/v2\/product_tag?post=120606"}],"curies":[{"name":"wp","href":"https:\/\/api.w.org\/{rel}","templated":true}]}}