{"id":120678,"date":"2025-11-12T14:07:56","date_gmt":"2025-11-12T13:07:56","guid":{"rendered":"https:\/\/yasminfood.ch\/product\/milch-lavita-kekse-24-stueck\/"},"modified":"2025-11-12T14:24:50","modified_gmt":"2025-11-12T13:24:50","slug":"milch-lavita-kekse-24-stueck","status":"publish","type":"product","link":"https:\/\/yasminfood.ch\/de\/product\/milch-lavita-kekse-24-stueck\/","title":{"rendered":"Milch Lavita Kekse 24 St\u00fcck"},"content":{"rendered":"<p><strong>Milch Lavita Kekse 24 St\u00fcck <\/strong>G\u00f6nnen Sie sich den unwiderstehlichen Geschmack der klassischen <em data-start=\"154\" data-end=\"163\">Lavita<\/em> Kekse!<\/p>\n<ul>\n<li>\n<p data-start=\"236\" data-end=\"479\">Eine knusprige Waffel, gef\u00fcllt mit reichhaltiger Milchcreme, perfekt zum Kaffee oder als Snack zu jeder Tageszeit.<br data-start=\"398\" data-end=\"401\">Es wird in einer sparsamen <strong data-start=\"433\" data-end=\"444\">24-teiligen<\/strong> Verpackung geliefert, um Ihnen einen k\u00f6stlichen Geschmack zu bieten, der lange anh\u00e4lt. <\/p>\n<p data-start=\"481\" data-end=\"498\">\u2705 <strong data-start=\"483\" data-end=\"496\">Funktionen:<\/strong><\/p>\n<ul data-start=\"499\" data-end=\"627\">\n<li data-start=\"499\" data-end=\"531\">\n<p data-start=\"501\" data-end=\"531\">Waffel mit Milch mit einem k\u00f6stlich cremigen Geschmack<\/p>\n<\/li>\n<li data-start=\"532\" data-end=\"557\">\n<p data-start=\"534\" data-end=\"557\">Geeignet f\u00fcr Kinder und Erwachsene<\/p>\n<\/li>\n<li data-start=\"558\" data-end=\"587\">\n<p data-start=\"560\" data-end=\"587\">Produktion der ber\u00fchmten Chicks Company<\/p>\n<\/li>\n<li data-start=\"588\" data-end=\"627\">\n<p data-start=\"590\" data-end=\"627\">Gro\u00dfe Packung (24 St\u00fcck) Perfekt f\u00fcr die Familie<\/p>\n<\/li>\n<\/ul>\n<p data-start=\"629\" data-end=\"708\">Der Geschmack, der bei jedem Bissen Knusprigkeit und S\u00fc\u00dfe vereint!<\/p>\n<\/li>\n<\/ul>\n","protected":false},"excerpt":{"rendered":"<p><strong>Milch Lavita Kekse 24 St\u00fcck <\/strong>G\u00f6nnen Sie sich den unwiderstehlichen Geschmack der klassischen <em data-start=\"154\" data-end=\"163\">Lavita<\/em> Kekse!<\/p>\n<ul>\n<li>\n<p data-start=\"236\" data-end=\"479\">Eine knusprige Waffel, gef\u00fcllt mit reichhaltiger Milchcreme, perfekt zum Kaffee oder als Snack zu jeder Tageszeit. <\/p>\n<\/li>\n<\/ul>\n","protected":false},"featured_media":120681,"comment_status":"open","ping_status":"closed","template":"","meta":[],"product_brand":[],"product_cat":[297,305],"product_tag":[],"class_list":{"0":"post-120678","1":"product","2":"type-product","3":"status-publish","4":"has-post-thumbnail","6":"product_cat-dessert-chips-2","7":"product_cat-kekse","9":"first","10":"instock","11":"taxable","12":"shipping-taxable","13":"purchasable","14":"product-type-simple"},"yoast_head":"<!-- This site is optimized with the Yoast SEO Premium plugin v26.5 (Yoast SEO v27.3) - https:\/\/yoast.com\/product\/yoast-seo-premium-wordpress\/ -->\n<title>Milch Lavita Kekse 24 St\u00fcck - Yasmin Food<\/title>\n<meta name=\"robots\" content=\"index, follow, max-snippet:-1, max-image-preview:large, max-video-preview:-1\" \/>\n<link rel=\"canonical\" href=\"https:\/\/yasminfood.ch\/de\/product\/milch-lavita-kekse-24-stueck\/\" \/>\n<meta property=\"og:locale\" content=\"de_DE\" \/>\n<meta property=\"og:type\" content=\"article\" \/>\n<meta property=\"og:title\" content=\"Milch Lavita Kekse 24 St\u00fcck\" \/>\n<meta property=\"og:description\" content=\"Milch Lavita Kekse 24 St\u00fcck G\u00f6nnen Sie sich den unwiderstehlichen Geschmack der klassischen Lavita Kekse!   Eine knusprige Waffel, gef\u00fcllt mit reichhaltiger Milchcreme, perfekt zum Kaffee oder als Snack zu jeder Tageszeit.\" \/>\n<meta property=\"og:url\" content=\"https:\/\/yasminfood.ch\/de\/product\/milch-lavita-kekse-24-stueck\/\" \/>\n<meta property=\"og:site_name\" content=\"Yasmin Food\" \/>\n<meta property=\"article:publisher\" content=\"https:\/\/www.facebook.com\/yasminmarkt1\" \/>\n<meta property=\"article:modified_time\" content=\"2025-11-12T13:24:50+00:00\" \/>\n<meta property=\"og:image\" content=\"https:\/\/yasminfood.ch\/wp-content\/uploads\/2025\/11\/\u0628\u0633\u0643\u0648\u064a\u062a-\u0644\u0627\u0641\u064a\u062a\u0627-\u0628\u0627\u0644\u062d\u0644\u064a\u0628-24-\u0642\u0637\u0639\u0629-1.png\" \/>\n\t<meta property=\"og:image:width\" content=\"1080\" \/>\n\t<meta property=\"og:image:height\" content=\"1080\" \/>\n\t<meta property=\"og:image:type\" content=\"image\/png\" \/>\n<meta name=\"twitter:card\" content=\"summary_large_image\" \/>\n<meta name=\"twitter:label1\" content=\"Preis\" \/>\n\t<meta name=\"twitter:data1\" content=\"7.95&nbsp;&#067;&#072;&#070;\" \/>\n\t<meta name=\"twitter:label2\" content=\"Verf\u00fcgbarkeit\" \/>\n\t<meta name=\"twitter:data2\" content=\"Auf Lager\" \/>\n<script type=\"application\/ld+json\" class=\"yoast-schema-graph\">{\"@context\":\"https:\\\/\\\/schema.org\",\"@graph\":[{\"@type\":\"WebPage\",\"@id\":\"https:\\\/\\\/yasminfood.ch\\\/de\\\/product\\\/milch-lavita-kekse-24-stueck\\\/\",\"url\":\"https:\\\/\\\/yasminfood.ch\\\/de\\\/product\\\/milch-lavita-kekse-24-stueck\\\/\",\"name\":\"Milch Lavita Kekse 24 St\u00fcck - Yasmin Food\",\"isPartOf\":{\"@id\":\"https:\\\/\\\/yasminfood.ch\\\/de\\\/#website\"},\"primaryImageOfPage\":{\"@id\":\"https:\\\/\\\/yasminfood.ch\\\/de\\\/product\\\/milch-lavita-kekse-24-stueck\\\/#primaryimage\"},\"image\":{\"@id\":\"https:\\\/\\\/yasminfood.ch\\\/de\\\/product\\\/milch-lavita-kekse-24-stueck\\\/#primaryimage\"},\"thumbnailUrl\":\"https:\\\/\\\/yasminfood.ch\\\/wp-content\\\/uploads\\\/2025\\\/11\\\/\u0628\u0633\u0643\u0648\u064a\u062a-\u0644\u0627\u0641\u064a\u062a\u0627-\u0628\u0627\u0644\u062d\u0644\u064a\u0628-24-\u0642\u0637\u0639\u0629-1.png\",\"datePublished\":\"2025-11-12T13:07:56+00:00\",\"dateModified\":\"2025-11-12T13:24:50+00:00\",\"breadcrumb\":{\"@id\":\"https:\\\/\\\/yasminfood.ch\\\/de\\\/product\\\/milch-lavita-kekse-24-stueck\\\/#breadcrumb\"},\"inLanguage\":\"de\",\"potentialAction\":[{\"@type\":\"ReadAction\",\"target\":[\"https:\\\/\\\/yasminfood.ch\\\/de\\\/product\\\/milch-lavita-kekse-24-stueck\\\/\"]}]},{\"@type\":\"ImageObject\",\"inLanguage\":\"de\",\"@id\":\"https:\\\/\\\/yasminfood.ch\\\/de\\\/product\\\/milch-lavita-kekse-24-stueck\\\/#primaryimage\",\"url\":\"https:\\\/\\\/yasminfood.ch\\\/wp-content\\\/uploads\\\/2025\\\/11\\\/\u0628\u0633\u0643\u0648\u064a\u062a-\u0644\u0627\u0641\u064a\u062a\u0627-\u0628\u0627\u0644\u062d\u0644\u064a\u0628-24-\u0642\u0637\u0639\u0629-1.png\",\"contentUrl\":\"https:\\\/\\\/yasminfood.ch\\\/wp-content\\\/uploads\\\/2025\\\/11\\\/\u0628\u0633\u0643\u0648\u064a\u062a-\u0644\u0627\u0641\u064a\u062a\u0627-\u0628\u0627\u0644\u062d\u0644\u064a\u0628-24-\u0642\u0637\u0639\u0629-1.png\",\"width\":1080,\"height\":1080,\"caption\":\"Milch Lavita Kekse 24 St\u00fcck\"},{\"@type\":\"BreadcrumbList\",\"@id\":\"https:\\\/\\\/yasminfood.ch\\\/de\\\/product\\\/milch-lavita-kekse-24-stueck\\\/#breadcrumb\",\"itemListElement\":[{\"@type\":\"ListItem\",\"position\":1,\"name\":\"\u0627\u0644\u0631\u0626\u064a\u0633\u064a\u0629\",\"item\":\"https:\\\/\\\/yasminfood.ch\\\/de\\\/zuhause\\\/\"},{\"@type\":\"ListItem\",\"position\":2,\"name\":\"Shop\",\"item\":\"https:\\\/\\\/yasminfood.ch\\\/de\\\/shop\\\/\"},{\"@type\":\"ListItem\",\"position\":3,\"name\":\"Dessert &amp; Chips\",\"item\":\"https:\\\/\\\/yasminfood.ch\\\/de\\\/produkt-kategorie\\\/dessert-chips-2\\\/\"},{\"@type\":\"ListItem\",\"position\":4,\"name\":\"Kekse\",\"item\":\"https:\\\/\\\/yasminfood.ch\\\/de\\\/produkt-kategorie\\\/dessert-chips-2\\\/kekse\\\/\"},{\"@type\":\"ListItem\",\"position\":5,\"name\":\"Milch Lavita Kekse 24 St\u00fcck\"}]},{\"@type\":\"WebSite\",\"@id\":\"https:\\\/\\\/yasminfood.ch\\\/de\\\/#website\",\"url\":\"https:\\\/\\\/yasminfood.ch\\\/de\\\/\",\"name\":\"\u064a\u0627\u0633\u0645\u064a\u0646 \u0645\u0627\u0631\u0643\u062a\",\"description\":\"Alles, was Sie brauchen, an einem Ort\",\"publisher\":{\"@id\":\"https:\\\/\\\/yasminfood.ch\\\/de\\\/#organization\"},\"alternateName\":\"Yasmin Food\",\"potentialAction\":[{\"@type\":\"SearchAction\",\"target\":{\"@type\":\"EntryPoint\",\"urlTemplate\":\"https:\\\/\\\/yasminfood.ch\\\/de\\\/?s={search_term_string}\"},\"query-input\":{\"@type\":\"PropertyValueSpecification\",\"valueRequired\":true,\"valueName\":\"search_term_string\"}}],\"inLanguage\":\"de\"},{\"@type\":\"Organization\",\"@id\":\"https:\\\/\\\/yasminfood.ch\\\/de\\\/#organization\",\"name\":\"\u064a\u0627\u0633\u0645\u064a\u0646 \u0645\u0627\u0631\u0643\u062a\",\"alternateName\":\"Yasmin Food\",\"url\":\"https:\\\/\\\/yasminfood.ch\\\/de\\\/\",\"logo\":{\"@type\":\"ImageObject\",\"inLanguage\":\"de\",\"@id\":\"https:\\\/\\\/yasminfood.ch\\\/de\\\/#\\\/schema\\\/logo\\\/image\\\/\",\"url\":\"https:\\\/\\\/yasminfood.ch\\\/wp-content\\\/uploads\\\/2025\\\/05\\\/yasmin-food-header-logo.png\",\"contentUrl\":\"https:\\\/\\\/yasminfood.ch\\\/wp-content\\\/uploads\\\/2025\\\/05\\\/yasmin-food-header-logo.png\",\"width\":330,\"height\":120,\"caption\":\"\u064a\u0627\u0633\u0645\u064a\u0646 \u0645\u0627\u0631\u0643\u062a\"},\"image\":{\"@id\":\"https:\\\/\\\/yasminfood.ch\\\/de\\\/#\\\/schema\\\/logo\\\/image\\\/\"},\"sameAs\":[\"https:\\\/\\\/www.facebook.com\\\/yasminmarkt1\",\"https:\\\/\\\/www.tiktok.com\\\/@yasminmarkt\",\"https:\\\/\\\/www.instagram.com\\\/yasmin.markt1\\\/\",\"https:\\\/\\\/api.whatsapp.com\\\/send\\\/?phone=41799000104\"],\"publishingPrinciples\":\"https:\\\/\\\/yasminfood.ch\\\/de\\\/shop\\\/\",\"ownershipFundingInfo\":\"https:\\\/\\\/yasminfood.ch\\\/de\\\/shop\\\/\"}]}<\/script>\n<meta property=\"product:price:amount\" content=\"7.95\" \/>\n<meta property=\"product:price:currency\" content=\"CHF\" \/>\n<meta property=\"og:availability\" content=\"instock\" \/>\n<meta property=\"product:availability\" content=\"instock\" \/>\n<meta property=\"product:condition\" content=\"new\" \/>\n<!-- \/ Yoast SEO Premium plugin. -->","yoast_head_json":{"title":"Milch Lavita Kekse 24 St\u00fcck - Yasmin Food","robots":{"index":"index","follow":"follow","max-snippet":"max-snippet:-1","max-image-preview":"max-image-preview:large","max-video-preview":"max-video-preview:-1"},"canonical":"https:\/\/yasminfood.ch\/de\/product\/milch-lavita-kekse-24-stueck\/","og_locale":"de_DE","og_type":"article","og_title":"Milch Lavita Kekse 24 St\u00fcck","og_description":"Milch Lavita Kekse 24 St\u00fcck G\u00f6nnen Sie sich den unwiderstehlichen Geschmack der klassischen Lavita Kekse!   Eine knusprige Waffel, gef\u00fcllt mit reichhaltiger Milchcreme, perfekt zum Kaffee oder als Snack zu jeder Tageszeit.","og_url":"https:\/\/yasminfood.ch\/de\/product\/milch-lavita-kekse-24-stueck\/","og_site_name":"Yasmin Food","article_publisher":"https:\/\/www.facebook.com\/yasminmarkt1","article_modified_time":"2025-11-12T13:24:50+00:00","og_image":[{"width":1080,"height":1080,"url":"https:\/\/yasminfood.ch\/wp-content\/uploads\/2025\/11\/\u0628\u0633\u0643\u0648\u064a\u062a-\u0644\u0627\u0641\u064a\u062a\u0627-\u0628\u0627\u0644\u062d\u0644\u064a\u0628-24-\u0642\u0637\u0639\u0629-1.png","type":"image\/png"}],"twitter_card":"summary_large_image","twitter_misc":{"Preis":"7.95&nbsp;&#67;&#72;&#70;","Verf\u00fcgbarkeit":"Auf Lager"},"schema":{"@context":"https:\/\/schema.org","@graph":[{"@type":"WebPage","@id":"https:\/\/yasminfood.ch\/de\/product\/milch-lavita-kekse-24-stueck\/","url":"https:\/\/yasminfood.ch\/de\/product\/milch-lavita-kekse-24-stueck\/","name":"Milch Lavita Kekse 24 St\u00fcck - Yasmin Food","isPartOf":{"@id":"https:\/\/yasminfood.ch\/de\/#website"},"primaryImageOfPage":{"@id":"https:\/\/yasminfood.ch\/de\/product\/milch-lavita-kekse-24-stueck\/#primaryimage"},"image":{"@id":"https:\/\/yasminfood.ch\/de\/product\/milch-lavita-kekse-24-stueck\/#primaryimage"},"thumbnailUrl":"https:\/\/yasminfood.ch\/wp-content\/uploads\/2025\/11\/\u0628\u0633\u0643\u0648\u064a\u062a-\u0644\u0627\u0641\u064a\u062a\u0627-\u0628\u0627\u0644\u062d\u0644\u064a\u0628-24-\u0642\u0637\u0639\u0629-1.png","datePublished":"2025-11-12T13:07:56+00:00","dateModified":"2025-11-12T13:24:50+00:00","breadcrumb":{"@id":"https:\/\/yasminfood.ch\/de\/product\/milch-lavita-kekse-24-stueck\/#breadcrumb"},"inLanguage":"de","potentialAction":[{"@type":"ReadAction","target":["https:\/\/yasminfood.ch\/de\/product\/milch-lavita-kekse-24-stueck\/"]}]},{"@type":"ImageObject","inLanguage":"de","@id":"https:\/\/yasminfood.ch\/de\/product\/milch-lavita-kekse-24-stueck\/#primaryimage","url":"https:\/\/yasminfood.ch\/wp-content\/uploads\/2025\/11\/\u0628\u0633\u0643\u0648\u064a\u062a-\u0644\u0627\u0641\u064a\u062a\u0627-\u0628\u0627\u0644\u062d\u0644\u064a\u0628-24-\u0642\u0637\u0639\u0629-1.png","contentUrl":"https:\/\/yasminfood.ch\/wp-content\/uploads\/2025\/11\/\u0628\u0633\u0643\u0648\u064a\u062a-\u0644\u0627\u0641\u064a\u062a\u0627-\u0628\u0627\u0644\u062d\u0644\u064a\u0628-24-\u0642\u0637\u0639\u0629-1.png","width":1080,"height":1080,"caption":"Milch Lavita Kekse 24 St\u00fcck"},{"@type":"BreadcrumbList","@id":"https:\/\/yasminfood.ch\/de\/product\/milch-lavita-kekse-24-stueck\/#breadcrumb","itemListElement":[{"@type":"ListItem","position":1,"name":"\u0627\u0644\u0631\u0626\u064a\u0633\u064a\u0629","item":"https:\/\/yasminfood.ch\/de\/zuhause\/"},{"@type":"ListItem","position":2,"name":"Shop","item":"https:\/\/yasminfood.ch\/de\/shop\/"},{"@type":"ListItem","position":3,"name":"Dessert &amp; Chips","item":"https:\/\/yasminfood.ch\/de\/produkt-kategorie\/dessert-chips-2\/"},{"@type":"ListItem","position":4,"name":"Kekse","item":"https:\/\/yasminfood.ch\/de\/produkt-kategorie\/dessert-chips-2\/kekse\/"},{"@type":"ListItem","position":5,"name":"Milch Lavita Kekse 24 St\u00fcck"}]},{"@type":"WebSite","@id":"https:\/\/yasminfood.ch\/de\/#website","url":"https:\/\/yasminfood.ch\/de\/","name":"\u064a\u0627\u0633\u0645\u064a\u0646 \u0645\u0627\u0631\u0643\u062a","description":"Alles, was Sie brauchen, an einem Ort","publisher":{"@id":"https:\/\/yasminfood.ch\/de\/#organization"},"alternateName":"Yasmin Food","potentialAction":[{"@type":"SearchAction","target":{"@type":"EntryPoint","urlTemplate":"https:\/\/yasminfood.ch\/de\/?s={search_term_string}"},"query-input":{"@type":"PropertyValueSpecification","valueRequired":true,"valueName":"search_term_string"}}],"inLanguage":"de"},{"@type":"Organization","@id":"https:\/\/yasminfood.ch\/de\/#organization","name":"\u064a\u0627\u0633\u0645\u064a\u0646 \u0645\u0627\u0631\u0643\u062a","alternateName":"Yasmin Food","url":"https:\/\/yasminfood.ch\/de\/","logo":{"@type":"ImageObject","inLanguage":"de","@id":"https:\/\/yasminfood.ch\/de\/#\/schema\/logo\/image\/","url":"https:\/\/yasminfood.ch\/wp-content\/uploads\/2025\/05\/yasmin-food-header-logo.png","contentUrl":"https:\/\/yasminfood.ch\/wp-content\/uploads\/2025\/05\/yasmin-food-header-logo.png","width":330,"height":120,"caption":"\u064a\u0627\u0633\u0645\u064a\u0646 \u0645\u0627\u0631\u0643\u062a"},"image":{"@id":"https:\/\/yasminfood.ch\/de\/#\/schema\/logo\/image\/"},"sameAs":["https:\/\/www.facebook.com\/yasminmarkt1","https:\/\/www.tiktok.com\/@yasminmarkt","https:\/\/www.instagram.com\/yasmin.markt1\/","https:\/\/api.whatsapp.com\/send\/?phone=41799000104"],"publishingPrinciples":"https:\/\/yasminfood.ch\/de\/shop\/","ownershipFundingInfo":"https:\/\/yasminfood.ch\/de\/shop\/"}]},"product_price_amount":"7.95","product_price_currency":"CHF","og_availability":"instock","product_availability":"instock","product_condition":"new"},"jetpack_sharing_enabled":true,"_links":{"self":[{"href":"https:\/\/yasminfood.ch\/de\/wp-json\/wp\/v2\/product\/120678","targetHints":{"allow":["GET"]}}],"collection":[{"href":"https:\/\/yasminfood.ch\/de\/wp-json\/wp\/v2\/product"}],"about":[{"href":"https:\/\/yasminfood.ch\/de\/wp-json\/wp\/v2\/types\/product"}],"replies":[{"embeddable":true,"href":"https:\/\/yasminfood.ch\/de\/wp-json\/wp\/v2\/comments?post=120678"}],"version-history":[{"count":0,"href":"https:\/\/yasminfood.ch\/de\/wp-json\/wp\/v2\/product\/120678\/revisions"}],"wp:featuredmedia":[{"embeddable":true,"href":"https:\/\/yasminfood.ch\/de\/wp-json\/wp\/v2\/media\/120681"}],"wp:attachment":[{"href":"https:\/\/yasminfood.ch\/de\/wp-json\/wp\/v2\/media?parent=120678"}],"wp:term":[{"taxonomy":"product_brand","embeddable":true,"href":"https:\/\/yasminfood.ch\/de\/wp-json\/wp\/v2\/product_brand?post=120678"},{"taxonomy":"product_cat","embeddable":true,"href":"https:\/\/yasminfood.ch\/de\/wp-json\/wp\/v2\/product_cat?post=120678"},{"taxonomy":"product_tag","embeddable":true,"href":"https:\/\/yasminfood.ch\/de\/wp-json\/wp\/v2\/product_tag?post=120678"}],"curies":[{"name":"wp","href":"https:\/\/api.w.org\/{rel}","templated":true}]}}