{"id":120795,"date":"2025-12-04T10:40:57","date_gmt":"2025-12-04T09:40:57","guid":{"rendered":"https:\/\/yasminfood.ch\/product\/tunesischer-jouda-harissa-70g\/"},"modified":"2025-12-04T12:10:39","modified_gmt":"2025-12-04T11:10:39","slug":"tunesischer-jouda-harissa-70g","status":"publish","type":"product","link":"https:\/\/yasminfood.ch\/de\/product\/tunesischer-jouda-harissa-70g\/","title":{"rendered":"Tunesischer Jouda Harissa 70g"},"content":{"rendered":"<p><strong>Tunesischer Jouda Harissa 70g  <\/strong><\/p>\n<ul>\n<li>\n<p data-start=\"107\" data-end=\"226\">Es bietet einen authentisch tunesischen Geschmack, der auf nat\u00fcrlichem Chili basiert. Er hat einen kr\u00e4ftigen und s\u00e4uerlichen Geschmack, der allt\u00e4glichen Gerichten und Vorspeisen eine charakteristische Sch\u00e4rfe verleiht. <\/p>\n<\/li>\n<li>\n<p data-start=\"107\" data-end=\"226\">Gouda verwendet hochwertige, getrocknete rote Paprika, um Harissa mit einer attraktiven Farbe und einem markanten Aroma herzustellen.<\/p>\n<\/li>\n<li>\n<p data-start=\"107\" data-end=\"226\">Es kann zu Sandwiches, Suppen, Pasta und So\u00dfen hinzugef\u00fcgt oder als starkes Lebensmittelaroma verwendet werden. <\/p>\n<p data-start=\"400\" data-end=\"521\">Harissa hat eine feste Textur, die direkt aus der Tube leicht zu verwenden ist. Geeignet f\u00fcr Liebhaber scharfer Speisen und bietet einen konzentrierten Geschmack ohne k\u00fcnstliche Substanzen. <\/p>\n<p data-start=\"523\" data-end=\"717\" data-is-last-node=\"\" data-is-only-node=\"\">Der 70-G-Pack ist in einer praktischen Gr\u00f6\u00dfe erh\u00e4ltlich, die man problemlos auf Reisen und in der t\u00e4glichen K\u00fcche mitnehmen kann<\/p>\n<\/li>\n<\/ul>\n","protected":false},"excerpt":{"rendered":"<p><strong>Tunesischer Jouda Harissa 70g  <\/strong><\/p>\n<ul>\n<li>\n<p data-start=\"107\" data-end=\"226\">Es bietet einen authentisch tunesischen Geschmack, der auf nat\u00fcrlichem Chili basiert. Er hat einen kr\u00e4ftigen und s\u00e4uerlichen Geschmack, der allt\u00e4glichen Gerichten und Vorspeisen eine charakteristische Sch\u00e4rfe verleiht. <\/p>\n<\/li>\n<\/ul>\n","protected":false},"featured_media":120797,"comment_status":"open","ping_status":"closed","template":"","meta":[],"product_brand":[],"product_cat":[245,274],"product_tag":[],"class_list":{"0":"post-120795","1":"product","2":"type-product","3":"status-publish","4":"has-post-thumbnail","6":"product_cat-konserven-lebensmittel","7":"product_cat-paprika-sauce","9":"first","10":"instock","11":"taxable","12":"shipping-taxable","13":"purchasable","14":"product-type-simple"},"yoast_head":"<!-- This site is optimized with the Yoast SEO Premium plugin v26.5 (Yoast SEO v27.4) - https:\/\/yoast.com\/product\/yoast-seo-premium-wordpress\/ -->\n<title>Tunesischer Jouda Harissa 70g - Yasmin Food<\/title>\n<meta name=\"description\" content=\"Genie\u00dfe einen authentischen tunesischen Geschmack mit tunesischer Jouda Harissa 70g. F\u00fcge sie deinen Alltagsgerichten hinzu und genie\u00dfe ihren kr\u00e4ftigen Geschmack! \ud83c\udf36\ufe0f Yasmin Food Tunesischer Jouda Harissa 70g\" \/>\n<meta name=\"robots\" content=\"index, follow, max-snippet:-1, max-image-preview:large, max-video-preview:-1\" \/>\n<link rel=\"canonical\" href=\"https:\/\/yasminfood.ch\/de\/product\/tunesischer-jouda-harissa-70g\/\" \/>\n<meta property=\"og:locale\" content=\"de_DE\" \/>\n<meta property=\"og:type\" content=\"article\" \/>\n<meta property=\"og:title\" content=\"Tunesischer Jouda Harissa 70g\" \/>\n<meta property=\"og:description\" content=\"Tunesischer Jouda Harissa 70g    Es bietet einen authentisch tunesischen Geschmack, der auf nat\u00fcrlichem Chili basiert. Er hat einen kr\u00e4ftigen und s\u00e4uerlichen Geschmack, der allt\u00e4glichen Gerichten und Vorspeisen eine charakteristische Sch\u00e4rfe verleiht.\" \/>\n<meta property=\"og:url\" content=\"https:\/\/yasminfood.ch\/de\/product\/tunesischer-jouda-harissa-70g\/\" \/>\n<meta property=\"og:site_name\" content=\"Yasmin Food\" \/>\n<meta property=\"article:publisher\" content=\"https:\/\/www.facebook.com\/yasminmarkt1\" \/>\n<meta property=\"article:modified_time\" content=\"2025-12-04T11:10:39+00:00\" \/>\n<meta property=\"og:image\" content=\"https:\/\/yasminfood.ch\/wp-content\/uploads\/2025\/12\/\u0647\u0631\u064a\u0633\u0629-\u062c\u0648\u062f\u0627-\u0627\u0644\u062a\u0648\u0646\u0633\u064a\u0629-\u2013-70\u063a1.png\" \/>\n\t<meta property=\"og:image:width\" content=\"1000\" \/>\n\t<meta property=\"og:image:height\" content=\"1000\" \/>\n\t<meta property=\"og:image:type\" content=\"image\/png\" \/>\n<meta name=\"twitter:card\" content=\"summary_large_image\" \/>\n<meta name=\"twitter:label1\" content=\"Preis\" \/>\n\t<meta name=\"twitter:data1\" content=\"1.95&nbsp;&#067;&#072;&#070;\" \/>\n\t<meta name=\"twitter:label2\" content=\"Verf\u00fcgbarkeit\" \/>\n\t<meta name=\"twitter:data2\" content=\"Auf Lager\" \/>\n<script type=\"application\/ld+json\" class=\"yoast-schema-graph\">{\"@context\":\"https:\\\/\\\/schema.org\",\"@graph\":[{\"@type\":\"WebPage\",\"@id\":\"https:\\\/\\\/yasminfood.ch\\\/de\\\/product\\\/tunesischer-jouda-harissa-70g\\\/\",\"url\":\"https:\\\/\\\/yasminfood.ch\\\/de\\\/product\\\/tunesischer-jouda-harissa-70g\\\/\",\"name\":\"Tunesischer Jouda Harissa 70g - Yasmin Food\",\"isPartOf\":{\"@id\":\"https:\\\/\\\/yasminfood.ch\\\/de\\\/#website\"},\"primaryImageOfPage\":{\"@id\":\"https:\\\/\\\/yasminfood.ch\\\/de\\\/product\\\/tunesischer-jouda-harissa-70g\\\/#primaryimage\"},\"image\":{\"@id\":\"https:\\\/\\\/yasminfood.ch\\\/de\\\/product\\\/tunesischer-jouda-harissa-70g\\\/#primaryimage\"},\"thumbnailUrl\":\"https:\\\/\\\/yasminfood.ch\\\/wp-content\\\/uploads\\\/2025\\\/12\\\/\u0647\u0631\u064a\u0633\u0629-\u062c\u0648\u062f\u0627-\u0627\u0644\u062a\u0648\u0646\u0633\u064a\u0629-\u2013-70\u063a1.png\",\"datePublished\":\"2025-12-04T09:40:57+00:00\",\"dateModified\":\"2025-12-04T11:10:39+00:00\",\"description\":\"Genie\u00dfe einen authentischen tunesischen Geschmack mit tunesischer Jouda Harissa 70g. F\u00fcge sie deinen Alltagsgerichten hinzu und genie\u00dfe ihren kr\u00e4ftigen Geschmack! \ud83c\udf36\ufe0f Yasmin Food Tunesischer Jouda Harissa 70g\",\"breadcrumb\":{\"@id\":\"https:\\\/\\\/yasminfood.ch\\\/de\\\/product\\\/tunesischer-jouda-harissa-70g\\\/#breadcrumb\"},\"inLanguage\":\"de\",\"potentialAction\":[{\"@type\":\"ReadAction\",\"target\":[\"https:\\\/\\\/yasminfood.ch\\\/de\\\/product\\\/tunesischer-jouda-harissa-70g\\\/\"]}]},{\"@type\":\"ImageObject\",\"inLanguage\":\"de\",\"@id\":\"https:\\\/\\\/yasminfood.ch\\\/de\\\/product\\\/tunesischer-jouda-harissa-70g\\\/#primaryimage\",\"url\":\"https:\\\/\\\/yasminfood.ch\\\/wp-content\\\/uploads\\\/2025\\\/12\\\/\u0647\u0631\u064a\u0633\u0629-\u062c\u0648\u062f\u0627-\u0627\u0644\u062a\u0648\u0646\u0633\u064a\u0629-\u2013-70\u063a1.png\",\"contentUrl\":\"https:\\\/\\\/yasminfood.ch\\\/wp-content\\\/uploads\\\/2025\\\/12\\\/\u0647\u0631\u064a\u0633\u0629-\u062c\u0648\u062f\u0627-\u0627\u0644\u062a\u0648\u0646\u0633\u064a\u0629-\u2013-70\u063a1.png\",\"width\":1000,\"height\":1000,\"caption\":\"Tunesischer Jouda Harissa 70g\"},{\"@type\":\"BreadcrumbList\",\"@id\":\"https:\\\/\\\/yasminfood.ch\\\/de\\\/product\\\/tunesischer-jouda-harissa-70g\\\/#breadcrumb\",\"itemListElement\":[{\"@type\":\"ListItem\",\"position\":1,\"name\":\"\u0627\u0644\u0631\u0626\u064a\u0633\u064a\u0629\",\"item\":\"https:\\\/\\\/yasminfood.ch\\\/de\\\/zuhause\\\/\"},{\"@type\":\"ListItem\",\"position\":2,\"name\":\"Shop\",\"item\":\"https:\\\/\\\/yasminfood.ch\\\/de\\\/shop\\\/\"},{\"@type\":\"ListItem\",\"position\":3,\"name\":\"Tunesischer Jouda Harissa 70g\"}]},{\"@type\":\"WebSite\",\"@id\":\"https:\\\/\\\/yasminfood.ch\\\/de\\\/#website\",\"url\":\"https:\\\/\\\/yasminfood.ch\\\/de\\\/\",\"name\":\"\u064a\u0627\u0633\u0645\u064a\u0646 \u0645\u0627\u0631\u0643\u062a\",\"description\":\"Alles, was Sie brauchen, an einem Ort\",\"publisher\":{\"@id\":\"https:\\\/\\\/yasminfood.ch\\\/de\\\/#organization\"},\"alternateName\":\"Yasmin Food\",\"potentialAction\":[{\"@type\":\"SearchAction\",\"target\":{\"@type\":\"EntryPoint\",\"urlTemplate\":\"https:\\\/\\\/yasminfood.ch\\\/de\\\/?s={search_term_string}\"},\"query-input\":{\"@type\":\"PropertyValueSpecification\",\"valueRequired\":true,\"valueName\":\"search_term_string\"}}],\"inLanguage\":\"de\"},{\"@type\":\"Organization\",\"@id\":\"https:\\\/\\\/yasminfood.ch\\\/de\\\/#organization\",\"name\":\"\u064a\u0627\u0633\u0645\u064a\u0646 \u0645\u0627\u0631\u0643\u062a\",\"alternateName\":\"Yasmin Food\",\"url\":\"https:\\\/\\\/yasminfood.ch\\\/de\\\/\",\"logo\":{\"@type\":\"ImageObject\",\"inLanguage\":\"de\",\"@id\":\"https:\\\/\\\/yasminfood.ch\\\/de\\\/#\\\/schema\\\/logo\\\/image\\\/\",\"url\":\"https:\\\/\\\/yasminfood.ch\\\/wp-content\\\/uploads\\\/2025\\\/05\\\/yasmin-food-header-logo.png\",\"contentUrl\":\"https:\\\/\\\/yasminfood.ch\\\/wp-content\\\/uploads\\\/2025\\\/05\\\/yasmin-food-header-logo.png\",\"width\":330,\"height\":120,\"caption\":\"\u064a\u0627\u0633\u0645\u064a\u0646 \u0645\u0627\u0631\u0643\u062a\"},\"image\":{\"@id\":\"https:\\\/\\\/yasminfood.ch\\\/de\\\/#\\\/schema\\\/logo\\\/image\\\/\"},\"sameAs\":[\"https:\\\/\\\/www.facebook.com\\\/yasminmarkt1\",\"https:\\\/\\\/www.tiktok.com\\\/@yasminmarkt\",\"https:\\\/\\\/www.instagram.com\\\/yasmin.markt1\\\/\",\"https:\\\/\\\/api.whatsapp.com\\\/send\\\/?phone=41799000104\"],\"publishingPrinciples\":\"https:\\\/\\\/yasminfood.ch\\\/de\\\/shop\\\/\",\"ownershipFundingInfo\":\"https:\\\/\\\/yasminfood.ch\\\/de\\\/shop\\\/\"}]}<\/script>\n<meta property=\"product:price:amount\" content=\"1.95\" \/>\n<meta property=\"product:price:currency\" content=\"CHF\" \/>\n<meta property=\"og:availability\" content=\"instock\" \/>\n<meta property=\"product:availability\" content=\"instock\" \/>\n<meta property=\"product:condition\" content=\"new\" \/>\n<!-- \/ Yoast SEO Premium plugin. -->","yoast_head_json":{"title":"Tunesischer Jouda Harissa 70g - Yasmin Food","description":"Genie\u00dfe einen authentischen tunesischen Geschmack mit tunesischer Jouda Harissa 70g. F\u00fcge sie deinen Alltagsgerichten hinzu und genie\u00dfe ihren kr\u00e4ftigen Geschmack! \ud83c\udf36\ufe0f Yasmin Food Tunesischer Jouda Harissa 70g","robots":{"index":"index","follow":"follow","max-snippet":"max-snippet:-1","max-image-preview":"max-image-preview:large","max-video-preview":"max-video-preview:-1"},"canonical":"https:\/\/yasminfood.ch\/de\/product\/tunesischer-jouda-harissa-70g\/","og_locale":"de_DE","og_type":"article","og_title":"Tunesischer Jouda Harissa 70g","og_description":"Tunesischer Jouda Harissa 70g    Es bietet einen authentisch tunesischen Geschmack, der auf nat\u00fcrlichem Chili basiert. Er hat einen kr\u00e4ftigen und s\u00e4uerlichen Geschmack, der allt\u00e4glichen Gerichten und Vorspeisen eine charakteristische Sch\u00e4rfe verleiht.","og_url":"https:\/\/yasminfood.ch\/de\/product\/tunesischer-jouda-harissa-70g\/","og_site_name":"Yasmin Food","article_publisher":"https:\/\/www.facebook.com\/yasminmarkt1","article_modified_time":"2025-12-04T11:10:39+00:00","og_image":[{"width":1000,"height":1000,"url":"https:\/\/yasminfood.ch\/wp-content\/uploads\/2025\/12\/\u0647\u0631\u064a\u0633\u0629-\u062c\u0648\u062f\u0627-\u0627\u0644\u062a\u0648\u0646\u0633\u064a\u0629-\u2013-70\u063a1.png","type":"image\/png"}],"twitter_card":"summary_large_image","twitter_misc":{"Preis":"1.95&nbsp;&#67;&#72;&#70;","Verf\u00fcgbarkeit":"Auf Lager"},"schema":{"@context":"https:\/\/schema.org","@graph":[{"@type":"WebPage","@id":"https:\/\/yasminfood.ch\/de\/product\/tunesischer-jouda-harissa-70g\/","url":"https:\/\/yasminfood.ch\/de\/product\/tunesischer-jouda-harissa-70g\/","name":"Tunesischer Jouda Harissa 70g - Yasmin Food","isPartOf":{"@id":"https:\/\/yasminfood.ch\/de\/#website"},"primaryImageOfPage":{"@id":"https:\/\/yasminfood.ch\/de\/product\/tunesischer-jouda-harissa-70g\/#primaryimage"},"image":{"@id":"https:\/\/yasminfood.ch\/de\/product\/tunesischer-jouda-harissa-70g\/#primaryimage"},"thumbnailUrl":"https:\/\/yasminfood.ch\/wp-content\/uploads\/2025\/12\/\u0647\u0631\u064a\u0633\u0629-\u062c\u0648\u062f\u0627-\u0627\u0644\u062a\u0648\u0646\u0633\u064a\u0629-\u2013-70\u063a1.png","datePublished":"2025-12-04T09:40:57+00:00","dateModified":"2025-12-04T11:10:39+00:00","description":"Genie\u00dfe einen authentischen tunesischen Geschmack mit tunesischer Jouda Harissa 70g. F\u00fcge sie deinen Alltagsgerichten hinzu und genie\u00dfe ihren kr\u00e4ftigen Geschmack! \ud83c\udf36\ufe0f Yasmin Food Tunesischer Jouda Harissa 70g","breadcrumb":{"@id":"https:\/\/yasminfood.ch\/de\/product\/tunesischer-jouda-harissa-70g\/#breadcrumb"},"inLanguage":"de","potentialAction":[{"@type":"ReadAction","target":["https:\/\/yasminfood.ch\/de\/product\/tunesischer-jouda-harissa-70g\/"]}]},{"@type":"ImageObject","inLanguage":"de","@id":"https:\/\/yasminfood.ch\/de\/product\/tunesischer-jouda-harissa-70g\/#primaryimage","url":"https:\/\/yasminfood.ch\/wp-content\/uploads\/2025\/12\/\u0647\u0631\u064a\u0633\u0629-\u062c\u0648\u062f\u0627-\u0627\u0644\u062a\u0648\u0646\u0633\u064a\u0629-\u2013-70\u063a1.png","contentUrl":"https:\/\/yasminfood.ch\/wp-content\/uploads\/2025\/12\/\u0647\u0631\u064a\u0633\u0629-\u062c\u0648\u062f\u0627-\u0627\u0644\u062a\u0648\u0646\u0633\u064a\u0629-\u2013-70\u063a1.png","width":1000,"height":1000,"caption":"Tunesischer Jouda Harissa 70g"},{"@type":"BreadcrumbList","@id":"https:\/\/yasminfood.ch\/de\/product\/tunesischer-jouda-harissa-70g\/#breadcrumb","itemListElement":[{"@type":"ListItem","position":1,"name":"\u0627\u0644\u0631\u0626\u064a\u0633\u064a\u0629","item":"https:\/\/yasminfood.ch\/de\/zuhause\/"},{"@type":"ListItem","position":2,"name":"Shop","item":"https:\/\/yasminfood.ch\/de\/shop\/"},{"@type":"ListItem","position":3,"name":"Tunesischer Jouda Harissa 70g"}]},{"@type":"WebSite","@id":"https:\/\/yasminfood.ch\/de\/#website","url":"https:\/\/yasminfood.ch\/de\/","name":"\u064a\u0627\u0633\u0645\u064a\u0646 \u0645\u0627\u0631\u0643\u062a","description":"Alles, was Sie brauchen, an einem Ort","publisher":{"@id":"https:\/\/yasminfood.ch\/de\/#organization"},"alternateName":"Yasmin Food","potentialAction":[{"@type":"SearchAction","target":{"@type":"EntryPoint","urlTemplate":"https:\/\/yasminfood.ch\/de\/?s={search_term_string}"},"query-input":{"@type":"PropertyValueSpecification","valueRequired":true,"valueName":"search_term_string"}}],"inLanguage":"de"},{"@type":"Organization","@id":"https:\/\/yasminfood.ch\/de\/#organization","name":"\u064a\u0627\u0633\u0645\u064a\u0646 \u0645\u0627\u0631\u0643\u062a","alternateName":"Yasmin Food","url":"https:\/\/yasminfood.ch\/de\/","logo":{"@type":"ImageObject","inLanguage":"de","@id":"https:\/\/yasminfood.ch\/de\/#\/schema\/logo\/image\/","url":"https:\/\/yasminfood.ch\/wp-content\/uploads\/2025\/05\/yasmin-food-header-logo.png","contentUrl":"https:\/\/yasminfood.ch\/wp-content\/uploads\/2025\/05\/yasmin-food-header-logo.png","width":330,"height":120,"caption":"\u064a\u0627\u0633\u0645\u064a\u0646 \u0645\u0627\u0631\u0643\u062a"},"image":{"@id":"https:\/\/yasminfood.ch\/de\/#\/schema\/logo\/image\/"},"sameAs":["https:\/\/www.facebook.com\/yasminmarkt1","https:\/\/www.tiktok.com\/@yasminmarkt","https:\/\/www.instagram.com\/yasmin.markt1\/","https:\/\/api.whatsapp.com\/send\/?phone=41799000104"],"publishingPrinciples":"https:\/\/yasminfood.ch\/de\/shop\/","ownershipFundingInfo":"https:\/\/yasminfood.ch\/de\/shop\/"}]},"product_price_amount":"1.95","product_price_currency":"CHF","og_availability":"instock","product_availability":"instock","product_condition":"new"},"jetpack_sharing_enabled":true,"_links":{"self":[{"href":"https:\/\/yasminfood.ch\/de\/wp-json\/wp\/v2\/product\/120795","targetHints":{"allow":["GET"]}}],"collection":[{"href":"https:\/\/yasminfood.ch\/de\/wp-json\/wp\/v2\/product"}],"about":[{"href":"https:\/\/yasminfood.ch\/de\/wp-json\/wp\/v2\/types\/product"}],"replies":[{"embeddable":true,"href":"https:\/\/yasminfood.ch\/de\/wp-json\/wp\/v2\/comments?post=120795"}],"version-history":[{"count":0,"href":"https:\/\/yasminfood.ch\/de\/wp-json\/wp\/v2\/product\/120795\/revisions"}],"wp:featuredmedia":[{"embeddable":true,"href":"https:\/\/yasminfood.ch\/de\/wp-json\/wp\/v2\/media\/120797"}],"wp:attachment":[{"href":"https:\/\/yasminfood.ch\/de\/wp-json\/wp\/v2\/media?parent=120795"}],"wp:term":[{"taxonomy":"product_brand","embeddable":true,"href":"https:\/\/yasminfood.ch\/de\/wp-json\/wp\/v2\/product_brand?post=120795"},{"taxonomy":"product_cat","embeddable":true,"href":"https:\/\/yasminfood.ch\/de\/wp-json\/wp\/v2\/product_cat?post=120795"},{"taxonomy":"product_tag","embeddable":true,"href":"https:\/\/yasminfood.ch\/de\/wp-json\/wp\/v2\/product_tag?post=120795"}],"curies":[{"name":"wp","href":"https:\/\/api.w.org\/{rel}","templated":true}]}}