{"id":121029,"date":"2025-12-22T14:02:56","date_gmt":"2025-12-22T13:02:56","guid":{"rendered":"https:\/\/yasminfood.ch\/product\/nashed-chocolate-500gr-ist-gestorben\/"},"modified":"2025-12-22T14:12:57","modified_gmt":"2025-12-22T13:12:57","slug":"nashed-chocolate-500gr-ist-gestorben","status":"publish","type":"product","link":"https:\/\/yasminfood.ch\/de\/product\/nashed-chocolate-500gr-ist-gestorben\/","title":{"rendered":"Nashed Chocolate 500gr ist gestorben"},"content":{"rendered":"<p><strong>Nashed Chocolate 500gr ist gestorben<\/strong><\/p>\n<div class=\"flex flex-col text-sm pb-25\">\n<article class=\"text-token-text-primary w-full focus:outline-none [--shadow-height:45px] has-data-writing-block:pointer-events-none has-data-writing-block:-mt-(--shadow-height) has-data-writing-block:pt-(--shadow-height) [&amp;:has([data-writing-block])&gt;*]:pointer-events-auto scroll-mt-[calc(var(--header-height)+min(200px,max(70px,20svh)))]\" dir=\"auto\" tabindex=\"-1\" data-turn-id=\"request-68d4cd80-0f38-8325-a5df-c072155333ba-3\" data-testid=\"conversation-turn-154\" data-scroll-anchor=\"true\" data-turn=\"assistant\">\n<div class=\"text-base my-auto mx-auto pb-10 [--thread-content-margin:--spacing(4)] @w-sm\/main:[--thread-content-margin:--spacing(6)] @w-lg\/main:[--thread-content-margin:--spacing(16)] px-(--thread-content-margin)\">\n<div class=\"[--thread-content-max-width:40rem] @w-lg\/main:[--thread-content-max-width:48rem] mx-auto max-w-(--thread-content-max-width) flex-1 group\/turn-messages focus-visible:outline-hidden relative flex w-full min-w-0 flex-col agent-turn\" tabindex=\"-1\">\n<div class=\"flex max-w-full flex-col grow\">\n<div class=\"min-h-8 text-message relative flex w-full flex-col items-end gap-2 text-start break-words whitespace-normal [.text-message+&amp;]:mt-1\" dir=\"auto\" data-message-author-role=\"assistant\" data-message-id=\"3a16e189-1558-4ebf-81ec-4cacb0eb1f8c\" data-message-model-slug=\"gpt-5-2\">\n<div class=\"flex w-full flex-col gap-1 empty:hidden first:pt-[1px]\">\n<div class=\"markdown prose dark:prose-invert w-full break-words light markdown-new-styling\">\n<ul>\n<li data-start=\"20\" data-end=\"121\">Toffee-Bonbons mit einer reichen Schokoladenglasur und ausgewogenem Geschmack.<br data-start=\"66\" data-end=\"69\">Eine Kombination, die sanfte S\u00fc\u00dfe mit einem unverwechselbaren Kakaogeschmack verbindet.<\/li>\n<li data-start=\"123\" data-end=\"198\">Eine weiche, auf der Zunge schmelzende Textur ohne H\u00e4rte.<br data-start=\"156\" data-end=\"159\">Geeignet f\u00fcr den t\u00e4glichen Servieren und f\u00fcr schnelle Gastfreundschaft.<\/li>\n<li data-start=\"200\" data-end=\"274\">Die individuelle Verpackung bewahrt Geschmack und Zartheit.<br data-start=\"236\" data-end=\"239\">Leicht zu tragen und ideal f\u00fcr Kinder und Erwachsene.<\/li>\n<li data-start=\"276\" data-end=\"362\">Eine ausgezeichnete Wahl f\u00fcr Liebhaber klassischer Desserts.<br data-start=\"313\" data-end=\"316\">Geeignet f\u00fcr Anl\u00e4sse, Geschenke oder zu Kaffee und Tee. <\/li>\n<li data-start=\"364\" data-end=\"431\">Praktisches Produkt mit konstanter Qualit\u00e4t und g\u00fcnstigem Preis.<br data-start=\"397\" data-end=\"400\">Eine beliebte Erg\u00e4nzung zu jeder Dessert-Auswahl.<\/li>\n<\/ul>\n<\/div>\n<\/div>\n<\/div>\n<\/div>\n<div class=\"z-0 flex min-h-[46px] justify-start\"><\/div>\n<div class=\"mt-3 w-full empty:hidden\">\n<div class=\"text-center\"><\/div>\n<\/div>\n<\/div>\n<\/div>\n<\/article>\n<\/div>\n<div class=\"pointer-events-none h-px w-px absolute bottom-0\" aria-hidden=\"true\" data-edge=\"true\"><\/div>\n","protected":false},"excerpt":{"rendered":"<p><strong>Nashed Chocolate 500gr ist gestorben<\/strong><\/p>\n<div class=\"flex flex-col text-sm pb-25\">\n<article class=\"text-token-text-primary w-full focus:outline-none [--shadow-height:45px] has-data-writing-block:pointer-events-none has-data-writing-block:-mt-(--shadow-height) has-data-writing-block:pt-(--shadow-height) [&amp;:has([data-writing-block])&gt;*]:pointer-events-auto scroll-mt-[calc(var(--header-height)+min(200px,max(70px,20svh)))]\" dir=\"auto\" tabindex=\"-1\" data-turn-id=\"request-68d4cd80-0f38-8325-a5df-c072155333ba-3\" data-testid=\"conversation-turn-154\" data-scroll-anchor=\"true\" data-turn=\"assistant\">\n<div class=\"text-base my-auto mx-auto pb-10 [--thread-content-margin:--spacing(4)] @w-sm\/main:[--thread-content-margin:--spacing(6)] @w-lg\/main:[--thread-content-margin:--spacing(16)] px-(--thread-content-margin)\">\n<div class=\"[--thread-content-max-width:40rem] @w-lg\/main:[--thread-content-max-width:48rem] mx-auto max-w-(--thread-content-max-width) flex-1 group\/turn-messages focus-visible:outline-hidden relative flex w-full min-w-0 flex-col agent-turn\" tabindex=\"-1\">\n<div class=\"flex max-w-full flex-col grow\">\n<div class=\"min-h-8 text-message relative flex w-full flex-col items-end gap-2 text-start break-words whitespace-normal [.text-message+&amp;]:mt-1\" dir=\"auto\" data-message-author-role=\"assistant\" data-message-id=\"3a16e189-1558-4ebf-81ec-4cacb0eb1f8c\" data-message-model-slug=\"gpt-5-2\">\n<div class=\"flex w-full flex-col gap-1 empty:hidden first:pt-[1px]\">\n<div class=\"markdown prose dark:prose-invert w-full break-words light markdown-new-styling\">\n<ul>\n<li data-start=\"20\" data-end=\"121\">Toffee-Bonbons mit einer reichen Schokoladenglasur und ausgewogenem Geschmack.<br data-start=\"66\" data-end=\"69\">Eine Kombination, die sanfte S\u00fc\u00dfe mit einem unverwechselbaren Kakaogeschmack verbindet.<\/li>\n<\/ul>\n<\/div>\n<\/div>\n<\/div>\n<\/div>\n<\/div>\n<\/div>\n<\/article>\n<\/div>\n","protected":false},"featured_media":122050,"comment_status":"open","ping_status":"closed","template":"","meta":[],"product_brand":[],"product_cat":[297,310],"product_tag":[],"class_list":{"0":"post-121029","1":"product","2":"type-product","3":"status-publish","4":"has-post-thumbnail","6":"product_cat-dessert-chips-2","7":"product_cat-suessigkeiten-schokolade","9":"first","10":"instock","11":"taxable","12":"shipping-taxable","13":"purchasable","14":"product-type-simple"},"yoast_head":"<!-- This site is optimized with the Yoast SEO Premium plugin v26.5 (Yoast SEO v27.3) - https:\/\/yoast.com\/product\/yoast-seo-premium-wordpress\/ -->\n<title>Nashed Chocolate 500gr ist gestorben - Yasmin Food<\/title>\n<meta name=\"description\" content=\"Dead Nashed Chocolate 500gr Toffee-Dessert, belegt mit einer reichen Schokoladenglasur und ausgewogenem Geschmack. Eine Kombination, die sanfte S\u00fc\u00dfe mit einem ausgepr\u00e4gten Kakaogeschmack verbindet.\" \/>\n<meta name=\"robots\" content=\"index, follow, max-snippet:-1, max-image-preview:large, max-video-preview:-1\" \/>\n<link rel=\"canonical\" href=\"https:\/\/yasminfood.ch\/de\/product\/nashed-chocolate-500gr-ist-gestorben\/\" \/>\n<meta property=\"og:locale\" content=\"de_DE\" \/>\n<meta property=\"og:type\" content=\"article\" \/>\n<meta property=\"og:title\" content=\"Nashed Chocolate 500gr ist gestorben\" \/>\n<meta property=\"og:description\" content=\"Nashed Chocolate 500gr ist gestorben      Toffee-Bonbons mit einer reichen Schokoladenglasur und ausgewogenem Geschmack.Eine Kombination, die sanfte S\u00fc\u00dfe mit einem unverwechselbaren Kakaogeschmack verbindet.\" \/>\n<meta property=\"og:url\" content=\"https:\/\/yasminfood.ch\/de\/product\/nashed-chocolate-500gr-ist-gestorben\/\" \/>\n<meta property=\"og:site_name\" content=\"Yasmin Food\" \/>\n<meta property=\"article:publisher\" content=\"https:\/\/www.facebook.com\/yasminmarkt1\" \/>\n<meta property=\"article:modified_time\" content=\"2025-12-22T13:12:57+00:00\" \/>\n<meta property=\"og:image\" content=\"https:\/\/yasminfood.ch\/wp-content\/uploads\/2025\/12\/\u062a\u0648\u0641\u064a-\u0646\u0627\u0634\u062f-\u0634\u0648\u0643\u0648\u0644\u0627-1024x1024.png\" \/>\n\t<meta property=\"og:image:width\" content=\"1024\" \/>\n\t<meta property=\"og:image:height\" content=\"1024\" \/>\n\t<meta property=\"og:image:type\" content=\"image\/png\" \/>\n<meta name=\"twitter:card\" content=\"summary_large_image\" \/>\n<meta name=\"twitter:label1\" content=\"Preis\" \/>\n\t<meta name=\"twitter:data1\" content=\"9.95&nbsp;&#067;&#072;&#070;\" \/>\n\t<meta name=\"twitter:label2\" content=\"Verf\u00fcgbarkeit\" \/>\n\t<meta name=\"twitter:data2\" content=\"Auf Lager\" \/>\n<script type=\"application\/ld+json\" class=\"yoast-schema-graph\">{\"@context\":\"https:\\\/\\\/schema.org\",\"@graph\":[{\"@type\":\"WebPage\",\"@id\":\"https:\\\/\\\/yasminfood.ch\\\/de\\\/product\\\/nashed-chocolate-500gr-ist-gestorben\\\/\",\"url\":\"https:\\\/\\\/yasminfood.ch\\\/de\\\/product\\\/nashed-chocolate-500gr-ist-gestorben\\\/\",\"name\":\"Nashed Chocolate 500gr ist gestorben - Yasmin Food\",\"isPartOf\":{\"@id\":\"https:\\\/\\\/yasminfood.ch\\\/de\\\/#website\"},\"primaryImageOfPage\":{\"@id\":\"https:\\\/\\\/yasminfood.ch\\\/de\\\/product\\\/nashed-chocolate-500gr-ist-gestorben\\\/#primaryimage\"},\"image\":{\"@id\":\"https:\\\/\\\/yasminfood.ch\\\/de\\\/product\\\/nashed-chocolate-500gr-ist-gestorben\\\/#primaryimage\"},\"thumbnailUrl\":\"https:\\\/\\\/yasminfood.ch\\\/wp-content\\\/uploads\\\/2025\\\/12\\\/\u062a\u0648\u0641\u064a-\u0646\u0627\u0634\u062f-\u0634\u0648\u0643\u0648\u0644\u0627-500gr.png\",\"datePublished\":\"2025-12-22T13:02:56+00:00\",\"dateModified\":\"2025-12-22T13:12:57+00:00\",\"description\":\"Dead Nashed Chocolate 500gr Toffee-Dessert, belegt mit einer reichen Schokoladenglasur und ausgewogenem Geschmack. Eine Kombination, die sanfte S\u00fc\u00dfe mit einem ausgepr\u00e4gten Kakaogeschmack verbindet.\",\"breadcrumb\":{\"@id\":\"https:\\\/\\\/yasminfood.ch\\\/de\\\/product\\\/nashed-chocolate-500gr-ist-gestorben\\\/#breadcrumb\"},\"inLanguage\":\"de\",\"potentialAction\":[{\"@type\":\"ReadAction\",\"target\":[\"https:\\\/\\\/yasminfood.ch\\\/de\\\/product\\\/nashed-chocolate-500gr-ist-gestorben\\\/\"]}]},{\"@type\":\"ImageObject\",\"inLanguage\":\"de\",\"@id\":\"https:\\\/\\\/yasminfood.ch\\\/de\\\/product\\\/nashed-chocolate-500gr-ist-gestorben\\\/#primaryimage\",\"url\":\"https:\\\/\\\/yasminfood.ch\\\/wp-content\\\/uploads\\\/2025\\\/12\\\/\u062a\u0648\u0641\u064a-\u0646\u0627\u0634\u062f-\u0634\u0648\u0643\u0648\u0644\u0627-500gr.png\",\"contentUrl\":\"https:\\\/\\\/yasminfood.ch\\\/wp-content\\\/uploads\\\/2025\\\/12\\\/\u062a\u0648\u0641\u064a-\u0646\u0627\u0634\u062f-\u0634\u0648\u0643\u0648\u0644\u0627-500gr.png\",\"width\":1080,\"height\":1080,\"caption\":\"\u062a\u0648\u0641\u064a \u0646\u0627\u0634\u062f \u0634\u0648\u0643\u0648\u0644\u0627 500gr\"},{\"@type\":\"BreadcrumbList\",\"@id\":\"https:\\\/\\\/yasminfood.ch\\\/de\\\/product\\\/nashed-chocolate-500gr-ist-gestorben\\\/#breadcrumb\",\"itemListElement\":[{\"@type\":\"ListItem\",\"position\":1,\"name\":\"\u0627\u0644\u0631\u0626\u064a\u0633\u064a\u0629\",\"item\":\"https:\\\/\\\/yasminfood.ch\\\/de\\\/zuhause\\\/\"},{\"@type\":\"ListItem\",\"position\":2,\"name\":\"Shop\",\"item\":\"https:\\\/\\\/yasminfood.ch\\\/de\\\/shop\\\/\"},{\"@type\":\"ListItem\",\"position\":3,\"name\":\"Dessert &amp; Chips\",\"item\":\"https:\\\/\\\/yasminfood.ch\\\/de\\\/produkt-kategorie\\\/dessert-chips-2\\\/\"},{\"@type\":\"ListItem\",\"position\":4,\"name\":\"S\u00fc\u00dfigkeiten - Schokolade\",\"item\":\"https:\\\/\\\/yasminfood.ch\\\/de\\\/produkt-kategorie\\\/dessert-chips-2\\\/suessigkeiten-schokolade\\\/\"},{\"@type\":\"ListItem\",\"position\":5,\"name\":\"Nashed Chocolate 500gr ist gestorben\"}]},{\"@type\":\"WebSite\",\"@id\":\"https:\\\/\\\/yasminfood.ch\\\/de\\\/#website\",\"url\":\"https:\\\/\\\/yasminfood.ch\\\/de\\\/\",\"name\":\"\u064a\u0627\u0633\u0645\u064a\u0646 \u0645\u0627\u0631\u0643\u062a\",\"description\":\"Alles, was Sie brauchen, an einem Ort\",\"publisher\":{\"@id\":\"https:\\\/\\\/yasminfood.ch\\\/de\\\/#organization\"},\"alternateName\":\"Yasmin Food\",\"potentialAction\":[{\"@type\":\"SearchAction\",\"target\":{\"@type\":\"EntryPoint\",\"urlTemplate\":\"https:\\\/\\\/yasminfood.ch\\\/de\\\/?s={search_term_string}\"},\"query-input\":{\"@type\":\"PropertyValueSpecification\",\"valueRequired\":true,\"valueName\":\"search_term_string\"}}],\"inLanguage\":\"de\"},{\"@type\":\"Organization\",\"@id\":\"https:\\\/\\\/yasminfood.ch\\\/de\\\/#organization\",\"name\":\"\u064a\u0627\u0633\u0645\u064a\u0646 \u0645\u0627\u0631\u0643\u062a\",\"alternateName\":\"Yasmin Food\",\"url\":\"https:\\\/\\\/yasminfood.ch\\\/de\\\/\",\"logo\":{\"@type\":\"ImageObject\",\"inLanguage\":\"de\",\"@id\":\"https:\\\/\\\/yasminfood.ch\\\/de\\\/#\\\/schema\\\/logo\\\/image\\\/\",\"url\":\"https:\\\/\\\/yasminfood.ch\\\/wp-content\\\/uploads\\\/2025\\\/05\\\/yasmin-food-header-logo.png\",\"contentUrl\":\"https:\\\/\\\/yasminfood.ch\\\/wp-content\\\/uploads\\\/2025\\\/05\\\/yasmin-food-header-logo.png\",\"width\":330,\"height\":120,\"caption\":\"\u064a\u0627\u0633\u0645\u064a\u0646 \u0645\u0627\u0631\u0643\u062a\"},\"image\":{\"@id\":\"https:\\\/\\\/yasminfood.ch\\\/de\\\/#\\\/schema\\\/logo\\\/image\\\/\"},\"sameAs\":[\"https:\\\/\\\/www.facebook.com\\\/yasminmarkt1\",\"https:\\\/\\\/www.tiktok.com\\\/@yasminmarkt\",\"https:\\\/\\\/www.instagram.com\\\/yasmin.markt1\\\/\",\"https:\\\/\\\/api.whatsapp.com\\\/send\\\/?phone=41799000104\"],\"publishingPrinciples\":\"https:\\\/\\\/yasminfood.ch\\\/de\\\/shop\\\/\",\"ownershipFundingInfo\":\"https:\\\/\\\/yasminfood.ch\\\/de\\\/shop\\\/\"}]}<\/script>\n<meta property=\"product:price:amount\" content=\"9.95\" \/>\n<meta property=\"product:price:currency\" content=\"CHF\" \/>\n<meta property=\"og:availability\" content=\"instock\" \/>\n<meta property=\"product:availability\" content=\"instock\" \/>\n<meta property=\"product:condition\" content=\"new\" \/>\n<!-- \/ Yoast SEO Premium plugin. -->","yoast_head_json":{"title":"Nashed Chocolate 500gr ist gestorben - Yasmin Food","description":"Dead Nashed Chocolate 500gr Toffee-Dessert, belegt mit einer reichen Schokoladenglasur und ausgewogenem Geschmack. Eine Kombination, die sanfte S\u00fc\u00dfe mit einem ausgepr\u00e4gten Kakaogeschmack verbindet.","robots":{"index":"index","follow":"follow","max-snippet":"max-snippet:-1","max-image-preview":"max-image-preview:large","max-video-preview":"max-video-preview:-1"},"canonical":"https:\/\/yasminfood.ch\/de\/product\/nashed-chocolate-500gr-ist-gestorben\/","og_locale":"de_DE","og_type":"article","og_title":"Nashed Chocolate 500gr ist gestorben","og_description":"Nashed Chocolate 500gr ist gestorben      Toffee-Bonbons mit einer reichen Schokoladenglasur und ausgewogenem Geschmack.Eine Kombination, die sanfte S\u00fc\u00dfe mit einem unverwechselbaren Kakaogeschmack verbindet.","og_url":"https:\/\/yasminfood.ch\/de\/product\/nashed-chocolate-500gr-ist-gestorben\/","og_site_name":"Yasmin Food","article_publisher":"https:\/\/www.facebook.com\/yasminmarkt1","article_modified_time":"2025-12-22T13:12:57+00:00","og_image":[{"width":1024,"height":1024,"url":"https:\/\/yasminfood.ch\/wp-content\/uploads\/2025\/12\/\u062a\u0648\u0641\u064a-\u0646\u0627\u0634\u062f-\u0634\u0648\u0643\u0648\u0644\u0627-1024x1024.png","type":"image\/png"}],"twitter_card":"summary_large_image","twitter_misc":{"Preis":"9.95&nbsp;&#67;&#72;&#70;","Verf\u00fcgbarkeit":"Auf Lager"},"schema":{"@context":"https:\/\/schema.org","@graph":[{"@type":"WebPage","@id":"https:\/\/yasminfood.ch\/de\/product\/nashed-chocolate-500gr-ist-gestorben\/","url":"https:\/\/yasminfood.ch\/de\/product\/nashed-chocolate-500gr-ist-gestorben\/","name":"Nashed Chocolate 500gr ist gestorben - Yasmin Food","isPartOf":{"@id":"https:\/\/yasminfood.ch\/de\/#website"},"primaryImageOfPage":{"@id":"https:\/\/yasminfood.ch\/de\/product\/nashed-chocolate-500gr-ist-gestorben\/#primaryimage"},"image":{"@id":"https:\/\/yasminfood.ch\/de\/product\/nashed-chocolate-500gr-ist-gestorben\/#primaryimage"},"thumbnailUrl":"https:\/\/yasminfood.ch\/wp-content\/uploads\/2025\/12\/\u062a\u0648\u0641\u064a-\u0646\u0627\u0634\u062f-\u0634\u0648\u0643\u0648\u0644\u0627-500gr.png","datePublished":"2025-12-22T13:02:56+00:00","dateModified":"2025-12-22T13:12:57+00:00","description":"Dead Nashed Chocolate 500gr Toffee-Dessert, belegt mit einer reichen Schokoladenglasur und ausgewogenem Geschmack. Eine Kombination, die sanfte S\u00fc\u00dfe mit einem ausgepr\u00e4gten Kakaogeschmack verbindet.","breadcrumb":{"@id":"https:\/\/yasminfood.ch\/de\/product\/nashed-chocolate-500gr-ist-gestorben\/#breadcrumb"},"inLanguage":"de","potentialAction":[{"@type":"ReadAction","target":["https:\/\/yasminfood.ch\/de\/product\/nashed-chocolate-500gr-ist-gestorben\/"]}]},{"@type":"ImageObject","inLanguage":"de","@id":"https:\/\/yasminfood.ch\/de\/product\/nashed-chocolate-500gr-ist-gestorben\/#primaryimage","url":"https:\/\/yasminfood.ch\/wp-content\/uploads\/2025\/12\/\u062a\u0648\u0641\u064a-\u0646\u0627\u0634\u062f-\u0634\u0648\u0643\u0648\u0644\u0627-500gr.png","contentUrl":"https:\/\/yasminfood.ch\/wp-content\/uploads\/2025\/12\/\u062a\u0648\u0641\u064a-\u0646\u0627\u0634\u062f-\u0634\u0648\u0643\u0648\u0644\u0627-500gr.png","width":1080,"height":1080,"caption":"\u062a\u0648\u0641\u064a \u0646\u0627\u0634\u062f \u0634\u0648\u0643\u0648\u0644\u0627 500gr"},{"@type":"BreadcrumbList","@id":"https:\/\/yasminfood.ch\/de\/product\/nashed-chocolate-500gr-ist-gestorben\/#breadcrumb","itemListElement":[{"@type":"ListItem","position":1,"name":"\u0627\u0644\u0631\u0626\u064a\u0633\u064a\u0629","item":"https:\/\/yasminfood.ch\/de\/zuhause\/"},{"@type":"ListItem","position":2,"name":"Shop","item":"https:\/\/yasminfood.ch\/de\/shop\/"},{"@type":"ListItem","position":3,"name":"Dessert &amp; Chips","item":"https:\/\/yasminfood.ch\/de\/produkt-kategorie\/dessert-chips-2\/"},{"@type":"ListItem","position":4,"name":"S\u00fc\u00dfigkeiten - Schokolade","item":"https:\/\/yasminfood.ch\/de\/produkt-kategorie\/dessert-chips-2\/suessigkeiten-schokolade\/"},{"@type":"ListItem","position":5,"name":"Nashed Chocolate 500gr ist gestorben"}]},{"@type":"WebSite","@id":"https:\/\/yasminfood.ch\/de\/#website","url":"https:\/\/yasminfood.ch\/de\/","name":"\u064a\u0627\u0633\u0645\u064a\u0646 \u0645\u0627\u0631\u0643\u062a","description":"Alles, was Sie brauchen, an einem Ort","publisher":{"@id":"https:\/\/yasminfood.ch\/de\/#organization"},"alternateName":"Yasmin Food","potentialAction":[{"@type":"SearchAction","target":{"@type":"EntryPoint","urlTemplate":"https:\/\/yasminfood.ch\/de\/?s={search_term_string}"},"query-input":{"@type":"PropertyValueSpecification","valueRequired":true,"valueName":"search_term_string"}}],"inLanguage":"de"},{"@type":"Organization","@id":"https:\/\/yasminfood.ch\/de\/#organization","name":"\u064a\u0627\u0633\u0645\u064a\u0646 \u0645\u0627\u0631\u0643\u062a","alternateName":"Yasmin Food","url":"https:\/\/yasminfood.ch\/de\/","logo":{"@type":"ImageObject","inLanguage":"de","@id":"https:\/\/yasminfood.ch\/de\/#\/schema\/logo\/image\/","url":"https:\/\/yasminfood.ch\/wp-content\/uploads\/2025\/05\/yasmin-food-header-logo.png","contentUrl":"https:\/\/yasminfood.ch\/wp-content\/uploads\/2025\/05\/yasmin-food-header-logo.png","width":330,"height":120,"caption":"\u064a\u0627\u0633\u0645\u064a\u0646 \u0645\u0627\u0631\u0643\u062a"},"image":{"@id":"https:\/\/yasminfood.ch\/de\/#\/schema\/logo\/image\/"},"sameAs":["https:\/\/www.facebook.com\/yasminmarkt1","https:\/\/www.tiktok.com\/@yasminmarkt","https:\/\/www.instagram.com\/yasmin.markt1\/","https:\/\/api.whatsapp.com\/send\/?phone=41799000104"],"publishingPrinciples":"https:\/\/yasminfood.ch\/de\/shop\/","ownershipFundingInfo":"https:\/\/yasminfood.ch\/de\/shop\/"}]},"product_price_amount":"9.95","product_price_currency":"CHF","og_availability":"instock","product_availability":"instock","product_condition":"new"},"jetpack_sharing_enabled":true,"_links":{"self":[{"href":"https:\/\/yasminfood.ch\/de\/wp-json\/wp\/v2\/product\/121029","targetHints":{"allow":["GET"]}}],"collection":[{"href":"https:\/\/yasminfood.ch\/de\/wp-json\/wp\/v2\/product"}],"about":[{"href":"https:\/\/yasminfood.ch\/de\/wp-json\/wp\/v2\/types\/product"}],"replies":[{"embeddable":true,"href":"https:\/\/yasminfood.ch\/de\/wp-json\/wp\/v2\/comments?post=121029"}],"version-history":[{"count":0,"href":"https:\/\/yasminfood.ch\/de\/wp-json\/wp\/v2\/product\/121029\/revisions"}],"wp:featuredmedia":[{"embeddable":true,"href":"https:\/\/yasminfood.ch\/de\/wp-json\/wp\/v2\/media\/122050"}],"wp:attachment":[{"href":"https:\/\/yasminfood.ch\/de\/wp-json\/wp\/v2\/media?parent=121029"}],"wp:term":[{"taxonomy":"product_brand","embeddable":true,"href":"https:\/\/yasminfood.ch\/de\/wp-json\/wp\/v2\/product_brand?post=121029"},{"taxonomy":"product_cat","embeddable":true,"href":"https:\/\/yasminfood.ch\/de\/wp-json\/wp\/v2\/product_cat?post=121029"},{"taxonomy":"product_tag","embeddable":true,"href":"https:\/\/yasminfood.ch\/de\/wp-json\/wp\/v2\/product_tag?post=121029"}],"curies":[{"name":"wp","href":"https:\/\/api.w.org\/{rel}","templated":true}]}}