{"id":121083,"date":"2025-12-27T15:14:13","date_gmt":"2025-12-27T14:14:13","guid":{"rendered":"https:\/\/yasminfood.ch\/product\/glueckspaeckchen-mit-obst-und-pralinen\/"},"modified":"2025-12-27T15:15:35","modified_gmt":"2025-12-27T14:15:35","slug":"glueckspaeckchen-mit-obst-und-pralinen","status":"publish","type":"product","link":"https:\/\/yasminfood.ch\/de\/product\/glueckspaeckchen-mit-obst-und-pralinen\/","title":{"rendered":"Gl\u00fccksp\u00e4ckchen mit Obst und Pralinen"},"content":{"rendered":"<p data-start=\"200\" data-end=\"304\"><strong>Gl\u00fccksp\u00e4ckchen mit Obst und Pralinen<\/strong><\/p>\n<ul>\n<li data-start=\"200\" data-end=\"304\">G\u00f6nnen Sie sich oder Ihren Liebsten ein <strong data-start=\"224\" data-end=\"240\">komplettes P\u00e4ckchen<\/strong> , das k\u00f6stlichen Geschmack und lustige Vielfalt in einer Schachtel zu einem reduzierten Preis vereint.<\/li>\n<li data-start=\"306\" data-end=\"421\">Eine sorgf\u00e4ltig ausgew\u00e4hlte Mischung aus nat\u00fcrlichen Trockenfr\u00fcchten mit Schokolade und Dressing, perfekt f\u00fcr Bewirtung, Gastfreundschaft oder als einfaches und ordentliches Geschenk.  <\/li>\n<li data-start=\"306\" data-end=\"421\">\n<p data-start=\"428\" data-end=\"448\"><strong data-start=\"428\" data-end=\"448\">Inhalt des Pakets:<\/strong><\/p>\n<p data-start=\"452\" data-end=\"551\">Getrocknete Erdbeeren 100 g<br data-start=\"470\" data-end=\"473\">Gemischte Trockenfr\u00fcchte 100 g<br data-start=\"496\" data-end=\"499\">2 \u00d7 Schokoladeneier <br data-start=\"518\" data-end=\"521\">Erdnuss-Dressingbox 600 g<\/p>\n<\/li>\n<li data-start=\"306\" data-end=\"421\">\n<p data-start=\"683\" data-end=\"825\">\u2714\ufe0f Ein vielseitiger Geschmack f\u00fcr jeden Geschmack<br data-start=\"714\" data-end=\"717\">\u2714\ufe0f Sorgf\u00e4ltig ausgew\u00e4hlte Produkte<br data-start=\"740\" data-end=\"743\">\u2714\ufe0f G\u00fcnstiger, als einzelne St\u00fccke zu kaufen<br data-start=\"775\" data-end=\"778\">\u2714\ufe0f Perfekt f\u00fcr Gastfreundschaft, Geschenke oder allt\u00e4gliche Unterhaltung <\/p>\n<\/li>\n<\/ul>\n","protected":false},"excerpt":{"rendered":"<ul>\n<li data-start=\"306\" data-end=\"421\">\n<p data-start=\"428\" data-end=\"448\"><strong data-start=\"428\" data-end=\"448\">Inhalt des Pakets:<\/strong><\/p>\n<p data-start=\"452\" data-end=\"551\">Getrocknete Erdbeeren 100 g<br data-start=\"470\" data-end=\"473\">Gemischte Trockenfr\u00fcchte 100 g<br data-start=\"496\" data-end=\"499\">2 \u00d7 Schokoladeneier <br data-start=\"518\" data-end=\"521\">Erdnuss-Dressingbox 600 g<\/p>\n<\/li>\n<\/ul>\n","protected":false},"featured_media":121087,"comment_status":"open","ping_status":"closed","template":"","meta":[],"product_brand":[],"product_cat":[301,297,302,310],"product_tag":[],"class_list":{"0":"post-121083","1":"product","2":"type-product","3":"status-publish","4":"has-post-thumbnail","6":"product_cat-arabische-suessigkeiten","7":"product_cat-dessert-chips-2","8":"product_cat-kartoffelchips","9":"product_cat-suessigkeiten-schokolade","11":"first","12":"outofstock","13":"taxable","14":"shipping-taxable","15":"purchasable","16":"product-type-simple"},"yoast_head":"<!-- This site is optimized with the Yoast SEO Premium plugin v26.5 (Yoast SEO v27.4) - https:\/\/yoast.com\/product\/yoast-seo-premium-wordpress\/ -->\n<title>Gl\u00fccksp\u00e4ckchen mit Obst und Pralinen - Yasmin Food<\/title>\n<meta name=\"description\" content=\"Obst- und Schokoladen-Gl\u00fccksp\u00e4ckchen G\u00f6nnen Sie sich oder Ihren Liebsten mit einem kompletten P\u00e4ckchen, das k\u00f6stlichen Geschmack und lustige Vielfalt in einer Packung zu einem reduzierten Preis vereint.\" \/>\n<meta name=\"robots\" content=\"index, follow, max-snippet:-1, max-image-preview:large, max-video-preview:-1\" \/>\n<link rel=\"canonical\" href=\"https:\/\/yasminfood.ch\/de\/product\/glueckspaeckchen-mit-obst-und-pralinen\/\" \/>\n<meta property=\"og:locale\" content=\"de_DE\" \/>\n<meta property=\"og:type\" content=\"article\" \/>\n<meta property=\"og:title\" content=\"Gl\u00fccksp\u00e4ckchen mit Obst und Pralinen\" \/>\n<meta property=\"og:description\" content=\"Inhalt des Pakets: Getrocknete Erdbeeren 100 gGemischte Trockenfr\u00fcchte 100 g2 \u00d7 Schokoladeneier Erdnuss-Dressingbox 600 g\" \/>\n<meta property=\"og:url\" content=\"https:\/\/yasminfood.ch\/de\/product\/glueckspaeckchen-mit-obst-und-pralinen\/\" \/>\n<meta property=\"og:site_name\" content=\"Yasmin Food\" \/>\n<meta property=\"article:publisher\" content=\"https:\/\/www.facebook.com\/yasminmarkt1\" \/>\n<meta property=\"article:modified_time\" content=\"2025-12-27T14:15:35+00:00\" \/>\n<meta property=\"og:image\" content=\"https:\/\/yasminfood.ch\/wp-content\/uploads\/2025\/12\/\u0645\u062c\u0645\u0648\u0639\u0629-1.png\" \/>\n\t<meta property=\"og:image:width\" content=\"1080\" \/>\n\t<meta property=\"og:image:height\" content=\"1080\" \/>\n\t<meta property=\"og:image:type\" content=\"image\/png\" \/>\n<meta name=\"twitter:card\" content=\"summary_large_image\" \/>\n<meta name=\"twitter:label1\" content=\"Preis\" \/>\n\t<meta name=\"twitter:data1\" content=\"19.95&nbsp;&#067;&#072;&#070;\" \/>\n\t<meta name=\"twitter:label2\" content=\"Verf\u00fcgbarkeit\" \/>\n\t<meta name=\"twitter:data2\" content=\"ausverkauft\" \/>\n<script type=\"application\/ld+json\" class=\"yoast-schema-graph\">{\"@context\":\"https:\\\/\\\/schema.org\",\"@graph\":[{\"@type\":\"WebPage\",\"@id\":\"https:\\\/\\\/yasminfood.ch\\\/de\\\/product\\\/glueckspaeckchen-mit-obst-und-pralinen\\\/\",\"url\":\"https:\\\/\\\/yasminfood.ch\\\/de\\\/product\\\/glueckspaeckchen-mit-obst-und-pralinen\\\/\",\"name\":\"Gl\u00fccksp\u00e4ckchen mit Obst und Pralinen - Yasmin Food\",\"isPartOf\":{\"@id\":\"https:\\\/\\\/yasminfood.ch\\\/de\\\/#website\"},\"primaryImageOfPage\":{\"@id\":\"https:\\\/\\\/yasminfood.ch\\\/de\\\/product\\\/glueckspaeckchen-mit-obst-und-pralinen\\\/#primaryimage\"},\"image\":{\"@id\":\"https:\\\/\\\/yasminfood.ch\\\/de\\\/product\\\/glueckspaeckchen-mit-obst-und-pralinen\\\/#primaryimage\"},\"thumbnailUrl\":\"https:\\\/\\\/yasminfood.ch\\\/wp-content\\\/uploads\\\/2025\\\/12\\\/\u0645\u062c\u0645\u0648\u0639\u0629-1.png\",\"datePublished\":\"2025-12-27T14:14:13+00:00\",\"dateModified\":\"2025-12-27T14:15:35+00:00\",\"description\":\"Obst- und Schokoladen-Gl\u00fccksp\u00e4ckchen G\u00f6nnen Sie sich oder Ihren Liebsten mit einem kompletten P\u00e4ckchen, das k\u00f6stlichen Geschmack und lustige Vielfalt in einer Packung zu einem reduzierten Preis vereint.\",\"breadcrumb\":{\"@id\":\"https:\\\/\\\/yasminfood.ch\\\/de\\\/product\\\/glueckspaeckchen-mit-obst-und-pralinen\\\/#breadcrumb\"},\"inLanguage\":\"de\",\"potentialAction\":[{\"@type\":\"ReadAction\",\"target\":[\"https:\\\/\\\/yasminfood.ch\\\/de\\\/product\\\/glueckspaeckchen-mit-obst-und-pralinen\\\/\"]}]},{\"@type\":\"ImageObject\",\"inLanguage\":\"de\",\"@id\":\"https:\\\/\\\/yasminfood.ch\\\/de\\\/product\\\/glueckspaeckchen-mit-obst-und-pralinen\\\/#primaryimage\",\"url\":\"https:\\\/\\\/yasminfood.ch\\\/wp-content\\\/uploads\\\/2025\\\/12\\\/\u0645\u062c\u0645\u0648\u0639\u0629-1.png\",\"contentUrl\":\"https:\\\/\\\/yasminfood.ch\\\/wp-content\\\/uploads\\\/2025\\\/12\\\/\u0645\u062c\u0645\u0648\u0639\u0629-1.png\",\"width\":1080,\"height\":1080},{\"@type\":\"BreadcrumbList\",\"@id\":\"https:\\\/\\\/yasminfood.ch\\\/de\\\/product\\\/glueckspaeckchen-mit-obst-und-pralinen\\\/#breadcrumb\",\"itemListElement\":[{\"@type\":\"ListItem\",\"position\":1,\"name\":\"\u0627\u0644\u0631\u0626\u064a\u0633\u064a\u0629\",\"item\":\"https:\\\/\\\/yasminfood.ch\\\/de\\\/zuhause\\\/\"},{\"@type\":\"ListItem\",\"position\":2,\"name\":\"Shop\",\"item\":\"https:\\\/\\\/yasminfood.ch\\\/de\\\/shop\\\/\"},{\"@type\":\"ListItem\",\"position\":3,\"name\":\"Dessert &amp; Chips\",\"item\":\"https:\\\/\\\/yasminfood.ch\\\/de\\\/produkt-kategorie\\\/dessert-chips-2\\\/\"},{\"@type\":\"ListItem\",\"position\":4,\"name\":\"Arabische s\u00fc\u00dfigkeiten\",\"item\":\"https:\\\/\\\/yasminfood.ch\\\/de\\\/produkt-kategorie\\\/dessert-chips-2\\\/arabische-suessigkeiten\\\/\"},{\"@type\":\"ListItem\",\"position\":5,\"name\":\"Gl\u00fccksp\u00e4ckchen mit Obst und Pralinen\"}]},{\"@type\":\"WebSite\",\"@id\":\"https:\\\/\\\/yasminfood.ch\\\/de\\\/#website\",\"url\":\"https:\\\/\\\/yasminfood.ch\\\/de\\\/\",\"name\":\"\u064a\u0627\u0633\u0645\u064a\u0646 \u0645\u0627\u0631\u0643\u062a\",\"description\":\"Alles, was Sie brauchen, an einem Ort\",\"publisher\":{\"@id\":\"https:\\\/\\\/yasminfood.ch\\\/de\\\/#organization\"},\"alternateName\":\"Yasmin Food\",\"potentialAction\":[{\"@type\":\"SearchAction\",\"target\":{\"@type\":\"EntryPoint\",\"urlTemplate\":\"https:\\\/\\\/yasminfood.ch\\\/de\\\/?s={search_term_string}\"},\"query-input\":{\"@type\":\"PropertyValueSpecification\",\"valueRequired\":true,\"valueName\":\"search_term_string\"}}],\"inLanguage\":\"de\"},{\"@type\":\"Organization\",\"@id\":\"https:\\\/\\\/yasminfood.ch\\\/de\\\/#organization\",\"name\":\"\u064a\u0627\u0633\u0645\u064a\u0646 \u0645\u0627\u0631\u0643\u062a\",\"alternateName\":\"Yasmin Food\",\"url\":\"https:\\\/\\\/yasminfood.ch\\\/de\\\/\",\"logo\":{\"@type\":\"ImageObject\",\"inLanguage\":\"de\",\"@id\":\"https:\\\/\\\/yasminfood.ch\\\/de\\\/#\\\/schema\\\/logo\\\/image\\\/\",\"url\":\"https:\\\/\\\/yasminfood.ch\\\/wp-content\\\/uploads\\\/2025\\\/05\\\/yasmin-food-header-logo.png\",\"contentUrl\":\"https:\\\/\\\/yasminfood.ch\\\/wp-content\\\/uploads\\\/2025\\\/05\\\/yasmin-food-header-logo.png\",\"width\":330,\"height\":120,\"caption\":\"\u064a\u0627\u0633\u0645\u064a\u0646 \u0645\u0627\u0631\u0643\u062a\"},\"image\":{\"@id\":\"https:\\\/\\\/yasminfood.ch\\\/de\\\/#\\\/schema\\\/logo\\\/image\\\/\"},\"sameAs\":[\"https:\\\/\\\/www.facebook.com\\\/yasminmarkt1\",\"https:\\\/\\\/www.tiktok.com\\\/@yasminmarkt\",\"https:\\\/\\\/www.instagram.com\\\/yasmin.markt1\\\/\",\"https:\\\/\\\/api.whatsapp.com\\\/send\\\/?phone=41799000104\"],\"publishingPrinciples\":\"https:\\\/\\\/yasminfood.ch\\\/de\\\/shop\\\/\",\"ownershipFundingInfo\":\"https:\\\/\\\/yasminfood.ch\\\/de\\\/shop\\\/\"}]}<\/script>\n<meta property=\"product:price:amount\" content=\"19.95\" \/>\n<meta property=\"product:price:currency\" content=\"CHF\" \/>\n<meta property=\"og:availability\" content=\"out of stock\" \/>\n<meta property=\"product:availability\" content=\"out of stock\" \/>\n<meta property=\"product:condition\" content=\"new\" \/>\n<!-- \/ Yoast SEO Premium plugin. -->","yoast_head_json":{"title":"Gl\u00fccksp\u00e4ckchen mit Obst und Pralinen - Yasmin Food","description":"Obst- und Schokoladen-Gl\u00fccksp\u00e4ckchen G\u00f6nnen Sie sich oder Ihren Liebsten mit einem kompletten P\u00e4ckchen, das k\u00f6stlichen Geschmack und lustige Vielfalt in einer Packung zu einem reduzierten Preis vereint.","robots":{"index":"index","follow":"follow","max-snippet":"max-snippet:-1","max-image-preview":"max-image-preview:large","max-video-preview":"max-video-preview:-1"},"canonical":"https:\/\/yasminfood.ch\/de\/product\/glueckspaeckchen-mit-obst-und-pralinen\/","og_locale":"de_DE","og_type":"article","og_title":"Gl\u00fccksp\u00e4ckchen mit Obst und Pralinen","og_description":"Inhalt des Pakets: Getrocknete Erdbeeren 100 gGemischte Trockenfr\u00fcchte 100 g2 \u00d7 Schokoladeneier Erdnuss-Dressingbox 600 g","og_url":"https:\/\/yasminfood.ch\/de\/product\/glueckspaeckchen-mit-obst-und-pralinen\/","og_site_name":"Yasmin Food","article_publisher":"https:\/\/www.facebook.com\/yasminmarkt1","article_modified_time":"2025-12-27T14:15:35+00:00","og_image":[{"width":1080,"height":1080,"url":"https:\/\/yasminfood.ch\/wp-content\/uploads\/2025\/12\/\u0645\u062c\u0645\u0648\u0639\u0629-1.png","type":"image\/png"}],"twitter_card":"summary_large_image","twitter_misc":{"Preis":"19.95&nbsp;&#67;&#72;&#70;","Verf\u00fcgbarkeit":"ausverkauft"},"schema":{"@context":"https:\/\/schema.org","@graph":[{"@type":"WebPage","@id":"https:\/\/yasminfood.ch\/de\/product\/glueckspaeckchen-mit-obst-und-pralinen\/","url":"https:\/\/yasminfood.ch\/de\/product\/glueckspaeckchen-mit-obst-und-pralinen\/","name":"Gl\u00fccksp\u00e4ckchen mit Obst und Pralinen - Yasmin Food","isPartOf":{"@id":"https:\/\/yasminfood.ch\/de\/#website"},"primaryImageOfPage":{"@id":"https:\/\/yasminfood.ch\/de\/product\/glueckspaeckchen-mit-obst-und-pralinen\/#primaryimage"},"image":{"@id":"https:\/\/yasminfood.ch\/de\/product\/glueckspaeckchen-mit-obst-und-pralinen\/#primaryimage"},"thumbnailUrl":"https:\/\/yasminfood.ch\/wp-content\/uploads\/2025\/12\/\u0645\u062c\u0645\u0648\u0639\u0629-1.png","datePublished":"2025-12-27T14:14:13+00:00","dateModified":"2025-12-27T14:15:35+00:00","description":"Obst- und Schokoladen-Gl\u00fccksp\u00e4ckchen G\u00f6nnen Sie sich oder Ihren Liebsten mit einem kompletten P\u00e4ckchen, das k\u00f6stlichen Geschmack und lustige Vielfalt in einer Packung zu einem reduzierten Preis vereint.","breadcrumb":{"@id":"https:\/\/yasminfood.ch\/de\/product\/glueckspaeckchen-mit-obst-und-pralinen\/#breadcrumb"},"inLanguage":"de","potentialAction":[{"@type":"ReadAction","target":["https:\/\/yasminfood.ch\/de\/product\/glueckspaeckchen-mit-obst-und-pralinen\/"]}]},{"@type":"ImageObject","inLanguage":"de","@id":"https:\/\/yasminfood.ch\/de\/product\/glueckspaeckchen-mit-obst-und-pralinen\/#primaryimage","url":"https:\/\/yasminfood.ch\/wp-content\/uploads\/2025\/12\/\u0645\u062c\u0645\u0648\u0639\u0629-1.png","contentUrl":"https:\/\/yasminfood.ch\/wp-content\/uploads\/2025\/12\/\u0645\u062c\u0645\u0648\u0639\u0629-1.png","width":1080,"height":1080},{"@type":"BreadcrumbList","@id":"https:\/\/yasminfood.ch\/de\/product\/glueckspaeckchen-mit-obst-und-pralinen\/#breadcrumb","itemListElement":[{"@type":"ListItem","position":1,"name":"\u0627\u0644\u0631\u0626\u064a\u0633\u064a\u0629","item":"https:\/\/yasminfood.ch\/de\/zuhause\/"},{"@type":"ListItem","position":2,"name":"Shop","item":"https:\/\/yasminfood.ch\/de\/shop\/"},{"@type":"ListItem","position":3,"name":"Dessert &amp; Chips","item":"https:\/\/yasminfood.ch\/de\/produkt-kategorie\/dessert-chips-2\/"},{"@type":"ListItem","position":4,"name":"Arabische s\u00fc\u00dfigkeiten","item":"https:\/\/yasminfood.ch\/de\/produkt-kategorie\/dessert-chips-2\/arabische-suessigkeiten\/"},{"@type":"ListItem","position":5,"name":"Gl\u00fccksp\u00e4ckchen mit Obst und Pralinen"}]},{"@type":"WebSite","@id":"https:\/\/yasminfood.ch\/de\/#website","url":"https:\/\/yasminfood.ch\/de\/","name":"\u064a\u0627\u0633\u0645\u064a\u0646 \u0645\u0627\u0631\u0643\u062a","description":"Alles, was Sie brauchen, an einem Ort","publisher":{"@id":"https:\/\/yasminfood.ch\/de\/#organization"},"alternateName":"Yasmin Food","potentialAction":[{"@type":"SearchAction","target":{"@type":"EntryPoint","urlTemplate":"https:\/\/yasminfood.ch\/de\/?s={search_term_string}"},"query-input":{"@type":"PropertyValueSpecification","valueRequired":true,"valueName":"search_term_string"}}],"inLanguage":"de"},{"@type":"Organization","@id":"https:\/\/yasminfood.ch\/de\/#organization","name":"\u064a\u0627\u0633\u0645\u064a\u0646 \u0645\u0627\u0631\u0643\u062a","alternateName":"Yasmin Food","url":"https:\/\/yasminfood.ch\/de\/","logo":{"@type":"ImageObject","inLanguage":"de","@id":"https:\/\/yasminfood.ch\/de\/#\/schema\/logo\/image\/","url":"https:\/\/yasminfood.ch\/wp-content\/uploads\/2025\/05\/yasmin-food-header-logo.png","contentUrl":"https:\/\/yasminfood.ch\/wp-content\/uploads\/2025\/05\/yasmin-food-header-logo.png","width":330,"height":120,"caption":"\u064a\u0627\u0633\u0645\u064a\u0646 \u0645\u0627\u0631\u0643\u062a"},"image":{"@id":"https:\/\/yasminfood.ch\/de\/#\/schema\/logo\/image\/"},"sameAs":["https:\/\/www.facebook.com\/yasminmarkt1","https:\/\/www.tiktok.com\/@yasminmarkt","https:\/\/www.instagram.com\/yasmin.markt1\/","https:\/\/api.whatsapp.com\/send\/?phone=41799000104"],"publishingPrinciples":"https:\/\/yasminfood.ch\/de\/shop\/","ownershipFundingInfo":"https:\/\/yasminfood.ch\/de\/shop\/"}]},"product_price_amount":"19.95","product_price_currency":"CHF","og_availability":"out of stock","product_availability":"out of stock","product_condition":"new"},"jetpack_sharing_enabled":true,"_links":{"self":[{"href":"https:\/\/yasminfood.ch\/de\/wp-json\/wp\/v2\/product\/121083","targetHints":{"allow":["GET"]}}],"collection":[{"href":"https:\/\/yasminfood.ch\/de\/wp-json\/wp\/v2\/product"}],"about":[{"href":"https:\/\/yasminfood.ch\/de\/wp-json\/wp\/v2\/types\/product"}],"replies":[{"embeddable":true,"href":"https:\/\/yasminfood.ch\/de\/wp-json\/wp\/v2\/comments?post=121083"}],"version-history":[{"count":0,"href":"https:\/\/yasminfood.ch\/de\/wp-json\/wp\/v2\/product\/121083\/revisions"}],"wp:featuredmedia":[{"embeddable":true,"href":"https:\/\/yasminfood.ch\/de\/wp-json\/wp\/v2\/media\/121087"}],"wp:attachment":[{"href":"https:\/\/yasminfood.ch\/de\/wp-json\/wp\/v2\/media?parent=121083"}],"wp:term":[{"taxonomy":"product_brand","embeddable":true,"href":"https:\/\/yasminfood.ch\/de\/wp-json\/wp\/v2\/product_brand?post=121083"},{"taxonomy":"product_cat","embeddable":true,"href":"https:\/\/yasminfood.ch\/de\/wp-json\/wp\/v2\/product_cat?post=121083"},{"taxonomy":"product_tag","embeddable":true,"href":"https:\/\/yasminfood.ch\/de\/wp-json\/wp\/v2\/product_tag?post=121083"}],"curies":[{"name":"wp","href":"https:\/\/api.w.org\/{rel}","templated":true}]}}