{"id":121248,"date":"2026-01-24T12:56:04","date_gmt":"2026-01-24T11:56:04","guid":{"rendered":"https:\/\/yasminfood.ch\/product\/mittlerer-bulgur-mit-nudeln-as-gr-900\/"},"modified":"2026-01-24T13:02:26","modified_gmt":"2026-01-24T12:02:26","slug":"mittlerer-bulgur-mit-nudeln-as-gr-900","status":"publish","type":"product","link":"https:\/\/yasminfood.ch\/de\/product\/mittlerer-bulgur-mit-nudeln-as-gr-900\/","title":{"rendered":"Mittlerer Bulgur mit Nudeln AS \u2013 GR 900"},"content":{"rendered":"<p><strong>Mittlerer Bulgur mit Nudeln AS \u2013 GR 900<\/strong><\/p>\n<ul>\n<li>\n<p data-start=\"76\" data-end=\"334\">Hergestellt aus hochwertigem Diorumweizen, enth\u00e4lt er mittelgro\u00dfe K\u00f6rner, die mit Vermicelli gemischt sind <\/p>\n<\/li>\n<li>\n<p data-start=\"76\" data-end=\"334\">Um dir einen reichen Geschmack und eine ausgewogene Textur zu geben. Ideale Wahl f\u00fcr die Zubereitung einer Vielzahl von Gerichten <\/p>\n<\/li>\n<li>\n<p data-start=\"76\" data-end=\"334\">Zum Beispiel gew\u00fcrztes Bulgur, Reis mit Bulgur, Kibbeh und Eint\u00f6pfe.  <\/p>\n<p data-start=\"336\" data-end=\"417\">Leicht zuzubereiten und garantiert hervorragende Ergebnisse mit einem authentischen traditionellen Geschmack, der sowohl f\u00fcr Alltags- als auch f\u00fcr gelegentliche Tische geeignet ist.<\/p>\n<p data-start=\"419\" data-end=\"558\"><strong data-start=\"419\" data-end=\"448\">\u2714 Hergestellt aus 100 % Durumweizen<\/strong><br data-start=\"448\" data-end=\"451\"><strong data-start=\"451\" data-end=\"490\">\u2714 Mit Vermicelli vermischt f\u00fcr eine unverwechselbare Textur und einen besonderen Geschmack<\/strong><br data-start=\"490\" data-end=\"493\"><strong data-start=\"493\" data-end=\"530\">\u2714 Geeignet f\u00fcr orientalische und abwechslungsreiche Gerichte<\/strong><br data-start=\"530\" data-end=\"533\"><strong data-start=\"533\" data-end=\"558\">\u2714 Praktisches Paket 900g<\/strong><\/p>\n<p data-start=\"560\" data-end=\"574\">\n<\/li>\n<\/ul>\n","protected":false},"excerpt":{"rendered":"<p><strong>Mittlerer Bulgur mit Nudeln AS \u2013 GR 900<\/strong><\/p>\n<ul>\n<li>\n<p data-start=\"76\" data-end=\"334\">Hergestellt aus hochwertigem Diorumweizen, enth\u00e4lt er mittelgro\u00dfe K\u00f6rner, die mit Vermicelli gemischt sind <\/p>\n<\/li>\n<\/ul>\n","protected":false},"featured_media":121249,"comment_status":"open","ping_status":"closed","template":"","meta":[],"product_brand":[],"product_cat":[323,320],"product_tag":[],"class_list":{"0":"post-121248","1":"product","2":"type-product","3":"status-publish","4":"has-post-thumbnail","6":"product_cat-bulgur-de","7":"product_cat-reis-getreide","9":"first","10":"instock","11":"taxable","12":"shipping-taxable","13":"purchasable","14":"product-type-simple"},"yoast_head":"<!-- This site is optimized with the Yoast SEO Premium plugin v26.5 (Yoast SEO v27.5) - https:\/\/yoast.com\/product\/yoast-seo-premium-wordpress\/ -->\n<title>Mittlerer Bulgur mit Nudeln AS \u2013 GR 900 - Yasmin Food<\/title>\n<meta name=\"description\" content=\"Mittlerer Bulgur mit Nudeln AS \u2013 GR 900 Hergestellt aus hochwertigem Diorumweizen, enth\u00e4lt es mittelgro\u00dfe Granulate, die mit Vermicelli gemischt sind%sitename%%%-Mittlerer Bulgur mit Nudeln AS \u2013 GR 900\" \/>\n<meta name=\"robots\" content=\"index, follow, max-snippet:-1, max-image-preview:large, max-video-preview:-1\" \/>\n<link rel=\"canonical\" href=\"https:\/\/yasminfood.ch\/de\/product\/mittlerer-bulgur-mit-nudeln-as-gr-900\/\" \/>\n<meta property=\"og:locale\" content=\"de_DE\" \/>\n<meta property=\"og:type\" content=\"article\" \/>\n<meta property=\"og:title\" content=\"Mittlerer Bulgur mit Nudeln AS \u2013 GR 900\" \/>\n<meta property=\"og:description\" content=\"Mittlerer Bulgur mit Nudeln AS \u2013 GR 900   Hergestellt aus hochwertigem Diorumweizen, enth\u00e4lt er mittelgro\u00dfe K\u00f6rner, die mit Vermicelli gemischt sind\" \/>\n<meta property=\"og:url\" content=\"https:\/\/yasminfood.ch\/de\/product\/mittlerer-bulgur-mit-nudeln-as-gr-900\/\" \/>\n<meta property=\"og:site_name\" content=\"Yasmin Food\" \/>\n<meta property=\"article:publisher\" content=\"https:\/\/www.facebook.com\/yasminmarkt1\" \/>\n<meta property=\"article:modified_time\" content=\"2026-01-24T12:02:26+00:00\" \/>\n<meta property=\"og:image\" content=\"https:\/\/yasminfood.ch\/wp-content\/uploads\/2026\/01\/\u0628\u0631\u063a\u0644-\u0645\u0639-\u0634\u0639\u064a\u0631\u064a\u0629-AS-900G.png\" \/>\n\t<meta property=\"og:image:width\" content=\"1080\" \/>\n\t<meta property=\"og:image:height\" content=\"1080\" \/>\n\t<meta property=\"og:image:type\" content=\"image\/png\" \/>\n<meta name=\"twitter:card\" content=\"summary_large_image\" \/>\n<meta name=\"twitter:label1\" content=\"Preis\" \/>\n\t<meta name=\"twitter:data1\" content=\"3.50&nbsp;&#067;&#072;&#070;\" \/>\n\t<meta name=\"twitter:label2\" content=\"Verf\u00fcgbarkeit\" \/>\n\t<meta name=\"twitter:data2\" content=\"Auf Lager\" \/>\n<script type=\"application\/ld+json\" class=\"yoast-schema-graph\">{\"@context\":\"https:\\\/\\\/schema.org\",\"@graph\":[{\"@type\":\"WebPage\",\"@id\":\"https:\\\/\\\/yasminfood.ch\\\/de\\\/product\\\/mittlerer-bulgur-mit-nudeln-as-gr-900\\\/\",\"url\":\"https:\\\/\\\/yasminfood.ch\\\/de\\\/product\\\/mittlerer-bulgur-mit-nudeln-as-gr-900\\\/\",\"name\":\"Mittlerer Bulgur mit Nudeln AS \u2013 GR 900 - Yasmin Food\",\"isPartOf\":{\"@id\":\"https:\\\/\\\/yasminfood.ch\\\/de\\\/#website\"},\"primaryImageOfPage\":{\"@id\":\"https:\\\/\\\/yasminfood.ch\\\/de\\\/product\\\/mittlerer-bulgur-mit-nudeln-as-gr-900\\\/#primaryimage\"},\"image\":{\"@id\":\"https:\\\/\\\/yasminfood.ch\\\/de\\\/product\\\/mittlerer-bulgur-mit-nudeln-as-gr-900\\\/#primaryimage\"},\"thumbnailUrl\":\"https:\\\/\\\/yasminfood.ch\\\/wp-content\\\/uploads\\\/2026\\\/01\\\/\u0628\u0631\u063a\u0644-\u0645\u0639-\u0634\u0639\u064a\u0631\u064a\u0629-AS-900G.png\",\"datePublished\":\"2026-01-24T11:56:04+00:00\",\"dateModified\":\"2026-01-24T12:02:26+00:00\",\"description\":\"Mittlerer Bulgur mit Nudeln AS \u2013 GR 900 Hergestellt aus hochwertigem Diorumweizen, enth\u00e4lt es mittelgro\u00dfe Granulate, die mit Vermicelli gemischt sind%sitename%%%-Mittlerer Bulgur mit Nudeln AS \u2013 GR 900\",\"breadcrumb\":{\"@id\":\"https:\\\/\\\/yasminfood.ch\\\/de\\\/product\\\/mittlerer-bulgur-mit-nudeln-as-gr-900\\\/#breadcrumb\"},\"inLanguage\":\"de\",\"potentialAction\":[{\"@type\":\"ReadAction\",\"target\":[\"https:\\\/\\\/yasminfood.ch\\\/de\\\/product\\\/mittlerer-bulgur-mit-nudeln-as-gr-900\\\/\"]}]},{\"@type\":\"ImageObject\",\"inLanguage\":\"de\",\"@id\":\"https:\\\/\\\/yasminfood.ch\\\/de\\\/product\\\/mittlerer-bulgur-mit-nudeln-as-gr-900\\\/#primaryimage\",\"url\":\"https:\\\/\\\/yasminfood.ch\\\/wp-content\\\/uploads\\\/2026\\\/01\\\/\u0628\u0631\u063a\u0644-\u0645\u0639-\u0634\u0639\u064a\u0631\u064a\u0629-AS-900G.png\",\"contentUrl\":\"https:\\\/\\\/yasminfood.ch\\\/wp-content\\\/uploads\\\/2026\\\/01\\\/\u0628\u0631\u063a\u0644-\u0645\u0639-\u0634\u0639\u064a\u0631\u064a\u0629-AS-900G.png\",\"width\":1080,\"height\":1080,\"caption\":\"Mittlerer Bulgur mit Nudeln AS \u2013 GR 900\"},{\"@type\":\"BreadcrumbList\",\"@id\":\"https:\\\/\\\/yasminfood.ch\\\/de\\\/product\\\/mittlerer-bulgur-mit-nudeln-as-gr-900\\\/#breadcrumb\",\"itemListElement\":[{\"@type\":\"ListItem\",\"position\":1,\"name\":\"\u0627\u0644\u0631\u0626\u064a\u0633\u064a\u0629\",\"item\":\"https:\\\/\\\/yasminfood.ch\\\/de\\\/zuhause\\\/\"},{\"@type\":\"ListItem\",\"position\":2,\"name\":\"Shop\",\"item\":\"https:\\\/\\\/yasminfood.ch\\\/de\\\/shop\\\/\"},{\"@type\":\"ListItem\",\"position\":3,\"name\":\"Reis &amp; Getreide\",\"item\":\"https:\\\/\\\/yasminfood.ch\\\/de\\\/produkt-kategorie\\\/reis-getreide\\\/\"},{\"@type\":\"ListItem\",\"position\":4,\"name\":\"Mittlerer Bulgur mit Nudeln AS \u2013 GR 900\"}]},{\"@type\":\"WebSite\",\"@id\":\"https:\\\/\\\/yasminfood.ch\\\/de\\\/#website\",\"url\":\"https:\\\/\\\/yasminfood.ch\\\/de\\\/\",\"name\":\"\u064a\u0627\u0633\u0645\u064a\u0646 \u0645\u0627\u0631\u0643\u062a\",\"description\":\"Alles, was Sie brauchen, an einem Ort\",\"publisher\":{\"@id\":\"https:\\\/\\\/yasminfood.ch\\\/de\\\/#organization\"},\"alternateName\":\"Yasmin Food\",\"potentialAction\":[{\"@type\":\"SearchAction\",\"target\":{\"@type\":\"EntryPoint\",\"urlTemplate\":\"https:\\\/\\\/yasminfood.ch\\\/de\\\/?s={search_term_string}\"},\"query-input\":{\"@type\":\"PropertyValueSpecification\",\"valueRequired\":true,\"valueName\":\"search_term_string\"}}],\"inLanguage\":\"de\"},{\"@type\":\"Organization\",\"@id\":\"https:\\\/\\\/yasminfood.ch\\\/de\\\/#organization\",\"name\":\"\u064a\u0627\u0633\u0645\u064a\u0646 \u0645\u0627\u0631\u0643\u062a\",\"alternateName\":\"Yasmin Food\",\"url\":\"https:\\\/\\\/yasminfood.ch\\\/de\\\/\",\"logo\":{\"@type\":\"ImageObject\",\"inLanguage\":\"de\",\"@id\":\"https:\\\/\\\/yasminfood.ch\\\/de\\\/#\\\/schema\\\/logo\\\/image\\\/\",\"url\":\"https:\\\/\\\/yasminfood.ch\\\/wp-content\\\/uploads\\\/2025\\\/05\\\/yasmin-food-header-logo.png\",\"contentUrl\":\"https:\\\/\\\/yasminfood.ch\\\/wp-content\\\/uploads\\\/2025\\\/05\\\/yasmin-food-header-logo.png\",\"width\":330,\"height\":120,\"caption\":\"\u064a\u0627\u0633\u0645\u064a\u0646 \u0645\u0627\u0631\u0643\u062a\"},\"image\":{\"@id\":\"https:\\\/\\\/yasminfood.ch\\\/de\\\/#\\\/schema\\\/logo\\\/image\\\/\"},\"sameAs\":[\"https:\\\/\\\/www.facebook.com\\\/yasminmarkt1\",\"https:\\\/\\\/www.tiktok.com\\\/@yasminmarkt\",\"https:\\\/\\\/www.instagram.com\\\/yasmin.markt1\\\/\",\"https:\\\/\\\/api.whatsapp.com\\\/send\\\/?phone=41799000104\"],\"publishingPrinciples\":\"https:\\\/\\\/yasminfood.ch\\\/de\\\/shop\\\/\",\"ownershipFundingInfo\":\"https:\\\/\\\/yasminfood.ch\\\/de\\\/shop\\\/\"}]}<\/script>\n<meta property=\"product:price:amount\" content=\"3.50\" \/>\n<meta property=\"product:price:currency\" content=\"CHF\" \/>\n<meta property=\"og:availability\" content=\"instock\" \/>\n<meta property=\"product:availability\" content=\"instock\" \/>\n<meta property=\"product:condition\" content=\"new\" \/>\n<!-- \/ Yoast SEO Premium plugin. -->","yoast_head_json":{"title":"Mittlerer Bulgur mit Nudeln AS \u2013 GR 900 - Yasmin Food","description":"Mittlerer Bulgur mit Nudeln AS \u2013 GR 900 Hergestellt aus hochwertigem Diorumweizen, enth\u00e4lt es mittelgro\u00dfe Granulate, die mit Vermicelli gemischt sind%sitename%%%-Mittlerer Bulgur mit Nudeln AS \u2013 GR 900","robots":{"index":"index","follow":"follow","max-snippet":"max-snippet:-1","max-image-preview":"max-image-preview:large","max-video-preview":"max-video-preview:-1"},"canonical":"https:\/\/yasminfood.ch\/de\/product\/mittlerer-bulgur-mit-nudeln-as-gr-900\/","og_locale":"de_DE","og_type":"article","og_title":"Mittlerer Bulgur mit Nudeln AS \u2013 GR 900","og_description":"Mittlerer Bulgur mit Nudeln AS \u2013 GR 900   Hergestellt aus hochwertigem Diorumweizen, enth\u00e4lt er mittelgro\u00dfe K\u00f6rner, die mit Vermicelli gemischt sind","og_url":"https:\/\/yasminfood.ch\/de\/product\/mittlerer-bulgur-mit-nudeln-as-gr-900\/","og_site_name":"Yasmin Food","article_publisher":"https:\/\/www.facebook.com\/yasminmarkt1","article_modified_time":"2026-01-24T12:02:26+00:00","og_image":[{"width":1080,"height":1080,"url":"https:\/\/yasminfood.ch\/wp-content\/uploads\/2026\/01\/\u0628\u0631\u063a\u0644-\u0645\u0639-\u0634\u0639\u064a\u0631\u064a\u0629-AS-900G.png","type":"image\/png"}],"twitter_card":"summary_large_image","twitter_misc":{"Preis":"3.50&nbsp;&#67;&#72;&#70;","Verf\u00fcgbarkeit":"Auf Lager"},"schema":{"@context":"https:\/\/schema.org","@graph":[{"@type":"WebPage","@id":"https:\/\/yasminfood.ch\/de\/product\/mittlerer-bulgur-mit-nudeln-as-gr-900\/","url":"https:\/\/yasminfood.ch\/de\/product\/mittlerer-bulgur-mit-nudeln-as-gr-900\/","name":"Mittlerer Bulgur mit Nudeln AS \u2013 GR 900 - Yasmin Food","isPartOf":{"@id":"https:\/\/yasminfood.ch\/de\/#website"},"primaryImageOfPage":{"@id":"https:\/\/yasminfood.ch\/de\/product\/mittlerer-bulgur-mit-nudeln-as-gr-900\/#primaryimage"},"image":{"@id":"https:\/\/yasminfood.ch\/de\/product\/mittlerer-bulgur-mit-nudeln-as-gr-900\/#primaryimage"},"thumbnailUrl":"https:\/\/yasminfood.ch\/wp-content\/uploads\/2026\/01\/\u0628\u0631\u063a\u0644-\u0645\u0639-\u0634\u0639\u064a\u0631\u064a\u0629-AS-900G.png","datePublished":"2026-01-24T11:56:04+00:00","dateModified":"2026-01-24T12:02:26+00:00","description":"Mittlerer Bulgur mit Nudeln AS \u2013 GR 900 Hergestellt aus hochwertigem Diorumweizen, enth\u00e4lt es mittelgro\u00dfe Granulate, die mit Vermicelli gemischt sind%sitename%%%-Mittlerer Bulgur mit Nudeln AS \u2013 GR 900","breadcrumb":{"@id":"https:\/\/yasminfood.ch\/de\/product\/mittlerer-bulgur-mit-nudeln-as-gr-900\/#breadcrumb"},"inLanguage":"de","potentialAction":[{"@type":"ReadAction","target":["https:\/\/yasminfood.ch\/de\/product\/mittlerer-bulgur-mit-nudeln-as-gr-900\/"]}]},{"@type":"ImageObject","inLanguage":"de","@id":"https:\/\/yasminfood.ch\/de\/product\/mittlerer-bulgur-mit-nudeln-as-gr-900\/#primaryimage","url":"https:\/\/yasminfood.ch\/wp-content\/uploads\/2026\/01\/\u0628\u0631\u063a\u0644-\u0645\u0639-\u0634\u0639\u064a\u0631\u064a\u0629-AS-900G.png","contentUrl":"https:\/\/yasminfood.ch\/wp-content\/uploads\/2026\/01\/\u0628\u0631\u063a\u0644-\u0645\u0639-\u0634\u0639\u064a\u0631\u064a\u0629-AS-900G.png","width":1080,"height":1080,"caption":"Mittlerer Bulgur mit Nudeln AS \u2013 GR 900"},{"@type":"BreadcrumbList","@id":"https:\/\/yasminfood.ch\/de\/product\/mittlerer-bulgur-mit-nudeln-as-gr-900\/#breadcrumb","itemListElement":[{"@type":"ListItem","position":1,"name":"\u0627\u0644\u0631\u0626\u064a\u0633\u064a\u0629","item":"https:\/\/yasminfood.ch\/de\/zuhause\/"},{"@type":"ListItem","position":2,"name":"Shop","item":"https:\/\/yasminfood.ch\/de\/shop\/"},{"@type":"ListItem","position":3,"name":"Reis &amp; Getreide","item":"https:\/\/yasminfood.ch\/de\/produkt-kategorie\/reis-getreide\/"},{"@type":"ListItem","position":4,"name":"Mittlerer Bulgur mit Nudeln AS \u2013 GR 900"}]},{"@type":"WebSite","@id":"https:\/\/yasminfood.ch\/de\/#website","url":"https:\/\/yasminfood.ch\/de\/","name":"\u064a\u0627\u0633\u0645\u064a\u0646 \u0645\u0627\u0631\u0643\u062a","description":"Alles, was Sie brauchen, an einem Ort","publisher":{"@id":"https:\/\/yasminfood.ch\/de\/#organization"},"alternateName":"Yasmin Food","potentialAction":[{"@type":"SearchAction","target":{"@type":"EntryPoint","urlTemplate":"https:\/\/yasminfood.ch\/de\/?s={search_term_string}"},"query-input":{"@type":"PropertyValueSpecification","valueRequired":true,"valueName":"search_term_string"}}],"inLanguage":"de"},{"@type":"Organization","@id":"https:\/\/yasminfood.ch\/de\/#organization","name":"\u064a\u0627\u0633\u0645\u064a\u0646 \u0645\u0627\u0631\u0643\u062a","alternateName":"Yasmin Food","url":"https:\/\/yasminfood.ch\/de\/","logo":{"@type":"ImageObject","inLanguage":"de","@id":"https:\/\/yasminfood.ch\/de\/#\/schema\/logo\/image\/","url":"https:\/\/yasminfood.ch\/wp-content\/uploads\/2025\/05\/yasmin-food-header-logo.png","contentUrl":"https:\/\/yasminfood.ch\/wp-content\/uploads\/2025\/05\/yasmin-food-header-logo.png","width":330,"height":120,"caption":"\u064a\u0627\u0633\u0645\u064a\u0646 \u0645\u0627\u0631\u0643\u062a"},"image":{"@id":"https:\/\/yasminfood.ch\/de\/#\/schema\/logo\/image\/"},"sameAs":["https:\/\/www.facebook.com\/yasminmarkt1","https:\/\/www.tiktok.com\/@yasminmarkt","https:\/\/www.instagram.com\/yasmin.markt1\/","https:\/\/api.whatsapp.com\/send\/?phone=41799000104"],"publishingPrinciples":"https:\/\/yasminfood.ch\/de\/shop\/","ownershipFundingInfo":"https:\/\/yasminfood.ch\/de\/shop\/"}]},"product_price_amount":"3.50","product_price_currency":"CHF","og_availability":"instock","product_availability":"instock","product_condition":"new"},"jetpack_sharing_enabled":true,"_links":{"self":[{"href":"https:\/\/yasminfood.ch\/de\/wp-json\/wp\/v2\/product\/121248","targetHints":{"allow":["GET"]}}],"collection":[{"href":"https:\/\/yasminfood.ch\/de\/wp-json\/wp\/v2\/product"}],"about":[{"href":"https:\/\/yasminfood.ch\/de\/wp-json\/wp\/v2\/types\/product"}],"replies":[{"embeddable":true,"href":"https:\/\/yasminfood.ch\/de\/wp-json\/wp\/v2\/comments?post=121248"}],"version-history":[{"count":1,"href":"https:\/\/yasminfood.ch\/de\/wp-json\/wp\/v2\/product\/121248\/revisions"}],"predecessor-version":[{"id":121258,"href":"https:\/\/yasminfood.ch\/de\/wp-json\/wp\/v2\/product\/121248\/revisions\/121258"}],"wp:featuredmedia":[{"embeddable":true,"href":"https:\/\/yasminfood.ch\/de\/wp-json\/wp\/v2\/media\/121249"}],"wp:attachment":[{"href":"https:\/\/yasminfood.ch\/de\/wp-json\/wp\/v2\/media?parent=121248"}],"wp:term":[{"taxonomy":"product_brand","embeddable":true,"href":"https:\/\/yasminfood.ch\/de\/wp-json\/wp\/v2\/product_brand?post=121248"},{"taxonomy":"product_cat","embeddable":true,"href":"https:\/\/yasminfood.ch\/de\/wp-json\/wp\/v2\/product_cat?post=121248"},{"taxonomy":"product_tag","embeddable":true,"href":"https:\/\/yasminfood.ch\/de\/wp-json\/wp\/v2\/product_tag?post=121248"}],"curies":[{"name":"wp","href":"https:\/\/api.w.org\/{rel}","templated":true}]}}