{"id":121251,"date":"2026-01-24T12:45:59","date_gmt":"2026-01-24T11:45:59","guid":{"rendered":"https:\/\/yasminfood.ch\/product\/mittlere-gruetze-as-900-gr\/"},"modified":"2026-01-24T13:02:29","modified_gmt":"2026-01-24T12:02:29","slug":"mittlere-gruetze-as-900-gr","status":"publish","type":"product","link":"https:\/\/yasminfood.ch\/de\/product\/mittlere-gruetze-as-900-gr\/","title":{"rendered":"Mittlere Gr\u00fctze AS 900 GR"},"content":{"rendered":"<p><strong>Mittlere Gr\u00fctze AS 900 GR<\/strong><\/p>\n<ul>\n<li>\n<p data-start=\"71\" data-end=\"360\">Es ist Ihre ideale Wahl, um die k\u00f6stlichsten traditionellen Gerichte mit authentischem Geschmack und ausgewogener Textur zuzubereiten.<\/p>\n<\/li>\n<li>\n<p data-start=\"71\" data-end=\"360\">Hergestellt aus sorgf\u00e4ltig ausgew\u00e4hlten Weizenk\u00f6rnern und auf mittlere Qualit\u00e4t gemahlen, was perfekte Reife und einfache Garbereitschaft gew\u00e4hrleistet. <br data-start=\"270\" data-end=\"273\">Es ist eine gro\u00dfartige Basis f\u00fcr Gr\u00fctze, Suppen und Eint\u00f6pfe und sorgt jedes Mal f\u00fcr ein reichhaltiges und s\u00e4ttigendes Ergebnis. <\/p>\n<p data-start=\"362\" data-end=\"499\"><strong data-start=\"362\" data-end=\"395\">\u2714 Hochwertige ausgew\u00e4hlte Weizen<\/strong><br data-start=\"395\" data-end=\"398\"><strong data-start=\"398\" data-end=\"430\">\u2714 Mittlere K\u00f6rnungsgr\u00f6\u00dfe f\u00fcr perfekte Textur<\/strong><br data-start=\"430\" data-end=\"433\"><strong data-start=\"433\" data-end=\"471\">\u2714 Geeignet f\u00fcr traditionelle und moderne Gerichte<\/strong><br data-start=\"471\" data-end=\"474\"><strong data-start=\"474\" data-end=\"499\">\u2714 Praktisches Paket 900g<\/strong><\/p>\n<\/li>\n<\/ul>\n","protected":false},"excerpt":{"rendered":"<p><strong>Mittlere Gr\u00fctze AS 900 GR<\/strong><\/p>\n<ul>\n<li>\n<p data-start=\"71\" data-end=\"360\">Es ist Ihre ideale Wahl, um die k\u00f6stlichsten traditionellen Gerichte mit authentischem Geschmack und ausgewogener Textur zuzubereiten.<\/p>\n<\/li>\n<\/ul>\n","protected":false},"featured_media":121254,"comment_status":"open","ping_status":"closed","template":"","meta":[],"product_brand":[],"product_cat":[323,328,320],"product_tag":[],"class_list":{"0":"post-121251","1":"product","2":"type-product","3":"status-publish","4":"has-post-thumbnail","6":"product_cat-bulgur-de","7":"product_cat-gries","8":"product_cat-reis-getreide","10":"first","11":"instock","12":"taxable","13":"shipping-taxable","14":"purchasable","15":"product-type-simple"},"yoast_head":"<!-- This site is optimized with the Yoast SEO Premium plugin v26.5 (Yoast SEO v27.5) - https:\/\/yoast.com\/product\/yoast-seo-premium-wordpress\/ -->\n<title>Mittlere Gr\u00fctze AS 900 GR - Yasmin Food<\/title>\n<meta name=\"description\" content=\"Mittlere Gr\u00fctze AS 900 GR ist Ihre ideale Wahl, um traditionelle Delikatessen mit authentischem Geschmack und ausgewogenerer Textur zuzubereiten. Yasmin Food Mittlere Gr\u00fctze AS 900 GR\" \/>\n<meta name=\"robots\" content=\"index, follow, max-snippet:-1, max-image-preview:large, max-video-preview:-1\" \/>\n<link rel=\"canonical\" href=\"https:\/\/yasminfood.ch\/de\/product\/mittlere-gruetze-as-900-gr\/\" \/>\n<meta property=\"og:locale\" content=\"de_DE\" \/>\n<meta property=\"og:type\" content=\"article\" \/>\n<meta property=\"og:title\" content=\"Mittlere Gr\u00fctze AS 900 GR\" \/>\n<meta property=\"og:description\" content=\"Mittlere Gr\u00fctze AS 900 GR   Es ist Ihre ideale Wahl, um die k\u00f6stlichsten traditionellen Gerichte mit authentischem Geschmack und ausgewogener Textur zuzubereiten.\" \/>\n<meta property=\"og:url\" content=\"https:\/\/yasminfood.ch\/de\/product\/mittlere-gruetze-as-900-gr\/\" \/>\n<meta property=\"og:site_name\" content=\"Yasmin Food\" \/>\n<meta property=\"article:publisher\" content=\"https:\/\/www.facebook.com\/yasminmarkt1\" \/>\n<meta property=\"article:modified_time\" content=\"2026-01-24T12:02:29+00:00\" \/>\n<meta property=\"og:image\" content=\"https:\/\/yasminfood.ch\/wp-content\/uploads\/2026\/01\/\u062c\u0631\u064a\u0634-\u0648\u0633\u0637-AS-900-GR.png\" \/>\n\t<meta property=\"og:image:width\" content=\"1080\" \/>\n\t<meta property=\"og:image:height\" content=\"1080\" \/>\n\t<meta property=\"og:image:type\" content=\"image\/png\" \/>\n<meta name=\"twitter:card\" content=\"summary_large_image\" \/>\n<meta name=\"twitter:label1\" content=\"Preis\" \/>\n\t<meta name=\"twitter:data1\" content=\"3.50&nbsp;&#067;&#072;&#070;\" \/>\n\t<meta name=\"twitter:label2\" content=\"Verf\u00fcgbarkeit\" \/>\n\t<meta name=\"twitter:data2\" content=\"Auf Lager\" \/>\n<script type=\"application\/ld+json\" class=\"yoast-schema-graph\">{\"@context\":\"https:\\\/\\\/schema.org\",\"@graph\":[{\"@type\":\"WebPage\",\"@id\":\"https:\\\/\\\/yasminfood.ch\\\/de\\\/product\\\/mittlere-gruetze-as-900-gr\\\/\",\"url\":\"https:\\\/\\\/yasminfood.ch\\\/de\\\/product\\\/mittlere-gruetze-as-900-gr\\\/\",\"name\":\"Mittlere Gr\u00fctze AS 900 GR - Yasmin Food\",\"isPartOf\":{\"@id\":\"https:\\\/\\\/yasminfood.ch\\\/de\\\/#website\"},\"primaryImageOfPage\":{\"@id\":\"https:\\\/\\\/yasminfood.ch\\\/de\\\/product\\\/mittlere-gruetze-as-900-gr\\\/#primaryimage\"},\"image\":{\"@id\":\"https:\\\/\\\/yasminfood.ch\\\/de\\\/product\\\/mittlere-gruetze-as-900-gr\\\/#primaryimage\"},\"thumbnailUrl\":\"https:\\\/\\\/yasminfood.ch\\\/wp-content\\\/uploads\\\/2026\\\/01\\\/\u062c\u0631\u064a\u0634-\u0648\u0633\u0637-AS-900-GR.png\",\"datePublished\":\"2026-01-24T11:45:59+00:00\",\"dateModified\":\"2026-01-24T12:02:29+00:00\",\"description\":\"Mittlere Gr\u00fctze AS 900 GR ist Ihre ideale Wahl, um traditionelle Delikatessen mit authentischem Geschmack und ausgewogenerer Textur zuzubereiten. Yasmin Food Mittlere Gr\u00fctze AS 900 GR\",\"breadcrumb\":{\"@id\":\"https:\\\/\\\/yasminfood.ch\\\/de\\\/product\\\/mittlere-gruetze-as-900-gr\\\/#breadcrumb\"},\"inLanguage\":\"de\",\"potentialAction\":[{\"@type\":\"ReadAction\",\"target\":[\"https:\\\/\\\/yasminfood.ch\\\/de\\\/product\\\/mittlere-gruetze-as-900-gr\\\/\"]}]},{\"@type\":\"ImageObject\",\"inLanguage\":\"de\",\"@id\":\"https:\\\/\\\/yasminfood.ch\\\/de\\\/product\\\/mittlere-gruetze-as-900-gr\\\/#primaryimage\",\"url\":\"https:\\\/\\\/yasminfood.ch\\\/wp-content\\\/uploads\\\/2026\\\/01\\\/\u062c\u0631\u064a\u0634-\u0648\u0633\u0637-AS-900-GR.png\",\"contentUrl\":\"https:\\\/\\\/yasminfood.ch\\\/wp-content\\\/uploads\\\/2026\\\/01\\\/\u062c\u0631\u064a\u0634-\u0648\u0633\u0637-AS-900-GR.png\",\"width\":1080,\"height\":1080,\"caption\":\"Mittlere Gr\u00fctze AS 900 GR\"},{\"@type\":\"BreadcrumbList\",\"@id\":\"https:\\\/\\\/yasminfood.ch\\\/de\\\/product\\\/mittlere-gruetze-as-900-gr\\\/#breadcrumb\",\"itemListElement\":[{\"@type\":\"ListItem\",\"position\":1,\"name\":\"\u0627\u0644\u0631\u0626\u064a\u0633\u064a\u0629\",\"item\":\"https:\\\/\\\/yasminfood.ch\\\/de\\\/zuhause\\\/\"},{\"@type\":\"ListItem\",\"position\":2,\"name\":\"Shop\",\"item\":\"https:\\\/\\\/yasminfood.ch\\\/de\\\/shop\\\/\"},{\"@type\":\"ListItem\",\"position\":3,\"name\":\"Reis &amp; Getreide\",\"item\":\"https:\\\/\\\/yasminfood.ch\\\/de\\\/produkt-kategorie\\\/reis-getreide\\\/\"},{\"@type\":\"ListItem\",\"position\":4,\"name\":\"Mittlere Gr\u00fctze AS 900 GR\"}]},{\"@type\":\"WebSite\",\"@id\":\"https:\\\/\\\/yasminfood.ch\\\/de\\\/#website\",\"url\":\"https:\\\/\\\/yasminfood.ch\\\/de\\\/\",\"name\":\"\u064a\u0627\u0633\u0645\u064a\u0646 \u0645\u0627\u0631\u0643\u062a\",\"description\":\"Alles, was Sie brauchen, an einem Ort\",\"publisher\":{\"@id\":\"https:\\\/\\\/yasminfood.ch\\\/de\\\/#organization\"},\"alternateName\":\"Yasmin Food\",\"potentialAction\":[{\"@type\":\"SearchAction\",\"target\":{\"@type\":\"EntryPoint\",\"urlTemplate\":\"https:\\\/\\\/yasminfood.ch\\\/de\\\/?s={search_term_string}\"},\"query-input\":{\"@type\":\"PropertyValueSpecification\",\"valueRequired\":true,\"valueName\":\"search_term_string\"}}],\"inLanguage\":\"de\"},{\"@type\":\"Organization\",\"@id\":\"https:\\\/\\\/yasminfood.ch\\\/de\\\/#organization\",\"name\":\"\u064a\u0627\u0633\u0645\u064a\u0646 \u0645\u0627\u0631\u0643\u062a\",\"alternateName\":\"Yasmin Food\",\"url\":\"https:\\\/\\\/yasminfood.ch\\\/de\\\/\",\"logo\":{\"@type\":\"ImageObject\",\"inLanguage\":\"de\",\"@id\":\"https:\\\/\\\/yasminfood.ch\\\/de\\\/#\\\/schema\\\/logo\\\/image\\\/\",\"url\":\"https:\\\/\\\/yasminfood.ch\\\/wp-content\\\/uploads\\\/2025\\\/05\\\/yasmin-food-header-logo.png\",\"contentUrl\":\"https:\\\/\\\/yasminfood.ch\\\/wp-content\\\/uploads\\\/2025\\\/05\\\/yasmin-food-header-logo.png\",\"width\":330,\"height\":120,\"caption\":\"\u064a\u0627\u0633\u0645\u064a\u0646 \u0645\u0627\u0631\u0643\u062a\"},\"image\":{\"@id\":\"https:\\\/\\\/yasminfood.ch\\\/de\\\/#\\\/schema\\\/logo\\\/image\\\/\"},\"sameAs\":[\"https:\\\/\\\/www.facebook.com\\\/yasminmarkt1\",\"https:\\\/\\\/www.tiktok.com\\\/@yasminmarkt\",\"https:\\\/\\\/www.instagram.com\\\/yasmin.markt1\\\/\",\"https:\\\/\\\/api.whatsapp.com\\\/send\\\/?phone=41799000104\"],\"publishingPrinciples\":\"https:\\\/\\\/yasminfood.ch\\\/de\\\/shop\\\/\",\"ownershipFundingInfo\":\"https:\\\/\\\/yasminfood.ch\\\/de\\\/shop\\\/\"}]}<\/script>\n<meta property=\"product:price:amount\" content=\"3.50\" \/>\n<meta property=\"product:price:currency\" content=\"CHF\" \/>\n<meta property=\"og:availability\" content=\"instock\" \/>\n<meta property=\"product:availability\" content=\"instock\" \/>\n<meta property=\"product:condition\" content=\"new\" \/>\n<!-- \/ Yoast SEO Premium plugin. -->","yoast_head_json":{"title":"Mittlere Gr\u00fctze AS 900 GR - Yasmin Food","description":"Mittlere Gr\u00fctze AS 900 GR ist Ihre ideale Wahl, um traditionelle Delikatessen mit authentischem Geschmack und ausgewogenerer Textur zuzubereiten. Yasmin Food Mittlere Gr\u00fctze AS 900 GR","robots":{"index":"index","follow":"follow","max-snippet":"max-snippet:-1","max-image-preview":"max-image-preview:large","max-video-preview":"max-video-preview:-1"},"canonical":"https:\/\/yasminfood.ch\/de\/product\/mittlere-gruetze-as-900-gr\/","og_locale":"de_DE","og_type":"article","og_title":"Mittlere Gr\u00fctze AS 900 GR","og_description":"Mittlere Gr\u00fctze AS 900 GR   Es ist Ihre ideale Wahl, um die k\u00f6stlichsten traditionellen Gerichte mit authentischem Geschmack und ausgewogener Textur zuzubereiten.","og_url":"https:\/\/yasminfood.ch\/de\/product\/mittlere-gruetze-as-900-gr\/","og_site_name":"Yasmin Food","article_publisher":"https:\/\/www.facebook.com\/yasminmarkt1","article_modified_time":"2026-01-24T12:02:29+00:00","og_image":[{"width":1080,"height":1080,"url":"https:\/\/yasminfood.ch\/wp-content\/uploads\/2026\/01\/\u062c\u0631\u064a\u0634-\u0648\u0633\u0637-AS-900-GR.png","type":"image\/png"}],"twitter_card":"summary_large_image","twitter_misc":{"Preis":"3.50&nbsp;&#67;&#72;&#70;","Verf\u00fcgbarkeit":"Auf Lager"},"schema":{"@context":"https:\/\/schema.org","@graph":[{"@type":"WebPage","@id":"https:\/\/yasminfood.ch\/de\/product\/mittlere-gruetze-as-900-gr\/","url":"https:\/\/yasminfood.ch\/de\/product\/mittlere-gruetze-as-900-gr\/","name":"Mittlere Gr\u00fctze AS 900 GR - Yasmin Food","isPartOf":{"@id":"https:\/\/yasminfood.ch\/de\/#website"},"primaryImageOfPage":{"@id":"https:\/\/yasminfood.ch\/de\/product\/mittlere-gruetze-as-900-gr\/#primaryimage"},"image":{"@id":"https:\/\/yasminfood.ch\/de\/product\/mittlere-gruetze-as-900-gr\/#primaryimage"},"thumbnailUrl":"https:\/\/yasminfood.ch\/wp-content\/uploads\/2026\/01\/\u062c\u0631\u064a\u0634-\u0648\u0633\u0637-AS-900-GR.png","datePublished":"2026-01-24T11:45:59+00:00","dateModified":"2026-01-24T12:02:29+00:00","description":"Mittlere Gr\u00fctze AS 900 GR ist Ihre ideale Wahl, um traditionelle Delikatessen mit authentischem Geschmack und ausgewogenerer Textur zuzubereiten. Yasmin Food Mittlere Gr\u00fctze AS 900 GR","breadcrumb":{"@id":"https:\/\/yasminfood.ch\/de\/product\/mittlere-gruetze-as-900-gr\/#breadcrumb"},"inLanguage":"de","potentialAction":[{"@type":"ReadAction","target":["https:\/\/yasminfood.ch\/de\/product\/mittlere-gruetze-as-900-gr\/"]}]},{"@type":"ImageObject","inLanguage":"de","@id":"https:\/\/yasminfood.ch\/de\/product\/mittlere-gruetze-as-900-gr\/#primaryimage","url":"https:\/\/yasminfood.ch\/wp-content\/uploads\/2026\/01\/\u062c\u0631\u064a\u0634-\u0648\u0633\u0637-AS-900-GR.png","contentUrl":"https:\/\/yasminfood.ch\/wp-content\/uploads\/2026\/01\/\u062c\u0631\u064a\u0634-\u0648\u0633\u0637-AS-900-GR.png","width":1080,"height":1080,"caption":"Mittlere Gr\u00fctze AS 900 GR"},{"@type":"BreadcrumbList","@id":"https:\/\/yasminfood.ch\/de\/product\/mittlere-gruetze-as-900-gr\/#breadcrumb","itemListElement":[{"@type":"ListItem","position":1,"name":"\u0627\u0644\u0631\u0626\u064a\u0633\u064a\u0629","item":"https:\/\/yasminfood.ch\/de\/zuhause\/"},{"@type":"ListItem","position":2,"name":"Shop","item":"https:\/\/yasminfood.ch\/de\/shop\/"},{"@type":"ListItem","position":3,"name":"Reis &amp; Getreide","item":"https:\/\/yasminfood.ch\/de\/produkt-kategorie\/reis-getreide\/"},{"@type":"ListItem","position":4,"name":"Mittlere Gr\u00fctze AS 900 GR"}]},{"@type":"WebSite","@id":"https:\/\/yasminfood.ch\/de\/#website","url":"https:\/\/yasminfood.ch\/de\/","name":"\u064a\u0627\u0633\u0645\u064a\u0646 \u0645\u0627\u0631\u0643\u062a","description":"Alles, was Sie brauchen, an einem Ort","publisher":{"@id":"https:\/\/yasminfood.ch\/de\/#organization"},"alternateName":"Yasmin Food","potentialAction":[{"@type":"SearchAction","target":{"@type":"EntryPoint","urlTemplate":"https:\/\/yasminfood.ch\/de\/?s={search_term_string}"},"query-input":{"@type":"PropertyValueSpecification","valueRequired":true,"valueName":"search_term_string"}}],"inLanguage":"de"},{"@type":"Organization","@id":"https:\/\/yasminfood.ch\/de\/#organization","name":"\u064a\u0627\u0633\u0645\u064a\u0646 \u0645\u0627\u0631\u0643\u062a","alternateName":"Yasmin Food","url":"https:\/\/yasminfood.ch\/de\/","logo":{"@type":"ImageObject","inLanguage":"de","@id":"https:\/\/yasminfood.ch\/de\/#\/schema\/logo\/image\/","url":"https:\/\/yasminfood.ch\/wp-content\/uploads\/2025\/05\/yasmin-food-header-logo.png","contentUrl":"https:\/\/yasminfood.ch\/wp-content\/uploads\/2025\/05\/yasmin-food-header-logo.png","width":330,"height":120,"caption":"\u064a\u0627\u0633\u0645\u064a\u0646 \u0645\u0627\u0631\u0643\u062a"},"image":{"@id":"https:\/\/yasminfood.ch\/de\/#\/schema\/logo\/image\/"},"sameAs":["https:\/\/www.facebook.com\/yasminmarkt1","https:\/\/www.tiktok.com\/@yasminmarkt","https:\/\/www.instagram.com\/yasmin.markt1\/","https:\/\/api.whatsapp.com\/send\/?phone=41799000104"],"publishingPrinciples":"https:\/\/yasminfood.ch\/de\/shop\/","ownershipFundingInfo":"https:\/\/yasminfood.ch\/de\/shop\/"}]},"product_price_amount":"3.50","product_price_currency":"CHF","og_availability":"instock","product_availability":"instock","product_condition":"new"},"jetpack_sharing_enabled":true,"_links":{"self":[{"href":"https:\/\/yasminfood.ch\/de\/wp-json\/wp\/v2\/product\/121251","targetHints":{"allow":["GET"]}}],"collection":[{"href":"https:\/\/yasminfood.ch\/de\/wp-json\/wp\/v2\/product"}],"about":[{"href":"https:\/\/yasminfood.ch\/de\/wp-json\/wp\/v2\/types\/product"}],"replies":[{"embeddable":true,"href":"https:\/\/yasminfood.ch\/de\/wp-json\/wp\/v2\/comments?post=121251"}],"version-history":[{"count":1,"href":"https:\/\/yasminfood.ch\/de\/wp-json\/wp\/v2\/product\/121251\/revisions"}],"predecessor-version":[{"id":121262,"href":"https:\/\/yasminfood.ch\/de\/wp-json\/wp\/v2\/product\/121251\/revisions\/121262"}],"wp:featuredmedia":[{"embeddable":true,"href":"https:\/\/yasminfood.ch\/de\/wp-json\/wp\/v2\/media\/121254"}],"wp:attachment":[{"href":"https:\/\/yasminfood.ch\/de\/wp-json\/wp\/v2\/media?parent=121251"}],"wp:term":[{"taxonomy":"product_brand","embeddable":true,"href":"https:\/\/yasminfood.ch\/de\/wp-json\/wp\/v2\/product_brand?post=121251"},{"taxonomy":"product_cat","embeddable":true,"href":"https:\/\/yasminfood.ch\/de\/wp-json\/wp\/v2\/product_cat?post=121251"},{"taxonomy":"product_tag","embeddable":true,"href":"https:\/\/yasminfood.ch\/de\/wp-json\/wp\/v2\/product_tag?post=121251"}],"curies":[{"name":"wp","href":"https:\/\/api.w.org\/{rel}","templated":true}]}}