{"id":121255,"date":"2026-01-24T12:41:01","date_gmt":"2026-01-24T11:41:01","guid":{"rendered":"https:\/\/yasminfood.ch\/product\/scharfe-sardinen-mit-oel-125g\/"},"modified":"2026-01-24T13:02:22","modified_gmt":"2026-01-24T12:02:22","slug":"scharfe-sardinen-mit-oel-125g","status":"publish","type":"product","link":"https:\/\/yasminfood.ch\/de\/product\/scharfe-sardinen-mit-oel-125g\/","title":{"rendered":"Scharfe Sardinen mit \u00d6l 125g"},"content":{"rendered":"<p><strong>Scharfe Sardinen mit \u00d6l 125g<\/strong><\/p>\n<ul>\n<li data-start=\"76\" data-end=\"339\">Die ideale Wahl f\u00fcr Liebhaber eines starken und unverwechselbaren Geschmacks. Hergestellt aus hochwertigen Sardinen, <\/li>\n<li data-start=\"76\" data-end=\"339\">Konserviert in einem reichhaltigen \u00d6l mit einem Hauch von Chili, das einen k\u00f6stlichen und ausgewogenen Geschmack verleiht.<\/li>\n<li data-start=\"76\" data-end=\"339\">Sofort serviert, ist es eine nahrhafte und schnelle Mahlzeit, die f\u00fcr alle Zeiten geeignet ist. <\/li>\n<\/ul>\n<p data-start=\"341\" data-end=\"452\">Sein hoher N\u00e4hrwert, reich an Eiwei\u00df und Omega-3-Fetts\u00e4uren, macht es zu einer praktischen und k\u00f6stlichen Option f\u00fcr Ihren t\u00e4glichen Tisch.  <\/p>\n<p data-start=\"454\" data-end=\"578\"><strong data-start=\"454\" data-end=\"478\">\u2714 Sorgf\u00e4ltig ausgew\u00e4hlte Sardinen<\/strong><br data-start=\"478\" data-end=\"481\"><strong data-start=\"481\" data-end=\"502\">\u2714 K\u00f6stlicher w\u00fcrziger Geschmack<\/strong><br data-start=\"502\" data-end=\"505\"><strong data-start=\"505\" data-end=\"536\">\u2714 Essensfertig und einfach zu benutzen<\/strong><br data-start=\"536\" data-end=\"539\"><strong data-start=\"539\" data-end=\"578\">\u2714 Geeignet f\u00fcr Fast Food und Sandwiches<\/strong><\/p>\n","protected":false},"excerpt":{"rendered":"<p><strong>Scharfe Sardinen mit \u00d6l 125g<\/strong><\/p>\n<ul>\n<li data-start=\"76\" data-end=\"339\">Die ideale Wahl f\u00fcr Liebhaber eines starken und unverwechselbaren Geschmacks. Hergestellt aus hochwertigen Sardinen, <\/li>\n<\/ul>\n","protected":false},"featured_media":121256,"comment_status":"open","ping_status":"closed","template":"","meta":[],"product_brand":[],"product_cat":[245,264],"product_tag":[],"class_list":{"0":"post-121255","1":"product","2":"type-product","3":"status-publish","4":"has-post-thumbnail","6":"product_cat-konserven-lebensmittel","7":"product_cat-thunfisch-sardine","9":"first","10":"instock","11":"taxable","12":"shipping-taxable","13":"purchasable","14":"product-type-simple"},"yoast_head":"<!-- This site is optimized with the Yoast SEO Premium plugin v26.5 (Yoast SEO v27.3) - https:\/\/yoast.com\/product\/yoast-seo-premium-wordpress\/ -->\n<title>Scharfe Sardinen mit \u00d6l 125g - Yasmin Food<\/title>\n<meta name=\"description\" content=\"Die ideale Wahl f\u00fcr Liebhaber mit starkem und unverwechselbarem Geschmack. Hergestellt aus hochwertigen Sardinen, konserviert in einem reichhaltigen \u00d6l mit einem Hauch von Chili, das einen k\u00f6stlichen und ausgewogenen Geschmack verleiht.\" \/>\n<meta name=\"robots\" content=\"index, follow, max-snippet:-1, max-image-preview:large, max-video-preview:-1\" \/>\n<link rel=\"canonical\" href=\"https:\/\/yasminfood.ch\/de\/product\/scharfe-sardinen-mit-oel-125g\/\" \/>\n<meta property=\"og:locale\" content=\"de_DE\" \/>\n<meta property=\"og:type\" content=\"article\" \/>\n<meta property=\"og:title\" content=\"Scharfe Sardinen mit \u00d6l 125g\" \/>\n<meta property=\"og:description\" content=\"Scharfe Sardinen mit \u00d6l 125g  Die ideale Wahl f\u00fcr Liebhaber eines starken und unverwechselbaren Geschmacks. Hergestellt aus hochwertigen Sardinen,\" \/>\n<meta property=\"og:url\" content=\"https:\/\/yasminfood.ch\/de\/product\/scharfe-sardinen-mit-oel-125g\/\" \/>\n<meta property=\"og:site_name\" content=\"Yasmin Food\" \/>\n<meta property=\"article:publisher\" content=\"https:\/\/www.facebook.com\/yasminmarkt1\" \/>\n<meta property=\"article:modified_time\" content=\"2026-01-24T12:02:22+00:00\" \/>\n<meta property=\"og:image\" content=\"https:\/\/yasminfood.ch\/wp-content\/uploads\/2026\/01\/\u0633\u0631\u062f\u064a\u0646-\u0634\u0647\u064a\u0629-\u062d\u0627\u0631-\u0628\u0627\u0644\u0632\u064a\u062a-50-\u00d7-125-\u063a\u0631\u0627\u0645.png\" \/>\n\t<meta property=\"og:image:width\" content=\"1080\" \/>\n\t<meta property=\"og:image:height\" content=\"1080\" \/>\n\t<meta property=\"og:image:type\" content=\"image\/png\" \/>\n<meta name=\"twitter:card\" content=\"summary_large_image\" \/>\n<meta name=\"twitter:label1\" content=\"Preis\" \/>\n\t<meta name=\"twitter:data1\" content=\"1.95&nbsp;&#067;&#072;&#070;\" \/>\n\t<meta name=\"twitter:label2\" content=\"Verf\u00fcgbarkeit\" \/>\n\t<meta name=\"twitter:data2\" content=\"Auf Lager\" \/>\n<script type=\"application\/ld+json\" class=\"yoast-schema-graph\">{\"@context\":\"https:\\\/\\\/schema.org\",\"@graph\":[{\"@type\":\"WebPage\",\"@id\":\"https:\\\/\\\/yasminfood.ch\\\/de\\\/product\\\/scharfe-sardinen-mit-oel-125g\\\/\",\"url\":\"https:\\\/\\\/yasminfood.ch\\\/de\\\/product\\\/scharfe-sardinen-mit-oel-125g\\\/\",\"name\":\"Scharfe Sardinen mit \u00d6l 125g - Yasmin Food\",\"isPartOf\":{\"@id\":\"https:\\\/\\\/yasminfood.ch\\\/de\\\/#website\"},\"primaryImageOfPage\":{\"@id\":\"https:\\\/\\\/yasminfood.ch\\\/de\\\/product\\\/scharfe-sardinen-mit-oel-125g\\\/#primaryimage\"},\"image\":{\"@id\":\"https:\\\/\\\/yasminfood.ch\\\/de\\\/product\\\/scharfe-sardinen-mit-oel-125g\\\/#primaryimage\"},\"thumbnailUrl\":\"https:\\\/\\\/yasminfood.ch\\\/wp-content\\\/uploads\\\/2026\\\/01\\\/\u0633\u0631\u062f\u064a\u0646-\u0634\u0647\u064a\u0629-\u062d\u0627\u0631-\u0628\u0627\u0644\u0632\u064a\u062a-50-\u00d7-125-\u063a\u0631\u0627\u0645.png\",\"datePublished\":\"2026-01-24T11:41:01+00:00\",\"dateModified\":\"2026-01-24T12:02:22+00:00\",\"description\":\"Die ideale Wahl f\u00fcr Liebhaber mit starkem und unverwechselbarem Geschmack. Hergestellt aus hochwertigen Sardinen, konserviert in einem reichhaltigen \u00d6l mit einem Hauch von Chili, das einen k\u00f6stlichen und ausgewogenen Geschmack verleiht.\",\"breadcrumb\":{\"@id\":\"https:\\\/\\\/yasminfood.ch\\\/de\\\/product\\\/scharfe-sardinen-mit-oel-125g\\\/#breadcrumb\"},\"inLanguage\":\"de\",\"potentialAction\":[{\"@type\":\"ReadAction\",\"target\":[\"https:\\\/\\\/yasminfood.ch\\\/de\\\/product\\\/scharfe-sardinen-mit-oel-125g\\\/\"]}]},{\"@type\":\"ImageObject\",\"inLanguage\":\"de\",\"@id\":\"https:\\\/\\\/yasminfood.ch\\\/de\\\/product\\\/scharfe-sardinen-mit-oel-125g\\\/#primaryimage\",\"url\":\"https:\\\/\\\/yasminfood.ch\\\/wp-content\\\/uploads\\\/2026\\\/01\\\/\u0633\u0631\u062f\u064a\u0646-\u0634\u0647\u064a\u0629-\u062d\u0627\u0631-\u0628\u0627\u0644\u0632\u064a\u062a-50-\u00d7-125-\u063a\u0631\u0627\u0645.png\",\"contentUrl\":\"https:\\\/\\\/yasminfood.ch\\\/wp-content\\\/uploads\\\/2026\\\/01\\\/\u0633\u0631\u062f\u064a\u0646-\u0634\u0647\u064a\u0629-\u062d\u0627\u0631-\u0628\u0627\u0644\u0632\u064a\u062a-50-\u00d7-125-\u063a\u0631\u0627\u0645.png\",\"width\":1080,\"height\":1080,\"caption\":\"Scharfe Sardinen mit \u00d6l 125g\"},{\"@type\":\"BreadcrumbList\",\"@id\":\"https:\\\/\\\/yasminfood.ch\\\/de\\\/product\\\/scharfe-sardinen-mit-oel-125g\\\/#breadcrumb\",\"itemListElement\":[{\"@type\":\"ListItem\",\"position\":1,\"name\":\"\u0627\u0644\u0631\u0626\u064a\u0633\u064a\u0629\",\"item\":\"https:\\\/\\\/yasminfood.ch\\\/de\\\/zuhause\\\/\"},{\"@type\":\"ListItem\",\"position\":2,\"name\":\"Shop\",\"item\":\"https:\\\/\\\/yasminfood.ch\\\/de\\\/shop\\\/\"},{\"@type\":\"ListItem\",\"position\":3,\"name\":\"Konserven - Lebensmittel\",\"item\":\"https:\\\/\\\/yasminfood.ch\\\/de\\\/produkt-kategorie\\\/konserven-lebensmittel\\\/\"},{\"@type\":\"ListItem\",\"position\":4,\"name\":\"Thunfisch &amp; Sardine\",\"item\":\"https:\\\/\\\/yasminfood.ch\\\/de\\\/produkt-kategorie\\\/konserven-lebensmittel\\\/thunfisch-sardine\\\/\"},{\"@type\":\"ListItem\",\"position\":5,\"name\":\"Scharfe Sardinen mit \u00d6l 125g\"}]},{\"@type\":\"WebSite\",\"@id\":\"https:\\\/\\\/yasminfood.ch\\\/de\\\/#website\",\"url\":\"https:\\\/\\\/yasminfood.ch\\\/de\\\/\",\"name\":\"\u064a\u0627\u0633\u0645\u064a\u0646 \u0645\u0627\u0631\u0643\u062a\",\"description\":\"Alles, was Sie brauchen, an einem Ort\",\"publisher\":{\"@id\":\"https:\\\/\\\/yasminfood.ch\\\/de\\\/#organization\"},\"alternateName\":\"Yasmin Food\",\"potentialAction\":[{\"@type\":\"SearchAction\",\"target\":{\"@type\":\"EntryPoint\",\"urlTemplate\":\"https:\\\/\\\/yasminfood.ch\\\/de\\\/?s={search_term_string}\"},\"query-input\":{\"@type\":\"PropertyValueSpecification\",\"valueRequired\":true,\"valueName\":\"search_term_string\"}}],\"inLanguage\":\"de\"},{\"@type\":\"Organization\",\"@id\":\"https:\\\/\\\/yasminfood.ch\\\/de\\\/#organization\",\"name\":\"\u064a\u0627\u0633\u0645\u064a\u0646 \u0645\u0627\u0631\u0643\u062a\",\"alternateName\":\"Yasmin Food\",\"url\":\"https:\\\/\\\/yasminfood.ch\\\/de\\\/\",\"logo\":{\"@type\":\"ImageObject\",\"inLanguage\":\"de\",\"@id\":\"https:\\\/\\\/yasminfood.ch\\\/de\\\/#\\\/schema\\\/logo\\\/image\\\/\",\"url\":\"https:\\\/\\\/yasminfood.ch\\\/wp-content\\\/uploads\\\/2025\\\/05\\\/yasmin-food-header-logo.png\",\"contentUrl\":\"https:\\\/\\\/yasminfood.ch\\\/wp-content\\\/uploads\\\/2025\\\/05\\\/yasmin-food-header-logo.png\",\"width\":330,\"height\":120,\"caption\":\"\u064a\u0627\u0633\u0645\u064a\u0646 \u0645\u0627\u0631\u0643\u062a\"},\"image\":{\"@id\":\"https:\\\/\\\/yasminfood.ch\\\/de\\\/#\\\/schema\\\/logo\\\/image\\\/\"},\"sameAs\":[\"https:\\\/\\\/www.facebook.com\\\/yasminmarkt1\",\"https:\\\/\\\/www.tiktok.com\\\/@yasminmarkt\",\"https:\\\/\\\/www.instagram.com\\\/yasmin.markt1\\\/\",\"https:\\\/\\\/api.whatsapp.com\\\/send\\\/?phone=41799000104\"],\"publishingPrinciples\":\"https:\\\/\\\/yasminfood.ch\\\/de\\\/shop\\\/\",\"ownershipFundingInfo\":\"https:\\\/\\\/yasminfood.ch\\\/de\\\/shop\\\/\"}]}<\/script>\n<meta property=\"product:price:amount\" content=\"1.95\" \/>\n<meta property=\"product:price:currency\" content=\"CHF\" \/>\n<meta property=\"og:availability\" content=\"instock\" \/>\n<meta property=\"product:availability\" content=\"instock\" \/>\n<meta property=\"product:condition\" content=\"new\" \/>\n<!-- \/ Yoast SEO Premium plugin. -->","yoast_head_json":{"title":"Scharfe Sardinen mit \u00d6l 125g - Yasmin Food","description":"Die ideale Wahl f\u00fcr Liebhaber mit starkem und unverwechselbarem Geschmack. Hergestellt aus hochwertigen Sardinen, konserviert in einem reichhaltigen \u00d6l mit einem Hauch von Chili, das einen k\u00f6stlichen und ausgewogenen Geschmack verleiht.","robots":{"index":"index","follow":"follow","max-snippet":"max-snippet:-1","max-image-preview":"max-image-preview:large","max-video-preview":"max-video-preview:-1"},"canonical":"https:\/\/yasminfood.ch\/de\/product\/scharfe-sardinen-mit-oel-125g\/","og_locale":"de_DE","og_type":"article","og_title":"Scharfe Sardinen mit \u00d6l 125g","og_description":"Scharfe Sardinen mit \u00d6l 125g  Die ideale Wahl f\u00fcr Liebhaber eines starken und unverwechselbaren Geschmacks. Hergestellt aus hochwertigen Sardinen,","og_url":"https:\/\/yasminfood.ch\/de\/product\/scharfe-sardinen-mit-oel-125g\/","og_site_name":"Yasmin Food","article_publisher":"https:\/\/www.facebook.com\/yasminmarkt1","article_modified_time":"2026-01-24T12:02:22+00:00","og_image":[{"width":1080,"height":1080,"url":"https:\/\/yasminfood.ch\/wp-content\/uploads\/2026\/01\/\u0633\u0631\u062f\u064a\u0646-\u0634\u0647\u064a\u0629-\u062d\u0627\u0631-\u0628\u0627\u0644\u0632\u064a\u062a-50-\u00d7-125-\u063a\u0631\u0627\u0645.png","type":"image\/png"}],"twitter_card":"summary_large_image","twitter_misc":{"Preis":"1.95&nbsp;&#67;&#72;&#70;","Verf\u00fcgbarkeit":"Auf Lager"},"schema":{"@context":"https:\/\/schema.org","@graph":[{"@type":"WebPage","@id":"https:\/\/yasminfood.ch\/de\/product\/scharfe-sardinen-mit-oel-125g\/","url":"https:\/\/yasminfood.ch\/de\/product\/scharfe-sardinen-mit-oel-125g\/","name":"Scharfe Sardinen mit \u00d6l 125g - Yasmin Food","isPartOf":{"@id":"https:\/\/yasminfood.ch\/de\/#website"},"primaryImageOfPage":{"@id":"https:\/\/yasminfood.ch\/de\/product\/scharfe-sardinen-mit-oel-125g\/#primaryimage"},"image":{"@id":"https:\/\/yasminfood.ch\/de\/product\/scharfe-sardinen-mit-oel-125g\/#primaryimage"},"thumbnailUrl":"https:\/\/yasminfood.ch\/wp-content\/uploads\/2026\/01\/\u0633\u0631\u062f\u064a\u0646-\u0634\u0647\u064a\u0629-\u062d\u0627\u0631-\u0628\u0627\u0644\u0632\u064a\u062a-50-\u00d7-125-\u063a\u0631\u0627\u0645.png","datePublished":"2026-01-24T11:41:01+00:00","dateModified":"2026-01-24T12:02:22+00:00","description":"Die ideale Wahl f\u00fcr Liebhaber mit starkem und unverwechselbarem Geschmack. Hergestellt aus hochwertigen Sardinen, konserviert in einem reichhaltigen \u00d6l mit einem Hauch von Chili, das einen k\u00f6stlichen und ausgewogenen Geschmack verleiht.","breadcrumb":{"@id":"https:\/\/yasminfood.ch\/de\/product\/scharfe-sardinen-mit-oel-125g\/#breadcrumb"},"inLanguage":"de","potentialAction":[{"@type":"ReadAction","target":["https:\/\/yasminfood.ch\/de\/product\/scharfe-sardinen-mit-oel-125g\/"]}]},{"@type":"ImageObject","inLanguage":"de","@id":"https:\/\/yasminfood.ch\/de\/product\/scharfe-sardinen-mit-oel-125g\/#primaryimage","url":"https:\/\/yasminfood.ch\/wp-content\/uploads\/2026\/01\/\u0633\u0631\u062f\u064a\u0646-\u0634\u0647\u064a\u0629-\u062d\u0627\u0631-\u0628\u0627\u0644\u0632\u064a\u062a-50-\u00d7-125-\u063a\u0631\u0627\u0645.png","contentUrl":"https:\/\/yasminfood.ch\/wp-content\/uploads\/2026\/01\/\u0633\u0631\u062f\u064a\u0646-\u0634\u0647\u064a\u0629-\u062d\u0627\u0631-\u0628\u0627\u0644\u0632\u064a\u062a-50-\u00d7-125-\u063a\u0631\u0627\u0645.png","width":1080,"height":1080,"caption":"Scharfe Sardinen mit \u00d6l 125g"},{"@type":"BreadcrumbList","@id":"https:\/\/yasminfood.ch\/de\/product\/scharfe-sardinen-mit-oel-125g\/#breadcrumb","itemListElement":[{"@type":"ListItem","position":1,"name":"\u0627\u0644\u0631\u0626\u064a\u0633\u064a\u0629","item":"https:\/\/yasminfood.ch\/de\/zuhause\/"},{"@type":"ListItem","position":2,"name":"Shop","item":"https:\/\/yasminfood.ch\/de\/shop\/"},{"@type":"ListItem","position":3,"name":"Konserven - Lebensmittel","item":"https:\/\/yasminfood.ch\/de\/produkt-kategorie\/konserven-lebensmittel\/"},{"@type":"ListItem","position":4,"name":"Thunfisch &amp; Sardine","item":"https:\/\/yasminfood.ch\/de\/produkt-kategorie\/konserven-lebensmittel\/thunfisch-sardine\/"},{"@type":"ListItem","position":5,"name":"Scharfe Sardinen mit \u00d6l 125g"}]},{"@type":"WebSite","@id":"https:\/\/yasminfood.ch\/de\/#website","url":"https:\/\/yasminfood.ch\/de\/","name":"\u064a\u0627\u0633\u0645\u064a\u0646 \u0645\u0627\u0631\u0643\u062a","description":"Alles, was Sie brauchen, an einem Ort","publisher":{"@id":"https:\/\/yasminfood.ch\/de\/#organization"},"alternateName":"Yasmin Food","potentialAction":[{"@type":"SearchAction","target":{"@type":"EntryPoint","urlTemplate":"https:\/\/yasminfood.ch\/de\/?s={search_term_string}"},"query-input":{"@type":"PropertyValueSpecification","valueRequired":true,"valueName":"search_term_string"}}],"inLanguage":"de"},{"@type":"Organization","@id":"https:\/\/yasminfood.ch\/de\/#organization","name":"\u064a\u0627\u0633\u0645\u064a\u0646 \u0645\u0627\u0631\u0643\u062a","alternateName":"Yasmin Food","url":"https:\/\/yasminfood.ch\/de\/","logo":{"@type":"ImageObject","inLanguage":"de","@id":"https:\/\/yasminfood.ch\/de\/#\/schema\/logo\/image\/","url":"https:\/\/yasminfood.ch\/wp-content\/uploads\/2025\/05\/yasmin-food-header-logo.png","contentUrl":"https:\/\/yasminfood.ch\/wp-content\/uploads\/2025\/05\/yasmin-food-header-logo.png","width":330,"height":120,"caption":"\u064a\u0627\u0633\u0645\u064a\u0646 \u0645\u0627\u0631\u0643\u062a"},"image":{"@id":"https:\/\/yasminfood.ch\/de\/#\/schema\/logo\/image\/"},"sameAs":["https:\/\/www.facebook.com\/yasminmarkt1","https:\/\/www.tiktok.com\/@yasminmarkt","https:\/\/www.instagram.com\/yasmin.markt1\/","https:\/\/api.whatsapp.com\/send\/?phone=41799000104"],"publishingPrinciples":"https:\/\/yasminfood.ch\/de\/shop\/","ownershipFundingInfo":"https:\/\/yasminfood.ch\/de\/shop\/"}]},"product_price_amount":"1.95","product_price_currency":"CHF","og_availability":"instock","product_availability":"instock","product_condition":"new"},"jetpack_sharing_enabled":true,"_links":{"self":[{"href":"https:\/\/yasminfood.ch\/de\/wp-json\/wp\/v2\/product\/121255","targetHints":{"allow":["GET"]}}],"collection":[{"href":"https:\/\/yasminfood.ch\/de\/wp-json\/wp\/v2\/product"}],"about":[{"href":"https:\/\/yasminfood.ch\/de\/wp-json\/wp\/v2\/types\/product"}],"replies":[{"embeddable":true,"href":"https:\/\/yasminfood.ch\/de\/wp-json\/wp\/v2\/comments?post=121255"}],"version-history":[{"count":0,"href":"https:\/\/yasminfood.ch\/de\/wp-json\/wp\/v2\/product\/121255\/revisions"}],"wp:featuredmedia":[{"embeddable":true,"href":"https:\/\/yasminfood.ch\/de\/wp-json\/wp\/v2\/media\/121256"}],"wp:attachment":[{"href":"https:\/\/yasminfood.ch\/de\/wp-json\/wp\/v2\/media?parent=121255"}],"wp:term":[{"taxonomy":"product_brand","embeddable":true,"href":"https:\/\/yasminfood.ch\/de\/wp-json\/wp\/v2\/product_brand?post=121255"},{"taxonomy":"product_cat","embeddable":true,"href":"https:\/\/yasminfood.ch\/de\/wp-json\/wp\/v2\/product_cat?post=121255"},{"taxonomy":"product_tag","embeddable":true,"href":"https:\/\/yasminfood.ch\/de\/wp-json\/wp\/v2\/product_tag?post=121255"}],"curies":[{"name":"wp","href":"https:\/\/api.w.org\/{rel}","templated":true}]}}