{"id":121305,"date":"2026-01-24T15:51:18","date_gmt":"2026-01-24T14:51:18","guid":{"rendered":"https:\/\/yasminfood.ch\/product\/eingelegte-rueben-1-kg-rosmarin\/"},"modified":"2026-01-24T16:15:03","modified_gmt":"2026-01-24T15:15:03","slug":"eingelegte-rueben-1-kg-rosmarin","status":"publish","type":"product","link":"https:\/\/yasminfood.ch\/de\/product\/eingelegte-rueben-1-kg-rosmarin\/","title":{"rendered":"Eingelegte R\u00fcben 1 kg Rosmarin"},"content":{"rendered":"<p><strong>Eingelegte R\u00fcben 1 kg Rosmarin<\/strong><\/p>\n<ul>\n<li>\n<p data-start=\"76\" data-end=\"320\">Eingelegte Rosmarinr\u00fcben aus sorgf\u00e4ltig ausgew\u00e4hlten frischen Steckr\u00fcben,<\/p>\n<\/li>\n<li>\n<p data-start=\"76\" data-end=\"320\">Traditionell eingelegt verleiht ihm eine leuchtende Farbe und einen Geschmack, der zwischen S\u00e4ure und Knusprigkeit ausgewogen ist.<\/p>\n<\/li>\n<li>\n<p data-start=\"76\" data-end=\"320\">Es hat eine knusprige Textur und einen erfrischenden Geschmack, was es zu einer perfekten Erg\u00e4nzung zu verschiedenen Gerichten macht. <\/p>\n<p data-start=\"322\" data-end=\"417\">Perfekt zum Servieren zu Grills, Sandwiches und orientalischen Gerichten und verleiht dem Alltag zudem eine k\u00f6stliche Note.  <\/p>\n<p data-start=\"419\" data-end=\"565\"><strong data-start=\"419\" data-end=\"445\">\u2714 Frischer, hochwertiger Gr\u00fcnkohl<\/strong><br data-start=\"445\" data-end=\"448\"><strong data-start=\"448\" data-end=\"478\">\u2714 Knusprige Textur und ausgewogener Geschmack<\/strong><br data-start=\"478\" data-end=\"481\"><strong data-start=\"481\" data-end=\"509\">\u2714 Traditionelle Zubereitung und authentischer Geschmack<\/strong><br data-start=\"509\" data-end=\"512\"><strong data-start=\"512\" data-end=\"541\">\u2714 Perfekt f\u00fcr Vorspeisen und Grills<\/strong><br data-start=\"541\" data-end=\"544\" data-is-only-node=\"\"><strong data-start=\"544\" data-end=\"565\">\u2714 1 kg Packung<\/strong><\/p>\n<p data-start=\"567\" data-end=\"581\">\n<\/li>\n<\/ul>\n","protected":false},"excerpt":{"rendered":"<p><strong>Eingelegte R\u00fcben 1 kg Rosmarin<\/strong><\/p>\n<ul>\n<li>\n<p data-start=\"76\" data-end=\"320\">Eingelegte Rosmarinr\u00fcben aus sorgf\u00e4ltig ausgew\u00e4hlten frischen Steckr\u00fcben,<\/p>\n<\/li>\n<li>\n<p data-start=\"76\" data-end=\"320\">Traditionell eingelegt verleiht ihm eine leuchtende Farbe und einen Geschmack, der zwischen S\u00e4ure und Knusprigkeit ausgewogen ist.<\/p>\n<\/li>\n<\/ul>\n","protected":false},"featured_media":121307,"comment_status":"open","ping_status":"closed","template":"","meta":[],"product_brand":[],"product_cat":[257,245],"product_tag":[],"class_list":{"0":"post-121305","1":"product","2":"type-product","3":"status-publish","4":"has-post-thumbnail","6":"product_cat-eingelegtes-gemuse","7":"product_cat-konserven-lebensmittel","9":"first","10":"instock","11":"taxable","12":"shipping-taxable","13":"purchasable","14":"product-type-simple"},"yoast_head":"<!-- This site is optimized with the Yoast SEO Premium plugin v26.5 (Yoast SEO v27.5) - https:\/\/yoast.com\/product\/yoast-seo-premium-wordpress\/ -->\n<title>Eingelegte R\u00fcben 1 kg Rosmarin - Yasmin Food<\/title>\n<meta name=\"description\" content=\"Eingelegte Rosmarinr\u00fcben aus sorgf\u00e4ltig ausgew\u00e4hlten frischen R\u00fcben, die auf traditionelle Weise eingelegt werden, was ihnen eine leuchtende Farbe verleiht\" \/>\n<meta name=\"robots\" content=\"index, follow, max-snippet:-1, max-image-preview:large, max-video-preview:-1\" \/>\n<link rel=\"canonical\" href=\"https:\/\/yasminfood.ch\/de\/product\/eingelegte-rueben-1-kg-rosmarin\/\" \/>\n<meta property=\"og:locale\" content=\"de_DE\" \/>\n<meta property=\"og:type\" content=\"article\" \/>\n<meta property=\"og:title\" content=\"Eingelegte R\u00fcben 1 kg Rosmarin\" \/>\n<meta property=\"og:description\" content=\"Eingelegte R\u00fcben 1 kg Rosmarin   Eingelegte Rosmarinr\u00fcben aus sorgf\u00e4ltig ausgew\u00e4hlten frischen Steckr\u00fcben,   Traditionell eingelegt verleiht ihm eine leuchtende Farbe und einen Geschmack, der zwischen S\u00e4ure und Knusprigkeit ausgewogen ist.\" \/>\n<meta property=\"og:url\" content=\"https:\/\/yasminfood.ch\/de\/product\/eingelegte-rueben-1-kg-rosmarin\/\" \/>\n<meta property=\"og:site_name\" content=\"Yasmin Food\" \/>\n<meta property=\"article:publisher\" content=\"https:\/\/www.facebook.com\/yasminmarkt1\" \/>\n<meta property=\"article:modified_time\" content=\"2026-01-24T15:15:03+00:00\" \/>\n<meta property=\"og:image\" content=\"https:\/\/yasminfood.ch\/wp-content\/uploads\/2026\/01\/\u0645\u062e\u0644\u0644-\u0644\u0641\u062a-\u0627\u0643\u0644\u064a\u0644-\u0627\u0644\u062c\u0628\u0644-1-\u0643\u063a-1.png\" \/>\n\t<meta property=\"og:image:width\" content=\"1080\" \/>\n\t<meta property=\"og:image:height\" content=\"1080\" \/>\n\t<meta property=\"og:image:type\" content=\"image\/png\" \/>\n<meta name=\"twitter:card\" content=\"summary_large_image\" \/>\n<meta name=\"twitter:label1\" content=\"Preis\" \/>\n\t<meta name=\"twitter:data1\" content=\"7.95&nbsp;&#067;&#072;&#070;\" \/>\n\t<meta name=\"twitter:label2\" content=\"Verf\u00fcgbarkeit\" \/>\n\t<meta name=\"twitter:data2\" content=\"Auf Lager\" \/>\n<script type=\"application\/ld+json\" class=\"yoast-schema-graph\">{\"@context\":\"https:\\\/\\\/schema.org\",\"@graph\":[{\"@type\":\"WebPage\",\"@id\":\"https:\\\/\\\/yasminfood.ch\\\/de\\\/product\\\/eingelegte-rueben-1-kg-rosmarin\\\/\",\"url\":\"https:\\\/\\\/yasminfood.ch\\\/de\\\/product\\\/eingelegte-rueben-1-kg-rosmarin\\\/\",\"name\":\"Eingelegte R\u00fcben 1 kg Rosmarin - Yasmin Food\",\"isPartOf\":{\"@id\":\"https:\\\/\\\/yasminfood.ch\\\/de\\\/#website\"},\"primaryImageOfPage\":{\"@id\":\"https:\\\/\\\/yasminfood.ch\\\/de\\\/product\\\/eingelegte-rueben-1-kg-rosmarin\\\/#primaryimage\"},\"image\":{\"@id\":\"https:\\\/\\\/yasminfood.ch\\\/de\\\/product\\\/eingelegte-rueben-1-kg-rosmarin\\\/#primaryimage\"},\"thumbnailUrl\":\"https:\\\/\\\/yasminfood.ch\\\/wp-content\\\/uploads\\\/2026\\\/01\\\/\u0645\u062e\u0644\u0644-\u0644\u0641\u062a-\u0627\u0643\u0644\u064a\u0644-\u0627\u0644\u062c\u0628\u0644-1-\u0643\u063a-1.png\",\"datePublished\":\"2026-01-24T14:51:18+00:00\",\"dateModified\":\"2026-01-24T15:15:03+00:00\",\"description\":\"Eingelegte Rosmarinr\u00fcben aus sorgf\u00e4ltig ausgew\u00e4hlten frischen R\u00fcben, die auf traditionelle Weise eingelegt werden, was ihnen eine leuchtende Farbe verleiht\",\"breadcrumb\":{\"@id\":\"https:\\\/\\\/yasminfood.ch\\\/de\\\/product\\\/eingelegte-rueben-1-kg-rosmarin\\\/#breadcrumb\"},\"inLanguage\":\"de\",\"potentialAction\":[{\"@type\":\"ReadAction\",\"target\":[\"https:\\\/\\\/yasminfood.ch\\\/de\\\/product\\\/eingelegte-rueben-1-kg-rosmarin\\\/\"]}]},{\"@type\":\"ImageObject\",\"inLanguage\":\"de\",\"@id\":\"https:\\\/\\\/yasminfood.ch\\\/de\\\/product\\\/eingelegte-rueben-1-kg-rosmarin\\\/#primaryimage\",\"url\":\"https:\\\/\\\/yasminfood.ch\\\/wp-content\\\/uploads\\\/2026\\\/01\\\/\u0645\u062e\u0644\u0644-\u0644\u0641\u062a-\u0627\u0643\u0644\u064a\u0644-\u0627\u0644\u062c\u0628\u0644-1-\u0643\u063a-1.png\",\"contentUrl\":\"https:\\\/\\\/yasminfood.ch\\\/wp-content\\\/uploads\\\/2026\\\/01\\\/\u0645\u062e\u0644\u0644-\u0644\u0641\u062a-\u0627\u0643\u0644\u064a\u0644-\u0627\u0644\u062c\u0628\u0644-1-\u0643\u063a-1.png\",\"width\":1080,\"height\":1080,\"caption\":\"Eingelegte Rosmarinr\u00fcbe 1 kg\"},{\"@type\":\"BreadcrumbList\",\"@id\":\"https:\\\/\\\/yasminfood.ch\\\/de\\\/product\\\/eingelegte-rueben-1-kg-rosmarin\\\/#breadcrumb\",\"itemListElement\":[{\"@type\":\"ListItem\",\"position\":1,\"name\":\"\u0627\u0644\u0631\u0626\u064a\u0633\u064a\u0629\",\"item\":\"https:\\\/\\\/yasminfood.ch\\\/de\\\/zuhause\\\/\"},{\"@type\":\"ListItem\",\"position\":2,\"name\":\"Shop\",\"item\":\"https:\\\/\\\/yasminfood.ch\\\/de\\\/shop\\\/\"},{\"@type\":\"ListItem\",\"position\":3,\"name\":\"Konserven - Lebensmittel\",\"item\":\"https:\\\/\\\/yasminfood.ch\\\/de\\\/produkt-kategorie\\\/konserven-lebensmittel\\\/\"},{\"@type\":\"ListItem\",\"position\":4,\"name\":\"Eingelegtes Gem\u00fcse\",\"item\":\"https:\\\/\\\/yasminfood.ch\\\/de\\\/produkt-kategorie\\\/konserven-lebensmittel\\\/eingelegtes-gemuse\\\/\"},{\"@type\":\"ListItem\",\"position\":5,\"name\":\"Eingelegte R\u00fcben 1 kg Rosmarin\"}]},{\"@type\":\"WebSite\",\"@id\":\"https:\\\/\\\/yasminfood.ch\\\/de\\\/#website\",\"url\":\"https:\\\/\\\/yasminfood.ch\\\/de\\\/\",\"name\":\"\u064a\u0627\u0633\u0645\u064a\u0646 \u0645\u0627\u0631\u0643\u062a\",\"description\":\"Alles, was Sie brauchen, an einem Ort\",\"publisher\":{\"@id\":\"https:\\\/\\\/yasminfood.ch\\\/de\\\/#organization\"},\"alternateName\":\"Yasmin Food\",\"potentialAction\":[{\"@type\":\"SearchAction\",\"target\":{\"@type\":\"EntryPoint\",\"urlTemplate\":\"https:\\\/\\\/yasminfood.ch\\\/de\\\/?s={search_term_string}\"},\"query-input\":{\"@type\":\"PropertyValueSpecification\",\"valueRequired\":true,\"valueName\":\"search_term_string\"}}],\"inLanguage\":\"de\"},{\"@type\":\"Organization\",\"@id\":\"https:\\\/\\\/yasminfood.ch\\\/de\\\/#organization\",\"name\":\"\u064a\u0627\u0633\u0645\u064a\u0646 \u0645\u0627\u0631\u0643\u062a\",\"alternateName\":\"Yasmin Food\",\"url\":\"https:\\\/\\\/yasminfood.ch\\\/de\\\/\",\"logo\":{\"@type\":\"ImageObject\",\"inLanguage\":\"de\",\"@id\":\"https:\\\/\\\/yasminfood.ch\\\/de\\\/#\\\/schema\\\/logo\\\/image\\\/\",\"url\":\"https:\\\/\\\/yasminfood.ch\\\/wp-content\\\/uploads\\\/2025\\\/05\\\/yasmin-food-header-logo.png\",\"contentUrl\":\"https:\\\/\\\/yasminfood.ch\\\/wp-content\\\/uploads\\\/2025\\\/05\\\/yasmin-food-header-logo.png\",\"width\":330,\"height\":120,\"caption\":\"\u064a\u0627\u0633\u0645\u064a\u0646 \u0645\u0627\u0631\u0643\u062a\"},\"image\":{\"@id\":\"https:\\\/\\\/yasminfood.ch\\\/de\\\/#\\\/schema\\\/logo\\\/image\\\/\"},\"sameAs\":[\"https:\\\/\\\/www.facebook.com\\\/yasminmarkt1\",\"https:\\\/\\\/www.tiktok.com\\\/@yasminmarkt\",\"https:\\\/\\\/www.instagram.com\\\/yasmin.markt1\\\/\",\"https:\\\/\\\/api.whatsapp.com\\\/send\\\/?phone=41799000104\"],\"publishingPrinciples\":\"https:\\\/\\\/yasminfood.ch\\\/de\\\/shop\\\/\",\"ownershipFundingInfo\":\"https:\\\/\\\/yasminfood.ch\\\/de\\\/shop\\\/\"}]}<\/script>\n<meta property=\"product:price:amount\" content=\"7.95\" \/>\n<meta property=\"product:price:currency\" content=\"CHF\" \/>\n<meta property=\"og:availability\" content=\"instock\" \/>\n<meta property=\"product:availability\" content=\"instock\" \/>\n<meta property=\"product:condition\" content=\"new\" \/>\n<!-- \/ Yoast SEO Premium plugin. -->","yoast_head_json":{"title":"Eingelegte R\u00fcben 1 kg Rosmarin - Yasmin Food","description":"Eingelegte Rosmarinr\u00fcben aus sorgf\u00e4ltig ausgew\u00e4hlten frischen R\u00fcben, die auf traditionelle Weise eingelegt werden, was ihnen eine leuchtende Farbe verleiht","robots":{"index":"index","follow":"follow","max-snippet":"max-snippet:-1","max-image-preview":"max-image-preview:large","max-video-preview":"max-video-preview:-1"},"canonical":"https:\/\/yasminfood.ch\/de\/product\/eingelegte-rueben-1-kg-rosmarin\/","og_locale":"de_DE","og_type":"article","og_title":"Eingelegte R\u00fcben 1 kg Rosmarin","og_description":"Eingelegte R\u00fcben 1 kg Rosmarin   Eingelegte Rosmarinr\u00fcben aus sorgf\u00e4ltig ausgew\u00e4hlten frischen Steckr\u00fcben,   Traditionell eingelegt verleiht ihm eine leuchtende Farbe und einen Geschmack, der zwischen S\u00e4ure und Knusprigkeit ausgewogen ist.","og_url":"https:\/\/yasminfood.ch\/de\/product\/eingelegte-rueben-1-kg-rosmarin\/","og_site_name":"Yasmin Food","article_publisher":"https:\/\/www.facebook.com\/yasminmarkt1","article_modified_time":"2026-01-24T15:15:03+00:00","og_image":[{"width":1080,"height":1080,"url":"https:\/\/yasminfood.ch\/wp-content\/uploads\/2026\/01\/\u0645\u062e\u0644\u0644-\u0644\u0641\u062a-\u0627\u0643\u0644\u064a\u0644-\u0627\u0644\u062c\u0628\u0644-1-\u0643\u063a-1.png","type":"image\/png"}],"twitter_card":"summary_large_image","twitter_misc":{"Preis":"7.95&nbsp;&#67;&#72;&#70;","Verf\u00fcgbarkeit":"Auf Lager"},"schema":{"@context":"https:\/\/schema.org","@graph":[{"@type":"WebPage","@id":"https:\/\/yasminfood.ch\/de\/product\/eingelegte-rueben-1-kg-rosmarin\/","url":"https:\/\/yasminfood.ch\/de\/product\/eingelegte-rueben-1-kg-rosmarin\/","name":"Eingelegte R\u00fcben 1 kg Rosmarin - Yasmin Food","isPartOf":{"@id":"https:\/\/yasminfood.ch\/de\/#website"},"primaryImageOfPage":{"@id":"https:\/\/yasminfood.ch\/de\/product\/eingelegte-rueben-1-kg-rosmarin\/#primaryimage"},"image":{"@id":"https:\/\/yasminfood.ch\/de\/product\/eingelegte-rueben-1-kg-rosmarin\/#primaryimage"},"thumbnailUrl":"https:\/\/yasminfood.ch\/wp-content\/uploads\/2026\/01\/\u0645\u062e\u0644\u0644-\u0644\u0641\u062a-\u0627\u0643\u0644\u064a\u0644-\u0627\u0644\u062c\u0628\u0644-1-\u0643\u063a-1.png","datePublished":"2026-01-24T14:51:18+00:00","dateModified":"2026-01-24T15:15:03+00:00","description":"Eingelegte Rosmarinr\u00fcben aus sorgf\u00e4ltig ausgew\u00e4hlten frischen R\u00fcben, die auf traditionelle Weise eingelegt werden, was ihnen eine leuchtende Farbe verleiht","breadcrumb":{"@id":"https:\/\/yasminfood.ch\/de\/product\/eingelegte-rueben-1-kg-rosmarin\/#breadcrumb"},"inLanguage":"de","potentialAction":[{"@type":"ReadAction","target":["https:\/\/yasminfood.ch\/de\/product\/eingelegte-rueben-1-kg-rosmarin\/"]}]},{"@type":"ImageObject","inLanguage":"de","@id":"https:\/\/yasminfood.ch\/de\/product\/eingelegte-rueben-1-kg-rosmarin\/#primaryimage","url":"https:\/\/yasminfood.ch\/wp-content\/uploads\/2026\/01\/\u0645\u062e\u0644\u0644-\u0644\u0641\u062a-\u0627\u0643\u0644\u064a\u0644-\u0627\u0644\u062c\u0628\u0644-1-\u0643\u063a-1.png","contentUrl":"https:\/\/yasminfood.ch\/wp-content\/uploads\/2026\/01\/\u0645\u062e\u0644\u0644-\u0644\u0641\u062a-\u0627\u0643\u0644\u064a\u0644-\u0627\u0644\u062c\u0628\u0644-1-\u0643\u063a-1.png","width":1080,"height":1080,"caption":"Eingelegte Rosmarinr\u00fcbe 1 kg"},{"@type":"BreadcrumbList","@id":"https:\/\/yasminfood.ch\/de\/product\/eingelegte-rueben-1-kg-rosmarin\/#breadcrumb","itemListElement":[{"@type":"ListItem","position":1,"name":"\u0627\u0644\u0631\u0626\u064a\u0633\u064a\u0629","item":"https:\/\/yasminfood.ch\/de\/zuhause\/"},{"@type":"ListItem","position":2,"name":"Shop","item":"https:\/\/yasminfood.ch\/de\/shop\/"},{"@type":"ListItem","position":3,"name":"Konserven - Lebensmittel","item":"https:\/\/yasminfood.ch\/de\/produkt-kategorie\/konserven-lebensmittel\/"},{"@type":"ListItem","position":4,"name":"Eingelegtes Gem\u00fcse","item":"https:\/\/yasminfood.ch\/de\/produkt-kategorie\/konserven-lebensmittel\/eingelegtes-gemuse\/"},{"@type":"ListItem","position":5,"name":"Eingelegte R\u00fcben 1 kg Rosmarin"}]},{"@type":"WebSite","@id":"https:\/\/yasminfood.ch\/de\/#website","url":"https:\/\/yasminfood.ch\/de\/","name":"\u064a\u0627\u0633\u0645\u064a\u0646 \u0645\u0627\u0631\u0643\u062a","description":"Alles, was Sie brauchen, an einem Ort","publisher":{"@id":"https:\/\/yasminfood.ch\/de\/#organization"},"alternateName":"Yasmin Food","potentialAction":[{"@type":"SearchAction","target":{"@type":"EntryPoint","urlTemplate":"https:\/\/yasminfood.ch\/de\/?s={search_term_string}"},"query-input":{"@type":"PropertyValueSpecification","valueRequired":true,"valueName":"search_term_string"}}],"inLanguage":"de"},{"@type":"Organization","@id":"https:\/\/yasminfood.ch\/de\/#organization","name":"\u064a\u0627\u0633\u0645\u064a\u0646 \u0645\u0627\u0631\u0643\u062a","alternateName":"Yasmin Food","url":"https:\/\/yasminfood.ch\/de\/","logo":{"@type":"ImageObject","inLanguage":"de","@id":"https:\/\/yasminfood.ch\/de\/#\/schema\/logo\/image\/","url":"https:\/\/yasminfood.ch\/wp-content\/uploads\/2025\/05\/yasmin-food-header-logo.png","contentUrl":"https:\/\/yasminfood.ch\/wp-content\/uploads\/2025\/05\/yasmin-food-header-logo.png","width":330,"height":120,"caption":"\u064a\u0627\u0633\u0645\u064a\u0646 \u0645\u0627\u0631\u0643\u062a"},"image":{"@id":"https:\/\/yasminfood.ch\/de\/#\/schema\/logo\/image\/"},"sameAs":["https:\/\/www.facebook.com\/yasminmarkt1","https:\/\/www.tiktok.com\/@yasminmarkt","https:\/\/www.instagram.com\/yasmin.markt1\/","https:\/\/api.whatsapp.com\/send\/?phone=41799000104"],"publishingPrinciples":"https:\/\/yasminfood.ch\/de\/shop\/","ownershipFundingInfo":"https:\/\/yasminfood.ch\/de\/shop\/"}]},"product_price_amount":"7.95","product_price_currency":"CHF","og_availability":"instock","product_availability":"instock","product_condition":"new"},"jetpack_sharing_enabled":true,"_links":{"self":[{"href":"https:\/\/yasminfood.ch\/de\/wp-json\/wp\/v2\/product\/121305","targetHints":{"allow":["GET"]}}],"collection":[{"href":"https:\/\/yasminfood.ch\/de\/wp-json\/wp\/v2\/product"}],"about":[{"href":"https:\/\/yasminfood.ch\/de\/wp-json\/wp\/v2\/types\/product"}],"replies":[{"embeddable":true,"href":"https:\/\/yasminfood.ch\/de\/wp-json\/wp\/v2\/comments?post=121305"}],"version-history":[{"count":1,"href":"https:\/\/yasminfood.ch\/de\/wp-json\/wp\/v2\/product\/121305\/revisions"}],"predecessor-version":[{"id":121311,"href":"https:\/\/yasminfood.ch\/de\/wp-json\/wp\/v2\/product\/121305\/revisions\/121311"}],"wp:featuredmedia":[{"embeddable":true,"href":"https:\/\/yasminfood.ch\/de\/wp-json\/wp\/v2\/media\/121307"}],"wp:attachment":[{"href":"https:\/\/yasminfood.ch\/de\/wp-json\/wp\/v2\/media?parent=121305"}],"wp:term":[{"taxonomy":"product_brand","embeddable":true,"href":"https:\/\/yasminfood.ch\/de\/wp-json\/wp\/v2\/product_brand?post=121305"},{"taxonomy":"product_cat","embeddable":true,"href":"https:\/\/yasminfood.ch\/de\/wp-json\/wp\/v2\/product_cat?post=121305"},{"taxonomy":"product_tag","embeddable":true,"href":"https:\/\/yasminfood.ch\/de\/wp-json\/wp\/v2\/product_tag?post=121305"}],"curies":[{"name":"wp","href":"https:\/\/api.w.org\/{rel}","templated":true}]}}