{"id":121313,"date":"2026-01-24T15:29:58","date_gmt":"2026-01-24T14:29:58","guid":{"rendered":"https:\/\/yasminfood.ch\/product\/aleppo-oliven-1-kg-othman-essen\/"},"modified":"2026-01-24T16:15:39","modified_gmt":"2026-01-24T15:15:39","slug":"aleppo-oliven-1-kg-othman-essen","status":"publish","type":"product","link":"https:\/\/yasminfood.ch\/de\/product\/aleppo-oliven-1-kg-othman-essen\/","title":{"rendered":"Aleppo-Oliven 1 kg Othman-Essen"},"content":{"rendered":"<p><strong>Aleppo-Oliven 1 kg Othman-Essen<\/strong><\/p>\n<ul>\n<li>\n<p data-start=\"76\" data-end=\"286\">Sorgf\u00e4ltig ausgew\u00e4hlte Perlen mit fester Textur und ausgewogenem Geschmack, der meist erfrischend wirkt.<\/p>\n<\/li>\n<li>\n<p data-start=\"76\" data-end=\"286\">Er wird so konserviert, dass er seinen nat\u00fcrlichen Geschmack und seine hohe Qualit\u00e4t bewahrt und somit eine perfekte Erg\u00e4nzung f\u00fcr den Alltagstisch ist. <\/p>\n<p data-start=\"288\" data-end=\"366\">Serviert als k\u00f6stliche Vorspeise oder in Salaten, Sandwiches und mediterranen Gerichten.  <\/p>\n<p data-start=\"368\" data-end=\"489\"><strong data-start=\"368\" data-end=\"395\">\u2714 Nat\u00fcrliche gr\u00fcne Aleppo-Oliven<\/strong><br data-start=\"395\" data-end=\"398\"><strong data-start=\"398\" data-end=\"427\">\u2714 Ausgewogener Geschmack und feste Textur<\/strong><br data-start=\"427\" data-end=\"430\"><strong data-start=\"430\" data-end=\"457\">\u2714 Hohe Qualit\u00e4t und ausgezeichnete Erhaltung<\/strong><br data-start=\"457\" data-end=\"460\"><strong data-start=\"460\" data-end=\"489\">\u2714 Perfekt f\u00fcr Vorspeisen und Salate<\/strong><\/p>\n<p data-start=\"491\" data-end=\"505\">\n<\/li>\n<\/ul>\n","protected":false},"excerpt":{"rendered":"<p><strong>Aleppo-Oliven 1 kg Othman-Essen<\/strong><\/p>\n<ul>\n<li>\n<p data-start=\"76\" data-end=\"286\">Sorgf\u00e4ltig ausgew\u00e4hlte Perlen mit fester Textur und ausgewogenem Geschmack, der meist erfrischend wirkt.<\/p>\n<\/li>\n<li>\n<p data-start=\"76\" data-end=\"286\">Er wird so konserviert, dass er seinen nat\u00fcrlichen Geschmack und seine hohe Qualit\u00e4t bewahrt und somit eine perfekte Erg\u00e4nzung f\u00fcr den Alltagstisch ist. <\/p>\n<\/li>\n<\/ul>\n","protected":false},"featured_media":121403,"comment_status":"open","ping_status":"closed","template":"","meta":[],"product_brand":[],"product_cat":[245,253],"product_tag":[],"class_list":{"0":"post-121313","1":"product","2":"type-product","3":"status-publish","4":"has-post-thumbnail","6":"product_cat-konserven-lebensmittel","7":"product_cat-oliven","9":"first","10":"instock","11":"taxable","12":"shipping-taxable","13":"purchasable","14":"product-type-simple"},"yoast_head":"<!-- This site is optimized with the Yoast SEO Premium plugin v26.5 (Yoast SEO v27.5) - https:\/\/yoast.com\/product\/yoast-seo-premium-wordpress\/ -->\n<title>Aleppo-Oliven 1 kg Othman-Essen - Yasmin Food<\/title>\n<meta name=\"description\" content=\"Sorgf\u00e4ltig ausgew\u00e4hlte K\u00f6rner mit einer stimmigen Textur und einem ausgewogenen Geschmack, der meist frisch ist.\" \/>\n<meta name=\"robots\" content=\"index, follow, max-snippet:-1, max-image-preview:large, max-video-preview:-1\" \/>\n<link rel=\"canonical\" href=\"https:\/\/yasminfood.ch\/de\/product\/aleppo-oliven-1-kg-othman-essen\/\" \/>\n<meta property=\"og:locale\" content=\"de_DE\" \/>\n<meta property=\"og:type\" content=\"article\" \/>\n<meta property=\"og:title\" content=\"Aleppo-Oliven 1 kg Othman-Essen\" \/>\n<meta property=\"og:description\" content=\"Aleppo-Oliven 1 kg Othman-Essen   Sorgf\u00e4ltig ausgew\u00e4hlte Perlen mit fester Textur und ausgewogenem Geschmack, der meist erfrischend wirkt.   Er wird so konserviert, dass er seinen nat\u00fcrlichen Geschmack und seine hohe Qualit\u00e4t bewahrt und somit eine perfekte Erg\u00e4nzung f\u00fcr den Alltagstisch ist.\" \/>\n<meta property=\"og:url\" content=\"https:\/\/yasminfood.ch\/de\/product\/aleppo-oliven-1-kg-othman-essen\/\" \/>\n<meta property=\"og:site_name\" content=\"Yasmin Food\" \/>\n<meta property=\"article:publisher\" content=\"https:\/\/www.facebook.com\/yasminmarkt1\" \/>\n<meta property=\"article:modified_time\" content=\"2026-01-24T15:15:39+00:00\" \/>\n<meta property=\"og:image\" content=\"https:\/\/yasminfood.ch\/wp-content\/uploads\/2026\/01\/\u0632\u064a\u062a\u0648\u0646-\u0627\u062e\u0636\u0631-\u062d\u0644\u0628\u064a-\u0639\u062b\u0645\u0627\u0646.png\" \/>\n\t<meta property=\"og:image:width\" content=\"1080\" \/>\n\t<meta property=\"og:image:height\" content=\"1080\" \/>\n\t<meta property=\"og:image:type\" content=\"image\/png\" \/>\n<meta name=\"twitter:card\" content=\"summary_large_image\" \/>\n<meta name=\"twitter:label1\" content=\"Preis\" \/>\n\t<meta name=\"twitter:data1\" content=\"7.95&nbsp;&#067;&#072;&#070;\" \/>\n\t<meta name=\"twitter:label2\" content=\"Verf\u00fcgbarkeit\" \/>\n\t<meta name=\"twitter:data2\" content=\"Auf Lager\" \/>\n<script type=\"application\/ld+json\" class=\"yoast-schema-graph\">{\"@context\":\"https:\\\/\\\/schema.org\",\"@graph\":[{\"@type\":\"WebPage\",\"@id\":\"https:\\\/\\\/yasminfood.ch\\\/de\\\/product\\\/aleppo-oliven-1-kg-othman-essen\\\/\",\"url\":\"https:\\\/\\\/yasminfood.ch\\\/de\\\/product\\\/aleppo-oliven-1-kg-othman-essen\\\/\",\"name\":\"Aleppo-Oliven 1 kg Othman-Essen - Yasmin Food\",\"isPartOf\":{\"@id\":\"https:\\\/\\\/yasminfood.ch\\\/de\\\/#website\"},\"primaryImageOfPage\":{\"@id\":\"https:\\\/\\\/yasminfood.ch\\\/de\\\/product\\\/aleppo-oliven-1-kg-othman-essen\\\/#primaryimage\"},\"image\":{\"@id\":\"https:\\\/\\\/yasminfood.ch\\\/de\\\/product\\\/aleppo-oliven-1-kg-othman-essen\\\/#primaryimage\"},\"thumbnailUrl\":\"https:\\\/\\\/yasminfood.ch\\\/wp-content\\\/uploads\\\/2026\\\/01\\\/\u0632\u064a\u062a\u0648\u0646-\u0627\u062e\u0636\u0631-\u062d\u0644\u0628\u064a-\u0639\u062b\u0645\u0627\u0646.png\",\"datePublished\":\"2026-01-24T14:29:58+00:00\",\"dateModified\":\"2026-01-24T15:15:39+00:00\",\"description\":\"Sorgf\u00e4ltig ausgew\u00e4hlte K\u00f6rner mit einer stimmigen Textur und einem ausgewogenen Geschmack, der meist frisch ist.\",\"breadcrumb\":{\"@id\":\"https:\\\/\\\/yasminfood.ch\\\/de\\\/product\\\/aleppo-oliven-1-kg-othman-essen\\\/#breadcrumb\"},\"inLanguage\":\"de\",\"potentialAction\":[{\"@type\":\"ReadAction\",\"target\":[\"https:\\\/\\\/yasminfood.ch\\\/de\\\/product\\\/aleppo-oliven-1-kg-othman-essen\\\/\"]}]},{\"@type\":\"ImageObject\",\"inLanguage\":\"de\",\"@id\":\"https:\\\/\\\/yasminfood.ch\\\/de\\\/product\\\/aleppo-oliven-1-kg-othman-essen\\\/#primaryimage\",\"url\":\"https:\\\/\\\/yasminfood.ch\\\/wp-content\\\/uploads\\\/2026\\\/01\\\/\u0632\u064a\u062a\u0648\u0646-\u0627\u062e\u0636\u0631-\u062d\u0644\u0628\u064a-\u0639\u062b\u0645\u0627\u0646.png\",\"contentUrl\":\"https:\\\/\\\/yasminfood.ch\\\/wp-content\\\/uploads\\\/2026\\\/01\\\/\u0632\u064a\u062a\u0648\u0646-\u0627\u062e\u0636\u0631-\u062d\u0644\u0628\u064a-\u0639\u062b\u0645\u0627\u0646.png\",\"width\":1080,\"height\":1080,\"caption\":\"\u0632\u064a\u062a\u0648\u0646 \u062d\u0644\u0628\u064a 1 \u0643\u063a \u0639\u062b\u0645\u0627\u0646 \u0641\u0648\u062f\"},{\"@type\":\"BreadcrumbList\",\"@id\":\"https:\\\/\\\/yasminfood.ch\\\/de\\\/product\\\/aleppo-oliven-1-kg-othman-essen\\\/#breadcrumb\",\"itemListElement\":[{\"@type\":\"ListItem\",\"position\":1,\"name\":\"\u0627\u0644\u0631\u0626\u064a\u0633\u064a\u0629\",\"item\":\"https:\\\/\\\/yasminfood.ch\\\/de\\\/zuhause\\\/\"},{\"@type\":\"ListItem\",\"position\":2,\"name\":\"Shop\",\"item\":\"https:\\\/\\\/yasminfood.ch\\\/de\\\/shop\\\/\"},{\"@type\":\"ListItem\",\"position\":3,\"name\":\"Konserven - Lebensmittel\",\"item\":\"https:\\\/\\\/yasminfood.ch\\\/de\\\/produkt-kategorie\\\/konserven-lebensmittel\\\/\"},{\"@type\":\"ListItem\",\"position\":4,\"name\":\"Oliven\",\"item\":\"https:\\\/\\\/yasminfood.ch\\\/de\\\/produkt-kategorie\\\/konserven-lebensmittel\\\/oliven\\\/\"},{\"@type\":\"ListItem\",\"position\":5,\"name\":\"Aleppo-Oliven 1 kg Othman-Essen\"}]},{\"@type\":\"WebSite\",\"@id\":\"https:\\\/\\\/yasminfood.ch\\\/de\\\/#website\",\"url\":\"https:\\\/\\\/yasminfood.ch\\\/de\\\/\",\"name\":\"\u064a\u0627\u0633\u0645\u064a\u0646 \u0645\u0627\u0631\u0643\u062a\",\"description\":\"Alles, was Sie brauchen, an einem Ort\",\"publisher\":{\"@id\":\"https:\\\/\\\/yasminfood.ch\\\/de\\\/#organization\"},\"alternateName\":\"Yasmin Food\",\"potentialAction\":[{\"@type\":\"SearchAction\",\"target\":{\"@type\":\"EntryPoint\",\"urlTemplate\":\"https:\\\/\\\/yasminfood.ch\\\/de\\\/?s={search_term_string}\"},\"query-input\":{\"@type\":\"PropertyValueSpecification\",\"valueRequired\":true,\"valueName\":\"search_term_string\"}}],\"inLanguage\":\"de\"},{\"@type\":\"Organization\",\"@id\":\"https:\\\/\\\/yasminfood.ch\\\/de\\\/#organization\",\"name\":\"\u064a\u0627\u0633\u0645\u064a\u0646 \u0645\u0627\u0631\u0643\u062a\",\"alternateName\":\"Yasmin Food\",\"url\":\"https:\\\/\\\/yasminfood.ch\\\/de\\\/\",\"logo\":{\"@type\":\"ImageObject\",\"inLanguage\":\"de\",\"@id\":\"https:\\\/\\\/yasminfood.ch\\\/de\\\/#\\\/schema\\\/logo\\\/image\\\/\",\"url\":\"https:\\\/\\\/yasminfood.ch\\\/wp-content\\\/uploads\\\/2025\\\/05\\\/yasmin-food-header-logo.png\",\"contentUrl\":\"https:\\\/\\\/yasminfood.ch\\\/wp-content\\\/uploads\\\/2025\\\/05\\\/yasmin-food-header-logo.png\",\"width\":330,\"height\":120,\"caption\":\"\u064a\u0627\u0633\u0645\u064a\u0646 \u0645\u0627\u0631\u0643\u062a\"},\"image\":{\"@id\":\"https:\\\/\\\/yasminfood.ch\\\/de\\\/#\\\/schema\\\/logo\\\/image\\\/\"},\"sameAs\":[\"https:\\\/\\\/www.facebook.com\\\/yasminmarkt1\",\"https:\\\/\\\/www.tiktok.com\\\/@yasminmarkt\",\"https:\\\/\\\/www.instagram.com\\\/yasmin.markt1\\\/\",\"https:\\\/\\\/api.whatsapp.com\\\/send\\\/?phone=41799000104\"],\"publishingPrinciples\":\"https:\\\/\\\/yasminfood.ch\\\/de\\\/shop\\\/\",\"ownershipFundingInfo\":\"https:\\\/\\\/yasminfood.ch\\\/de\\\/shop\\\/\"}]}<\/script>\n<meta property=\"product:price:amount\" content=\"7.95\" \/>\n<meta property=\"product:price:currency\" content=\"CHF\" \/>\n<meta property=\"og:availability\" content=\"instock\" \/>\n<meta property=\"product:availability\" content=\"instock\" \/>\n<meta property=\"product:condition\" content=\"new\" \/>\n<!-- \/ Yoast SEO Premium plugin. -->","yoast_head_json":{"title":"Aleppo-Oliven 1 kg Othman-Essen - Yasmin Food","description":"Sorgf\u00e4ltig ausgew\u00e4hlte K\u00f6rner mit einer stimmigen Textur und einem ausgewogenen Geschmack, der meist frisch ist.","robots":{"index":"index","follow":"follow","max-snippet":"max-snippet:-1","max-image-preview":"max-image-preview:large","max-video-preview":"max-video-preview:-1"},"canonical":"https:\/\/yasminfood.ch\/de\/product\/aleppo-oliven-1-kg-othman-essen\/","og_locale":"de_DE","og_type":"article","og_title":"Aleppo-Oliven 1 kg Othman-Essen","og_description":"Aleppo-Oliven 1 kg Othman-Essen   Sorgf\u00e4ltig ausgew\u00e4hlte Perlen mit fester Textur und ausgewogenem Geschmack, der meist erfrischend wirkt.   Er wird so konserviert, dass er seinen nat\u00fcrlichen Geschmack und seine hohe Qualit\u00e4t bewahrt und somit eine perfekte Erg\u00e4nzung f\u00fcr den Alltagstisch ist.","og_url":"https:\/\/yasminfood.ch\/de\/product\/aleppo-oliven-1-kg-othman-essen\/","og_site_name":"Yasmin Food","article_publisher":"https:\/\/www.facebook.com\/yasminmarkt1","article_modified_time":"2026-01-24T15:15:39+00:00","og_image":[{"width":1080,"height":1080,"url":"https:\/\/yasminfood.ch\/wp-content\/uploads\/2026\/01\/\u0632\u064a\u062a\u0648\u0646-\u0627\u062e\u0636\u0631-\u062d\u0644\u0628\u064a-\u0639\u062b\u0645\u0627\u0646.png","type":"image\/png"}],"twitter_card":"summary_large_image","twitter_misc":{"Preis":"7.95&nbsp;&#67;&#72;&#70;","Verf\u00fcgbarkeit":"Auf Lager"},"schema":{"@context":"https:\/\/schema.org","@graph":[{"@type":"WebPage","@id":"https:\/\/yasminfood.ch\/de\/product\/aleppo-oliven-1-kg-othman-essen\/","url":"https:\/\/yasminfood.ch\/de\/product\/aleppo-oliven-1-kg-othman-essen\/","name":"Aleppo-Oliven 1 kg Othman-Essen - Yasmin Food","isPartOf":{"@id":"https:\/\/yasminfood.ch\/de\/#website"},"primaryImageOfPage":{"@id":"https:\/\/yasminfood.ch\/de\/product\/aleppo-oliven-1-kg-othman-essen\/#primaryimage"},"image":{"@id":"https:\/\/yasminfood.ch\/de\/product\/aleppo-oliven-1-kg-othman-essen\/#primaryimage"},"thumbnailUrl":"https:\/\/yasminfood.ch\/wp-content\/uploads\/2026\/01\/\u0632\u064a\u062a\u0648\u0646-\u0627\u062e\u0636\u0631-\u062d\u0644\u0628\u064a-\u0639\u062b\u0645\u0627\u0646.png","datePublished":"2026-01-24T14:29:58+00:00","dateModified":"2026-01-24T15:15:39+00:00","description":"Sorgf\u00e4ltig ausgew\u00e4hlte K\u00f6rner mit einer stimmigen Textur und einem ausgewogenen Geschmack, der meist frisch ist.","breadcrumb":{"@id":"https:\/\/yasminfood.ch\/de\/product\/aleppo-oliven-1-kg-othman-essen\/#breadcrumb"},"inLanguage":"de","potentialAction":[{"@type":"ReadAction","target":["https:\/\/yasminfood.ch\/de\/product\/aleppo-oliven-1-kg-othman-essen\/"]}]},{"@type":"ImageObject","inLanguage":"de","@id":"https:\/\/yasminfood.ch\/de\/product\/aleppo-oliven-1-kg-othman-essen\/#primaryimage","url":"https:\/\/yasminfood.ch\/wp-content\/uploads\/2026\/01\/\u0632\u064a\u062a\u0648\u0646-\u0627\u062e\u0636\u0631-\u062d\u0644\u0628\u064a-\u0639\u062b\u0645\u0627\u0646.png","contentUrl":"https:\/\/yasminfood.ch\/wp-content\/uploads\/2026\/01\/\u0632\u064a\u062a\u0648\u0646-\u0627\u062e\u0636\u0631-\u062d\u0644\u0628\u064a-\u0639\u062b\u0645\u0627\u0646.png","width":1080,"height":1080,"caption":"\u0632\u064a\u062a\u0648\u0646 \u062d\u0644\u0628\u064a 1 \u0643\u063a \u0639\u062b\u0645\u0627\u0646 \u0641\u0648\u062f"},{"@type":"BreadcrumbList","@id":"https:\/\/yasminfood.ch\/de\/product\/aleppo-oliven-1-kg-othman-essen\/#breadcrumb","itemListElement":[{"@type":"ListItem","position":1,"name":"\u0627\u0644\u0631\u0626\u064a\u0633\u064a\u0629","item":"https:\/\/yasminfood.ch\/de\/zuhause\/"},{"@type":"ListItem","position":2,"name":"Shop","item":"https:\/\/yasminfood.ch\/de\/shop\/"},{"@type":"ListItem","position":3,"name":"Konserven - Lebensmittel","item":"https:\/\/yasminfood.ch\/de\/produkt-kategorie\/konserven-lebensmittel\/"},{"@type":"ListItem","position":4,"name":"Oliven","item":"https:\/\/yasminfood.ch\/de\/produkt-kategorie\/konserven-lebensmittel\/oliven\/"},{"@type":"ListItem","position":5,"name":"Aleppo-Oliven 1 kg Othman-Essen"}]},{"@type":"WebSite","@id":"https:\/\/yasminfood.ch\/de\/#website","url":"https:\/\/yasminfood.ch\/de\/","name":"\u064a\u0627\u0633\u0645\u064a\u0646 \u0645\u0627\u0631\u0643\u062a","description":"Alles, was Sie brauchen, an einem Ort","publisher":{"@id":"https:\/\/yasminfood.ch\/de\/#organization"},"alternateName":"Yasmin Food","potentialAction":[{"@type":"SearchAction","target":{"@type":"EntryPoint","urlTemplate":"https:\/\/yasminfood.ch\/de\/?s={search_term_string}"},"query-input":{"@type":"PropertyValueSpecification","valueRequired":true,"valueName":"search_term_string"}}],"inLanguage":"de"},{"@type":"Organization","@id":"https:\/\/yasminfood.ch\/de\/#organization","name":"\u064a\u0627\u0633\u0645\u064a\u0646 \u0645\u0627\u0631\u0643\u062a","alternateName":"Yasmin Food","url":"https:\/\/yasminfood.ch\/de\/","logo":{"@type":"ImageObject","inLanguage":"de","@id":"https:\/\/yasminfood.ch\/de\/#\/schema\/logo\/image\/","url":"https:\/\/yasminfood.ch\/wp-content\/uploads\/2025\/05\/yasmin-food-header-logo.png","contentUrl":"https:\/\/yasminfood.ch\/wp-content\/uploads\/2025\/05\/yasmin-food-header-logo.png","width":330,"height":120,"caption":"\u064a\u0627\u0633\u0645\u064a\u0646 \u0645\u0627\u0631\u0643\u062a"},"image":{"@id":"https:\/\/yasminfood.ch\/de\/#\/schema\/logo\/image\/"},"sameAs":["https:\/\/www.facebook.com\/yasminmarkt1","https:\/\/www.tiktok.com\/@yasminmarkt","https:\/\/www.instagram.com\/yasmin.markt1\/","https:\/\/api.whatsapp.com\/send\/?phone=41799000104"],"publishingPrinciples":"https:\/\/yasminfood.ch\/de\/shop\/","ownershipFundingInfo":"https:\/\/yasminfood.ch\/de\/shop\/"}]},"product_price_amount":"7.95","product_price_currency":"CHF","og_availability":"instock","product_availability":"instock","product_condition":"new"},"jetpack_sharing_enabled":true,"_links":{"self":[{"href":"https:\/\/yasminfood.ch\/de\/wp-json\/wp\/v2\/product\/121313","targetHints":{"allow":["GET"]}}],"collection":[{"href":"https:\/\/yasminfood.ch\/de\/wp-json\/wp\/v2\/product"}],"about":[{"href":"https:\/\/yasminfood.ch\/de\/wp-json\/wp\/v2\/types\/product"}],"replies":[{"embeddable":true,"href":"https:\/\/yasminfood.ch\/de\/wp-json\/wp\/v2\/comments?post=121313"}],"version-history":[{"count":0,"href":"https:\/\/yasminfood.ch\/de\/wp-json\/wp\/v2\/product\/121313\/revisions"}],"wp:featuredmedia":[{"embeddable":true,"href":"https:\/\/yasminfood.ch\/de\/wp-json\/wp\/v2\/media\/121403"}],"wp:attachment":[{"href":"https:\/\/yasminfood.ch\/de\/wp-json\/wp\/v2\/media?parent=121313"}],"wp:term":[{"taxonomy":"product_brand","embeddable":true,"href":"https:\/\/yasminfood.ch\/de\/wp-json\/wp\/v2\/product_brand?post=121313"},{"taxonomy":"product_cat","embeddable":true,"href":"https:\/\/yasminfood.ch\/de\/wp-json\/wp\/v2\/product_cat?post=121313"},{"taxonomy":"product_tag","embeddable":true,"href":"https:\/\/yasminfood.ch\/de\/wp-json\/wp\/v2\/product_tag?post=121313"}],"curies":[{"name":"wp","href":"https:\/\/api.w.org\/{rel}","templated":true}]}}