{"id":121380,"date":"2026-01-31T18:52:54","date_gmt":"2026-01-31T17:52:54","guid":{"rendered":"https:\/\/yasminfood.ch\/product\/qamar-eddin-400g-othman\/"},"modified":"2026-01-31T18:56:58","modified_gmt":"2026-01-31T17:56:58","slug":"qamar-eddin-400g-othman","status":"publish","type":"product","link":"https:\/\/yasminfood.ch\/de\/product\/qamar-eddin-400g-othman\/","title":{"rendered":"Qamar Eddin 400g Othman"},"content":{"rendered":"<p><strong>Qamar Eddin 400g Othman<\/strong><\/p>\n<ul>\n<li>\n<p data-start=\"76\" data-end=\"311\">Qamar Eddin Othman Food wird aus sorgf\u00e4ltig ausgew\u00e4hlten nat\u00fcrlichen Aprikosen hergestellt,<\/p>\n<\/li>\n<li>\n<p data-start=\"76\" data-end=\"311\">Sie hat eine feste Textur und einen reichen Geschmack, der zwischen S\u00fc\u00dfe und milder S\u00e4ure ausgewogen ist.<\/p>\n<\/li>\n<li>\n<p data-start=\"76\" data-end=\"311\">Sie wird nach einer traditionellen Methode zubereitet, die den authentischen Geschmack und die hohe Qualit\u00e4t der Aprikosen bewahrt.<\/p>\n<p data-start=\"313\" data-end=\"430\">Ideal zur Herstellung erfrischendes Qamar al-Din-Sirups, wie er in Desserts verwendet wird, <\/p>\n<\/li>\n<li>\n<p data-start=\"313\" data-end=\"430\">Moon Din-Br\u00f6tchen oder direkt als k\u00f6stlicher Snack serviert. <\/p>\n<p data-start=\"432\" data-end=\"604\"><strong data-start=\"432\" data-end=\"469\">\u2714 Hergestellt aus hochwertigen nat\u00fcrlichen Aprikosen<\/strong><br data-start=\"469\" data-end=\"472\"><strong data-start=\"472\" data-end=\"499\">\u2714 Authentischer Geschmack und feste Textur<\/strong><br data-start=\"499\" data-end=\"502\"><strong data-start=\"502\" data-end=\"533\">\u2714 Ideal f\u00fcr Getr\u00e4nke und Desserts<\/strong><br data-start=\"533\" data-end=\"536\"><strong data-start=\"536\" data-end=\"576\">\u2714 Geeignet f\u00fcr den Ramadan und den t\u00e4glichen Gebrauch<\/strong><br data-start=\"576\" data-end=\"579\" data-is-only-node=\"\"><strong data-start=\"579\" data-end=\"604\">\u2714 Praktisches 400g-Paket<\/strong><\/p>\n<p data-start=\"606\" data-end=\"620\">\n<\/li>\n<\/ul>\n","protected":false},"excerpt":{"rendered":"<p><strong>Qamar Eddin 400g Othman<\/strong><\/p>\n<ul>\n<li>\n<p data-start=\"76\" data-end=\"311\">Qamar Eddin Othman Food wird aus sorgf\u00e4ltig ausgew\u00e4hlten nat\u00fcrlichen Aprikosen hergestellt,<\/p>\n<\/li>\n<li>\n<p data-start=\"76\" data-end=\"311\">Sie hat eine feste Textur und einen reichen Geschmack, der zwischen S\u00fc\u00dfe und milder S\u00e4ure ausgewogen ist.<\/p>\n<\/li>\n<\/ul>\n","protected":false},"featured_media":121381,"comment_status":"open","ping_status":"closed","template":"","meta":[],"product_brand":[],"product_cat":[301,297],"product_tag":[],"class_list":{"0":"post-121380","1":"product","2":"type-product","3":"status-publish","4":"has-post-thumbnail","6":"product_cat-arabische-suessigkeiten","7":"product_cat-dessert-chips-2","9":"first","10":"instock","11":"taxable","12":"shipping-taxable","13":"purchasable","14":"product-type-simple"},"yoast_head":"<!-- This site is optimized with the Yoast SEO Premium plugin v26.5 (Yoast SEO v27.5) - https:\/\/yoast.com\/product\/yoast-seo-premium-wordpress\/ -->\n<title>Qamar Eddin 400g Othman - Yasmin Food<\/title>\n<meta name=\"description\" content=\"Qamar Eddin 400g Othman Qamar Eddin Osman Food wird aus sorgf\u00e4ltig ausgew\u00e4hlten nat\u00fcrlichen Aprikosen hergestellt, die sich durch ihre zusammenh\u00e4ngende Textur und einen reichen Geschmack auszeichnen, der zwischen S\u00fc\u00dfe und milder S\u00e4ure ausgewogen ist.\" \/>\n<meta name=\"robots\" content=\"index, follow, max-snippet:-1, max-image-preview:large, max-video-preview:-1\" \/>\n<link rel=\"canonical\" href=\"https:\/\/yasminfood.ch\/de\/product\/qamar-eddin-400g-othman\/\" \/>\n<meta property=\"og:locale\" content=\"de_DE\" \/>\n<meta property=\"og:type\" content=\"article\" \/>\n<meta property=\"og:title\" content=\"Qamar Eddin 400g Othman\" \/>\n<meta property=\"og:description\" content=\"Qamar Eddin 400g Othman   Qamar Eddin Othman Food wird aus sorgf\u00e4ltig ausgew\u00e4hlten nat\u00fcrlichen Aprikosen hergestellt,   Sie hat eine feste Textur und einen reichen Geschmack, der zwischen S\u00fc\u00dfe und milder S\u00e4ure ausgewogen ist.\" \/>\n<meta property=\"og:url\" content=\"https:\/\/yasminfood.ch\/de\/product\/qamar-eddin-400g-othman\/\" \/>\n<meta property=\"og:site_name\" content=\"Yasmin Food\" \/>\n<meta property=\"article:publisher\" content=\"https:\/\/www.facebook.com\/yasminmarkt1\" \/>\n<meta property=\"article:modified_time\" content=\"2026-01-31T17:56:58+00:00\" \/>\n<meta property=\"og:image\" content=\"https:\/\/yasminfood.ch\/wp-content\/uploads\/2026\/01\/\u063a400-\u0642\u0645\u0631-\u0627\u0644\u062f\u064a\u0646-\u0639\u062b\u0645\u0627\u0646.png\" \/>\n\t<meta property=\"og:image:width\" content=\"1080\" \/>\n\t<meta property=\"og:image:height\" content=\"1080\" \/>\n\t<meta property=\"og:image:type\" content=\"image\/png\" \/>\n<meta name=\"twitter:card\" content=\"summary_large_image\" \/>\n<meta name=\"twitter:label1\" content=\"Preis\" \/>\n\t<meta name=\"twitter:data1\" content=\"5.95&nbsp;&#067;&#072;&#070;\" \/>\n\t<meta name=\"twitter:label2\" content=\"Verf\u00fcgbarkeit\" \/>\n\t<meta name=\"twitter:data2\" content=\"Auf Lager\" \/>\n<script type=\"application\/ld+json\" class=\"yoast-schema-graph\">{\"@context\":\"https:\\\/\\\/schema.org\",\"@graph\":[{\"@type\":\"WebPage\",\"@id\":\"https:\\\/\\\/yasminfood.ch\\\/de\\\/product\\\/qamar-eddin-400g-othman\\\/\",\"url\":\"https:\\\/\\\/yasminfood.ch\\\/de\\\/product\\\/qamar-eddin-400g-othman\\\/\",\"name\":\"Qamar Eddin 400g Othman - Yasmin Food\",\"isPartOf\":{\"@id\":\"https:\\\/\\\/yasminfood.ch\\\/de\\\/#website\"},\"primaryImageOfPage\":{\"@id\":\"https:\\\/\\\/yasminfood.ch\\\/de\\\/product\\\/qamar-eddin-400g-othman\\\/#primaryimage\"},\"image\":{\"@id\":\"https:\\\/\\\/yasminfood.ch\\\/de\\\/product\\\/qamar-eddin-400g-othman\\\/#primaryimage\"},\"thumbnailUrl\":\"https:\\\/\\\/yasminfood.ch\\\/wp-content\\\/uploads\\\/2026\\\/01\\\/\u063a400-\u0642\u0645\u0631-\u0627\u0644\u062f\u064a\u0646-\u0639\u062b\u0645\u0627\u0646.png\",\"datePublished\":\"2026-01-31T17:52:54+00:00\",\"dateModified\":\"2026-01-31T17:56:58+00:00\",\"description\":\"Qamar Eddin 400g Othman Qamar Eddin Osman Food wird aus sorgf\u00e4ltig ausgew\u00e4hlten nat\u00fcrlichen Aprikosen hergestellt, die sich durch ihre zusammenh\u00e4ngende Textur und einen reichen Geschmack auszeichnen, der zwischen S\u00fc\u00dfe und milder S\u00e4ure ausgewogen ist.\",\"breadcrumb\":{\"@id\":\"https:\\\/\\\/yasminfood.ch\\\/de\\\/product\\\/qamar-eddin-400g-othman\\\/#breadcrumb\"},\"inLanguage\":\"de\",\"potentialAction\":[{\"@type\":\"ReadAction\",\"target\":[\"https:\\\/\\\/yasminfood.ch\\\/de\\\/product\\\/qamar-eddin-400g-othman\\\/\"]}]},{\"@type\":\"ImageObject\",\"inLanguage\":\"de\",\"@id\":\"https:\\\/\\\/yasminfood.ch\\\/de\\\/product\\\/qamar-eddin-400g-othman\\\/#primaryimage\",\"url\":\"https:\\\/\\\/yasminfood.ch\\\/wp-content\\\/uploads\\\/2026\\\/01\\\/\u063a400-\u0642\u0645\u0631-\u0627\u0644\u062f\u064a\u0646-\u0639\u062b\u0645\u0627\u0646.png\",\"contentUrl\":\"https:\\\/\\\/yasminfood.ch\\\/wp-content\\\/uploads\\\/2026\\\/01\\\/\u063a400-\u0642\u0645\u0631-\u0627\u0644\u062f\u064a\u0646-\u0639\u062b\u0645\u0627\u0646.png\",\"width\":1080,\"height\":1080,\"caption\":\"Qamar Eddin 400g Othman\"},{\"@type\":\"BreadcrumbList\",\"@id\":\"https:\\\/\\\/yasminfood.ch\\\/de\\\/product\\\/qamar-eddin-400g-othman\\\/#breadcrumb\",\"itemListElement\":[{\"@type\":\"ListItem\",\"position\":1,\"name\":\"\u0627\u0644\u0631\u0626\u064a\u0633\u064a\u0629\",\"item\":\"https:\\\/\\\/yasminfood.ch\\\/de\\\/zuhause\\\/\"},{\"@type\":\"ListItem\",\"position\":2,\"name\":\"Shop\",\"item\":\"https:\\\/\\\/yasminfood.ch\\\/de\\\/shop\\\/\"},{\"@type\":\"ListItem\",\"position\":3,\"name\":\"Qamar Eddin 400g Othman\"}]},{\"@type\":\"WebSite\",\"@id\":\"https:\\\/\\\/yasminfood.ch\\\/de\\\/#website\",\"url\":\"https:\\\/\\\/yasminfood.ch\\\/de\\\/\",\"name\":\"\u064a\u0627\u0633\u0645\u064a\u0646 \u0645\u0627\u0631\u0643\u062a\",\"description\":\"Alles, was Sie brauchen, an einem Ort\",\"publisher\":{\"@id\":\"https:\\\/\\\/yasminfood.ch\\\/de\\\/#organization\"},\"alternateName\":\"Yasmin Food\",\"potentialAction\":[{\"@type\":\"SearchAction\",\"target\":{\"@type\":\"EntryPoint\",\"urlTemplate\":\"https:\\\/\\\/yasminfood.ch\\\/de\\\/?s={search_term_string}\"},\"query-input\":{\"@type\":\"PropertyValueSpecification\",\"valueRequired\":true,\"valueName\":\"search_term_string\"}}],\"inLanguage\":\"de\"},{\"@type\":\"Organization\",\"@id\":\"https:\\\/\\\/yasminfood.ch\\\/de\\\/#organization\",\"name\":\"\u064a\u0627\u0633\u0645\u064a\u0646 \u0645\u0627\u0631\u0643\u062a\",\"alternateName\":\"Yasmin Food\",\"url\":\"https:\\\/\\\/yasminfood.ch\\\/de\\\/\",\"logo\":{\"@type\":\"ImageObject\",\"inLanguage\":\"de\",\"@id\":\"https:\\\/\\\/yasminfood.ch\\\/de\\\/#\\\/schema\\\/logo\\\/image\\\/\",\"url\":\"https:\\\/\\\/yasminfood.ch\\\/wp-content\\\/uploads\\\/2025\\\/05\\\/yasmin-food-header-logo.png\",\"contentUrl\":\"https:\\\/\\\/yasminfood.ch\\\/wp-content\\\/uploads\\\/2025\\\/05\\\/yasmin-food-header-logo.png\",\"width\":330,\"height\":120,\"caption\":\"\u064a\u0627\u0633\u0645\u064a\u0646 \u0645\u0627\u0631\u0643\u062a\"},\"image\":{\"@id\":\"https:\\\/\\\/yasminfood.ch\\\/de\\\/#\\\/schema\\\/logo\\\/image\\\/\"},\"sameAs\":[\"https:\\\/\\\/www.facebook.com\\\/yasminmarkt1\",\"https:\\\/\\\/www.tiktok.com\\\/@yasminmarkt\",\"https:\\\/\\\/www.instagram.com\\\/yasmin.markt1\\\/\",\"https:\\\/\\\/api.whatsapp.com\\\/send\\\/?phone=41799000104\"],\"publishingPrinciples\":\"https:\\\/\\\/yasminfood.ch\\\/de\\\/shop\\\/\",\"ownershipFundingInfo\":\"https:\\\/\\\/yasminfood.ch\\\/de\\\/shop\\\/\"}]}<\/script>\n<meta property=\"product:price:amount\" content=\"5.95\" \/>\n<meta property=\"product:price:currency\" content=\"CHF\" \/>\n<meta property=\"og:availability\" content=\"instock\" \/>\n<meta property=\"product:availability\" content=\"instock\" \/>\n<meta property=\"product:condition\" content=\"new\" \/>\n<!-- \/ Yoast SEO Premium plugin. -->","yoast_head_json":{"title":"Qamar Eddin 400g Othman - Yasmin Food","description":"Qamar Eddin 400g Othman Qamar Eddin Osman Food wird aus sorgf\u00e4ltig ausgew\u00e4hlten nat\u00fcrlichen Aprikosen hergestellt, die sich durch ihre zusammenh\u00e4ngende Textur und einen reichen Geschmack auszeichnen, der zwischen S\u00fc\u00dfe und milder S\u00e4ure ausgewogen ist.","robots":{"index":"index","follow":"follow","max-snippet":"max-snippet:-1","max-image-preview":"max-image-preview:large","max-video-preview":"max-video-preview:-1"},"canonical":"https:\/\/yasminfood.ch\/de\/product\/qamar-eddin-400g-othman\/","og_locale":"de_DE","og_type":"article","og_title":"Qamar Eddin 400g Othman","og_description":"Qamar Eddin 400g Othman   Qamar Eddin Othman Food wird aus sorgf\u00e4ltig ausgew\u00e4hlten nat\u00fcrlichen Aprikosen hergestellt,   Sie hat eine feste Textur und einen reichen Geschmack, der zwischen S\u00fc\u00dfe und milder S\u00e4ure ausgewogen ist.","og_url":"https:\/\/yasminfood.ch\/de\/product\/qamar-eddin-400g-othman\/","og_site_name":"Yasmin Food","article_publisher":"https:\/\/www.facebook.com\/yasminmarkt1","article_modified_time":"2026-01-31T17:56:58+00:00","og_image":[{"width":1080,"height":1080,"url":"https:\/\/yasminfood.ch\/wp-content\/uploads\/2026\/01\/\u063a400-\u0642\u0645\u0631-\u0627\u0644\u062f\u064a\u0646-\u0639\u062b\u0645\u0627\u0646.png","type":"image\/png"}],"twitter_card":"summary_large_image","twitter_misc":{"Preis":"5.95&nbsp;&#67;&#72;&#70;","Verf\u00fcgbarkeit":"Auf Lager"},"schema":{"@context":"https:\/\/schema.org","@graph":[{"@type":"WebPage","@id":"https:\/\/yasminfood.ch\/de\/product\/qamar-eddin-400g-othman\/","url":"https:\/\/yasminfood.ch\/de\/product\/qamar-eddin-400g-othman\/","name":"Qamar Eddin 400g Othman - Yasmin Food","isPartOf":{"@id":"https:\/\/yasminfood.ch\/de\/#website"},"primaryImageOfPage":{"@id":"https:\/\/yasminfood.ch\/de\/product\/qamar-eddin-400g-othman\/#primaryimage"},"image":{"@id":"https:\/\/yasminfood.ch\/de\/product\/qamar-eddin-400g-othman\/#primaryimage"},"thumbnailUrl":"https:\/\/yasminfood.ch\/wp-content\/uploads\/2026\/01\/\u063a400-\u0642\u0645\u0631-\u0627\u0644\u062f\u064a\u0646-\u0639\u062b\u0645\u0627\u0646.png","datePublished":"2026-01-31T17:52:54+00:00","dateModified":"2026-01-31T17:56:58+00:00","description":"Qamar Eddin 400g Othman Qamar Eddin Osman Food wird aus sorgf\u00e4ltig ausgew\u00e4hlten nat\u00fcrlichen Aprikosen hergestellt, die sich durch ihre zusammenh\u00e4ngende Textur und einen reichen Geschmack auszeichnen, der zwischen S\u00fc\u00dfe und milder S\u00e4ure ausgewogen ist.","breadcrumb":{"@id":"https:\/\/yasminfood.ch\/de\/product\/qamar-eddin-400g-othman\/#breadcrumb"},"inLanguage":"de","potentialAction":[{"@type":"ReadAction","target":["https:\/\/yasminfood.ch\/de\/product\/qamar-eddin-400g-othman\/"]}]},{"@type":"ImageObject","inLanguage":"de","@id":"https:\/\/yasminfood.ch\/de\/product\/qamar-eddin-400g-othman\/#primaryimage","url":"https:\/\/yasminfood.ch\/wp-content\/uploads\/2026\/01\/\u063a400-\u0642\u0645\u0631-\u0627\u0644\u062f\u064a\u0646-\u0639\u062b\u0645\u0627\u0646.png","contentUrl":"https:\/\/yasminfood.ch\/wp-content\/uploads\/2026\/01\/\u063a400-\u0642\u0645\u0631-\u0627\u0644\u062f\u064a\u0646-\u0639\u062b\u0645\u0627\u0646.png","width":1080,"height":1080,"caption":"Qamar Eddin 400g Othman"},{"@type":"BreadcrumbList","@id":"https:\/\/yasminfood.ch\/de\/product\/qamar-eddin-400g-othman\/#breadcrumb","itemListElement":[{"@type":"ListItem","position":1,"name":"\u0627\u0644\u0631\u0626\u064a\u0633\u064a\u0629","item":"https:\/\/yasminfood.ch\/de\/zuhause\/"},{"@type":"ListItem","position":2,"name":"Shop","item":"https:\/\/yasminfood.ch\/de\/shop\/"},{"@type":"ListItem","position":3,"name":"Qamar Eddin 400g Othman"}]},{"@type":"WebSite","@id":"https:\/\/yasminfood.ch\/de\/#website","url":"https:\/\/yasminfood.ch\/de\/","name":"\u064a\u0627\u0633\u0645\u064a\u0646 \u0645\u0627\u0631\u0643\u062a","description":"Alles, was Sie brauchen, an einem Ort","publisher":{"@id":"https:\/\/yasminfood.ch\/de\/#organization"},"alternateName":"Yasmin Food","potentialAction":[{"@type":"SearchAction","target":{"@type":"EntryPoint","urlTemplate":"https:\/\/yasminfood.ch\/de\/?s={search_term_string}"},"query-input":{"@type":"PropertyValueSpecification","valueRequired":true,"valueName":"search_term_string"}}],"inLanguage":"de"},{"@type":"Organization","@id":"https:\/\/yasminfood.ch\/de\/#organization","name":"\u064a\u0627\u0633\u0645\u064a\u0646 \u0645\u0627\u0631\u0643\u062a","alternateName":"Yasmin Food","url":"https:\/\/yasminfood.ch\/de\/","logo":{"@type":"ImageObject","inLanguage":"de","@id":"https:\/\/yasminfood.ch\/de\/#\/schema\/logo\/image\/","url":"https:\/\/yasminfood.ch\/wp-content\/uploads\/2025\/05\/yasmin-food-header-logo.png","contentUrl":"https:\/\/yasminfood.ch\/wp-content\/uploads\/2025\/05\/yasmin-food-header-logo.png","width":330,"height":120,"caption":"\u064a\u0627\u0633\u0645\u064a\u0646 \u0645\u0627\u0631\u0643\u062a"},"image":{"@id":"https:\/\/yasminfood.ch\/de\/#\/schema\/logo\/image\/"},"sameAs":["https:\/\/www.facebook.com\/yasminmarkt1","https:\/\/www.tiktok.com\/@yasminmarkt","https:\/\/www.instagram.com\/yasmin.markt1\/","https:\/\/api.whatsapp.com\/send\/?phone=41799000104"],"publishingPrinciples":"https:\/\/yasminfood.ch\/de\/shop\/","ownershipFundingInfo":"https:\/\/yasminfood.ch\/de\/shop\/"}]},"product_price_amount":"5.95","product_price_currency":"CHF","og_availability":"instock","product_availability":"instock","product_condition":"new"},"jetpack_sharing_enabled":true,"_links":{"self":[{"href":"https:\/\/yasminfood.ch\/de\/wp-json\/wp\/v2\/product\/121380","targetHints":{"allow":["GET"]}}],"collection":[{"href":"https:\/\/yasminfood.ch\/de\/wp-json\/wp\/v2\/product"}],"about":[{"href":"https:\/\/yasminfood.ch\/de\/wp-json\/wp\/v2\/types\/product"}],"replies":[{"embeddable":true,"href":"https:\/\/yasminfood.ch\/de\/wp-json\/wp\/v2\/comments?post=121380"}],"version-history":[{"count":0,"href":"https:\/\/yasminfood.ch\/de\/wp-json\/wp\/v2\/product\/121380\/revisions"}],"wp:featuredmedia":[{"embeddable":true,"href":"https:\/\/yasminfood.ch\/de\/wp-json\/wp\/v2\/media\/121381"}],"wp:attachment":[{"href":"https:\/\/yasminfood.ch\/de\/wp-json\/wp\/v2\/media?parent=121380"}],"wp:term":[{"taxonomy":"product_brand","embeddable":true,"href":"https:\/\/yasminfood.ch\/de\/wp-json\/wp\/v2\/product_brand?post=121380"},{"taxonomy":"product_cat","embeddable":true,"href":"https:\/\/yasminfood.ch\/de\/wp-json\/wp\/v2\/product_cat?post=121380"},{"taxonomy":"product_tag","embeddable":true,"href":"https:\/\/yasminfood.ch\/de\/wp-json\/wp\/v2\/product_tag?post=121380"}],"curies":[{"name":"wp","href":"https:\/\/api.w.org\/{rel}","templated":true}]}}