{"id":121475,"date":"2026-02-19T09:10:48","date_gmt":"2026-02-19T08:10:48","guid":{"rendered":"https:\/\/yasminfood.ch\/product\/ingwerbohnen-sklave-50g\/"},"modified":"2026-02-19T09:16:29","modified_gmt":"2026-02-19T08:16:29","slug":"ingwerbohnen-sklave-50g","status":"publish","type":"product","link":"https:\/\/yasminfood.ch\/de\/product\/ingwerbohnen-sklave-50g\/","title":{"rendered":"Ingwerbohnen-Sklave 50g"},"content":{"rendered":"<p data-start=\"0\" data-end=\"23\"><strong data-start=\"0\" data-end=\"23\">Ingwerbohnen-Sklave 50g<\/strong><\/p>\n<ul>\n<li data-start=\"25\" data-end=\"261\">\n<p data-start=\"25\" data-end=\"261\">Sorgf\u00e4ltig ausgew\u00e4hlt, um Ihren Gerichten und Getr\u00e4nken einen leicht w\u00fcrzigen Geschmack und einen unverwechselbaren Duft zu verleihen.<\/p>\n<\/li>\n<li data-start=\"25\" data-end=\"261\">\n<p data-start=\"25\" data-end=\"261\">Ganzer Ingwer ist eine ideale Wahl, um seinen nat\u00fcrlichen Geschmack l\u00e4nger zu erhalten, und kann bei Bedarf verwendet werden.<\/p>\n<p data-start=\"263\" data-end=\"276\"><strong data-start=\"263\" data-end=\"276\">Funktionen:<\/strong><\/p>\n<ul data-start=\"277\" data-end=\"517\">\n<li data-start=\"277\" data-end=\"310\">\n<p data-start=\"279\" data-end=\"310\">Hochwertige ganze Ingwerst\u00fccke<\/p>\n<\/li>\n<li data-start=\"311\" data-end=\"348\">\n<p data-start=\"313\" data-end=\"348\">Erfrischender w\u00fcrziger Geschmack und starkes aromatisches Aroma<\/p>\n<\/li>\n<li data-start=\"349\" data-end=\"400\">\n<p data-start=\"351\" data-end=\"400\">Ideal zur Herstellung von hei\u00dfen Getr\u00e4nken wie Ingwertee<\/p>\n<\/li>\n<li data-start=\"401\" data-end=\"463\">\n<p data-start=\"403\" data-end=\"463\">Geeignet f\u00fcr Suppen, So\u00dfen, Fleischmarinaden und asiatische Gerichte  <\/p>\n<\/li>\n<li data-start=\"464\" data-end=\"499\">\n<p data-start=\"466\" data-end=\"499\">Kann je nach Anwendung gemahlen oder eingeweicht werden<\/p>\n<\/li>\n<li data-start=\"500\" data-end=\"517\">\n<p data-start=\"502\" data-end=\"517\">Libanesische Industrie<\/p>\n<\/li>\n<\/ul>\n<p data-start=\"519\" data-end=\"671\"><strong data-start=\"519\" data-end=\"539\">Wie man verwendet:<\/strong><br data-start=\"539\" data-end=\"542\">Zerbrechen oder mahlen Sie nach Geschmack, geben Sie ganze Portionen in kochendes Wasser, um Ingwersirup herzustellen, oder k\u00f6nnen w\u00e4hrend des Kochens hinzugef\u00fcgt werden, um einen besonderen Geschmack zu erzeugen.  <\/p>\n<\/li>\n<\/ul>\n","protected":false},"excerpt":{"rendered":"<p data-start=\"0\" data-end=\"23\"><strong data-start=\"0\" data-end=\"23\">Ingwerbohnen-Sklave 50g<\/strong><\/p>\n<ul>\n<li data-start=\"25\" data-end=\"261\">\n<p data-start=\"25\" data-end=\"261\">Sorgf\u00e4ltig ausgew\u00e4hlt, um Ihren Gerichten und Getr\u00e4nken einen leicht w\u00fcrzigen Geschmack und einen unverwechselbaren Duft zu verleihen.<\/p>\n<\/li>\n<\/ul>\n","protected":false},"featured_media":121477,"comment_status":"open","ping_status":"closed","template":"","meta":[],"product_brand":[2354],"product_cat":[360,356],"product_tag":[],"class_list":{"0":"post-121475","1":"product","2":"type-product","3":"status-publish","4":"has-post-thumbnail","6":"product_brand-abido","7":"product_cat-gewurze","8":"product_cat-gewuerze-nuesse","10":"first","11":"instock","12":"taxable","13":"shipping-taxable","14":"purchasable","15":"product-type-simple"},"yoast_head":"<!-- This site is optimized with the Yoast SEO Premium plugin v26.5 (Yoast SEO v27.3) - https:\/\/yoast.com\/product\/yoast-seo-premium-wordpress\/ -->\n<title>Ingwerbohnen-Sklave 50g - Yasmin Food<\/title>\n<meta name=\"description\" content=\"Ingwerbohnen-Sklave 50g wird sorgf\u00e4ltig ausgew\u00e4hlt, um Ihren Gerichten und Getr\u00e4nken einen milden, w\u00fcrzigen Geschmack und einen unverwechselbaren Duft zu verleihen. Ganzer Ingwer ist die ideale Wahl, um seinen nat\u00fcrlichen Geschmack zu bewahren\" \/>\n<meta name=\"robots\" content=\"index, follow, max-snippet:-1, max-image-preview:large, max-video-preview:-1\" \/>\n<link rel=\"canonical\" href=\"https:\/\/yasminfood.ch\/de\/product\/ingwerbohnen-sklave-50g\/\" \/>\n<meta property=\"og:locale\" content=\"de_DE\" \/>\n<meta property=\"og:type\" content=\"article\" \/>\n<meta property=\"og:title\" content=\"Ingwerbohnen-Sklave 50g\" \/>\n<meta property=\"og:description\" content=\"Ingwerbohnen-Sklave 50g   Sorgf\u00e4ltig ausgew\u00e4hlt, um Ihren Gerichten und Getr\u00e4nken einen leicht w\u00fcrzigen Geschmack und einen unverwechselbaren Duft zu verleihen.\" \/>\n<meta property=\"og:url\" content=\"https:\/\/yasminfood.ch\/de\/product\/ingwerbohnen-sklave-50g\/\" \/>\n<meta property=\"og:site_name\" content=\"Yasmin Food\" \/>\n<meta property=\"article:publisher\" content=\"https:\/\/www.facebook.com\/yasminmarkt1\" \/>\n<meta property=\"article:modified_time\" content=\"2026-02-19T08:16:29+00:00\" \/>\n<meta property=\"og:image\" content=\"https:\/\/yasminfood.ch\/wp-content\/uploads\/2026\/02\/\u0632\u0646\u062c\u0628\u064a\u0644-\u062d\u0628-\u0639\u0628\u064a\u062f\u0648-50\u063a.png\" \/>\n\t<meta property=\"og:image:width\" content=\"1080\" \/>\n\t<meta property=\"og:image:height\" content=\"1080\" \/>\n\t<meta property=\"og:image:type\" content=\"image\/png\" \/>\n<meta name=\"twitter:card\" content=\"summary_large_image\" \/>\n<meta name=\"twitter:label1\" content=\"Preis\" \/>\n\t<meta name=\"twitter:data1\" content=\"2.95&nbsp;&#067;&#072;&#070;\" \/>\n\t<meta name=\"twitter:label2\" content=\"Verf\u00fcgbarkeit\" \/>\n\t<meta name=\"twitter:data2\" content=\"Auf Lager\" \/>\n<script type=\"application\/ld+json\" class=\"yoast-schema-graph\">{\"@context\":\"https:\\\/\\\/schema.org\",\"@graph\":[{\"@type\":\"WebPage\",\"@id\":\"https:\\\/\\\/yasminfood.ch\\\/de\\\/product\\\/ingwerbohnen-sklave-50g\\\/\",\"url\":\"https:\\\/\\\/yasminfood.ch\\\/de\\\/product\\\/ingwerbohnen-sklave-50g\\\/\",\"name\":\"Ingwerbohnen-Sklave 50g - Yasmin Food\",\"isPartOf\":{\"@id\":\"https:\\\/\\\/yasminfood.ch\\\/de\\\/#website\"},\"primaryImageOfPage\":{\"@id\":\"https:\\\/\\\/yasminfood.ch\\\/de\\\/product\\\/ingwerbohnen-sklave-50g\\\/#primaryimage\"},\"image\":{\"@id\":\"https:\\\/\\\/yasminfood.ch\\\/de\\\/product\\\/ingwerbohnen-sklave-50g\\\/#primaryimage\"},\"thumbnailUrl\":\"https:\\\/\\\/yasminfood.ch\\\/wp-content\\\/uploads\\\/2026\\\/02\\\/\u0632\u0646\u062c\u0628\u064a\u0644-\u062d\u0628-\u0639\u0628\u064a\u062f\u0648-50\u063a.png\",\"datePublished\":\"2026-02-19T08:10:48+00:00\",\"dateModified\":\"2026-02-19T08:16:29+00:00\",\"description\":\"Ingwerbohnen-Sklave 50g wird sorgf\u00e4ltig ausgew\u00e4hlt, um Ihren Gerichten und Getr\u00e4nken einen milden, w\u00fcrzigen Geschmack und einen unverwechselbaren Duft zu verleihen. Ganzer Ingwer ist die ideale Wahl, um seinen nat\u00fcrlichen Geschmack zu bewahren\",\"breadcrumb\":{\"@id\":\"https:\\\/\\\/yasminfood.ch\\\/de\\\/product\\\/ingwerbohnen-sklave-50g\\\/#breadcrumb\"},\"inLanguage\":\"de\",\"potentialAction\":[{\"@type\":\"ReadAction\",\"target\":[\"https:\\\/\\\/yasminfood.ch\\\/de\\\/product\\\/ingwerbohnen-sklave-50g\\\/\"]}]},{\"@type\":\"ImageObject\",\"inLanguage\":\"de\",\"@id\":\"https:\\\/\\\/yasminfood.ch\\\/de\\\/product\\\/ingwerbohnen-sklave-50g\\\/#primaryimage\",\"url\":\"https:\\\/\\\/yasminfood.ch\\\/wp-content\\\/uploads\\\/2026\\\/02\\\/\u0632\u0646\u062c\u0628\u064a\u0644-\u062d\u0628-\u0639\u0628\u064a\u062f\u0648-50\u063a.png\",\"contentUrl\":\"https:\\\/\\\/yasminfood.ch\\\/wp-content\\\/uploads\\\/2026\\\/02\\\/\u0632\u0646\u062c\u0628\u064a\u0644-\u062d\u0628-\u0639\u0628\u064a\u062f\u0648-50\u063a.png\",\"width\":1080,\"height\":1080,\"caption\":\"Ingwerbohnen-Sklave 50g\"},{\"@type\":\"BreadcrumbList\",\"@id\":\"https:\\\/\\\/yasminfood.ch\\\/de\\\/product\\\/ingwerbohnen-sklave-50g\\\/#breadcrumb\",\"itemListElement\":[{\"@type\":\"ListItem\",\"position\":1,\"name\":\"\u0627\u0644\u0631\u0626\u064a\u0633\u064a\u0629\",\"item\":\"https:\\\/\\\/yasminfood.ch\\\/de\\\/zuhause\\\/\"},{\"@type\":\"ListItem\",\"position\":2,\"name\":\"Shop\",\"item\":\"https:\\\/\\\/yasminfood.ch\\\/de\\\/shop\\\/\"},{\"@type\":\"ListItem\",\"position\":3,\"name\":\"Gew\u00fcrze &amp; N\u00fcsse\",\"item\":\"https:\\\/\\\/yasminfood.ch\\\/de\\\/produkt-kategorie\\\/gewuerze-nuesse\\\/\"},{\"@type\":\"ListItem\",\"position\":4,\"name\":\"Ingwerbohnen-Sklave 50g\"}]},{\"@type\":\"WebSite\",\"@id\":\"https:\\\/\\\/yasminfood.ch\\\/de\\\/#website\",\"url\":\"https:\\\/\\\/yasminfood.ch\\\/de\\\/\",\"name\":\"\u064a\u0627\u0633\u0645\u064a\u0646 \u0645\u0627\u0631\u0643\u062a\",\"description\":\"Alles, was Sie brauchen, an einem Ort\",\"publisher\":{\"@id\":\"https:\\\/\\\/yasminfood.ch\\\/de\\\/#organization\"},\"alternateName\":\"Yasmin Food\",\"potentialAction\":[{\"@type\":\"SearchAction\",\"target\":{\"@type\":\"EntryPoint\",\"urlTemplate\":\"https:\\\/\\\/yasminfood.ch\\\/de\\\/?s={search_term_string}\"},\"query-input\":{\"@type\":\"PropertyValueSpecification\",\"valueRequired\":true,\"valueName\":\"search_term_string\"}}],\"inLanguage\":\"de\"},{\"@type\":\"Organization\",\"@id\":\"https:\\\/\\\/yasminfood.ch\\\/de\\\/#organization\",\"name\":\"\u064a\u0627\u0633\u0645\u064a\u0646 \u0645\u0627\u0631\u0643\u062a\",\"alternateName\":\"Yasmin Food\",\"url\":\"https:\\\/\\\/yasminfood.ch\\\/de\\\/\",\"logo\":{\"@type\":\"ImageObject\",\"inLanguage\":\"de\",\"@id\":\"https:\\\/\\\/yasminfood.ch\\\/de\\\/#\\\/schema\\\/logo\\\/image\\\/\",\"url\":\"https:\\\/\\\/yasminfood.ch\\\/wp-content\\\/uploads\\\/2025\\\/05\\\/yasmin-food-header-logo.png\",\"contentUrl\":\"https:\\\/\\\/yasminfood.ch\\\/wp-content\\\/uploads\\\/2025\\\/05\\\/yasmin-food-header-logo.png\",\"width\":330,\"height\":120,\"caption\":\"\u064a\u0627\u0633\u0645\u064a\u0646 \u0645\u0627\u0631\u0643\u062a\"},\"image\":{\"@id\":\"https:\\\/\\\/yasminfood.ch\\\/de\\\/#\\\/schema\\\/logo\\\/image\\\/\"},\"sameAs\":[\"https:\\\/\\\/www.facebook.com\\\/yasminmarkt1\",\"https:\\\/\\\/www.tiktok.com\\\/@yasminmarkt\",\"https:\\\/\\\/www.instagram.com\\\/yasmin.markt1\\\/\",\"https:\\\/\\\/api.whatsapp.com\\\/send\\\/?phone=41799000104\"],\"publishingPrinciples\":\"https:\\\/\\\/yasminfood.ch\\\/de\\\/shop\\\/\",\"ownershipFundingInfo\":\"https:\\\/\\\/yasminfood.ch\\\/de\\\/shop\\\/\"}]}<\/script>\n<meta property=\"product:price:amount\" content=\"2.95\" \/>\n<meta property=\"product:price:currency\" content=\"CHF\" \/>\n<meta property=\"og:availability\" content=\"instock\" \/>\n<meta property=\"product:availability\" content=\"instock\" \/>\n<meta property=\"product:condition\" content=\"new\" \/>\n<!-- \/ Yoast SEO Premium plugin. -->","yoast_head_json":{"title":"Ingwerbohnen-Sklave 50g - Yasmin Food","description":"Ingwerbohnen-Sklave 50g wird sorgf\u00e4ltig ausgew\u00e4hlt, um Ihren Gerichten und Getr\u00e4nken einen milden, w\u00fcrzigen Geschmack und einen unverwechselbaren Duft zu verleihen. Ganzer Ingwer ist die ideale Wahl, um seinen nat\u00fcrlichen Geschmack zu bewahren","robots":{"index":"index","follow":"follow","max-snippet":"max-snippet:-1","max-image-preview":"max-image-preview:large","max-video-preview":"max-video-preview:-1"},"canonical":"https:\/\/yasminfood.ch\/de\/product\/ingwerbohnen-sklave-50g\/","og_locale":"de_DE","og_type":"article","og_title":"Ingwerbohnen-Sklave 50g","og_description":"Ingwerbohnen-Sklave 50g   Sorgf\u00e4ltig ausgew\u00e4hlt, um Ihren Gerichten und Getr\u00e4nken einen leicht w\u00fcrzigen Geschmack und einen unverwechselbaren Duft zu verleihen.","og_url":"https:\/\/yasminfood.ch\/de\/product\/ingwerbohnen-sklave-50g\/","og_site_name":"Yasmin Food","article_publisher":"https:\/\/www.facebook.com\/yasminmarkt1","article_modified_time":"2026-02-19T08:16:29+00:00","og_image":[{"width":1080,"height":1080,"url":"https:\/\/yasminfood.ch\/wp-content\/uploads\/2026\/02\/\u0632\u0646\u062c\u0628\u064a\u0644-\u062d\u0628-\u0639\u0628\u064a\u062f\u0648-50\u063a.png","type":"image\/png"}],"twitter_card":"summary_large_image","twitter_misc":{"Preis":"2.95&nbsp;&#67;&#72;&#70;","Verf\u00fcgbarkeit":"Auf Lager"},"schema":{"@context":"https:\/\/schema.org","@graph":[{"@type":"WebPage","@id":"https:\/\/yasminfood.ch\/de\/product\/ingwerbohnen-sklave-50g\/","url":"https:\/\/yasminfood.ch\/de\/product\/ingwerbohnen-sklave-50g\/","name":"Ingwerbohnen-Sklave 50g - Yasmin Food","isPartOf":{"@id":"https:\/\/yasminfood.ch\/de\/#website"},"primaryImageOfPage":{"@id":"https:\/\/yasminfood.ch\/de\/product\/ingwerbohnen-sklave-50g\/#primaryimage"},"image":{"@id":"https:\/\/yasminfood.ch\/de\/product\/ingwerbohnen-sklave-50g\/#primaryimage"},"thumbnailUrl":"https:\/\/yasminfood.ch\/wp-content\/uploads\/2026\/02\/\u0632\u0646\u062c\u0628\u064a\u0644-\u062d\u0628-\u0639\u0628\u064a\u062f\u0648-50\u063a.png","datePublished":"2026-02-19T08:10:48+00:00","dateModified":"2026-02-19T08:16:29+00:00","description":"Ingwerbohnen-Sklave 50g wird sorgf\u00e4ltig ausgew\u00e4hlt, um Ihren Gerichten und Getr\u00e4nken einen milden, w\u00fcrzigen Geschmack und einen unverwechselbaren Duft zu verleihen. Ganzer Ingwer ist die ideale Wahl, um seinen nat\u00fcrlichen Geschmack zu bewahren","breadcrumb":{"@id":"https:\/\/yasminfood.ch\/de\/product\/ingwerbohnen-sklave-50g\/#breadcrumb"},"inLanguage":"de","potentialAction":[{"@type":"ReadAction","target":["https:\/\/yasminfood.ch\/de\/product\/ingwerbohnen-sklave-50g\/"]}]},{"@type":"ImageObject","inLanguage":"de","@id":"https:\/\/yasminfood.ch\/de\/product\/ingwerbohnen-sklave-50g\/#primaryimage","url":"https:\/\/yasminfood.ch\/wp-content\/uploads\/2026\/02\/\u0632\u0646\u062c\u0628\u064a\u0644-\u062d\u0628-\u0639\u0628\u064a\u062f\u0648-50\u063a.png","contentUrl":"https:\/\/yasminfood.ch\/wp-content\/uploads\/2026\/02\/\u0632\u0646\u062c\u0628\u064a\u0644-\u062d\u0628-\u0639\u0628\u064a\u062f\u0648-50\u063a.png","width":1080,"height":1080,"caption":"Ingwerbohnen-Sklave 50g"},{"@type":"BreadcrumbList","@id":"https:\/\/yasminfood.ch\/de\/product\/ingwerbohnen-sklave-50g\/#breadcrumb","itemListElement":[{"@type":"ListItem","position":1,"name":"\u0627\u0644\u0631\u0626\u064a\u0633\u064a\u0629","item":"https:\/\/yasminfood.ch\/de\/zuhause\/"},{"@type":"ListItem","position":2,"name":"Shop","item":"https:\/\/yasminfood.ch\/de\/shop\/"},{"@type":"ListItem","position":3,"name":"Gew\u00fcrze &amp; N\u00fcsse","item":"https:\/\/yasminfood.ch\/de\/produkt-kategorie\/gewuerze-nuesse\/"},{"@type":"ListItem","position":4,"name":"Ingwerbohnen-Sklave 50g"}]},{"@type":"WebSite","@id":"https:\/\/yasminfood.ch\/de\/#website","url":"https:\/\/yasminfood.ch\/de\/","name":"\u064a\u0627\u0633\u0645\u064a\u0646 \u0645\u0627\u0631\u0643\u062a","description":"Alles, was Sie brauchen, an einem Ort","publisher":{"@id":"https:\/\/yasminfood.ch\/de\/#organization"},"alternateName":"Yasmin Food","potentialAction":[{"@type":"SearchAction","target":{"@type":"EntryPoint","urlTemplate":"https:\/\/yasminfood.ch\/de\/?s={search_term_string}"},"query-input":{"@type":"PropertyValueSpecification","valueRequired":true,"valueName":"search_term_string"}}],"inLanguage":"de"},{"@type":"Organization","@id":"https:\/\/yasminfood.ch\/de\/#organization","name":"\u064a\u0627\u0633\u0645\u064a\u0646 \u0645\u0627\u0631\u0643\u062a","alternateName":"Yasmin Food","url":"https:\/\/yasminfood.ch\/de\/","logo":{"@type":"ImageObject","inLanguage":"de","@id":"https:\/\/yasminfood.ch\/de\/#\/schema\/logo\/image\/","url":"https:\/\/yasminfood.ch\/wp-content\/uploads\/2025\/05\/yasmin-food-header-logo.png","contentUrl":"https:\/\/yasminfood.ch\/wp-content\/uploads\/2025\/05\/yasmin-food-header-logo.png","width":330,"height":120,"caption":"\u064a\u0627\u0633\u0645\u064a\u0646 \u0645\u0627\u0631\u0643\u062a"},"image":{"@id":"https:\/\/yasminfood.ch\/de\/#\/schema\/logo\/image\/"},"sameAs":["https:\/\/www.facebook.com\/yasminmarkt1","https:\/\/www.tiktok.com\/@yasminmarkt","https:\/\/www.instagram.com\/yasmin.markt1\/","https:\/\/api.whatsapp.com\/send\/?phone=41799000104"],"publishingPrinciples":"https:\/\/yasminfood.ch\/de\/shop\/","ownershipFundingInfo":"https:\/\/yasminfood.ch\/de\/shop\/"}]},"product_price_amount":"2.95","product_price_currency":"CHF","og_availability":"instock","product_availability":"instock","product_condition":"new"},"jetpack_sharing_enabled":true,"_links":{"self":[{"href":"https:\/\/yasminfood.ch\/de\/wp-json\/wp\/v2\/product\/121475","targetHints":{"allow":["GET"]}}],"collection":[{"href":"https:\/\/yasminfood.ch\/de\/wp-json\/wp\/v2\/product"}],"about":[{"href":"https:\/\/yasminfood.ch\/de\/wp-json\/wp\/v2\/types\/product"}],"replies":[{"embeddable":true,"href":"https:\/\/yasminfood.ch\/de\/wp-json\/wp\/v2\/comments?post=121475"}],"version-history":[{"count":1,"href":"https:\/\/yasminfood.ch\/de\/wp-json\/wp\/v2\/product\/121475\/revisions"}],"predecessor-version":[{"id":121481,"href":"https:\/\/yasminfood.ch\/de\/wp-json\/wp\/v2\/product\/121475\/revisions\/121481"}],"wp:featuredmedia":[{"embeddable":true,"href":"https:\/\/yasminfood.ch\/de\/wp-json\/wp\/v2\/media\/121477"}],"wp:attachment":[{"href":"https:\/\/yasminfood.ch\/de\/wp-json\/wp\/v2\/media?parent=121475"}],"wp:term":[{"taxonomy":"product_brand","embeddable":true,"href":"https:\/\/yasminfood.ch\/de\/wp-json\/wp\/v2\/product_brand?post=121475"},{"taxonomy":"product_cat","embeddable":true,"href":"https:\/\/yasminfood.ch\/de\/wp-json\/wp\/v2\/product_cat?post=121475"},{"taxonomy":"product_tag","embeddable":true,"href":"https:\/\/yasminfood.ch\/de\/wp-json\/wp\/v2\/product_tag?post=121475"}],"curies":[{"name":"wp","href":"https:\/\/api.w.org\/{rel}","templated":true}]}}