{"id":121478,"date":"2026-02-19T09:13:03","date_gmt":"2026-02-19T08:13:03","guid":{"rendered":"https:\/\/yasminfood.ch\/product\/grobe-rote-paprika-obeido-50g\/"},"modified":"2026-02-19T09:16:25","modified_gmt":"2026-02-19T08:16:25","slug":"grobe-rote-paprika-obeido-50g","status":"publish","type":"product","link":"https:\/\/yasminfood.ch\/de\/product\/grobe-rote-paprika-obeido-50g\/","title":{"rendered":"Grobe rote Paprika Obeido 50g"},"content":{"rendered":"<p data-start=\"0\" data-end=\"31\"><strong data-start=\"0\" data-end=\"31\">Grobe rote Paprika Obeido 50g<\/strong><\/p>\n<ul>\n<li data-start=\"33\" data-end=\"231\">\n<p data-start=\"33\" data-end=\"231\">Sorgf\u00e4ltig zerdr\u00fcckt, um eine klare Textur und einen starken, ausgewogenen Geschmack zu erhalten.<\/p>\n<\/li>\n<li data-start=\"33\" data-end=\"231\">\n<p data-start=\"33\" data-end=\"231\">Sie hat eine satte rote Farbe und einen w\u00fcrzigen Geschmack, der den Geschmack verschiedener Rezepte verst\u00e4rkt.<\/p>\n<p data-start=\"233\" data-end=\"246\"><strong data-start=\"233\" data-end=\"246\">Funktionen:<\/strong><\/p>\n<ul data-start=\"247\" data-end=\"480\">\n<li data-start=\"247\" data-end=\"281\">\n<p data-start=\"249\" data-end=\"281\">Zersto\u00dfener roter Pfeffer mit klarer, grober Textur<\/p>\n<\/li>\n<li data-start=\"282\" data-end=\"315\">\n<p data-start=\"284\" data-end=\"315\">Starker w\u00fcrziger Geschmack und leuchtend rote Farbe<\/p>\n<\/li>\n<li data-start=\"316\" data-end=\"372\">\n<p data-start=\"318\" data-end=\"372\">Perfekt f\u00fcr Pizza, Pasta, So\u00dfen, Shawarma und Grills <\/p>\n<\/li>\n<li data-start=\"373\" data-end=\"429\">\n<p data-start=\"375\" data-end=\"429\">Geeignet zum direkten Bespr\u00fchen auf Geschirr oder zum Zuf\u00fcgen w\u00e4hrend des Kochens<\/p>\n<\/li>\n<li data-start=\"430\" data-end=\"462\">\n<p data-start=\"432\" data-end=\"462\">Praktische Verpackung h\u00e4lt frisch<\/p>\n<\/li>\n<li data-start=\"463\" data-end=\"480\">\n<p data-start=\"465\" data-end=\"480\">Libanesische Industrie<\/p>\n<\/li>\n<\/ul>\n<p data-start=\"482\" data-end=\"599\"><strong data-start=\"482\" data-end=\"502\">Wie man verwendet:<\/strong><br data-start=\"502\" data-end=\"505\">Verwenden Sie die gew\u00fcnschte Temperatur, sowohl beim Kochen als auch als letzten Schliff vor dem Servieren. <\/p>\n<\/li>\n<\/ul>\n","protected":false},"excerpt":{"rendered":"<p data-start=\"0\" data-end=\"31\"><strong data-start=\"0\" data-end=\"31\">Grobe rote Paprika Obeido 50g<\/strong><\/p>\n<ul>\n<li data-start=\"33\" data-end=\"231\">\n<p data-start=\"33\" data-end=\"231\">Sorgf\u00e4ltig zerdr\u00fcckt, um eine klare Textur und einen starken, ausgewogenen Geschmack zu erhalten.<\/p>\n<\/li>\n<li data-start=\"33\" data-end=\"231\">\n<p data-start=\"33\" data-end=\"231\">Sie hat eine satte rote Farbe und einen w\u00fcrzigen Geschmack, der den Geschmack verschiedener Rezepte verst\u00e4rkt.<\/p>\n<\/li>\n<\/ul>\n","protected":false},"featured_media":121479,"comment_status":"open","ping_status":"closed","template":"","meta":[],"product_brand":[2354],"product_cat":[360,356],"product_tag":[],"class_list":{"0":"post-121478","1":"product","2":"type-product","3":"status-publish","4":"has-post-thumbnail","6":"product_brand-abido","7":"product_cat-gewurze","8":"product_cat-gewuerze-nuesse","10":"first","11":"instock","12":"taxable","13":"shipping-taxable","14":"purchasable","15":"product-type-simple"},"yoast_head":"<!-- This site is optimized with the Yoast SEO Premium plugin v26.5 (Yoast SEO v27.3) - https:\/\/yoast.com\/product\/yoast-seo-premium-wordpress\/ -->\n<title>Grobe rote Paprika Obeido 50g - Yasmin Food<\/title>\n<meta name=\"description\" content=\"Grobe rote Paprika Obeido 50g wird sorgf\u00e4ltig gemahlen, um eine klare Textur und einen starken, ausgewogenen Geschmack zu erhalten. Er hat eine reiche rote Farbe und einen w\u00fcrzigen Geschmack, der den Geschmack verschiedener Rezepte verst\u00e4rkt.\" \/>\n<meta name=\"robots\" content=\"index, follow, max-snippet:-1, max-image-preview:large, max-video-preview:-1\" \/>\n<link rel=\"canonical\" href=\"https:\/\/yasminfood.ch\/de\/product\/grobe-rote-paprika-obeido-50g\/\" \/>\n<meta property=\"og:locale\" content=\"de_DE\" \/>\n<meta property=\"og:type\" content=\"article\" \/>\n<meta property=\"og:title\" content=\"Grobe rote Paprika Obeido 50g\" \/>\n<meta property=\"og:description\" content=\"Grobe rote Paprika Obeido 50g   Sorgf\u00e4ltig zerdr\u00fcckt, um eine klare Textur und einen starken, ausgewogenen Geschmack zu erhalten.   Sie hat eine satte rote Farbe und einen w\u00fcrzigen Geschmack, der den Geschmack verschiedener Rezepte verst\u00e4rkt.\" \/>\n<meta property=\"og:url\" content=\"https:\/\/yasminfood.ch\/de\/product\/grobe-rote-paprika-obeido-50g\/\" \/>\n<meta property=\"og:site_name\" content=\"Yasmin Food\" \/>\n<meta property=\"article:publisher\" content=\"https:\/\/www.facebook.com\/yasminmarkt1\" \/>\n<meta property=\"article:modified_time\" content=\"2026-02-19T08:16:25+00:00\" \/>\n<meta property=\"og:image\" content=\"https:\/\/yasminfood.ch\/wp-content\/uploads\/2026\/02\/\u0641\u0644\u0641\u0644-\u0623\u062d\u0645\u0631-\u062d\u0627\u0631-\u062e\u0634\u0646-\u0639\u0628\u064a\u062f\u0648-50\u063a.png\" \/>\n\t<meta property=\"og:image:width\" content=\"1080\" \/>\n\t<meta property=\"og:image:height\" content=\"1080\" \/>\n\t<meta property=\"og:image:type\" content=\"image\/png\" \/>\n<meta name=\"twitter:card\" content=\"summary_large_image\" \/>\n<meta name=\"twitter:label1\" content=\"Preis\" \/>\n\t<meta name=\"twitter:data1\" content=\"2.50&nbsp;&#067;&#072;&#070;\" \/>\n\t<meta name=\"twitter:label2\" content=\"Verf\u00fcgbarkeit\" \/>\n\t<meta name=\"twitter:data2\" content=\"Auf Lager\" \/>\n<script type=\"application\/ld+json\" class=\"yoast-schema-graph\">{\"@context\":\"https:\\\/\\\/schema.org\",\"@graph\":[{\"@type\":\"WebPage\",\"@id\":\"https:\\\/\\\/yasminfood.ch\\\/de\\\/product\\\/grobe-rote-paprika-obeido-50g\\\/\",\"url\":\"https:\\\/\\\/yasminfood.ch\\\/de\\\/product\\\/grobe-rote-paprika-obeido-50g\\\/\",\"name\":\"Grobe rote Paprika Obeido 50g - Yasmin Food\",\"isPartOf\":{\"@id\":\"https:\\\/\\\/yasminfood.ch\\\/de\\\/#website\"},\"primaryImageOfPage\":{\"@id\":\"https:\\\/\\\/yasminfood.ch\\\/de\\\/product\\\/grobe-rote-paprika-obeido-50g\\\/#primaryimage\"},\"image\":{\"@id\":\"https:\\\/\\\/yasminfood.ch\\\/de\\\/product\\\/grobe-rote-paprika-obeido-50g\\\/#primaryimage\"},\"thumbnailUrl\":\"https:\\\/\\\/yasminfood.ch\\\/wp-content\\\/uploads\\\/2026\\\/02\\\/\u0641\u0644\u0641\u0644-\u0623\u062d\u0645\u0631-\u062d\u0627\u0631-\u062e\u0634\u0646-\u0639\u0628\u064a\u062f\u0648-50\u063a.png\",\"datePublished\":\"2026-02-19T08:13:03+00:00\",\"dateModified\":\"2026-02-19T08:16:25+00:00\",\"description\":\"Grobe rote Paprika Obeido 50g wird sorgf\u00e4ltig gemahlen, um eine klare Textur und einen starken, ausgewogenen Geschmack zu erhalten. Er hat eine reiche rote Farbe und einen w\u00fcrzigen Geschmack, der den Geschmack verschiedener Rezepte verst\u00e4rkt.\",\"breadcrumb\":{\"@id\":\"https:\\\/\\\/yasminfood.ch\\\/de\\\/product\\\/grobe-rote-paprika-obeido-50g\\\/#breadcrumb\"},\"inLanguage\":\"de\",\"potentialAction\":[{\"@type\":\"ReadAction\",\"target\":[\"https:\\\/\\\/yasminfood.ch\\\/de\\\/product\\\/grobe-rote-paprika-obeido-50g\\\/\"]}]},{\"@type\":\"ImageObject\",\"inLanguage\":\"de\",\"@id\":\"https:\\\/\\\/yasminfood.ch\\\/de\\\/product\\\/grobe-rote-paprika-obeido-50g\\\/#primaryimage\",\"url\":\"https:\\\/\\\/yasminfood.ch\\\/wp-content\\\/uploads\\\/2026\\\/02\\\/\u0641\u0644\u0641\u0644-\u0623\u062d\u0645\u0631-\u062d\u0627\u0631-\u062e\u0634\u0646-\u0639\u0628\u064a\u062f\u0648-50\u063a.png\",\"contentUrl\":\"https:\\\/\\\/yasminfood.ch\\\/wp-content\\\/uploads\\\/2026\\\/02\\\/\u0641\u0644\u0641\u0644-\u0623\u062d\u0645\u0631-\u062d\u0627\u0631-\u062e\u0634\u0646-\u0639\u0628\u064a\u062f\u0648-50\u063a.png\",\"width\":1080,\"height\":1080,\"caption\":\"Grobe rote Paprika Obeido 50g\"},{\"@type\":\"BreadcrumbList\",\"@id\":\"https:\\\/\\\/yasminfood.ch\\\/de\\\/product\\\/grobe-rote-paprika-obeido-50g\\\/#breadcrumb\",\"itemListElement\":[{\"@type\":\"ListItem\",\"position\":1,\"name\":\"\u0627\u0644\u0631\u0626\u064a\u0633\u064a\u0629\",\"item\":\"https:\\\/\\\/yasminfood.ch\\\/de\\\/zuhause\\\/\"},{\"@type\":\"ListItem\",\"position\":2,\"name\":\"Shop\",\"item\":\"https:\\\/\\\/yasminfood.ch\\\/de\\\/shop\\\/\"},{\"@type\":\"ListItem\",\"position\":3,\"name\":\"Gew\u00fcrze &amp; N\u00fcsse\",\"item\":\"https:\\\/\\\/yasminfood.ch\\\/de\\\/produkt-kategorie\\\/gewuerze-nuesse\\\/\"},{\"@type\":\"ListItem\",\"position\":4,\"name\":\"Grobe rote Paprika Obeido 50g\"}]},{\"@type\":\"WebSite\",\"@id\":\"https:\\\/\\\/yasminfood.ch\\\/de\\\/#website\",\"url\":\"https:\\\/\\\/yasminfood.ch\\\/de\\\/\",\"name\":\"\u064a\u0627\u0633\u0645\u064a\u0646 \u0645\u0627\u0631\u0643\u062a\",\"description\":\"Alles, was Sie brauchen, an einem Ort\",\"publisher\":{\"@id\":\"https:\\\/\\\/yasminfood.ch\\\/de\\\/#organization\"},\"alternateName\":\"Yasmin Food\",\"potentialAction\":[{\"@type\":\"SearchAction\",\"target\":{\"@type\":\"EntryPoint\",\"urlTemplate\":\"https:\\\/\\\/yasminfood.ch\\\/de\\\/?s={search_term_string}\"},\"query-input\":{\"@type\":\"PropertyValueSpecification\",\"valueRequired\":true,\"valueName\":\"search_term_string\"}}],\"inLanguage\":\"de\"},{\"@type\":\"Organization\",\"@id\":\"https:\\\/\\\/yasminfood.ch\\\/de\\\/#organization\",\"name\":\"\u064a\u0627\u0633\u0645\u064a\u0646 \u0645\u0627\u0631\u0643\u062a\",\"alternateName\":\"Yasmin Food\",\"url\":\"https:\\\/\\\/yasminfood.ch\\\/de\\\/\",\"logo\":{\"@type\":\"ImageObject\",\"inLanguage\":\"de\",\"@id\":\"https:\\\/\\\/yasminfood.ch\\\/de\\\/#\\\/schema\\\/logo\\\/image\\\/\",\"url\":\"https:\\\/\\\/yasminfood.ch\\\/wp-content\\\/uploads\\\/2025\\\/05\\\/yasmin-food-header-logo.png\",\"contentUrl\":\"https:\\\/\\\/yasminfood.ch\\\/wp-content\\\/uploads\\\/2025\\\/05\\\/yasmin-food-header-logo.png\",\"width\":330,\"height\":120,\"caption\":\"\u064a\u0627\u0633\u0645\u064a\u0646 \u0645\u0627\u0631\u0643\u062a\"},\"image\":{\"@id\":\"https:\\\/\\\/yasminfood.ch\\\/de\\\/#\\\/schema\\\/logo\\\/image\\\/\"},\"sameAs\":[\"https:\\\/\\\/www.facebook.com\\\/yasminmarkt1\",\"https:\\\/\\\/www.tiktok.com\\\/@yasminmarkt\",\"https:\\\/\\\/www.instagram.com\\\/yasmin.markt1\\\/\",\"https:\\\/\\\/api.whatsapp.com\\\/send\\\/?phone=41799000104\"],\"publishingPrinciples\":\"https:\\\/\\\/yasminfood.ch\\\/de\\\/shop\\\/\",\"ownershipFundingInfo\":\"https:\\\/\\\/yasminfood.ch\\\/de\\\/shop\\\/\"}]}<\/script>\n<meta property=\"product:price:amount\" content=\"2.50\" \/>\n<meta property=\"product:price:currency\" content=\"CHF\" \/>\n<meta property=\"og:availability\" content=\"instock\" \/>\n<meta property=\"product:availability\" content=\"instock\" \/>\n<meta property=\"product:condition\" content=\"new\" \/>\n<!-- \/ Yoast SEO Premium plugin. -->","yoast_head_json":{"title":"Grobe rote Paprika Obeido 50g - Yasmin Food","description":"Grobe rote Paprika Obeido 50g wird sorgf\u00e4ltig gemahlen, um eine klare Textur und einen starken, ausgewogenen Geschmack zu erhalten. Er hat eine reiche rote Farbe und einen w\u00fcrzigen Geschmack, der den Geschmack verschiedener Rezepte verst\u00e4rkt.","robots":{"index":"index","follow":"follow","max-snippet":"max-snippet:-1","max-image-preview":"max-image-preview:large","max-video-preview":"max-video-preview:-1"},"canonical":"https:\/\/yasminfood.ch\/de\/product\/grobe-rote-paprika-obeido-50g\/","og_locale":"de_DE","og_type":"article","og_title":"Grobe rote Paprika Obeido 50g","og_description":"Grobe rote Paprika Obeido 50g   Sorgf\u00e4ltig zerdr\u00fcckt, um eine klare Textur und einen starken, ausgewogenen Geschmack zu erhalten.   Sie hat eine satte rote Farbe und einen w\u00fcrzigen Geschmack, der den Geschmack verschiedener Rezepte verst\u00e4rkt.","og_url":"https:\/\/yasminfood.ch\/de\/product\/grobe-rote-paprika-obeido-50g\/","og_site_name":"Yasmin Food","article_publisher":"https:\/\/www.facebook.com\/yasminmarkt1","article_modified_time":"2026-02-19T08:16:25+00:00","og_image":[{"width":1080,"height":1080,"url":"https:\/\/yasminfood.ch\/wp-content\/uploads\/2026\/02\/\u0641\u0644\u0641\u0644-\u0623\u062d\u0645\u0631-\u062d\u0627\u0631-\u062e\u0634\u0646-\u0639\u0628\u064a\u062f\u0648-50\u063a.png","type":"image\/png"}],"twitter_card":"summary_large_image","twitter_misc":{"Preis":"2.50&nbsp;&#67;&#72;&#70;","Verf\u00fcgbarkeit":"Auf Lager"},"schema":{"@context":"https:\/\/schema.org","@graph":[{"@type":"WebPage","@id":"https:\/\/yasminfood.ch\/de\/product\/grobe-rote-paprika-obeido-50g\/","url":"https:\/\/yasminfood.ch\/de\/product\/grobe-rote-paprika-obeido-50g\/","name":"Grobe rote Paprika Obeido 50g - Yasmin Food","isPartOf":{"@id":"https:\/\/yasminfood.ch\/de\/#website"},"primaryImageOfPage":{"@id":"https:\/\/yasminfood.ch\/de\/product\/grobe-rote-paprika-obeido-50g\/#primaryimage"},"image":{"@id":"https:\/\/yasminfood.ch\/de\/product\/grobe-rote-paprika-obeido-50g\/#primaryimage"},"thumbnailUrl":"https:\/\/yasminfood.ch\/wp-content\/uploads\/2026\/02\/\u0641\u0644\u0641\u0644-\u0623\u062d\u0645\u0631-\u062d\u0627\u0631-\u062e\u0634\u0646-\u0639\u0628\u064a\u062f\u0648-50\u063a.png","datePublished":"2026-02-19T08:13:03+00:00","dateModified":"2026-02-19T08:16:25+00:00","description":"Grobe rote Paprika Obeido 50g wird sorgf\u00e4ltig gemahlen, um eine klare Textur und einen starken, ausgewogenen Geschmack zu erhalten. Er hat eine reiche rote Farbe und einen w\u00fcrzigen Geschmack, der den Geschmack verschiedener Rezepte verst\u00e4rkt.","breadcrumb":{"@id":"https:\/\/yasminfood.ch\/de\/product\/grobe-rote-paprika-obeido-50g\/#breadcrumb"},"inLanguage":"de","potentialAction":[{"@type":"ReadAction","target":["https:\/\/yasminfood.ch\/de\/product\/grobe-rote-paprika-obeido-50g\/"]}]},{"@type":"ImageObject","inLanguage":"de","@id":"https:\/\/yasminfood.ch\/de\/product\/grobe-rote-paprika-obeido-50g\/#primaryimage","url":"https:\/\/yasminfood.ch\/wp-content\/uploads\/2026\/02\/\u0641\u0644\u0641\u0644-\u0623\u062d\u0645\u0631-\u062d\u0627\u0631-\u062e\u0634\u0646-\u0639\u0628\u064a\u062f\u0648-50\u063a.png","contentUrl":"https:\/\/yasminfood.ch\/wp-content\/uploads\/2026\/02\/\u0641\u0644\u0641\u0644-\u0623\u062d\u0645\u0631-\u062d\u0627\u0631-\u062e\u0634\u0646-\u0639\u0628\u064a\u062f\u0648-50\u063a.png","width":1080,"height":1080,"caption":"Grobe rote Paprika Obeido 50g"},{"@type":"BreadcrumbList","@id":"https:\/\/yasminfood.ch\/de\/product\/grobe-rote-paprika-obeido-50g\/#breadcrumb","itemListElement":[{"@type":"ListItem","position":1,"name":"\u0627\u0644\u0631\u0626\u064a\u0633\u064a\u0629","item":"https:\/\/yasminfood.ch\/de\/zuhause\/"},{"@type":"ListItem","position":2,"name":"Shop","item":"https:\/\/yasminfood.ch\/de\/shop\/"},{"@type":"ListItem","position":3,"name":"Gew\u00fcrze &amp; N\u00fcsse","item":"https:\/\/yasminfood.ch\/de\/produkt-kategorie\/gewuerze-nuesse\/"},{"@type":"ListItem","position":4,"name":"Grobe rote Paprika Obeido 50g"}]},{"@type":"WebSite","@id":"https:\/\/yasminfood.ch\/de\/#website","url":"https:\/\/yasminfood.ch\/de\/","name":"\u064a\u0627\u0633\u0645\u064a\u0646 \u0645\u0627\u0631\u0643\u062a","description":"Alles, was Sie brauchen, an einem Ort","publisher":{"@id":"https:\/\/yasminfood.ch\/de\/#organization"},"alternateName":"Yasmin Food","potentialAction":[{"@type":"SearchAction","target":{"@type":"EntryPoint","urlTemplate":"https:\/\/yasminfood.ch\/de\/?s={search_term_string}"},"query-input":{"@type":"PropertyValueSpecification","valueRequired":true,"valueName":"search_term_string"}}],"inLanguage":"de"},{"@type":"Organization","@id":"https:\/\/yasminfood.ch\/de\/#organization","name":"\u064a\u0627\u0633\u0645\u064a\u0646 \u0645\u0627\u0631\u0643\u062a","alternateName":"Yasmin Food","url":"https:\/\/yasminfood.ch\/de\/","logo":{"@type":"ImageObject","inLanguage":"de","@id":"https:\/\/yasminfood.ch\/de\/#\/schema\/logo\/image\/","url":"https:\/\/yasminfood.ch\/wp-content\/uploads\/2025\/05\/yasmin-food-header-logo.png","contentUrl":"https:\/\/yasminfood.ch\/wp-content\/uploads\/2025\/05\/yasmin-food-header-logo.png","width":330,"height":120,"caption":"\u064a\u0627\u0633\u0645\u064a\u0646 \u0645\u0627\u0631\u0643\u062a"},"image":{"@id":"https:\/\/yasminfood.ch\/de\/#\/schema\/logo\/image\/"},"sameAs":["https:\/\/www.facebook.com\/yasminmarkt1","https:\/\/www.tiktok.com\/@yasminmarkt","https:\/\/www.instagram.com\/yasmin.markt1\/","https:\/\/api.whatsapp.com\/send\/?phone=41799000104"],"publishingPrinciples":"https:\/\/yasminfood.ch\/de\/shop\/","ownershipFundingInfo":"https:\/\/yasminfood.ch\/de\/shop\/"}]},"product_price_amount":"2.50","product_price_currency":"CHF","og_availability":"instock","product_availability":"instock","product_condition":"new"},"jetpack_sharing_enabled":true,"_links":{"self":[{"href":"https:\/\/yasminfood.ch\/de\/wp-json\/wp\/v2\/product\/121478","targetHints":{"allow":["GET"]}}],"collection":[{"href":"https:\/\/yasminfood.ch\/de\/wp-json\/wp\/v2\/product"}],"about":[{"href":"https:\/\/yasminfood.ch\/de\/wp-json\/wp\/v2\/types\/product"}],"replies":[{"embeddable":true,"href":"https:\/\/yasminfood.ch\/de\/wp-json\/wp\/v2\/comments?post=121478"}],"version-history":[{"count":1,"href":"https:\/\/yasminfood.ch\/de\/wp-json\/wp\/v2\/product\/121478\/revisions"}],"predecessor-version":[{"id":121480,"href":"https:\/\/yasminfood.ch\/de\/wp-json\/wp\/v2\/product\/121478\/revisions\/121480"}],"wp:featuredmedia":[{"embeddable":true,"href":"https:\/\/yasminfood.ch\/de\/wp-json\/wp\/v2\/media\/121479"}],"wp:attachment":[{"href":"https:\/\/yasminfood.ch\/de\/wp-json\/wp\/v2\/media?parent=121478"}],"wp:term":[{"taxonomy":"product_brand","embeddable":true,"href":"https:\/\/yasminfood.ch\/de\/wp-json\/wp\/v2\/product_brand?post=121478"},{"taxonomy":"product_cat","embeddable":true,"href":"https:\/\/yasminfood.ch\/de\/wp-json\/wp\/v2\/product_cat?post=121478"},{"taxonomy":"product_tag","embeddable":true,"href":"https:\/\/yasminfood.ch\/de\/wp-json\/wp\/v2\/product_tag?post=121478"}],"curies":[{"name":"wp","href":"https:\/\/api.w.org\/{rel}","templated":true}]}}