{"id":121482,"date":"2026-02-19T09:15:02","date_gmt":"2026-02-19T08:15:02","guid":{"rendered":"https:\/\/yasminfood.ch\/product\/gegrilltes-rindfleisch-gewuerz-bbq-obeido-50g\/"},"modified":"2026-02-19T09:16:32","modified_gmt":"2026-02-19T08:16:32","slug":"gegrilltes-rindfleisch-gewuerz-bbq-obeido-50g","status":"publish","type":"product","link":"https:\/\/yasminfood.ch\/de\/product\/gegrilltes-rindfleisch-gewuerz-bbq-obeido-50g\/","title":{"rendered":"Gegrilltes Rindfleisch-Gew\u00fcrz (BBQ) Obeido 50g"},"content":{"rendered":"<p data-start=\"0\" data-end=\"41\"><strong data-start=\"0\" data-end=\"41\">Gegrilltes Rindfleisch-Gew\u00fcrz (BBQ) Obeido 50g<\/strong><\/p>\n<ul>\n<li data-start=\"43\" data-end=\"217\">\n<p data-start=\"43\" data-end=\"217\">Eine ausgewogene Mischung sorgf\u00e4ltig ausgew\u00e4hlter Gew\u00fcrze, um den nat\u00fcrlichen Geschmack des Fleisches hervorzuheben und ihm einen k\u00f6stlichen Geschmack und eine ansprechende Farbe zu verleihen.<\/p>\n<p data-start=\"219\" data-end=\"232\"><strong data-start=\"219\" data-end=\"232\">Funktionen:<\/strong><\/p>\n<ul data-start=\"233\" data-end=\"476\">\n<li data-start=\"233\" data-end=\"282\">\n<p data-start=\"235\" data-end=\"282\">Eine professionelle Mischung aus hochwertigen BBQ-Gew\u00fcrzen<\/p>\n<\/li>\n<li data-start=\"283\" data-end=\"325\">\n<p data-start=\"285\" data-end=\"325\">Reichhaltiger, ausgewogener Geschmack mit einer leichten rauchigen Note<\/p>\n<\/li>\n<li data-start=\"326\" data-end=\"370\">\n<p data-start=\"328\" data-end=\"370\">Perfekt, um Fleisch vor dem Grillen oder Braten zu marinieren<\/p>\n<\/li>\n<li data-start=\"371\" data-end=\"423\">\n<p data-start=\"373\" data-end=\"423\">Geeignet f\u00fcr Kebabs, Steaks, Rippchen, Burger und Fleischspie\u00dfe <\/p>\n<\/li>\n<li data-start=\"424\" data-end=\"458\">\n<p data-start=\"426\" data-end=\"458\">Sie l\u00f6st sich leicht auf und verteilt sich homogen<\/p>\n<\/li>\n<li data-start=\"459\" data-end=\"476\">\n<p data-start=\"461\" data-end=\"476\">Libanesische Industrie<\/p>\n<\/li>\n<\/ul>\n<p data-start=\"478\" data-end=\"635\"><strong data-start=\"478\" data-end=\"498\">Wie man verwendet:<\/strong><br data-start=\"498\" data-end=\"501\">Mischen Sie mit etwas \u00d6l oder Zitronensaft und reiben Sie das Fleisch lange vor dem Grillen damit ein, um den Geschmack aufzunehmen, oder streuen Sie es direkt w\u00e4hrend der Zubereitung nach Belieben. <\/p>\n<\/li>\n<\/ul>\n","protected":false},"excerpt":{"rendered":"<p data-start=\"0\" data-end=\"41\"><strong data-start=\"0\" data-end=\"41\">Gegrilltes Rindfleisch-Gew\u00fcrz (BBQ) Obeido 50g<\/strong><\/p>\n<ul>\n<li data-start=\"43\" data-end=\"217\">\n<p data-start=\"43\" data-end=\"217\">Eine ausgewogene Mischung sorgf\u00e4ltig ausgew\u00e4hlter Gew\u00fcrze, um den nat\u00fcrlichen Geschmack des Fleisches hervorzuheben und ihm einen k\u00f6stlichen Geschmack und eine ansprechende Farbe zu verleihen.<\/p>\n<\/li>\n<\/ul>\n","protected":false},"featured_media":121483,"comment_status":"open","ping_status":"closed","template":"","meta":[],"product_brand":[2354],"product_cat":[360,356],"product_tag":[],"class_list":{"0":"post-121482","1":"product","2":"type-product","3":"status-publish","4":"has-post-thumbnail","6":"product_brand-abido","7":"product_cat-gewurze","8":"product_cat-gewuerze-nuesse","10":"first","11":"instock","12":"taxable","13":"shipping-taxable","14":"purchasable","15":"product-type-simple"},"yoast_head":"<!-- This site is optimized with the Yoast SEO Premium plugin v26.5 (Yoast SEO v27.3) - https:\/\/yoast.com\/product\/yoast-seo-premium-wordpress\/ -->\n<title>Gegrilltes Rindfleisch-Gew\u00fcrz (BBQ) Obeido 50g - Yasmin Food<\/title>\n<meta name=\"description\" content=\"Eine ausgewogene Mischung sorgf\u00e4ltig ausgew\u00e4hlter Gew\u00fcrze, um den nat\u00fcrlichen Geschmack des Fleisches hervorzuheben und ihm einen k\u00f6stlichen Geschmack und eine ansprechende Farbe zu verleihen.\" \/>\n<meta name=\"robots\" content=\"index, follow, max-snippet:-1, max-image-preview:large, max-video-preview:-1\" \/>\n<link rel=\"canonical\" href=\"https:\/\/yasminfood.ch\/de\/product\/gegrilltes-rindfleisch-gewuerz-bbq-obeido-50g\/\" \/>\n<meta property=\"og:locale\" content=\"de_DE\" \/>\n<meta property=\"og:type\" content=\"article\" \/>\n<meta property=\"og:title\" content=\"Gegrilltes Rindfleisch-Gew\u00fcrz (BBQ) Obeido 50g\" \/>\n<meta property=\"og:description\" content=\"Gegrilltes Rindfleisch-Gew\u00fcrz (BBQ) Obeido 50g   Eine ausgewogene Mischung sorgf\u00e4ltig ausgew\u00e4hlter Gew\u00fcrze, um den nat\u00fcrlichen Geschmack des Fleisches hervorzuheben und ihm einen k\u00f6stlichen Geschmack und eine ansprechende Farbe zu verleihen.\" \/>\n<meta property=\"og:url\" content=\"https:\/\/yasminfood.ch\/de\/product\/gegrilltes-rindfleisch-gewuerz-bbq-obeido-50g\/\" \/>\n<meta property=\"og:site_name\" content=\"Yasmin Food\" \/>\n<meta property=\"article:publisher\" content=\"https:\/\/www.facebook.com\/yasminmarkt1\" \/>\n<meta property=\"article:modified_time\" content=\"2026-02-19T08:16:32+00:00\" \/>\n<meta property=\"og:image\" content=\"https:\/\/yasminfood.ch\/wp-content\/uploads\/2026\/02\/\u0628\u0647\u0627\u0631-\u0627\u0644\u0644\u062d\u0645-\u0627\u0644\u0645\u0634\u0648\u064a-\u0628\u0627\u0631\u0628\u0643\u064a\u0648-\u0639\u0628\u064a\u062f\u0648-50\u063a.png\" \/>\n\t<meta property=\"og:image:width\" content=\"1080\" \/>\n\t<meta property=\"og:image:height\" content=\"1080\" \/>\n\t<meta property=\"og:image:type\" content=\"image\/png\" \/>\n<meta name=\"twitter:card\" content=\"summary_large_image\" \/>\n<meta name=\"twitter:label1\" content=\"Preis\" \/>\n\t<meta name=\"twitter:data1\" content=\"2.50&nbsp;&#067;&#072;&#070;\" \/>\n\t<meta name=\"twitter:label2\" content=\"Verf\u00fcgbarkeit\" \/>\n\t<meta name=\"twitter:data2\" content=\"Auf Lager\" \/>\n<script type=\"application\/ld+json\" class=\"yoast-schema-graph\">{\"@context\":\"https:\\\/\\\/schema.org\",\"@graph\":[{\"@type\":\"WebPage\",\"@id\":\"https:\\\/\\\/yasminfood.ch\\\/de\\\/product\\\/gegrilltes-rindfleisch-gewuerz-bbq-obeido-50g\\\/\",\"url\":\"https:\\\/\\\/yasminfood.ch\\\/de\\\/product\\\/gegrilltes-rindfleisch-gewuerz-bbq-obeido-50g\\\/\",\"name\":\"Gegrilltes Rindfleisch-Gew\u00fcrz (BBQ) Obeido 50g - Yasmin Food\",\"isPartOf\":{\"@id\":\"https:\\\/\\\/yasminfood.ch\\\/de\\\/#website\"},\"primaryImageOfPage\":{\"@id\":\"https:\\\/\\\/yasminfood.ch\\\/de\\\/product\\\/gegrilltes-rindfleisch-gewuerz-bbq-obeido-50g\\\/#primaryimage\"},\"image\":{\"@id\":\"https:\\\/\\\/yasminfood.ch\\\/de\\\/product\\\/gegrilltes-rindfleisch-gewuerz-bbq-obeido-50g\\\/#primaryimage\"},\"thumbnailUrl\":\"https:\\\/\\\/yasminfood.ch\\\/wp-content\\\/uploads\\\/2026\\\/02\\\/\u0628\u0647\u0627\u0631-\u0627\u0644\u0644\u062d\u0645-\u0627\u0644\u0645\u0634\u0648\u064a-\u0628\u0627\u0631\u0628\u0643\u064a\u0648-\u0639\u0628\u064a\u062f\u0648-50\u063a.png\",\"datePublished\":\"2026-02-19T08:15:02+00:00\",\"dateModified\":\"2026-02-19T08:16:32+00:00\",\"description\":\"Eine ausgewogene Mischung sorgf\u00e4ltig ausgew\u00e4hlter Gew\u00fcrze, um den nat\u00fcrlichen Geschmack des Fleisches hervorzuheben und ihm einen k\u00f6stlichen Geschmack und eine ansprechende Farbe zu verleihen.\",\"breadcrumb\":{\"@id\":\"https:\\\/\\\/yasminfood.ch\\\/de\\\/product\\\/gegrilltes-rindfleisch-gewuerz-bbq-obeido-50g\\\/#breadcrumb\"},\"inLanguage\":\"de\",\"potentialAction\":[{\"@type\":\"ReadAction\",\"target\":[\"https:\\\/\\\/yasminfood.ch\\\/de\\\/product\\\/gegrilltes-rindfleisch-gewuerz-bbq-obeido-50g\\\/\"]}]},{\"@type\":\"ImageObject\",\"inLanguage\":\"de\",\"@id\":\"https:\\\/\\\/yasminfood.ch\\\/de\\\/product\\\/gegrilltes-rindfleisch-gewuerz-bbq-obeido-50g\\\/#primaryimage\",\"url\":\"https:\\\/\\\/yasminfood.ch\\\/wp-content\\\/uploads\\\/2026\\\/02\\\/\u0628\u0647\u0627\u0631-\u0627\u0644\u0644\u062d\u0645-\u0627\u0644\u0645\u0634\u0648\u064a-\u0628\u0627\u0631\u0628\u0643\u064a\u0648-\u0639\u0628\u064a\u062f\u0648-50\u063a.png\",\"contentUrl\":\"https:\\\/\\\/yasminfood.ch\\\/wp-content\\\/uploads\\\/2026\\\/02\\\/\u0628\u0647\u0627\u0631-\u0627\u0644\u0644\u062d\u0645-\u0627\u0644\u0645\u0634\u0648\u064a-\u0628\u0627\u0631\u0628\u0643\u064a\u0648-\u0639\u0628\u064a\u062f\u0648-50\u063a.png\",\"width\":1080,\"height\":1080,\"caption\":\"Gegrilltes Rindfleisch-Gew\u00fcrz (BBQ) Obeido 50g\"},{\"@type\":\"BreadcrumbList\",\"@id\":\"https:\\\/\\\/yasminfood.ch\\\/de\\\/product\\\/gegrilltes-rindfleisch-gewuerz-bbq-obeido-50g\\\/#breadcrumb\",\"itemListElement\":[{\"@type\":\"ListItem\",\"position\":1,\"name\":\"\u0627\u0644\u0631\u0626\u064a\u0633\u064a\u0629\",\"item\":\"https:\\\/\\\/yasminfood.ch\\\/de\\\/zuhause\\\/\"},{\"@type\":\"ListItem\",\"position\":2,\"name\":\"Shop\",\"item\":\"https:\\\/\\\/yasminfood.ch\\\/de\\\/shop\\\/\"},{\"@type\":\"ListItem\",\"position\":3,\"name\":\"Gegrilltes Rindfleisch-Gew\u00fcrz (BBQ) Obeido 50g\"}]},{\"@type\":\"WebSite\",\"@id\":\"https:\\\/\\\/yasminfood.ch\\\/de\\\/#website\",\"url\":\"https:\\\/\\\/yasminfood.ch\\\/de\\\/\",\"name\":\"\u064a\u0627\u0633\u0645\u064a\u0646 \u0645\u0627\u0631\u0643\u062a\",\"description\":\"Alles, was Sie brauchen, an einem Ort\",\"publisher\":{\"@id\":\"https:\\\/\\\/yasminfood.ch\\\/de\\\/#organization\"},\"alternateName\":\"Yasmin Food\",\"potentialAction\":[{\"@type\":\"SearchAction\",\"target\":{\"@type\":\"EntryPoint\",\"urlTemplate\":\"https:\\\/\\\/yasminfood.ch\\\/de\\\/?s={search_term_string}\"},\"query-input\":{\"@type\":\"PropertyValueSpecification\",\"valueRequired\":true,\"valueName\":\"search_term_string\"}}],\"inLanguage\":\"de\"},{\"@type\":\"Organization\",\"@id\":\"https:\\\/\\\/yasminfood.ch\\\/de\\\/#organization\",\"name\":\"\u064a\u0627\u0633\u0645\u064a\u0646 \u0645\u0627\u0631\u0643\u062a\",\"alternateName\":\"Yasmin Food\",\"url\":\"https:\\\/\\\/yasminfood.ch\\\/de\\\/\",\"logo\":{\"@type\":\"ImageObject\",\"inLanguage\":\"de\",\"@id\":\"https:\\\/\\\/yasminfood.ch\\\/de\\\/#\\\/schema\\\/logo\\\/image\\\/\",\"url\":\"https:\\\/\\\/yasminfood.ch\\\/wp-content\\\/uploads\\\/2025\\\/05\\\/yasmin-food-header-logo.png\",\"contentUrl\":\"https:\\\/\\\/yasminfood.ch\\\/wp-content\\\/uploads\\\/2025\\\/05\\\/yasmin-food-header-logo.png\",\"width\":330,\"height\":120,\"caption\":\"\u064a\u0627\u0633\u0645\u064a\u0646 \u0645\u0627\u0631\u0643\u062a\"},\"image\":{\"@id\":\"https:\\\/\\\/yasminfood.ch\\\/de\\\/#\\\/schema\\\/logo\\\/image\\\/\"},\"sameAs\":[\"https:\\\/\\\/www.facebook.com\\\/yasminmarkt1\",\"https:\\\/\\\/www.tiktok.com\\\/@yasminmarkt\",\"https:\\\/\\\/www.instagram.com\\\/yasmin.markt1\\\/\",\"https:\\\/\\\/api.whatsapp.com\\\/send\\\/?phone=41799000104\"],\"publishingPrinciples\":\"https:\\\/\\\/yasminfood.ch\\\/de\\\/shop\\\/\",\"ownershipFundingInfo\":\"https:\\\/\\\/yasminfood.ch\\\/de\\\/shop\\\/\"}]}<\/script>\n<meta property=\"product:price:amount\" content=\"2.50\" \/>\n<meta property=\"product:price:currency\" content=\"CHF\" \/>\n<meta property=\"og:availability\" content=\"instock\" \/>\n<meta property=\"product:availability\" content=\"instock\" \/>\n<meta property=\"product:condition\" content=\"new\" \/>\n<!-- \/ Yoast SEO Premium plugin. -->","yoast_head_json":{"title":"Gegrilltes Rindfleisch-Gew\u00fcrz (BBQ) Obeido 50g - Yasmin Food","description":"Eine ausgewogene Mischung sorgf\u00e4ltig ausgew\u00e4hlter Gew\u00fcrze, um den nat\u00fcrlichen Geschmack des Fleisches hervorzuheben und ihm einen k\u00f6stlichen Geschmack und eine ansprechende Farbe zu verleihen.","robots":{"index":"index","follow":"follow","max-snippet":"max-snippet:-1","max-image-preview":"max-image-preview:large","max-video-preview":"max-video-preview:-1"},"canonical":"https:\/\/yasminfood.ch\/de\/product\/gegrilltes-rindfleisch-gewuerz-bbq-obeido-50g\/","og_locale":"de_DE","og_type":"article","og_title":"Gegrilltes Rindfleisch-Gew\u00fcrz (BBQ) Obeido 50g","og_description":"Gegrilltes Rindfleisch-Gew\u00fcrz (BBQ) Obeido 50g   Eine ausgewogene Mischung sorgf\u00e4ltig ausgew\u00e4hlter Gew\u00fcrze, um den nat\u00fcrlichen Geschmack des Fleisches hervorzuheben und ihm einen k\u00f6stlichen Geschmack und eine ansprechende Farbe zu verleihen.","og_url":"https:\/\/yasminfood.ch\/de\/product\/gegrilltes-rindfleisch-gewuerz-bbq-obeido-50g\/","og_site_name":"Yasmin Food","article_publisher":"https:\/\/www.facebook.com\/yasminmarkt1","article_modified_time":"2026-02-19T08:16:32+00:00","og_image":[{"width":1080,"height":1080,"url":"https:\/\/yasminfood.ch\/wp-content\/uploads\/2026\/02\/\u0628\u0647\u0627\u0631-\u0627\u0644\u0644\u062d\u0645-\u0627\u0644\u0645\u0634\u0648\u064a-\u0628\u0627\u0631\u0628\u0643\u064a\u0648-\u0639\u0628\u064a\u062f\u0648-50\u063a.png","type":"image\/png"}],"twitter_card":"summary_large_image","twitter_misc":{"Preis":"2.50&nbsp;&#67;&#72;&#70;","Verf\u00fcgbarkeit":"Auf Lager"},"schema":{"@context":"https:\/\/schema.org","@graph":[{"@type":"WebPage","@id":"https:\/\/yasminfood.ch\/de\/product\/gegrilltes-rindfleisch-gewuerz-bbq-obeido-50g\/","url":"https:\/\/yasminfood.ch\/de\/product\/gegrilltes-rindfleisch-gewuerz-bbq-obeido-50g\/","name":"Gegrilltes Rindfleisch-Gew\u00fcrz (BBQ) Obeido 50g - Yasmin Food","isPartOf":{"@id":"https:\/\/yasminfood.ch\/de\/#website"},"primaryImageOfPage":{"@id":"https:\/\/yasminfood.ch\/de\/product\/gegrilltes-rindfleisch-gewuerz-bbq-obeido-50g\/#primaryimage"},"image":{"@id":"https:\/\/yasminfood.ch\/de\/product\/gegrilltes-rindfleisch-gewuerz-bbq-obeido-50g\/#primaryimage"},"thumbnailUrl":"https:\/\/yasminfood.ch\/wp-content\/uploads\/2026\/02\/\u0628\u0647\u0627\u0631-\u0627\u0644\u0644\u062d\u0645-\u0627\u0644\u0645\u0634\u0648\u064a-\u0628\u0627\u0631\u0628\u0643\u064a\u0648-\u0639\u0628\u064a\u062f\u0648-50\u063a.png","datePublished":"2026-02-19T08:15:02+00:00","dateModified":"2026-02-19T08:16:32+00:00","description":"Eine ausgewogene Mischung sorgf\u00e4ltig ausgew\u00e4hlter Gew\u00fcrze, um den nat\u00fcrlichen Geschmack des Fleisches hervorzuheben und ihm einen k\u00f6stlichen Geschmack und eine ansprechende Farbe zu verleihen.","breadcrumb":{"@id":"https:\/\/yasminfood.ch\/de\/product\/gegrilltes-rindfleisch-gewuerz-bbq-obeido-50g\/#breadcrumb"},"inLanguage":"de","potentialAction":[{"@type":"ReadAction","target":["https:\/\/yasminfood.ch\/de\/product\/gegrilltes-rindfleisch-gewuerz-bbq-obeido-50g\/"]}]},{"@type":"ImageObject","inLanguage":"de","@id":"https:\/\/yasminfood.ch\/de\/product\/gegrilltes-rindfleisch-gewuerz-bbq-obeido-50g\/#primaryimage","url":"https:\/\/yasminfood.ch\/wp-content\/uploads\/2026\/02\/\u0628\u0647\u0627\u0631-\u0627\u0644\u0644\u062d\u0645-\u0627\u0644\u0645\u0634\u0648\u064a-\u0628\u0627\u0631\u0628\u0643\u064a\u0648-\u0639\u0628\u064a\u062f\u0648-50\u063a.png","contentUrl":"https:\/\/yasminfood.ch\/wp-content\/uploads\/2026\/02\/\u0628\u0647\u0627\u0631-\u0627\u0644\u0644\u062d\u0645-\u0627\u0644\u0645\u0634\u0648\u064a-\u0628\u0627\u0631\u0628\u0643\u064a\u0648-\u0639\u0628\u064a\u062f\u0648-50\u063a.png","width":1080,"height":1080,"caption":"Gegrilltes Rindfleisch-Gew\u00fcrz (BBQ) Obeido 50g"},{"@type":"BreadcrumbList","@id":"https:\/\/yasminfood.ch\/de\/product\/gegrilltes-rindfleisch-gewuerz-bbq-obeido-50g\/#breadcrumb","itemListElement":[{"@type":"ListItem","position":1,"name":"\u0627\u0644\u0631\u0626\u064a\u0633\u064a\u0629","item":"https:\/\/yasminfood.ch\/de\/zuhause\/"},{"@type":"ListItem","position":2,"name":"Shop","item":"https:\/\/yasminfood.ch\/de\/shop\/"},{"@type":"ListItem","position":3,"name":"Gegrilltes Rindfleisch-Gew\u00fcrz (BBQ) Obeido 50g"}]},{"@type":"WebSite","@id":"https:\/\/yasminfood.ch\/de\/#website","url":"https:\/\/yasminfood.ch\/de\/","name":"\u064a\u0627\u0633\u0645\u064a\u0646 \u0645\u0627\u0631\u0643\u062a","description":"Alles, was Sie brauchen, an einem Ort","publisher":{"@id":"https:\/\/yasminfood.ch\/de\/#organization"},"alternateName":"Yasmin Food","potentialAction":[{"@type":"SearchAction","target":{"@type":"EntryPoint","urlTemplate":"https:\/\/yasminfood.ch\/de\/?s={search_term_string}"},"query-input":{"@type":"PropertyValueSpecification","valueRequired":true,"valueName":"search_term_string"}}],"inLanguage":"de"},{"@type":"Organization","@id":"https:\/\/yasminfood.ch\/de\/#organization","name":"\u064a\u0627\u0633\u0645\u064a\u0646 \u0645\u0627\u0631\u0643\u062a","alternateName":"Yasmin Food","url":"https:\/\/yasminfood.ch\/de\/","logo":{"@type":"ImageObject","inLanguage":"de","@id":"https:\/\/yasminfood.ch\/de\/#\/schema\/logo\/image\/","url":"https:\/\/yasminfood.ch\/wp-content\/uploads\/2025\/05\/yasmin-food-header-logo.png","contentUrl":"https:\/\/yasminfood.ch\/wp-content\/uploads\/2025\/05\/yasmin-food-header-logo.png","width":330,"height":120,"caption":"\u064a\u0627\u0633\u0645\u064a\u0646 \u0645\u0627\u0631\u0643\u062a"},"image":{"@id":"https:\/\/yasminfood.ch\/de\/#\/schema\/logo\/image\/"},"sameAs":["https:\/\/www.facebook.com\/yasminmarkt1","https:\/\/www.tiktok.com\/@yasminmarkt","https:\/\/www.instagram.com\/yasmin.markt1\/","https:\/\/api.whatsapp.com\/send\/?phone=41799000104"],"publishingPrinciples":"https:\/\/yasminfood.ch\/de\/shop\/","ownershipFundingInfo":"https:\/\/yasminfood.ch\/de\/shop\/"}]},"product_price_amount":"2.50","product_price_currency":"CHF","og_availability":"instock","product_availability":"instock","product_condition":"new"},"jetpack_sharing_enabled":true,"_links":{"self":[{"href":"https:\/\/yasminfood.ch\/de\/wp-json\/wp\/v2\/product\/121482","targetHints":{"allow":["GET"]}}],"collection":[{"href":"https:\/\/yasminfood.ch\/de\/wp-json\/wp\/v2\/product"}],"about":[{"href":"https:\/\/yasminfood.ch\/de\/wp-json\/wp\/v2\/types\/product"}],"replies":[{"embeddable":true,"href":"https:\/\/yasminfood.ch\/de\/wp-json\/wp\/v2\/comments?post=121482"}],"version-history":[{"count":0,"href":"https:\/\/yasminfood.ch\/de\/wp-json\/wp\/v2\/product\/121482\/revisions"}],"wp:featuredmedia":[{"embeddable":true,"href":"https:\/\/yasminfood.ch\/de\/wp-json\/wp\/v2\/media\/121483"}],"wp:attachment":[{"href":"https:\/\/yasminfood.ch\/de\/wp-json\/wp\/v2\/media?parent=121482"}],"wp:term":[{"taxonomy":"product_brand","embeddable":true,"href":"https:\/\/yasminfood.ch\/de\/wp-json\/wp\/v2\/product_brand?post=121482"},{"taxonomy":"product_cat","embeddable":true,"href":"https:\/\/yasminfood.ch\/de\/wp-json\/wp\/v2\/product_cat?post=121482"},{"taxonomy":"product_tag","embeddable":true,"href":"https:\/\/yasminfood.ch\/de\/wp-json\/wp\/v2\/product_tag?post=121482"}],"curies":[{"name":"wp","href":"https:\/\/api.w.org\/{rel}","templated":true}]}}