{"id":121489,"date":"2026-02-19T08:46:09","date_gmt":"2026-02-19T07:46:09","guid":{"rendered":"https:\/\/yasminfood.ch\/product\/weicher-zimt-obeido-50g\/"},"modified":"2026-02-19T09:16:42","modified_gmt":"2026-02-19T08:16:42","slug":"weicher-zimt-obeido-50g","status":"publish","type":"product","link":"https:\/\/yasminfood.ch\/de\/product\/weicher-zimt-obeido-50g\/","title":{"rendered":"Weicher Zimt Obeido 50g"},"content":{"rendered":"<p data-start=\"0\" data-end=\"24\"><strong data-start=\"0\" data-end=\"24\">Weicher Zimt Obeido 50g<\/strong><\/p>\n<ul>\n<li data-start=\"26\" data-end=\"252\">\n<p data-start=\"26\" data-end=\"269\">Sorgf\u00e4ltig gemahlen, um deinen Gerichten einen reichen, ausgewogenen Geschmack zu verleihen. Zimt ist eines der Hauptgew\u00fcrze in der K\u00fcche. <\/p>\n<\/li>\n<li data-start=\"26\" data-end=\"252\">\n<p data-start=\"26\" data-end=\"269\">Es verleiht eine leichte, s\u00fc\u00dfe Note und ein unverwechselbares Aroma, das den Geschmack sowohl von s\u00fc\u00dfen als auch herzhaften Rezepten verst\u00e4rkt.<\/p>\n<p data-start=\"271\" data-end=\"284\"><strong data-start=\"271\" data-end=\"284\">Funktionen:<\/strong><\/p>\n<ul data-start=\"285\" data-end=\"542\">\n<li data-start=\"285\" data-end=\"334\">\n<p data-start=\"287\" data-end=\"334\">Fein gemahlener Zimt f\u00fcr einfache Anwendung und Vermischung<\/p>\n<\/li>\n<li data-start=\"335\" data-end=\"361\">\n<p data-start=\"337\" data-end=\"361\">Warmer und reicher aromatischer Geschmack<\/p>\n<\/li>\n<li data-start=\"362\" data-end=\"433\">\n<p data-start=\"364\" data-end=\"433\">Ideal f\u00fcr Desserts, Kuchen, Kekse, Milchreis und hei\u00dfe Getr\u00e4nke  <\/p>\n<\/li>\n<li data-start=\"434\" data-end=\"491\">\n<p data-start=\"436\" data-end=\"491\">Eignet sich auch zum W\u00fcrzen einiger Fleischgerichte und orientalischer Gerichte<\/p>\n<\/li>\n<li data-start=\"492\" data-end=\"524\">\n<p data-start=\"494\" data-end=\"524\">Praktische Verpackung h\u00e4lt frisch<\/p>\n<\/li>\n<li data-start=\"525\" data-end=\"542\">\n<p data-start=\"527\" data-end=\"542\">Libanesische Industrie<\/p>\n<\/li>\n<\/ul>\n<p data-start=\"544\" data-end=\"664\"><strong data-start=\"544\" data-end=\"564\">Wie man verwendet:<\/strong><br data-start=\"564\" data-end=\"567\">F\u00fcgen Sie beim Kochen oder Backen den Geschmack hinzu oder tr\u00e4ufern Sie sie direkt auf Getr\u00e4nke und Desserts f\u00fcr einen unverwechselbaren Geschmack. <\/p>\n<\/li>\n<\/ul>\n","protected":false},"excerpt":{"rendered":"<p data-start=\"0\" data-end=\"24\"><strong data-start=\"0\" data-end=\"24\">Weicher Zimt Obeido 50g<\/strong><\/p>\n<ul>\n<li data-start=\"26\" data-end=\"252\">\n<p data-start=\"26\" data-end=\"269\">Sorgf\u00e4ltig gemahlen, um deinen Gerichten einen reichen, ausgewogenen Geschmack zu verleihen. Zimt ist eines der Hauptgew\u00fcrze in der K\u00fcche. <\/p>\n<\/li>\n<\/ul>\n","protected":false},"featured_media":121490,"comment_status":"open","ping_status":"closed","template":"","meta":[],"product_brand":[2354],"product_cat":[360,356],"product_tag":[],"class_list":{"0":"post-121489","1":"product","2":"type-product","3":"status-publish","4":"has-post-thumbnail","6":"product_brand-abido","7":"product_cat-gewurze","8":"product_cat-gewuerze-nuesse","10":"first","11":"instock","12":"taxable","13":"shipping-taxable","14":"purchasable","15":"product-type-simple"},"yoast_head":"<!-- This site is optimized with the Yoast SEO Premium plugin v26.5 (Yoast SEO v27.3) - https:\/\/yoast.com\/product\/yoast-seo-premium-wordpress\/ -->\n<title>Weicher Zimt Obeido 50g - Yasmin Food<\/title>\n<meta name=\"description\" content=\"Weicher Zimt Obeido 50g wird sorgf\u00e4ltig gemahlen, um deinen Gerichten einen reichen, ausgewogenen Geschmack zu verleihen. Zimt ist ein Grundgew\u00fcrz in der K\u00fcche und verleiht eine leichte, s\u00fc\u00dfe Note und ein charakteristisches Aroma\" \/>\n<meta name=\"robots\" content=\"index, follow, max-snippet:-1, max-image-preview:large, max-video-preview:-1\" \/>\n<link rel=\"canonical\" href=\"https:\/\/yasminfood.ch\/de\/product\/weicher-zimt-obeido-50g\/\" \/>\n<meta property=\"og:locale\" content=\"de_DE\" \/>\n<meta property=\"og:type\" content=\"article\" \/>\n<meta property=\"og:title\" content=\"Weicher Zimt Obeido 50g\" \/>\n<meta property=\"og:description\" content=\"Weicher Zimt Obeido 50g   Sorgf\u00e4ltig gemahlen, um deinen Gerichten einen reichen, ausgewogenen Geschmack zu verleihen. Zimt ist eines der Hauptgew\u00fcrze in der K\u00fcche.\" \/>\n<meta property=\"og:url\" content=\"https:\/\/yasminfood.ch\/de\/product\/weicher-zimt-obeido-50g\/\" \/>\n<meta property=\"og:site_name\" content=\"Yasmin Food\" \/>\n<meta property=\"article:publisher\" content=\"https:\/\/www.facebook.com\/yasminmarkt1\" \/>\n<meta property=\"article:modified_time\" content=\"2026-02-19T08:16:42+00:00\" \/>\n<meta property=\"og:image\" content=\"https:\/\/yasminfood.ch\/wp-content\/uploads\/2026\/02\/\u0642\u0631\u0641\u0629-\u0646\u0627\u0639\u0645\u0629-\u0639\u0628\u064a\u062f\u0648-50\u063a.png\" \/>\n\t<meta property=\"og:image:width\" content=\"1080\" \/>\n\t<meta property=\"og:image:height\" content=\"1080\" \/>\n\t<meta property=\"og:image:type\" content=\"image\/png\" \/>\n<meta name=\"twitter:card\" content=\"summary_large_image\" \/>\n<meta name=\"twitter:label1\" content=\"Preis\" \/>\n\t<meta name=\"twitter:data1\" content=\"2.50&nbsp;&#067;&#072;&#070;\" \/>\n\t<meta name=\"twitter:label2\" content=\"Verf\u00fcgbarkeit\" \/>\n\t<meta name=\"twitter:data2\" content=\"Auf Lager\" \/>\n<script type=\"application\/ld+json\" class=\"yoast-schema-graph\">{\"@context\":\"https:\\\/\\\/schema.org\",\"@graph\":[{\"@type\":\"WebPage\",\"@id\":\"https:\\\/\\\/yasminfood.ch\\\/de\\\/product\\\/weicher-zimt-obeido-50g\\\/\",\"url\":\"https:\\\/\\\/yasminfood.ch\\\/de\\\/product\\\/weicher-zimt-obeido-50g\\\/\",\"name\":\"Weicher Zimt Obeido 50g - Yasmin Food\",\"isPartOf\":{\"@id\":\"https:\\\/\\\/yasminfood.ch\\\/de\\\/#website\"},\"primaryImageOfPage\":{\"@id\":\"https:\\\/\\\/yasminfood.ch\\\/de\\\/product\\\/weicher-zimt-obeido-50g\\\/#primaryimage\"},\"image\":{\"@id\":\"https:\\\/\\\/yasminfood.ch\\\/de\\\/product\\\/weicher-zimt-obeido-50g\\\/#primaryimage\"},\"thumbnailUrl\":\"https:\\\/\\\/yasminfood.ch\\\/wp-content\\\/uploads\\\/2026\\\/02\\\/\u0642\u0631\u0641\u0629-\u0646\u0627\u0639\u0645\u0629-\u0639\u0628\u064a\u062f\u0648-50\u063a.png\",\"datePublished\":\"2026-02-19T07:46:09+00:00\",\"dateModified\":\"2026-02-19T08:16:42+00:00\",\"description\":\"Weicher Zimt Obeido 50g wird sorgf\u00e4ltig gemahlen, um deinen Gerichten einen reichen, ausgewogenen Geschmack zu verleihen. Zimt ist ein Grundgew\u00fcrz in der K\u00fcche und verleiht eine leichte, s\u00fc\u00dfe Note und ein charakteristisches Aroma\",\"breadcrumb\":{\"@id\":\"https:\\\/\\\/yasminfood.ch\\\/de\\\/product\\\/weicher-zimt-obeido-50g\\\/#breadcrumb\"},\"inLanguage\":\"de\",\"potentialAction\":[{\"@type\":\"ReadAction\",\"target\":[\"https:\\\/\\\/yasminfood.ch\\\/de\\\/product\\\/weicher-zimt-obeido-50g\\\/\"]}]},{\"@type\":\"ImageObject\",\"inLanguage\":\"de\",\"@id\":\"https:\\\/\\\/yasminfood.ch\\\/de\\\/product\\\/weicher-zimt-obeido-50g\\\/#primaryimage\",\"url\":\"https:\\\/\\\/yasminfood.ch\\\/wp-content\\\/uploads\\\/2026\\\/02\\\/\u0642\u0631\u0641\u0629-\u0646\u0627\u0639\u0645\u0629-\u0639\u0628\u064a\u062f\u0648-50\u063a.png\",\"contentUrl\":\"https:\\\/\\\/yasminfood.ch\\\/wp-content\\\/uploads\\\/2026\\\/02\\\/\u0642\u0631\u0641\u0629-\u0646\u0627\u0639\u0645\u0629-\u0639\u0628\u064a\u062f\u0648-50\u063a.png\",\"width\":1080,\"height\":1080,\"caption\":\"Weicher Zimt Obeido 50g\"},{\"@type\":\"BreadcrumbList\",\"@id\":\"https:\\\/\\\/yasminfood.ch\\\/de\\\/product\\\/weicher-zimt-obeido-50g\\\/#breadcrumb\",\"itemListElement\":[{\"@type\":\"ListItem\",\"position\":1,\"name\":\"\u0627\u0644\u0631\u0626\u064a\u0633\u064a\u0629\",\"item\":\"https:\\\/\\\/yasminfood.ch\\\/de\\\/zuhause\\\/\"},{\"@type\":\"ListItem\",\"position\":2,\"name\":\"Shop\",\"item\":\"https:\\\/\\\/yasminfood.ch\\\/de\\\/shop\\\/\"},{\"@type\":\"ListItem\",\"position\":3,\"name\":\"Gew\u00fcrze &amp; N\u00fcsse\",\"item\":\"https:\\\/\\\/yasminfood.ch\\\/de\\\/produkt-kategorie\\\/gewuerze-nuesse\\\/\"},{\"@type\":\"ListItem\",\"position\":4,\"name\":\"Weicher Zimt Obeido 50g\"}]},{\"@type\":\"WebSite\",\"@id\":\"https:\\\/\\\/yasminfood.ch\\\/de\\\/#website\",\"url\":\"https:\\\/\\\/yasminfood.ch\\\/de\\\/\",\"name\":\"\u064a\u0627\u0633\u0645\u064a\u0646 \u0645\u0627\u0631\u0643\u062a\",\"description\":\"Alles, was Sie brauchen, an einem Ort\",\"publisher\":{\"@id\":\"https:\\\/\\\/yasminfood.ch\\\/de\\\/#organization\"},\"alternateName\":\"Yasmin Food\",\"potentialAction\":[{\"@type\":\"SearchAction\",\"target\":{\"@type\":\"EntryPoint\",\"urlTemplate\":\"https:\\\/\\\/yasminfood.ch\\\/de\\\/?s={search_term_string}\"},\"query-input\":{\"@type\":\"PropertyValueSpecification\",\"valueRequired\":true,\"valueName\":\"search_term_string\"}}],\"inLanguage\":\"de\"},{\"@type\":\"Organization\",\"@id\":\"https:\\\/\\\/yasminfood.ch\\\/de\\\/#organization\",\"name\":\"\u064a\u0627\u0633\u0645\u064a\u0646 \u0645\u0627\u0631\u0643\u062a\",\"alternateName\":\"Yasmin Food\",\"url\":\"https:\\\/\\\/yasminfood.ch\\\/de\\\/\",\"logo\":{\"@type\":\"ImageObject\",\"inLanguage\":\"de\",\"@id\":\"https:\\\/\\\/yasminfood.ch\\\/de\\\/#\\\/schema\\\/logo\\\/image\\\/\",\"url\":\"https:\\\/\\\/yasminfood.ch\\\/wp-content\\\/uploads\\\/2025\\\/05\\\/yasmin-food-header-logo.png\",\"contentUrl\":\"https:\\\/\\\/yasminfood.ch\\\/wp-content\\\/uploads\\\/2025\\\/05\\\/yasmin-food-header-logo.png\",\"width\":330,\"height\":120,\"caption\":\"\u064a\u0627\u0633\u0645\u064a\u0646 \u0645\u0627\u0631\u0643\u062a\"},\"image\":{\"@id\":\"https:\\\/\\\/yasminfood.ch\\\/de\\\/#\\\/schema\\\/logo\\\/image\\\/\"},\"sameAs\":[\"https:\\\/\\\/www.facebook.com\\\/yasminmarkt1\",\"https:\\\/\\\/www.tiktok.com\\\/@yasminmarkt\",\"https:\\\/\\\/www.instagram.com\\\/yasmin.markt1\\\/\",\"https:\\\/\\\/api.whatsapp.com\\\/send\\\/?phone=41799000104\"],\"publishingPrinciples\":\"https:\\\/\\\/yasminfood.ch\\\/de\\\/shop\\\/\",\"ownershipFundingInfo\":\"https:\\\/\\\/yasminfood.ch\\\/de\\\/shop\\\/\"}]}<\/script>\n<meta property=\"product:price:amount\" content=\"2.50\" \/>\n<meta property=\"product:price:currency\" content=\"CHF\" \/>\n<meta property=\"og:availability\" content=\"instock\" \/>\n<meta property=\"product:availability\" content=\"instock\" \/>\n<meta property=\"product:condition\" content=\"new\" \/>\n<!-- \/ Yoast SEO Premium plugin. -->","yoast_head_json":{"title":"Weicher Zimt Obeido 50g - Yasmin Food","description":"Weicher Zimt Obeido 50g wird sorgf\u00e4ltig gemahlen, um deinen Gerichten einen reichen, ausgewogenen Geschmack zu verleihen. Zimt ist ein Grundgew\u00fcrz in der K\u00fcche und verleiht eine leichte, s\u00fc\u00dfe Note und ein charakteristisches Aroma","robots":{"index":"index","follow":"follow","max-snippet":"max-snippet:-1","max-image-preview":"max-image-preview:large","max-video-preview":"max-video-preview:-1"},"canonical":"https:\/\/yasminfood.ch\/de\/product\/weicher-zimt-obeido-50g\/","og_locale":"de_DE","og_type":"article","og_title":"Weicher Zimt Obeido 50g","og_description":"Weicher Zimt Obeido 50g   Sorgf\u00e4ltig gemahlen, um deinen Gerichten einen reichen, ausgewogenen Geschmack zu verleihen. Zimt ist eines der Hauptgew\u00fcrze in der K\u00fcche.","og_url":"https:\/\/yasminfood.ch\/de\/product\/weicher-zimt-obeido-50g\/","og_site_name":"Yasmin Food","article_publisher":"https:\/\/www.facebook.com\/yasminmarkt1","article_modified_time":"2026-02-19T08:16:42+00:00","og_image":[{"width":1080,"height":1080,"url":"https:\/\/yasminfood.ch\/wp-content\/uploads\/2026\/02\/\u0642\u0631\u0641\u0629-\u0646\u0627\u0639\u0645\u0629-\u0639\u0628\u064a\u062f\u0648-50\u063a.png","type":"image\/png"}],"twitter_card":"summary_large_image","twitter_misc":{"Preis":"2.50&nbsp;&#67;&#72;&#70;","Verf\u00fcgbarkeit":"Auf Lager"},"schema":{"@context":"https:\/\/schema.org","@graph":[{"@type":"WebPage","@id":"https:\/\/yasminfood.ch\/de\/product\/weicher-zimt-obeido-50g\/","url":"https:\/\/yasminfood.ch\/de\/product\/weicher-zimt-obeido-50g\/","name":"Weicher Zimt Obeido 50g - Yasmin Food","isPartOf":{"@id":"https:\/\/yasminfood.ch\/de\/#website"},"primaryImageOfPage":{"@id":"https:\/\/yasminfood.ch\/de\/product\/weicher-zimt-obeido-50g\/#primaryimage"},"image":{"@id":"https:\/\/yasminfood.ch\/de\/product\/weicher-zimt-obeido-50g\/#primaryimage"},"thumbnailUrl":"https:\/\/yasminfood.ch\/wp-content\/uploads\/2026\/02\/\u0642\u0631\u0641\u0629-\u0646\u0627\u0639\u0645\u0629-\u0639\u0628\u064a\u062f\u0648-50\u063a.png","datePublished":"2026-02-19T07:46:09+00:00","dateModified":"2026-02-19T08:16:42+00:00","description":"Weicher Zimt Obeido 50g wird sorgf\u00e4ltig gemahlen, um deinen Gerichten einen reichen, ausgewogenen Geschmack zu verleihen. Zimt ist ein Grundgew\u00fcrz in der K\u00fcche und verleiht eine leichte, s\u00fc\u00dfe Note und ein charakteristisches Aroma","breadcrumb":{"@id":"https:\/\/yasminfood.ch\/de\/product\/weicher-zimt-obeido-50g\/#breadcrumb"},"inLanguage":"de","potentialAction":[{"@type":"ReadAction","target":["https:\/\/yasminfood.ch\/de\/product\/weicher-zimt-obeido-50g\/"]}]},{"@type":"ImageObject","inLanguage":"de","@id":"https:\/\/yasminfood.ch\/de\/product\/weicher-zimt-obeido-50g\/#primaryimage","url":"https:\/\/yasminfood.ch\/wp-content\/uploads\/2026\/02\/\u0642\u0631\u0641\u0629-\u0646\u0627\u0639\u0645\u0629-\u0639\u0628\u064a\u062f\u0648-50\u063a.png","contentUrl":"https:\/\/yasminfood.ch\/wp-content\/uploads\/2026\/02\/\u0642\u0631\u0641\u0629-\u0646\u0627\u0639\u0645\u0629-\u0639\u0628\u064a\u062f\u0648-50\u063a.png","width":1080,"height":1080,"caption":"Weicher Zimt Obeido 50g"},{"@type":"BreadcrumbList","@id":"https:\/\/yasminfood.ch\/de\/product\/weicher-zimt-obeido-50g\/#breadcrumb","itemListElement":[{"@type":"ListItem","position":1,"name":"\u0627\u0644\u0631\u0626\u064a\u0633\u064a\u0629","item":"https:\/\/yasminfood.ch\/de\/zuhause\/"},{"@type":"ListItem","position":2,"name":"Shop","item":"https:\/\/yasminfood.ch\/de\/shop\/"},{"@type":"ListItem","position":3,"name":"Gew\u00fcrze &amp; N\u00fcsse","item":"https:\/\/yasminfood.ch\/de\/produkt-kategorie\/gewuerze-nuesse\/"},{"@type":"ListItem","position":4,"name":"Weicher Zimt Obeido 50g"}]},{"@type":"WebSite","@id":"https:\/\/yasminfood.ch\/de\/#website","url":"https:\/\/yasminfood.ch\/de\/","name":"\u064a\u0627\u0633\u0645\u064a\u0646 \u0645\u0627\u0631\u0643\u062a","description":"Alles, was Sie brauchen, an einem Ort","publisher":{"@id":"https:\/\/yasminfood.ch\/de\/#organization"},"alternateName":"Yasmin Food","potentialAction":[{"@type":"SearchAction","target":{"@type":"EntryPoint","urlTemplate":"https:\/\/yasminfood.ch\/de\/?s={search_term_string}"},"query-input":{"@type":"PropertyValueSpecification","valueRequired":true,"valueName":"search_term_string"}}],"inLanguage":"de"},{"@type":"Organization","@id":"https:\/\/yasminfood.ch\/de\/#organization","name":"\u064a\u0627\u0633\u0645\u064a\u0646 \u0645\u0627\u0631\u0643\u062a","alternateName":"Yasmin Food","url":"https:\/\/yasminfood.ch\/de\/","logo":{"@type":"ImageObject","inLanguage":"de","@id":"https:\/\/yasminfood.ch\/de\/#\/schema\/logo\/image\/","url":"https:\/\/yasminfood.ch\/wp-content\/uploads\/2025\/05\/yasmin-food-header-logo.png","contentUrl":"https:\/\/yasminfood.ch\/wp-content\/uploads\/2025\/05\/yasmin-food-header-logo.png","width":330,"height":120,"caption":"\u064a\u0627\u0633\u0645\u064a\u0646 \u0645\u0627\u0631\u0643\u062a"},"image":{"@id":"https:\/\/yasminfood.ch\/de\/#\/schema\/logo\/image\/"},"sameAs":["https:\/\/www.facebook.com\/yasminmarkt1","https:\/\/www.tiktok.com\/@yasminmarkt","https:\/\/www.instagram.com\/yasmin.markt1\/","https:\/\/api.whatsapp.com\/send\/?phone=41799000104"],"publishingPrinciples":"https:\/\/yasminfood.ch\/de\/shop\/","ownershipFundingInfo":"https:\/\/yasminfood.ch\/de\/shop\/"}]},"product_price_amount":"2.50","product_price_currency":"CHF","og_availability":"instock","product_availability":"instock","product_condition":"new"},"jetpack_sharing_enabled":true,"_links":{"self":[{"href":"https:\/\/yasminfood.ch\/de\/wp-json\/wp\/v2\/product\/121489","targetHints":{"allow":["GET"]}}],"collection":[{"href":"https:\/\/yasminfood.ch\/de\/wp-json\/wp\/v2\/product"}],"about":[{"href":"https:\/\/yasminfood.ch\/de\/wp-json\/wp\/v2\/types\/product"}],"replies":[{"embeddable":true,"href":"https:\/\/yasminfood.ch\/de\/wp-json\/wp\/v2\/comments?post=121489"}],"version-history":[{"count":1,"href":"https:\/\/yasminfood.ch\/de\/wp-json\/wp\/v2\/product\/121489\/revisions"}],"predecessor-version":[{"id":121498,"href":"https:\/\/yasminfood.ch\/de\/wp-json\/wp\/v2\/product\/121489\/revisions\/121498"}],"wp:featuredmedia":[{"embeddable":true,"href":"https:\/\/yasminfood.ch\/de\/wp-json\/wp\/v2\/media\/121490"}],"wp:attachment":[{"href":"https:\/\/yasminfood.ch\/de\/wp-json\/wp\/v2\/media?parent=121489"}],"wp:term":[{"taxonomy":"product_brand","embeddable":true,"href":"https:\/\/yasminfood.ch\/de\/wp-json\/wp\/v2\/product_brand?post=121489"},{"taxonomy":"product_cat","embeddable":true,"href":"https:\/\/yasminfood.ch\/de\/wp-json\/wp\/v2\/product_cat?post=121489"},{"taxonomy":"product_tag","embeddable":true,"href":"https:\/\/yasminfood.ch\/de\/wp-json\/wp\/v2\/product_tag?post=121489"}],"curies":[{"name":"wp","href":"https:\/\/api.w.org\/{rel}","templated":true}]}}