{"id":121494,"date":"2026-02-19T08:42:28","date_gmt":"2026-02-19T07:42:28","guid":{"rendered":"https:\/\/yasminfood.ch\/product\/muskatnuss-hab-abido-50g\/"},"modified":"2026-02-19T09:16:39","modified_gmt":"2026-02-19T08:16:39","slug":"muskatnuss-hab-abido-50g","status":"publish","type":"product","link":"https:\/\/yasminfood.ch\/de\/product\/muskatnuss-hab-abido-50g\/","title":{"rendered":"Muskatnuss Hab Abido 50g"},"content":{"rendered":"<p data-start=\"0\" data-end=\"27\"><strong data-start=\"0\" data-end=\"27\">Muskatnuss Hab Abido 50g<\/strong><\/p>\n<ul>\n<li data-start=\"29\" data-end=\"300\">\n<p data-start=\"29\" data-end=\"300\">Genie\u00dfen Sie den originellen und frischen, sorgf\u00e4ltig ausgew\u00e4hlten Geschmack, um Ihren Gerichten einen reichen Duft und einen unwiderstehlich warmen Geschmack zu verleihen.<\/p>\n<\/li>\n<li data-start=\"29\" data-end=\"300\">\n<p data-start=\"29\" data-end=\"300\">Ganze Waln\u00fcsse sind die perfekte Wahl, um nat\u00fcrliche \u00e4therische \u00d6le zu konservieren.<\/p>\n<\/li>\n<li data-start=\"29\" data-end=\"300\">\n<p data-start=\"29\" data-end=\"300\">Sie k\u00f6nnen es direkt vor der Anwendung frisch reiben, um maximalen Geschmack zu gew\u00e4hrleisten.<\/p>\n<p data-start=\"302\" data-end=\"315\"><strong data-start=\"302\" data-end=\"315\">Funktionen:<\/strong><\/p>\n<ul data-start=\"316\" data-end=\"547\">\n<li data-start=\"316\" data-end=\"343\">\n<p data-start=\"318\" data-end=\"343\">Hochwertige Ganze Perlen<\/p>\n<\/li>\n<li data-start=\"344\" data-end=\"381\">\n<p data-start=\"346\" data-end=\"381\">Starker, frischer Geschmack direkt beim Menschen<\/p>\n<\/li>\n<li data-start=\"382\" data-end=\"416\">\n<p data-start=\"384\" data-end=\"416\">Ideal f\u00fcr frisches Mahlen bei Bedarf<\/p>\n<\/li>\n<li data-start=\"417\" data-end=\"480\">\n<p data-start=\"419\" data-end=\"480\">Geeignet f\u00fcr Desserts, B\u00e9chamel, Suppen, So\u00dfen und Fleischgerichte <\/p>\n<\/li>\n<li data-start=\"481\" data-end=\"529\">\n<p data-start=\"483\" data-end=\"529\">Beh\u00e4lt seinen Geschmack l\u00e4nger als gemahlen.<\/p>\n<\/li>\n<li data-start=\"530\" data-end=\"547\">\n<p data-start=\"532\" data-end=\"547\">Libanesische Industrie<\/p>\n<\/li>\n<\/ul>\n<p data-start=\"549\" data-end=\"681\"><strong data-start=\"549\" data-end=\"569\">Wie man verwendet:<\/strong><br data-start=\"569\" data-end=\"572\">Reiben Sie eine kleine Menge direkt \u00fcber dem Gericht oder mahlen Sie nach Geschmack, um eine ausgepr\u00e4gte aromatische Note zu erzielen. Eine kleine Menge reicht, um den Geschmack hervorzuheben. <\/p>\n<p data-start=\"683\" data-end=\"710\"><strong data-start=\"683\" data-end=\"700\">Nettogewicht:<\/strong> 50 g<\/p>\n<p data-start=\"712\" data-end=\"803\" data-is-last-node=\"\" data-is-only-node=\"\">\n<\/li>\n<\/ul>\n","protected":false},"excerpt":{"rendered":"<p data-start=\"0\" data-end=\"27\"><strong data-start=\"0\" data-end=\"27\">Muskatnuss Hab Abido 50g<\/strong><\/p>\n<ul>\n<li data-start=\"29\" data-end=\"300\">\n<p data-start=\"29\" data-end=\"300\">Genie\u00dfen Sie den originellen und frischen, sorgf\u00e4ltig ausgew\u00e4hlten Geschmack, um Ihren Gerichten einen reichen Duft und einen unwiderstehlich warmen Geschmack zu verleihen.<\/p>\n<\/li>\n<li data-start=\"29\" data-end=\"300\">\n<p data-start=\"29\" data-end=\"300\">Ganze Waln\u00fcsse sind die perfekte Wahl, um nat\u00fcrliche \u00e4therische \u00d6le zu konservieren.<\/p>\n<\/li>\n<\/ul>\n","protected":false},"featured_media":121495,"comment_status":"open","ping_status":"closed","template":"","meta":[],"product_brand":[2354],"product_cat":[360,356],"product_tag":[],"class_list":{"0":"post-121494","1":"product","2":"type-product","3":"status-publish","4":"has-post-thumbnail","6":"product_brand-abido","7":"product_cat-gewurze","8":"product_cat-gewuerze-nuesse","10":"first","11":"instock","12":"taxable","13":"shipping-taxable","14":"purchasable","15":"product-type-simple"},"yoast_head":"<!-- This site is optimized with the Yoast SEO Premium plugin v26.5 (Yoast SEO v27.3) - https:\/\/yoast.com\/product\/yoast-seo-premium-wordpress\/ -->\n<title>Muskatnuss Hab Abido 50g - Yasmin Food<\/title>\n<meta name=\"description\" content=\"Muskatnuss Hab Abido 50g Genie\u00dfen Sie den urspr\u00fcnglichen und frisch ausgew\u00e4hlten Geschmack, um Ihren Gerichten einen reichen Duft und einen unwiderstehlich warmen Geschmack zu verleihen.\" \/>\n<meta name=\"robots\" content=\"index, follow, max-snippet:-1, max-image-preview:large, max-video-preview:-1\" \/>\n<link rel=\"canonical\" href=\"https:\/\/yasminfood.ch\/de\/product\/muskatnuss-hab-abido-50g\/\" \/>\n<meta property=\"og:locale\" content=\"de_DE\" \/>\n<meta property=\"og:type\" content=\"article\" \/>\n<meta property=\"og:title\" content=\"Muskatnuss Hab Abido 50g\" \/>\n<meta property=\"og:description\" content=\"Muskatnuss Hab Abido 50g   Genie\u00dfen Sie den originellen und frischen, sorgf\u00e4ltig ausgew\u00e4hlten Geschmack, um Ihren Gerichten einen reichen Duft und einen unwiderstehlich warmen Geschmack zu verleihen.   Ganze Waln\u00fcsse sind die perfekte Wahl, um nat\u00fcrliche \u00e4therische \u00d6le zu konservieren.\" \/>\n<meta property=\"og:url\" content=\"https:\/\/yasminfood.ch\/de\/product\/muskatnuss-hab-abido-50g\/\" \/>\n<meta property=\"og:site_name\" content=\"Yasmin Food\" \/>\n<meta property=\"article:publisher\" content=\"https:\/\/www.facebook.com\/yasminmarkt1\" \/>\n<meta property=\"article:modified_time\" content=\"2026-02-19T08:16:39+00:00\" \/>\n<meta property=\"og:image\" content=\"https:\/\/yasminfood.ch\/wp-content\/uploads\/2026\/02\/\u062c\u0648\u0632\u0629-\u0627\u0644\u0637\u064a\u0628-\u062d\u0628-\u0639\u0628\u064a\u062f\u0648-50\u063a.png\" \/>\n\t<meta property=\"og:image:width\" content=\"1080\" \/>\n\t<meta property=\"og:image:height\" content=\"1080\" \/>\n\t<meta property=\"og:image:type\" content=\"image\/png\" \/>\n<meta name=\"twitter:card\" content=\"summary_large_image\" \/>\n<meta name=\"twitter:label1\" content=\"Preis\" \/>\n\t<meta name=\"twitter:data1\" content=\"4.50&nbsp;&#067;&#072;&#070;\" \/>\n\t<meta name=\"twitter:label2\" content=\"Verf\u00fcgbarkeit\" \/>\n\t<meta name=\"twitter:data2\" content=\"Auf Lager\" \/>\n<script type=\"application\/ld+json\" class=\"yoast-schema-graph\">{\"@context\":\"https:\\\/\\\/schema.org\",\"@graph\":[{\"@type\":\"WebPage\",\"@id\":\"https:\\\/\\\/yasminfood.ch\\\/de\\\/product\\\/muskatnuss-hab-abido-50g\\\/\",\"url\":\"https:\\\/\\\/yasminfood.ch\\\/de\\\/product\\\/muskatnuss-hab-abido-50g\\\/\",\"name\":\"Muskatnuss Hab Abido 50g - Yasmin Food\",\"isPartOf\":{\"@id\":\"https:\\\/\\\/yasminfood.ch\\\/de\\\/#website\"},\"primaryImageOfPage\":{\"@id\":\"https:\\\/\\\/yasminfood.ch\\\/de\\\/product\\\/muskatnuss-hab-abido-50g\\\/#primaryimage\"},\"image\":{\"@id\":\"https:\\\/\\\/yasminfood.ch\\\/de\\\/product\\\/muskatnuss-hab-abido-50g\\\/#primaryimage\"},\"thumbnailUrl\":\"https:\\\/\\\/yasminfood.ch\\\/wp-content\\\/uploads\\\/2026\\\/02\\\/\u062c\u0648\u0632\u0629-\u0627\u0644\u0637\u064a\u0628-\u062d\u0628-\u0639\u0628\u064a\u062f\u0648-50\u063a.png\",\"datePublished\":\"2026-02-19T07:42:28+00:00\",\"dateModified\":\"2026-02-19T08:16:39+00:00\",\"description\":\"Muskatnuss Hab Abido 50g Genie\u00dfen Sie den urspr\u00fcnglichen und frisch ausgew\u00e4hlten Geschmack, um Ihren Gerichten einen reichen Duft und einen unwiderstehlich warmen Geschmack zu verleihen.\",\"breadcrumb\":{\"@id\":\"https:\\\/\\\/yasminfood.ch\\\/de\\\/product\\\/muskatnuss-hab-abido-50g\\\/#breadcrumb\"},\"inLanguage\":\"de\",\"potentialAction\":[{\"@type\":\"ReadAction\",\"target\":[\"https:\\\/\\\/yasminfood.ch\\\/de\\\/product\\\/muskatnuss-hab-abido-50g\\\/\"]}]},{\"@type\":\"ImageObject\",\"inLanguage\":\"de\",\"@id\":\"https:\\\/\\\/yasminfood.ch\\\/de\\\/product\\\/muskatnuss-hab-abido-50g\\\/#primaryimage\",\"url\":\"https:\\\/\\\/yasminfood.ch\\\/wp-content\\\/uploads\\\/2026\\\/02\\\/\u062c\u0648\u0632\u0629-\u0627\u0644\u0637\u064a\u0628-\u062d\u0628-\u0639\u0628\u064a\u062f\u0648-50\u063a.png\",\"contentUrl\":\"https:\\\/\\\/yasminfood.ch\\\/wp-content\\\/uploads\\\/2026\\\/02\\\/\u062c\u0648\u0632\u0629-\u0627\u0644\u0637\u064a\u0628-\u062d\u0628-\u0639\u0628\u064a\u062f\u0648-50\u063a.png\",\"width\":1080,\"height\":1080,\"caption\":\"Muskatnuss Hab Abido 50g\"},{\"@type\":\"BreadcrumbList\",\"@id\":\"https:\\\/\\\/yasminfood.ch\\\/de\\\/product\\\/muskatnuss-hab-abido-50g\\\/#breadcrumb\",\"itemListElement\":[{\"@type\":\"ListItem\",\"position\":1,\"name\":\"\u0627\u0644\u0631\u0626\u064a\u0633\u064a\u0629\",\"item\":\"https:\\\/\\\/yasminfood.ch\\\/de\\\/zuhause\\\/\"},{\"@type\":\"ListItem\",\"position\":2,\"name\":\"Shop\",\"item\":\"https:\\\/\\\/yasminfood.ch\\\/de\\\/shop\\\/\"},{\"@type\":\"ListItem\",\"position\":3,\"name\":\"Muskatnuss Hab Abido 50g\"}]},{\"@type\":\"WebSite\",\"@id\":\"https:\\\/\\\/yasminfood.ch\\\/de\\\/#website\",\"url\":\"https:\\\/\\\/yasminfood.ch\\\/de\\\/\",\"name\":\"\u064a\u0627\u0633\u0645\u064a\u0646 \u0645\u0627\u0631\u0643\u062a\",\"description\":\"Alles, was Sie brauchen, an einem Ort\",\"publisher\":{\"@id\":\"https:\\\/\\\/yasminfood.ch\\\/de\\\/#organization\"},\"alternateName\":\"Yasmin Food\",\"potentialAction\":[{\"@type\":\"SearchAction\",\"target\":{\"@type\":\"EntryPoint\",\"urlTemplate\":\"https:\\\/\\\/yasminfood.ch\\\/de\\\/?s={search_term_string}\"},\"query-input\":{\"@type\":\"PropertyValueSpecification\",\"valueRequired\":true,\"valueName\":\"search_term_string\"}}],\"inLanguage\":\"de\"},{\"@type\":\"Organization\",\"@id\":\"https:\\\/\\\/yasminfood.ch\\\/de\\\/#organization\",\"name\":\"\u064a\u0627\u0633\u0645\u064a\u0646 \u0645\u0627\u0631\u0643\u062a\",\"alternateName\":\"Yasmin Food\",\"url\":\"https:\\\/\\\/yasminfood.ch\\\/de\\\/\",\"logo\":{\"@type\":\"ImageObject\",\"inLanguage\":\"de\",\"@id\":\"https:\\\/\\\/yasminfood.ch\\\/de\\\/#\\\/schema\\\/logo\\\/image\\\/\",\"url\":\"https:\\\/\\\/yasminfood.ch\\\/wp-content\\\/uploads\\\/2025\\\/05\\\/yasmin-food-header-logo.png\",\"contentUrl\":\"https:\\\/\\\/yasminfood.ch\\\/wp-content\\\/uploads\\\/2025\\\/05\\\/yasmin-food-header-logo.png\",\"width\":330,\"height\":120,\"caption\":\"\u064a\u0627\u0633\u0645\u064a\u0646 \u0645\u0627\u0631\u0643\u062a\"},\"image\":{\"@id\":\"https:\\\/\\\/yasminfood.ch\\\/de\\\/#\\\/schema\\\/logo\\\/image\\\/\"},\"sameAs\":[\"https:\\\/\\\/www.facebook.com\\\/yasminmarkt1\",\"https:\\\/\\\/www.tiktok.com\\\/@yasminmarkt\",\"https:\\\/\\\/www.instagram.com\\\/yasmin.markt1\\\/\",\"https:\\\/\\\/api.whatsapp.com\\\/send\\\/?phone=41799000104\"],\"publishingPrinciples\":\"https:\\\/\\\/yasminfood.ch\\\/de\\\/shop\\\/\",\"ownershipFundingInfo\":\"https:\\\/\\\/yasminfood.ch\\\/de\\\/shop\\\/\"}]}<\/script>\n<meta property=\"product:price:amount\" content=\"4.50\" \/>\n<meta property=\"product:price:currency\" content=\"CHF\" \/>\n<meta property=\"og:availability\" content=\"instock\" \/>\n<meta property=\"product:availability\" content=\"instock\" \/>\n<meta property=\"product:condition\" content=\"new\" \/>\n<!-- \/ Yoast SEO Premium plugin. -->","yoast_head_json":{"title":"Muskatnuss Hab Abido 50g - Yasmin Food","description":"Muskatnuss Hab Abido 50g Genie\u00dfen Sie den urspr\u00fcnglichen und frisch ausgew\u00e4hlten Geschmack, um Ihren Gerichten einen reichen Duft und einen unwiderstehlich warmen Geschmack zu verleihen.","robots":{"index":"index","follow":"follow","max-snippet":"max-snippet:-1","max-image-preview":"max-image-preview:large","max-video-preview":"max-video-preview:-1"},"canonical":"https:\/\/yasminfood.ch\/de\/product\/muskatnuss-hab-abido-50g\/","og_locale":"de_DE","og_type":"article","og_title":"Muskatnuss Hab Abido 50g","og_description":"Muskatnuss Hab Abido 50g   Genie\u00dfen Sie den originellen und frischen, sorgf\u00e4ltig ausgew\u00e4hlten Geschmack, um Ihren Gerichten einen reichen Duft und einen unwiderstehlich warmen Geschmack zu verleihen.   Ganze Waln\u00fcsse sind die perfekte Wahl, um nat\u00fcrliche \u00e4therische \u00d6le zu konservieren.","og_url":"https:\/\/yasminfood.ch\/de\/product\/muskatnuss-hab-abido-50g\/","og_site_name":"Yasmin Food","article_publisher":"https:\/\/www.facebook.com\/yasminmarkt1","article_modified_time":"2026-02-19T08:16:39+00:00","og_image":[{"width":1080,"height":1080,"url":"https:\/\/yasminfood.ch\/wp-content\/uploads\/2026\/02\/\u062c\u0648\u0632\u0629-\u0627\u0644\u0637\u064a\u0628-\u062d\u0628-\u0639\u0628\u064a\u062f\u0648-50\u063a.png","type":"image\/png"}],"twitter_card":"summary_large_image","twitter_misc":{"Preis":"4.50&nbsp;&#67;&#72;&#70;","Verf\u00fcgbarkeit":"Auf Lager"},"schema":{"@context":"https:\/\/schema.org","@graph":[{"@type":"WebPage","@id":"https:\/\/yasminfood.ch\/de\/product\/muskatnuss-hab-abido-50g\/","url":"https:\/\/yasminfood.ch\/de\/product\/muskatnuss-hab-abido-50g\/","name":"Muskatnuss Hab Abido 50g - Yasmin Food","isPartOf":{"@id":"https:\/\/yasminfood.ch\/de\/#website"},"primaryImageOfPage":{"@id":"https:\/\/yasminfood.ch\/de\/product\/muskatnuss-hab-abido-50g\/#primaryimage"},"image":{"@id":"https:\/\/yasminfood.ch\/de\/product\/muskatnuss-hab-abido-50g\/#primaryimage"},"thumbnailUrl":"https:\/\/yasminfood.ch\/wp-content\/uploads\/2026\/02\/\u062c\u0648\u0632\u0629-\u0627\u0644\u0637\u064a\u0628-\u062d\u0628-\u0639\u0628\u064a\u062f\u0648-50\u063a.png","datePublished":"2026-02-19T07:42:28+00:00","dateModified":"2026-02-19T08:16:39+00:00","description":"Muskatnuss Hab Abido 50g Genie\u00dfen Sie den urspr\u00fcnglichen und frisch ausgew\u00e4hlten Geschmack, um Ihren Gerichten einen reichen Duft und einen unwiderstehlich warmen Geschmack zu verleihen.","breadcrumb":{"@id":"https:\/\/yasminfood.ch\/de\/product\/muskatnuss-hab-abido-50g\/#breadcrumb"},"inLanguage":"de","potentialAction":[{"@type":"ReadAction","target":["https:\/\/yasminfood.ch\/de\/product\/muskatnuss-hab-abido-50g\/"]}]},{"@type":"ImageObject","inLanguage":"de","@id":"https:\/\/yasminfood.ch\/de\/product\/muskatnuss-hab-abido-50g\/#primaryimage","url":"https:\/\/yasminfood.ch\/wp-content\/uploads\/2026\/02\/\u062c\u0648\u0632\u0629-\u0627\u0644\u0637\u064a\u0628-\u062d\u0628-\u0639\u0628\u064a\u062f\u0648-50\u063a.png","contentUrl":"https:\/\/yasminfood.ch\/wp-content\/uploads\/2026\/02\/\u062c\u0648\u0632\u0629-\u0627\u0644\u0637\u064a\u0628-\u062d\u0628-\u0639\u0628\u064a\u062f\u0648-50\u063a.png","width":1080,"height":1080,"caption":"Muskatnuss Hab Abido 50g"},{"@type":"BreadcrumbList","@id":"https:\/\/yasminfood.ch\/de\/product\/muskatnuss-hab-abido-50g\/#breadcrumb","itemListElement":[{"@type":"ListItem","position":1,"name":"\u0627\u0644\u0631\u0626\u064a\u0633\u064a\u0629","item":"https:\/\/yasminfood.ch\/de\/zuhause\/"},{"@type":"ListItem","position":2,"name":"Shop","item":"https:\/\/yasminfood.ch\/de\/shop\/"},{"@type":"ListItem","position":3,"name":"Muskatnuss Hab Abido 50g"}]},{"@type":"WebSite","@id":"https:\/\/yasminfood.ch\/de\/#website","url":"https:\/\/yasminfood.ch\/de\/","name":"\u064a\u0627\u0633\u0645\u064a\u0646 \u0645\u0627\u0631\u0643\u062a","description":"Alles, was Sie brauchen, an einem Ort","publisher":{"@id":"https:\/\/yasminfood.ch\/de\/#organization"},"alternateName":"Yasmin Food","potentialAction":[{"@type":"SearchAction","target":{"@type":"EntryPoint","urlTemplate":"https:\/\/yasminfood.ch\/de\/?s={search_term_string}"},"query-input":{"@type":"PropertyValueSpecification","valueRequired":true,"valueName":"search_term_string"}}],"inLanguage":"de"},{"@type":"Organization","@id":"https:\/\/yasminfood.ch\/de\/#organization","name":"\u064a\u0627\u0633\u0645\u064a\u0646 \u0645\u0627\u0631\u0643\u062a","alternateName":"Yasmin Food","url":"https:\/\/yasminfood.ch\/de\/","logo":{"@type":"ImageObject","inLanguage":"de","@id":"https:\/\/yasminfood.ch\/de\/#\/schema\/logo\/image\/","url":"https:\/\/yasminfood.ch\/wp-content\/uploads\/2025\/05\/yasmin-food-header-logo.png","contentUrl":"https:\/\/yasminfood.ch\/wp-content\/uploads\/2025\/05\/yasmin-food-header-logo.png","width":330,"height":120,"caption":"\u064a\u0627\u0633\u0645\u064a\u0646 \u0645\u0627\u0631\u0643\u062a"},"image":{"@id":"https:\/\/yasminfood.ch\/de\/#\/schema\/logo\/image\/"},"sameAs":["https:\/\/www.facebook.com\/yasminmarkt1","https:\/\/www.tiktok.com\/@yasminmarkt","https:\/\/www.instagram.com\/yasmin.markt1\/","https:\/\/api.whatsapp.com\/send\/?phone=41799000104"],"publishingPrinciples":"https:\/\/yasminfood.ch\/de\/shop\/","ownershipFundingInfo":"https:\/\/yasminfood.ch\/de\/shop\/"}]},"product_price_amount":"4.50","product_price_currency":"CHF","og_availability":"instock","product_availability":"instock","product_condition":"new"},"jetpack_sharing_enabled":true,"_links":{"self":[{"href":"https:\/\/yasminfood.ch\/de\/wp-json\/wp\/v2\/product\/121494","targetHints":{"allow":["GET"]}}],"collection":[{"href":"https:\/\/yasminfood.ch\/de\/wp-json\/wp\/v2\/product"}],"about":[{"href":"https:\/\/yasminfood.ch\/de\/wp-json\/wp\/v2\/types\/product"}],"replies":[{"embeddable":true,"href":"https:\/\/yasminfood.ch\/de\/wp-json\/wp\/v2\/comments?post=121494"}],"version-history":[{"count":0,"href":"https:\/\/yasminfood.ch\/de\/wp-json\/wp\/v2\/product\/121494\/revisions"}],"wp:featuredmedia":[{"embeddable":true,"href":"https:\/\/yasminfood.ch\/de\/wp-json\/wp\/v2\/media\/121495"}],"wp:attachment":[{"href":"https:\/\/yasminfood.ch\/de\/wp-json\/wp\/v2\/media?parent=121494"}],"wp:term":[{"taxonomy":"product_brand","embeddable":true,"href":"https:\/\/yasminfood.ch\/de\/wp-json\/wp\/v2\/product_brand?post=121494"},{"taxonomy":"product_cat","embeddable":true,"href":"https:\/\/yasminfood.ch\/de\/wp-json\/wp\/v2\/product_cat?post=121494"},{"taxonomy":"product_tag","embeddable":true,"href":"https:\/\/yasminfood.ch\/de\/wp-json\/wp\/v2\/product_tag?post=121494"}],"curies":[{"name":"wp","href":"https:\/\/api.w.org\/{rel}","templated":true}]}}