{"id":121542,"date":"2026-02-19T09:31:32","date_gmt":"2026-02-19T08:31:32","guid":{"rendered":"https:\/\/yasminfood.ch\/product\/ubeido-love-bockshornklee-50g\/"},"modified":"2026-02-19T09:43:27","modified_gmt":"2026-02-19T08:43:27","slug":"ubeido-love-bockshornklee-50g","status":"publish","type":"product","link":"https:\/\/yasminfood.ch\/de\/product\/ubeido-love-bockshornklee-50g\/","title":{"rendered":"Ubeido Love Bockshornklee 50g"},"content":{"rendered":"<p data-start=\"0\" data-end=\"21\"><strong data-start=\"0\" data-end=\"21\">Ubeido Love Bockshornklee 50g<\/strong><\/p>\n<ul>\n<li data-start=\"23\" data-end=\"239\">\n<p data-start=\"23\" data-end=\"239\">Das verleiht Ihren Gerichten ein authentisches, traditionelles Flair.<\/p>\n<\/li>\n<li data-start=\"23\" data-end=\"239\">\n<p data-start=\"23\" data-end=\"239\">Bockshornkleebohnen zeichnen sich durch ihren einzigartigen, leicht bitteren Geschmack und ihr aromatisches Aroma aus, das beim R\u00f6sten oder Mahlen hervorsticht.<\/p>\n<p data-start=\"241\" data-end=\"254\"><strong data-start=\"241\" data-end=\"254\">Funktionen:<\/strong><\/p>\n<ul data-start=\"255\" data-end=\"454\">\n<li data-start=\"255\" data-end=\"287\">\n<p data-start=\"257\" data-end=\"287\">Hochwertiges Vollkornbockshornkleek<\/p>\n<\/li>\n<li data-start=\"288\" data-end=\"325\">\n<p data-start=\"290\" data-end=\"325\">Starker Geschmack, der sich beim R\u00f6sten vertieft<\/p>\n<\/li>\n<li data-start=\"326\" data-end=\"361\">\n<p data-start=\"328\" data-end=\"361\">Ideal f\u00fcr orientalische Gerichte und Eint\u00f6pfe<\/p>\n<\/li>\n<li data-start=\"362\" data-end=\"404\">\n<p data-start=\"364\" data-end=\"404\">Geeignet zur Herstellung von Gew\u00fcrz- und Gurkenmischungen<\/p>\n<\/li>\n<li data-start=\"405\" data-end=\"436\">\n<p data-start=\"407\" data-end=\"436\">Kann bei Bedarf frisch gemahlen werden<\/p>\n<\/li>\n<li data-start=\"437\" data-end=\"454\">\n<p data-start=\"439\" data-end=\"454\">Libanesische Industrie<\/p>\n<\/li>\n<\/ul>\n<p data-start=\"456\" data-end=\"610\"><strong data-start=\"456\" data-end=\"476\">Wie man verwendet:<\/strong><br data-start=\"476\" data-end=\"479\">Die Bohnen k\u00f6nnen leicht ger\u00f6stet werden, um ihren Geschmack hervorzuheben, und dann gemahlen oder w\u00e4hrend des Kochens ganz in die Gerichte gegeben werden. Verwenden Sie sie in moderaten Mengen aufgrund der Geschmacksst\u00e4rke.  <\/p>\n<\/li>\n<\/ul>\n","protected":false},"excerpt":{"rendered":"<p data-start=\"0\" data-end=\"21\"><strong data-start=\"0\" data-end=\"21\">Ubeido Love Bockshornklee 50g<\/strong><\/p>\n<ul>\n<li data-start=\"23\" data-end=\"239\">\n<p data-start=\"23\" data-end=\"239\">Das verleiht Ihren Gerichten ein authentisches, traditionelles Flair.<\/p>\n<\/li>\n<li data-start=\"23\" data-end=\"239\">\n<p data-start=\"23\" data-end=\"239\">Bockshornkleebohnen zeichnen sich durch ihren einzigartigen, leicht bitteren Geschmack und ihr aromatisches Aroma aus, das beim R\u00f6sten oder Mahlen hervorsticht.<\/p>\n<\/li>\n<\/ul>\n","protected":false},"featured_media":121545,"comment_status":"open","ping_status":"closed","template":"","meta":[],"product_brand":[2354],"product_cat":[360,356],"product_tag":[],"class_list":{"0":"post-121542","1":"product","2":"type-product","3":"status-publish","4":"has-post-thumbnail","6":"product_brand-abido","7":"product_cat-gewurze","8":"product_cat-gewuerze-nuesse","10":"first","11":"instock","12":"taxable","13":"shipping-taxable","14":"purchasable","15":"product-type-simple"},"yoast_head":"<!-- This site is optimized with the Yoast SEO Premium plugin v26.5 (Yoast SEO v27.3) - https:\/\/yoast.com\/product\/yoast-seo-premium-wordpress\/ -->\n<title>Ubeido Love Bockshornklee 50g - Yasmin Food<\/title>\n<meta name=\"description\" content=\"Ubeido Love Bockshornklee 50g verleiht Ihren Gerichten ein authentisches, traditionelles Flair. Bockshornkleebohnen haben einen einzigartigen, leicht bitteren Geschmack und ein aromatisches Aroma, das beim R\u00f6sten oder Mahlen besonders hervorsticht.\" \/>\n<meta name=\"robots\" content=\"index, follow, max-snippet:-1, max-image-preview:large, max-video-preview:-1\" \/>\n<link rel=\"canonical\" href=\"https:\/\/yasminfood.ch\/de\/product\/ubeido-love-bockshornklee-50g\/\" \/>\n<meta property=\"og:locale\" content=\"de_DE\" \/>\n<meta property=\"og:type\" content=\"article\" \/>\n<meta property=\"og:title\" content=\"Ubeido Love Bockshornklee 50g\" \/>\n<meta property=\"og:description\" content=\"Ubeido Love Bockshornklee 50g   Das verleiht Ihren Gerichten ein authentisches, traditionelles Flair.   Bockshornkleebohnen zeichnen sich durch ihren einzigartigen, leicht bitteren Geschmack und ihr aromatisches Aroma aus, das beim R\u00f6sten oder Mahlen hervorsticht.\" \/>\n<meta property=\"og:url\" content=\"https:\/\/yasminfood.ch\/de\/product\/ubeido-love-bockshornklee-50g\/\" \/>\n<meta property=\"og:site_name\" content=\"Yasmin Food\" \/>\n<meta property=\"article:publisher\" content=\"https:\/\/www.facebook.com\/yasminmarkt1\" \/>\n<meta property=\"article:modified_time\" content=\"2026-02-19T08:43:27+00:00\" \/>\n<meta property=\"og:image\" content=\"https:\/\/yasminfood.ch\/wp-content\/uploads\/2026\/02\/\u062d\u0644\u0628\u0629-\u062d\u0628-\u0639\u0628\u064a\u062f\u0648-50\u063a.png\" \/>\n\t<meta property=\"og:image:width\" content=\"1080\" \/>\n\t<meta property=\"og:image:height\" content=\"1080\" \/>\n\t<meta property=\"og:image:type\" content=\"image\/png\" \/>\n<meta name=\"twitter:card\" content=\"summary_large_image\" \/>\n<meta name=\"twitter:label1\" content=\"Preis\" \/>\n\t<meta name=\"twitter:data1\" content=\"2.95&nbsp;&#067;&#072;&#070;\" \/>\n\t<meta name=\"twitter:label2\" content=\"Verf\u00fcgbarkeit\" \/>\n\t<meta name=\"twitter:data2\" content=\"Auf Lager\" \/>\n<script type=\"application\/ld+json\" class=\"yoast-schema-graph\">{\"@context\":\"https:\\\/\\\/schema.org\",\"@graph\":[{\"@type\":\"WebPage\",\"@id\":\"https:\\\/\\\/yasminfood.ch\\\/de\\\/product\\\/ubeido-love-bockshornklee-50g\\\/\",\"url\":\"https:\\\/\\\/yasminfood.ch\\\/de\\\/product\\\/ubeido-love-bockshornklee-50g\\\/\",\"name\":\"Ubeido Love Bockshornklee 50g - Yasmin Food\",\"isPartOf\":{\"@id\":\"https:\\\/\\\/yasminfood.ch\\\/de\\\/#website\"},\"primaryImageOfPage\":{\"@id\":\"https:\\\/\\\/yasminfood.ch\\\/de\\\/product\\\/ubeido-love-bockshornklee-50g\\\/#primaryimage\"},\"image\":{\"@id\":\"https:\\\/\\\/yasminfood.ch\\\/de\\\/product\\\/ubeido-love-bockshornklee-50g\\\/#primaryimage\"},\"thumbnailUrl\":\"https:\\\/\\\/yasminfood.ch\\\/wp-content\\\/uploads\\\/2026\\\/02\\\/\u062d\u0644\u0628\u0629-\u062d\u0628-\u0639\u0628\u064a\u062f\u0648-50\u063a.png\",\"datePublished\":\"2026-02-19T08:31:32+00:00\",\"dateModified\":\"2026-02-19T08:43:27+00:00\",\"description\":\"Ubeido Love Bockshornklee 50g verleiht Ihren Gerichten ein authentisches, traditionelles Flair. Bockshornkleebohnen haben einen einzigartigen, leicht bitteren Geschmack und ein aromatisches Aroma, das beim R\u00f6sten oder Mahlen besonders hervorsticht.\",\"breadcrumb\":{\"@id\":\"https:\\\/\\\/yasminfood.ch\\\/de\\\/product\\\/ubeido-love-bockshornklee-50g\\\/#breadcrumb\"},\"inLanguage\":\"de\",\"potentialAction\":[{\"@type\":\"ReadAction\",\"target\":[\"https:\\\/\\\/yasminfood.ch\\\/de\\\/product\\\/ubeido-love-bockshornklee-50g\\\/\"]}]},{\"@type\":\"ImageObject\",\"inLanguage\":\"de\",\"@id\":\"https:\\\/\\\/yasminfood.ch\\\/de\\\/product\\\/ubeido-love-bockshornklee-50g\\\/#primaryimage\",\"url\":\"https:\\\/\\\/yasminfood.ch\\\/wp-content\\\/uploads\\\/2026\\\/02\\\/\u062d\u0644\u0628\u0629-\u062d\u0628-\u0639\u0628\u064a\u062f\u0648-50\u063a.png\",\"contentUrl\":\"https:\\\/\\\/yasminfood.ch\\\/wp-content\\\/uploads\\\/2026\\\/02\\\/\u062d\u0644\u0628\u0629-\u062d\u0628-\u0639\u0628\u064a\u062f\u0648-50\u063a.png\",\"width\":1080,\"height\":1080,\"caption\":\"Ubeido Love Bockshornklee 50g\"},{\"@type\":\"BreadcrumbList\",\"@id\":\"https:\\\/\\\/yasminfood.ch\\\/de\\\/product\\\/ubeido-love-bockshornklee-50g\\\/#breadcrumb\",\"itemListElement\":[{\"@type\":\"ListItem\",\"position\":1,\"name\":\"\u0627\u0644\u0631\u0626\u064a\u0633\u064a\u0629\",\"item\":\"https:\\\/\\\/yasminfood.ch\\\/de\\\/zuhause\\\/\"},{\"@type\":\"ListItem\",\"position\":2,\"name\":\"Shop\",\"item\":\"https:\\\/\\\/yasminfood.ch\\\/de\\\/shop\\\/\"},{\"@type\":\"ListItem\",\"position\":3,\"name\":\"Gew\u00fcrze &amp; N\u00fcsse\",\"item\":\"https:\\\/\\\/yasminfood.ch\\\/de\\\/produkt-kategorie\\\/gewuerze-nuesse\\\/\"},{\"@type\":\"ListItem\",\"position\":4,\"name\":\"Ubeido Love Bockshornklee 50g\"}]},{\"@type\":\"WebSite\",\"@id\":\"https:\\\/\\\/yasminfood.ch\\\/de\\\/#website\",\"url\":\"https:\\\/\\\/yasminfood.ch\\\/de\\\/\",\"name\":\"\u064a\u0627\u0633\u0645\u064a\u0646 \u0645\u0627\u0631\u0643\u062a\",\"description\":\"Alles, was Sie brauchen, an einem Ort\",\"publisher\":{\"@id\":\"https:\\\/\\\/yasminfood.ch\\\/de\\\/#organization\"},\"alternateName\":\"Yasmin Food\",\"potentialAction\":[{\"@type\":\"SearchAction\",\"target\":{\"@type\":\"EntryPoint\",\"urlTemplate\":\"https:\\\/\\\/yasminfood.ch\\\/de\\\/?s={search_term_string}\"},\"query-input\":{\"@type\":\"PropertyValueSpecification\",\"valueRequired\":true,\"valueName\":\"search_term_string\"}}],\"inLanguage\":\"de\"},{\"@type\":\"Organization\",\"@id\":\"https:\\\/\\\/yasminfood.ch\\\/de\\\/#organization\",\"name\":\"\u064a\u0627\u0633\u0645\u064a\u0646 \u0645\u0627\u0631\u0643\u062a\",\"alternateName\":\"Yasmin Food\",\"url\":\"https:\\\/\\\/yasminfood.ch\\\/de\\\/\",\"logo\":{\"@type\":\"ImageObject\",\"inLanguage\":\"de\",\"@id\":\"https:\\\/\\\/yasminfood.ch\\\/de\\\/#\\\/schema\\\/logo\\\/image\\\/\",\"url\":\"https:\\\/\\\/yasminfood.ch\\\/wp-content\\\/uploads\\\/2025\\\/05\\\/yasmin-food-header-logo.png\",\"contentUrl\":\"https:\\\/\\\/yasminfood.ch\\\/wp-content\\\/uploads\\\/2025\\\/05\\\/yasmin-food-header-logo.png\",\"width\":330,\"height\":120,\"caption\":\"\u064a\u0627\u0633\u0645\u064a\u0646 \u0645\u0627\u0631\u0643\u062a\"},\"image\":{\"@id\":\"https:\\\/\\\/yasminfood.ch\\\/de\\\/#\\\/schema\\\/logo\\\/image\\\/\"},\"sameAs\":[\"https:\\\/\\\/www.facebook.com\\\/yasminmarkt1\",\"https:\\\/\\\/www.tiktok.com\\\/@yasminmarkt\",\"https:\\\/\\\/www.instagram.com\\\/yasmin.markt1\\\/\",\"https:\\\/\\\/api.whatsapp.com\\\/send\\\/?phone=41799000104\"],\"publishingPrinciples\":\"https:\\\/\\\/yasminfood.ch\\\/de\\\/shop\\\/\",\"ownershipFundingInfo\":\"https:\\\/\\\/yasminfood.ch\\\/de\\\/shop\\\/\"}]}<\/script>\n<meta property=\"product:price:amount\" content=\"2.95\" \/>\n<meta property=\"product:price:currency\" content=\"CHF\" \/>\n<meta property=\"og:availability\" content=\"instock\" \/>\n<meta property=\"product:availability\" content=\"instock\" \/>\n<meta property=\"product:condition\" content=\"new\" \/>\n<!-- \/ Yoast SEO Premium plugin. -->","yoast_head_json":{"title":"Ubeido Love Bockshornklee 50g - Yasmin Food","description":"Ubeido Love Bockshornklee 50g verleiht Ihren Gerichten ein authentisches, traditionelles Flair. Bockshornkleebohnen haben einen einzigartigen, leicht bitteren Geschmack und ein aromatisches Aroma, das beim R\u00f6sten oder Mahlen besonders hervorsticht.","robots":{"index":"index","follow":"follow","max-snippet":"max-snippet:-1","max-image-preview":"max-image-preview:large","max-video-preview":"max-video-preview:-1"},"canonical":"https:\/\/yasminfood.ch\/de\/product\/ubeido-love-bockshornklee-50g\/","og_locale":"de_DE","og_type":"article","og_title":"Ubeido Love Bockshornklee 50g","og_description":"Ubeido Love Bockshornklee 50g   Das verleiht Ihren Gerichten ein authentisches, traditionelles Flair.   Bockshornkleebohnen zeichnen sich durch ihren einzigartigen, leicht bitteren Geschmack und ihr aromatisches Aroma aus, das beim R\u00f6sten oder Mahlen hervorsticht.","og_url":"https:\/\/yasminfood.ch\/de\/product\/ubeido-love-bockshornklee-50g\/","og_site_name":"Yasmin Food","article_publisher":"https:\/\/www.facebook.com\/yasminmarkt1","article_modified_time":"2026-02-19T08:43:27+00:00","og_image":[{"width":1080,"height":1080,"url":"https:\/\/yasminfood.ch\/wp-content\/uploads\/2026\/02\/\u062d\u0644\u0628\u0629-\u062d\u0628-\u0639\u0628\u064a\u062f\u0648-50\u063a.png","type":"image\/png"}],"twitter_card":"summary_large_image","twitter_misc":{"Preis":"2.95&nbsp;&#67;&#72;&#70;","Verf\u00fcgbarkeit":"Auf Lager"},"schema":{"@context":"https:\/\/schema.org","@graph":[{"@type":"WebPage","@id":"https:\/\/yasminfood.ch\/de\/product\/ubeido-love-bockshornklee-50g\/","url":"https:\/\/yasminfood.ch\/de\/product\/ubeido-love-bockshornklee-50g\/","name":"Ubeido Love Bockshornklee 50g - Yasmin Food","isPartOf":{"@id":"https:\/\/yasminfood.ch\/de\/#website"},"primaryImageOfPage":{"@id":"https:\/\/yasminfood.ch\/de\/product\/ubeido-love-bockshornklee-50g\/#primaryimage"},"image":{"@id":"https:\/\/yasminfood.ch\/de\/product\/ubeido-love-bockshornklee-50g\/#primaryimage"},"thumbnailUrl":"https:\/\/yasminfood.ch\/wp-content\/uploads\/2026\/02\/\u062d\u0644\u0628\u0629-\u062d\u0628-\u0639\u0628\u064a\u062f\u0648-50\u063a.png","datePublished":"2026-02-19T08:31:32+00:00","dateModified":"2026-02-19T08:43:27+00:00","description":"Ubeido Love Bockshornklee 50g verleiht Ihren Gerichten ein authentisches, traditionelles Flair. Bockshornkleebohnen haben einen einzigartigen, leicht bitteren Geschmack und ein aromatisches Aroma, das beim R\u00f6sten oder Mahlen besonders hervorsticht.","breadcrumb":{"@id":"https:\/\/yasminfood.ch\/de\/product\/ubeido-love-bockshornklee-50g\/#breadcrumb"},"inLanguage":"de","potentialAction":[{"@type":"ReadAction","target":["https:\/\/yasminfood.ch\/de\/product\/ubeido-love-bockshornklee-50g\/"]}]},{"@type":"ImageObject","inLanguage":"de","@id":"https:\/\/yasminfood.ch\/de\/product\/ubeido-love-bockshornklee-50g\/#primaryimage","url":"https:\/\/yasminfood.ch\/wp-content\/uploads\/2026\/02\/\u062d\u0644\u0628\u0629-\u062d\u0628-\u0639\u0628\u064a\u062f\u0648-50\u063a.png","contentUrl":"https:\/\/yasminfood.ch\/wp-content\/uploads\/2026\/02\/\u062d\u0644\u0628\u0629-\u062d\u0628-\u0639\u0628\u064a\u062f\u0648-50\u063a.png","width":1080,"height":1080,"caption":"Ubeido Love Bockshornklee 50g"},{"@type":"BreadcrumbList","@id":"https:\/\/yasminfood.ch\/de\/product\/ubeido-love-bockshornklee-50g\/#breadcrumb","itemListElement":[{"@type":"ListItem","position":1,"name":"\u0627\u0644\u0631\u0626\u064a\u0633\u064a\u0629","item":"https:\/\/yasminfood.ch\/de\/zuhause\/"},{"@type":"ListItem","position":2,"name":"Shop","item":"https:\/\/yasminfood.ch\/de\/shop\/"},{"@type":"ListItem","position":3,"name":"Gew\u00fcrze &amp; N\u00fcsse","item":"https:\/\/yasminfood.ch\/de\/produkt-kategorie\/gewuerze-nuesse\/"},{"@type":"ListItem","position":4,"name":"Ubeido Love Bockshornklee 50g"}]},{"@type":"WebSite","@id":"https:\/\/yasminfood.ch\/de\/#website","url":"https:\/\/yasminfood.ch\/de\/","name":"\u064a\u0627\u0633\u0645\u064a\u0646 \u0645\u0627\u0631\u0643\u062a","description":"Alles, was Sie brauchen, an einem Ort","publisher":{"@id":"https:\/\/yasminfood.ch\/de\/#organization"},"alternateName":"Yasmin Food","potentialAction":[{"@type":"SearchAction","target":{"@type":"EntryPoint","urlTemplate":"https:\/\/yasminfood.ch\/de\/?s={search_term_string}"},"query-input":{"@type":"PropertyValueSpecification","valueRequired":true,"valueName":"search_term_string"}}],"inLanguage":"de"},{"@type":"Organization","@id":"https:\/\/yasminfood.ch\/de\/#organization","name":"\u064a\u0627\u0633\u0645\u064a\u0646 \u0645\u0627\u0631\u0643\u062a","alternateName":"Yasmin Food","url":"https:\/\/yasminfood.ch\/de\/","logo":{"@type":"ImageObject","inLanguage":"de","@id":"https:\/\/yasminfood.ch\/de\/#\/schema\/logo\/image\/","url":"https:\/\/yasminfood.ch\/wp-content\/uploads\/2025\/05\/yasmin-food-header-logo.png","contentUrl":"https:\/\/yasminfood.ch\/wp-content\/uploads\/2025\/05\/yasmin-food-header-logo.png","width":330,"height":120,"caption":"\u064a\u0627\u0633\u0645\u064a\u0646 \u0645\u0627\u0631\u0643\u062a"},"image":{"@id":"https:\/\/yasminfood.ch\/de\/#\/schema\/logo\/image\/"},"sameAs":["https:\/\/www.facebook.com\/yasminmarkt1","https:\/\/www.tiktok.com\/@yasminmarkt","https:\/\/www.instagram.com\/yasmin.markt1\/","https:\/\/api.whatsapp.com\/send\/?phone=41799000104"],"publishingPrinciples":"https:\/\/yasminfood.ch\/de\/shop\/","ownershipFundingInfo":"https:\/\/yasminfood.ch\/de\/shop\/"}]},"product_price_amount":"2.95","product_price_currency":"CHF","og_availability":"instock","product_availability":"instock","product_condition":"new"},"jetpack_sharing_enabled":true,"_links":{"self":[{"href":"https:\/\/yasminfood.ch\/de\/wp-json\/wp\/v2\/product\/121542","targetHints":{"allow":["GET"]}}],"collection":[{"href":"https:\/\/yasminfood.ch\/de\/wp-json\/wp\/v2\/product"}],"about":[{"href":"https:\/\/yasminfood.ch\/de\/wp-json\/wp\/v2\/types\/product"}],"replies":[{"embeddable":true,"href":"https:\/\/yasminfood.ch\/de\/wp-json\/wp\/v2\/comments?post=121542"}],"version-history":[{"count":1,"href":"https:\/\/yasminfood.ch\/de\/wp-json\/wp\/v2\/product\/121542\/revisions"}],"predecessor-version":[{"id":121551,"href":"https:\/\/yasminfood.ch\/de\/wp-json\/wp\/v2\/product\/121542\/revisions\/121551"}],"wp:featuredmedia":[{"embeddable":true,"href":"https:\/\/yasminfood.ch\/de\/wp-json\/wp\/v2\/media\/121545"}],"wp:attachment":[{"href":"https:\/\/yasminfood.ch\/de\/wp-json\/wp\/v2\/media?parent=121542"}],"wp:term":[{"taxonomy":"product_brand","embeddable":true,"href":"https:\/\/yasminfood.ch\/de\/wp-json\/wp\/v2\/product_brand?post=121542"},{"taxonomy":"product_cat","embeddable":true,"href":"https:\/\/yasminfood.ch\/de\/wp-json\/wp\/v2\/product_cat?post=121542"},{"taxonomy":"product_tag","embeddable":true,"href":"https:\/\/yasminfood.ch\/de\/wp-json\/wp\/v2\/product_tag?post=121542"}],"curies":[{"name":"wp","href":"https:\/\/api.w.org\/{rel}","templated":true}]}}