{"id":121584,"date":"2026-02-19T09:48:33","date_gmt":"2026-02-19T08:48:33","guid":{"rendered":"https:\/\/yasminfood.ch\/product\/obeido-soft-kibbeh-gewuerze-50g\/"},"modified":"2026-02-19T09:49:37","modified_gmt":"2026-02-19T08:49:37","slug":"obeido-soft-kibbeh-gewuerze-50g","status":"publish","type":"product","link":"https:\/\/yasminfood.ch\/de\/product\/obeido-soft-kibbeh-gewuerze-50g\/","title":{"rendered":"Obeido Soft Kibbeh Gew\u00fcrze 50g"},"content":{"rendered":"<p data-start=\"0\" data-end=\"28\"><strong data-start=\"0\" data-end=\"28\">Obeido Soft Kibbeh Gew\u00fcrze 50g<\/strong><\/p>\n<ul>\n<li data-start=\"30\" data-end=\"207\">\n<p data-start=\"30\" data-end=\"207\">Bereiten Sie Kibbeh mit seinem authentischen Geschmack und ausgewogenen Geschmack zu.<\/p>\n<\/li>\n<li data-start=\"30\" data-end=\"207\">\n<p data-start=\"30\" data-end=\"207\">  Eine markante Mischung sorgf\u00e4ltig ausgew\u00e4hlter aromatischer Gew\u00fcrze, die dem Fleisch und Bulgur einen reichen Geschmack und einen traditionellen orientalischen Touch verleiht.<\/p>\n<p data-start=\"209\" data-end=\"222\"><strong data-start=\"209\" data-end=\"222\">Funktionen:<\/strong><\/p>\n<ul data-start=\"223\" data-end=\"448\">\n<li data-start=\"223\" data-end=\"260\">\n<p data-start=\"225\" data-end=\"260\">Eine spezielle Mischung zur Zubereitung von Kibbeh mit vollst\u00e4ndigem Geschmack<\/p>\n<\/li>\n<li data-start=\"261\" data-end=\"299\">\n<p data-start=\"263\" data-end=\"299\">Warmer, ausgewogener Geschmack, der den Geschmack von Fleisch verst\u00e4rkt<\/p>\n<\/li>\n<li data-start=\"300\" data-end=\"344\">\n<p data-start=\"302\" data-end=\"344\">Perfekt f\u00fcr frittiertes, gegrilltes oder geformtes Kibbeh <\/p>\n<\/li>\n<li data-start=\"345\" data-end=\"387\">\n<p data-start=\"347\" data-end=\"387\">Geeignet auch f\u00fcr einige Hackfleischgerichte<\/p>\n<\/li>\n<li data-start=\"388\" data-end=\"430\">\n<p data-start=\"390\" data-end=\"430\">Fein gemahlen, um sie leicht mit Zutaten zu vermischen<\/p>\n<\/li>\n<li data-start=\"431\" data-end=\"448\">\n<p data-start=\"433\" data-end=\"448\">Libanesische Industrie<\/p>\n<\/li>\n<\/ul>\n<p data-start=\"450\" data-end=\"588\"><strong data-start=\"450\" data-end=\"470\">Wie man verwendet:<\/strong><br data-start=\"470\" data-end=\"473\">F\u00fcgen Sie w\u00e4hrend der Zubereitung der Fleisch- und Bulgurmischung hinzu und k\u00f6nnen auch als Kibbeh-F\u00fcllung verwendet werden, um den Geschmack hervorzuheben. Passen Sie es nach Geschmack an.  <\/p>\n<p data-start=\"590\" data-end=\"617\">\n<\/li>\n<\/ul>\n","protected":false},"excerpt":{"rendered":"<p data-start=\"0\" data-end=\"28\"><strong data-start=\"0\" data-end=\"28\">Obeido Soft Kibbeh Gew\u00fcrze 50g<\/strong><\/p>\n<ul>\n<li data-start=\"30\" data-end=\"207\">\n<p data-start=\"30\" data-end=\"207\">Bereiten Sie Kibbeh mit seinem authentischen Geschmack und ausgewogenen Geschmack zu.<\/p>\n<\/li>\n<li data-start=\"30\" data-end=\"207\">\n<p data-start=\"30\" data-end=\"207\">  Eine markante Mischung sorgf\u00e4ltig ausgew\u00e4hlter aromatischer Gew\u00fcrze, die dem Fleisch und Bulgur einen reichen Geschmack und einen traditionellen orientalischen Touch verleiht.<\/p>\n<\/li>\n<\/ul>\n<p data-start=\"30\" data-end=\"207\">\n","protected":false},"featured_media":121585,"comment_status":"open","ping_status":"closed","template":"","meta":[],"product_brand":[2354],"product_cat":[360,356],"product_tag":[],"class_list":{"0":"post-121584","1":"product","2":"type-product","3":"status-publish","4":"has-post-thumbnail","6":"product_brand-abido","7":"product_cat-gewurze","8":"product_cat-gewuerze-nuesse","10":"first","11":"instock","12":"taxable","13":"shipping-taxable","14":"purchasable","15":"product-type-simple"},"yoast_head":"<!-- This site is optimized with the Yoast SEO Premium plugin v26.5 (Yoast SEO v27.3) - https:\/\/yoast.com\/product\/yoast-seo-premium-wordpress\/ -->\n<title>Obeido Soft Kibbeh Gew\u00fcrze 50g - Yasmin Food<\/title>\n<meta name=\"description\" content=\"Eine markante Mischung sorgf\u00e4ltig ausgew\u00e4hlter aromatischer Gew\u00fcrze, die dem Fleisch und Bulgur einen reichen Geschmack und eine traditionelle orientalische Note verleiht.\" \/>\n<meta name=\"robots\" content=\"index, follow, max-snippet:-1, max-image-preview:large, max-video-preview:-1\" \/>\n<link rel=\"canonical\" href=\"https:\/\/yasminfood.ch\/de\/product\/obeido-soft-kibbeh-gewuerze-50g\/\" \/>\n<meta property=\"og:locale\" content=\"de_DE\" \/>\n<meta property=\"og:type\" content=\"article\" \/>\n<meta property=\"og:title\" content=\"Obeido Soft Kibbeh Gew\u00fcrze 50g\" \/>\n<meta property=\"og:description\" content=\"Obeido Soft Kibbeh Gew\u00fcrze 50g   Bereiten Sie Kibbeh mit seinem authentischen Geschmack und ausgewogenen Geschmack zu.    Eine markante Mischung sorgf\u00e4ltig ausgew\u00e4hlter aromatischer Gew\u00fcrze, die dem Fleisch und Bulgur einen reichen Geschmack und einen traditionellen orientalischen Touch verleiht.\" \/>\n<meta property=\"og:url\" content=\"https:\/\/yasminfood.ch\/de\/product\/obeido-soft-kibbeh-gewuerze-50g\/\" \/>\n<meta property=\"og:site_name\" content=\"Yasmin Food\" \/>\n<meta property=\"article:publisher\" content=\"https:\/\/www.facebook.com\/yasminmarkt1\" \/>\n<meta property=\"article:modified_time\" content=\"2026-02-19T08:49:37+00:00\" \/>\n<meta property=\"og:image\" content=\"https:\/\/yasminfood.ch\/wp-content\/uploads\/2026\/02\/\u0628\u0647\u0627\u0631-\u0643\u0628\u0629-\u0646\u0627\u0639\u0645\u0629-\u0639\u0628\u064a\u062f\u0648-50\u063a.png\" \/>\n\t<meta property=\"og:image:width\" content=\"1080\" \/>\n\t<meta property=\"og:image:height\" content=\"1080\" \/>\n\t<meta property=\"og:image:type\" content=\"image\/png\" \/>\n<meta name=\"twitter:card\" content=\"summary_large_image\" \/>\n<meta name=\"twitter:label1\" content=\"Preis\" \/>\n\t<meta name=\"twitter:data1\" content=\"2.50&nbsp;&#067;&#072;&#070;\" \/>\n\t<meta name=\"twitter:label2\" content=\"Verf\u00fcgbarkeit\" \/>\n\t<meta name=\"twitter:data2\" content=\"Auf Lager\" \/>\n<script type=\"application\/ld+json\" class=\"yoast-schema-graph\">{\"@context\":\"https:\\\/\\\/schema.org\",\"@graph\":[{\"@type\":\"WebPage\",\"@id\":\"https:\\\/\\\/yasminfood.ch\\\/de\\\/product\\\/obeido-soft-kibbeh-gewuerze-50g\\\/\",\"url\":\"https:\\\/\\\/yasminfood.ch\\\/de\\\/product\\\/obeido-soft-kibbeh-gewuerze-50g\\\/\",\"name\":\"Obeido Soft Kibbeh Gew\u00fcrze 50g - Yasmin Food\",\"isPartOf\":{\"@id\":\"https:\\\/\\\/yasminfood.ch\\\/de\\\/#website\"},\"primaryImageOfPage\":{\"@id\":\"https:\\\/\\\/yasminfood.ch\\\/de\\\/product\\\/obeido-soft-kibbeh-gewuerze-50g\\\/#primaryimage\"},\"image\":{\"@id\":\"https:\\\/\\\/yasminfood.ch\\\/de\\\/product\\\/obeido-soft-kibbeh-gewuerze-50g\\\/#primaryimage\"},\"thumbnailUrl\":\"https:\\\/\\\/yasminfood.ch\\\/wp-content\\\/uploads\\\/2026\\\/02\\\/\u0628\u0647\u0627\u0631-\u0643\u0628\u0629-\u0646\u0627\u0639\u0645\u0629-\u0639\u0628\u064a\u062f\u0648-50\u063a.png\",\"datePublished\":\"2026-02-19T08:48:33+00:00\",\"dateModified\":\"2026-02-19T08:49:37+00:00\",\"description\":\"Eine markante Mischung sorgf\u00e4ltig ausgew\u00e4hlter aromatischer Gew\u00fcrze, die dem Fleisch und Bulgur einen reichen Geschmack und eine traditionelle orientalische Note verleiht.\",\"breadcrumb\":{\"@id\":\"https:\\\/\\\/yasminfood.ch\\\/de\\\/product\\\/obeido-soft-kibbeh-gewuerze-50g\\\/#breadcrumb\"},\"inLanguage\":\"de\",\"potentialAction\":[{\"@type\":\"ReadAction\",\"target\":[\"https:\\\/\\\/yasminfood.ch\\\/de\\\/product\\\/obeido-soft-kibbeh-gewuerze-50g\\\/\"]}]},{\"@type\":\"ImageObject\",\"inLanguage\":\"de\",\"@id\":\"https:\\\/\\\/yasminfood.ch\\\/de\\\/product\\\/obeido-soft-kibbeh-gewuerze-50g\\\/#primaryimage\",\"url\":\"https:\\\/\\\/yasminfood.ch\\\/wp-content\\\/uploads\\\/2026\\\/02\\\/\u0628\u0647\u0627\u0631-\u0643\u0628\u0629-\u0646\u0627\u0639\u0645\u0629-\u0639\u0628\u064a\u062f\u0648-50\u063a.png\",\"contentUrl\":\"https:\\\/\\\/yasminfood.ch\\\/wp-content\\\/uploads\\\/2026\\\/02\\\/\u0628\u0647\u0627\u0631-\u0643\u0628\u0629-\u0646\u0627\u0639\u0645\u0629-\u0639\u0628\u064a\u062f\u0648-50\u063a.png\",\"width\":1080,\"height\":1080,\"caption\":\"Obeido Soft Kibbeh Gew\u00fcrze 50g\"},{\"@type\":\"BreadcrumbList\",\"@id\":\"https:\\\/\\\/yasminfood.ch\\\/de\\\/product\\\/obeido-soft-kibbeh-gewuerze-50g\\\/#breadcrumb\",\"itemListElement\":[{\"@type\":\"ListItem\",\"position\":1,\"name\":\"\u0627\u0644\u0631\u0626\u064a\u0633\u064a\u0629\",\"item\":\"https:\\\/\\\/yasminfood.ch\\\/de\\\/zuhause\\\/\"},{\"@type\":\"ListItem\",\"position\":2,\"name\":\"Shop\",\"item\":\"https:\\\/\\\/yasminfood.ch\\\/de\\\/shop\\\/\"},{\"@type\":\"ListItem\",\"position\":3,\"name\":\"Obeido Soft Kibbeh Gew\u00fcrze 50g\"}]},{\"@type\":\"WebSite\",\"@id\":\"https:\\\/\\\/yasminfood.ch\\\/de\\\/#website\",\"url\":\"https:\\\/\\\/yasminfood.ch\\\/de\\\/\",\"name\":\"\u064a\u0627\u0633\u0645\u064a\u0646 \u0645\u0627\u0631\u0643\u062a\",\"description\":\"Alles, was Sie brauchen, an einem Ort\",\"publisher\":{\"@id\":\"https:\\\/\\\/yasminfood.ch\\\/de\\\/#organization\"},\"alternateName\":\"Yasmin Food\",\"potentialAction\":[{\"@type\":\"SearchAction\",\"target\":{\"@type\":\"EntryPoint\",\"urlTemplate\":\"https:\\\/\\\/yasminfood.ch\\\/de\\\/?s={search_term_string}\"},\"query-input\":{\"@type\":\"PropertyValueSpecification\",\"valueRequired\":true,\"valueName\":\"search_term_string\"}}],\"inLanguage\":\"de\"},{\"@type\":\"Organization\",\"@id\":\"https:\\\/\\\/yasminfood.ch\\\/de\\\/#organization\",\"name\":\"\u064a\u0627\u0633\u0645\u064a\u0646 \u0645\u0627\u0631\u0643\u062a\",\"alternateName\":\"Yasmin Food\",\"url\":\"https:\\\/\\\/yasminfood.ch\\\/de\\\/\",\"logo\":{\"@type\":\"ImageObject\",\"inLanguage\":\"de\",\"@id\":\"https:\\\/\\\/yasminfood.ch\\\/de\\\/#\\\/schema\\\/logo\\\/image\\\/\",\"url\":\"https:\\\/\\\/yasminfood.ch\\\/wp-content\\\/uploads\\\/2025\\\/05\\\/yasmin-food-header-logo.png\",\"contentUrl\":\"https:\\\/\\\/yasminfood.ch\\\/wp-content\\\/uploads\\\/2025\\\/05\\\/yasmin-food-header-logo.png\",\"width\":330,\"height\":120,\"caption\":\"\u064a\u0627\u0633\u0645\u064a\u0646 \u0645\u0627\u0631\u0643\u062a\"},\"image\":{\"@id\":\"https:\\\/\\\/yasminfood.ch\\\/de\\\/#\\\/schema\\\/logo\\\/image\\\/\"},\"sameAs\":[\"https:\\\/\\\/www.facebook.com\\\/yasminmarkt1\",\"https:\\\/\\\/www.tiktok.com\\\/@yasminmarkt\",\"https:\\\/\\\/www.instagram.com\\\/yasmin.markt1\\\/\",\"https:\\\/\\\/api.whatsapp.com\\\/send\\\/?phone=41799000104\"],\"publishingPrinciples\":\"https:\\\/\\\/yasminfood.ch\\\/de\\\/shop\\\/\",\"ownershipFundingInfo\":\"https:\\\/\\\/yasminfood.ch\\\/de\\\/shop\\\/\"}]}<\/script>\n<meta property=\"product:price:amount\" content=\"2.50\" \/>\n<meta property=\"product:price:currency\" content=\"CHF\" \/>\n<meta property=\"og:availability\" content=\"instock\" \/>\n<meta property=\"product:availability\" content=\"instock\" \/>\n<meta property=\"product:condition\" content=\"new\" \/>\n<!-- \/ Yoast SEO Premium plugin. -->","yoast_head_json":{"title":"Obeido Soft Kibbeh Gew\u00fcrze 50g - Yasmin Food","description":"Eine markante Mischung sorgf\u00e4ltig ausgew\u00e4hlter aromatischer Gew\u00fcrze, die dem Fleisch und Bulgur einen reichen Geschmack und eine traditionelle orientalische Note verleiht.","robots":{"index":"index","follow":"follow","max-snippet":"max-snippet:-1","max-image-preview":"max-image-preview:large","max-video-preview":"max-video-preview:-1"},"canonical":"https:\/\/yasminfood.ch\/de\/product\/obeido-soft-kibbeh-gewuerze-50g\/","og_locale":"de_DE","og_type":"article","og_title":"Obeido Soft Kibbeh Gew\u00fcrze 50g","og_description":"Obeido Soft Kibbeh Gew\u00fcrze 50g   Bereiten Sie Kibbeh mit seinem authentischen Geschmack und ausgewogenen Geschmack zu.    Eine markante Mischung sorgf\u00e4ltig ausgew\u00e4hlter aromatischer Gew\u00fcrze, die dem Fleisch und Bulgur einen reichen Geschmack und einen traditionellen orientalischen Touch verleiht.","og_url":"https:\/\/yasminfood.ch\/de\/product\/obeido-soft-kibbeh-gewuerze-50g\/","og_site_name":"Yasmin Food","article_publisher":"https:\/\/www.facebook.com\/yasminmarkt1","article_modified_time":"2026-02-19T08:49:37+00:00","og_image":[{"width":1080,"height":1080,"url":"https:\/\/yasminfood.ch\/wp-content\/uploads\/2026\/02\/\u0628\u0647\u0627\u0631-\u0643\u0628\u0629-\u0646\u0627\u0639\u0645\u0629-\u0639\u0628\u064a\u062f\u0648-50\u063a.png","type":"image\/png"}],"twitter_card":"summary_large_image","twitter_misc":{"Preis":"2.50&nbsp;&#67;&#72;&#70;","Verf\u00fcgbarkeit":"Auf Lager"},"schema":{"@context":"https:\/\/schema.org","@graph":[{"@type":"WebPage","@id":"https:\/\/yasminfood.ch\/de\/product\/obeido-soft-kibbeh-gewuerze-50g\/","url":"https:\/\/yasminfood.ch\/de\/product\/obeido-soft-kibbeh-gewuerze-50g\/","name":"Obeido Soft Kibbeh Gew\u00fcrze 50g - Yasmin Food","isPartOf":{"@id":"https:\/\/yasminfood.ch\/de\/#website"},"primaryImageOfPage":{"@id":"https:\/\/yasminfood.ch\/de\/product\/obeido-soft-kibbeh-gewuerze-50g\/#primaryimage"},"image":{"@id":"https:\/\/yasminfood.ch\/de\/product\/obeido-soft-kibbeh-gewuerze-50g\/#primaryimage"},"thumbnailUrl":"https:\/\/yasminfood.ch\/wp-content\/uploads\/2026\/02\/\u0628\u0647\u0627\u0631-\u0643\u0628\u0629-\u0646\u0627\u0639\u0645\u0629-\u0639\u0628\u064a\u062f\u0648-50\u063a.png","datePublished":"2026-02-19T08:48:33+00:00","dateModified":"2026-02-19T08:49:37+00:00","description":"Eine markante Mischung sorgf\u00e4ltig ausgew\u00e4hlter aromatischer Gew\u00fcrze, die dem Fleisch und Bulgur einen reichen Geschmack und eine traditionelle orientalische Note verleiht.","breadcrumb":{"@id":"https:\/\/yasminfood.ch\/de\/product\/obeido-soft-kibbeh-gewuerze-50g\/#breadcrumb"},"inLanguage":"de","potentialAction":[{"@type":"ReadAction","target":["https:\/\/yasminfood.ch\/de\/product\/obeido-soft-kibbeh-gewuerze-50g\/"]}]},{"@type":"ImageObject","inLanguage":"de","@id":"https:\/\/yasminfood.ch\/de\/product\/obeido-soft-kibbeh-gewuerze-50g\/#primaryimage","url":"https:\/\/yasminfood.ch\/wp-content\/uploads\/2026\/02\/\u0628\u0647\u0627\u0631-\u0643\u0628\u0629-\u0646\u0627\u0639\u0645\u0629-\u0639\u0628\u064a\u062f\u0648-50\u063a.png","contentUrl":"https:\/\/yasminfood.ch\/wp-content\/uploads\/2026\/02\/\u0628\u0647\u0627\u0631-\u0643\u0628\u0629-\u0646\u0627\u0639\u0645\u0629-\u0639\u0628\u064a\u062f\u0648-50\u063a.png","width":1080,"height":1080,"caption":"Obeido Soft Kibbeh Gew\u00fcrze 50g"},{"@type":"BreadcrumbList","@id":"https:\/\/yasminfood.ch\/de\/product\/obeido-soft-kibbeh-gewuerze-50g\/#breadcrumb","itemListElement":[{"@type":"ListItem","position":1,"name":"\u0627\u0644\u0631\u0626\u064a\u0633\u064a\u0629","item":"https:\/\/yasminfood.ch\/de\/zuhause\/"},{"@type":"ListItem","position":2,"name":"Shop","item":"https:\/\/yasminfood.ch\/de\/shop\/"},{"@type":"ListItem","position":3,"name":"Obeido Soft Kibbeh Gew\u00fcrze 50g"}]},{"@type":"WebSite","@id":"https:\/\/yasminfood.ch\/de\/#website","url":"https:\/\/yasminfood.ch\/de\/","name":"\u064a\u0627\u0633\u0645\u064a\u0646 \u0645\u0627\u0631\u0643\u062a","description":"Alles, was Sie brauchen, an einem Ort","publisher":{"@id":"https:\/\/yasminfood.ch\/de\/#organization"},"alternateName":"Yasmin Food","potentialAction":[{"@type":"SearchAction","target":{"@type":"EntryPoint","urlTemplate":"https:\/\/yasminfood.ch\/de\/?s={search_term_string}"},"query-input":{"@type":"PropertyValueSpecification","valueRequired":true,"valueName":"search_term_string"}}],"inLanguage":"de"},{"@type":"Organization","@id":"https:\/\/yasminfood.ch\/de\/#organization","name":"\u064a\u0627\u0633\u0645\u064a\u0646 \u0645\u0627\u0631\u0643\u062a","alternateName":"Yasmin Food","url":"https:\/\/yasminfood.ch\/de\/","logo":{"@type":"ImageObject","inLanguage":"de","@id":"https:\/\/yasminfood.ch\/de\/#\/schema\/logo\/image\/","url":"https:\/\/yasminfood.ch\/wp-content\/uploads\/2025\/05\/yasmin-food-header-logo.png","contentUrl":"https:\/\/yasminfood.ch\/wp-content\/uploads\/2025\/05\/yasmin-food-header-logo.png","width":330,"height":120,"caption":"\u064a\u0627\u0633\u0645\u064a\u0646 \u0645\u0627\u0631\u0643\u062a"},"image":{"@id":"https:\/\/yasminfood.ch\/de\/#\/schema\/logo\/image\/"},"sameAs":["https:\/\/www.facebook.com\/yasminmarkt1","https:\/\/www.tiktok.com\/@yasminmarkt","https:\/\/www.instagram.com\/yasmin.markt1\/","https:\/\/api.whatsapp.com\/send\/?phone=41799000104"],"publishingPrinciples":"https:\/\/yasminfood.ch\/de\/shop\/","ownershipFundingInfo":"https:\/\/yasminfood.ch\/de\/shop\/"}]},"product_price_amount":"2.50","product_price_currency":"CHF","og_availability":"instock","product_availability":"instock","product_condition":"new"},"jetpack_sharing_enabled":true,"_links":{"self":[{"href":"https:\/\/yasminfood.ch\/de\/wp-json\/wp\/v2\/product\/121584","targetHints":{"allow":["GET"]}}],"collection":[{"href":"https:\/\/yasminfood.ch\/de\/wp-json\/wp\/v2\/product"}],"about":[{"href":"https:\/\/yasminfood.ch\/de\/wp-json\/wp\/v2\/types\/product"}],"replies":[{"embeddable":true,"href":"https:\/\/yasminfood.ch\/de\/wp-json\/wp\/v2\/comments?post=121584"}],"version-history":[{"count":0,"href":"https:\/\/yasminfood.ch\/de\/wp-json\/wp\/v2\/product\/121584\/revisions"}],"wp:featuredmedia":[{"embeddable":true,"href":"https:\/\/yasminfood.ch\/de\/wp-json\/wp\/v2\/media\/121585"}],"wp:attachment":[{"href":"https:\/\/yasminfood.ch\/de\/wp-json\/wp\/v2\/media?parent=121584"}],"wp:term":[{"taxonomy":"product_brand","embeddable":true,"href":"https:\/\/yasminfood.ch\/de\/wp-json\/wp\/v2\/product_brand?post=121584"},{"taxonomy":"product_cat","embeddable":true,"href":"https:\/\/yasminfood.ch\/de\/wp-json\/wp\/v2\/product_cat?post=121584"},{"taxonomy":"product_tag","embeddable":true,"href":"https:\/\/yasminfood.ch\/de\/wp-json\/wp\/v2\/product_tag?post=121584"}],"curies":[{"name":"wp","href":"https:\/\/api.w.org\/{rel}","templated":true}]}}