{"id":121635,"date":"2026-02-19T11:02:08","date_gmt":"2026-02-19T10:02:08","guid":{"rendered":"https:\/\/yasminfood.ch\/product\/zwiebelpulver-obeido-50g\/"},"modified":"2026-02-19T11:24:27","modified_gmt":"2026-02-19T10:24:27","slug":"zwiebelpulver-obeido-50g","status":"publish","type":"product","link":"https:\/\/yasminfood.ch\/de\/product\/zwiebelpulver-obeido-50g\/","title":{"rendered":"Zwiebelpulver Obeido 50g"},"content":{"rendered":"<p data-start=\"0\" data-end=\"23\"><strong data-start=\"0\" data-end=\"23\">Zwiebelpulver Obeido 50g<\/strong><\/p>\n<ul>\n<li data-start=\"25\" data-end=\"184\">\n<p data-start=\"25\" data-end=\"184\">F\u00fcgen Sie auf praktische und schnelle Weise ein kr\u00e4ftiges Zwiebelaroma hinzu<\/p>\n<\/li>\n<li data-start=\"25\" data-end=\"184\">\n<p data-start=\"25\" data-end=\"184\">Sorgf\u00e4ltig gemahlen, um deinen Gerichten einen ausgewogenen Geschmack und eine glatte Textur zu verleihen, die sich leicht in verschiedene Rezepte einf\u00fcgen l\u00e4sst.<\/p>\n<p data-start=\"186\" data-end=\"199\"><strong data-start=\"186\" data-end=\"199\">Funktionen:<\/strong><\/p>\n<ul data-start=\"200\" data-end=\"397\">\n<li data-start=\"200\" data-end=\"225\">\n<p data-start=\"202\" data-end=\"225\">Fein gemahlene getrocknete Zwiebel<\/p>\n<\/li>\n<li data-start=\"226\" data-end=\"255\">\n<p data-start=\"228\" data-end=\"255\">Konzentrierter Geschmack und leicht zu verteilen<\/p>\n<\/li>\n<li data-start=\"256\" data-end=\"295\">\n<p data-start=\"258\" data-end=\"295\">Perfekt zum Marinieren von Fleisch, Huhn und Gem\u00fcse<\/p>\n<\/li>\n<li data-start=\"296\" data-end=\"340\">\n<p data-start=\"298\" data-end=\"340\">Geeignet f\u00fcr So\u00dfen, Suppen und Trockenmischungen <\/p>\n<\/li>\n<li data-start=\"341\" data-end=\"379\">\n<p data-start=\"343\" data-end=\"379\">Spart Zeit, ohne Zwiebeln schneiden zu m\u00fcssen<\/p>\n<\/li>\n<li data-start=\"380\" data-end=\"397\">\n<p data-start=\"382\" data-end=\"397\">Libanesische Industrie<\/p>\n<\/li>\n<\/ul>\n<p data-start=\"399\" data-end=\"538\"><strong data-start=\"399\" data-end=\"419\">Wie man verwendet:<\/strong><br data-start=\"419\" data-end=\"422\">F\u00fcgen Sie das Rezept direkt beim Kochen hinzu oder vermischen Sie sie mit anderen Gew\u00fcrzen, um fertige Marinaden und Mischungen herzustellen. Passen Sie es nach Geschmack an. <\/p>\n<p data-start=\"540\" data-end=\"567\">\n<\/li>\n<\/ul>\n","protected":false},"excerpt":{"rendered":"<p data-start=\"0\" data-end=\"23\"><strong data-start=\"0\" data-end=\"23\">Zwiebelpulver Obeido 50g<\/strong><\/p>\n<ul>\n<li data-start=\"25\" data-end=\"184\">\n<p data-start=\"25\" data-end=\"184\">F\u00fcgen Sie auf praktische und schnelle Weise ein kr\u00e4ftiges Zwiebelaroma hinzu<\/p>\n<\/li>\n<li data-start=\"25\" data-end=\"184\">\n<p data-start=\"25\" data-end=\"184\">Sorgf\u00e4ltig gemahlen, um deinen Gerichten einen ausgewogenen Geschmack und eine glatte Textur zu verleihen, die sich leicht in verschiedene Rezepte einf\u00fcgen l\u00e4sst.<\/p>\n<\/li>\n<\/ul>\n","protected":false},"featured_media":121637,"comment_status":"open","ping_status":"closed","template":"","meta":[],"product_brand":[2354],"product_cat":[360,356],"product_tag":[],"class_list":{"0":"post-121635","1":"product","2":"type-product","3":"status-publish","4":"has-post-thumbnail","6":"product_brand-abido","7":"product_cat-gewurze","8":"product_cat-gewuerze-nuesse","10":"first","11":"instock","12":"taxable","13":"shipping-taxable","14":"purchasable","15":"product-type-simple"},"yoast_head":"<!-- This site is optimized with the Yoast SEO Premium plugin v26.5 (Yoast SEO v27.3) - https:\/\/yoast.com\/product\/yoast-seo-premium-wordpress\/ -->\n<title>Zwiebelpulver Obeido 50g - Yasmin Food<\/title>\n<meta name=\"description\" content=\"F\u00fcgen Sie auf praktische und schnelle Weise ein reichhaltiges Zwiebelaroma hinzuSorgf\u00e4ltig gemahlen, um Ihren Gerichten einen ausgewogenen Geschmack und eine glatte Textur zu geben, die sich leicht in verschiedene Rezepte einf\u00fcgt.\" \/>\n<meta name=\"robots\" content=\"index, follow, max-snippet:-1, max-image-preview:large, max-video-preview:-1\" \/>\n<link rel=\"canonical\" href=\"https:\/\/yasminfood.ch\/de\/product\/zwiebelpulver-obeido-50g\/\" \/>\n<meta property=\"og:locale\" content=\"de_DE\" \/>\n<meta property=\"og:type\" content=\"article\" \/>\n<meta property=\"og:title\" content=\"Zwiebelpulver Obeido 50g\" \/>\n<meta property=\"og:description\" content=\"Zwiebelpulver Obeido 50g   F\u00fcgen Sie auf praktische und schnelle Weise ein kr\u00e4ftiges Zwiebelaroma hinzu   Sorgf\u00e4ltig gemahlen, um deinen Gerichten einen ausgewogenen Geschmack und eine glatte Textur zu verleihen, die sich leicht in verschiedene Rezepte einf\u00fcgen l\u00e4sst.\" \/>\n<meta property=\"og:url\" content=\"https:\/\/yasminfood.ch\/de\/product\/zwiebelpulver-obeido-50g\/\" \/>\n<meta property=\"og:site_name\" content=\"Yasmin Food\" \/>\n<meta property=\"article:publisher\" content=\"https:\/\/www.facebook.com\/yasminmarkt1\" \/>\n<meta property=\"article:modified_time\" content=\"2026-02-19T10:24:27+00:00\" \/>\n<meta property=\"og:image\" content=\"https:\/\/yasminfood.ch\/wp-content\/uploads\/2026\/02\/\u0628\u0635\u0644-\u0628\u0648\u062f\u0631\u0629-\u0639\u0628\u064a\u062f\u0648-50\u063a.png\" \/>\n\t<meta property=\"og:image:width\" content=\"1080\" \/>\n\t<meta property=\"og:image:height\" content=\"1080\" \/>\n\t<meta property=\"og:image:type\" content=\"image\/png\" \/>\n<meta name=\"twitter:card\" content=\"summary_large_image\" \/>\n<meta name=\"twitter:label1\" content=\"Preis\" \/>\n\t<meta name=\"twitter:data1\" content=\"2.95&nbsp;&#067;&#072;&#070;\" \/>\n\t<meta name=\"twitter:label2\" content=\"Verf\u00fcgbarkeit\" \/>\n\t<meta name=\"twitter:data2\" content=\"Auf Lager\" \/>\n<script type=\"application\/ld+json\" class=\"yoast-schema-graph\">{\"@context\":\"https:\\\/\\\/schema.org\",\"@graph\":[{\"@type\":\"WebPage\",\"@id\":\"https:\\\/\\\/yasminfood.ch\\\/de\\\/product\\\/zwiebelpulver-obeido-50g\\\/\",\"url\":\"https:\\\/\\\/yasminfood.ch\\\/de\\\/product\\\/zwiebelpulver-obeido-50g\\\/\",\"name\":\"Zwiebelpulver Obeido 50g - Yasmin Food\",\"isPartOf\":{\"@id\":\"https:\\\/\\\/yasminfood.ch\\\/de\\\/#website\"},\"primaryImageOfPage\":{\"@id\":\"https:\\\/\\\/yasminfood.ch\\\/de\\\/product\\\/zwiebelpulver-obeido-50g\\\/#primaryimage\"},\"image\":{\"@id\":\"https:\\\/\\\/yasminfood.ch\\\/de\\\/product\\\/zwiebelpulver-obeido-50g\\\/#primaryimage\"},\"thumbnailUrl\":\"https:\\\/\\\/yasminfood.ch\\\/wp-content\\\/uploads\\\/2026\\\/02\\\/\u0628\u0635\u0644-\u0628\u0648\u062f\u0631\u0629-\u0639\u0628\u064a\u062f\u0648-50\u063a.png\",\"datePublished\":\"2026-02-19T10:02:08+00:00\",\"dateModified\":\"2026-02-19T10:24:27+00:00\",\"description\":\"F\u00fcgen Sie auf praktische und schnelle Weise ein reichhaltiges Zwiebelaroma hinzuSorgf\u00e4ltig gemahlen, um Ihren Gerichten einen ausgewogenen Geschmack und eine glatte Textur zu geben, die sich leicht in verschiedene Rezepte einf\u00fcgt.\",\"breadcrumb\":{\"@id\":\"https:\\\/\\\/yasminfood.ch\\\/de\\\/product\\\/zwiebelpulver-obeido-50g\\\/#breadcrumb\"},\"inLanguage\":\"de\",\"potentialAction\":[{\"@type\":\"ReadAction\",\"target\":[\"https:\\\/\\\/yasminfood.ch\\\/de\\\/product\\\/zwiebelpulver-obeido-50g\\\/\"]}]},{\"@type\":\"ImageObject\",\"inLanguage\":\"de\",\"@id\":\"https:\\\/\\\/yasminfood.ch\\\/de\\\/product\\\/zwiebelpulver-obeido-50g\\\/#primaryimage\",\"url\":\"https:\\\/\\\/yasminfood.ch\\\/wp-content\\\/uploads\\\/2026\\\/02\\\/\u0628\u0635\u0644-\u0628\u0648\u062f\u0631\u0629-\u0639\u0628\u064a\u062f\u0648-50\u063a.png\",\"contentUrl\":\"https:\\\/\\\/yasminfood.ch\\\/wp-content\\\/uploads\\\/2026\\\/02\\\/\u0628\u0635\u0644-\u0628\u0648\u062f\u0631\u0629-\u0639\u0628\u064a\u062f\u0648-50\u063a.png\",\"width\":1080,\"height\":1080,\"caption\":\"Zwiebelpulver Obeido 50g\"},{\"@type\":\"BreadcrumbList\",\"@id\":\"https:\\\/\\\/yasminfood.ch\\\/de\\\/product\\\/zwiebelpulver-obeido-50g\\\/#breadcrumb\",\"itemListElement\":[{\"@type\":\"ListItem\",\"position\":1,\"name\":\"\u0627\u0644\u0631\u0626\u064a\u0633\u064a\u0629\",\"item\":\"https:\\\/\\\/yasminfood.ch\\\/de\\\/zuhause\\\/\"},{\"@type\":\"ListItem\",\"position\":2,\"name\":\"Shop\",\"item\":\"https:\\\/\\\/yasminfood.ch\\\/de\\\/shop\\\/\"},{\"@type\":\"ListItem\",\"position\":3,\"name\":\"Zwiebelpulver Obeido 50g\"}]},{\"@type\":\"WebSite\",\"@id\":\"https:\\\/\\\/yasminfood.ch\\\/de\\\/#website\",\"url\":\"https:\\\/\\\/yasminfood.ch\\\/de\\\/\",\"name\":\"\u064a\u0627\u0633\u0645\u064a\u0646 \u0645\u0627\u0631\u0643\u062a\",\"description\":\"Alles, was Sie brauchen, an einem Ort\",\"publisher\":{\"@id\":\"https:\\\/\\\/yasminfood.ch\\\/de\\\/#organization\"},\"alternateName\":\"Yasmin Food\",\"potentialAction\":[{\"@type\":\"SearchAction\",\"target\":{\"@type\":\"EntryPoint\",\"urlTemplate\":\"https:\\\/\\\/yasminfood.ch\\\/de\\\/?s={search_term_string}\"},\"query-input\":{\"@type\":\"PropertyValueSpecification\",\"valueRequired\":true,\"valueName\":\"search_term_string\"}}],\"inLanguage\":\"de\"},{\"@type\":\"Organization\",\"@id\":\"https:\\\/\\\/yasminfood.ch\\\/de\\\/#organization\",\"name\":\"\u064a\u0627\u0633\u0645\u064a\u0646 \u0645\u0627\u0631\u0643\u062a\",\"alternateName\":\"Yasmin Food\",\"url\":\"https:\\\/\\\/yasminfood.ch\\\/de\\\/\",\"logo\":{\"@type\":\"ImageObject\",\"inLanguage\":\"de\",\"@id\":\"https:\\\/\\\/yasminfood.ch\\\/de\\\/#\\\/schema\\\/logo\\\/image\\\/\",\"url\":\"https:\\\/\\\/yasminfood.ch\\\/wp-content\\\/uploads\\\/2025\\\/05\\\/yasmin-food-header-logo.png\",\"contentUrl\":\"https:\\\/\\\/yasminfood.ch\\\/wp-content\\\/uploads\\\/2025\\\/05\\\/yasmin-food-header-logo.png\",\"width\":330,\"height\":120,\"caption\":\"\u064a\u0627\u0633\u0645\u064a\u0646 \u0645\u0627\u0631\u0643\u062a\"},\"image\":{\"@id\":\"https:\\\/\\\/yasminfood.ch\\\/de\\\/#\\\/schema\\\/logo\\\/image\\\/\"},\"sameAs\":[\"https:\\\/\\\/www.facebook.com\\\/yasminmarkt1\",\"https:\\\/\\\/www.tiktok.com\\\/@yasminmarkt\",\"https:\\\/\\\/www.instagram.com\\\/yasmin.markt1\\\/\",\"https:\\\/\\\/api.whatsapp.com\\\/send\\\/?phone=41799000104\"],\"publishingPrinciples\":\"https:\\\/\\\/yasminfood.ch\\\/de\\\/shop\\\/\",\"ownershipFundingInfo\":\"https:\\\/\\\/yasminfood.ch\\\/de\\\/shop\\\/\"}]}<\/script>\n<meta property=\"product:price:amount\" content=\"2.95\" \/>\n<meta property=\"product:price:currency\" content=\"CHF\" \/>\n<meta property=\"og:availability\" content=\"instock\" \/>\n<meta property=\"product:availability\" content=\"instock\" \/>\n<meta property=\"product:condition\" content=\"new\" \/>\n<!-- \/ Yoast SEO Premium plugin. -->","yoast_head_json":{"title":"Zwiebelpulver Obeido 50g - Yasmin Food","description":"F\u00fcgen Sie auf praktische und schnelle Weise ein reichhaltiges Zwiebelaroma hinzuSorgf\u00e4ltig gemahlen, um Ihren Gerichten einen ausgewogenen Geschmack und eine glatte Textur zu geben, die sich leicht in verschiedene Rezepte einf\u00fcgt.","robots":{"index":"index","follow":"follow","max-snippet":"max-snippet:-1","max-image-preview":"max-image-preview:large","max-video-preview":"max-video-preview:-1"},"canonical":"https:\/\/yasminfood.ch\/de\/product\/zwiebelpulver-obeido-50g\/","og_locale":"de_DE","og_type":"article","og_title":"Zwiebelpulver Obeido 50g","og_description":"Zwiebelpulver Obeido 50g   F\u00fcgen Sie auf praktische und schnelle Weise ein kr\u00e4ftiges Zwiebelaroma hinzu   Sorgf\u00e4ltig gemahlen, um deinen Gerichten einen ausgewogenen Geschmack und eine glatte Textur zu verleihen, die sich leicht in verschiedene Rezepte einf\u00fcgen l\u00e4sst.","og_url":"https:\/\/yasminfood.ch\/de\/product\/zwiebelpulver-obeido-50g\/","og_site_name":"Yasmin Food","article_publisher":"https:\/\/www.facebook.com\/yasminmarkt1","article_modified_time":"2026-02-19T10:24:27+00:00","og_image":[{"width":1080,"height":1080,"url":"https:\/\/yasminfood.ch\/wp-content\/uploads\/2026\/02\/\u0628\u0635\u0644-\u0628\u0648\u062f\u0631\u0629-\u0639\u0628\u064a\u062f\u0648-50\u063a.png","type":"image\/png"}],"twitter_card":"summary_large_image","twitter_misc":{"Preis":"2.95&nbsp;&#67;&#72;&#70;","Verf\u00fcgbarkeit":"Auf Lager"},"schema":{"@context":"https:\/\/schema.org","@graph":[{"@type":"WebPage","@id":"https:\/\/yasminfood.ch\/de\/product\/zwiebelpulver-obeido-50g\/","url":"https:\/\/yasminfood.ch\/de\/product\/zwiebelpulver-obeido-50g\/","name":"Zwiebelpulver Obeido 50g - Yasmin Food","isPartOf":{"@id":"https:\/\/yasminfood.ch\/de\/#website"},"primaryImageOfPage":{"@id":"https:\/\/yasminfood.ch\/de\/product\/zwiebelpulver-obeido-50g\/#primaryimage"},"image":{"@id":"https:\/\/yasminfood.ch\/de\/product\/zwiebelpulver-obeido-50g\/#primaryimage"},"thumbnailUrl":"https:\/\/yasminfood.ch\/wp-content\/uploads\/2026\/02\/\u0628\u0635\u0644-\u0628\u0648\u062f\u0631\u0629-\u0639\u0628\u064a\u062f\u0648-50\u063a.png","datePublished":"2026-02-19T10:02:08+00:00","dateModified":"2026-02-19T10:24:27+00:00","description":"F\u00fcgen Sie auf praktische und schnelle Weise ein reichhaltiges Zwiebelaroma hinzuSorgf\u00e4ltig gemahlen, um Ihren Gerichten einen ausgewogenen Geschmack und eine glatte Textur zu geben, die sich leicht in verschiedene Rezepte einf\u00fcgt.","breadcrumb":{"@id":"https:\/\/yasminfood.ch\/de\/product\/zwiebelpulver-obeido-50g\/#breadcrumb"},"inLanguage":"de","potentialAction":[{"@type":"ReadAction","target":["https:\/\/yasminfood.ch\/de\/product\/zwiebelpulver-obeido-50g\/"]}]},{"@type":"ImageObject","inLanguage":"de","@id":"https:\/\/yasminfood.ch\/de\/product\/zwiebelpulver-obeido-50g\/#primaryimage","url":"https:\/\/yasminfood.ch\/wp-content\/uploads\/2026\/02\/\u0628\u0635\u0644-\u0628\u0648\u062f\u0631\u0629-\u0639\u0628\u064a\u062f\u0648-50\u063a.png","contentUrl":"https:\/\/yasminfood.ch\/wp-content\/uploads\/2026\/02\/\u0628\u0635\u0644-\u0628\u0648\u062f\u0631\u0629-\u0639\u0628\u064a\u062f\u0648-50\u063a.png","width":1080,"height":1080,"caption":"Zwiebelpulver Obeido 50g"},{"@type":"BreadcrumbList","@id":"https:\/\/yasminfood.ch\/de\/product\/zwiebelpulver-obeido-50g\/#breadcrumb","itemListElement":[{"@type":"ListItem","position":1,"name":"\u0627\u0644\u0631\u0626\u064a\u0633\u064a\u0629","item":"https:\/\/yasminfood.ch\/de\/zuhause\/"},{"@type":"ListItem","position":2,"name":"Shop","item":"https:\/\/yasminfood.ch\/de\/shop\/"},{"@type":"ListItem","position":3,"name":"Zwiebelpulver Obeido 50g"}]},{"@type":"WebSite","@id":"https:\/\/yasminfood.ch\/de\/#website","url":"https:\/\/yasminfood.ch\/de\/","name":"\u064a\u0627\u0633\u0645\u064a\u0646 \u0645\u0627\u0631\u0643\u062a","description":"Alles, was Sie brauchen, an einem Ort","publisher":{"@id":"https:\/\/yasminfood.ch\/de\/#organization"},"alternateName":"Yasmin Food","potentialAction":[{"@type":"SearchAction","target":{"@type":"EntryPoint","urlTemplate":"https:\/\/yasminfood.ch\/de\/?s={search_term_string}"},"query-input":{"@type":"PropertyValueSpecification","valueRequired":true,"valueName":"search_term_string"}}],"inLanguage":"de"},{"@type":"Organization","@id":"https:\/\/yasminfood.ch\/de\/#organization","name":"\u064a\u0627\u0633\u0645\u064a\u0646 \u0645\u0627\u0631\u0643\u062a","alternateName":"Yasmin Food","url":"https:\/\/yasminfood.ch\/de\/","logo":{"@type":"ImageObject","inLanguage":"de","@id":"https:\/\/yasminfood.ch\/de\/#\/schema\/logo\/image\/","url":"https:\/\/yasminfood.ch\/wp-content\/uploads\/2025\/05\/yasmin-food-header-logo.png","contentUrl":"https:\/\/yasminfood.ch\/wp-content\/uploads\/2025\/05\/yasmin-food-header-logo.png","width":330,"height":120,"caption":"\u064a\u0627\u0633\u0645\u064a\u0646 \u0645\u0627\u0631\u0643\u062a"},"image":{"@id":"https:\/\/yasminfood.ch\/de\/#\/schema\/logo\/image\/"},"sameAs":["https:\/\/www.facebook.com\/yasminmarkt1","https:\/\/www.tiktok.com\/@yasminmarkt","https:\/\/www.instagram.com\/yasmin.markt1\/","https:\/\/api.whatsapp.com\/send\/?phone=41799000104"],"publishingPrinciples":"https:\/\/yasminfood.ch\/de\/shop\/","ownershipFundingInfo":"https:\/\/yasminfood.ch\/de\/shop\/"}]},"product_price_amount":"2.95","product_price_currency":"CHF","og_availability":"instock","product_availability":"instock","product_condition":"new"},"jetpack_sharing_enabled":true,"_links":{"self":[{"href":"https:\/\/yasminfood.ch\/de\/wp-json\/wp\/v2\/product\/121635","targetHints":{"allow":["GET"]}}],"collection":[{"href":"https:\/\/yasminfood.ch\/de\/wp-json\/wp\/v2\/product"}],"about":[{"href":"https:\/\/yasminfood.ch\/de\/wp-json\/wp\/v2\/types\/product"}],"replies":[{"embeddable":true,"href":"https:\/\/yasminfood.ch\/de\/wp-json\/wp\/v2\/comments?post=121635"}],"version-history":[{"count":0,"href":"https:\/\/yasminfood.ch\/de\/wp-json\/wp\/v2\/product\/121635\/revisions"}],"wp:featuredmedia":[{"embeddable":true,"href":"https:\/\/yasminfood.ch\/de\/wp-json\/wp\/v2\/media\/121637"}],"wp:attachment":[{"href":"https:\/\/yasminfood.ch\/de\/wp-json\/wp\/v2\/media?parent=121635"}],"wp:term":[{"taxonomy":"product_brand","embeddable":true,"href":"https:\/\/yasminfood.ch\/de\/wp-json\/wp\/v2\/product_brand?post=121635"},{"taxonomy":"product_cat","embeddable":true,"href":"https:\/\/yasminfood.ch\/de\/wp-json\/wp\/v2\/product_cat?post=121635"},{"taxonomy":"product_tag","embeddable":true,"href":"https:\/\/yasminfood.ch\/de\/wp-json\/wp\/v2\/product_tag?post=121635"}],"curies":[{"name":"wp","href":"https:\/\/api.w.org\/{rel}","templated":true}]}}