{"id":121640,"date":"2026-02-19T09:53:52","date_gmt":"2026-02-19T08:53:52","guid":{"rendered":"https:\/\/yasminfood.ch\/product\/wuerzige-curry-gewuerze-obeido-50g\/"},"modified":"2026-02-19T11:24:28","modified_gmt":"2026-02-19T10:24:28","slug":"wuerzige-curry-gewuerze-obeido-50g","status":"publish","type":"product","link":"https:\/\/yasminfood.ch\/de\/product\/wuerzige-curry-gewuerze-obeido-50g\/","title":{"rendered":"W\u00fcrzige Curry-Gew\u00fcrze Obeido 50g"},"content":{"rendered":"<p data-start=\"0\" data-end=\"27\"><strong data-start=\"0\" data-end=\"27\">W\u00fcrzige Curry-Gew\u00fcrze Obeido 50g<\/strong><\/p>\n<ul>\n<li data-start=\"29\" data-end=\"163\">\n<p data-start=\"29\" data-end=\"198\">Verleihen Sie Ihren Gerichten einen mutigen asiatischen Touch<\/p>\n<\/li>\n<li data-start=\"29\" data-end=\"163\">\n<p data-start=\"29\" data-end=\"198\">  Eine ausgewogene Mischung aus aromatischen Gew\u00fcrzen verleiht Ihnen einen attraktiven goldenen Farbton und einen reichen Geschmack mit einer unverwechselbaren Sch\u00e4rfe f\u00fcr Liebhaber des harten Geschmacks.<\/p>\n<p data-start=\"200\" data-end=\"213\"><strong data-start=\"200\" data-end=\"213\">Funktionen:<\/strong><\/p>\n<ul data-start=\"214\" data-end=\"432\">\n<li data-start=\"214\" data-end=\"252\">\n<p data-start=\"216\" data-end=\"252\">W\u00fcrzige Currymischung mit einem vollst\u00e4ndigen und ausgewogenen Geschmack<\/p>\n<\/li>\n<li data-start=\"253\" data-end=\"286\">\n<p data-start=\"255\" data-end=\"286\">Die nat\u00fcrliche Goldfarbe verst\u00e4rkt die Form des Gerichts<\/p>\n<\/li>\n<li data-start=\"287\" data-end=\"315\">\n<p data-start=\"289\" data-end=\"315\">Reichhaltiger Geschmack mit ausgepr\u00e4gter Sch\u00e4rfe<\/p>\n<\/li>\n<li data-start=\"316\" data-end=\"362\">\n<p data-start=\"318\" data-end=\"362\">Perfekt f\u00fcr H\u00e4hnchen-, Fleisch-, Gem\u00fcse- und Reisgerichte <\/p>\n<\/li>\n<li data-start=\"363\" data-end=\"414\">\n<p data-start=\"365\" data-end=\"414\">Geeignet f\u00fcr asiatische Saucen, Eint\u00f6pfe und Rezepte<\/p>\n<\/li>\n<li data-start=\"415\" data-end=\"432\">\n<p data-start=\"417\" data-end=\"432\">Libanesische Industrie<\/p>\n<\/li>\n<\/ul>\n<p data-start=\"434\" data-end=\"618\"><strong data-start=\"434\" data-end=\"454\">Wie man verwendet:<\/strong><br data-start=\"454\" data-end=\"457\">F\u00fcge w\u00e4hrend des Kochens hinzu und r\u00fchre mit den Zutaten um, um den Geschmack freizusetzen, und es kann mit etwas \u00d6l oder Kokosmilch vermischt werden, um eine reichhaltige Currysauce zu erhalten. Stellen Sie die Menge auf die gew\u00fcnschte Temperatur ein.  <\/p>\n<p data-start=\"620\" data-end=\"647\">\n<\/li>\n<\/ul>\n","protected":false},"excerpt":{"rendered":"<p data-start=\"0\" data-end=\"27\"><strong data-start=\"0\" data-end=\"27\">W\u00fcrzige Curry-Gew\u00fcrze Obeido 50g<\/strong><\/p>\n<ul>\n<li data-start=\"29\" data-end=\"163\">\n<p data-start=\"29\" data-end=\"198\">Verleihen Sie Ihren Gerichten einen mutigen asiatischen Touch<\/p>\n<\/li>\n<li data-start=\"29\" data-end=\"163\">\n<p data-start=\"29\" data-end=\"198\">  Eine ausgewogene Mischung aus aromatischen Gew\u00fcrzen verleiht Ihnen einen attraktiven goldenen Farbton und einen reichen Geschmack mit einer unverwechselbaren Sch\u00e4rfe f\u00fcr Liebhaber des harten Geschmacks.<\/p>\n<\/li>\n<\/ul>\n","protected":false},"featured_media":121642,"comment_status":"open","ping_status":"closed","template":"","meta":[],"product_brand":[2354],"product_cat":[360,356],"product_tag":[],"class_list":{"0":"post-121640","1":"product","2":"type-product","3":"status-publish","4":"has-post-thumbnail","6":"product_brand-abido","7":"product_cat-gewurze","8":"product_cat-gewuerze-nuesse","10":"first","11":"instock","12":"taxable","13":"shipping-taxable","14":"purchasable","15":"product-type-simple"},"yoast_head":"<!-- This site is optimized with the Yoast SEO Premium plugin v26.5 (Yoast SEO v27.3) - https:\/\/yoast.com\/product\/yoast-seo-premium-wordpress\/ -->\n<title>W\u00fcrzige Curry-Gew\u00fcrze Obeido 50g - Yasmin Food<\/title>\n<meta name=\"description\" content=\"F\u00fcgen Sie Ihren Gerichten einen kr\u00e4ftigen asiatischen Touch hinzu Eine ausgewogene Mischung aus aromatischen Gew\u00fcrzen verleiht Ihnen einen verf\u00fchrerischen goldenen Farbton und einen reichen Geschmack\" \/>\n<meta name=\"robots\" content=\"index, follow, max-snippet:-1, max-image-preview:large, max-video-preview:-1\" \/>\n<link rel=\"canonical\" href=\"https:\/\/yasminfood.ch\/de\/product\/wuerzige-curry-gewuerze-obeido-50g\/\" \/>\n<meta property=\"og:locale\" content=\"de_DE\" \/>\n<meta property=\"og:type\" content=\"article\" \/>\n<meta property=\"og:title\" content=\"W\u00fcrzige Curry-Gew\u00fcrze Obeido 50g\" \/>\n<meta property=\"og:description\" content=\"W\u00fcrzige Curry-Gew\u00fcrze Obeido 50g   Verleihen Sie Ihren Gerichten einen mutigen asiatischen Touch    Eine ausgewogene Mischung aus aromatischen Gew\u00fcrzen verleiht Ihnen einen attraktiven goldenen Farbton und einen reichen Geschmack mit einer unverwechselbaren Sch\u00e4rfe f\u00fcr Liebhaber des harten Geschmacks.\" \/>\n<meta property=\"og:url\" content=\"https:\/\/yasminfood.ch\/de\/product\/wuerzige-curry-gewuerze-obeido-50g\/\" \/>\n<meta property=\"og:site_name\" content=\"Yasmin Food\" \/>\n<meta property=\"article:publisher\" content=\"https:\/\/www.facebook.com\/yasminmarkt1\" \/>\n<meta property=\"article:modified_time\" content=\"2026-02-19T10:24:28+00:00\" \/>\n<meta property=\"og:image\" content=\"https:\/\/yasminfood.ch\/wp-content\/uploads\/2026\/02\/\u0628\u0647\u0627\u0631-\u0643\u0627\u0631\u064a-\u062d\u0627\u0631-\u0639\u0628\u064a\u062f\u0648-50\u063a.png\" \/>\n\t<meta property=\"og:image:width\" content=\"1080\" \/>\n\t<meta property=\"og:image:height\" content=\"1080\" \/>\n\t<meta property=\"og:image:type\" content=\"image\/png\" \/>\n<meta name=\"twitter:card\" content=\"summary_large_image\" \/>\n<meta name=\"twitter:label1\" content=\"Preis\" \/>\n\t<meta name=\"twitter:data1\" content=\"2.50&nbsp;&#067;&#072;&#070;\" \/>\n\t<meta name=\"twitter:label2\" content=\"Verf\u00fcgbarkeit\" \/>\n\t<meta name=\"twitter:data2\" content=\"Auf Lager\" \/>\n<script type=\"application\/ld+json\" class=\"yoast-schema-graph\">{\"@context\":\"https:\\\/\\\/schema.org\",\"@graph\":[{\"@type\":\"WebPage\",\"@id\":\"https:\\\/\\\/yasminfood.ch\\\/de\\\/product\\\/wuerzige-curry-gewuerze-obeido-50g\\\/\",\"url\":\"https:\\\/\\\/yasminfood.ch\\\/de\\\/product\\\/wuerzige-curry-gewuerze-obeido-50g\\\/\",\"name\":\"W\u00fcrzige Curry-Gew\u00fcrze Obeido 50g - Yasmin Food\",\"isPartOf\":{\"@id\":\"https:\\\/\\\/yasminfood.ch\\\/de\\\/#website\"},\"primaryImageOfPage\":{\"@id\":\"https:\\\/\\\/yasminfood.ch\\\/de\\\/product\\\/wuerzige-curry-gewuerze-obeido-50g\\\/#primaryimage\"},\"image\":{\"@id\":\"https:\\\/\\\/yasminfood.ch\\\/de\\\/product\\\/wuerzige-curry-gewuerze-obeido-50g\\\/#primaryimage\"},\"thumbnailUrl\":\"https:\\\/\\\/yasminfood.ch\\\/wp-content\\\/uploads\\\/2026\\\/02\\\/\u0628\u0647\u0627\u0631-\u0643\u0627\u0631\u064a-\u062d\u0627\u0631-\u0639\u0628\u064a\u062f\u0648-50\u063a.png\",\"datePublished\":\"2026-02-19T08:53:52+00:00\",\"dateModified\":\"2026-02-19T10:24:28+00:00\",\"description\":\"F\u00fcgen Sie Ihren Gerichten einen kr\u00e4ftigen asiatischen Touch hinzu Eine ausgewogene Mischung aus aromatischen Gew\u00fcrzen verleiht Ihnen einen verf\u00fchrerischen goldenen Farbton und einen reichen Geschmack\",\"breadcrumb\":{\"@id\":\"https:\\\/\\\/yasminfood.ch\\\/de\\\/product\\\/wuerzige-curry-gewuerze-obeido-50g\\\/#breadcrumb\"},\"inLanguage\":\"de\",\"potentialAction\":[{\"@type\":\"ReadAction\",\"target\":[\"https:\\\/\\\/yasminfood.ch\\\/de\\\/product\\\/wuerzige-curry-gewuerze-obeido-50g\\\/\"]}]},{\"@type\":\"ImageObject\",\"inLanguage\":\"de\",\"@id\":\"https:\\\/\\\/yasminfood.ch\\\/de\\\/product\\\/wuerzige-curry-gewuerze-obeido-50g\\\/#primaryimage\",\"url\":\"https:\\\/\\\/yasminfood.ch\\\/wp-content\\\/uploads\\\/2026\\\/02\\\/\u0628\u0647\u0627\u0631-\u0643\u0627\u0631\u064a-\u062d\u0627\u0631-\u0639\u0628\u064a\u062f\u0648-50\u063a.png\",\"contentUrl\":\"https:\\\/\\\/yasminfood.ch\\\/wp-content\\\/uploads\\\/2026\\\/02\\\/\u0628\u0647\u0627\u0631-\u0643\u0627\u0631\u064a-\u062d\u0627\u0631-\u0639\u0628\u064a\u062f\u0648-50\u063a.png\",\"width\":1080,\"height\":1080,\"caption\":\"W\u00fcrzige Curry-Gew\u00fcrze Obeido 50g\"},{\"@type\":\"BreadcrumbList\",\"@id\":\"https:\\\/\\\/yasminfood.ch\\\/de\\\/product\\\/wuerzige-curry-gewuerze-obeido-50g\\\/#breadcrumb\",\"itemListElement\":[{\"@type\":\"ListItem\",\"position\":1,\"name\":\"\u0627\u0644\u0631\u0626\u064a\u0633\u064a\u0629\",\"item\":\"https:\\\/\\\/yasminfood.ch\\\/de\\\/zuhause\\\/\"},{\"@type\":\"ListItem\",\"position\":2,\"name\":\"Shop\",\"item\":\"https:\\\/\\\/yasminfood.ch\\\/de\\\/shop\\\/\"},{\"@type\":\"ListItem\",\"position\":3,\"name\":\"W\u00fcrzige Curry-Gew\u00fcrze Obeido 50g\"}]},{\"@type\":\"WebSite\",\"@id\":\"https:\\\/\\\/yasminfood.ch\\\/de\\\/#website\",\"url\":\"https:\\\/\\\/yasminfood.ch\\\/de\\\/\",\"name\":\"\u064a\u0627\u0633\u0645\u064a\u0646 \u0645\u0627\u0631\u0643\u062a\",\"description\":\"Alles, was Sie brauchen, an einem Ort\",\"publisher\":{\"@id\":\"https:\\\/\\\/yasminfood.ch\\\/de\\\/#organization\"},\"alternateName\":\"Yasmin Food\",\"potentialAction\":[{\"@type\":\"SearchAction\",\"target\":{\"@type\":\"EntryPoint\",\"urlTemplate\":\"https:\\\/\\\/yasminfood.ch\\\/de\\\/?s={search_term_string}\"},\"query-input\":{\"@type\":\"PropertyValueSpecification\",\"valueRequired\":true,\"valueName\":\"search_term_string\"}}],\"inLanguage\":\"de\"},{\"@type\":\"Organization\",\"@id\":\"https:\\\/\\\/yasminfood.ch\\\/de\\\/#organization\",\"name\":\"\u064a\u0627\u0633\u0645\u064a\u0646 \u0645\u0627\u0631\u0643\u062a\",\"alternateName\":\"Yasmin Food\",\"url\":\"https:\\\/\\\/yasminfood.ch\\\/de\\\/\",\"logo\":{\"@type\":\"ImageObject\",\"inLanguage\":\"de\",\"@id\":\"https:\\\/\\\/yasminfood.ch\\\/de\\\/#\\\/schema\\\/logo\\\/image\\\/\",\"url\":\"https:\\\/\\\/yasminfood.ch\\\/wp-content\\\/uploads\\\/2025\\\/05\\\/yasmin-food-header-logo.png\",\"contentUrl\":\"https:\\\/\\\/yasminfood.ch\\\/wp-content\\\/uploads\\\/2025\\\/05\\\/yasmin-food-header-logo.png\",\"width\":330,\"height\":120,\"caption\":\"\u064a\u0627\u0633\u0645\u064a\u0646 \u0645\u0627\u0631\u0643\u062a\"},\"image\":{\"@id\":\"https:\\\/\\\/yasminfood.ch\\\/de\\\/#\\\/schema\\\/logo\\\/image\\\/\"},\"sameAs\":[\"https:\\\/\\\/www.facebook.com\\\/yasminmarkt1\",\"https:\\\/\\\/www.tiktok.com\\\/@yasminmarkt\",\"https:\\\/\\\/www.instagram.com\\\/yasmin.markt1\\\/\",\"https:\\\/\\\/api.whatsapp.com\\\/send\\\/?phone=41799000104\"],\"publishingPrinciples\":\"https:\\\/\\\/yasminfood.ch\\\/de\\\/shop\\\/\",\"ownershipFundingInfo\":\"https:\\\/\\\/yasminfood.ch\\\/de\\\/shop\\\/\"}]}<\/script>\n<meta property=\"product:price:amount\" content=\"2.50\" \/>\n<meta property=\"product:price:currency\" content=\"CHF\" \/>\n<meta property=\"og:availability\" content=\"instock\" \/>\n<meta property=\"product:availability\" content=\"instock\" \/>\n<meta property=\"product:condition\" content=\"new\" \/>\n<!-- \/ Yoast SEO Premium plugin. -->","yoast_head_json":{"title":"W\u00fcrzige Curry-Gew\u00fcrze Obeido 50g - Yasmin Food","description":"F\u00fcgen Sie Ihren Gerichten einen kr\u00e4ftigen asiatischen Touch hinzu Eine ausgewogene Mischung aus aromatischen Gew\u00fcrzen verleiht Ihnen einen verf\u00fchrerischen goldenen Farbton und einen reichen Geschmack","robots":{"index":"index","follow":"follow","max-snippet":"max-snippet:-1","max-image-preview":"max-image-preview:large","max-video-preview":"max-video-preview:-1"},"canonical":"https:\/\/yasminfood.ch\/de\/product\/wuerzige-curry-gewuerze-obeido-50g\/","og_locale":"de_DE","og_type":"article","og_title":"W\u00fcrzige Curry-Gew\u00fcrze Obeido 50g","og_description":"W\u00fcrzige Curry-Gew\u00fcrze Obeido 50g   Verleihen Sie Ihren Gerichten einen mutigen asiatischen Touch    Eine ausgewogene Mischung aus aromatischen Gew\u00fcrzen verleiht Ihnen einen attraktiven goldenen Farbton und einen reichen Geschmack mit einer unverwechselbaren Sch\u00e4rfe f\u00fcr Liebhaber des harten Geschmacks.","og_url":"https:\/\/yasminfood.ch\/de\/product\/wuerzige-curry-gewuerze-obeido-50g\/","og_site_name":"Yasmin Food","article_publisher":"https:\/\/www.facebook.com\/yasminmarkt1","article_modified_time":"2026-02-19T10:24:28+00:00","og_image":[{"width":1080,"height":1080,"url":"https:\/\/yasminfood.ch\/wp-content\/uploads\/2026\/02\/\u0628\u0647\u0627\u0631-\u0643\u0627\u0631\u064a-\u062d\u0627\u0631-\u0639\u0628\u064a\u062f\u0648-50\u063a.png","type":"image\/png"}],"twitter_card":"summary_large_image","twitter_misc":{"Preis":"2.50&nbsp;&#67;&#72;&#70;","Verf\u00fcgbarkeit":"Auf Lager"},"schema":{"@context":"https:\/\/schema.org","@graph":[{"@type":"WebPage","@id":"https:\/\/yasminfood.ch\/de\/product\/wuerzige-curry-gewuerze-obeido-50g\/","url":"https:\/\/yasminfood.ch\/de\/product\/wuerzige-curry-gewuerze-obeido-50g\/","name":"W\u00fcrzige Curry-Gew\u00fcrze Obeido 50g - Yasmin Food","isPartOf":{"@id":"https:\/\/yasminfood.ch\/de\/#website"},"primaryImageOfPage":{"@id":"https:\/\/yasminfood.ch\/de\/product\/wuerzige-curry-gewuerze-obeido-50g\/#primaryimage"},"image":{"@id":"https:\/\/yasminfood.ch\/de\/product\/wuerzige-curry-gewuerze-obeido-50g\/#primaryimage"},"thumbnailUrl":"https:\/\/yasminfood.ch\/wp-content\/uploads\/2026\/02\/\u0628\u0647\u0627\u0631-\u0643\u0627\u0631\u064a-\u062d\u0627\u0631-\u0639\u0628\u064a\u062f\u0648-50\u063a.png","datePublished":"2026-02-19T08:53:52+00:00","dateModified":"2026-02-19T10:24:28+00:00","description":"F\u00fcgen Sie Ihren Gerichten einen kr\u00e4ftigen asiatischen Touch hinzu Eine ausgewogene Mischung aus aromatischen Gew\u00fcrzen verleiht Ihnen einen verf\u00fchrerischen goldenen Farbton und einen reichen Geschmack","breadcrumb":{"@id":"https:\/\/yasminfood.ch\/de\/product\/wuerzige-curry-gewuerze-obeido-50g\/#breadcrumb"},"inLanguage":"de","potentialAction":[{"@type":"ReadAction","target":["https:\/\/yasminfood.ch\/de\/product\/wuerzige-curry-gewuerze-obeido-50g\/"]}]},{"@type":"ImageObject","inLanguage":"de","@id":"https:\/\/yasminfood.ch\/de\/product\/wuerzige-curry-gewuerze-obeido-50g\/#primaryimage","url":"https:\/\/yasminfood.ch\/wp-content\/uploads\/2026\/02\/\u0628\u0647\u0627\u0631-\u0643\u0627\u0631\u064a-\u062d\u0627\u0631-\u0639\u0628\u064a\u062f\u0648-50\u063a.png","contentUrl":"https:\/\/yasminfood.ch\/wp-content\/uploads\/2026\/02\/\u0628\u0647\u0627\u0631-\u0643\u0627\u0631\u064a-\u062d\u0627\u0631-\u0639\u0628\u064a\u062f\u0648-50\u063a.png","width":1080,"height":1080,"caption":"W\u00fcrzige Curry-Gew\u00fcrze Obeido 50g"},{"@type":"BreadcrumbList","@id":"https:\/\/yasminfood.ch\/de\/product\/wuerzige-curry-gewuerze-obeido-50g\/#breadcrumb","itemListElement":[{"@type":"ListItem","position":1,"name":"\u0627\u0644\u0631\u0626\u064a\u0633\u064a\u0629","item":"https:\/\/yasminfood.ch\/de\/zuhause\/"},{"@type":"ListItem","position":2,"name":"Shop","item":"https:\/\/yasminfood.ch\/de\/shop\/"},{"@type":"ListItem","position":3,"name":"W\u00fcrzige Curry-Gew\u00fcrze Obeido 50g"}]},{"@type":"WebSite","@id":"https:\/\/yasminfood.ch\/de\/#website","url":"https:\/\/yasminfood.ch\/de\/","name":"\u064a\u0627\u0633\u0645\u064a\u0646 \u0645\u0627\u0631\u0643\u062a","description":"Alles, was Sie brauchen, an einem Ort","publisher":{"@id":"https:\/\/yasminfood.ch\/de\/#organization"},"alternateName":"Yasmin Food","potentialAction":[{"@type":"SearchAction","target":{"@type":"EntryPoint","urlTemplate":"https:\/\/yasminfood.ch\/de\/?s={search_term_string}"},"query-input":{"@type":"PropertyValueSpecification","valueRequired":true,"valueName":"search_term_string"}}],"inLanguage":"de"},{"@type":"Organization","@id":"https:\/\/yasminfood.ch\/de\/#organization","name":"\u064a\u0627\u0633\u0645\u064a\u0646 \u0645\u0627\u0631\u0643\u062a","alternateName":"Yasmin Food","url":"https:\/\/yasminfood.ch\/de\/","logo":{"@type":"ImageObject","inLanguage":"de","@id":"https:\/\/yasminfood.ch\/de\/#\/schema\/logo\/image\/","url":"https:\/\/yasminfood.ch\/wp-content\/uploads\/2025\/05\/yasmin-food-header-logo.png","contentUrl":"https:\/\/yasminfood.ch\/wp-content\/uploads\/2025\/05\/yasmin-food-header-logo.png","width":330,"height":120,"caption":"\u064a\u0627\u0633\u0645\u064a\u0646 \u0645\u0627\u0631\u0643\u062a"},"image":{"@id":"https:\/\/yasminfood.ch\/de\/#\/schema\/logo\/image\/"},"sameAs":["https:\/\/www.facebook.com\/yasminmarkt1","https:\/\/www.tiktok.com\/@yasminmarkt","https:\/\/www.instagram.com\/yasmin.markt1\/","https:\/\/api.whatsapp.com\/send\/?phone=41799000104"],"publishingPrinciples":"https:\/\/yasminfood.ch\/de\/shop\/","ownershipFundingInfo":"https:\/\/yasminfood.ch\/de\/shop\/"}]},"product_price_amount":"2.50","product_price_currency":"CHF","og_availability":"instock","product_availability":"instock","product_condition":"new"},"jetpack_sharing_enabled":true,"_links":{"self":[{"href":"https:\/\/yasminfood.ch\/de\/wp-json\/wp\/v2\/product\/121640","targetHints":{"allow":["GET"]}}],"collection":[{"href":"https:\/\/yasminfood.ch\/de\/wp-json\/wp\/v2\/product"}],"about":[{"href":"https:\/\/yasminfood.ch\/de\/wp-json\/wp\/v2\/types\/product"}],"replies":[{"embeddable":true,"href":"https:\/\/yasminfood.ch\/de\/wp-json\/wp\/v2\/comments?post=121640"}],"version-history":[{"count":0,"href":"https:\/\/yasminfood.ch\/de\/wp-json\/wp\/v2\/product\/121640\/revisions"}],"wp:featuredmedia":[{"embeddable":true,"href":"https:\/\/yasminfood.ch\/de\/wp-json\/wp\/v2\/media\/121642"}],"wp:attachment":[{"href":"https:\/\/yasminfood.ch\/de\/wp-json\/wp\/v2\/media?parent=121640"}],"wp:term":[{"taxonomy":"product_brand","embeddable":true,"href":"https:\/\/yasminfood.ch\/de\/wp-json\/wp\/v2\/product_brand?post=121640"},{"taxonomy":"product_cat","embeddable":true,"href":"https:\/\/yasminfood.ch\/de\/wp-json\/wp\/v2\/product_cat?post=121640"},{"taxonomy":"product_tag","embeddable":true,"href":"https:\/\/yasminfood.ch\/de\/wp-json\/wp\/v2\/product_tag?post=121640"}],"curies":[{"name":"wp","href":"https:\/\/api.w.org\/{rel}","templated":true}]}}