{"id":121648,"date":"2026-02-19T10:57:27","date_gmt":"2026-02-19T09:57:27","guid":{"rendered":"https:\/\/yasminfood.ch\/product\/pastrama-abado-gewuerz-50-g\/"},"modified":"2026-02-19T11:24:30","modified_gmt":"2026-02-19T10:24:30","slug":"pastrama-abado-gewuerz-50-g","status":"publish","type":"product","link":"https:\/\/yasminfood.ch\/de\/product\/pastrama-abado-gewuerz-50-g\/","title":{"rendered":"Pastrama Abado Gew\u00fcrz 50 g"},"content":{"rendered":"<p data-start=\"0\" data-end=\"25\"><strong data-start=\"0\" data-end=\"25\">Pastrama Abado Gew\u00fcrz 50 g<\/strong><\/p>\n<ul>\n<li data-start=\"27\" data-end=\"183\">\n<p data-start=\"27\" data-end=\"183\">Bereiten Sie Pastrami mit seinem reichhaltigen und unverwechselbaren Geschmack zu.<\/p>\n<\/li>\n<li data-start=\"27\" data-end=\"183\">\n<p data-start=\"27\" data-end=\"183\">Eine ausgewogene Mischung aromatischer Gew\u00fcrze verleiht dem Fleisch einen kr\u00e4ftigen Geschmack, ein k\u00f6stliches Aroma und eine authentische traditionelle Note.<\/p>\n<p data-start=\"185\" data-end=\"198\"><strong data-start=\"185\" data-end=\"198\">Funktionen:<\/strong><\/p>\n<ul data-start=\"199\" data-end=\"405\">\n<li data-start=\"199\" data-end=\"237\">\n<p data-start=\"201\" data-end=\"237\">Eine spezielle Mischung zur Herstellung von Pastrami mit vollst\u00e4ndigem Geschmack<\/p>\n<\/li>\n<li data-start=\"238\" data-end=\"264\">\n<p data-start=\"240\" data-end=\"264\">Starker Geschmack und markantes Aroma<\/p>\n<\/li>\n<li data-start=\"265\" data-end=\"308\">\n<p data-start=\"267\" data-end=\"308\">Ideal, um Fleisch vor dem Trocknen oder Kochen zu marinieren<\/p>\n<\/li>\n<li data-start=\"309\" data-end=\"349\">\n<p data-start=\"311\" data-end=\"349\">Auch geeignet f\u00fcr einige Fleisch- und Eigerichte<\/p>\n<\/li>\n<li data-start=\"350\" data-end=\"387\">\n<p data-start=\"352\" data-end=\"387\">Geschliffen mit einer glatten Textur f\u00fcr einfache Anwendung<\/p>\n<\/li>\n<li data-start=\"388\" data-end=\"405\">\n<p data-start=\"390\" data-end=\"405\">Libanesische Industrie<\/p>\n<\/li>\n<\/ul>\n<p data-start=\"407\" data-end=\"569\"><strong data-start=\"407\" data-end=\"427\">Wie man verwendet:<\/strong><br data-start=\"427\" data-end=\"430\">Mischen Sie mit zerdr\u00fccktem Knoblauch und etwas Wasser oder \u00d6l, um eine Paste zu formen, die das Fleisch b\u00fcrst, oder verwenden Sie sie je nach Rezept direkt als Gew\u00fcrz. Passen Sie es nach Geschmack an.  <\/p>\n<p data-start=\"571\" data-end=\"598\">\n<\/li>\n<\/ul>\n","protected":false},"excerpt":{"rendered":"<p data-start=\"0\" data-end=\"25\"><strong data-start=\"0\" data-end=\"25\">Pastrama Abado Gew\u00fcrz 50 g<\/strong><\/p>\n<ul>\n<li data-start=\"27\" data-end=\"183\">\n<p data-start=\"27\" data-end=\"183\">Bereiten Sie Pastrami mit seinem reichhaltigen und unverwechselbaren Geschmack zu.<\/p>\n<\/li>\n<li data-start=\"27\" data-end=\"183\">\n<p data-start=\"27\" data-end=\"183\">Eine ausgewogene Mischung aromatischer Gew\u00fcrze verleiht dem Fleisch einen kr\u00e4ftigen Geschmack, ein k\u00f6stliches Aroma und eine authentische traditionelle Note.<\/p>\n<\/li>\n<\/ul>\n","protected":false},"featured_media":121650,"comment_status":"open","ping_status":"closed","template":"","meta":[],"product_brand":[2354],"product_cat":[360,356],"product_tag":[],"class_list":{"0":"post-121648","1":"product","2":"type-product","3":"status-publish","4":"has-post-thumbnail","6":"product_brand-abido","7":"product_cat-gewurze","8":"product_cat-gewuerze-nuesse","10":"first","11":"instock","12":"taxable","13":"shipping-taxable","14":"purchasable","15":"product-type-simple"},"yoast_head":"<!-- This site is optimized with the Yoast SEO Premium plugin v26.5 (Yoast SEO v27.3) - https:\/\/yoast.com\/product\/yoast-seo-premium-wordpress\/ -->\n<title>Pastrama Abado Gew\u00fcrz 50 g - Yasmin Food<\/title>\n<meta name=\"description\" content=\"Pastrami ist eine ausgewogene Mischung aus aromatischen Gew\u00fcrzen, die dem Fleisch einen kr\u00e4ftigen Geschmack, ein k\u00f6stliches Aroma und eine authentische traditionelle Note verleiht.\" \/>\n<meta name=\"robots\" content=\"index, follow, max-snippet:-1, max-image-preview:large, max-video-preview:-1\" \/>\n<link rel=\"canonical\" href=\"https:\/\/yasminfood.ch\/de\/product\/pastrama-abado-gewuerz-50-g\/\" \/>\n<meta property=\"og:locale\" content=\"de_DE\" \/>\n<meta property=\"og:type\" content=\"article\" \/>\n<meta property=\"og:title\" content=\"Pastrama Abado Gew\u00fcrz 50 g\" \/>\n<meta property=\"og:description\" content=\"Pastrama Abado Gew\u00fcrz 50 g   Bereiten Sie Pastrami mit seinem reichhaltigen und unverwechselbaren Geschmack zu.   Eine ausgewogene Mischung aromatischer Gew\u00fcrze verleiht dem Fleisch einen kr\u00e4ftigen Geschmack, ein k\u00f6stliches Aroma und eine authentische traditionelle Note.\" \/>\n<meta property=\"og:url\" content=\"https:\/\/yasminfood.ch\/de\/product\/pastrama-abado-gewuerz-50-g\/\" \/>\n<meta property=\"og:site_name\" content=\"Yasmin Food\" \/>\n<meta property=\"article:publisher\" content=\"https:\/\/www.facebook.com\/yasminmarkt1\" \/>\n<meta property=\"article:modified_time\" content=\"2026-02-19T10:24:30+00:00\" \/>\n<meta property=\"og:image\" content=\"https:\/\/yasminfood.ch\/wp-content\/uploads\/2026\/02\/\u0628\u0647\u0627\u0631-\u0628\u0633\u0637\u0631\u0645\u0627-\u0639\u0628\u064a\u062f\u0648-50\u063a.png\" \/>\n\t<meta property=\"og:image:width\" content=\"1080\" \/>\n\t<meta property=\"og:image:height\" content=\"1080\" \/>\n\t<meta property=\"og:image:type\" content=\"image\/png\" \/>\n<meta name=\"twitter:card\" content=\"summary_large_image\" \/>\n<meta name=\"twitter:label1\" content=\"Preis\" \/>\n\t<meta name=\"twitter:data1\" content=\"2.50&nbsp;&#067;&#072;&#070;\" \/>\n\t<meta name=\"twitter:label2\" content=\"Verf\u00fcgbarkeit\" \/>\n\t<meta name=\"twitter:data2\" content=\"Auf Lager\" \/>\n<script type=\"application\/ld+json\" class=\"yoast-schema-graph\">{\"@context\":\"https:\\\/\\\/schema.org\",\"@graph\":[{\"@type\":\"WebPage\",\"@id\":\"https:\\\/\\\/yasminfood.ch\\\/de\\\/product\\\/pastrama-abado-gewuerz-50-g\\\/\",\"url\":\"https:\\\/\\\/yasminfood.ch\\\/de\\\/product\\\/pastrama-abado-gewuerz-50-g\\\/\",\"name\":\"Pastrama Abado Gew\u00fcrz 50 g - Yasmin Food\",\"isPartOf\":{\"@id\":\"https:\\\/\\\/yasminfood.ch\\\/de\\\/#website\"},\"primaryImageOfPage\":{\"@id\":\"https:\\\/\\\/yasminfood.ch\\\/de\\\/product\\\/pastrama-abado-gewuerz-50-g\\\/#primaryimage\"},\"image\":{\"@id\":\"https:\\\/\\\/yasminfood.ch\\\/de\\\/product\\\/pastrama-abado-gewuerz-50-g\\\/#primaryimage\"},\"thumbnailUrl\":\"https:\\\/\\\/yasminfood.ch\\\/wp-content\\\/uploads\\\/2026\\\/02\\\/\u0628\u0647\u0627\u0631-\u0628\u0633\u0637\u0631\u0645\u0627-\u0639\u0628\u064a\u062f\u0648-50\u063a.png\",\"datePublished\":\"2026-02-19T09:57:27+00:00\",\"dateModified\":\"2026-02-19T10:24:30+00:00\",\"description\":\"Pastrami ist eine ausgewogene Mischung aus aromatischen Gew\u00fcrzen, die dem Fleisch einen kr\u00e4ftigen Geschmack, ein k\u00f6stliches Aroma und eine authentische traditionelle Note verleiht.\",\"breadcrumb\":{\"@id\":\"https:\\\/\\\/yasminfood.ch\\\/de\\\/product\\\/pastrama-abado-gewuerz-50-g\\\/#breadcrumb\"},\"inLanguage\":\"de\",\"potentialAction\":[{\"@type\":\"ReadAction\",\"target\":[\"https:\\\/\\\/yasminfood.ch\\\/de\\\/product\\\/pastrama-abado-gewuerz-50-g\\\/\"]}]},{\"@type\":\"ImageObject\",\"inLanguage\":\"de\",\"@id\":\"https:\\\/\\\/yasminfood.ch\\\/de\\\/product\\\/pastrama-abado-gewuerz-50-g\\\/#primaryimage\",\"url\":\"https:\\\/\\\/yasminfood.ch\\\/wp-content\\\/uploads\\\/2026\\\/02\\\/\u0628\u0647\u0627\u0631-\u0628\u0633\u0637\u0631\u0645\u0627-\u0639\u0628\u064a\u062f\u0648-50\u063a.png\",\"contentUrl\":\"https:\\\/\\\/yasminfood.ch\\\/wp-content\\\/uploads\\\/2026\\\/02\\\/\u0628\u0647\u0627\u0631-\u0628\u0633\u0637\u0631\u0645\u0627-\u0639\u0628\u064a\u062f\u0648-50\u063a.png\",\"width\":1080,\"height\":1080,\"caption\":\"Pastrama Abado Gew\u00fcrz 50 g\"},{\"@type\":\"BreadcrumbList\",\"@id\":\"https:\\\/\\\/yasminfood.ch\\\/de\\\/product\\\/pastrama-abado-gewuerz-50-g\\\/#breadcrumb\",\"itemListElement\":[{\"@type\":\"ListItem\",\"position\":1,\"name\":\"\u0627\u0644\u0631\u0626\u064a\u0633\u064a\u0629\",\"item\":\"https:\\\/\\\/yasminfood.ch\\\/de\\\/zuhause\\\/\"},{\"@type\":\"ListItem\",\"position\":2,\"name\":\"Shop\",\"item\":\"https:\\\/\\\/yasminfood.ch\\\/de\\\/shop\\\/\"},{\"@type\":\"ListItem\",\"position\":3,\"name\":\"Pastrama Abado Gew\u00fcrz 50 g\"}]},{\"@type\":\"WebSite\",\"@id\":\"https:\\\/\\\/yasminfood.ch\\\/de\\\/#website\",\"url\":\"https:\\\/\\\/yasminfood.ch\\\/de\\\/\",\"name\":\"\u064a\u0627\u0633\u0645\u064a\u0646 \u0645\u0627\u0631\u0643\u062a\",\"description\":\"Alles, was Sie brauchen, an einem Ort\",\"publisher\":{\"@id\":\"https:\\\/\\\/yasminfood.ch\\\/de\\\/#organization\"},\"alternateName\":\"Yasmin Food\",\"potentialAction\":[{\"@type\":\"SearchAction\",\"target\":{\"@type\":\"EntryPoint\",\"urlTemplate\":\"https:\\\/\\\/yasminfood.ch\\\/de\\\/?s={search_term_string}\"},\"query-input\":{\"@type\":\"PropertyValueSpecification\",\"valueRequired\":true,\"valueName\":\"search_term_string\"}}],\"inLanguage\":\"de\"},{\"@type\":\"Organization\",\"@id\":\"https:\\\/\\\/yasminfood.ch\\\/de\\\/#organization\",\"name\":\"\u064a\u0627\u0633\u0645\u064a\u0646 \u0645\u0627\u0631\u0643\u062a\",\"alternateName\":\"Yasmin Food\",\"url\":\"https:\\\/\\\/yasminfood.ch\\\/de\\\/\",\"logo\":{\"@type\":\"ImageObject\",\"inLanguage\":\"de\",\"@id\":\"https:\\\/\\\/yasminfood.ch\\\/de\\\/#\\\/schema\\\/logo\\\/image\\\/\",\"url\":\"https:\\\/\\\/yasminfood.ch\\\/wp-content\\\/uploads\\\/2025\\\/05\\\/yasmin-food-header-logo.png\",\"contentUrl\":\"https:\\\/\\\/yasminfood.ch\\\/wp-content\\\/uploads\\\/2025\\\/05\\\/yasmin-food-header-logo.png\",\"width\":330,\"height\":120,\"caption\":\"\u064a\u0627\u0633\u0645\u064a\u0646 \u0645\u0627\u0631\u0643\u062a\"},\"image\":{\"@id\":\"https:\\\/\\\/yasminfood.ch\\\/de\\\/#\\\/schema\\\/logo\\\/image\\\/\"},\"sameAs\":[\"https:\\\/\\\/www.facebook.com\\\/yasminmarkt1\",\"https:\\\/\\\/www.tiktok.com\\\/@yasminmarkt\",\"https:\\\/\\\/www.instagram.com\\\/yasmin.markt1\\\/\",\"https:\\\/\\\/api.whatsapp.com\\\/send\\\/?phone=41799000104\"],\"publishingPrinciples\":\"https:\\\/\\\/yasminfood.ch\\\/de\\\/shop\\\/\",\"ownershipFundingInfo\":\"https:\\\/\\\/yasminfood.ch\\\/de\\\/shop\\\/\"}]}<\/script>\n<meta property=\"product:price:amount\" content=\"2.50\" \/>\n<meta property=\"product:price:currency\" content=\"CHF\" \/>\n<meta property=\"og:availability\" content=\"instock\" \/>\n<meta property=\"product:availability\" content=\"instock\" \/>\n<meta property=\"product:condition\" content=\"new\" \/>\n<!-- \/ Yoast SEO Premium plugin. -->","yoast_head_json":{"title":"Pastrama Abado Gew\u00fcrz 50 g - Yasmin Food","description":"Pastrami ist eine ausgewogene Mischung aus aromatischen Gew\u00fcrzen, die dem Fleisch einen kr\u00e4ftigen Geschmack, ein k\u00f6stliches Aroma und eine authentische traditionelle Note verleiht.","robots":{"index":"index","follow":"follow","max-snippet":"max-snippet:-1","max-image-preview":"max-image-preview:large","max-video-preview":"max-video-preview:-1"},"canonical":"https:\/\/yasminfood.ch\/de\/product\/pastrama-abado-gewuerz-50-g\/","og_locale":"de_DE","og_type":"article","og_title":"Pastrama Abado Gew\u00fcrz 50 g","og_description":"Pastrama Abado Gew\u00fcrz 50 g   Bereiten Sie Pastrami mit seinem reichhaltigen und unverwechselbaren Geschmack zu.   Eine ausgewogene Mischung aromatischer Gew\u00fcrze verleiht dem Fleisch einen kr\u00e4ftigen Geschmack, ein k\u00f6stliches Aroma und eine authentische traditionelle Note.","og_url":"https:\/\/yasminfood.ch\/de\/product\/pastrama-abado-gewuerz-50-g\/","og_site_name":"Yasmin Food","article_publisher":"https:\/\/www.facebook.com\/yasminmarkt1","article_modified_time":"2026-02-19T10:24:30+00:00","og_image":[{"width":1080,"height":1080,"url":"https:\/\/yasminfood.ch\/wp-content\/uploads\/2026\/02\/\u0628\u0647\u0627\u0631-\u0628\u0633\u0637\u0631\u0645\u0627-\u0639\u0628\u064a\u062f\u0648-50\u063a.png","type":"image\/png"}],"twitter_card":"summary_large_image","twitter_misc":{"Preis":"2.50&nbsp;&#67;&#72;&#70;","Verf\u00fcgbarkeit":"Auf Lager"},"schema":{"@context":"https:\/\/schema.org","@graph":[{"@type":"WebPage","@id":"https:\/\/yasminfood.ch\/de\/product\/pastrama-abado-gewuerz-50-g\/","url":"https:\/\/yasminfood.ch\/de\/product\/pastrama-abado-gewuerz-50-g\/","name":"Pastrama Abado Gew\u00fcrz 50 g - Yasmin Food","isPartOf":{"@id":"https:\/\/yasminfood.ch\/de\/#website"},"primaryImageOfPage":{"@id":"https:\/\/yasminfood.ch\/de\/product\/pastrama-abado-gewuerz-50-g\/#primaryimage"},"image":{"@id":"https:\/\/yasminfood.ch\/de\/product\/pastrama-abado-gewuerz-50-g\/#primaryimage"},"thumbnailUrl":"https:\/\/yasminfood.ch\/wp-content\/uploads\/2026\/02\/\u0628\u0647\u0627\u0631-\u0628\u0633\u0637\u0631\u0645\u0627-\u0639\u0628\u064a\u062f\u0648-50\u063a.png","datePublished":"2026-02-19T09:57:27+00:00","dateModified":"2026-02-19T10:24:30+00:00","description":"Pastrami ist eine ausgewogene Mischung aus aromatischen Gew\u00fcrzen, die dem Fleisch einen kr\u00e4ftigen Geschmack, ein k\u00f6stliches Aroma und eine authentische traditionelle Note verleiht.","breadcrumb":{"@id":"https:\/\/yasminfood.ch\/de\/product\/pastrama-abado-gewuerz-50-g\/#breadcrumb"},"inLanguage":"de","potentialAction":[{"@type":"ReadAction","target":["https:\/\/yasminfood.ch\/de\/product\/pastrama-abado-gewuerz-50-g\/"]}]},{"@type":"ImageObject","inLanguage":"de","@id":"https:\/\/yasminfood.ch\/de\/product\/pastrama-abado-gewuerz-50-g\/#primaryimage","url":"https:\/\/yasminfood.ch\/wp-content\/uploads\/2026\/02\/\u0628\u0647\u0627\u0631-\u0628\u0633\u0637\u0631\u0645\u0627-\u0639\u0628\u064a\u062f\u0648-50\u063a.png","contentUrl":"https:\/\/yasminfood.ch\/wp-content\/uploads\/2026\/02\/\u0628\u0647\u0627\u0631-\u0628\u0633\u0637\u0631\u0645\u0627-\u0639\u0628\u064a\u062f\u0648-50\u063a.png","width":1080,"height":1080,"caption":"Pastrama Abado Gew\u00fcrz 50 g"},{"@type":"BreadcrumbList","@id":"https:\/\/yasminfood.ch\/de\/product\/pastrama-abado-gewuerz-50-g\/#breadcrumb","itemListElement":[{"@type":"ListItem","position":1,"name":"\u0627\u0644\u0631\u0626\u064a\u0633\u064a\u0629","item":"https:\/\/yasminfood.ch\/de\/zuhause\/"},{"@type":"ListItem","position":2,"name":"Shop","item":"https:\/\/yasminfood.ch\/de\/shop\/"},{"@type":"ListItem","position":3,"name":"Pastrama Abado Gew\u00fcrz 50 g"}]},{"@type":"WebSite","@id":"https:\/\/yasminfood.ch\/de\/#website","url":"https:\/\/yasminfood.ch\/de\/","name":"\u064a\u0627\u0633\u0645\u064a\u0646 \u0645\u0627\u0631\u0643\u062a","description":"Alles, was Sie brauchen, an einem Ort","publisher":{"@id":"https:\/\/yasminfood.ch\/de\/#organization"},"alternateName":"Yasmin Food","potentialAction":[{"@type":"SearchAction","target":{"@type":"EntryPoint","urlTemplate":"https:\/\/yasminfood.ch\/de\/?s={search_term_string}"},"query-input":{"@type":"PropertyValueSpecification","valueRequired":true,"valueName":"search_term_string"}}],"inLanguage":"de"},{"@type":"Organization","@id":"https:\/\/yasminfood.ch\/de\/#organization","name":"\u064a\u0627\u0633\u0645\u064a\u0646 \u0645\u0627\u0631\u0643\u062a","alternateName":"Yasmin Food","url":"https:\/\/yasminfood.ch\/de\/","logo":{"@type":"ImageObject","inLanguage":"de","@id":"https:\/\/yasminfood.ch\/de\/#\/schema\/logo\/image\/","url":"https:\/\/yasminfood.ch\/wp-content\/uploads\/2025\/05\/yasmin-food-header-logo.png","contentUrl":"https:\/\/yasminfood.ch\/wp-content\/uploads\/2025\/05\/yasmin-food-header-logo.png","width":330,"height":120,"caption":"\u064a\u0627\u0633\u0645\u064a\u0646 \u0645\u0627\u0631\u0643\u062a"},"image":{"@id":"https:\/\/yasminfood.ch\/de\/#\/schema\/logo\/image\/"},"sameAs":["https:\/\/www.facebook.com\/yasminmarkt1","https:\/\/www.tiktok.com\/@yasminmarkt","https:\/\/www.instagram.com\/yasmin.markt1\/","https:\/\/api.whatsapp.com\/send\/?phone=41799000104"],"publishingPrinciples":"https:\/\/yasminfood.ch\/de\/shop\/","ownershipFundingInfo":"https:\/\/yasminfood.ch\/de\/shop\/"}]},"product_price_amount":"2.50","product_price_currency":"CHF","og_availability":"instock","product_availability":"instock","product_condition":"new"},"jetpack_sharing_enabled":true,"_links":{"self":[{"href":"https:\/\/yasminfood.ch\/de\/wp-json\/wp\/v2\/product\/121648","targetHints":{"allow":["GET"]}}],"collection":[{"href":"https:\/\/yasminfood.ch\/de\/wp-json\/wp\/v2\/product"}],"about":[{"href":"https:\/\/yasminfood.ch\/de\/wp-json\/wp\/v2\/types\/product"}],"replies":[{"embeddable":true,"href":"https:\/\/yasminfood.ch\/de\/wp-json\/wp\/v2\/comments?post=121648"}],"version-history":[{"count":0,"href":"https:\/\/yasminfood.ch\/de\/wp-json\/wp\/v2\/product\/121648\/revisions"}],"wp:featuredmedia":[{"embeddable":true,"href":"https:\/\/yasminfood.ch\/de\/wp-json\/wp\/v2\/media\/121650"}],"wp:attachment":[{"href":"https:\/\/yasminfood.ch\/de\/wp-json\/wp\/v2\/media?parent=121648"}],"wp:term":[{"taxonomy":"product_brand","embeddable":true,"href":"https:\/\/yasminfood.ch\/de\/wp-json\/wp\/v2\/product_brand?post=121648"},{"taxonomy":"product_cat","embeddable":true,"href":"https:\/\/yasminfood.ch\/de\/wp-json\/wp\/v2\/product_cat?post=121648"},{"taxonomy":"product_tag","embeddable":true,"href":"https:\/\/yasminfood.ch\/de\/wp-json\/wp\/v2\/product_tag?post=121648"}],"curies":[{"name":"wp","href":"https:\/\/api.w.org\/{rel}","templated":true}]}}