{"id":121652,"date":"2026-02-19T11:06:38","date_gmt":"2026-02-19T10:06:38","guid":{"rendered":"https:\/\/yasminfood.ch\/product\/anisbohnen-ubeido-50g\/"},"modified":"2026-02-19T11:24:34","modified_gmt":"2026-02-19T10:24:34","slug":"anisbohnen-ubeido-50g","status":"publish","type":"product","link":"https:\/\/yasminfood.ch\/de\/product\/anisbohnen-ubeido-50g\/","title":{"rendered":"Anisbohnen Ubeido 50g"},"content":{"rendered":"<p data-start=\"0\" data-end=\"23\"><strong data-start=\"0\" data-end=\"23\">Anisbohnen Ubeido 50g<\/strong><\/p>\n<ul>\n<li data-start=\"25\" data-end=\"232\">\n<p data-start=\"25\" data-end=\"232\">Genie\u00dfen Sie einen unverwechselbaren aromatischen Geschmack, der sorgf\u00e4ltig ausgew\u00e4hlt wurde, um Ihren Rezepten und Getr\u00e4nken einen warmen, s\u00fc\u00dfen Geschmack zu verleihen<\/p>\n<\/li>\n<li data-start=\"25\" data-end=\"232\">\n<p data-start=\"25\" data-end=\"232\">Mit einem authentischen, traditionellen Charakter. Anis zeichnet sich durch sein k\u00f6stliches Aroma und seinen einzigartigen Geschmack aus, der beim Kochen oder Mahlen besonders hervorsticht. <\/p>\n<p data-start=\"234\" data-end=\"247\"><strong data-start=\"234\" data-end=\"247\">Funktionen:<\/strong><\/p>\n<ul data-start=\"248\" data-end=\"438\">\n<li data-start=\"248\" data-end=\"282\">\n<p data-start=\"250\" data-end=\"282\">Hochwertige Ganis-Anissamen<\/p>\n<\/li>\n<li data-start=\"283\" data-end=\"309\">\n<p data-start=\"285\" data-end=\"309\">S\u00fc\u00dfer und unverwechselbarer aromatischer Geschmack<\/p>\n<\/li>\n<li data-start=\"310\" data-end=\"348\">\n<p data-start=\"312\" data-end=\"348\">Perfekt zum Zubereiten eines hei\u00dfen Anisgetr\u00e4nks<\/p>\n<\/li>\n<li data-start=\"349\" data-end=\"388\">\n<p data-start=\"351\" data-end=\"388\">Geeignet f\u00fcr traditionelle Backwaren und Desserts<\/p>\n<\/li>\n<li data-start=\"389\" data-end=\"420\">\n<p data-start=\"391\" data-end=\"420\">Kann bei Bedarf frisch gemahlen werden<\/p>\n<\/li>\n<li data-start=\"421\" data-end=\"438\">\n<p data-start=\"423\" data-end=\"438\">Libanesische Industrie<\/p>\n<\/li>\n<\/ul>\n<p data-start=\"440\" data-end=\"594\"><strong data-start=\"440\" data-end=\"460\">Wie man verwendet:<\/strong><br data-start=\"460\" data-end=\"463\">Geben Sie es in kochendes Wasser und lassen Sie es ein paar Minuten f\u00fcr ein warmes Getr\u00e4nk geben, oder mahlen Sie es und verwenden Sie es in Teig- und S\u00fc\u00dfwarenmischungen. Verwenden Sie die Menge nach Geschmack.  <\/p>\n<p data-start=\"596\" data-end=\"623\">\n<\/li>\n<\/ul>\n","protected":false},"excerpt":{"rendered":"<p data-start=\"0\" data-end=\"23\"><strong data-start=\"0\" data-end=\"23\">Anisbohnen Ubeido 50g<\/strong><\/p>\n<ul>\n<li data-start=\"25\" data-end=\"232\">\n<p data-start=\"25\" data-end=\"232\">Genie\u00dfen Sie einen unverwechselbaren aromatischen Geschmack, der sorgf\u00e4ltig ausgew\u00e4hlt wurde, um Ihren Rezepten und Getr\u00e4nken einen warmen, s\u00fc\u00dfen Geschmack zu verleihen<\/p>\n<\/li>\n<li data-start=\"25\" data-end=\"232\">Mit einem authentischen, traditionellen Charakter. Anis zeichnet sich durch sein k\u00f6stliches Aroma und seinen einzigartigen Geschmack aus, der beim Kochen oder Mahlen besonders hervorsticht. <\/li>\n<\/ul>\n","protected":false},"featured_media":121653,"comment_status":"open","ping_status":"closed","template":"","meta":[],"product_brand":[2354],"product_cat":[360,356],"product_tag":[],"class_list":{"0":"post-121652","1":"product","2":"type-product","3":"status-publish","4":"has-post-thumbnail","6":"product_brand-abido","7":"product_cat-gewurze","8":"product_cat-gewuerze-nuesse","10":"first","11":"instock","12":"taxable","13":"shipping-taxable","14":"purchasable","15":"product-type-simple"},"yoast_head":"<!-- This site is optimized with the Yoast SEO Premium plugin v26.5 (Yoast SEO v27.3) - https:\/\/yoast.com\/product\/yoast-seo-premium-wordpress\/ -->\n<title>Anisbohnen Ubeido 50g - Yasmin Food<\/title>\n<meta name=\"description\" content=\"Genie\u00dfen Sie einen unverwechselbaren aromatischen Geschmack, der sorgf\u00e4ltig ausgew\u00e4hlt wurde, um Ihren Rezepten und Getr\u00e4nken ein warmes, s\u00fc\u00dfes, authentisches, traditionelles Flair zu verleihen. Anis zeichnet sich durch sein duftendes Aroma aus\" \/>\n<meta name=\"robots\" content=\"index, follow, max-snippet:-1, max-image-preview:large, max-video-preview:-1\" \/>\n<link rel=\"canonical\" href=\"https:\/\/yasminfood.ch\/de\/product\/anisbohnen-ubeido-50g\/\" \/>\n<meta property=\"og:locale\" content=\"de_DE\" \/>\n<meta property=\"og:type\" content=\"article\" \/>\n<meta property=\"og:title\" content=\"Anisbohnen Ubeido 50g\" \/>\n<meta property=\"og:description\" content=\"Anisbohnen Ubeido 50g   Genie\u00dfen Sie einen unverwechselbaren aromatischen Geschmack, der sorgf\u00e4ltig ausgew\u00e4hlt wurde, um Ihren Rezepten und Getr\u00e4nken einen warmen, s\u00fc\u00dfen Geschmack zu verleihen  Mit einem authentischen, traditionellen Charakter. Anis zeichnet sich durch sein k\u00f6stliches Aroma und seinen einzigartigen Geschmack aus, der beim Kochen oder Mahlen besonders hervorsticht.\" \/>\n<meta property=\"og:url\" content=\"https:\/\/yasminfood.ch\/de\/product\/anisbohnen-ubeido-50g\/\" \/>\n<meta property=\"og:site_name\" content=\"Yasmin Food\" \/>\n<meta property=\"article:publisher\" content=\"https:\/\/www.facebook.com\/yasminmarkt1\" \/>\n<meta property=\"article:modified_time\" content=\"2026-02-19T10:24:34+00:00\" \/>\n<meta property=\"og:image\" content=\"https:\/\/yasminfood.ch\/wp-content\/uploads\/2026\/02\/\u064a\u0627\u0646\u0633\u0648\u0646-\u062d\u0628-\u0639\u0628\u064a\u062f\u0648-50\u063a.png\" \/>\n\t<meta property=\"og:image:width\" content=\"1080\" \/>\n\t<meta property=\"og:image:height\" content=\"1080\" \/>\n\t<meta property=\"og:image:type\" content=\"image\/png\" \/>\n<meta name=\"twitter:card\" content=\"summary_large_image\" \/>\n<meta name=\"twitter:label1\" content=\"Preis\" \/>\n\t<meta name=\"twitter:data1\" content=\"2.50&nbsp;&#067;&#072;&#070;\" \/>\n\t<meta name=\"twitter:label2\" content=\"Verf\u00fcgbarkeit\" \/>\n\t<meta name=\"twitter:data2\" content=\"Auf Lager\" \/>\n<script type=\"application\/ld+json\" class=\"yoast-schema-graph\">{\"@context\":\"https:\\\/\\\/schema.org\",\"@graph\":[{\"@type\":\"WebPage\",\"@id\":\"https:\\\/\\\/yasminfood.ch\\\/de\\\/product\\\/anisbohnen-ubeido-50g\\\/\",\"url\":\"https:\\\/\\\/yasminfood.ch\\\/de\\\/product\\\/anisbohnen-ubeido-50g\\\/\",\"name\":\"Anisbohnen Ubeido 50g - Yasmin Food\",\"isPartOf\":{\"@id\":\"https:\\\/\\\/yasminfood.ch\\\/de\\\/#website\"},\"primaryImageOfPage\":{\"@id\":\"https:\\\/\\\/yasminfood.ch\\\/de\\\/product\\\/anisbohnen-ubeido-50g\\\/#primaryimage\"},\"image\":{\"@id\":\"https:\\\/\\\/yasminfood.ch\\\/de\\\/product\\\/anisbohnen-ubeido-50g\\\/#primaryimage\"},\"thumbnailUrl\":\"https:\\\/\\\/yasminfood.ch\\\/wp-content\\\/uploads\\\/2026\\\/02\\\/\u064a\u0627\u0646\u0633\u0648\u0646-\u062d\u0628-\u0639\u0628\u064a\u062f\u0648-50\u063a.png\",\"datePublished\":\"2026-02-19T10:06:38+00:00\",\"dateModified\":\"2026-02-19T10:24:34+00:00\",\"description\":\"Genie\u00dfen Sie einen unverwechselbaren aromatischen Geschmack, der sorgf\u00e4ltig ausgew\u00e4hlt wurde, um Ihren Rezepten und Getr\u00e4nken ein warmes, s\u00fc\u00dfes, authentisches, traditionelles Flair zu verleihen. Anis zeichnet sich durch sein duftendes Aroma aus\",\"breadcrumb\":{\"@id\":\"https:\\\/\\\/yasminfood.ch\\\/de\\\/product\\\/anisbohnen-ubeido-50g\\\/#breadcrumb\"},\"inLanguage\":\"de\",\"potentialAction\":[{\"@type\":\"ReadAction\",\"target\":[\"https:\\\/\\\/yasminfood.ch\\\/de\\\/product\\\/anisbohnen-ubeido-50g\\\/\"]}]},{\"@type\":\"ImageObject\",\"inLanguage\":\"de\",\"@id\":\"https:\\\/\\\/yasminfood.ch\\\/de\\\/product\\\/anisbohnen-ubeido-50g\\\/#primaryimage\",\"url\":\"https:\\\/\\\/yasminfood.ch\\\/wp-content\\\/uploads\\\/2026\\\/02\\\/\u064a\u0627\u0646\u0633\u0648\u0646-\u062d\u0628-\u0639\u0628\u064a\u062f\u0648-50\u063a.png\",\"contentUrl\":\"https:\\\/\\\/yasminfood.ch\\\/wp-content\\\/uploads\\\/2026\\\/02\\\/\u064a\u0627\u0646\u0633\u0648\u0646-\u062d\u0628-\u0639\u0628\u064a\u062f\u0648-50\u063a.png\",\"width\":1080,\"height\":1080,\"caption\":\"Anisbohnen Ubeido 50g\"},{\"@type\":\"BreadcrumbList\",\"@id\":\"https:\\\/\\\/yasminfood.ch\\\/de\\\/product\\\/anisbohnen-ubeido-50g\\\/#breadcrumb\",\"itemListElement\":[{\"@type\":\"ListItem\",\"position\":1,\"name\":\"\u0627\u0644\u0631\u0626\u064a\u0633\u064a\u0629\",\"item\":\"https:\\\/\\\/yasminfood.ch\\\/de\\\/zuhause\\\/\"},{\"@type\":\"ListItem\",\"position\":2,\"name\":\"Shop\",\"item\":\"https:\\\/\\\/yasminfood.ch\\\/de\\\/shop\\\/\"},{\"@type\":\"ListItem\",\"position\":3,\"name\":\"Anisbohnen Ubeido 50g\"}]},{\"@type\":\"WebSite\",\"@id\":\"https:\\\/\\\/yasminfood.ch\\\/de\\\/#website\",\"url\":\"https:\\\/\\\/yasminfood.ch\\\/de\\\/\",\"name\":\"\u064a\u0627\u0633\u0645\u064a\u0646 \u0645\u0627\u0631\u0643\u062a\",\"description\":\"Alles, was Sie brauchen, an einem Ort\",\"publisher\":{\"@id\":\"https:\\\/\\\/yasminfood.ch\\\/de\\\/#organization\"},\"alternateName\":\"Yasmin Food\",\"potentialAction\":[{\"@type\":\"SearchAction\",\"target\":{\"@type\":\"EntryPoint\",\"urlTemplate\":\"https:\\\/\\\/yasminfood.ch\\\/de\\\/?s={search_term_string}\"},\"query-input\":{\"@type\":\"PropertyValueSpecification\",\"valueRequired\":true,\"valueName\":\"search_term_string\"}}],\"inLanguage\":\"de\"},{\"@type\":\"Organization\",\"@id\":\"https:\\\/\\\/yasminfood.ch\\\/de\\\/#organization\",\"name\":\"\u064a\u0627\u0633\u0645\u064a\u0646 \u0645\u0627\u0631\u0643\u062a\",\"alternateName\":\"Yasmin Food\",\"url\":\"https:\\\/\\\/yasminfood.ch\\\/de\\\/\",\"logo\":{\"@type\":\"ImageObject\",\"inLanguage\":\"de\",\"@id\":\"https:\\\/\\\/yasminfood.ch\\\/de\\\/#\\\/schema\\\/logo\\\/image\\\/\",\"url\":\"https:\\\/\\\/yasminfood.ch\\\/wp-content\\\/uploads\\\/2025\\\/05\\\/yasmin-food-header-logo.png\",\"contentUrl\":\"https:\\\/\\\/yasminfood.ch\\\/wp-content\\\/uploads\\\/2025\\\/05\\\/yasmin-food-header-logo.png\",\"width\":330,\"height\":120,\"caption\":\"\u064a\u0627\u0633\u0645\u064a\u0646 \u0645\u0627\u0631\u0643\u062a\"},\"image\":{\"@id\":\"https:\\\/\\\/yasminfood.ch\\\/de\\\/#\\\/schema\\\/logo\\\/image\\\/\"},\"sameAs\":[\"https:\\\/\\\/www.facebook.com\\\/yasminmarkt1\",\"https:\\\/\\\/www.tiktok.com\\\/@yasminmarkt\",\"https:\\\/\\\/www.instagram.com\\\/yasmin.markt1\\\/\",\"https:\\\/\\\/api.whatsapp.com\\\/send\\\/?phone=41799000104\"],\"publishingPrinciples\":\"https:\\\/\\\/yasminfood.ch\\\/de\\\/shop\\\/\",\"ownershipFundingInfo\":\"https:\\\/\\\/yasminfood.ch\\\/de\\\/shop\\\/\"}]}<\/script>\n<meta property=\"product:price:amount\" content=\"2.50\" \/>\n<meta property=\"product:price:currency\" content=\"CHF\" \/>\n<meta property=\"og:availability\" content=\"instock\" \/>\n<meta property=\"product:availability\" content=\"instock\" \/>\n<meta property=\"product:condition\" content=\"new\" \/>\n<!-- \/ Yoast SEO Premium plugin. -->","yoast_head_json":{"title":"Anisbohnen Ubeido 50g - Yasmin Food","description":"Genie\u00dfen Sie einen unverwechselbaren aromatischen Geschmack, der sorgf\u00e4ltig ausgew\u00e4hlt wurde, um Ihren Rezepten und Getr\u00e4nken ein warmes, s\u00fc\u00dfes, authentisches, traditionelles Flair zu verleihen. Anis zeichnet sich durch sein duftendes Aroma aus","robots":{"index":"index","follow":"follow","max-snippet":"max-snippet:-1","max-image-preview":"max-image-preview:large","max-video-preview":"max-video-preview:-1"},"canonical":"https:\/\/yasminfood.ch\/de\/product\/anisbohnen-ubeido-50g\/","og_locale":"de_DE","og_type":"article","og_title":"Anisbohnen Ubeido 50g","og_description":"Anisbohnen Ubeido 50g   Genie\u00dfen Sie einen unverwechselbaren aromatischen Geschmack, der sorgf\u00e4ltig ausgew\u00e4hlt wurde, um Ihren Rezepten und Getr\u00e4nken einen warmen, s\u00fc\u00dfen Geschmack zu verleihen  Mit einem authentischen, traditionellen Charakter. Anis zeichnet sich durch sein k\u00f6stliches Aroma und seinen einzigartigen Geschmack aus, der beim Kochen oder Mahlen besonders hervorsticht.","og_url":"https:\/\/yasminfood.ch\/de\/product\/anisbohnen-ubeido-50g\/","og_site_name":"Yasmin Food","article_publisher":"https:\/\/www.facebook.com\/yasminmarkt1","article_modified_time":"2026-02-19T10:24:34+00:00","og_image":[{"width":1080,"height":1080,"url":"https:\/\/yasminfood.ch\/wp-content\/uploads\/2026\/02\/\u064a\u0627\u0646\u0633\u0648\u0646-\u062d\u0628-\u0639\u0628\u064a\u062f\u0648-50\u063a.png","type":"image\/png"}],"twitter_card":"summary_large_image","twitter_misc":{"Preis":"2.50&nbsp;&#67;&#72;&#70;","Verf\u00fcgbarkeit":"Auf Lager"},"schema":{"@context":"https:\/\/schema.org","@graph":[{"@type":"WebPage","@id":"https:\/\/yasminfood.ch\/de\/product\/anisbohnen-ubeido-50g\/","url":"https:\/\/yasminfood.ch\/de\/product\/anisbohnen-ubeido-50g\/","name":"Anisbohnen Ubeido 50g - Yasmin Food","isPartOf":{"@id":"https:\/\/yasminfood.ch\/de\/#website"},"primaryImageOfPage":{"@id":"https:\/\/yasminfood.ch\/de\/product\/anisbohnen-ubeido-50g\/#primaryimage"},"image":{"@id":"https:\/\/yasminfood.ch\/de\/product\/anisbohnen-ubeido-50g\/#primaryimage"},"thumbnailUrl":"https:\/\/yasminfood.ch\/wp-content\/uploads\/2026\/02\/\u064a\u0627\u0646\u0633\u0648\u0646-\u062d\u0628-\u0639\u0628\u064a\u062f\u0648-50\u063a.png","datePublished":"2026-02-19T10:06:38+00:00","dateModified":"2026-02-19T10:24:34+00:00","description":"Genie\u00dfen Sie einen unverwechselbaren aromatischen Geschmack, der sorgf\u00e4ltig ausgew\u00e4hlt wurde, um Ihren Rezepten und Getr\u00e4nken ein warmes, s\u00fc\u00dfes, authentisches, traditionelles Flair zu verleihen. Anis zeichnet sich durch sein duftendes Aroma aus","breadcrumb":{"@id":"https:\/\/yasminfood.ch\/de\/product\/anisbohnen-ubeido-50g\/#breadcrumb"},"inLanguage":"de","potentialAction":[{"@type":"ReadAction","target":["https:\/\/yasminfood.ch\/de\/product\/anisbohnen-ubeido-50g\/"]}]},{"@type":"ImageObject","inLanguage":"de","@id":"https:\/\/yasminfood.ch\/de\/product\/anisbohnen-ubeido-50g\/#primaryimage","url":"https:\/\/yasminfood.ch\/wp-content\/uploads\/2026\/02\/\u064a\u0627\u0646\u0633\u0648\u0646-\u062d\u0628-\u0639\u0628\u064a\u062f\u0648-50\u063a.png","contentUrl":"https:\/\/yasminfood.ch\/wp-content\/uploads\/2026\/02\/\u064a\u0627\u0646\u0633\u0648\u0646-\u062d\u0628-\u0639\u0628\u064a\u062f\u0648-50\u063a.png","width":1080,"height":1080,"caption":"Anisbohnen Ubeido 50g"},{"@type":"BreadcrumbList","@id":"https:\/\/yasminfood.ch\/de\/product\/anisbohnen-ubeido-50g\/#breadcrumb","itemListElement":[{"@type":"ListItem","position":1,"name":"\u0627\u0644\u0631\u0626\u064a\u0633\u064a\u0629","item":"https:\/\/yasminfood.ch\/de\/zuhause\/"},{"@type":"ListItem","position":2,"name":"Shop","item":"https:\/\/yasminfood.ch\/de\/shop\/"},{"@type":"ListItem","position":3,"name":"Anisbohnen Ubeido 50g"}]},{"@type":"WebSite","@id":"https:\/\/yasminfood.ch\/de\/#website","url":"https:\/\/yasminfood.ch\/de\/","name":"\u064a\u0627\u0633\u0645\u064a\u0646 \u0645\u0627\u0631\u0643\u062a","description":"Alles, was Sie brauchen, an einem Ort","publisher":{"@id":"https:\/\/yasminfood.ch\/de\/#organization"},"alternateName":"Yasmin Food","potentialAction":[{"@type":"SearchAction","target":{"@type":"EntryPoint","urlTemplate":"https:\/\/yasminfood.ch\/de\/?s={search_term_string}"},"query-input":{"@type":"PropertyValueSpecification","valueRequired":true,"valueName":"search_term_string"}}],"inLanguage":"de"},{"@type":"Organization","@id":"https:\/\/yasminfood.ch\/de\/#organization","name":"\u064a\u0627\u0633\u0645\u064a\u0646 \u0645\u0627\u0631\u0643\u062a","alternateName":"Yasmin Food","url":"https:\/\/yasminfood.ch\/de\/","logo":{"@type":"ImageObject","inLanguage":"de","@id":"https:\/\/yasminfood.ch\/de\/#\/schema\/logo\/image\/","url":"https:\/\/yasminfood.ch\/wp-content\/uploads\/2025\/05\/yasmin-food-header-logo.png","contentUrl":"https:\/\/yasminfood.ch\/wp-content\/uploads\/2025\/05\/yasmin-food-header-logo.png","width":330,"height":120,"caption":"\u064a\u0627\u0633\u0645\u064a\u0646 \u0645\u0627\u0631\u0643\u062a"},"image":{"@id":"https:\/\/yasminfood.ch\/de\/#\/schema\/logo\/image\/"},"sameAs":["https:\/\/www.facebook.com\/yasminmarkt1","https:\/\/www.tiktok.com\/@yasminmarkt","https:\/\/www.instagram.com\/yasmin.markt1\/","https:\/\/api.whatsapp.com\/send\/?phone=41799000104"],"publishingPrinciples":"https:\/\/yasminfood.ch\/de\/shop\/","ownershipFundingInfo":"https:\/\/yasminfood.ch\/de\/shop\/"}]},"product_price_amount":"2.50","product_price_currency":"CHF","og_availability":"instock","product_availability":"instock","product_condition":"new"},"jetpack_sharing_enabled":true,"_links":{"self":[{"href":"https:\/\/yasminfood.ch\/de\/wp-json\/wp\/v2\/product\/121652","targetHints":{"allow":["GET"]}}],"collection":[{"href":"https:\/\/yasminfood.ch\/de\/wp-json\/wp\/v2\/product"}],"about":[{"href":"https:\/\/yasminfood.ch\/de\/wp-json\/wp\/v2\/types\/product"}],"replies":[{"embeddable":true,"href":"https:\/\/yasminfood.ch\/de\/wp-json\/wp\/v2\/comments?post=121652"}],"version-history":[{"count":0,"href":"https:\/\/yasminfood.ch\/de\/wp-json\/wp\/v2\/product\/121652\/revisions"}],"wp:featuredmedia":[{"embeddable":true,"href":"https:\/\/yasminfood.ch\/de\/wp-json\/wp\/v2\/media\/121653"}],"wp:attachment":[{"href":"https:\/\/yasminfood.ch\/de\/wp-json\/wp\/v2\/media?parent=121652"}],"wp:term":[{"taxonomy":"product_brand","embeddable":true,"href":"https:\/\/yasminfood.ch\/de\/wp-json\/wp\/v2\/product_brand?post=121652"},{"taxonomy":"product_cat","embeddable":true,"href":"https:\/\/yasminfood.ch\/de\/wp-json\/wp\/v2\/product_cat?post=121652"},{"taxonomy":"product_tag","embeddable":true,"href":"https:\/\/yasminfood.ch\/de\/wp-json\/wp\/v2\/product_tag?post=121652"}],"curies":[{"name":"wp","href":"https:\/\/api.w.org\/{rel}","templated":true}]}}