{"id":121671,"date":"2026-02-19T11:16:22","date_gmt":"2026-02-19T10:16:22","guid":{"rendered":"https:\/\/yasminfood.ch\/product\/oregano-coarse-abido-20g\/"},"modified":"2026-02-19T11:24:41","modified_gmt":"2026-02-19T10:24:41","slug":"oregano-coarse-abido-20g","status":"publish","type":"product","link":"https:\/\/yasminfood.ch\/de\/product\/oregano-coarse-abido-20g\/","title":{"rendered":"Oregano Coarse Abido 20g"},"content":{"rendered":"<p data-start=\"0\" data-end=\"26\"><strong data-start=\"0\" data-end=\"26\">Oregano Coarse Abido 20g<\/strong><\/p>\n<ul>\n<li data-start=\"28\" data-end=\"166\">\n<p data-start=\"28\" data-end=\"166\">Genie\u00dfe den authentischen mediterranen Geschmack<\/p>\n<\/li>\n<li data-start=\"28\" data-end=\"166\">\n<p data-start=\"28\" data-end=\"166\">Ein aromatisches Kraut, das einer Vielzahl von Gerichten einen unverwechselbaren und erfrischenden Geschmack verleiht.<\/p>\n<p data-start=\"168\" data-end=\"181\"><strong data-start=\"168\" data-end=\"181\">Funktionen:<\/strong><\/p>\n<ul data-start=\"182\" data-end=\"398\">\n<li data-start=\"182\" data-end=\"238\">\n<p data-start=\"184\" data-end=\"238\">Grob getrocknete Oreganobl\u00e4tter, um den starken Geschmack zu bewahren<\/p>\n<\/li>\n<li data-start=\"239\" data-end=\"285\">\n<p data-start=\"241\" data-end=\"285\">Aromatisches Aroma und ein reicher, milder bitterer Geschmack<\/p>\n<\/li>\n<li data-start=\"286\" data-end=\"323\">\n<p data-start=\"288\" data-end=\"323\">Perfekt f\u00fcr Pizzen, Geb\u00e4ck und Salate <\/p>\n<\/li>\n<li data-start=\"324\" data-end=\"364\">\n<p data-start=\"326\" data-end=\"364\">Geeignet zum Marinieren von Fleisch, Huhn und So\u00dfen<\/p>\n<\/li>\n<li data-start=\"365\" data-end=\"382\">\n<p data-start=\"367\" data-end=\"382\">Libanesische Industrie<\/p>\n<\/li>\n<li data-start=\"383\" data-end=\"398\">\n<p data-start=\"385\" data-end=\"398\">Gewicht 20 g<\/p>\n<\/li>\n<\/ul>\n<p data-start=\"400\" data-end=\"553\"><strong data-start=\"400\" data-end=\"420\">Wie man verwendet:<\/strong><br data-start=\"420\" data-end=\"423\">Spr\u00fchen Sie direkt auf das Essen oder reiben Sie zwischen den H\u00e4nden, bevor Sie sie hinzuf\u00fcgen, um \u00e4therische \u00d6le hervorzuholen. Sie kann mit Oliven\u00f6l und Thymian gemischt werden, um ein k\u00f6stliches Dressing zu erhalten. <\/p>\n<p data-start=\"555\" data-end=\"624\" data-is-last-node=\"\" data-is-only-node=\"\">\n<\/li>\n<\/ul>\n","protected":false},"excerpt":{"rendered":"<p data-start=\"0\" data-end=\"26\"><strong data-start=\"0\" data-end=\"26\">Oregano Coarse Abido 20g<\/strong><\/p>\n<ul>\n<li data-start=\"28\" data-end=\"166\">\n<p data-start=\"28\" data-end=\"166\">Genie\u00dfe den authentischen mediterranen Geschmack<\/p>\n<\/li>\n<li data-start=\"28\" data-end=\"166\">\n<p data-start=\"28\" data-end=\"166\">Ein aromatisches Kraut, das einer Vielzahl von Gerichten einen unverwechselbaren und erfrischenden Geschmack verleiht.<\/p>\n<p data-start=\"168\" data-end=\"181\">\n<\/li>\n<\/ul>\n","protected":false},"featured_media":121673,"comment_status":"open","ping_status":"closed","template":"","meta":[],"product_brand":[2354],"product_cat":[360,356],"product_tag":[],"class_list":{"0":"post-121671","1":"product","2":"type-product","3":"status-publish","4":"has-post-thumbnail","6":"product_brand-abido","7":"product_cat-gewurze","8":"product_cat-gewuerze-nuesse","10":"first","11":"instock","12":"taxable","13":"shipping-taxable","14":"purchasable","15":"product-type-simple"},"yoast_head":"<!-- This site is optimized with the Yoast SEO Premium plugin v26.5 (Yoast SEO v27.3) - https:\/\/yoast.com\/product\/yoast-seo-premium-wordpress\/ -->\n<title>Oregano Coarse Abido 20g - Yasmin Food<\/title>\n<meta name=\"description\" content=\"Genie\u00dfen Sie den authentisch mediterranen Geschmack des aromatischen Krauts, das einer Vielzahl von Gerichten einen unverwechselbaren und erfrischenden Geschmack verleiht.\" \/>\n<meta name=\"robots\" content=\"index, follow, max-snippet:-1, max-image-preview:large, max-video-preview:-1\" \/>\n<link rel=\"canonical\" href=\"https:\/\/yasminfood.ch\/de\/product\/oregano-coarse-abido-20g\/\" \/>\n<meta property=\"og:locale\" content=\"de_DE\" \/>\n<meta property=\"og:type\" content=\"article\" \/>\n<meta property=\"og:title\" content=\"Oregano Coarse Abido 20g\" \/>\n<meta property=\"og:description\" content=\"Oregano Coarse Abido 20g   Genie\u00dfe den authentischen mediterranen Geschmack   Ein aromatisches Kraut, das einer Vielzahl von Gerichten einen unverwechselbaren und erfrischenden Geschmack verleiht.\" \/>\n<meta property=\"og:url\" content=\"https:\/\/yasminfood.ch\/de\/product\/oregano-coarse-abido-20g\/\" \/>\n<meta property=\"og:site_name\" content=\"Yasmin Food\" \/>\n<meta property=\"article:publisher\" content=\"https:\/\/www.facebook.com\/yasminmarkt1\" \/>\n<meta property=\"article:modified_time\" content=\"2026-02-19T10:24:41+00:00\" \/>\n<meta property=\"og:image\" content=\"https:\/\/yasminfood.ch\/wp-content\/uploads\/2026\/02\/\u0623\u0648\u0631\u064a\u063a\u0627\u0646\u0648-\u062e\u0634\u0646-\u0639\u0628\u064a\u062f\u0648-20\u063a.png\" \/>\n\t<meta property=\"og:image:width\" content=\"1080\" \/>\n\t<meta property=\"og:image:height\" content=\"1080\" \/>\n\t<meta property=\"og:image:type\" content=\"image\/png\" \/>\n<meta name=\"twitter:card\" content=\"summary_large_image\" \/>\n<meta name=\"twitter:label1\" content=\"Preis\" \/>\n\t<meta name=\"twitter:data1\" content=\"2.95&nbsp;&#067;&#072;&#070;\" \/>\n\t<meta name=\"twitter:label2\" content=\"Verf\u00fcgbarkeit\" \/>\n\t<meta name=\"twitter:data2\" content=\"Auf Lager\" \/>\n<script type=\"application\/ld+json\" class=\"yoast-schema-graph\">{\"@context\":\"https:\\\/\\\/schema.org\",\"@graph\":[{\"@type\":\"WebPage\",\"@id\":\"https:\\\/\\\/yasminfood.ch\\\/de\\\/product\\\/oregano-coarse-abido-20g\\\/\",\"url\":\"https:\\\/\\\/yasminfood.ch\\\/de\\\/product\\\/oregano-coarse-abido-20g\\\/\",\"name\":\"Oregano Coarse Abido 20g - Yasmin Food\",\"isPartOf\":{\"@id\":\"https:\\\/\\\/yasminfood.ch\\\/de\\\/#website\"},\"primaryImageOfPage\":{\"@id\":\"https:\\\/\\\/yasminfood.ch\\\/de\\\/product\\\/oregano-coarse-abido-20g\\\/#primaryimage\"},\"image\":{\"@id\":\"https:\\\/\\\/yasminfood.ch\\\/de\\\/product\\\/oregano-coarse-abido-20g\\\/#primaryimage\"},\"thumbnailUrl\":\"https:\\\/\\\/yasminfood.ch\\\/wp-content\\\/uploads\\\/2026\\\/02\\\/\u0623\u0648\u0631\u064a\u063a\u0627\u0646\u0648-\u062e\u0634\u0646-\u0639\u0628\u064a\u062f\u0648-20\u063a.png\",\"datePublished\":\"2026-02-19T10:16:22+00:00\",\"dateModified\":\"2026-02-19T10:24:41+00:00\",\"description\":\"Genie\u00dfen Sie den authentisch mediterranen Geschmack des aromatischen Krauts, das einer Vielzahl von Gerichten einen unverwechselbaren und erfrischenden Geschmack verleiht.\",\"breadcrumb\":{\"@id\":\"https:\\\/\\\/yasminfood.ch\\\/de\\\/product\\\/oregano-coarse-abido-20g\\\/#breadcrumb\"},\"inLanguage\":\"de\",\"potentialAction\":[{\"@type\":\"ReadAction\",\"target\":[\"https:\\\/\\\/yasminfood.ch\\\/de\\\/product\\\/oregano-coarse-abido-20g\\\/\"]}]},{\"@type\":\"ImageObject\",\"inLanguage\":\"de\",\"@id\":\"https:\\\/\\\/yasminfood.ch\\\/de\\\/product\\\/oregano-coarse-abido-20g\\\/#primaryimage\",\"url\":\"https:\\\/\\\/yasminfood.ch\\\/wp-content\\\/uploads\\\/2026\\\/02\\\/\u0623\u0648\u0631\u064a\u063a\u0627\u0646\u0648-\u062e\u0634\u0646-\u0639\u0628\u064a\u062f\u0648-20\u063a.png\",\"contentUrl\":\"https:\\\/\\\/yasminfood.ch\\\/wp-content\\\/uploads\\\/2026\\\/02\\\/\u0623\u0648\u0631\u064a\u063a\u0627\u0646\u0648-\u062e\u0634\u0646-\u0639\u0628\u064a\u062f\u0648-20\u063a.png\",\"width\":1080,\"height\":1080,\"caption\":\"Oregano Coarse Abido 20g\"},{\"@type\":\"BreadcrumbList\",\"@id\":\"https:\\\/\\\/yasminfood.ch\\\/de\\\/product\\\/oregano-coarse-abido-20g\\\/#breadcrumb\",\"itemListElement\":[{\"@type\":\"ListItem\",\"position\":1,\"name\":\"\u0627\u0644\u0631\u0626\u064a\u0633\u064a\u0629\",\"item\":\"https:\\\/\\\/yasminfood.ch\\\/de\\\/zuhause\\\/\"},{\"@type\":\"ListItem\",\"position\":2,\"name\":\"Shop\",\"item\":\"https:\\\/\\\/yasminfood.ch\\\/de\\\/shop\\\/\"},{\"@type\":\"ListItem\",\"position\":3,\"name\":\"Oregano Coarse Abido 20g\"}]},{\"@type\":\"WebSite\",\"@id\":\"https:\\\/\\\/yasminfood.ch\\\/de\\\/#website\",\"url\":\"https:\\\/\\\/yasminfood.ch\\\/de\\\/\",\"name\":\"\u064a\u0627\u0633\u0645\u064a\u0646 \u0645\u0627\u0631\u0643\u062a\",\"description\":\"Alles, was Sie brauchen, an einem Ort\",\"publisher\":{\"@id\":\"https:\\\/\\\/yasminfood.ch\\\/de\\\/#organization\"},\"alternateName\":\"Yasmin Food\",\"potentialAction\":[{\"@type\":\"SearchAction\",\"target\":{\"@type\":\"EntryPoint\",\"urlTemplate\":\"https:\\\/\\\/yasminfood.ch\\\/de\\\/?s={search_term_string}\"},\"query-input\":{\"@type\":\"PropertyValueSpecification\",\"valueRequired\":true,\"valueName\":\"search_term_string\"}}],\"inLanguage\":\"de\"},{\"@type\":\"Organization\",\"@id\":\"https:\\\/\\\/yasminfood.ch\\\/de\\\/#organization\",\"name\":\"\u064a\u0627\u0633\u0645\u064a\u0646 \u0645\u0627\u0631\u0643\u062a\",\"alternateName\":\"Yasmin Food\",\"url\":\"https:\\\/\\\/yasminfood.ch\\\/de\\\/\",\"logo\":{\"@type\":\"ImageObject\",\"inLanguage\":\"de\",\"@id\":\"https:\\\/\\\/yasminfood.ch\\\/de\\\/#\\\/schema\\\/logo\\\/image\\\/\",\"url\":\"https:\\\/\\\/yasminfood.ch\\\/wp-content\\\/uploads\\\/2025\\\/05\\\/yasmin-food-header-logo.png\",\"contentUrl\":\"https:\\\/\\\/yasminfood.ch\\\/wp-content\\\/uploads\\\/2025\\\/05\\\/yasmin-food-header-logo.png\",\"width\":330,\"height\":120,\"caption\":\"\u064a\u0627\u0633\u0645\u064a\u0646 \u0645\u0627\u0631\u0643\u062a\"},\"image\":{\"@id\":\"https:\\\/\\\/yasminfood.ch\\\/de\\\/#\\\/schema\\\/logo\\\/image\\\/\"},\"sameAs\":[\"https:\\\/\\\/www.facebook.com\\\/yasminmarkt1\",\"https:\\\/\\\/www.tiktok.com\\\/@yasminmarkt\",\"https:\\\/\\\/www.instagram.com\\\/yasmin.markt1\\\/\",\"https:\\\/\\\/api.whatsapp.com\\\/send\\\/?phone=41799000104\"],\"publishingPrinciples\":\"https:\\\/\\\/yasminfood.ch\\\/de\\\/shop\\\/\",\"ownershipFundingInfo\":\"https:\\\/\\\/yasminfood.ch\\\/de\\\/shop\\\/\"}]}<\/script>\n<meta property=\"product:price:amount\" content=\"2.95\" \/>\n<meta property=\"product:price:currency\" content=\"CHF\" \/>\n<meta property=\"og:availability\" content=\"instock\" \/>\n<meta property=\"product:availability\" content=\"instock\" \/>\n<meta property=\"product:condition\" content=\"new\" \/>\n<!-- \/ Yoast SEO Premium plugin. -->","yoast_head_json":{"title":"Oregano Coarse Abido 20g - Yasmin Food","description":"Genie\u00dfen Sie den authentisch mediterranen Geschmack des aromatischen Krauts, das einer Vielzahl von Gerichten einen unverwechselbaren und erfrischenden Geschmack verleiht.","robots":{"index":"index","follow":"follow","max-snippet":"max-snippet:-1","max-image-preview":"max-image-preview:large","max-video-preview":"max-video-preview:-1"},"canonical":"https:\/\/yasminfood.ch\/de\/product\/oregano-coarse-abido-20g\/","og_locale":"de_DE","og_type":"article","og_title":"Oregano Coarse Abido 20g","og_description":"Oregano Coarse Abido 20g   Genie\u00dfe den authentischen mediterranen Geschmack   Ein aromatisches Kraut, das einer Vielzahl von Gerichten einen unverwechselbaren und erfrischenden Geschmack verleiht.","og_url":"https:\/\/yasminfood.ch\/de\/product\/oregano-coarse-abido-20g\/","og_site_name":"Yasmin Food","article_publisher":"https:\/\/www.facebook.com\/yasminmarkt1","article_modified_time":"2026-02-19T10:24:41+00:00","og_image":[{"width":1080,"height":1080,"url":"https:\/\/yasminfood.ch\/wp-content\/uploads\/2026\/02\/\u0623\u0648\u0631\u064a\u063a\u0627\u0646\u0648-\u062e\u0634\u0646-\u0639\u0628\u064a\u062f\u0648-20\u063a.png","type":"image\/png"}],"twitter_card":"summary_large_image","twitter_misc":{"Preis":"2.95&nbsp;&#67;&#72;&#70;","Verf\u00fcgbarkeit":"Auf Lager"},"schema":{"@context":"https:\/\/schema.org","@graph":[{"@type":"WebPage","@id":"https:\/\/yasminfood.ch\/de\/product\/oregano-coarse-abido-20g\/","url":"https:\/\/yasminfood.ch\/de\/product\/oregano-coarse-abido-20g\/","name":"Oregano Coarse Abido 20g - Yasmin Food","isPartOf":{"@id":"https:\/\/yasminfood.ch\/de\/#website"},"primaryImageOfPage":{"@id":"https:\/\/yasminfood.ch\/de\/product\/oregano-coarse-abido-20g\/#primaryimage"},"image":{"@id":"https:\/\/yasminfood.ch\/de\/product\/oregano-coarse-abido-20g\/#primaryimage"},"thumbnailUrl":"https:\/\/yasminfood.ch\/wp-content\/uploads\/2026\/02\/\u0623\u0648\u0631\u064a\u063a\u0627\u0646\u0648-\u062e\u0634\u0646-\u0639\u0628\u064a\u062f\u0648-20\u063a.png","datePublished":"2026-02-19T10:16:22+00:00","dateModified":"2026-02-19T10:24:41+00:00","description":"Genie\u00dfen Sie den authentisch mediterranen Geschmack des aromatischen Krauts, das einer Vielzahl von Gerichten einen unverwechselbaren und erfrischenden Geschmack verleiht.","breadcrumb":{"@id":"https:\/\/yasminfood.ch\/de\/product\/oregano-coarse-abido-20g\/#breadcrumb"},"inLanguage":"de","potentialAction":[{"@type":"ReadAction","target":["https:\/\/yasminfood.ch\/de\/product\/oregano-coarse-abido-20g\/"]}]},{"@type":"ImageObject","inLanguage":"de","@id":"https:\/\/yasminfood.ch\/de\/product\/oregano-coarse-abido-20g\/#primaryimage","url":"https:\/\/yasminfood.ch\/wp-content\/uploads\/2026\/02\/\u0623\u0648\u0631\u064a\u063a\u0627\u0646\u0648-\u062e\u0634\u0646-\u0639\u0628\u064a\u062f\u0648-20\u063a.png","contentUrl":"https:\/\/yasminfood.ch\/wp-content\/uploads\/2026\/02\/\u0623\u0648\u0631\u064a\u063a\u0627\u0646\u0648-\u062e\u0634\u0646-\u0639\u0628\u064a\u062f\u0648-20\u063a.png","width":1080,"height":1080,"caption":"Oregano Coarse Abido 20g"},{"@type":"BreadcrumbList","@id":"https:\/\/yasminfood.ch\/de\/product\/oregano-coarse-abido-20g\/#breadcrumb","itemListElement":[{"@type":"ListItem","position":1,"name":"\u0627\u0644\u0631\u0626\u064a\u0633\u064a\u0629","item":"https:\/\/yasminfood.ch\/de\/zuhause\/"},{"@type":"ListItem","position":2,"name":"Shop","item":"https:\/\/yasminfood.ch\/de\/shop\/"},{"@type":"ListItem","position":3,"name":"Oregano Coarse Abido 20g"}]},{"@type":"WebSite","@id":"https:\/\/yasminfood.ch\/de\/#website","url":"https:\/\/yasminfood.ch\/de\/","name":"\u064a\u0627\u0633\u0645\u064a\u0646 \u0645\u0627\u0631\u0643\u062a","description":"Alles, was Sie brauchen, an einem Ort","publisher":{"@id":"https:\/\/yasminfood.ch\/de\/#organization"},"alternateName":"Yasmin Food","potentialAction":[{"@type":"SearchAction","target":{"@type":"EntryPoint","urlTemplate":"https:\/\/yasminfood.ch\/de\/?s={search_term_string}"},"query-input":{"@type":"PropertyValueSpecification","valueRequired":true,"valueName":"search_term_string"}}],"inLanguage":"de"},{"@type":"Organization","@id":"https:\/\/yasminfood.ch\/de\/#organization","name":"\u064a\u0627\u0633\u0645\u064a\u0646 \u0645\u0627\u0631\u0643\u062a","alternateName":"Yasmin Food","url":"https:\/\/yasminfood.ch\/de\/","logo":{"@type":"ImageObject","inLanguage":"de","@id":"https:\/\/yasminfood.ch\/de\/#\/schema\/logo\/image\/","url":"https:\/\/yasminfood.ch\/wp-content\/uploads\/2025\/05\/yasmin-food-header-logo.png","contentUrl":"https:\/\/yasminfood.ch\/wp-content\/uploads\/2025\/05\/yasmin-food-header-logo.png","width":330,"height":120,"caption":"\u064a\u0627\u0633\u0645\u064a\u0646 \u0645\u0627\u0631\u0643\u062a"},"image":{"@id":"https:\/\/yasminfood.ch\/de\/#\/schema\/logo\/image\/"},"sameAs":["https:\/\/www.facebook.com\/yasminmarkt1","https:\/\/www.tiktok.com\/@yasminmarkt","https:\/\/www.instagram.com\/yasmin.markt1\/","https:\/\/api.whatsapp.com\/send\/?phone=41799000104"],"publishingPrinciples":"https:\/\/yasminfood.ch\/de\/shop\/","ownershipFundingInfo":"https:\/\/yasminfood.ch\/de\/shop\/"}]},"product_price_amount":"2.95","product_price_currency":"CHF","og_availability":"instock","product_availability":"instock","product_condition":"new"},"jetpack_sharing_enabled":true,"_links":{"self":[{"href":"https:\/\/yasminfood.ch\/de\/wp-json\/wp\/v2\/product\/121671","targetHints":{"allow":["GET"]}}],"collection":[{"href":"https:\/\/yasminfood.ch\/de\/wp-json\/wp\/v2\/product"}],"about":[{"href":"https:\/\/yasminfood.ch\/de\/wp-json\/wp\/v2\/types\/product"}],"replies":[{"embeddable":true,"href":"https:\/\/yasminfood.ch\/de\/wp-json\/wp\/v2\/comments?post=121671"}],"version-history":[{"count":0,"href":"https:\/\/yasminfood.ch\/de\/wp-json\/wp\/v2\/product\/121671\/revisions"}],"wp:featuredmedia":[{"embeddable":true,"href":"https:\/\/yasminfood.ch\/de\/wp-json\/wp\/v2\/media\/121673"}],"wp:attachment":[{"href":"https:\/\/yasminfood.ch\/de\/wp-json\/wp\/v2\/media?parent=121671"}],"wp:term":[{"taxonomy":"product_brand","embeddable":true,"href":"https:\/\/yasminfood.ch\/de\/wp-json\/wp\/v2\/product_brand?post=121671"},{"taxonomy":"product_cat","embeddable":true,"href":"https:\/\/yasminfood.ch\/de\/wp-json\/wp\/v2\/product_cat?post=121671"},{"taxonomy":"product_tag","embeddable":true,"href":"https:\/\/yasminfood.ch\/de\/wp-json\/wp\/v2\/product_tag?post=121671"}],"curies":[{"name":"wp","href":"https:\/\/api.w.org\/{rel}","templated":true}]}}