{"id":121685,"date":"2026-02-19T11:20:58","date_gmt":"2026-02-19T10:20:58","guid":{"rendered":"https:\/\/yasminfood.ch\/product\/obeido-wurstgewuerze-50g\/"},"modified":"2026-02-19T11:24:45","modified_gmt":"2026-02-19T10:24:45","slug":"obeido-wurstgewuerze-50g","status":"publish","type":"product","link":"https:\/\/yasminfood.ch\/de\/product\/obeido-wurstgewuerze-50g\/","title":{"rendered":"Obeido Wurstgew\u00fcrze 50g"},"content":{"rendered":"<p data-start=\"0\" data-end=\"26\"><strong data-start=\"0\" data-end=\"26\">Obeido Wurstgew\u00fcrze 50g<\/strong><\/p>\n<ul>\n<li data-start=\"28\" data-end=\"157\">\n<p data-start=\"28\" data-end=\"157\">Verleihen Sie Ihren Rezepten einen reichen, ausgewogenen Geschmack mit einer aufwendigen Mischung, die speziell darauf ausgelegt ist, den Geschmack von Fleisch hervorzuheben und eine k\u00f6stliche, unverwechselbare Note zu verleihen.<\/p>\n<p data-start=\"159\" data-end=\"172\"><strong data-start=\"159\" data-end=\"172\">Funktionen:<\/strong><\/p>\n<ul data-start=\"173\" data-end=\"366\">\n<li data-start=\"173\" data-end=\"220\">\n<p data-start=\"175\" data-end=\"220\">Eine ausgewogene Gew\u00fcrzmischung f\u00fcr W\u00fcrstchen und W\u00fcrstchen<\/p>\n<\/li>\n<li data-start=\"221\" data-end=\"256\">\n<p data-start=\"223\" data-end=\"256\">Ein reicher, aromatischer Geschmack, der den Geschmack des Fleisches verst\u00e4rkt<\/p>\n<\/li>\n<li data-start=\"257\" data-end=\"296\">\n<p data-start=\"259\" data-end=\"296\">Geeignet f\u00fcr Rind, Lamm oder Huhn <\/p>\n<\/li>\n<li data-start=\"297\" data-end=\"322\">\n<p data-start=\"299\" data-end=\"322\">Ideal zum Grillen oder Braten<\/p>\n<\/li>\n<li data-start=\"323\" data-end=\"340\">\n<p data-start=\"325\" data-end=\"340\">Libanesische Industrie<\/p>\n<\/li>\n<li data-start=\"341\" data-end=\"366\">\n<p data-start=\"343\" data-end=\"366\">Nettogewicht: 50 g <\/p>\n<\/li>\n<\/ul>\n<p data-start=\"368\" data-end=\"521\"><strong data-start=\"368\" data-end=\"388\">Wie man verwendet:<\/strong><br data-start=\"388\" data-end=\"391\">Mischen Sie vor der Herstellung der W\u00fcrstchen eine angemessene Menge Gew\u00fcrz mit dem Hackfleisch. Ein wenig Knoblauch und Salz k\u00f6nnen nach Geschmack hinzugef\u00fcgt werden, um einen kr\u00e4ftigeren Geschmack zu erzielen. <\/p>\n<p data-start=\"523\" data-end=\"590\" data-is-last-node=\"\" data-is-only-node=\"\">\n<\/li>\n<\/ul>\n","protected":false},"excerpt":{"rendered":"<p data-start=\"0\" data-end=\"26\"><strong data-start=\"0\" data-end=\"26\">Obeido Wurstgew\u00fcrze 50g<\/strong><\/p>\n<ul>\n<li data-start=\"28\" data-end=\"157\">\n<p data-start=\"28\" data-end=\"157\">Verleihen Sie Ihren Rezepten einen reichen, ausgewogenen Geschmack mit einer aufwendigen Mischung, die speziell darauf ausgelegt ist, den Geschmack von Fleisch hervorzuheben und eine k\u00f6stliche, unverwechselbare Note zu verleihen.<\/p>\n<p data-start=\"159\" data-end=\"172\">\n<\/li>\n<\/ul>\n","protected":false},"featured_media":121686,"comment_status":"open","ping_status":"closed","template":"","meta":[],"product_brand":[2354],"product_cat":[360,356],"product_tag":[],"class_list":{"0":"post-121685","1":"product","2":"type-product","3":"status-publish","4":"has-post-thumbnail","6":"product_brand-abido","7":"product_cat-gewurze","8":"product_cat-gewuerze-nuesse","10":"first","11":"instock","12":"taxable","13":"shipping-taxable","14":"purchasable","15":"product-type-simple"},"yoast_head":"<!-- This site is optimized with the Yoast SEO Premium plugin v26.5 (Yoast SEO v27.3) - https:\/\/yoast.com\/product\/yoast-seo-premium-wordpress\/ -->\n<title>Obeido Wurstgew\u00fcrze 50g - Yasmin Food<\/title>\n<meta name=\"description\" content=\"Geben Sie Ihren Rezepten einen reichen, ausgewogenen Geschmack Eine aufwendige Mischung, die speziell entwickelt wurde, um den Geschmack von Fleisch zu betonen und eine k\u00f6stliche, unverwechselbare Note zu verleihen.\" \/>\n<meta name=\"robots\" content=\"index, follow, max-snippet:-1, max-image-preview:large, max-video-preview:-1\" \/>\n<link rel=\"canonical\" href=\"https:\/\/yasminfood.ch\/de\/product\/obeido-wurstgewuerze-50g\/\" \/>\n<meta property=\"og:locale\" content=\"de_DE\" \/>\n<meta property=\"og:type\" content=\"article\" \/>\n<meta property=\"og:title\" content=\"Obeido Wurstgew\u00fcrze 50g\" \/>\n<meta property=\"og:description\" content=\"Obeido Wurstgew\u00fcrze 50g   Verleihen Sie Ihren Rezepten einen reichen, ausgewogenen Geschmack mit einer aufwendigen Mischung, die speziell darauf ausgelegt ist, den Geschmack von Fleisch hervorzuheben und eine k\u00f6stliche, unverwechselbare Note zu verleihen.\" \/>\n<meta property=\"og:url\" content=\"https:\/\/yasminfood.ch\/de\/product\/obeido-wurstgewuerze-50g\/\" \/>\n<meta property=\"og:site_name\" content=\"Yasmin Food\" \/>\n<meta property=\"article:publisher\" content=\"https:\/\/www.facebook.com\/yasminmarkt1\" \/>\n<meta property=\"article:modified_time\" content=\"2026-02-19T10:24:45+00:00\" \/>\n<meta property=\"og:image\" content=\"https:\/\/yasminfood.ch\/wp-content\/uploads\/2026\/02\/\u0628\u0647\u0627\u0631\u0627\u062a-\u0645\u0642\u0627\u0646\u0642-\u0639\u0628\u064a\u062f\u0648-50\u063a.png\" \/>\n\t<meta property=\"og:image:width\" content=\"1080\" \/>\n\t<meta property=\"og:image:height\" content=\"1080\" \/>\n\t<meta property=\"og:image:type\" content=\"image\/png\" \/>\n<meta name=\"twitter:card\" content=\"summary_large_image\" \/>\n<meta name=\"twitter:label1\" content=\"Preis\" \/>\n\t<meta name=\"twitter:data1\" content=\"2.50&nbsp;&#067;&#072;&#070;\" \/>\n\t<meta name=\"twitter:label2\" content=\"Verf\u00fcgbarkeit\" \/>\n\t<meta name=\"twitter:data2\" content=\"Auf Lager\" \/>\n<script type=\"application\/ld+json\" class=\"yoast-schema-graph\">{\"@context\":\"https:\\\/\\\/schema.org\",\"@graph\":[{\"@type\":\"WebPage\",\"@id\":\"https:\\\/\\\/yasminfood.ch\\\/de\\\/product\\\/obeido-wurstgewuerze-50g\\\/\",\"url\":\"https:\\\/\\\/yasminfood.ch\\\/de\\\/product\\\/obeido-wurstgewuerze-50g\\\/\",\"name\":\"Obeido Wurstgew\u00fcrze 50g - Yasmin Food\",\"isPartOf\":{\"@id\":\"https:\\\/\\\/yasminfood.ch\\\/de\\\/#website\"},\"primaryImageOfPage\":{\"@id\":\"https:\\\/\\\/yasminfood.ch\\\/de\\\/product\\\/obeido-wurstgewuerze-50g\\\/#primaryimage\"},\"image\":{\"@id\":\"https:\\\/\\\/yasminfood.ch\\\/de\\\/product\\\/obeido-wurstgewuerze-50g\\\/#primaryimage\"},\"thumbnailUrl\":\"https:\\\/\\\/yasminfood.ch\\\/wp-content\\\/uploads\\\/2026\\\/02\\\/\u0628\u0647\u0627\u0631\u0627\u062a-\u0645\u0642\u0627\u0646\u0642-\u0639\u0628\u064a\u062f\u0648-50\u063a.png\",\"datePublished\":\"2026-02-19T10:20:58+00:00\",\"dateModified\":\"2026-02-19T10:24:45+00:00\",\"description\":\"Geben Sie Ihren Rezepten einen reichen, ausgewogenen Geschmack Eine aufwendige Mischung, die speziell entwickelt wurde, um den Geschmack von Fleisch zu betonen und eine k\u00f6stliche, unverwechselbare Note zu verleihen.\",\"breadcrumb\":{\"@id\":\"https:\\\/\\\/yasminfood.ch\\\/de\\\/product\\\/obeido-wurstgewuerze-50g\\\/#breadcrumb\"},\"inLanguage\":\"de\",\"potentialAction\":[{\"@type\":\"ReadAction\",\"target\":[\"https:\\\/\\\/yasminfood.ch\\\/de\\\/product\\\/obeido-wurstgewuerze-50g\\\/\"]}]},{\"@type\":\"ImageObject\",\"inLanguage\":\"de\",\"@id\":\"https:\\\/\\\/yasminfood.ch\\\/de\\\/product\\\/obeido-wurstgewuerze-50g\\\/#primaryimage\",\"url\":\"https:\\\/\\\/yasminfood.ch\\\/wp-content\\\/uploads\\\/2026\\\/02\\\/\u0628\u0647\u0627\u0631\u0627\u062a-\u0645\u0642\u0627\u0646\u0642-\u0639\u0628\u064a\u062f\u0648-50\u063a.png\",\"contentUrl\":\"https:\\\/\\\/yasminfood.ch\\\/wp-content\\\/uploads\\\/2026\\\/02\\\/\u0628\u0647\u0627\u0631\u0627\u062a-\u0645\u0642\u0627\u0646\u0642-\u0639\u0628\u064a\u062f\u0648-50\u063a.png\",\"width\":1080,\"height\":1080,\"caption\":\"Obeido Wurstgew\u00fcrze 50g\"},{\"@type\":\"BreadcrumbList\",\"@id\":\"https:\\\/\\\/yasminfood.ch\\\/de\\\/product\\\/obeido-wurstgewuerze-50g\\\/#breadcrumb\",\"itemListElement\":[{\"@type\":\"ListItem\",\"position\":1,\"name\":\"\u0627\u0644\u0631\u0626\u064a\u0633\u064a\u0629\",\"item\":\"https:\\\/\\\/yasminfood.ch\\\/de\\\/zuhause\\\/\"},{\"@type\":\"ListItem\",\"position\":2,\"name\":\"Shop\",\"item\":\"https:\\\/\\\/yasminfood.ch\\\/de\\\/shop\\\/\"},{\"@type\":\"ListItem\",\"position\":3,\"name\":\"Obeido Wurstgew\u00fcrze 50g\"}]},{\"@type\":\"WebSite\",\"@id\":\"https:\\\/\\\/yasminfood.ch\\\/de\\\/#website\",\"url\":\"https:\\\/\\\/yasminfood.ch\\\/de\\\/\",\"name\":\"\u064a\u0627\u0633\u0645\u064a\u0646 \u0645\u0627\u0631\u0643\u062a\",\"description\":\"Alles, was Sie brauchen, an einem Ort\",\"publisher\":{\"@id\":\"https:\\\/\\\/yasminfood.ch\\\/de\\\/#organization\"},\"alternateName\":\"Yasmin Food\",\"potentialAction\":[{\"@type\":\"SearchAction\",\"target\":{\"@type\":\"EntryPoint\",\"urlTemplate\":\"https:\\\/\\\/yasminfood.ch\\\/de\\\/?s={search_term_string}\"},\"query-input\":{\"@type\":\"PropertyValueSpecification\",\"valueRequired\":true,\"valueName\":\"search_term_string\"}}],\"inLanguage\":\"de\"},{\"@type\":\"Organization\",\"@id\":\"https:\\\/\\\/yasminfood.ch\\\/de\\\/#organization\",\"name\":\"\u064a\u0627\u0633\u0645\u064a\u0646 \u0645\u0627\u0631\u0643\u062a\",\"alternateName\":\"Yasmin Food\",\"url\":\"https:\\\/\\\/yasminfood.ch\\\/de\\\/\",\"logo\":{\"@type\":\"ImageObject\",\"inLanguage\":\"de\",\"@id\":\"https:\\\/\\\/yasminfood.ch\\\/de\\\/#\\\/schema\\\/logo\\\/image\\\/\",\"url\":\"https:\\\/\\\/yasminfood.ch\\\/wp-content\\\/uploads\\\/2025\\\/05\\\/yasmin-food-header-logo.png\",\"contentUrl\":\"https:\\\/\\\/yasminfood.ch\\\/wp-content\\\/uploads\\\/2025\\\/05\\\/yasmin-food-header-logo.png\",\"width\":330,\"height\":120,\"caption\":\"\u064a\u0627\u0633\u0645\u064a\u0646 \u0645\u0627\u0631\u0643\u062a\"},\"image\":{\"@id\":\"https:\\\/\\\/yasminfood.ch\\\/de\\\/#\\\/schema\\\/logo\\\/image\\\/\"},\"sameAs\":[\"https:\\\/\\\/www.facebook.com\\\/yasminmarkt1\",\"https:\\\/\\\/www.tiktok.com\\\/@yasminmarkt\",\"https:\\\/\\\/www.instagram.com\\\/yasmin.markt1\\\/\",\"https:\\\/\\\/api.whatsapp.com\\\/send\\\/?phone=41799000104\"],\"publishingPrinciples\":\"https:\\\/\\\/yasminfood.ch\\\/de\\\/shop\\\/\",\"ownershipFundingInfo\":\"https:\\\/\\\/yasminfood.ch\\\/de\\\/shop\\\/\"}]}<\/script>\n<meta property=\"product:price:amount\" content=\"2.50\" \/>\n<meta property=\"product:price:currency\" content=\"CHF\" \/>\n<meta property=\"og:availability\" content=\"instock\" \/>\n<meta property=\"product:availability\" content=\"instock\" \/>\n<meta property=\"product:condition\" content=\"new\" \/>\n<!-- \/ Yoast SEO Premium plugin. -->","yoast_head_json":{"title":"Obeido Wurstgew\u00fcrze 50g - Yasmin Food","description":"Geben Sie Ihren Rezepten einen reichen, ausgewogenen Geschmack Eine aufwendige Mischung, die speziell entwickelt wurde, um den Geschmack von Fleisch zu betonen und eine k\u00f6stliche, unverwechselbare Note zu verleihen.","robots":{"index":"index","follow":"follow","max-snippet":"max-snippet:-1","max-image-preview":"max-image-preview:large","max-video-preview":"max-video-preview:-1"},"canonical":"https:\/\/yasminfood.ch\/de\/product\/obeido-wurstgewuerze-50g\/","og_locale":"de_DE","og_type":"article","og_title":"Obeido Wurstgew\u00fcrze 50g","og_description":"Obeido Wurstgew\u00fcrze 50g   Verleihen Sie Ihren Rezepten einen reichen, ausgewogenen Geschmack mit einer aufwendigen Mischung, die speziell darauf ausgelegt ist, den Geschmack von Fleisch hervorzuheben und eine k\u00f6stliche, unverwechselbare Note zu verleihen.","og_url":"https:\/\/yasminfood.ch\/de\/product\/obeido-wurstgewuerze-50g\/","og_site_name":"Yasmin Food","article_publisher":"https:\/\/www.facebook.com\/yasminmarkt1","article_modified_time":"2026-02-19T10:24:45+00:00","og_image":[{"width":1080,"height":1080,"url":"https:\/\/yasminfood.ch\/wp-content\/uploads\/2026\/02\/\u0628\u0647\u0627\u0631\u0627\u062a-\u0645\u0642\u0627\u0646\u0642-\u0639\u0628\u064a\u062f\u0648-50\u063a.png","type":"image\/png"}],"twitter_card":"summary_large_image","twitter_misc":{"Preis":"2.50&nbsp;&#67;&#72;&#70;","Verf\u00fcgbarkeit":"Auf Lager"},"schema":{"@context":"https:\/\/schema.org","@graph":[{"@type":"WebPage","@id":"https:\/\/yasminfood.ch\/de\/product\/obeido-wurstgewuerze-50g\/","url":"https:\/\/yasminfood.ch\/de\/product\/obeido-wurstgewuerze-50g\/","name":"Obeido Wurstgew\u00fcrze 50g - Yasmin Food","isPartOf":{"@id":"https:\/\/yasminfood.ch\/de\/#website"},"primaryImageOfPage":{"@id":"https:\/\/yasminfood.ch\/de\/product\/obeido-wurstgewuerze-50g\/#primaryimage"},"image":{"@id":"https:\/\/yasminfood.ch\/de\/product\/obeido-wurstgewuerze-50g\/#primaryimage"},"thumbnailUrl":"https:\/\/yasminfood.ch\/wp-content\/uploads\/2026\/02\/\u0628\u0647\u0627\u0631\u0627\u062a-\u0645\u0642\u0627\u0646\u0642-\u0639\u0628\u064a\u062f\u0648-50\u063a.png","datePublished":"2026-02-19T10:20:58+00:00","dateModified":"2026-02-19T10:24:45+00:00","description":"Geben Sie Ihren Rezepten einen reichen, ausgewogenen Geschmack Eine aufwendige Mischung, die speziell entwickelt wurde, um den Geschmack von Fleisch zu betonen und eine k\u00f6stliche, unverwechselbare Note zu verleihen.","breadcrumb":{"@id":"https:\/\/yasminfood.ch\/de\/product\/obeido-wurstgewuerze-50g\/#breadcrumb"},"inLanguage":"de","potentialAction":[{"@type":"ReadAction","target":["https:\/\/yasminfood.ch\/de\/product\/obeido-wurstgewuerze-50g\/"]}]},{"@type":"ImageObject","inLanguage":"de","@id":"https:\/\/yasminfood.ch\/de\/product\/obeido-wurstgewuerze-50g\/#primaryimage","url":"https:\/\/yasminfood.ch\/wp-content\/uploads\/2026\/02\/\u0628\u0647\u0627\u0631\u0627\u062a-\u0645\u0642\u0627\u0646\u0642-\u0639\u0628\u064a\u062f\u0648-50\u063a.png","contentUrl":"https:\/\/yasminfood.ch\/wp-content\/uploads\/2026\/02\/\u0628\u0647\u0627\u0631\u0627\u062a-\u0645\u0642\u0627\u0646\u0642-\u0639\u0628\u064a\u062f\u0648-50\u063a.png","width":1080,"height":1080,"caption":"Obeido Wurstgew\u00fcrze 50g"},{"@type":"BreadcrumbList","@id":"https:\/\/yasminfood.ch\/de\/product\/obeido-wurstgewuerze-50g\/#breadcrumb","itemListElement":[{"@type":"ListItem","position":1,"name":"\u0627\u0644\u0631\u0626\u064a\u0633\u064a\u0629","item":"https:\/\/yasminfood.ch\/de\/zuhause\/"},{"@type":"ListItem","position":2,"name":"Shop","item":"https:\/\/yasminfood.ch\/de\/shop\/"},{"@type":"ListItem","position":3,"name":"Obeido Wurstgew\u00fcrze 50g"}]},{"@type":"WebSite","@id":"https:\/\/yasminfood.ch\/de\/#website","url":"https:\/\/yasminfood.ch\/de\/","name":"\u064a\u0627\u0633\u0645\u064a\u0646 \u0645\u0627\u0631\u0643\u062a","description":"Alles, was Sie brauchen, an einem Ort","publisher":{"@id":"https:\/\/yasminfood.ch\/de\/#organization"},"alternateName":"Yasmin Food","potentialAction":[{"@type":"SearchAction","target":{"@type":"EntryPoint","urlTemplate":"https:\/\/yasminfood.ch\/de\/?s={search_term_string}"},"query-input":{"@type":"PropertyValueSpecification","valueRequired":true,"valueName":"search_term_string"}}],"inLanguage":"de"},{"@type":"Organization","@id":"https:\/\/yasminfood.ch\/de\/#organization","name":"\u064a\u0627\u0633\u0645\u064a\u0646 \u0645\u0627\u0631\u0643\u062a","alternateName":"Yasmin Food","url":"https:\/\/yasminfood.ch\/de\/","logo":{"@type":"ImageObject","inLanguage":"de","@id":"https:\/\/yasminfood.ch\/de\/#\/schema\/logo\/image\/","url":"https:\/\/yasminfood.ch\/wp-content\/uploads\/2025\/05\/yasmin-food-header-logo.png","contentUrl":"https:\/\/yasminfood.ch\/wp-content\/uploads\/2025\/05\/yasmin-food-header-logo.png","width":330,"height":120,"caption":"\u064a\u0627\u0633\u0645\u064a\u0646 \u0645\u0627\u0631\u0643\u062a"},"image":{"@id":"https:\/\/yasminfood.ch\/de\/#\/schema\/logo\/image\/"},"sameAs":["https:\/\/www.facebook.com\/yasminmarkt1","https:\/\/www.tiktok.com\/@yasminmarkt","https:\/\/www.instagram.com\/yasmin.markt1\/","https:\/\/api.whatsapp.com\/send\/?phone=41799000104"],"publishingPrinciples":"https:\/\/yasminfood.ch\/de\/shop\/","ownershipFundingInfo":"https:\/\/yasminfood.ch\/de\/shop\/"}]},"product_price_amount":"2.50","product_price_currency":"CHF","og_availability":"instock","product_availability":"instock","product_condition":"new"},"jetpack_sharing_enabled":true,"_links":{"self":[{"href":"https:\/\/yasminfood.ch\/de\/wp-json\/wp\/v2\/product\/121685","targetHints":{"allow":["GET"]}}],"collection":[{"href":"https:\/\/yasminfood.ch\/de\/wp-json\/wp\/v2\/product"}],"about":[{"href":"https:\/\/yasminfood.ch\/de\/wp-json\/wp\/v2\/types\/product"}],"replies":[{"embeddable":true,"href":"https:\/\/yasminfood.ch\/de\/wp-json\/wp\/v2\/comments?post=121685"}],"version-history":[{"count":0,"href":"https:\/\/yasminfood.ch\/de\/wp-json\/wp\/v2\/product\/121685\/revisions"}],"wp:featuredmedia":[{"embeddable":true,"href":"https:\/\/yasminfood.ch\/de\/wp-json\/wp\/v2\/media\/121686"}],"wp:attachment":[{"href":"https:\/\/yasminfood.ch\/de\/wp-json\/wp\/v2\/media?parent=121685"}],"wp:term":[{"taxonomy":"product_brand","embeddable":true,"href":"https:\/\/yasminfood.ch\/de\/wp-json\/wp\/v2\/product_brand?post=121685"},{"taxonomy":"product_cat","embeddable":true,"href":"https:\/\/yasminfood.ch\/de\/wp-json\/wp\/v2\/product_cat?post=121685"},{"taxonomy":"product_tag","embeddable":true,"href":"https:\/\/yasminfood.ch\/de\/wp-json\/wp\/v2\/product_tag?post=121685"}],"curies":[{"name":"wp","href":"https:\/\/api.w.org\/{rel}","templated":true}]}}