{"id":121705,"date":"2026-02-19T11:42:18","date_gmt":"2026-02-19T10:42:18","guid":{"rendered":"https:\/\/yasminfood.ch\/product\/suessigkeiten-sprachen-die-bruderschaft-in-der-funkel-500g\/"},"modified":"2026-02-19T11:43:26","modified_gmt":"2026-02-19T10:43:26","slug":"suessigkeiten-sprachen-die-bruderschaft-in-der-funkel-500g","status":"publish","type":"product","link":"https:\/\/yasminfood.ch\/de\/product\/suessigkeiten-sprachen-die-bruderschaft-in-der-funkel-500g\/","title":{"rendered":"S\u00fc\u00dfigkeiten sprachen die Bruderschaft in der Funkel- | 500g"},"content":{"rendered":"<p data-start=\"0\" data-end=\"35\"><strong data-start=\"0\" data-end=\"35\">S\u00fc\u00dfigkeiten sprachen die Bruderschaft in der Funkel- | 500g<\/strong><\/p>\n<div class=\"flex flex-col text-sm pb-25\">\n<article class=\"text-token-text-primary w-full focus:outline-none [--shadow-height:45px] has-data-writing-block:pointer-events-none has-data-writing-block:-mt-(--shadow-height) has-data-writing-block:pt-(--shadow-height) [&amp;:has([data-writing-block])&gt;*]:pointer-events-auto scroll-mt-[calc(var(--header-height)+min(200px,max(70px,20svh)))]\" dir=\"auto\" tabindex=\"-1\" data-turn-id=\"request-WEB:cda8b9e2-7266-4424-b5e4-84edc0b7e37b-41\" data-testid=\"conversation-turn-82\" data-scroll-anchor=\"true\" data-turn=\"assistant\">\n<div class=\"text-base my-auto mx-auto pb-10 [--thread-content-margin:--spacing(4)] @w-sm\/main:[--thread-content-margin:--spacing(6)] @w-lg\/main:[--thread-content-margin:--spacing(16)] px-(--thread-content-margin)\">\n<div class=\"[--thread-content-max-width:40rem] @w-lg\/main:[--thread-content-max-width:48rem] mx-auto max-w-(--thread-content-max-width) flex-1 group\/turn-messages focus-visible:outline-hidden relative flex w-full min-w-0 flex-col agent-turn\" tabindex=\"-1\">\n<div class=\"flex max-w-full flex-col grow\">\n<div class=\"min-h-8 text-message relative flex w-full flex-col items-end gap-2 text-start break-words whitespace-normal [.text-message+&amp;]:mt-1\" dir=\"auto\" data-message-author-role=\"assistant\" data-message-id=\"a1bc4aab-3370-4edd-836e-f72c218c0f28\" data-message-model-slug=\"gpt-5-2\">\n<div class=\"flex w-full flex-col gap-1 empty:hidden first:pt-[1px]\">\n<div class=\"markdown prose dark:prose-invert w-full wrap-break-word light markdown-new-styling\">\n<ul>\n<li data-start=\"37\" data-end=\"146\">Genie\u00dfe das Gef\u00fchl der Frische mit Nashek Brothers \ud83c\udf4a&#8216; Sparkling Candies<\/li>\n<li data-start=\"37\" data-end=\"146\">Ein unverwechselbarer Geschmack und ein funkelndes Herz bieten mit jedem St\u00fcck ein anderes Erlebnis.<\/li>\n<\/ul>\n<p data-start=\"148\" data-end=\"161\"><strong data-start=\"148\" data-end=\"161\">Funktionen:<\/strong><\/p>\n<ul data-start=\"162\" data-end=\"308\">\n<li data-start=\"162\" data-end=\"191\">\n<p data-start=\"164\" data-end=\"191\">K\u00f6stlicher Geschmack mit angenehmer Spritzigkeit<\/p>\n<\/li>\n<li data-start=\"192\" data-end=\"236\">\n<p data-start=\"194\" data-end=\"236\">Weiche Textur au\u00dfen und Akzentpolsterung innen<\/p>\n<\/li>\n<li data-start=\"237\" data-end=\"269\">\n<p data-start=\"239\" data-end=\"269\">Einzelverpackungen bewahren die Frische<\/p>\n<\/li>\n<li data-start=\"270\" data-end=\"308\">\n<p data-start=\"272\" data-end=\"308\">500-g-Pack, geeignet zum Teilen und Gastfreundschaft<\/p>\n<\/li>\n<\/ul>\n<p data-start=\"310\" data-end=\"376\" data-is-last-node=\"\" data-is-only-node=\"\">W\u00e4hlen Sie sie aus, um Ihrer Zeit eine lebendige Note zu verleihen, und teilen Sie den Spa\u00df mit Familie und Freunden \u2728 <\/p>\n<\/div>\n<\/div>\n<\/div>\n<\/div>\n<div class=\"z-0 flex min-h-[46px] justify-start\"><\/div>\n<\/div>\n<\/div>\n<\/article>\n<\/div>\n<div class=\"pointer-events-none h-px w-px absolute bottom-0\" aria-hidden=\"true\" data-edge=\"true\"><\/div>\n","protected":false},"excerpt":{"rendered":"<p data-start=\"0\" data-end=\"35\"><strong data-start=\"0\" data-end=\"35\">S\u00fc\u00dfigkeiten sprachen die Bruderschaft in der Funkel- | 500g<\/strong><\/p>\n<div class=\"flex flex-col text-sm pb-25\">\n<article class=\"text-token-text-primary w-full focus:outline-none [--shadow-height:45px] has-data-writing-block:pointer-events-none has-data-writing-block:-mt-(--shadow-height) has-data-writing-block:pt-(--shadow-height) [&amp;:has([data-writing-block])&gt;*]:pointer-events-auto scroll-mt-[calc(var(--header-height)+min(200px,max(70px,20svh)))]\" dir=\"auto\" tabindex=\"-1\" data-turn-id=\"request-WEB:cda8b9e2-7266-4424-b5e4-84edc0b7e37b-41\" data-testid=\"conversation-turn-82\" data-scroll-anchor=\"true\" data-turn=\"assistant\">\n<div class=\"text-base my-auto mx-auto pb-10 [--thread-content-margin:--spacing(4)] @w-sm\/main:[--thread-content-margin:--spacing(6)] @w-lg\/main:[--thread-content-margin:--spacing(16)] px-(--thread-content-margin)\">\n<div class=\"[--thread-content-max-width:40rem] @w-lg\/main:[--thread-content-max-width:48rem] mx-auto max-w-(--thread-content-max-width) flex-1 group\/turn-messages focus-visible:outline-hidden relative flex w-full min-w-0 flex-col agent-turn\" tabindex=\"-1\">\n<div class=\"flex max-w-full flex-col grow\">\n<div class=\"min-h-8 text-message relative flex w-full flex-col items-end gap-2 text-start break-words whitespace-normal [.text-message+&amp;]:mt-1\" dir=\"auto\" data-message-author-role=\"assistant\" data-message-id=\"a1bc4aab-3370-4edd-836e-f72c218c0f28\" data-message-model-slug=\"gpt-5-2\">\n<div class=\"flex w-full flex-col gap-1 empty:hidden first:pt-[1px]\">\n<div class=\"markdown prose dark:prose-invert w-full wrap-break-word light markdown-new-styling\">\n<ul>\n<li data-start=\"37\" data-end=\"146\">Genie\u00dfe das Gef\u00fchl der Frische mit Nashek Brothers \ud83c\udf4a&#8216; Sparkling Candies<\/li>\n<li data-start=\"37\" data-end=\"146\">Ein unverwechselbarer Geschmack und ein funkelndes Herz bieten mit jedem St\u00fcck ein anderes Erlebnis.<\/li>\n<\/ul>\n<p data-start=\"148\" data-end=\"161\">\n<\/div>\n<\/div>\n<\/div>\n<\/div>\n<\/div>\n<\/div>\n<\/article>\n<\/div>\n","protected":false},"featured_media":121708,"comment_status":"open","ping_status":"closed","template":"","meta":[],"product_brand":[],"product_cat":[297,310],"product_tag":[],"class_list":{"0":"post-121705","1":"product","2":"type-product","3":"status-publish","4":"has-post-thumbnail","6":"product_cat-dessert-chips-2","7":"product_cat-suessigkeiten-schokolade","9":"first","10":"instock","11":"taxable","12":"shipping-taxable","13":"purchasable","14":"product-type-simple"},"yoast_head":"<!-- This site is optimized with the Yoast SEO Premium plugin v26.5 (Yoast SEO v27.3) - https:\/\/yoast.com\/product\/yoast-seo-premium-wordpress\/ -->\n<title>S\u00fc\u00dfigkeiten sprachen die Bruderschaft in der Funkel- | 500g - Yasmin Food<\/title>\n<meta name=\"description\" content=\"Genie\u00dfen Sie das Frischesgef\u00fchl mit Nasheed Brothers \ud83c\udf4aSparkling Candies mit einem unverwechselbaren Geschmack und einem funkelnden Herzen, das Ihnen mit jedem St\u00fcck ein anderes Erlebnis bietet.\" \/>\n<meta name=\"robots\" content=\"index, follow, max-snippet:-1, max-image-preview:large, max-video-preview:-1\" \/>\n<link rel=\"canonical\" href=\"https:\/\/yasminfood.ch\/de\/product\/suessigkeiten-sprachen-die-bruderschaft-in-der-funkel-500g\/\" \/>\n<meta property=\"og:locale\" content=\"de_DE\" \/>\n<meta property=\"og:type\" content=\"article\" \/>\n<meta property=\"og:title\" content=\"S\u00fc\u00dfigkeiten sprachen die Bruderschaft in der Funkel- | 500g\" \/>\n<meta property=\"og:description\" content=\"S\u00fc\u00dfigkeiten sprachen die Bruderschaft in der Funkel- | 500g      Genie\u00dfe das Gef\u00fchl der Frische mit Nashek Brothers \ud83c\udf4a&#039; Sparkling Candies  Ein unverwechselbarer Geschmack und ein funkelndes Herz bieten mit jedem St\u00fcck ein anderes Erlebnis.\" \/>\n<meta property=\"og:url\" content=\"https:\/\/yasminfood.ch\/de\/product\/suessigkeiten-sprachen-die-bruderschaft-in-der-funkel-500g\/\" \/>\n<meta property=\"og:site_name\" content=\"Yasmin Food\" \/>\n<meta property=\"article:publisher\" content=\"https:\/\/www.facebook.com\/yasminmarkt1\" \/>\n<meta property=\"article:modified_time\" content=\"2026-02-19T10:43:26+00:00\" \/>\n<meta property=\"og:image\" content=\"https:\/\/yasminfood.ch\/wp-content\/uploads\/2026\/02\/\u0633\u0643\u0627\u0643\u0631-\u0646\u0627\u0634\u062f-\u0627\u062e\u0648\u0627\u0646-\u0641\u0648\u0627\u0631.png\" \/>\n\t<meta property=\"og:image:width\" content=\"1080\" \/>\n\t<meta property=\"og:image:height\" content=\"1080\" \/>\n\t<meta property=\"og:image:type\" content=\"image\/png\" \/>\n<meta name=\"twitter:card\" content=\"summary_large_image\" \/>\n<meta name=\"twitter:label1\" content=\"Preis\" \/>\n\t<meta name=\"twitter:data1\" content=\"9.95&nbsp;&#067;&#072;&#070;\" \/>\n\t<meta name=\"twitter:label2\" content=\"Verf\u00fcgbarkeit\" \/>\n\t<meta name=\"twitter:data2\" content=\"Auf Lager\" \/>\n<script type=\"application\/ld+json\" class=\"yoast-schema-graph\">{\"@context\":\"https:\\\/\\\/schema.org\",\"@graph\":[{\"@type\":\"WebPage\",\"@id\":\"https:\\\/\\\/yasminfood.ch\\\/de\\\/product\\\/suessigkeiten-sprachen-die-bruderschaft-in-der-funkel-500g\\\/\",\"url\":\"https:\\\/\\\/yasminfood.ch\\\/de\\\/product\\\/suessigkeiten-sprachen-die-bruderschaft-in-der-funkel-500g\\\/\",\"name\":\"S\u00fc\u00dfigkeiten sprachen die Bruderschaft in der Funkel- | 500g - Yasmin Food\",\"isPartOf\":{\"@id\":\"https:\\\/\\\/yasminfood.ch\\\/de\\\/#website\"},\"primaryImageOfPage\":{\"@id\":\"https:\\\/\\\/yasminfood.ch\\\/de\\\/product\\\/suessigkeiten-sprachen-die-bruderschaft-in-der-funkel-500g\\\/#primaryimage\"},\"image\":{\"@id\":\"https:\\\/\\\/yasminfood.ch\\\/de\\\/product\\\/suessigkeiten-sprachen-die-bruderschaft-in-der-funkel-500g\\\/#primaryimage\"},\"thumbnailUrl\":\"https:\\\/\\\/yasminfood.ch\\\/wp-content\\\/uploads\\\/2026\\\/02\\\/\u0633\u0643\u0627\u0643\u0631-\u0646\u0627\u0634\u062f-\u0627\u062e\u0648\u0627\u0646-\u0641\u0648\u0627\u0631.png\",\"datePublished\":\"2026-02-19T10:42:18+00:00\",\"dateModified\":\"2026-02-19T10:43:26+00:00\",\"description\":\"Genie\u00dfen Sie das Frischesgef\u00fchl mit Nasheed Brothers \ud83c\udf4aSparkling Candies mit einem unverwechselbaren Geschmack und einem funkelnden Herzen, das Ihnen mit jedem St\u00fcck ein anderes Erlebnis bietet.\",\"breadcrumb\":{\"@id\":\"https:\\\/\\\/yasminfood.ch\\\/de\\\/product\\\/suessigkeiten-sprachen-die-bruderschaft-in-der-funkel-500g\\\/#breadcrumb\"},\"inLanguage\":\"de\",\"potentialAction\":[{\"@type\":\"ReadAction\",\"target\":[\"https:\\\/\\\/yasminfood.ch\\\/de\\\/product\\\/suessigkeiten-sprachen-die-bruderschaft-in-der-funkel-500g\\\/\"]}]},{\"@type\":\"ImageObject\",\"inLanguage\":\"de\",\"@id\":\"https:\\\/\\\/yasminfood.ch\\\/de\\\/product\\\/suessigkeiten-sprachen-die-bruderschaft-in-der-funkel-500g\\\/#primaryimage\",\"url\":\"https:\\\/\\\/yasminfood.ch\\\/wp-content\\\/uploads\\\/2026\\\/02\\\/\u0633\u0643\u0627\u0643\u0631-\u0646\u0627\u0634\u062f-\u0627\u062e\u0648\u0627\u0646-\u0641\u0648\u0627\u0631.png\",\"contentUrl\":\"https:\\\/\\\/yasminfood.ch\\\/wp-content\\\/uploads\\\/2026\\\/02\\\/\u0633\u0643\u0627\u0643\u0631-\u0646\u0627\u0634\u062f-\u0627\u062e\u0648\u0627\u0646-\u0641\u0648\u0627\u0631.png\",\"width\":1080,\"height\":1080,\"caption\":\"S\u00fc\u00dfigkeiten sprachen die Bruderschaft in der Funkel- | 500g\"},{\"@type\":\"BreadcrumbList\",\"@id\":\"https:\\\/\\\/yasminfood.ch\\\/de\\\/product\\\/suessigkeiten-sprachen-die-bruderschaft-in-der-funkel-500g\\\/#breadcrumb\",\"itemListElement\":[{\"@type\":\"ListItem\",\"position\":1,\"name\":\"\u0627\u0644\u0631\u0626\u064a\u0633\u064a\u0629\",\"item\":\"https:\\\/\\\/yasminfood.ch\\\/de\\\/zuhause\\\/\"},{\"@type\":\"ListItem\",\"position\":2,\"name\":\"Shop\",\"item\":\"https:\\\/\\\/yasminfood.ch\\\/de\\\/shop\\\/\"},{\"@type\":\"ListItem\",\"position\":3,\"name\":\"S\u00fc\u00dfigkeiten sprachen die Bruderschaft in der Funkel- | 500g\"}]},{\"@type\":\"WebSite\",\"@id\":\"https:\\\/\\\/yasminfood.ch\\\/de\\\/#website\",\"url\":\"https:\\\/\\\/yasminfood.ch\\\/de\\\/\",\"name\":\"\u064a\u0627\u0633\u0645\u064a\u0646 \u0645\u0627\u0631\u0643\u062a\",\"description\":\"Alles, was Sie brauchen, an einem Ort\",\"publisher\":{\"@id\":\"https:\\\/\\\/yasminfood.ch\\\/de\\\/#organization\"},\"alternateName\":\"Yasmin Food\",\"potentialAction\":[{\"@type\":\"SearchAction\",\"target\":{\"@type\":\"EntryPoint\",\"urlTemplate\":\"https:\\\/\\\/yasminfood.ch\\\/de\\\/?s={search_term_string}\"},\"query-input\":{\"@type\":\"PropertyValueSpecification\",\"valueRequired\":true,\"valueName\":\"search_term_string\"}}],\"inLanguage\":\"de\"},{\"@type\":\"Organization\",\"@id\":\"https:\\\/\\\/yasminfood.ch\\\/de\\\/#organization\",\"name\":\"\u064a\u0627\u0633\u0645\u064a\u0646 \u0645\u0627\u0631\u0643\u062a\",\"alternateName\":\"Yasmin Food\",\"url\":\"https:\\\/\\\/yasminfood.ch\\\/de\\\/\",\"logo\":{\"@type\":\"ImageObject\",\"inLanguage\":\"de\",\"@id\":\"https:\\\/\\\/yasminfood.ch\\\/de\\\/#\\\/schema\\\/logo\\\/image\\\/\",\"url\":\"https:\\\/\\\/yasminfood.ch\\\/wp-content\\\/uploads\\\/2025\\\/05\\\/yasmin-food-header-logo.png\",\"contentUrl\":\"https:\\\/\\\/yasminfood.ch\\\/wp-content\\\/uploads\\\/2025\\\/05\\\/yasmin-food-header-logo.png\",\"width\":330,\"height\":120,\"caption\":\"\u064a\u0627\u0633\u0645\u064a\u0646 \u0645\u0627\u0631\u0643\u062a\"},\"image\":{\"@id\":\"https:\\\/\\\/yasminfood.ch\\\/de\\\/#\\\/schema\\\/logo\\\/image\\\/\"},\"sameAs\":[\"https:\\\/\\\/www.facebook.com\\\/yasminmarkt1\",\"https:\\\/\\\/www.tiktok.com\\\/@yasminmarkt\",\"https:\\\/\\\/www.instagram.com\\\/yasmin.markt1\\\/\",\"https:\\\/\\\/api.whatsapp.com\\\/send\\\/?phone=41799000104\"],\"publishingPrinciples\":\"https:\\\/\\\/yasminfood.ch\\\/de\\\/shop\\\/\",\"ownershipFundingInfo\":\"https:\\\/\\\/yasminfood.ch\\\/de\\\/shop\\\/\"}]}<\/script>\n<meta property=\"product:price:amount\" content=\"9.95\" \/>\n<meta property=\"product:price:currency\" content=\"CHF\" \/>\n<meta property=\"og:availability\" content=\"instock\" \/>\n<meta property=\"product:availability\" content=\"instock\" \/>\n<meta property=\"product:condition\" content=\"new\" \/>\n<!-- \/ Yoast SEO Premium plugin. -->","yoast_head_json":{"title":"S\u00fc\u00dfigkeiten sprachen die Bruderschaft in der Funkel- | 500g - Yasmin Food","description":"Genie\u00dfen Sie das Frischesgef\u00fchl mit Nasheed Brothers \ud83c\udf4aSparkling Candies mit einem unverwechselbaren Geschmack und einem funkelnden Herzen, das Ihnen mit jedem St\u00fcck ein anderes Erlebnis bietet.","robots":{"index":"index","follow":"follow","max-snippet":"max-snippet:-1","max-image-preview":"max-image-preview:large","max-video-preview":"max-video-preview:-1"},"canonical":"https:\/\/yasminfood.ch\/de\/product\/suessigkeiten-sprachen-die-bruderschaft-in-der-funkel-500g\/","og_locale":"de_DE","og_type":"article","og_title":"S\u00fc\u00dfigkeiten sprachen die Bruderschaft in der Funkel- | 500g","og_description":"S\u00fc\u00dfigkeiten sprachen die Bruderschaft in der Funkel- | 500g      Genie\u00dfe das Gef\u00fchl der Frische mit Nashek Brothers \ud83c\udf4a' Sparkling Candies  Ein unverwechselbarer Geschmack und ein funkelndes Herz bieten mit jedem St\u00fcck ein anderes Erlebnis.","og_url":"https:\/\/yasminfood.ch\/de\/product\/suessigkeiten-sprachen-die-bruderschaft-in-der-funkel-500g\/","og_site_name":"Yasmin Food","article_publisher":"https:\/\/www.facebook.com\/yasminmarkt1","article_modified_time":"2026-02-19T10:43:26+00:00","og_image":[{"width":1080,"height":1080,"url":"https:\/\/yasminfood.ch\/wp-content\/uploads\/2026\/02\/\u0633\u0643\u0627\u0643\u0631-\u0646\u0627\u0634\u062f-\u0627\u062e\u0648\u0627\u0646-\u0641\u0648\u0627\u0631.png","type":"image\/png"}],"twitter_card":"summary_large_image","twitter_misc":{"Preis":"9.95&nbsp;&#67;&#72;&#70;","Verf\u00fcgbarkeit":"Auf Lager"},"schema":{"@context":"https:\/\/schema.org","@graph":[{"@type":"WebPage","@id":"https:\/\/yasminfood.ch\/de\/product\/suessigkeiten-sprachen-die-bruderschaft-in-der-funkel-500g\/","url":"https:\/\/yasminfood.ch\/de\/product\/suessigkeiten-sprachen-die-bruderschaft-in-der-funkel-500g\/","name":"S\u00fc\u00dfigkeiten sprachen die Bruderschaft in der Funkel- | 500g - Yasmin Food","isPartOf":{"@id":"https:\/\/yasminfood.ch\/de\/#website"},"primaryImageOfPage":{"@id":"https:\/\/yasminfood.ch\/de\/product\/suessigkeiten-sprachen-die-bruderschaft-in-der-funkel-500g\/#primaryimage"},"image":{"@id":"https:\/\/yasminfood.ch\/de\/product\/suessigkeiten-sprachen-die-bruderschaft-in-der-funkel-500g\/#primaryimage"},"thumbnailUrl":"https:\/\/yasminfood.ch\/wp-content\/uploads\/2026\/02\/\u0633\u0643\u0627\u0643\u0631-\u0646\u0627\u0634\u062f-\u0627\u062e\u0648\u0627\u0646-\u0641\u0648\u0627\u0631.png","datePublished":"2026-02-19T10:42:18+00:00","dateModified":"2026-02-19T10:43:26+00:00","description":"Genie\u00dfen Sie das Frischesgef\u00fchl mit Nasheed Brothers \ud83c\udf4aSparkling Candies mit einem unverwechselbaren Geschmack und einem funkelnden Herzen, das Ihnen mit jedem St\u00fcck ein anderes Erlebnis bietet.","breadcrumb":{"@id":"https:\/\/yasminfood.ch\/de\/product\/suessigkeiten-sprachen-die-bruderschaft-in-der-funkel-500g\/#breadcrumb"},"inLanguage":"de","potentialAction":[{"@type":"ReadAction","target":["https:\/\/yasminfood.ch\/de\/product\/suessigkeiten-sprachen-die-bruderschaft-in-der-funkel-500g\/"]}]},{"@type":"ImageObject","inLanguage":"de","@id":"https:\/\/yasminfood.ch\/de\/product\/suessigkeiten-sprachen-die-bruderschaft-in-der-funkel-500g\/#primaryimage","url":"https:\/\/yasminfood.ch\/wp-content\/uploads\/2026\/02\/\u0633\u0643\u0627\u0643\u0631-\u0646\u0627\u0634\u062f-\u0627\u062e\u0648\u0627\u0646-\u0641\u0648\u0627\u0631.png","contentUrl":"https:\/\/yasminfood.ch\/wp-content\/uploads\/2026\/02\/\u0633\u0643\u0627\u0643\u0631-\u0646\u0627\u0634\u062f-\u0627\u062e\u0648\u0627\u0646-\u0641\u0648\u0627\u0631.png","width":1080,"height":1080,"caption":"S\u00fc\u00dfigkeiten sprachen die Bruderschaft in der Funkel- | 500g"},{"@type":"BreadcrumbList","@id":"https:\/\/yasminfood.ch\/de\/product\/suessigkeiten-sprachen-die-bruderschaft-in-der-funkel-500g\/#breadcrumb","itemListElement":[{"@type":"ListItem","position":1,"name":"\u0627\u0644\u0631\u0626\u064a\u0633\u064a\u0629","item":"https:\/\/yasminfood.ch\/de\/zuhause\/"},{"@type":"ListItem","position":2,"name":"Shop","item":"https:\/\/yasminfood.ch\/de\/shop\/"},{"@type":"ListItem","position":3,"name":"S\u00fc\u00dfigkeiten sprachen die Bruderschaft in der Funkel- | 500g"}]},{"@type":"WebSite","@id":"https:\/\/yasminfood.ch\/de\/#website","url":"https:\/\/yasminfood.ch\/de\/","name":"\u064a\u0627\u0633\u0645\u064a\u0646 \u0645\u0627\u0631\u0643\u062a","description":"Alles, was Sie brauchen, an einem Ort","publisher":{"@id":"https:\/\/yasminfood.ch\/de\/#organization"},"alternateName":"Yasmin Food","potentialAction":[{"@type":"SearchAction","target":{"@type":"EntryPoint","urlTemplate":"https:\/\/yasminfood.ch\/de\/?s={search_term_string}"},"query-input":{"@type":"PropertyValueSpecification","valueRequired":true,"valueName":"search_term_string"}}],"inLanguage":"de"},{"@type":"Organization","@id":"https:\/\/yasminfood.ch\/de\/#organization","name":"\u064a\u0627\u0633\u0645\u064a\u0646 \u0645\u0627\u0631\u0643\u062a","alternateName":"Yasmin Food","url":"https:\/\/yasminfood.ch\/de\/","logo":{"@type":"ImageObject","inLanguage":"de","@id":"https:\/\/yasminfood.ch\/de\/#\/schema\/logo\/image\/","url":"https:\/\/yasminfood.ch\/wp-content\/uploads\/2025\/05\/yasmin-food-header-logo.png","contentUrl":"https:\/\/yasminfood.ch\/wp-content\/uploads\/2025\/05\/yasmin-food-header-logo.png","width":330,"height":120,"caption":"\u064a\u0627\u0633\u0645\u064a\u0646 \u0645\u0627\u0631\u0643\u062a"},"image":{"@id":"https:\/\/yasminfood.ch\/de\/#\/schema\/logo\/image\/"},"sameAs":["https:\/\/www.facebook.com\/yasminmarkt1","https:\/\/www.tiktok.com\/@yasminmarkt","https:\/\/www.instagram.com\/yasmin.markt1\/","https:\/\/api.whatsapp.com\/send\/?phone=41799000104"],"publishingPrinciples":"https:\/\/yasminfood.ch\/de\/shop\/","ownershipFundingInfo":"https:\/\/yasminfood.ch\/de\/shop\/"}]},"product_price_amount":"9.95","product_price_currency":"CHF","og_availability":"instock","product_availability":"instock","product_condition":"new"},"jetpack_sharing_enabled":true,"_links":{"self":[{"href":"https:\/\/yasminfood.ch\/de\/wp-json\/wp\/v2\/product\/121705","targetHints":{"allow":["GET"]}}],"collection":[{"href":"https:\/\/yasminfood.ch\/de\/wp-json\/wp\/v2\/product"}],"about":[{"href":"https:\/\/yasminfood.ch\/de\/wp-json\/wp\/v2\/types\/product"}],"replies":[{"embeddable":true,"href":"https:\/\/yasminfood.ch\/de\/wp-json\/wp\/v2\/comments?post=121705"}],"version-history":[{"count":0,"href":"https:\/\/yasminfood.ch\/de\/wp-json\/wp\/v2\/product\/121705\/revisions"}],"wp:featuredmedia":[{"embeddable":true,"href":"https:\/\/yasminfood.ch\/de\/wp-json\/wp\/v2\/media\/121708"}],"wp:attachment":[{"href":"https:\/\/yasminfood.ch\/de\/wp-json\/wp\/v2\/media?parent=121705"}],"wp:term":[{"taxonomy":"product_brand","embeddable":true,"href":"https:\/\/yasminfood.ch\/de\/wp-json\/wp\/v2\/product_brand?post=121705"},{"taxonomy":"product_cat","embeddable":true,"href":"https:\/\/yasminfood.ch\/de\/wp-json\/wp\/v2\/product_cat?post=121705"},{"taxonomy":"product_tag","embeddable":true,"href":"https:\/\/yasminfood.ch\/de\/wp-json\/wp\/v2\/product_tag?post=121705"}],"curies":[{"name":"wp","href":"https:\/\/api.w.org\/{rel}","templated":true}]}}