{"id":121713,"date":"2026-02-19T11:40:36","date_gmt":"2026-02-19T10:40:36","guid":{"rendered":"https:\/\/yasminfood.ch\/product\/fruits-died-nasheed-brothers-500g\/"},"modified":"2026-02-19T11:43:28","modified_gmt":"2026-02-19T10:43:28","slug":"fruits-died-nasheed-brothers-500g","status":"publish","type":"product","link":"https:\/\/yasminfood.ch\/de\/product\/fruits-died-nasheed-brothers-500g\/","title":{"rendered":"Fruits Died \u2013 Nasheed Brothers | 500g"},"content":{"rendered":"<p><strong>Fruits Died \u2013 Nasheed Brothers | 500g<\/strong><\/p>\n<div class=\"text-base my-auto mx-auto [--thread-content-margin:--spacing(4)] @w-sm\/main:[--thread-content-margin:--spacing(6)] @w-lg\/main:[--thread-content-margin:--spacing(16)] px-(--thread-content-margin)\">\n<div class=\"[--thread-content-max-width:40rem] @w-lg\/main:[--thread-content-max-width:48rem] mx-auto max-w-(--thread-content-max-width) flex-1 group\/turn-messages focus-visible:outline-hidden relative flex w-full min-w-0 flex-col agent-turn\" tabindex=\"-1\">\n<div class=\"flex max-w-full flex-col grow\">\n<div class=\"min-h-8 text-message relative flex w-full flex-col items-end gap-2 text-start break-words whitespace-normal [.text-message+&amp;]:mt-1\" dir=\"auto\" data-message-author-role=\"assistant\" data-message-id=\"9847d489-9159-40bc-9071-04d71633a2ca\" data-message-model-slug=\"gpt-5-2\">\n<div class=\"flex w-full flex-col gap-1 empty:hidden first:pt-[1px]\">\n<div class=\"markdown prose dark:prose-invert w-full wrap-break-word light markdown-new-styling\">\n<ul>\n<li data-start=\"34\" data-end=\"166\">Genie\u00dfen Sie ein farbenfrohes und aromatisches Erlebnis mit fruchtigem Toffee von Nashed Brothers \ud83c\udf53\ud83c\udf4a\ud83e\udd5d<\/li>\n<li data-start=\"34\" data-end=\"166\">Jedes St\u00fcck bietet einen erfrischenden Geschmack, inspiriert von geliebten Fr\u00fcchten.<\/li>\n<\/ul>\n<p data-start=\"168\" data-end=\"181\"><strong data-start=\"168\" data-end=\"181\">Funktionen:<\/strong><\/p>\n<ul data-start=\"182\" data-end=\"321\">\n<li data-start=\"182\" data-end=\"211\">\n<p data-start=\"184\" data-end=\"211\">Vielf\u00e4ltige Fruchtgeschmacksvielfalt<\/p>\n<\/li>\n<li data-start=\"212\" data-end=\"230\">\n<p data-start=\"214\" data-end=\"230\">S\u00fc\u00dfer und erfrischender Geschmack<\/p>\n<\/li>\n<li data-start=\"231\" data-end=\"249\">\n<p data-start=\"233\" data-end=\"249\">Weiche und k\u00f6stliche Textur<\/p>\n<\/li>\n<li data-start=\"250\" data-end=\"281\">\n<p data-start=\"252\" data-end=\"281\">Individuelle Verpackung, die Qualit\u00e4t erh\u00e4lt<\/p>\n<\/li>\n<li data-start=\"282\" data-end=\"321\">\n<p data-start=\"284\" data-end=\"321\">500g-Packung, perfekt f\u00fcr Familie und Anl\u00e4sse<\/p>\n<\/li>\n<\/ul>\n<p data-start=\"323\" data-end=\"399\">Servieren Sie es den G\u00e4sten, f\u00fcgen Sie es in die Hospitality Box hinzu oder genie\u00dfen Sie es zu jeder Tageszeit \ud83c\udf08  <\/p>\n<p data-start=\"401\" data-end=\"431\" data-is-last-node=\"\" data-is-only-node=\"\">Verschiedene Geschmacksrichtungen&#8230; Und endlosen Spa\u00df \u2728<\/p>\n<\/div>\n<\/div>\n<\/div>\n<\/div>\n<div class=\"z-0 flex min-h-[46px] justify-start\"><\/div>\n<\/div>\n<\/div>\n","protected":false},"excerpt":{"rendered":"<p><strong>Fruits Died \u2013 Nasheed Brothers | 500g<\/strong><\/p>\n<div class=\"text-base my-auto mx-auto [--thread-content-margin:--spacing(4)] @w-sm\/main:[--thread-content-margin:--spacing(6)] @w-lg\/main:[--thread-content-margin:--spacing(16)] px-(--thread-content-margin)\">\n<div class=\"[--thread-content-max-width:40rem] @w-lg\/main:[--thread-content-max-width:48rem] mx-auto max-w-(--thread-content-max-width) flex-1 group\/turn-messages focus-visible:outline-hidden relative flex w-full min-w-0 flex-col agent-turn\" tabindex=\"-1\">\n<div class=\"flex max-w-full flex-col grow\">\n<div class=\"min-h-8 text-message relative flex w-full flex-col items-end gap-2 text-start break-words whitespace-normal [.text-message+&amp;]:mt-1\" dir=\"auto\" data-message-author-role=\"assistant\" data-message-id=\"9847d489-9159-40bc-9071-04d71633a2ca\" data-message-model-slug=\"gpt-5-2\">\n<div class=\"flex w-full flex-col gap-1 empty:hidden first:pt-[1px]\">\n<div class=\"markdown prose dark:prose-invert w-full wrap-break-word light markdown-new-styling\">\n<ul>\n<li data-start=\"34\" data-end=\"166\">Genie\u00dfen Sie ein farbenfrohes und aromatisches Erlebnis mit fruchtigem Toffee von Nashed Brothers \ud83c\udf53\ud83c\udf4a\ud83e\udd5d<\/li>\n<li data-start=\"34\" data-end=\"166\">Jedes St\u00fcck bietet einen erfrischenden Geschmack, inspiriert von geliebten Fr\u00fcchten.<\/li>\n<\/ul>\n<p data-start=\"168\" data-end=\"181\">\n<\/div>\n<\/div>\n<\/div>\n<\/div>\n<\/div>\n<\/div>\n","protected":false},"featured_media":121715,"comment_status":"open","ping_status":"closed","template":"","meta":[],"product_brand":[],"product_cat":[297,310],"product_tag":[],"class_list":{"0":"post-121713","1":"product","2":"type-product","3":"status-publish","4":"has-post-thumbnail","6":"product_cat-dessert-chips-2","7":"product_cat-suessigkeiten-schokolade","9":"first","10":"instock","11":"taxable","12":"shipping-taxable","13":"purchasable","14":"product-type-simple"},"yoast_head":"<!-- This site is optimized with the Yoast SEO Premium plugin v26.5 (Yoast SEO v27.3) - https:\/\/yoast.com\/product\/yoast-seo-premium-wordpress\/ -->\n<title>Fruits Died \u2013 Nasheed Brothers | 500g - Yasmin Food<\/title>\n<meta name=\"description\" content=\"Fruits Died \u2013 Nasheed Brothers | 500g Genie\u00dfen Sie ein farbenfrohes und geschmackvolles Erlebnis mit fruchtigem Toffee von Nasheed Brothers \ud83c\udf53\ud83c\udf4a\ud83e\udd5dJedes St\u00fcck bietet Ihnen einen erfrischenden Geschmack\" \/>\n<meta name=\"robots\" content=\"index, follow, max-snippet:-1, max-image-preview:large, max-video-preview:-1\" \/>\n<link rel=\"canonical\" href=\"https:\/\/yasminfood.ch\/de\/product\/fruits-died-nasheed-brothers-500g\/\" \/>\n<meta property=\"og:locale\" content=\"de_DE\" \/>\n<meta property=\"og:type\" content=\"article\" \/>\n<meta property=\"og:title\" content=\"Fruits Died \u2013 Nasheed Brothers | 500g\" \/>\n<meta property=\"og:description\" content=\"Fruits Died \u2013 Nasheed Brothers | 500g     Genie\u00dfen Sie ein farbenfrohes und aromatisches Erlebnis mit fruchtigem Toffee von Nashed Brothers \ud83c\udf53\ud83c\udf4a\ud83e\udd5d  Jedes St\u00fcck bietet einen erfrischenden Geschmack, inspiriert von geliebten Fr\u00fcchten.\" \/>\n<meta property=\"og:url\" content=\"https:\/\/yasminfood.ch\/de\/product\/fruits-died-nasheed-brothers-500g\/\" \/>\n<meta property=\"og:site_name\" content=\"Yasmin Food\" \/>\n<meta property=\"article:publisher\" content=\"https:\/\/www.facebook.com\/yasminmarkt1\" \/>\n<meta property=\"article:modified_time\" content=\"2026-02-19T10:43:28+00:00\" \/>\n<meta property=\"og:image\" content=\"https:\/\/yasminfood.ch\/wp-content\/uploads\/2026\/02\/\u062a\u0648\u0641\u064a-\u0641\u0648\u0627\u0643\u0647.png\" \/>\n\t<meta property=\"og:image:width\" content=\"1080\" \/>\n\t<meta property=\"og:image:height\" content=\"1080\" \/>\n\t<meta property=\"og:image:type\" content=\"image\/png\" \/>\n<meta name=\"twitter:card\" content=\"summary_large_image\" \/>\n<meta name=\"twitter:label1\" content=\"Preis\" \/>\n\t<meta name=\"twitter:data1\" content=\"9.95&nbsp;&#067;&#072;&#070;\" \/>\n\t<meta name=\"twitter:label2\" content=\"Verf\u00fcgbarkeit\" \/>\n\t<meta name=\"twitter:data2\" content=\"Auf Lager\" \/>\n<script type=\"application\/ld+json\" class=\"yoast-schema-graph\">{\"@context\":\"https:\\\/\\\/schema.org\",\"@graph\":[{\"@type\":\"WebPage\",\"@id\":\"https:\\\/\\\/yasminfood.ch\\\/de\\\/product\\\/fruits-died-nasheed-brothers-500g\\\/\",\"url\":\"https:\\\/\\\/yasminfood.ch\\\/de\\\/product\\\/fruits-died-nasheed-brothers-500g\\\/\",\"name\":\"Fruits Died \u2013 Nasheed Brothers | 500g - Yasmin Food\",\"isPartOf\":{\"@id\":\"https:\\\/\\\/yasminfood.ch\\\/de\\\/#website\"},\"primaryImageOfPage\":{\"@id\":\"https:\\\/\\\/yasminfood.ch\\\/de\\\/product\\\/fruits-died-nasheed-brothers-500g\\\/#primaryimage\"},\"image\":{\"@id\":\"https:\\\/\\\/yasminfood.ch\\\/de\\\/product\\\/fruits-died-nasheed-brothers-500g\\\/#primaryimage\"},\"thumbnailUrl\":\"https:\\\/\\\/yasminfood.ch\\\/wp-content\\\/uploads\\\/2026\\\/02\\\/\u062a\u0648\u0641\u064a-\u0641\u0648\u0627\u0643\u0647.png\",\"datePublished\":\"2026-02-19T10:40:36+00:00\",\"dateModified\":\"2026-02-19T10:43:28+00:00\",\"description\":\"Fruits Died \u2013 Nasheed Brothers | 500g Genie\u00dfen Sie ein farbenfrohes und geschmackvolles Erlebnis mit fruchtigem Toffee von Nasheed Brothers \ud83c\udf53\ud83c\udf4a\ud83e\udd5dJedes St\u00fcck bietet Ihnen einen erfrischenden Geschmack\",\"breadcrumb\":{\"@id\":\"https:\\\/\\\/yasminfood.ch\\\/de\\\/product\\\/fruits-died-nasheed-brothers-500g\\\/#breadcrumb\"},\"inLanguage\":\"de\",\"potentialAction\":[{\"@type\":\"ReadAction\",\"target\":[\"https:\\\/\\\/yasminfood.ch\\\/de\\\/product\\\/fruits-died-nasheed-brothers-500g\\\/\"]}]},{\"@type\":\"ImageObject\",\"inLanguage\":\"de\",\"@id\":\"https:\\\/\\\/yasminfood.ch\\\/de\\\/product\\\/fruits-died-nasheed-brothers-500g\\\/#primaryimage\",\"url\":\"https:\\\/\\\/yasminfood.ch\\\/wp-content\\\/uploads\\\/2026\\\/02\\\/\u062a\u0648\u0641\u064a-\u0641\u0648\u0627\u0643\u0647.png\",\"contentUrl\":\"https:\\\/\\\/yasminfood.ch\\\/wp-content\\\/uploads\\\/2026\\\/02\\\/\u062a\u0648\u0641\u064a-\u0641\u0648\u0627\u0643\u0647.png\",\"width\":1080,\"height\":1080,\"caption\":\"Fruits Died \u2013 Nasheed Brothers | 500g\"},{\"@type\":\"BreadcrumbList\",\"@id\":\"https:\\\/\\\/yasminfood.ch\\\/de\\\/product\\\/fruits-died-nasheed-brothers-500g\\\/#breadcrumb\",\"itemListElement\":[{\"@type\":\"ListItem\",\"position\":1,\"name\":\"\u0627\u0644\u0631\u0626\u064a\u0633\u064a\u0629\",\"item\":\"https:\\\/\\\/yasminfood.ch\\\/de\\\/zuhause\\\/\"},{\"@type\":\"ListItem\",\"position\":2,\"name\":\"Shop\",\"item\":\"https:\\\/\\\/yasminfood.ch\\\/de\\\/shop\\\/\"},{\"@type\":\"ListItem\",\"position\":3,\"name\":\"Fruits Died \u2013 Nasheed Brothers | 500g\"}]},{\"@type\":\"WebSite\",\"@id\":\"https:\\\/\\\/yasminfood.ch\\\/de\\\/#website\",\"url\":\"https:\\\/\\\/yasminfood.ch\\\/de\\\/\",\"name\":\"\u064a\u0627\u0633\u0645\u064a\u0646 \u0645\u0627\u0631\u0643\u062a\",\"description\":\"Alles, was Sie brauchen, an einem Ort\",\"publisher\":{\"@id\":\"https:\\\/\\\/yasminfood.ch\\\/de\\\/#organization\"},\"alternateName\":\"Yasmin Food\",\"potentialAction\":[{\"@type\":\"SearchAction\",\"target\":{\"@type\":\"EntryPoint\",\"urlTemplate\":\"https:\\\/\\\/yasminfood.ch\\\/de\\\/?s={search_term_string}\"},\"query-input\":{\"@type\":\"PropertyValueSpecification\",\"valueRequired\":true,\"valueName\":\"search_term_string\"}}],\"inLanguage\":\"de\"},{\"@type\":\"Organization\",\"@id\":\"https:\\\/\\\/yasminfood.ch\\\/de\\\/#organization\",\"name\":\"\u064a\u0627\u0633\u0645\u064a\u0646 \u0645\u0627\u0631\u0643\u062a\",\"alternateName\":\"Yasmin Food\",\"url\":\"https:\\\/\\\/yasminfood.ch\\\/de\\\/\",\"logo\":{\"@type\":\"ImageObject\",\"inLanguage\":\"de\",\"@id\":\"https:\\\/\\\/yasminfood.ch\\\/de\\\/#\\\/schema\\\/logo\\\/image\\\/\",\"url\":\"https:\\\/\\\/yasminfood.ch\\\/wp-content\\\/uploads\\\/2025\\\/05\\\/yasmin-food-header-logo.png\",\"contentUrl\":\"https:\\\/\\\/yasminfood.ch\\\/wp-content\\\/uploads\\\/2025\\\/05\\\/yasmin-food-header-logo.png\",\"width\":330,\"height\":120,\"caption\":\"\u064a\u0627\u0633\u0645\u064a\u0646 \u0645\u0627\u0631\u0643\u062a\"},\"image\":{\"@id\":\"https:\\\/\\\/yasminfood.ch\\\/de\\\/#\\\/schema\\\/logo\\\/image\\\/\"},\"sameAs\":[\"https:\\\/\\\/www.facebook.com\\\/yasminmarkt1\",\"https:\\\/\\\/www.tiktok.com\\\/@yasminmarkt\",\"https:\\\/\\\/www.instagram.com\\\/yasmin.markt1\\\/\",\"https:\\\/\\\/api.whatsapp.com\\\/send\\\/?phone=41799000104\"],\"publishingPrinciples\":\"https:\\\/\\\/yasminfood.ch\\\/de\\\/shop\\\/\",\"ownershipFundingInfo\":\"https:\\\/\\\/yasminfood.ch\\\/de\\\/shop\\\/\"}]}<\/script>\n<meta property=\"product:price:amount\" content=\"9.95\" \/>\n<meta property=\"product:price:currency\" content=\"CHF\" \/>\n<meta property=\"og:availability\" content=\"instock\" \/>\n<meta property=\"product:availability\" content=\"instock\" \/>\n<meta property=\"product:condition\" content=\"new\" \/>\n<!-- \/ Yoast SEO Premium plugin. -->","yoast_head_json":{"title":"Fruits Died \u2013 Nasheed Brothers | 500g - Yasmin Food","description":"Fruits Died \u2013 Nasheed Brothers | 500g Genie\u00dfen Sie ein farbenfrohes und geschmackvolles Erlebnis mit fruchtigem Toffee von Nasheed Brothers \ud83c\udf53\ud83c\udf4a\ud83e\udd5dJedes St\u00fcck bietet Ihnen einen erfrischenden Geschmack","robots":{"index":"index","follow":"follow","max-snippet":"max-snippet:-1","max-image-preview":"max-image-preview:large","max-video-preview":"max-video-preview:-1"},"canonical":"https:\/\/yasminfood.ch\/de\/product\/fruits-died-nasheed-brothers-500g\/","og_locale":"de_DE","og_type":"article","og_title":"Fruits Died \u2013 Nasheed Brothers | 500g","og_description":"Fruits Died \u2013 Nasheed Brothers | 500g     Genie\u00dfen Sie ein farbenfrohes und aromatisches Erlebnis mit fruchtigem Toffee von Nashed Brothers \ud83c\udf53\ud83c\udf4a\ud83e\udd5d  Jedes St\u00fcck bietet einen erfrischenden Geschmack, inspiriert von geliebten Fr\u00fcchten.","og_url":"https:\/\/yasminfood.ch\/de\/product\/fruits-died-nasheed-brothers-500g\/","og_site_name":"Yasmin Food","article_publisher":"https:\/\/www.facebook.com\/yasminmarkt1","article_modified_time":"2026-02-19T10:43:28+00:00","og_image":[{"width":1080,"height":1080,"url":"https:\/\/yasminfood.ch\/wp-content\/uploads\/2026\/02\/\u062a\u0648\u0641\u064a-\u0641\u0648\u0627\u0643\u0647.png","type":"image\/png"}],"twitter_card":"summary_large_image","twitter_misc":{"Preis":"9.95&nbsp;&#67;&#72;&#70;","Verf\u00fcgbarkeit":"Auf Lager"},"schema":{"@context":"https:\/\/schema.org","@graph":[{"@type":"WebPage","@id":"https:\/\/yasminfood.ch\/de\/product\/fruits-died-nasheed-brothers-500g\/","url":"https:\/\/yasminfood.ch\/de\/product\/fruits-died-nasheed-brothers-500g\/","name":"Fruits Died \u2013 Nasheed Brothers | 500g - Yasmin Food","isPartOf":{"@id":"https:\/\/yasminfood.ch\/de\/#website"},"primaryImageOfPage":{"@id":"https:\/\/yasminfood.ch\/de\/product\/fruits-died-nasheed-brothers-500g\/#primaryimage"},"image":{"@id":"https:\/\/yasminfood.ch\/de\/product\/fruits-died-nasheed-brothers-500g\/#primaryimage"},"thumbnailUrl":"https:\/\/yasminfood.ch\/wp-content\/uploads\/2026\/02\/\u062a\u0648\u0641\u064a-\u0641\u0648\u0627\u0643\u0647.png","datePublished":"2026-02-19T10:40:36+00:00","dateModified":"2026-02-19T10:43:28+00:00","description":"Fruits Died \u2013 Nasheed Brothers | 500g Genie\u00dfen Sie ein farbenfrohes und geschmackvolles Erlebnis mit fruchtigem Toffee von Nasheed Brothers \ud83c\udf53\ud83c\udf4a\ud83e\udd5dJedes St\u00fcck bietet Ihnen einen erfrischenden Geschmack","breadcrumb":{"@id":"https:\/\/yasminfood.ch\/de\/product\/fruits-died-nasheed-brothers-500g\/#breadcrumb"},"inLanguage":"de","potentialAction":[{"@type":"ReadAction","target":["https:\/\/yasminfood.ch\/de\/product\/fruits-died-nasheed-brothers-500g\/"]}]},{"@type":"ImageObject","inLanguage":"de","@id":"https:\/\/yasminfood.ch\/de\/product\/fruits-died-nasheed-brothers-500g\/#primaryimage","url":"https:\/\/yasminfood.ch\/wp-content\/uploads\/2026\/02\/\u062a\u0648\u0641\u064a-\u0641\u0648\u0627\u0643\u0647.png","contentUrl":"https:\/\/yasminfood.ch\/wp-content\/uploads\/2026\/02\/\u062a\u0648\u0641\u064a-\u0641\u0648\u0627\u0643\u0647.png","width":1080,"height":1080,"caption":"Fruits Died \u2013 Nasheed Brothers | 500g"},{"@type":"BreadcrumbList","@id":"https:\/\/yasminfood.ch\/de\/product\/fruits-died-nasheed-brothers-500g\/#breadcrumb","itemListElement":[{"@type":"ListItem","position":1,"name":"\u0627\u0644\u0631\u0626\u064a\u0633\u064a\u0629","item":"https:\/\/yasminfood.ch\/de\/zuhause\/"},{"@type":"ListItem","position":2,"name":"Shop","item":"https:\/\/yasminfood.ch\/de\/shop\/"},{"@type":"ListItem","position":3,"name":"Fruits Died \u2013 Nasheed Brothers | 500g"}]},{"@type":"WebSite","@id":"https:\/\/yasminfood.ch\/de\/#website","url":"https:\/\/yasminfood.ch\/de\/","name":"\u064a\u0627\u0633\u0645\u064a\u0646 \u0645\u0627\u0631\u0643\u062a","description":"Alles, was Sie brauchen, an einem Ort","publisher":{"@id":"https:\/\/yasminfood.ch\/de\/#organization"},"alternateName":"Yasmin Food","potentialAction":[{"@type":"SearchAction","target":{"@type":"EntryPoint","urlTemplate":"https:\/\/yasminfood.ch\/de\/?s={search_term_string}"},"query-input":{"@type":"PropertyValueSpecification","valueRequired":true,"valueName":"search_term_string"}}],"inLanguage":"de"},{"@type":"Organization","@id":"https:\/\/yasminfood.ch\/de\/#organization","name":"\u064a\u0627\u0633\u0645\u064a\u0646 \u0645\u0627\u0631\u0643\u062a","alternateName":"Yasmin Food","url":"https:\/\/yasminfood.ch\/de\/","logo":{"@type":"ImageObject","inLanguage":"de","@id":"https:\/\/yasminfood.ch\/de\/#\/schema\/logo\/image\/","url":"https:\/\/yasminfood.ch\/wp-content\/uploads\/2025\/05\/yasmin-food-header-logo.png","contentUrl":"https:\/\/yasminfood.ch\/wp-content\/uploads\/2025\/05\/yasmin-food-header-logo.png","width":330,"height":120,"caption":"\u064a\u0627\u0633\u0645\u064a\u0646 \u0645\u0627\u0631\u0643\u062a"},"image":{"@id":"https:\/\/yasminfood.ch\/de\/#\/schema\/logo\/image\/"},"sameAs":["https:\/\/www.facebook.com\/yasminmarkt1","https:\/\/www.tiktok.com\/@yasminmarkt","https:\/\/www.instagram.com\/yasmin.markt1\/","https:\/\/api.whatsapp.com\/send\/?phone=41799000104"],"publishingPrinciples":"https:\/\/yasminfood.ch\/de\/shop\/","ownershipFundingInfo":"https:\/\/yasminfood.ch\/de\/shop\/"}]},"product_price_amount":"9.95","product_price_currency":"CHF","og_availability":"instock","product_availability":"instock","product_condition":"new"},"jetpack_sharing_enabled":true,"_links":{"self":[{"href":"https:\/\/yasminfood.ch\/de\/wp-json\/wp\/v2\/product\/121713","targetHints":{"allow":["GET"]}}],"collection":[{"href":"https:\/\/yasminfood.ch\/de\/wp-json\/wp\/v2\/product"}],"about":[{"href":"https:\/\/yasminfood.ch\/de\/wp-json\/wp\/v2\/types\/product"}],"replies":[{"embeddable":true,"href":"https:\/\/yasminfood.ch\/de\/wp-json\/wp\/v2\/comments?post=121713"}],"version-history":[{"count":0,"href":"https:\/\/yasminfood.ch\/de\/wp-json\/wp\/v2\/product\/121713\/revisions"}],"wp:featuredmedia":[{"embeddable":true,"href":"https:\/\/yasminfood.ch\/de\/wp-json\/wp\/v2\/media\/121715"}],"wp:attachment":[{"href":"https:\/\/yasminfood.ch\/de\/wp-json\/wp\/v2\/media?parent=121713"}],"wp:term":[{"taxonomy":"product_brand","embeddable":true,"href":"https:\/\/yasminfood.ch\/de\/wp-json\/wp\/v2\/product_brand?post=121713"},{"taxonomy":"product_cat","embeddable":true,"href":"https:\/\/yasminfood.ch\/de\/wp-json\/wp\/v2\/product_cat?post=121713"},{"taxonomy":"product_tag","embeddable":true,"href":"https:\/\/yasminfood.ch\/de\/wp-json\/wp\/v2\/product_tag?post=121713"}],"curies":[{"name":"wp","href":"https:\/\/api.w.org\/{rel}","templated":true}]}}