{"id":121718,"date":"2026-02-19T11:30:59","date_gmt":"2026-02-19T10:30:59","guid":{"rendered":"https:\/\/yasminfood.ch\/product\/er-starb-an-kardamom-nashal-brothers-500g\/"},"modified":"2026-02-19T11:43:28","modified_gmt":"2026-02-19T10:43:28","slug":"er-starb-an-kardamom-nashal-brothers-500g","status":"publish","type":"product","link":"https:\/\/yasminfood.ch\/de\/product\/er-starb-an-kardamom-nashal-brothers-500g\/","title":{"rendered":"Er starb an Kardamom \u2013 Nashal Brothers 500g"},"content":{"rendered":"<p><strong>Er starb an Kardamom \u2013 Nashal Brothers 500g<\/strong><\/p>\n<ul>\n<li>\n<div class=\"flex flex-col text-sm pb-25\">\n<article class=\"text-token-text-primary w-full focus:outline-none [--shadow-height:45px] has-data-writing-block:pointer-events-none has-data-writing-block:-mt-(--shadow-height) has-data-writing-block:pt-(--shadow-height) [&amp;:has([data-writing-block])&gt;*]:pointer-events-auto scroll-mt-[calc(var(--header-height)+min(200px,max(70px,20svh)))]\" dir=\"auto\" tabindex=\"-1\" data-turn-id=\"request-WEB:cda8b9e2-7266-4424-b5e4-84edc0b7e37b-36\" data-testid=\"conversation-turn-72\" data-scroll-anchor=\"true\" data-turn=\"assistant\">\n<div class=\"text-base my-auto mx-auto pb-10 [--thread-content-margin:--spacing(4)] @w-sm\/main:[--thread-content-margin:--spacing(6)] @w-lg\/main:[--thread-content-margin:--spacing(16)] px-(--thread-content-margin)\">\n<div class=\"[--thread-content-max-width:40rem] @w-lg\/main:[--thread-content-max-width:48rem] mx-auto max-w-(--thread-content-max-width) flex-1 group\/turn-messages focus-visible:outline-hidden relative flex w-full min-w-0 flex-col agent-turn\" tabindex=\"-1\">\n<div class=\"flex max-w-full flex-col grow\">\n<div class=\"min-h-8 text-message relative flex w-full flex-col items-end gap-2 text-start break-words whitespace-normal [.text-message+&amp;]:mt-1\" dir=\"auto\" data-message-author-role=\"assistant\" data-message-id=\"976a7fa5-58ec-47ed-8bdd-aa541391ab7e\" data-message-model-slug=\"gpt-5-2\">\n<div class=\"flex w-full flex-col gap-1 empty:hidden first:pt-[1px]\">\n<div class=\"markdown prose dark:prose-invert w-full wrap-break-word light markdown-new-styling\">\n<p data-start=\"30\" data-end=\"158\">Genie\u00dfen Sie einen unverwechselbaren Geschmack, der die sanfte S\u00fc\u00dfe von Toffee mit dem authentischen \ud83c\udf3f\u2728 arabischen Kardamomgeschmack verbindet<br data-start=\"109\" data-end=\"112\">Ein k\u00f6stliches St\u00fcck mit luxuri\u00f6sem orientalischem Flair, das zu jeder Zeit passt.<\/p>\n<p data-start=\"160\" data-end=\"173\"><strong data-start=\"160\" data-end=\"173\">Funktionen:<\/strong><\/p>\n<ul data-start=\"174\" data-end=\"336\">\n<li data-start=\"174\" data-end=\"199\">\n<p data-start=\"176\" data-end=\"199\">Klarer und k\u00f6rniger Kardamomgeschmack<\/p>\n<\/li>\n<li data-start=\"200\" data-end=\"230\">\n<p data-start=\"202\" data-end=\"230\">Weiche, glatte, mundschmelzende Textur<\/p>\n<\/li>\n<li data-start=\"231\" data-end=\"269\">\n<p data-start=\"233\" data-end=\"269\">Individuell beschichtet, um die Frische zu erhalten<\/p>\n<\/li>\n<li data-start=\"270\" data-end=\"299\">\n<p data-start=\"272\" data-end=\"299\">Ideal f\u00fcr Gastfreundschaft und Veranstaltungen<\/p>\n<\/li>\n<li data-start=\"300\" data-end=\"336\">\n<p data-start=\"302\" data-end=\"336\">Geeignet zu arabischem Kaffee und Tee \u2615<\/p>\n<\/li>\n<\/ul>\n<p data-start=\"338\" data-end=\"440\"><strong data-start=\"338\" data-end=\"357\">Vorschlag:<\/strong><br data-start=\"357\" data-end=\"360\">Servieren Sie ihn zusammen mit einer Tasse arabischen Kaffee, um den Kardamomgeschmack zu verst\u00e4rken und ein vollst\u00e4ndiges Gastfreundschaftserlebnis zu genie\u00dfen.<\/p>\n<p data-start=\"442\" data-end=\"485\" data-is-last-node=\"\" data-is-only-node=\"\">Ein traditioneller Geschmack mit modernem Touch von Nashed Brothers \ud83d\udc9a<\/p>\n<\/div>\n<\/div>\n<\/div>\n<\/div>\n<div class=\"z-0 flex min-h-[46px] justify-start\"><\/div>\n<\/div>\n<\/div>\n<\/article>\n<\/div>\n<div class=\"pointer-events-none h-px w-px absolute bottom-0\" aria-hidden=\"true\" data-edge=\"true\"><\/div>\n<\/li>\n<\/ul>\n","protected":false},"excerpt":{"rendered":"<p><strong>Er starb an Kardamom \u2013 Nashal Brothers 500g<\/strong><\/p>\n<ul>\n<li>\n<div class=\"flex flex-col text-sm pb-25\">\n<article class=\"text-token-text-primary w-full focus:outline-none [--shadow-height:45px] has-data-writing-block:pointer-events-none has-data-writing-block:-mt-(--shadow-height) has-data-writing-block:pt-(--shadow-height) [&amp;:has([data-writing-block])&gt;*]:pointer-events-auto scroll-mt-[calc(var(--header-height)+min(200px,max(70px,20svh)))]\" dir=\"auto\" tabindex=\"-1\" data-turn-id=\"request-WEB:cda8b9e2-7266-4424-b5e4-84edc0b7e37b-36\" data-testid=\"conversation-turn-72\" data-scroll-anchor=\"true\" data-turn=\"assistant\">\n<div class=\"text-base my-auto mx-auto pb-10 [--thread-content-margin:--spacing(4)] @w-sm\/main:[--thread-content-margin:--spacing(6)] @w-lg\/main:[--thread-content-margin:--spacing(16)] px-(--thread-content-margin)\">\n<div class=\"[--thread-content-max-width:40rem] @w-lg\/main:[--thread-content-max-width:48rem] mx-auto max-w-(--thread-content-max-width) flex-1 group\/turn-messages focus-visible:outline-hidden relative flex w-full min-w-0 flex-col agent-turn\" tabindex=\"-1\">\n<div class=\"flex max-w-full flex-col grow\">\n<div class=\"min-h-8 text-message relative flex w-full flex-col items-end gap-2 text-start break-words whitespace-normal [.text-message+&amp;]:mt-1\" dir=\"auto\" data-message-author-role=\"assistant\" data-message-id=\"976a7fa5-58ec-47ed-8bdd-aa541391ab7e\" data-message-model-slug=\"gpt-5-2\">\n<div class=\"flex w-full flex-col gap-1 empty:hidden first:pt-[1px]\">\n<div class=\"markdown prose dark:prose-invert w-full wrap-break-word light markdown-new-styling\">\n<p data-start=\"30\" data-end=\"158\">Genie\u00dfen Sie einen unverwechselbaren Geschmack, der die sanfte S\u00fc\u00dfe von Toffee mit dem authentischen arabischen Kardamomgeschmack verbindet<\/p>\n<p data-start=\"160\" data-end=\"173\">\n<\/div>\n<\/div>\n<\/div>\n<\/div>\n<\/div>\n<\/div>\n<\/article>\n<\/div>\n<\/li>\n<\/ul>\n","protected":false},"featured_media":121719,"comment_status":"open","ping_status":"closed","template":"","meta":[],"product_brand":[],"product_cat":[297,310],"product_tag":[],"class_list":{"0":"post-121718","1":"product","2":"type-product","3":"status-publish","4":"has-post-thumbnail","6":"product_cat-dessert-chips-2","7":"product_cat-suessigkeiten-schokolade","9":"first","10":"instock","11":"taxable","12":"shipping-taxable","13":"purchasable","14":"product-type-simple"},"yoast_head":"<!-- This site is optimized with the Yoast SEO Premium plugin v26.5 (Yoast SEO v27.3) - https:\/\/yoast.com\/product\/yoast-seo-premium-wordpress\/ -->\n<title>Er starb an Kardamom \u2013 Nashal Brothers 500g - Yasmin Food<\/title>\n<meta name=\"description\" content=\"Er starb an Kardamom \u2013 Nashal Brothers 500g Genie\u00dfen Sie einen unverwechselbaren Geschmack, der die sanfte S\u00fc\u00dfe von Toffee mit dem authentischen arabischen Kardamomgeschmack in \ud83c\udf3f\u2728einem k\u00f6stlichen St\u00fcck mit luxuri\u00f6sem orientalischem Flair verbindet, das zu jeder Zeit passt.\" \/>\n<meta name=\"robots\" content=\"index, follow, max-snippet:-1, max-image-preview:large, max-video-preview:-1\" \/>\n<link rel=\"canonical\" href=\"https:\/\/yasminfood.ch\/de\/product\/er-starb-an-kardamom-nashal-brothers-500g\/\" \/>\n<meta property=\"og:locale\" content=\"de_DE\" \/>\n<meta property=\"og:type\" content=\"article\" \/>\n<meta property=\"og:title\" content=\"Er starb an Kardamom \u2013 Nashal Brothers 500g\" \/>\n<meta property=\"og:description\" content=\"Er starb an Kardamom \u2013 Nashal Brothers 500g      Genie\u00dfen Sie einen unverwechselbaren Geschmack, der die sanfte S\u00fc\u00dfe von Toffee mit dem authentischen arabischen Kardamomgeschmack verbindet\" \/>\n<meta property=\"og:url\" content=\"https:\/\/yasminfood.ch\/de\/product\/er-starb-an-kardamom-nashal-brothers-500g\/\" \/>\n<meta property=\"og:site_name\" content=\"Yasmin Food\" \/>\n<meta property=\"article:publisher\" content=\"https:\/\/www.facebook.com\/yasminmarkt1\" \/>\n<meta property=\"article:modified_time\" content=\"2026-02-19T10:43:28+00:00\" \/>\n<meta property=\"og:image\" content=\"https:\/\/yasminfood.ch\/wp-content\/uploads\/2026\/02\/\u062a\u0648\u0641\u064a-\u0628\u0627\u0644\u0647\u064a\u0644-\u0646\u0627\u0634\u062f-\u0627\u062e\u0648\u0627\u0646.png\" \/>\n\t<meta property=\"og:image:width\" content=\"1080\" \/>\n\t<meta property=\"og:image:height\" content=\"1080\" \/>\n\t<meta property=\"og:image:type\" content=\"image\/png\" \/>\n<meta name=\"twitter:card\" content=\"summary_large_image\" \/>\n<meta name=\"twitter:label1\" content=\"Preis\" \/>\n\t<meta name=\"twitter:data1\" content=\"9.95&nbsp;&#067;&#072;&#070;\" \/>\n\t<meta name=\"twitter:label2\" content=\"Verf\u00fcgbarkeit\" \/>\n\t<meta name=\"twitter:data2\" content=\"Auf Lager\" \/>\n<script type=\"application\/ld+json\" class=\"yoast-schema-graph\">{\"@context\":\"https:\\\/\\\/schema.org\",\"@graph\":[{\"@type\":\"WebPage\",\"@id\":\"https:\\\/\\\/yasminfood.ch\\\/de\\\/product\\\/er-starb-an-kardamom-nashal-brothers-500g\\\/\",\"url\":\"https:\\\/\\\/yasminfood.ch\\\/de\\\/product\\\/er-starb-an-kardamom-nashal-brothers-500g\\\/\",\"name\":\"Er starb an Kardamom \u2013 Nashal Brothers 500g - Yasmin Food\",\"isPartOf\":{\"@id\":\"https:\\\/\\\/yasminfood.ch\\\/de\\\/#website\"},\"primaryImageOfPage\":{\"@id\":\"https:\\\/\\\/yasminfood.ch\\\/de\\\/product\\\/er-starb-an-kardamom-nashal-brothers-500g\\\/#primaryimage\"},\"image\":{\"@id\":\"https:\\\/\\\/yasminfood.ch\\\/de\\\/product\\\/er-starb-an-kardamom-nashal-brothers-500g\\\/#primaryimage\"},\"thumbnailUrl\":\"https:\\\/\\\/yasminfood.ch\\\/wp-content\\\/uploads\\\/2026\\\/02\\\/\u062a\u0648\u0641\u064a-\u0628\u0627\u0644\u0647\u064a\u0644-\u0646\u0627\u0634\u062f-\u0627\u062e\u0648\u0627\u0646.png\",\"datePublished\":\"2026-02-19T10:30:59+00:00\",\"dateModified\":\"2026-02-19T10:43:28+00:00\",\"description\":\"Er starb an Kardamom \u2013 Nashal Brothers 500g Genie\u00dfen Sie einen unverwechselbaren Geschmack, der die sanfte S\u00fc\u00dfe von Toffee mit dem authentischen arabischen Kardamomgeschmack in \ud83c\udf3f\u2728einem k\u00f6stlichen St\u00fcck mit luxuri\u00f6sem orientalischem Flair verbindet, das zu jeder Zeit passt.\",\"breadcrumb\":{\"@id\":\"https:\\\/\\\/yasminfood.ch\\\/de\\\/product\\\/er-starb-an-kardamom-nashal-brothers-500g\\\/#breadcrumb\"},\"inLanguage\":\"de\",\"potentialAction\":[{\"@type\":\"ReadAction\",\"target\":[\"https:\\\/\\\/yasminfood.ch\\\/de\\\/product\\\/er-starb-an-kardamom-nashal-brothers-500g\\\/\"]}]},{\"@type\":\"ImageObject\",\"inLanguage\":\"de\",\"@id\":\"https:\\\/\\\/yasminfood.ch\\\/de\\\/product\\\/er-starb-an-kardamom-nashal-brothers-500g\\\/#primaryimage\",\"url\":\"https:\\\/\\\/yasminfood.ch\\\/wp-content\\\/uploads\\\/2026\\\/02\\\/\u062a\u0648\u0641\u064a-\u0628\u0627\u0644\u0647\u064a\u0644-\u0646\u0627\u0634\u062f-\u0627\u062e\u0648\u0627\u0646.png\",\"contentUrl\":\"https:\\\/\\\/yasminfood.ch\\\/wp-content\\\/uploads\\\/2026\\\/02\\\/\u062a\u0648\u0641\u064a-\u0628\u0627\u0644\u0647\u064a\u0644-\u0646\u0627\u0634\u062f-\u0627\u062e\u0648\u0627\u0646.png\",\"width\":1080,\"height\":1080,\"caption\":\"Er starb an Kardamom \u2013 Nashal Brothers 500g\"},{\"@type\":\"BreadcrumbList\",\"@id\":\"https:\\\/\\\/yasminfood.ch\\\/de\\\/product\\\/er-starb-an-kardamom-nashal-brothers-500g\\\/#breadcrumb\",\"itemListElement\":[{\"@type\":\"ListItem\",\"position\":1,\"name\":\"\u0627\u0644\u0631\u0626\u064a\u0633\u064a\u0629\",\"item\":\"https:\\\/\\\/yasminfood.ch\\\/de\\\/zuhause\\\/\"},{\"@type\":\"ListItem\",\"position\":2,\"name\":\"Shop\",\"item\":\"https:\\\/\\\/yasminfood.ch\\\/de\\\/shop\\\/\"},{\"@type\":\"ListItem\",\"position\":3,\"name\":\"Er starb an Kardamom \u2013 Nashal Brothers 500g\"}]},{\"@type\":\"WebSite\",\"@id\":\"https:\\\/\\\/yasminfood.ch\\\/de\\\/#website\",\"url\":\"https:\\\/\\\/yasminfood.ch\\\/de\\\/\",\"name\":\"\u064a\u0627\u0633\u0645\u064a\u0646 \u0645\u0627\u0631\u0643\u062a\",\"description\":\"Alles, was Sie brauchen, an einem Ort\",\"publisher\":{\"@id\":\"https:\\\/\\\/yasminfood.ch\\\/de\\\/#organization\"},\"alternateName\":\"Yasmin Food\",\"potentialAction\":[{\"@type\":\"SearchAction\",\"target\":{\"@type\":\"EntryPoint\",\"urlTemplate\":\"https:\\\/\\\/yasminfood.ch\\\/de\\\/?s={search_term_string}\"},\"query-input\":{\"@type\":\"PropertyValueSpecification\",\"valueRequired\":true,\"valueName\":\"search_term_string\"}}],\"inLanguage\":\"de\"},{\"@type\":\"Organization\",\"@id\":\"https:\\\/\\\/yasminfood.ch\\\/de\\\/#organization\",\"name\":\"\u064a\u0627\u0633\u0645\u064a\u0646 \u0645\u0627\u0631\u0643\u062a\",\"alternateName\":\"Yasmin Food\",\"url\":\"https:\\\/\\\/yasminfood.ch\\\/de\\\/\",\"logo\":{\"@type\":\"ImageObject\",\"inLanguage\":\"de\",\"@id\":\"https:\\\/\\\/yasminfood.ch\\\/de\\\/#\\\/schema\\\/logo\\\/image\\\/\",\"url\":\"https:\\\/\\\/yasminfood.ch\\\/wp-content\\\/uploads\\\/2025\\\/05\\\/yasmin-food-header-logo.png\",\"contentUrl\":\"https:\\\/\\\/yasminfood.ch\\\/wp-content\\\/uploads\\\/2025\\\/05\\\/yasmin-food-header-logo.png\",\"width\":330,\"height\":120,\"caption\":\"\u064a\u0627\u0633\u0645\u064a\u0646 \u0645\u0627\u0631\u0643\u062a\"},\"image\":{\"@id\":\"https:\\\/\\\/yasminfood.ch\\\/de\\\/#\\\/schema\\\/logo\\\/image\\\/\"},\"sameAs\":[\"https:\\\/\\\/www.facebook.com\\\/yasminmarkt1\",\"https:\\\/\\\/www.tiktok.com\\\/@yasminmarkt\",\"https:\\\/\\\/www.instagram.com\\\/yasmin.markt1\\\/\",\"https:\\\/\\\/api.whatsapp.com\\\/send\\\/?phone=41799000104\"],\"publishingPrinciples\":\"https:\\\/\\\/yasminfood.ch\\\/de\\\/shop\\\/\",\"ownershipFundingInfo\":\"https:\\\/\\\/yasminfood.ch\\\/de\\\/shop\\\/\"}]}<\/script>\n<meta property=\"product:price:amount\" content=\"9.95\" \/>\n<meta property=\"product:price:currency\" content=\"CHF\" \/>\n<meta property=\"og:availability\" content=\"instock\" \/>\n<meta property=\"product:availability\" content=\"instock\" \/>\n<meta property=\"product:condition\" content=\"new\" \/>\n<!-- \/ Yoast SEO Premium plugin. -->","yoast_head_json":{"title":"Er starb an Kardamom \u2013 Nashal Brothers 500g - Yasmin Food","description":"Er starb an Kardamom \u2013 Nashal Brothers 500g Genie\u00dfen Sie einen unverwechselbaren Geschmack, der die sanfte S\u00fc\u00dfe von Toffee mit dem authentischen arabischen Kardamomgeschmack in \ud83c\udf3f\u2728einem k\u00f6stlichen St\u00fcck mit luxuri\u00f6sem orientalischem Flair verbindet, das zu jeder Zeit passt.","robots":{"index":"index","follow":"follow","max-snippet":"max-snippet:-1","max-image-preview":"max-image-preview:large","max-video-preview":"max-video-preview:-1"},"canonical":"https:\/\/yasminfood.ch\/de\/product\/er-starb-an-kardamom-nashal-brothers-500g\/","og_locale":"de_DE","og_type":"article","og_title":"Er starb an Kardamom \u2013 Nashal Brothers 500g","og_description":"Er starb an Kardamom \u2013 Nashal Brothers 500g      Genie\u00dfen Sie einen unverwechselbaren Geschmack, der die sanfte S\u00fc\u00dfe von Toffee mit dem authentischen arabischen Kardamomgeschmack verbindet","og_url":"https:\/\/yasminfood.ch\/de\/product\/er-starb-an-kardamom-nashal-brothers-500g\/","og_site_name":"Yasmin Food","article_publisher":"https:\/\/www.facebook.com\/yasminmarkt1","article_modified_time":"2026-02-19T10:43:28+00:00","og_image":[{"width":1080,"height":1080,"url":"https:\/\/yasminfood.ch\/wp-content\/uploads\/2026\/02\/\u062a\u0648\u0641\u064a-\u0628\u0627\u0644\u0647\u064a\u0644-\u0646\u0627\u0634\u062f-\u0627\u062e\u0648\u0627\u0646.png","type":"image\/png"}],"twitter_card":"summary_large_image","twitter_misc":{"Preis":"9.95&nbsp;&#67;&#72;&#70;","Verf\u00fcgbarkeit":"Auf Lager"},"schema":{"@context":"https:\/\/schema.org","@graph":[{"@type":"WebPage","@id":"https:\/\/yasminfood.ch\/de\/product\/er-starb-an-kardamom-nashal-brothers-500g\/","url":"https:\/\/yasminfood.ch\/de\/product\/er-starb-an-kardamom-nashal-brothers-500g\/","name":"Er starb an Kardamom \u2013 Nashal Brothers 500g - Yasmin Food","isPartOf":{"@id":"https:\/\/yasminfood.ch\/de\/#website"},"primaryImageOfPage":{"@id":"https:\/\/yasminfood.ch\/de\/product\/er-starb-an-kardamom-nashal-brothers-500g\/#primaryimage"},"image":{"@id":"https:\/\/yasminfood.ch\/de\/product\/er-starb-an-kardamom-nashal-brothers-500g\/#primaryimage"},"thumbnailUrl":"https:\/\/yasminfood.ch\/wp-content\/uploads\/2026\/02\/\u062a\u0648\u0641\u064a-\u0628\u0627\u0644\u0647\u064a\u0644-\u0646\u0627\u0634\u062f-\u0627\u062e\u0648\u0627\u0646.png","datePublished":"2026-02-19T10:30:59+00:00","dateModified":"2026-02-19T10:43:28+00:00","description":"Er starb an Kardamom \u2013 Nashal Brothers 500g Genie\u00dfen Sie einen unverwechselbaren Geschmack, der die sanfte S\u00fc\u00dfe von Toffee mit dem authentischen arabischen Kardamomgeschmack in \ud83c\udf3f\u2728einem k\u00f6stlichen St\u00fcck mit luxuri\u00f6sem orientalischem Flair verbindet, das zu jeder Zeit passt.","breadcrumb":{"@id":"https:\/\/yasminfood.ch\/de\/product\/er-starb-an-kardamom-nashal-brothers-500g\/#breadcrumb"},"inLanguage":"de","potentialAction":[{"@type":"ReadAction","target":["https:\/\/yasminfood.ch\/de\/product\/er-starb-an-kardamom-nashal-brothers-500g\/"]}]},{"@type":"ImageObject","inLanguage":"de","@id":"https:\/\/yasminfood.ch\/de\/product\/er-starb-an-kardamom-nashal-brothers-500g\/#primaryimage","url":"https:\/\/yasminfood.ch\/wp-content\/uploads\/2026\/02\/\u062a\u0648\u0641\u064a-\u0628\u0627\u0644\u0647\u064a\u0644-\u0646\u0627\u0634\u062f-\u0627\u062e\u0648\u0627\u0646.png","contentUrl":"https:\/\/yasminfood.ch\/wp-content\/uploads\/2026\/02\/\u062a\u0648\u0641\u064a-\u0628\u0627\u0644\u0647\u064a\u0644-\u0646\u0627\u0634\u062f-\u0627\u062e\u0648\u0627\u0646.png","width":1080,"height":1080,"caption":"Er starb an Kardamom \u2013 Nashal Brothers 500g"},{"@type":"BreadcrumbList","@id":"https:\/\/yasminfood.ch\/de\/product\/er-starb-an-kardamom-nashal-brothers-500g\/#breadcrumb","itemListElement":[{"@type":"ListItem","position":1,"name":"\u0627\u0644\u0631\u0626\u064a\u0633\u064a\u0629","item":"https:\/\/yasminfood.ch\/de\/zuhause\/"},{"@type":"ListItem","position":2,"name":"Shop","item":"https:\/\/yasminfood.ch\/de\/shop\/"},{"@type":"ListItem","position":3,"name":"Er starb an Kardamom \u2013 Nashal Brothers 500g"}]},{"@type":"WebSite","@id":"https:\/\/yasminfood.ch\/de\/#website","url":"https:\/\/yasminfood.ch\/de\/","name":"\u064a\u0627\u0633\u0645\u064a\u0646 \u0645\u0627\u0631\u0643\u062a","description":"Alles, was Sie brauchen, an einem Ort","publisher":{"@id":"https:\/\/yasminfood.ch\/de\/#organization"},"alternateName":"Yasmin Food","potentialAction":[{"@type":"SearchAction","target":{"@type":"EntryPoint","urlTemplate":"https:\/\/yasminfood.ch\/de\/?s={search_term_string}"},"query-input":{"@type":"PropertyValueSpecification","valueRequired":true,"valueName":"search_term_string"}}],"inLanguage":"de"},{"@type":"Organization","@id":"https:\/\/yasminfood.ch\/de\/#organization","name":"\u064a\u0627\u0633\u0645\u064a\u0646 \u0645\u0627\u0631\u0643\u062a","alternateName":"Yasmin Food","url":"https:\/\/yasminfood.ch\/de\/","logo":{"@type":"ImageObject","inLanguage":"de","@id":"https:\/\/yasminfood.ch\/de\/#\/schema\/logo\/image\/","url":"https:\/\/yasminfood.ch\/wp-content\/uploads\/2025\/05\/yasmin-food-header-logo.png","contentUrl":"https:\/\/yasminfood.ch\/wp-content\/uploads\/2025\/05\/yasmin-food-header-logo.png","width":330,"height":120,"caption":"\u064a\u0627\u0633\u0645\u064a\u0646 \u0645\u0627\u0631\u0643\u062a"},"image":{"@id":"https:\/\/yasminfood.ch\/de\/#\/schema\/logo\/image\/"},"sameAs":["https:\/\/www.facebook.com\/yasminmarkt1","https:\/\/www.tiktok.com\/@yasminmarkt","https:\/\/www.instagram.com\/yasmin.markt1\/","https:\/\/api.whatsapp.com\/send\/?phone=41799000104"],"publishingPrinciples":"https:\/\/yasminfood.ch\/de\/shop\/","ownershipFundingInfo":"https:\/\/yasminfood.ch\/de\/shop\/"}]},"product_price_amount":"9.95","product_price_currency":"CHF","og_availability":"instock","product_availability":"instock","product_condition":"new"},"jetpack_sharing_enabled":true,"_links":{"self":[{"href":"https:\/\/yasminfood.ch\/de\/wp-json\/wp\/v2\/product\/121718","targetHints":{"allow":["GET"]}}],"collection":[{"href":"https:\/\/yasminfood.ch\/de\/wp-json\/wp\/v2\/product"}],"about":[{"href":"https:\/\/yasminfood.ch\/de\/wp-json\/wp\/v2\/types\/product"}],"replies":[{"embeddable":true,"href":"https:\/\/yasminfood.ch\/de\/wp-json\/wp\/v2\/comments?post=121718"}],"version-history":[{"count":0,"href":"https:\/\/yasminfood.ch\/de\/wp-json\/wp\/v2\/product\/121718\/revisions"}],"wp:featuredmedia":[{"embeddable":true,"href":"https:\/\/yasminfood.ch\/de\/wp-json\/wp\/v2\/media\/121719"}],"wp:attachment":[{"href":"https:\/\/yasminfood.ch\/de\/wp-json\/wp\/v2\/media?parent=121718"}],"wp:term":[{"taxonomy":"product_brand","embeddable":true,"href":"https:\/\/yasminfood.ch\/de\/wp-json\/wp\/v2\/product_brand?post=121718"},{"taxonomy":"product_cat","embeddable":true,"href":"https:\/\/yasminfood.ch\/de\/wp-json\/wp\/v2\/product_cat?post=121718"},{"taxonomy":"product_tag","embeddable":true,"href":"https:\/\/yasminfood.ch\/de\/wp-json\/wp\/v2\/product_tag?post=121718"}],"curies":[{"name":"wp","href":"https:\/\/api.w.org\/{rel}","templated":true}]}}