{"id":121725,"date":"2026-02-19T11:27:50","date_gmt":"2026-02-19T10:27:50","guid":{"rendered":"https:\/\/yasminfood.ch\/product\/kokosnussgefuellte-schokoladensnacks-500g\/"},"modified":"2026-02-19T11:43:34","modified_gmt":"2026-02-19T10:43:34","slug":"kokosnussgefuellte-schokoladensnacks-500g","status":"publish","type":"product","link":"https:\/\/yasminfood.ch\/de\/product\/kokosnussgefuellte-schokoladensnacks-500g\/","title":{"rendered":"Kokosnussgef\u00fcllte Schokoladensnacks 500g"},"content":{"rendered":"<p><strong>Kokosnussgef\u00fcllte Schokoladensnacks 500g<\/strong><\/p>\n<ul>\n<li>\n<div class=\"flex flex-col text-sm pb-25\">\n<article class=\"text-token-text-primary w-full focus:outline-none [--shadow-height:45px] has-data-writing-block:pointer-events-none has-data-writing-block:-mt-(--shadow-height) has-data-writing-block:pt-(--shadow-height) [&amp;:has([data-writing-block])&gt;*]:pointer-events-auto scroll-mt-[calc(var(--header-height)+min(200px,max(70px,20svh)))]\" dir=\"auto\" tabindex=\"-1\" data-turn-id=\"request-WEB:cda8b9e2-7266-4424-b5e4-84edc0b7e37b-35\" data-testid=\"conversation-turn-70\" data-scroll-anchor=\"true\" data-turn=\"assistant\">\n<div class=\"text-base my-auto mx-auto pb-10 [--thread-content-margin:--spacing(4)] @w-sm\/main:[--thread-content-margin:--spacing(6)] @w-lg\/main:[--thread-content-margin:--spacing(16)] px-(--thread-content-margin)\">\n<div class=\"[--thread-content-max-width:40rem] @w-lg\/main:[--thread-content-max-width:48rem] mx-auto max-w-(--thread-content-max-width) flex-1 group\/turn-messages focus-visible:outline-hidden relative flex w-full min-w-0 flex-col agent-turn\" tabindex=\"-1\">\n<div class=\"flex max-w-full flex-col grow\">\n<div class=\"min-h-8 text-message relative flex w-full flex-col items-end gap-2 text-start break-words whitespace-normal [.text-message+&amp;]:mt-1\" dir=\"auto\" data-message-author-role=\"assistant\" data-message-id=\"a402470d-7f8f-4fe7-b96e-220c68ad3573\" data-message-model-slug=\"gpt-5-2\">\n<div class=\"flex w-full flex-col gap-1 empty:hidden first:pt-[1px]\">\n<div class=\"markdown prose dark:prose-invert w-full wrap-break-word light markdown-new-styling\">\n<p data-start=\"55\" data-end=\"203\">Genie\u00dfen Sie einen erfrischenden und reichhaltigen Geschmack, der die perfekte Kombination aus Kokosweichheit und einem k\u00f6stlichen Schokoladentouch ist.<\/p>\n<p data-start=\"55\" data-end=\"203\">Mit Geschmacksrichtungen, die alle Geschm\u00e4cker befriedigen.<\/p>\n<p data-start=\"205\" data-end=\"218\"><strong data-start=\"205\" data-end=\"218\">Funktionen:<\/strong><\/p>\n<ul data-start=\"219\" data-end=\"383\">\n<li data-start=\"219\" data-end=\"243\">\n<p data-start=\"221\" data-end=\"243\">Cremiger Kokosgeschmack<\/p>\n<\/li>\n<li data-start=\"244\" data-end=\"271\">\n<p data-start=\"246\" data-end=\"271\">Garniert mit einem k\u00f6stlichen Schokoladentopping<\/p>\n<\/li>\n<li data-start=\"272\" data-end=\"305\">\n<p data-start=\"274\" data-end=\"305\">Vielf\u00e4ltige Geschmacksrichtungen f\u00fcr jeden Geschmack<\/p>\n<\/li>\n<li data-start=\"306\" data-end=\"345\">\n<p data-start=\"308\" data-end=\"345\">Einzellaminiert f\u00fcr einfaches Tragen und Servieren<\/p>\n<\/li>\n<li data-start=\"346\" data-end=\"383\">\n<p data-start=\"348\" data-end=\"383\">Ideal f\u00fcr Gastfreundschaft oder als schneller Snack<\/p>\n<\/li>\n<\/ul>\n<p data-start=\"385\" data-end=\"429\"><strong data-start=\"385\" data-end=\"429\">Verf\u00fcgbare Geschmacksrichtungen (je nach Sortiment):<\/strong><\/p>\n<ul data-start=\"430\" data-end=\"535\">\n<li data-start=\"430\" data-end=\"453\">\n<p data-start=\"432\" data-end=\"453\">Klassische Kokosnuss<\/p>\n<\/li>\n<li data-start=\"454\" data-end=\"479\">\n<p data-start=\"456\" data-end=\"479\">Schokoladen-Kokosnuss<\/p>\n<\/li>\n<li data-start=\"480\" data-end=\"501\">\n<p data-start=\"482\" data-end=\"501\">Kokosnuss mit Milch<\/p>\n<\/li>\n<li data-start=\"502\" data-end=\"535\">\n<p data-start=\"504\" data-end=\"535\">Spezielle Geschmacksrichtungen f\u00fcr Kinder mit einem spa\u00dfigen Design<\/p>\n<\/li>\n<\/ul>\n<p data-start=\"537\" data-end=\"592\" data-is-last-node=\"\" data-is-only-node=\"\">Eine k\u00f6stliche Option f\u00fcr Kokosliebhaber und ein typischer Hauch allt\u00e4glicher S\u00fc\u00dfe! \ud83e\udd65\ud83c\udf6b <\/p>\n<\/div>\n<\/div>\n<\/div>\n<\/div>\n<div class=\"z-0 flex min-h-[46px] justify-start\"><\/div>\n<\/div>\n<\/div>\n<\/article>\n<\/div>\n<div class=\"pointer-events-none h-px w-px absolute bottom-0\" aria-hidden=\"true\" data-edge=\"true\"><\/div>\n<\/li>\n<\/ul>\n","protected":false},"excerpt":{"rendered":"<p><strong>Kokosnussgef\u00fcllte Schokoladensnacks 500g<\/strong><\/p>\n<ul>\n<li>\n<div class=\"flex flex-col text-sm pb-25\">\n<article class=\"text-token-text-primary w-full focus:outline-none [--shadow-height:45px] has-data-writing-block:pointer-events-none has-data-writing-block:-mt-(--shadow-height) has-data-writing-block:pt-(--shadow-height) [&amp;:has([data-writing-block])&gt;*]:pointer-events-auto scroll-mt-[calc(var(--header-height)+min(200px,max(70px,20svh)))]\" dir=\"auto\" tabindex=\"-1\" data-turn-id=\"request-WEB:cda8b9e2-7266-4424-b5e4-84edc0b7e37b-35\" data-testid=\"conversation-turn-70\" data-scroll-anchor=\"true\" data-turn=\"assistant\">\n<div class=\"text-base my-auto mx-auto pb-10 [--thread-content-margin:--spacing(4)] @w-sm\/main:[--thread-content-margin:--spacing(6)] @w-lg\/main:[--thread-content-margin:--spacing(16)] px-(--thread-content-margin)\">\n<div class=\"[--thread-content-max-width:40rem] @w-lg\/main:[--thread-content-max-width:48rem] mx-auto max-w-(--thread-content-max-width) flex-1 group\/turn-messages focus-visible:outline-hidden relative flex w-full min-w-0 flex-col agent-turn\" tabindex=\"-1\">\n<div class=\"flex max-w-full flex-col grow\">\n<div class=\"min-h-8 text-message relative flex w-full flex-col items-end gap-2 text-start break-words whitespace-normal [.text-message+&amp;]:mt-1\" dir=\"auto\" data-message-author-role=\"assistant\" data-message-id=\"a402470d-7f8f-4fe7-b96e-220c68ad3573\" data-message-model-slug=\"gpt-5-2\">\n<div class=\"flex w-full flex-col gap-1 empty:hidden first:pt-[1px]\">\n<div class=\"markdown prose dark:prose-invert w-full wrap-break-word light markdown-new-styling\">\n<p data-start=\"55\" data-end=\"203\">Genie\u00dfen Sie einen erfrischenden und reichhaltigen Geschmack, der die perfekte Kombination aus Kokosweichheit und einem k\u00f6stlichen Schokoladen-Touch ist \u2013 mit Aromen, die jeden Gaumen zufriedenstellen. <\/p>\n<p data-start=\"205\" data-end=\"218\">\n<\/div>\n<\/div>\n<\/div>\n<\/div>\n<\/div>\n<\/div>\n<\/article>\n<\/div>\n<\/li>\n<\/ul>\n","protected":false},"featured_media":121726,"comment_status":"open","ping_status":"closed","template":"","meta":[],"product_brand":[],"product_cat":[297,310],"product_tag":[],"class_list":{"0":"post-121725","1":"product","2":"type-product","3":"status-publish","4":"has-post-thumbnail","6":"product_cat-dessert-chips-2","7":"product_cat-suessigkeiten-schokolade","9":"first","10":"outofstock","11":"taxable","12":"shipping-taxable","13":"purchasable","14":"product-type-simple"},"yoast_head":"<!-- This site is optimized with the Yoast SEO Premium plugin v26.5 (Yoast SEO v27.4) - https:\/\/yoast.com\/product\/yoast-seo-premium-wordpress\/ -->\n<title>Kokosnussgef\u00fcllte Schokoladensnacks 500g - Yasmin Food<\/title>\n<meta name=\"description\" content=\"Kokosnussgef\u00fcllte Schokoladensnacks 500g Genie\u00dfen Sie einen erfrischenden und reichhaltigen Geschmack Die perfekte Kombination aus Kokosnussweichheit und einer k\u00f6stlichen Schokoladennote, mit Aromen, die jeden Gaumen zufriedenstellen.\" \/>\n<meta name=\"robots\" content=\"index, follow, max-snippet:-1, max-image-preview:large, max-video-preview:-1\" \/>\n<link rel=\"canonical\" href=\"https:\/\/yasminfood.ch\/de\/product\/kokosnussgefuellte-schokoladensnacks-500g\/\" \/>\n<meta property=\"og:locale\" content=\"de_DE\" \/>\n<meta property=\"og:type\" content=\"article\" \/>\n<meta property=\"og:title\" content=\"Kokosnussgef\u00fcllte Schokoladensnacks 500g\" \/>\n<meta property=\"og:description\" content=\"Kokosnussgef\u00fcllte Schokoladensnacks 500g      Genie\u00dfen Sie einen erfrischenden und reichhaltigen Geschmack, der die perfekte Kombination aus Kokosweichheit und einem k\u00f6stlichen Schokoladen-Touch ist \u2013 mit Aromen, die jeden Gaumen zufriedenstellen.\" \/>\n<meta property=\"og:url\" content=\"https:\/\/yasminfood.ch\/de\/product\/kokosnussgefuellte-schokoladensnacks-500g\/\" \/>\n<meta property=\"og:site_name\" content=\"Yasmin Food\" \/>\n<meta property=\"article:publisher\" content=\"https:\/\/www.facebook.com\/yasminmarkt1\" \/>\n<meta property=\"article:modified_time\" content=\"2026-02-19T10:43:34+00:00\" \/>\n<meta property=\"og:image\" content=\"https:\/\/yasminfood.ch\/wp-content\/uploads\/2026\/02\/82637946_1485396034951719_694589567172345856_n.jpg\" \/>\n\t<meta property=\"og:image:width\" content=\"960\" \/>\n\t<meta property=\"og:image:height\" content=\"960\" \/>\n\t<meta property=\"og:image:type\" content=\"image\/jpeg\" \/>\n<meta name=\"twitter:card\" content=\"summary_large_image\" \/>\n<meta name=\"twitter:label1\" content=\"Preis\" \/>\n\t<meta name=\"twitter:data1\" content=\"9.95&nbsp;&#067;&#072;&#070;\" \/>\n\t<meta name=\"twitter:label2\" content=\"Verf\u00fcgbarkeit\" \/>\n\t<meta name=\"twitter:data2\" content=\"ausverkauft\" \/>\n<script type=\"application\/ld+json\" class=\"yoast-schema-graph\">{\"@context\":\"https:\\\/\\\/schema.org\",\"@graph\":[{\"@type\":\"WebPage\",\"@id\":\"https:\\\/\\\/yasminfood.ch\\\/de\\\/product\\\/kokosnussgefuellte-schokoladensnacks-500g\\\/\",\"url\":\"https:\\\/\\\/yasminfood.ch\\\/de\\\/product\\\/kokosnussgefuellte-schokoladensnacks-500g\\\/\",\"name\":\"Kokosnussgef\u00fcllte Schokoladensnacks 500g - Yasmin Food\",\"isPartOf\":{\"@id\":\"https:\\\/\\\/yasminfood.ch\\\/de\\\/#website\"},\"primaryImageOfPage\":{\"@id\":\"https:\\\/\\\/yasminfood.ch\\\/de\\\/product\\\/kokosnussgefuellte-schokoladensnacks-500g\\\/#primaryimage\"},\"image\":{\"@id\":\"https:\\\/\\\/yasminfood.ch\\\/de\\\/product\\\/kokosnussgefuellte-schokoladensnacks-500g\\\/#primaryimage\"},\"thumbnailUrl\":\"https:\\\/\\\/yasminfood.ch\\\/wp-content\\\/uploads\\\/2026\\\/02\\\/82637946_1485396034951719_694589567172345856_n.jpg\",\"datePublished\":\"2026-02-19T10:27:50+00:00\",\"dateModified\":\"2026-02-19T10:43:34+00:00\",\"description\":\"Kokosnussgef\u00fcllte Schokoladensnacks 500g Genie\u00dfen Sie einen erfrischenden und reichhaltigen Geschmack Die perfekte Kombination aus Kokosnussweichheit und einer k\u00f6stlichen Schokoladennote, mit Aromen, die jeden Gaumen zufriedenstellen.\",\"breadcrumb\":{\"@id\":\"https:\\\/\\\/yasminfood.ch\\\/de\\\/product\\\/kokosnussgefuellte-schokoladensnacks-500g\\\/#breadcrumb\"},\"inLanguage\":\"de\",\"potentialAction\":[{\"@type\":\"ReadAction\",\"target\":[\"https:\\\/\\\/yasminfood.ch\\\/de\\\/product\\\/kokosnussgefuellte-schokoladensnacks-500g\\\/\"]}]},{\"@type\":\"ImageObject\",\"inLanguage\":\"de\",\"@id\":\"https:\\\/\\\/yasminfood.ch\\\/de\\\/product\\\/kokosnussgefuellte-schokoladensnacks-500g\\\/#primaryimage\",\"url\":\"https:\\\/\\\/yasminfood.ch\\\/wp-content\\\/uploads\\\/2026\\\/02\\\/82637946_1485396034951719_694589567172345856_n.jpg\",\"contentUrl\":\"https:\\\/\\\/yasminfood.ch\\\/wp-content\\\/uploads\\\/2026\\\/02\\\/82637946_1485396034951719_694589567172345856_n.jpg\",\"width\":960,\"height\":960,\"caption\":\"Kokosnussgef\u00fcllte Schokoladensnacks 500g\"},{\"@type\":\"BreadcrumbList\",\"@id\":\"https:\\\/\\\/yasminfood.ch\\\/de\\\/product\\\/kokosnussgefuellte-schokoladensnacks-500g\\\/#breadcrumb\",\"itemListElement\":[{\"@type\":\"ListItem\",\"position\":1,\"name\":\"\u0627\u0644\u0631\u0626\u064a\u0633\u064a\u0629\",\"item\":\"https:\\\/\\\/yasminfood.ch\\\/de\\\/zuhause\\\/\"},{\"@type\":\"ListItem\",\"position\":2,\"name\":\"Shop\",\"item\":\"https:\\\/\\\/yasminfood.ch\\\/de\\\/shop\\\/\"},{\"@type\":\"ListItem\",\"position\":3,\"name\":\"Dessert &amp; Chips\",\"item\":\"https:\\\/\\\/yasminfood.ch\\\/de\\\/produkt-kategorie\\\/dessert-chips-2\\\/\"},{\"@type\":\"ListItem\",\"position\":4,\"name\":\"S\u00fc\u00dfigkeiten - Schokolade\",\"item\":\"https:\\\/\\\/yasminfood.ch\\\/de\\\/produkt-kategorie\\\/dessert-chips-2\\\/suessigkeiten-schokolade\\\/\"},{\"@type\":\"ListItem\",\"position\":5,\"name\":\"Kokosnussgef\u00fcllte Schokoladensnacks 500g\"}]},{\"@type\":\"WebSite\",\"@id\":\"https:\\\/\\\/yasminfood.ch\\\/de\\\/#website\",\"url\":\"https:\\\/\\\/yasminfood.ch\\\/de\\\/\",\"name\":\"\u064a\u0627\u0633\u0645\u064a\u0646 \u0645\u0627\u0631\u0643\u062a\",\"description\":\"Alles, was Sie brauchen, an einem Ort\",\"publisher\":{\"@id\":\"https:\\\/\\\/yasminfood.ch\\\/de\\\/#organization\"},\"alternateName\":\"Yasmin Food\",\"potentialAction\":[{\"@type\":\"SearchAction\",\"target\":{\"@type\":\"EntryPoint\",\"urlTemplate\":\"https:\\\/\\\/yasminfood.ch\\\/de\\\/?s={search_term_string}\"},\"query-input\":{\"@type\":\"PropertyValueSpecification\",\"valueRequired\":true,\"valueName\":\"search_term_string\"}}],\"inLanguage\":\"de\"},{\"@type\":\"Organization\",\"@id\":\"https:\\\/\\\/yasminfood.ch\\\/de\\\/#organization\",\"name\":\"\u064a\u0627\u0633\u0645\u064a\u0646 \u0645\u0627\u0631\u0643\u062a\",\"alternateName\":\"Yasmin Food\",\"url\":\"https:\\\/\\\/yasminfood.ch\\\/de\\\/\",\"logo\":{\"@type\":\"ImageObject\",\"inLanguage\":\"de\",\"@id\":\"https:\\\/\\\/yasminfood.ch\\\/de\\\/#\\\/schema\\\/logo\\\/image\\\/\",\"url\":\"https:\\\/\\\/yasminfood.ch\\\/wp-content\\\/uploads\\\/2025\\\/05\\\/yasmin-food-header-logo.png\",\"contentUrl\":\"https:\\\/\\\/yasminfood.ch\\\/wp-content\\\/uploads\\\/2025\\\/05\\\/yasmin-food-header-logo.png\",\"width\":330,\"height\":120,\"caption\":\"\u064a\u0627\u0633\u0645\u064a\u0646 \u0645\u0627\u0631\u0643\u062a\"},\"image\":{\"@id\":\"https:\\\/\\\/yasminfood.ch\\\/de\\\/#\\\/schema\\\/logo\\\/image\\\/\"},\"sameAs\":[\"https:\\\/\\\/www.facebook.com\\\/yasminmarkt1\",\"https:\\\/\\\/www.tiktok.com\\\/@yasminmarkt\",\"https:\\\/\\\/www.instagram.com\\\/yasmin.markt1\\\/\",\"https:\\\/\\\/api.whatsapp.com\\\/send\\\/?phone=41799000104\"],\"publishingPrinciples\":\"https:\\\/\\\/yasminfood.ch\\\/de\\\/shop\\\/\",\"ownershipFundingInfo\":\"https:\\\/\\\/yasminfood.ch\\\/de\\\/shop\\\/\"}]}<\/script>\n<meta property=\"product:price:amount\" content=\"9.95\" \/>\n<meta property=\"product:price:currency\" content=\"CHF\" \/>\n<meta property=\"og:availability\" content=\"out of stock\" \/>\n<meta property=\"product:availability\" content=\"out of stock\" \/>\n<meta property=\"product:condition\" content=\"new\" \/>\n<!-- \/ Yoast SEO Premium plugin. -->","yoast_head_json":{"title":"Kokosnussgef\u00fcllte Schokoladensnacks 500g - Yasmin Food","description":"Kokosnussgef\u00fcllte Schokoladensnacks 500g Genie\u00dfen Sie einen erfrischenden und reichhaltigen Geschmack Die perfekte Kombination aus Kokosnussweichheit und einer k\u00f6stlichen Schokoladennote, mit Aromen, die jeden Gaumen zufriedenstellen.","robots":{"index":"index","follow":"follow","max-snippet":"max-snippet:-1","max-image-preview":"max-image-preview:large","max-video-preview":"max-video-preview:-1"},"canonical":"https:\/\/yasminfood.ch\/de\/product\/kokosnussgefuellte-schokoladensnacks-500g\/","og_locale":"de_DE","og_type":"article","og_title":"Kokosnussgef\u00fcllte Schokoladensnacks 500g","og_description":"Kokosnussgef\u00fcllte Schokoladensnacks 500g      Genie\u00dfen Sie einen erfrischenden und reichhaltigen Geschmack, der die perfekte Kombination aus Kokosweichheit und einem k\u00f6stlichen Schokoladen-Touch ist \u2013 mit Aromen, die jeden Gaumen zufriedenstellen.","og_url":"https:\/\/yasminfood.ch\/de\/product\/kokosnussgefuellte-schokoladensnacks-500g\/","og_site_name":"Yasmin Food","article_publisher":"https:\/\/www.facebook.com\/yasminmarkt1","article_modified_time":"2026-02-19T10:43:34+00:00","og_image":[{"width":960,"height":960,"url":"https:\/\/yasminfood.ch\/wp-content\/uploads\/2026\/02\/82637946_1485396034951719_694589567172345856_n.jpg","type":"image\/jpeg"}],"twitter_card":"summary_large_image","twitter_misc":{"Preis":"9.95&nbsp;&#67;&#72;&#70;","Verf\u00fcgbarkeit":"ausverkauft"},"schema":{"@context":"https:\/\/schema.org","@graph":[{"@type":"WebPage","@id":"https:\/\/yasminfood.ch\/de\/product\/kokosnussgefuellte-schokoladensnacks-500g\/","url":"https:\/\/yasminfood.ch\/de\/product\/kokosnussgefuellte-schokoladensnacks-500g\/","name":"Kokosnussgef\u00fcllte Schokoladensnacks 500g - Yasmin Food","isPartOf":{"@id":"https:\/\/yasminfood.ch\/de\/#website"},"primaryImageOfPage":{"@id":"https:\/\/yasminfood.ch\/de\/product\/kokosnussgefuellte-schokoladensnacks-500g\/#primaryimage"},"image":{"@id":"https:\/\/yasminfood.ch\/de\/product\/kokosnussgefuellte-schokoladensnacks-500g\/#primaryimage"},"thumbnailUrl":"https:\/\/yasminfood.ch\/wp-content\/uploads\/2026\/02\/82637946_1485396034951719_694589567172345856_n.jpg","datePublished":"2026-02-19T10:27:50+00:00","dateModified":"2026-02-19T10:43:34+00:00","description":"Kokosnussgef\u00fcllte Schokoladensnacks 500g Genie\u00dfen Sie einen erfrischenden und reichhaltigen Geschmack Die perfekte Kombination aus Kokosnussweichheit und einer k\u00f6stlichen Schokoladennote, mit Aromen, die jeden Gaumen zufriedenstellen.","breadcrumb":{"@id":"https:\/\/yasminfood.ch\/de\/product\/kokosnussgefuellte-schokoladensnacks-500g\/#breadcrumb"},"inLanguage":"de","potentialAction":[{"@type":"ReadAction","target":["https:\/\/yasminfood.ch\/de\/product\/kokosnussgefuellte-schokoladensnacks-500g\/"]}]},{"@type":"ImageObject","inLanguage":"de","@id":"https:\/\/yasminfood.ch\/de\/product\/kokosnussgefuellte-schokoladensnacks-500g\/#primaryimage","url":"https:\/\/yasminfood.ch\/wp-content\/uploads\/2026\/02\/82637946_1485396034951719_694589567172345856_n.jpg","contentUrl":"https:\/\/yasminfood.ch\/wp-content\/uploads\/2026\/02\/82637946_1485396034951719_694589567172345856_n.jpg","width":960,"height":960,"caption":"Kokosnussgef\u00fcllte Schokoladensnacks 500g"},{"@type":"BreadcrumbList","@id":"https:\/\/yasminfood.ch\/de\/product\/kokosnussgefuellte-schokoladensnacks-500g\/#breadcrumb","itemListElement":[{"@type":"ListItem","position":1,"name":"\u0627\u0644\u0631\u0626\u064a\u0633\u064a\u0629","item":"https:\/\/yasminfood.ch\/de\/zuhause\/"},{"@type":"ListItem","position":2,"name":"Shop","item":"https:\/\/yasminfood.ch\/de\/shop\/"},{"@type":"ListItem","position":3,"name":"Dessert &amp; Chips","item":"https:\/\/yasminfood.ch\/de\/produkt-kategorie\/dessert-chips-2\/"},{"@type":"ListItem","position":4,"name":"S\u00fc\u00dfigkeiten - Schokolade","item":"https:\/\/yasminfood.ch\/de\/produkt-kategorie\/dessert-chips-2\/suessigkeiten-schokolade\/"},{"@type":"ListItem","position":5,"name":"Kokosnussgef\u00fcllte Schokoladensnacks 500g"}]},{"@type":"WebSite","@id":"https:\/\/yasminfood.ch\/de\/#website","url":"https:\/\/yasminfood.ch\/de\/","name":"\u064a\u0627\u0633\u0645\u064a\u0646 \u0645\u0627\u0631\u0643\u062a","description":"Alles, was Sie brauchen, an einem Ort","publisher":{"@id":"https:\/\/yasminfood.ch\/de\/#organization"},"alternateName":"Yasmin Food","potentialAction":[{"@type":"SearchAction","target":{"@type":"EntryPoint","urlTemplate":"https:\/\/yasminfood.ch\/de\/?s={search_term_string}"},"query-input":{"@type":"PropertyValueSpecification","valueRequired":true,"valueName":"search_term_string"}}],"inLanguage":"de"},{"@type":"Organization","@id":"https:\/\/yasminfood.ch\/de\/#organization","name":"\u064a\u0627\u0633\u0645\u064a\u0646 \u0645\u0627\u0631\u0643\u062a","alternateName":"Yasmin Food","url":"https:\/\/yasminfood.ch\/de\/","logo":{"@type":"ImageObject","inLanguage":"de","@id":"https:\/\/yasminfood.ch\/de\/#\/schema\/logo\/image\/","url":"https:\/\/yasminfood.ch\/wp-content\/uploads\/2025\/05\/yasmin-food-header-logo.png","contentUrl":"https:\/\/yasminfood.ch\/wp-content\/uploads\/2025\/05\/yasmin-food-header-logo.png","width":330,"height":120,"caption":"\u064a\u0627\u0633\u0645\u064a\u0646 \u0645\u0627\u0631\u0643\u062a"},"image":{"@id":"https:\/\/yasminfood.ch\/de\/#\/schema\/logo\/image\/"},"sameAs":["https:\/\/www.facebook.com\/yasminmarkt1","https:\/\/www.tiktok.com\/@yasminmarkt","https:\/\/www.instagram.com\/yasmin.markt1\/","https:\/\/api.whatsapp.com\/send\/?phone=41799000104"],"publishingPrinciples":"https:\/\/yasminfood.ch\/de\/shop\/","ownershipFundingInfo":"https:\/\/yasminfood.ch\/de\/shop\/"}]},"product_price_amount":"9.95","product_price_currency":"CHF","og_availability":"out of stock","product_availability":"out of stock","product_condition":"new"},"jetpack_sharing_enabled":true,"_links":{"self":[{"href":"https:\/\/yasminfood.ch\/de\/wp-json\/wp\/v2\/product\/121725","targetHints":{"allow":["GET"]}}],"collection":[{"href":"https:\/\/yasminfood.ch\/de\/wp-json\/wp\/v2\/product"}],"about":[{"href":"https:\/\/yasminfood.ch\/de\/wp-json\/wp\/v2\/types\/product"}],"replies":[{"embeddable":true,"href":"https:\/\/yasminfood.ch\/de\/wp-json\/wp\/v2\/comments?post=121725"}],"version-history":[{"count":0,"href":"https:\/\/yasminfood.ch\/de\/wp-json\/wp\/v2\/product\/121725\/revisions"}],"wp:featuredmedia":[{"embeddable":true,"href":"https:\/\/yasminfood.ch\/de\/wp-json\/wp\/v2\/media\/121726"}],"wp:attachment":[{"href":"https:\/\/yasminfood.ch\/de\/wp-json\/wp\/v2\/media?parent=121725"}],"wp:term":[{"taxonomy":"product_brand","embeddable":true,"href":"https:\/\/yasminfood.ch\/de\/wp-json\/wp\/v2\/product_brand?post=121725"},{"taxonomy":"product_cat","embeddable":true,"href":"https:\/\/yasminfood.ch\/de\/wp-json\/wp\/v2\/product_cat?post=121725"},{"taxonomy":"product_tag","embeddable":true,"href":"https:\/\/yasminfood.ch\/de\/wp-json\/wp\/v2\/product_tag?post=121725"}],"curies":[{"name":"wp","href":"https:\/\/api.w.org\/{rel}","templated":true}]}}