{"id":121770,"date":"2026-02-19T21:21:12","date_gmt":"2026-02-19T20:21:12","guid":{"rendered":"https:\/\/yasminfood.ch\/product\/pistazien-rundauflage-watfa-500g\/"},"modified":"2026-02-19T21:51:53","modified_gmt":"2026-02-19T20:51:53","slug":"pistazien-rundauflage-watfa-500g","status":"publish","type":"product","link":"https:\/\/yasminfood.ch\/de\/product\/pistazien-rundauflage-watfa-500g\/","title":{"rendered":"Pistazien-Rundauflage \u2013 Watfa 500g"},"content":{"rendered":"<p><strong>Pistazien-Rundauflage \u2013 Watfa 500g<\/strong><\/p>\n<ul>\n<li>\n<p data-start=\"73\" data-end=\"329\">Ein luxuri\u00f6ser orientalischer Komfort in einer markanten runden Form, zubereitet mit den feinsten Pistazien <\/p>\n<\/li>\n<li>\n<p data-start=\"73\" data-end=\"329\">Vollkorn- und dichte K\u00f6rner umh\u00fcllen jedes St\u00fcck mit einem reichen Geschmack und einer weichen, auf der Zunge schmelzenden Textur.<\/p>\n<\/li>\n<li>\n<p data-start=\"73\" data-end=\"329\">Sie verbindet elegante Form mit authentischem Geschmack und ist die ideale Wahl f\u00fcr gehobene Gastfreundschaft und Pr\u00e4sentation zu besonderen Anl\u00e4ssen. <\/p>\n<p data-start=\"331\" data-end=\"346\"><strong data-start=\"331\" data-end=\"344\">Funktionen:<\/strong><\/p>\n<ul data-start=\"347\" data-end=\"451\">\n<li data-start=\"347\" data-end=\"377\">\n<p data-start=\"349\" data-end=\"377\">Luxuri\u00f6se Pistazien in hohem Prozentsatz<\/p>\n<\/li>\n<li data-start=\"378\" data-end=\"402\">\n<p data-start=\"380\" data-end=\"402\">Schlanke und attraktive, runde Form<\/p>\n<\/li>\n<li data-start=\"403\" data-end=\"423\">\n<p data-start=\"405\" data-end=\"423\">Weiche und koh\u00e4sive Textur<\/p>\n<\/li>\n<li data-start=\"424\" data-end=\"451\">\n<p data-start=\"426\" data-end=\"451\">Ideal f\u00fcr Gastfreundschaft und Geschenke<\/p>\n<\/li>\n<\/ul>\n<p data-start=\"453\" data-end=\"549\" data-is-last-node=\"\" data-is-only-node=\"\">\n<\/li>\n<\/ul>\n","protected":false},"excerpt":{"rendered":"<p><strong>Pistazien-Rundauflage \u2013 Watfa 500g<\/strong><\/p>\n<ul>\n<li>\n<p data-start=\"73\" data-end=\"329\">Ein luxuri\u00f6ser orientalischer Komfort in einer markanten runden Form, zubereitet mit den feinsten Pistazien <\/p>\n<\/li>\n<li>\n<p data-start=\"73\" data-end=\"329\">Vollkorn- und dichte K\u00f6rner umh\u00fcllen jedes St\u00fcck mit einem reichen Geschmack und einer weichen, auf der Zunge schmelzenden Textur.<\/p>\n<\/li>\n<\/ul>\n","protected":false},"featured_media":121773,"comment_status":"open","ping_status":"closed","template":"","meta":[],"product_brand":[],"product_cat":[301,297],"product_tag":[],"class_list":{"0":"post-121770","1":"product","2":"type-product","3":"status-publish","4":"has-post-thumbnail","6":"product_cat-arabische-suessigkeiten","7":"product_cat-dessert-chips-2","9":"first","10":"instock","11":"taxable","12":"shipping-taxable","13":"purchasable","14":"product-type-simple"},"yoast_head":"<!-- This site is optimized with the Yoast SEO Premium plugin v26.5 (Yoast SEO v27.3) - https:\/\/yoast.com\/product\/yoast-seo-premium-wordpress\/ -->\n<title>Pistazien-Rundauflage \u2013 Watfa 500g - Yasmin Food<\/title>\n<meta name=\"description\" content=\"Pistazien-Rundauflage \u2013 Watfa 500g Luxuri\u00f6ser orientalischer Komfort in einer markanten runden Form, zubereitet mit den feinsten Pistazien-Sorten sowie Voll- und Dichtk\u00f6rnern, die jedes St\u00fcck mit einem reichen Geschmack und einer weichen Textur umh\u00fcllen\" \/>\n<meta name=\"robots\" content=\"index, follow, max-snippet:-1, max-image-preview:large, max-video-preview:-1\" \/>\n<link rel=\"canonical\" href=\"https:\/\/yasminfood.ch\/de\/product\/pistazien-rundauflage-watfa-500g\/\" \/>\n<meta property=\"og:locale\" content=\"de_DE\" \/>\n<meta property=\"og:type\" content=\"article\" \/>\n<meta property=\"og:title\" content=\"Pistazien-Rundauflage \u2013 Watfa 500g\" \/>\n<meta property=\"og:description\" content=\"Pistazien-Rundauflage \u2013 Watfa 500g   Ein luxuri\u00f6ser orientalischer Komfort in einer markanten runden Form, zubereitet mit den feinsten Pistazien   Vollkorn- und dichte K\u00f6rner umh\u00fcllen jedes St\u00fcck mit einem reichen Geschmack und einer weichen, auf der Zunge schmelzenden Textur.\" \/>\n<meta property=\"og:url\" content=\"https:\/\/yasminfood.ch\/de\/product\/pistazien-rundauflage-watfa-500g\/\" \/>\n<meta property=\"og:site_name\" content=\"Yasmin Food\" \/>\n<meta property=\"article:publisher\" content=\"https:\/\/www.facebook.com\/yasminmarkt1\" \/>\n<meta property=\"article:modified_time\" content=\"2026-02-19T20:51:53+00:00\" \/>\n<meta property=\"og:image\" content=\"https:\/\/yasminfood.ch\/wp-content\/uploads\/2026\/02\/\u0631\u0627\u062d\u0629-\u062f\u0627\u0626\u0631\u064a\u0629-\u0648\u0637\u0641\u0629-1-\u0643\u063a.png\" \/>\n\t<meta property=\"og:image:width\" content=\"1080\" \/>\n\t<meta property=\"og:image:height\" content=\"1080\" \/>\n\t<meta property=\"og:image:type\" content=\"image\/png\" \/>\n<meta name=\"twitter:card\" content=\"summary_large_image\" \/>\n<meta name=\"twitter:label1\" content=\"Preis\" \/>\n\t<meta name=\"twitter:data1\" content=\"19.00&nbsp;&#067;&#072;&#070;\" \/>\n\t<meta name=\"twitter:label2\" content=\"Verf\u00fcgbarkeit\" \/>\n\t<meta name=\"twitter:data2\" content=\"Auf Lager\" \/>\n<script type=\"application\/ld+json\" class=\"yoast-schema-graph\">{\"@context\":\"https:\\\/\\\/schema.org\",\"@graph\":[{\"@type\":\"WebPage\",\"@id\":\"https:\\\/\\\/yasminfood.ch\\\/de\\\/product\\\/pistazien-rundauflage-watfa-500g\\\/\",\"url\":\"https:\\\/\\\/yasminfood.ch\\\/de\\\/product\\\/pistazien-rundauflage-watfa-500g\\\/\",\"name\":\"Pistazien-Rundauflage \u2013 Watfa 500g - Yasmin Food\",\"isPartOf\":{\"@id\":\"https:\\\/\\\/yasminfood.ch\\\/de\\\/#website\"},\"primaryImageOfPage\":{\"@id\":\"https:\\\/\\\/yasminfood.ch\\\/de\\\/product\\\/pistazien-rundauflage-watfa-500g\\\/#primaryimage\"},\"image\":{\"@id\":\"https:\\\/\\\/yasminfood.ch\\\/de\\\/product\\\/pistazien-rundauflage-watfa-500g\\\/#primaryimage\"},\"thumbnailUrl\":\"https:\\\/\\\/yasminfood.ch\\\/wp-content\\\/uploads\\\/2026\\\/02\\\/\u0631\u0627\u062d\u0629-\u062f\u0627\u0626\u0631\u064a\u0629-\u0648\u0637\u0641\u0629-1-\u0643\u063a.png\",\"datePublished\":\"2026-02-19T20:21:12+00:00\",\"dateModified\":\"2026-02-19T20:51:53+00:00\",\"description\":\"Pistazien-Rundauflage \u2013 Watfa 500g Luxuri\u00f6ser orientalischer Komfort in einer markanten runden Form, zubereitet mit den feinsten Pistazien-Sorten sowie Voll- und Dichtk\u00f6rnern, die jedes St\u00fcck mit einem reichen Geschmack und einer weichen Textur umh\u00fcllen\",\"breadcrumb\":{\"@id\":\"https:\\\/\\\/yasminfood.ch\\\/de\\\/product\\\/pistazien-rundauflage-watfa-500g\\\/#breadcrumb\"},\"inLanguage\":\"de\",\"potentialAction\":[{\"@type\":\"ReadAction\",\"target\":[\"https:\\\/\\\/yasminfood.ch\\\/de\\\/product\\\/pistazien-rundauflage-watfa-500g\\\/\"]}]},{\"@type\":\"ImageObject\",\"inLanguage\":\"de\",\"@id\":\"https:\\\/\\\/yasminfood.ch\\\/de\\\/product\\\/pistazien-rundauflage-watfa-500g\\\/#primaryimage\",\"url\":\"https:\\\/\\\/yasminfood.ch\\\/wp-content\\\/uploads\\\/2026\\\/02\\\/\u0631\u0627\u062d\u0629-\u062f\u0627\u0626\u0631\u064a\u0629-\u0648\u0637\u0641\u0629-1-\u0643\u063a.png\",\"contentUrl\":\"https:\\\/\\\/yasminfood.ch\\\/wp-content\\\/uploads\\\/2026\\\/02\\\/\u0631\u0627\u062d\u0629-\u062f\u0627\u0626\u0631\u064a\u0629-\u0648\u0637\u0641\u0629-1-\u0643\u063a.png\",\"width\":1080,\"height\":1080,\"caption\":\"Pistazien-Rundauflage \u2013 Watfa 500g\"},{\"@type\":\"BreadcrumbList\",\"@id\":\"https:\\\/\\\/yasminfood.ch\\\/de\\\/product\\\/pistazien-rundauflage-watfa-500g\\\/#breadcrumb\",\"itemListElement\":[{\"@type\":\"ListItem\",\"position\":1,\"name\":\"\u0627\u0644\u0631\u0626\u064a\u0633\u064a\u0629\",\"item\":\"https:\\\/\\\/yasminfood.ch\\\/de\\\/zuhause\\\/\"},{\"@type\":\"ListItem\",\"position\":2,\"name\":\"Shop\",\"item\":\"https:\\\/\\\/yasminfood.ch\\\/de\\\/shop\\\/\"},{\"@type\":\"ListItem\",\"position\":3,\"name\":\"Pistazien-Rundauflage \u2013 Watfa 500g\"}]},{\"@type\":\"WebSite\",\"@id\":\"https:\\\/\\\/yasminfood.ch\\\/de\\\/#website\",\"url\":\"https:\\\/\\\/yasminfood.ch\\\/de\\\/\",\"name\":\"\u064a\u0627\u0633\u0645\u064a\u0646 \u0645\u0627\u0631\u0643\u062a\",\"description\":\"Alles, was Sie brauchen, an einem Ort\",\"publisher\":{\"@id\":\"https:\\\/\\\/yasminfood.ch\\\/de\\\/#organization\"},\"alternateName\":\"Yasmin Food\",\"potentialAction\":[{\"@type\":\"SearchAction\",\"target\":{\"@type\":\"EntryPoint\",\"urlTemplate\":\"https:\\\/\\\/yasminfood.ch\\\/de\\\/?s={search_term_string}\"},\"query-input\":{\"@type\":\"PropertyValueSpecification\",\"valueRequired\":true,\"valueName\":\"search_term_string\"}}],\"inLanguage\":\"de\"},{\"@type\":\"Organization\",\"@id\":\"https:\\\/\\\/yasminfood.ch\\\/de\\\/#organization\",\"name\":\"\u064a\u0627\u0633\u0645\u064a\u0646 \u0645\u0627\u0631\u0643\u062a\",\"alternateName\":\"Yasmin Food\",\"url\":\"https:\\\/\\\/yasminfood.ch\\\/de\\\/\",\"logo\":{\"@type\":\"ImageObject\",\"inLanguage\":\"de\",\"@id\":\"https:\\\/\\\/yasminfood.ch\\\/de\\\/#\\\/schema\\\/logo\\\/image\\\/\",\"url\":\"https:\\\/\\\/yasminfood.ch\\\/wp-content\\\/uploads\\\/2025\\\/05\\\/yasmin-food-header-logo.png\",\"contentUrl\":\"https:\\\/\\\/yasminfood.ch\\\/wp-content\\\/uploads\\\/2025\\\/05\\\/yasmin-food-header-logo.png\",\"width\":330,\"height\":120,\"caption\":\"\u064a\u0627\u0633\u0645\u064a\u0646 \u0645\u0627\u0631\u0643\u062a\"},\"image\":{\"@id\":\"https:\\\/\\\/yasminfood.ch\\\/de\\\/#\\\/schema\\\/logo\\\/image\\\/\"},\"sameAs\":[\"https:\\\/\\\/www.facebook.com\\\/yasminmarkt1\",\"https:\\\/\\\/www.tiktok.com\\\/@yasminmarkt\",\"https:\\\/\\\/www.instagram.com\\\/yasmin.markt1\\\/\",\"https:\\\/\\\/api.whatsapp.com\\\/send\\\/?phone=41799000104\"],\"publishingPrinciples\":\"https:\\\/\\\/yasminfood.ch\\\/de\\\/shop\\\/\",\"ownershipFundingInfo\":\"https:\\\/\\\/yasminfood.ch\\\/de\\\/shop\\\/\"}]}<\/script>\n<meta property=\"product:price:amount\" content=\"19.00\" \/>\n<meta property=\"product:price:currency\" content=\"CHF\" \/>\n<meta property=\"og:availability\" content=\"instock\" \/>\n<meta property=\"product:availability\" content=\"instock\" \/>\n<meta property=\"product:condition\" content=\"new\" \/>\n<!-- \/ Yoast SEO Premium plugin. -->","yoast_head_json":{"title":"Pistazien-Rundauflage \u2013 Watfa 500g - Yasmin Food","description":"Pistazien-Rundauflage \u2013 Watfa 500g Luxuri\u00f6ser orientalischer Komfort in einer markanten runden Form, zubereitet mit den feinsten Pistazien-Sorten sowie Voll- und Dichtk\u00f6rnern, die jedes St\u00fcck mit einem reichen Geschmack und einer weichen Textur umh\u00fcllen","robots":{"index":"index","follow":"follow","max-snippet":"max-snippet:-1","max-image-preview":"max-image-preview:large","max-video-preview":"max-video-preview:-1"},"canonical":"https:\/\/yasminfood.ch\/de\/product\/pistazien-rundauflage-watfa-500g\/","og_locale":"de_DE","og_type":"article","og_title":"Pistazien-Rundauflage \u2013 Watfa 500g","og_description":"Pistazien-Rundauflage \u2013 Watfa 500g   Ein luxuri\u00f6ser orientalischer Komfort in einer markanten runden Form, zubereitet mit den feinsten Pistazien   Vollkorn- und dichte K\u00f6rner umh\u00fcllen jedes St\u00fcck mit einem reichen Geschmack und einer weichen, auf der Zunge schmelzenden Textur.","og_url":"https:\/\/yasminfood.ch\/de\/product\/pistazien-rundauflage-watfa-500g\/","og_site_name":"Yasmin Food","article_publisher":"https:\/\/www.facebook.com\/yasminmarkt1","article_modified_time":"2026-02-19T20:51:53+00:00","og_image":[{"width":1080,"height":1080,"url":"https:\/\/yasminfood.ch\/wp-content\/uploads\/2026\/02\/\u0631\u0627\u062d\u0629-\u062f\u0627\u0626\u0631\u064a\u0629-\u0648\u0637\u0641\u0629-1-\u0643\u063a.png","type":"image\/png"}],"twitter_card":"summary_large_image","twitter_misc":{"Preis":"19.00&nbsp;&#67;&#72;&#70;","Verf\u00fcgbarkeit":"Auf Lager"},"schema":{"@context":"https:\/\/schema.org","@graph":[{"@type":"WebPage","@id":"https:\/\/yasminfood.ch\/de\/product\/pistazien-rundauflage-watfa-500g\/","url":"https:\/\/yasminfood.ch\/de\/product\/pistazien-rundauflage-watfa-500g\/","name":"Pistazien-Rundauflage \u2013 Watfa 500g - Yasmin Food","isPartOf":{"@id":"https:\/\/yasminfood.ch\/de\/#website"},"primaryImageOfPage":{"@id":"https:\/\/yasminfood.ch\/de\/product\/pistazien-rundauflage-watfa-500g\/#primaryimage"},"image":{"@id":"https:\/\/yasminfood.ch\/de\/product\/pistazien-rundauflage-watfa-500g\/#primaryimage"},"thumbnailUrl":"https:\/\/yasminfood.ch\/wp-content\/uploads\/2026\/02\/\u0631\u0627\u062d\u0629-\u062f\u0627\u0626\u0631\u064a\u0629-\u0648\u0637\u0641\u0629-1-\u0643\u063a.png","datePublished":"2026-02-19T20:21:12+00:00","dateModified":"2026-02-19T20:51:53+00:00","description":"Pistazien-Rundauflage \u2013 Watfa 500g Luxuri\u00f6ser orientalischer Komfort in einer markanten runden Form, zubereitet mit den feinsten Pistazien-Sorten sowie Voll- und Dichtk\u00f6rnern, die jedes St\u00fcck mit einem reichen Geschmack und einer weichen Textur umh\u00fcllen","breadcrumb":{"@id":"https:\/\/yasminfood.ch\/de\/product\/pistazien-rundauflage-watfa-500g\/#breadcrumb"},"inLanguage":"de","potentialAction":[{"@type":"ReadAction","target":["https:\/\/yasminfood.ch\/de\/product\/pistazien-rundauflage-watfa-500g\/"]}]},{"@type":"ImageObject","inLanguage":"de","@id":"https:\/\/yasminfood.ch\/de\/product\/pistazien-rundauflage-watfa-500g\/#primaryimage","url":"https:\/\/yasminfood.ch\/wp-content\/uploads\/2026\/02\/\u0631\u0627\u062d\u0629-\u062f\u0627\u0626\u0631\u064a\u0629-\u0648\u0637\u0641\u0629-1-\u0643\u063a.png","contentUrl":"https:\/\/yasminfood.ch\/wp-content\/uploads\/2026\/02\/\u0631\u0627\u062d\u0629-\u062f\u0627\u0626\u0631\u064a\u0629-\u0648\u0637\u0641\u0629-1-\u0643\u063a.png","width":1080,"height":1080,"caption":"Pistazien-Rundauflage \u2013 Watfa 500g"},{"@type":"BreadcrumbList","@id":"https:\/\/yasminfood.ch\/de\/product\/pistazien-rundauflage-watfa-500g\/#breadcrumb","itemListElement":[{"@type":"ListItem","position":1,"name":"\u0627\u0644\u0631\u0626\u064a\u0633\u064a\u0629","item":"https:\/\/yasminfood.ch\/de\/zuhause\/"},{"@type":"ListItem","position":2,"name":"Shop","item":"https:\/\/yasminfood.ch\/de\/shop\/"},{"@type":"ListItem","position":3,"name":"Pistazien-Rundauflage \u2013 Watfa 500g"}]},{"@type":"WebSite","@id":"https:\/\/yasminfood.ch\/de\/#website","url":"https:\/\/yasminfood.ch\/de\/","name":"\u064a\u0627\u0633\u0645\u064a\u0646 \u0645\u0627\u0631\u0643\u062a","description":"Alles, was Sie brauchen, an einem Ort","publisher":{"@id":"https:\/\/yasminfood.ch\/de\/#organization"},"alternateName":"Yasmin Food","potentialAction":[{"@type":"SearchAction","target":{"@type":"EntryPoint","urlTemplate":"https:\/\/yasminfood.ch\/de\/?s={search_term_string}"},"query-input":{"@type":"PropertyValueSpecification","valueRequired":true,"valueName":"search_term_string"}}],"inLanguage":"de"},{"@type":"Organization","@id":"https:\/\/yasminfood.ch\/de\/#organization","name":"\u064a\u0627\u0633\u0645\u064a\u0646 \u0645\u0627\u0631\u0643\u062a","alternateName":"Yasmin Food","url":"https:\/\/yasminfood.ch\/de\/","logo":{"@type":"ImageObject","inLanguage":"de","@id":"https:\/\/yasminfood.ch\/de\/#\/schema\/logo\/image\/","url":"https:\/\/yasminfood.ch\/wp-content\/uploads\/2025\/05\/yasmin-food-header-logo.png","contentUrl":"https:\/\/yasminfood.ch\/wp-content\/uploads\/2025\/05\/yasmin-food-header-logo.png","width":330,"height":120,"caption":"\u064a\u0627\u0633\u0645\u064a\u0646 \u0645\u0627\u0631\u0643\u062a"},"image":{"@id":"https:\/\/yasminfood.ch\/de\/#\/schema\/logo\/image\/"},"sameAs":["https:\/\/www.facebook.com\/yasminmarkt1","https:\/\/www.tiktok.com\/@yasminmarkt","https:\/\/www.instagram.com\/yasmin.markt1\/","https:\/\/api.whatsapp.com\/send\/?phone=41799000104"],"publishingPrinciples":"https:\/\/yasminfood.ch\/de\/shop\/","ownershipFundingInfo":"https:\/\/yasminfood.ch\/de\/shop\/"}]},"product_price_amount":"19.00","product_price_currency":"CHF","og_availability":"instock","product_availability":"instock","product_condition":"new"},"jetpack_sharing_enabled":true,"_links":{"self":[{"href":"https:\/\/yasminfood.ch\/de\/wp-json\/wp\/v2\/product\/121770","targetHints":{"allow":["GET"]}}],"collection":[{"href":"https:\/\/yasminfood.ch\/de\/wp-json\/wp\/v2\/product"}],"about":[{"href":"https:\/\/yasminfood.ch\/de\/wp-json\/wp\/v2\/types\/product"}],"replies":[{"embeddable":true,"href":"https:\/\/yasminfood.ch\/de\/wp-json\/wp\/v2\/comments?post=121770"}],"version-history":[{"count":0,"href":"https:\/\/yasminfood.ch\/de\/wp-json\/wp\/v2\/product\/121770\/revisions"}],"wp:featuredmedia":[{"embeddable":true,"href":"https:\/\/yasminfood.ch\/de\/wp-json\/wp\/v2\/media\/121773"}],"wp:attachment":[{"href":"https:\/\/yasminfood.ch\/de\/wp-json\/wp\/v2\/media?parent=121770"}],"wp:term":[{"taxonomy":"product_brand","embeddable":true,"href":"https:\/\/yasminfood.ch\/de\/wp-json\/wp\/v2\/product_brand?post=121770"},{"taxonomy":"product_cat","embeddable":true,"href":"https:\/\/yasminfood.ch\/de\/wp-json\/wp\/v2\/product_cat?post=121770"},{"taxonomy":"product_tag","embeddable":true,"href":"https:\/\/yasminfood.ch\/de\/wp-json\/wp\/v2\/product_tag?post=121770"}],"curies":[{"name":"wp","href":"https:\/\/api.w.org\/{rel}","templated":true}]}}