{"id":121782,"date":"2026-02-19T21:25:36","date_gmt":"2026-02-19T20:25:36","guid":{"rendered":"https:\/\/yasminfood.ch\/product\/nudo-noodles-gemuesebecher-60-g\/"},"modified":"2026-02-19T21:51:55","modified_gmt":"2026-02-19T20:51:55","slug":"nudo-noodles-gemuesebecher-60-g","status":"publish","type":"product","link":"https:\/\/yasminfood.ch\/de\/product\/nudo-noodles-gemuesebecher-60-g\/","title":{"rendered":"Nudo Noodles Gem\u00fcsebecher \u2013 60 g"},"content":{"rendered":"<p data-start=\"0\" data-end=\"33\"><strong>Nudo Noodles Gem\u00fcsebecher \u2013 60 g<\/strong><\/p>\n<ul>\n<li data-start=\"0\" data-end=\"33\">\n<p data-start=\"77\" data-end=\"348\">Nodo&#8217;s Instant Gem\u00fcse Nudeln, eine praktische und k\u00f6stliche Wahl f\u00fcr einen Snack oder jederzeit schnell. <\/p>\n<\/li>\n<li data-start=\"0\" data-end=\"33\">\n<p data-start=\"77\" data-end=\"348\">Mit einer k\u00f6stlichen Gem\u00fcsemischung und zarten Nudeln wird er in nur 3 Minuten mit hei\u00dfem Wasser zubereitet. <\/p>\n<\/li>\n<li data-start=\"0\" data-end=\"33\">\n<p data-start=\"77\" data-end=\"348\">Perfekt f\u00fcr Arbeit, Universit\u00e4t, Reisen oder zu Hause, wenn Sie eine schnelle und einfache Mahlzeit brauchen. <\/p>\n<p data-start=\"350\" data-end=\"365\"><strong data-start=\"350\" data-end=\"363\">Funktionen:<\/strong><\/p>\n<ul data-start=\"366\" data-end=\"507\">\n<li data-start=\"366\" data-end=\"388\">\n<p data-start=\"368\" data-end=\"388\">Bereit in 3 Minuten<\/p>\n<\/li>\n<li data-start=\"389\" data-end=\"417\">\n<p data-start=\"391\" data-end=\"417\">K\u00f6stlicher und ausgewogener Gem\u00fcsegeschmack<\/p>\n<\/li>\n<li data-start=\"418\" data-end=\"438\">\n<p data-start=\"420\" data-end=\"438\">Geeignet f\u00fcr Vegetarier<\/p>\n<\/li>\n<li data-start=\"439\" data-end=\"469\">\n<p data-start=\"441\" data-end=\"469\">Keine Lebensmittelfarbstoffe<\/p>\n<\/li>\n<li data-start=\"470\" data-end=\"507\">\n<p data-start=\"472\" data-end=\"507\">Angereichert mit den Vitaminen B1, B3, B6 und B12<\/p>\n<\/li>\n<\/ul>\n<p data-start=\"509\" data-end=\"554\"><strong data-start=\"509\" data-end=\"526\">Nettogewicht:<\/strong> 60 g<br data-start=\"531\" data-end=\"534\"><strong data-start=\"534\" data-end=\"552\">Anleitung:<\/strong><\/p>\n<ol data-start=\"555\" data-end=\"667\">\n<li data-start=\"555\" data-end=\"602\">\n<p data-start=\"558\" data-end=\"602\">Geben Sie hei\u00dfes Wasser bis zur Messlinie im Hintern des Bechers.<\/p>\n<\/li>\n<li data-start=\"603\" data-end=\"635\">\n<p data-start=\"606\" data-end=\"635\">Schlie\u00dfen Sie den Deckel und warten Sie 3 Minuten.<\/p>\n<\/li>\n<li data-start=\"636\" data-end=\"667\">\n<p data-start=\"639\" data-end=\"667\">Gut umr\u00fchren und den Geschmack genie\u00dfen.<\/p>\n<\/li>\n<\/ol>\n<p data-start=\"669\" data-end=\"724\" data-is-last-node=\"\" data-is-only-node=\"\">\n<\/li>\n<\/ul>\n<div class=\"no-scrollbar flex min-h-36 flex-nowrap gap-0.5 overflow-auto sm:gap-1 sm:overflow-hidden xl:min-h-44 mt-1 mb-5 [&amp;:not(:first-child)]:mt-4\">\n<div class=\"border-token-border-default relative w-32 shrink-0 overflow-hidden rounded-xl border-[0.5px] md:shrink max-h-64 sm:w-[calc((100%-0.5rem)\/3)] rounded-s-xl\">\n<div><\/div>\n<\/div>\n<\/div>\n","protected":false},"excerpt":{"rendered":"<p data-start=\"0\" data-end=\"33\"><strong>Nudo Noodles Gem\u00fcsebecher \u2013 60 g<\/strong><\/p>\n<ul>\n<li data-start=\"0\" data-end=\"33\">\n<p data-start=\"77\" data-end=\"348\">Nodo&#8217;s Instant Gem\u00fcse Nudeln, eine praktische und k\u00f6stliche Wahl f\u00fcr einen Snack oder jederzeit schnell. <\/p>\n<\/li>\n<li data-start=\"0\" data-end=\"33\">\n<p data-start=\"77\" data-end=\"348\">Mit einer k\u00f6stlichen Gem\u00fcsemischung und zarten Nudeln wird er in nur 3 Minuten mit hei\u00dfem Wasser zubereitet. <\/p>\n<\/li>\n<\/ul>\n","protected":false},"featured_media":121785,"comment_status":"open","ping_status":"closed","template":"","meta":[],"product_brand":[],"product_cat":[319,317],"product_tag":[],"class_list":{"0":"post-121782","1":"product","2":"type-product","3":"status-publish","4":"has-post-thumbnail","6":"product_cat-indomie-de","7":"product_cat-nudeln-instant-fadennudeln","9":"first","10":"instock","11":"taxable","12":"shipping-taxable","13":"purchasable","14":"product-type-simple"},"yoast_head":"<!-- This site is optimized with the Yoast SEO Premium plugin v26.5 (Yoast SEO v27.3) - https:\/\/yoast.com\/product\/yoast-seo-premium-wordpress\/ -->\n<title>Nudo Noodles Gem\u00fcsebecher \u2013 60 g - Yasmin Food<\/title>\n<meta name=\"description\" content=\"Nodo Gem\u00fcse-aromatisierte Instantnudeln, eine praktische und k\u00f6stliche Wahl f\u00fcr einen Snack oder eine schnelle Mahlzeit jederzeit. Bereit in 3 Minuten\" \/>\n<meta name=\"robots\" content=\"index, follow, max-snippet:-1, max-image-preview:large, max-video-preview:-1\" \/>\n<link rel=\"canonical\" href=\"https:\/\/yasminfood.ch\/de\/product\/nudo-noodles-gemuesebecher-60-g\/\" \/>\n<meta property=\"og:locale\" content=\"de_DE\" \/>\n<meta property=\"og:type\" content=\"article\" \/>\n<meta property=\"og:title\" content=\"Nudo Noodles Gem\u00fcsebecher \u2013 60 g\" \/>\n<meta property=\"og:description\" content=\"Nudo Noodles Gem\u00fcsebecher \u2013 60 g   Nodo&#039;s Instant Gem\u00fcse Nudeln, eine praktische und k\u00f6stliche Wahl f\u00fcr einen Snack oder jederzeit schnell.   Mit einer k\u00f6stlichen Gem\u00fcsemischung und zarten Nudeln wird er in nur 3 Minuten mit hei\u00dfem Wasser zubereitet.\" \/>\n<meta property=\"og:url\" content=\"https:\/\/yasminfood.ch\/de\/product\/nudo-noodles-gemuesebecher-60-g\/\" \/>\n<meta property=\"og:site_name\" content=\"Yasmin Food\" \/>\n<meta property=\"article:publisher\" content=\"https:\/\/www.facebook.com\/yasminmarkt1\" \/>\n<meta property=\"article:modified_time\" content=\"2026-02-19T20:51:55+00:00\" \/>\n<meta property=\"og:image\" content=\"https:\/\/yasminfood.ch\/wp-content\/uploads\/2026\/02\/NUDO-\u0646\u0648\u062f\u0644\u0632-\u0643\u0627\u0633\u0629-\u0628\u0627\u0644\u062e\u0636\u0627\u0631-60\u063a.png\" \/>\n\t<meta property=\"og:image:width\" content=\"1080\" \/>\n\t<meta property=\"og:image:height\" content=\"1080\" \/>\n\t<meta property=\"og:image:type\" content=\"image\/png\" \/>\n<meta name=\"twitter:card\" content=\"summary_large_image\" \/>\n<meta name=\"twitter:label1\" content=\"Preis\" \/>\n\t<meta name=\"twitter:data1\" content=\"1.95&nbsp;&#067;&#072;&#070;\" \/>\n\t<meta name=\"twitter:label2\" content=\"Verf\u00fcgbarkeit\" \/>\n\t<meta name=\"twitter:data2\" content=\"Auf Lager\" \/>\n<script type=\"application\/ld+json\" class=\"yoast-schema-graph\">{\"@context\":\"https:\\\/\\\/schema.org\",\"@graph\":[{\"@type\":\"WebPage\",\"@id\":\"https:\\\/\\\/yasminfood.ch\\\/de\\\/product\\\/nudo-noodles-gemuesebecher-60-g\\\/\",\"url\":\"https:\\\/\\\/yasminfood.ch\\\/de\\\/product\\\/nudo-noodles-gemuesebecher-60-g\\\/\",\"name\":\"Nudo Noodles Gem\u00fcsebecher \u2013 60 g - Yasmin Food\",\"isPartOf\":{\"@id\":\"https:\\\/\\\/yasminfood.ch\\\/de\\\/#website\"},\"primaryImageOfPage\":{\"@id\":\"https:\\\/\\\/yasminfood.ch\\\/de\\\/product\\\/nudo-noodles-gemuesebecher-60-g\\\/#primaryimage\"},\"image\":{\"@id\":\"https:\\\/\\\/yasminfood.ch\\\/de\\\/product\\\/nudo-noodles-gemuesebecher-60-g\\\/#primaryimage\"},\"thumbnailUrl\":\"https:\\\/\\\/yasminfood.ch\\\/wp-content\\\/uploads\\\/2026\\\/02\\\/NUDO-\u0646\u0648\u062f\u0644\u0632-\u0643\u0627\u0633\u0629-\u0628\u0627\u0644\u062e\u0636\u0627\u0631-60\u063a.png\",\"datePublished\":\"2026-02-19T20:25:36+00:00\",\"dateModified\":\"2026-02-19T20:51:55+00:00\",\"description\":\"Nodo Gem\u00fcse-aromatisierte Instantnudeln, eine praktische und k\u00f6stliche Wahl f\u00fcr einen Snack oder eine schnelle Mahlzeit jederzeit. Bereit in 3 Minuten\",\"breadcrumb\":{\"@id\":\"https:\\\/\\\/yasminfood.ch\\\/de\\\/product\\\/nudo-noodles-gemuesebecher-60-g\\\/#breadcrumb\"},\"inLanguage\":\"de\",\"potentialAction\":[{\"@type\":\"ReadAction\",\"target\":[\"https:\\\/\\\/yasminfood.ch\\\/de\\\/product\\\/nudo-noodles-gemuesebecher-60-g\\\/\"]}]},{\"@type\":\"ImageObject\",\"inLanguage\":\"de\",\"@id\":\"https:\\\/\\\/yasminfood.ch\\\/de\\\/product\\\/nudo-noodles-gemuesebecher-60-g\\\/#primaryimage\",\"url\":\"https:\\\/\\\/yasminfood.ch\\\/wp-content\\\/uploads\\\/2026\\\/02\\\/NUDO-\u0646\u0648\u062f\u0644\u0632-\u0643\u0627\u0633\u0629-\u0628\u0627\u0644\u062e\u0636\u0627\u0631-60\u063a.png\",\"contentUrl\":\"https:\\\/\\\/yasminfood.ch\\\/wp-content\\\/uploads\\\/2026\\\/02\\\/NUDO-\u0646\u0648\u062f\u0644\u0632-\u0643\u0627\u0633\u0629-\u0628\u0627\u0644\u062e\u0636\u0627\u0631-60\u063a.png\",\"width\":1080,\"height\":1080,\"caption\":\"Nudo Noodles Gem\u00fcsebecher \u2013 60 g\"},{\"@type\":\"BreadcrumbList\",\"@id\":\"https:\\\/\\\/yasminfood.ch\\\/de\\\/product\\\/nudo-noodles-gemuesebecher-60-g\\\/#breadcrumb\",\"itemListElement\":[{\"@type\":\"ListItem\",\"position\":1,\"name\":\"\u0627\u0644\u0631\u0626\u064a\u0633\u064a\u0629\",\"item\":\"https:\\\/\\\/yasminfood.ch\\\/de\\\/zuhause\\\/\"},{\"@type\":\"ListItem\",\"position\":2,\"name\":\"Shop\",\"item\":\"https:\\\/\\\/yasminfood.ch\\\/de\\\/shop\\\/\"},{\"@type\":\"ListItem\",\"position\":3,\"name\":\"Nudeln &amp; Instant-Fadennudeln\",\"item\":\"https:\\\/\\\/yasminfood.ch\\\/de\\\/produkt-kategorie\\\/nudeln-instant-fadennudeln\\\/\"},{\"@type\":\"ListItem\",\"position\":4,\"name\":\"Indomie\",\"item\":\"https:\\\/\\\/yasminfood.ch\\\/de\\\/produkt-kategorie\\\/nudeln-instant-fadennudeln\\\/indomie-de\\\/\"},{\"@type\":\"ListItem\",\"position\":5,\"name\":\"Nudo Noodles Gem\u00fcsebecher \u2013 60 g\"}]},{\"@type\":\"WebSite\",\"@id\":\"https:\\\/\\\/yasminfood.ch\\\/de\\\/#website\",\"url\":\"https:\\\/\\\/yasminfood.ch\\\/de\\\/\",\"name\":\"\u064a\u0627\u0633\u0645\u064a\u0646 \u0645\u0627\u0631\u0643\u062a\",\"description\":\"Alles, was Sie brauchen, an einem Ort\",\"publisher\":{\"@id\":\"https:\\\/\\\/yasminfood.ch\\\/de\\\/#organization\"},\"alternateName\":\"Yasmin Food\",\"potentialAction\":[{\"@type\":\"SearchAction\",\"target\":{\"@type\":\"EntryPoint\",\"urlTemplate\":\"https:\\\/\\\/yasminfood.ch\\\/de\\\/?s={search_term_string}\"},\"query-input\":{\"@type\":\"PropertyValueSpecification\",\"valueRequired\":true,\"valueName\":\"search_term_string\"}}],\"inLanguage\":\"de\"},{\"@type\":\"Organization\",\"@id\":\"https:\\\/\\\/yasminfood.ch\\\/de\\\/#organization\",\"name\":\"\u064a\u0627\u0633\u0645\u064a\u0646 \u0645\u0627\u0631\u0643\u062a\",\"alternateName\":\"Yasmin Food\",\"url\":\"https:\\\/\\\/yasminfood.ch\\\/de\\\/\",\"logo\":{\"@type\":\"ImageObject\",\"inLanguage\":\"de\",\"@id\":\"https:\\\/\\\/yasminfood.ch\\\/de\\\/#\\\/schema\\\/logo\\\/image\\\/\",\"url\":\"https:\\\/\\\/yasminfood.ch\\\/wp-content\\\/uploads\\\/2025\\\/05\\\/yasmin-food-header-logo.png\",\"contentUrl\":\"https:\\\/\\\/yasminfood.ch\\\/wp-content\\\/uploads\\\/2025\\\/05\\\/yasmin-food-header-logo.png\",\"width\":330,\"height\":120,\"caption\":\"\u064a\u0627\u0633\u0645\u064a\u0646 \u0645\u0627\u0631\u0643\u062a\"},\"image\":{\"@id\":\"https:\\\/\\\/yasminfood.ch\\\/de\\\/#\\\/schema\\\/logo\\\/image\\\/\"},\"sameAs\":[\"https:\\\/\\\/www.facebook.com\\\/yasminmarkt1\",\"https:\\\/\\\/www.tiktok.com\\\/@yasminmarkt\",\"https:\\\/\\\/www.instagram.com\\\/yasmin.markt1\\\/\",\"https:\\\/\\\/api.whatsapp.com\\\/send\\\/?phone=41799000104\"],\"publishingPrinciples\":\"https:\\\/\\\/yasminfood.ch\\\/de\\\/shop\\\/\",\"ownershipFundingInfo\":\"https:\\\/\\\/yasminfood.ch\\\/de\\\/shop\\\/\"}]}<\/script>\n<meta property=\"product:price:amount\" content=\"1.95\" \/>\n<meta property=\"product:price:currency\" content=\"CHF\" \/>\n<meta property=\"og:availability\" content=\"instock\" \/>\n<meta property=\"product:availability\" content=\"instock\" \/>\n<meta property=\"product:condition\" content=\"new\" \/>\n<!-- \/ Yoast SEO Premium plugin. -->","yoast_head_json":{"title":"Nudo Noodles Gem\u00fcsebecher \u2013 60 g - Yasmin Food","description":"Nodo Gem\u00fcse-aromatisierte Instantnudeln, eine praktische und k\u00f6stliche Wahl f\u00fcr einen Snack oder eine schnelle Mahlzeit jederzeit. Bereit in 3 Minuten","robots":{"index":"index","follow":"follow","max-snippet":"max-snippet:-1","max-image-preview":"max-image-preview:large","max-video-preview":"max-video-preview:-1"},"canonical":"https:\/\/yasminfood.ch\/de\/product\/nudo-noodles-gemuesebecher-60-g\/","og_locale":"de_DE","og_type":"article","og_title":"Nudo Noodles Gem\u00fcsebecher \u2013 60 g","og_description":"Nudo Noodles Gem\u00fcsebecher \u2013 60 g   Nodo's Instant Gem\u00fcse Nudeln, eine praktische und k\u00f6stliche Wahl f\u00fcr einen Snack oder jederzeit schnell.   Mit einer k\u00f6stlichen Gem\u00fcsemischung und zarten Nudeln wird er in nur 3 Minuten mit hei\u00dfem Wasser zubereitet.","og_url":"https:\/\/yasminfood.ch\/de\/product\/nudo-noodles-gemuesebecher-60-g\/","og_site_name":"Yasmin Food","article_publisher":"https:\/\/www.facebook.com\/yasminmarkt1","article_modified_time":"2026-02-19T20:51:55+00:00","og_image":[{"width":1080,"height":1080,"url":"https:\/\/yasminfood.ch\/wp-content\/uploads\/2026\/02\/NUDO-\u0646\u0648\u062f\u0644\u0632-\u0643\u0627\u0633\u0629-\u0628\u0627\u0644\u062e\u0636\u0627\u0631-60\u063a.png","type":"image\/png"}],"twitter_card":"summary_large_image","twitter_misc":{"Preis":"1.95&nbsp;&#67;&#72;&#70;","Verf\u00fcgbarkeit":"Auf Lager"},"schema":{"@context":"https:\/\/schema.org","@graph":[{"@type":"WebPage","@id":"https:\/\/yasminfood.ch\/de\/product\/nudo-noodles-gemuesebecher-60-g\/","url":"https:\/\/yasminfood.ch\/de\/product\/nudo-noodles-gemuesebecher-60-g\/","name":"Nudo Noodles Gem\u00fcsebecher \u2013 60 g - Yasmin Food","isPartOf":{"@id":"https:\/\/yasminfood.ch\/de\/#website"},"primaryImageOfPage":{"@id":"https:\/\/yasminfood.ch\/de\/product\/nudo-noodles-gemuesebecher-60-g\/#primaryimage"},"image":{"@id":"https:\/\/yasminfood.ch\/de\/product\/nudo-noodles-gemuesebecher-60-g\/#primaryimage"},"thumbnailUrl":"https:\/\/yasminfood.ch\/wp-content\/uploads\/2026\/02\/NUDO-\u0646\u0648\u062f\u0644\u0632-\u0643\u0627\u0633\u0629-\u0628\u0627\u0644\u062e\u0636\u0627\u0631-60\u063a.png","datePublished":"2026-02-19T20:25:36+00:00","dateModified":"2026-02-19T20:51:55+00:00","description":"Nodo Gem\u00fcse-aromatisierte Instantnudeln, eine praktische und k\u00f6stliche Wahl f\u00fcr einen Snack oder eine schnelle Mahlzeit jederzeit. Bereit in 3 Minuten","breadcrumb":{"@id":"https:\/\/yasminfood.ch\/de\/product\/nudo-noodles-gemuesebecher-60-g\/#breadcrumb"},"inLanguage":"de","potentialAction":[{"@type":"ReadAction","target":["https:\/\/yasminfood.ch\/de\/product\/nudo-noodles-gemuesebecher-60-g\/"]}]},{"@type":"ImageObject","inLanguage":"de","@id":"https:\/\/yasminfood.ch\/de\/product\/nudo-noodles-gemuesebecher-60-g\/#primaryimage","url":"https:\/\/yasminfood.ch\/wp-content\/uploads\/2026\/02\/NUDO-\u0646\u0648\u062f\u0644\u0632-\u0643\u0627\u0633\u0629-\u0628\u0627\u0644\u062e\u0636\u0627\u0631-60\u063a.png","contentUrl":"https:\/\/yasminfood.ch\/wp-content\/uploads\/2026\/02\/NUDO-\u0646\u0648\u062f\u0644\u0632-\u0643\u0627\u0633\u0629-\u0628\u0627\u0644\u062e\u0636\u0627\u0631-60\u063a.png","width":1080,"height":1080,"caption":"Nudo Noodles Gem\u00fcsebecher \u2013 60 g"},{"@type":"BreadcrumbList","@id":"https:\/\/yasminfood.ch\/de\/product\/nudo-noodles-gemuesebecher-60-g\/#breadcrumb","itemListElement":[{"@type":"ListItem","position":1,"name":"\u0627\u0644\u0631\u0626\u064a\u0633\u064a\u0629","item":"https:\/\/yasminfood.ch\/de\/zuhause\/"},{"@type":"ListItem","position":2,"name":"Shop","item":"https:\/\/yasminfood.ch\/de\/shop\/"},{"@type":"ListItem","position":3,"name":"Nudeln &amp; Instant-Fadennudeln","item":"https:\/\/yasminfood.ch\/de\/produkt-kategorie\/nudeln-instant-fadennudeln\/"},{"@type":"ListItem","position":4,"name":"Indomie","item":"https:\/\/yasminfood.ch\/de\/produkt-kategorie\/nudeln-instant-fadennudeln\/indomie-de\/"},{"@type":"ListItem","position":5,"name":"Nudo Noodles Gem\u00fcsebecher \u2013 60 g"}]},{"@type":"WebSite","@id":"https:\/\/yasminfood.ch\/de\/#website","url":"https:\/\/yasminfood.ch\/de\/","name":"\u064a\u0627\u0633\u0645\u064a\u0646 \u0645\u0627\u0631\u0643\u062a","description":"Alles, was Sie brauchen, an einem Ort","publisher":{"@id":"https:\/\/yasminfood.ch\/de\/#organization"},"alternateName":"Yasmin Food","potentialAction":[{"@type":"SearchAction","target":{"@type":"EntryPoint","urlTemplate":"https:\/\/yasminfood.ch\/de\/?s={search_term_string}"},"query-input":{"@type":"PropertyValueSpecification","valueRequired":true,"valueName":"search_term_string"}}],"inLanguage":"de"},{"@type":"Organization","@id":"https:\/\/yasminfood.ch\/de\/#organization","name":"\u064a\u0627\u0633\u0645\u064a\u0646 \u0645\u0627\u0631\u0643\u062a","alternateName":"Yasmin Food","url":"https:\/\/yasminfood.ch\/de\/","logo":{"@type":"ImageObject","inLanguage":"de","@id":"https:\/\/yasminfood.ch\/de\/#\/schema\/logo\/image\/","url":"https:\/\/yasminfood.ch\/wp-content\/uploads\/2025\/05\/yasmin-food-header-logo.png","contentUrl":"https:\/\/yasminfood.ch\/wp-content\/uploads\/2025\/05\/yasmin-food-header-logo.png","width":330,"height":120,"caption":"\u064a\u0627\u0633\u0645\u064a\u0646 \u0645\u0627\u0631\u0643\u062a"},"image":{"@id":"https:\/\/yasminfood.ch\/de\/#\/schema\/logo\/image\/"},"sameAs":["https:\/\/www.facebook.com\/yasminmarkt1","https:\/\/www.tiktok.com\/@yasminmarkt","https:\/\/www.instagram.com\/yasmin.markt1\/","https:\/\/api.whatsapp.com\/send\/?phone=41799000104"],"publishingPrinciples":"https:\/\/yasminfood.ch\/de\/shop\/","ownershipFundingInfo":"https:\/\/yasminfood.ch\/de\/shop\/"}]},"product_price_amount":"1.95","product_price_currency":"CHF","og_availability":"instock","product_availability":"instock","product_condition":"new"},"jetpack_sharing_enabled":true,"_links":{"self":[{"href":"https:\/\/yasminfood.ch\/de\/wp-json\/wp\/v2\/product\/121782","targetHints":{"allow":["GET"]}}],"collection":[{"href":"https:\/\/yasminfood.ch\/de\/wp-json\/wp\/v2\/product"}],"about":[{"href":"https:\/\/yasminfood.ch\/de\/wp-json\/wp\/v2\/types\/product"}],"replies":[{"embeddable":true,"href":"https:\/\/yasminfood.ch\/de\/wp-json\/wp\/v2\/comments?post=121782"}],"version-history":[{"count":0,"href":"https:\/\/yasminfood.ch\/de\/wp-json\/wp\/v2\/product\/121782\/revisions"}],"wp:featuredmedia":[{"embeddable":true,"href":"https:\/\/yasminfood.ch\/de\/wp-json\/wp\/v2\/media\/121785"}],"wp:attachment":[{"href":"https:\/\/yasminfood.ch\/de\/wp-json\/wp\/v2\/media?parent=121782"}],"wp:term":[{"taxonomy":"product_brand","embeddable":true,"href":"https:\/\/yasminfood.ch\/de\/wp-json\/wp\/v2\/product_brand?post=121782"},{"taxonomy":"product_cat","embeddable":true,"href":"https:\/\/yasminfood.ch\/de\/wp-json\/wp\/v2\/product_cat?post=121782"},{"taxonomy":"product_tag","embeddable":true,"href":"https:\/\/yasminfood.ch\/de\/wp-json\/wp\/v2\/product_tag?post=121782"}],"curies":[{"name":"wp","href":"https:\/\/api.w.org\/{rel}","templated":true}]}}