{"id":121802,"date":"2026-02-19T21:45:59","date_gmt":"2026-02-19T20:45:59","guid":{"rendered":"https:\/\/yasminfood.ch\/product\/nudo-nudeln-mit-gemuese-5-stueck-350-g\/"},"modified":"2026-02-19T21:52:02","modified_gmt":"2026-02-19T20:52:02","slug":"nudo-nudeln-mit-gemuese-5-stueck-350-g","status":"publish","type":"product","link":"https:\/\/yasminfood.ch\/de\/product\/nudo-nudeln-mit-gemuese-5-stueck-350-g\/","title":{"rendered":"Nudo-Nudeln mit Gem\u00fcse \u2013 5 St\u00fcck (350 g)"},"content":{"rendered":"<p data-start=\"0\" data-end=\"37\"><strong>Nudo-Nudeln mit Gem\u00fcse \u2013 5 St\u00fcck (350 g)<\/strong><\/p>\n<ul>\n<li data-start=\"0\" data-end=\"37\">\n<p data-start=\"81\" data-end=\"334\">Ein g\u00fcnstiges Paket Nudeln mit Gem\u00fcsegeschmack,<\/p>\n<\/li>\n<li data-start=\"0\" data-end=\"37\">\n<p data-start=\"81\" data-end=\"334\">Enth\u00e4lt 5 praktische P\u00e4ckchen, um schnelle und k\u00f6stliche Mahlzeiten in nur 3 Minuten zuzubereiten.<\/p>\n<\/li>\n<li data-start=\"0\" data-end=\"37\">\n<p data-start=\"81\" data-end=\"334\">Eine harmonische Mischung aus Gew\u00fcrzen und k\u00f6stlichem Gem\u00fcsegeschmack mit zarten Vermicelli,<\/p>\n<\/li>\n<li data-start=\"0\" data-end=\"37\">\n<p data-start=\"81\" data-end=\"334\">Eine ideale Wahl f\u00fcr Vegetarier und f\u00fcr den t\u00e4glichen Gebrauch zu Hause oder bei der Arbeit zu sein.<\/p>\n<p data-start=\"336\" data-end=\"351\"><strong data-start=\"336\" data-end=\"349\">Funktionen:<\/strong><\/p>\n<ul data-start=\"352\" data-end=\"519\">\n<li data-start=\"352\" data-end=\"384\">\n<p data-start=\"354\" data-end=\"384\">Economy Pack 5 St\u00fccke (5\u00d770 g)<\/p>\n<\/li>\n<li data-start=\"385\" data-end=\"407\">\n<p data-start=\"387\" data-end=\"407\">Bereit in 3 Minuten<\/p>\n<\/li>\n<li data-start=\"408\" data-end=\"436\">\n<p data-start=\"410\" data-end=\"436\">K\u00f6stlicher und ausgewogener Gem\u00fcsegeschmack<\/p>\n<\/li>\n<li data-start=\"437\" data-end=\"461\">\n<p data-start=\"439\" data-end=\"461\">Halal-zertifiziert<\/p>\n<\/li>\n<li data-start=\"462\" data-end=\"482\">\n<p data-start=\"464\" data-end=\"482\">Geeignet f\u00fcr Vegetarier<\/p>\n<\/li>\n<li data-start=\"483\" data-end=\"519\">\n<p data-start=\"485\" data-end=\"519\">Perfekt als schnelle und einfache Mahlzeit<\/p>\n<\/li>\n<\/ul>\n<p data-start=\"521\" data-end=\"557\"><strong data-start=\"521\" data-end=\"538\">Nettogewicht:<\/strong> 350g (5 \u00d7 70g)<\/p>\n<p data-start=\"559\" data-end=\"579\"><strong data-start=\"559\" data-end=\"577\">Anweisungen:<\/strong><\/p>\n<ol data-start=\"580\" data-end=\"692\">\n<li data-start=\"580\" data-end=\"613\">\n<p data-start=\"583\" data-end=\"613\">Geben Sie den Inhalt der Packung in kochendes Wasser.<\/p>\n<\/li>\n<li data-start=\"614\" data-end=\"639\">\n<p data-start=\"617\" data-end=\"639\">F\u00fcgen Sie die angeh\u00e4ngten Gew\u00fcrze hinzu.<\/p>\n<\/li>\n<li data-start=\"640\" data-end=\"692\">\n<p data-start=\"643\" data-end=\"692\">3 Minuten einwirken lassen, umr\u00fchren und dann hei\u00df servieren.<\/p>\n<\/li>\n<\/ol>\n<p data-start=\"694\" data-end=\"770\" data-is-last-node=\"\" data-is-only-node=\"\">\n<\/li>\n<\/ul>\n<div class=\"no-scrollbar flex min-h-36 flex-nowrap gap-0.5 overflow-auto sm:gap-1 sm:overflow-hidden xl:min-h-44 mt-1 mb-5 [&amp;:not(:first-child)]:mt-4\">\n<div class=\"border-token-border-default relative w-32 shrink-0 overflow-hidden rounded-xl border-[0.5px] md:shrink max-h-64 sm:w-[calc((100%-0.5rem)\/3)] rounded-s-xl\">\n<div><\/div>\n<\/div>\n<\/div>\n","protected":false},"excerpt":{"rendered":"<p data-start=\"0\" data-end=\"37\"><strong>Nudo-Nudeln mit Gem\u00fcse \u2013 5 St\u00fcck (350 g)<\/strong><\/p>\n<ul>\n<li data-start=\"0\" data-end=\"37\">\n<p data-start=\"81\" data-end=\"334\">Ein g\u00fcnstiges Paket Nudeln mit Gem\u00fcsegeschmack,<\/p>\n<\/li>\n<li data-start=\"0\" data-end=\"37\">\n<p data-start=\"81\" data-end=\"334\">Enth\u00e4lt 5 praktische P\u00e4ckchen, um schnelle und k\u00f6stliche Mahlzeiten in nur 3 Minuten zuzubereiten.<\/p>\n<\/li>\n<\/ul>\n","protected":false},"featured_media":121803,"comment_status":"open","ping_status":"closed","template":"","meta":[],"product_brand":[],"product_cat":[319,317],"product_tag":[],"class_list":{"0":"post-121802","1":"product","2":"type-product","3":"status-publish","4":"has-post-thumbnail","6":"product_cat-indomie-de","7":"product_cat-nudeln-instant-fadennudeln","9":"first","10":"instock","11":"taxable","12":"shipping-taxable","13":"purchasable","14":"product-type-simple"},"yoast_head":"<!-- This site is optimized with the Yoast SEO Premium plugin v26.5 (Yoast SEO v27.3) - https:\/\/yoast.com\/product\/yoast-seo-premium-wordpress\/ -->\n<title>Nudo-Nudeln mit Gem\u00fcse \u2013 5 St\u00fcck (350 g) - Yasmin Food<\/title>\n<meta name=\"description\" content=\"Nudo-Nudeln mit Gem\u00fcse \u2013 5 St\u00fcck (350 g) Economy Pack Nudo Noodles mit Gem\u00fcse aromatisiert, enth\u00e4lt 5 praktische Pakete, um schnelle und k\u00f6stliche Mahlzeiten in nur 3 Minuten zuzubereiten.\" \/>\n<meta name=\"robots\" content=\"index, follow, max-snippet:-1, max-image-preview:large, max-video-preview:-1\" \/>\n<link rel=\"canonical\" href=\"https:\/\/yasminfood.ch\/de\/product\/nudo-nudeln-mit-gemuese-5-stueck-350-g\/\" \/>\n<meta property=\"og:locale\" content=\"de_DE\" \/>\n<meta property=\"og:type\" content=\"article\" \/>\n<meta property=\"og:title\" content=\"Nudo-Nudeln mit Gem\u00fcse \u2013 5 St\u00fcck (350 g)\" \/>\n<meta property=\"og:description\" content=\"Nudo-Nudeln mit Gem\u00fcse \u2013 5 St\u00fcck (350 g)   Ein g\u00fcnstiges Paket Nudeln mit Gem\u00fcsegeschmack,   Enth\u00e4lt 5 praktische P\u00e4ckchen, um schnelle und k\u00f6stliche Mahlzeiten in nur 3 Minuten zuzubereiten.\" \/>\n<meta property=\"og:url\" content=\"https:\/\/yasminfood.ch\/de\/product\/nudo-nudeln-mit-gemuese-5-stueck-350-g\/\" \/>\n<meta property=\"og:site_name\" content=\"Yasmin Food\" \/>\n<meta property=\"article:publisher\" content=\"https:\/\/www.facebook.com\/yasminmarkt1\" \/>\n<meta property=\"article:modified_time\" content=\"2026-02-19T20:52:02+00:00\" \/>\n<meta property=\"og:image\" content=\"https:\/\/yasminfood.ch\/wp-content\/uploads\/2026\/02\/NUDO-\u0646\u0648\u062f\u0644\u0632-5-\u0642\u0637\u0639-\u0628\u0627\u0644\u062e\u0636\u0627\u0631.png\" \/>\n\t<meta property=\"og:image:width\" content=\"1080\" \/>\n\t<meta property=\"og:image:height\" content=\"1080\" \/>\n\t<meta property=\"og:image:type\" content=\"image\/png\" \/>\n<meta name=\"twitter:card\" content=\"summary_large_image\" \/>\n<meta name=\"twitter:label1\" content=\"Preis\" \/>\n\t<meta name=\"twitter:data1\" content=\"2.95&nbsp;&#067;&#072;&#070;\" \/>\n\t<meta name=\"twitter:label2\" content=\"Verf\u00fcgbarkeit\" \/>\n\t<meta name=\"twitter:data2\" content=\"Auf Lager\" \/>\n<script type=\"application\/ld+json\" class=\"yoast-schema-graph\">{\"@context\":\"https:\\\/\\\/schema.org\",\"@graph\":[{\"@type\":\"WebPage\",\"@id\":\"https:\\\/\\\/yasminfood.ch\\\/de\\\/product\\\/nudo-nudeln-mit-gemuese-5-stueck-350-g\\\/\",\"url\":\"https:\\\/\\\/yasminfood.ch\\\/de\\\/product\\\/nudo-nudeln-mit-gemuese-5-stueck-350-g\\\/\",\"name\":\"Nudo-Nudeln mit Gem\u00fcse \u2013 5 St\u00fcck (350 g) - Yasmin Food\",\"isPartOf\":{\"@id\":\"https:\\\/\\\/yasminfood.ch\\\/de\\\/#website\"},\"primaryImageOfPage\":{\"@id\":\"https:\\\/\\\/yasminfood.ch\\\/de\\\/product\\\/nudo-nudeln-mit-gemuese-5-stueck-350-g\\\/#primaryimage\"},\"image\":{\"@id\":\"https:\\\/\\\/yasminfood.ch\\\/de\\\/product\\\/nudo-nudeln-mit-gemuese-5-stueck-350-g\\\/#primaryimage\"},\"thumbnailUrl\":\"https:\\\/\\\/yasminfood.ch\\\/wp-content\\\/uploads\\\/2026\\\/02\\\/NUDO-\u0646\u0648\u062f\u0644\u0632-5-\u0642\u0637\u0639-\u0628\u0627\u0644\u062e\u0636\u0627\u0631.png\",\"datePublished\":\"2026-02-19T20:45:59+00:00\",\"dateModified\":\"2026-02-19T20:52:02+00:00\",\"description\":\"Nudo-Nudeln mit Gem\u00fcse \u2013 5 St\u00fcck (350 g) Economy Pack Nudo Noodles mit Gem\u00fcse aromatisiert, enth\u00e4lt 5 praktische Pakete, um schnelle und k\u00f6stliche Mahlzeiten in nur 3 Minuten zuzubereiten.\",\"breadcrumb\":{\"@id\":\"https:\\\/\\\/yasminfood.ch\\\/de\\\/product\\\/nudo-nudeln-mit-gemuese-5-stueck-350-g\\\/#breadcrumb\"},\"inLanguage\":\"de\",\"potentialAction\":[{\"@type\":\"ReadAction\",\"target\":[\"https:\\\/\\\/yasminfood.ch\\\/de\\\/product\\\/nudo-nudeln-mit-gemuese-5-stueck-350-g\\\/\"]}]},{\"@type\":\"ImageObject\",\"inLanguage\":\"de\",\"@id\":\"https:\\\/\\\/yasminfood.ch\\\/de\\\/product\\\/nudo-nudeln-mit-gemuese-5-stueck-350-g\\\/#primaryimage\",\"url\":\"https:\\\/\\\/yasminfood.ch\\\/wp-content\\\/uploads\\\/2026\\\/02\\\/NUDO-\u0646\u0648\u062f\u0644\u0632-5-\u0642\u0637\u0639-\u0628\u0627\u0644\u062e\u0636\u0627\u0631.png\",\"contentUrl\":\"https:\\\/\\\/yasminfood.ch\\\/wp-content\\\/uploads\\\/2026\\\/02\\\/NUDO-\u0646\u0648\u062f\u0644\u0632-5-\u0642\u0637\u0639-\u0628\u0627\u0644\u062e\u0636\u0627\u0631.png\",\"width\":1080,\"height\":1080,\"caption\":\"Nudo-Nudeln mit Gem\u00fcse \u2013 5 St\u00fcck (350 g)\"},{\"@type\":\"BreadcrumbList\",\"@id\":\"https:\\\/\\\/yasminfood.ch\\\/de\\\/product\\\/nudo-nudeln-mit-gemuese-5-stueck-350-g\\\/#breadcrumb\",\"itemListElement\":[{\"@type\":\"ListItem\",\"position\":1,\"name\":\"\u0627\u0644\u0631\u0626\u064a\u0633\u064a\u0629\",\"item\":\"https:\\\/\\\/yasminfood.ch\\\/de\\\/zuhause\\\/\"},{\"@type\":\"ListItem\",\"position\":2,\"name\":\"Shop\",\"item\":\"https:\\\/\\\/yasminfood.ch\\\/de\\\/shop\\\/\"},{\"@type\":\"ListItem\",\"position\":3,\"name\":\"Nudo-Nudeln mit Gem\u00fcse \u2013 5 St\u00fcck (350 g)\"}]},{\"@type\":\"WebSite\",\"@id\":\"https:\\\/\\\/yasminfood.ch\\\/de\\\/#website\",\"url\":\"https:\\\/\\\/yasminfood.ch\\\/de\\\/\",\"name\":\"\u064a\u0627\u0633\u0645\u064a\u0646 \u0645\u0627\u0631\u0643\u062a\",\"description\":\"Alles, was Sie brauchen, an einem Ort\",\"publisher\":{\"@id\":\"https:\\\/\\\/yasminfood.ch\\\/de\\\/#organization\"},\"alternateName\":\"Yasmin Food\",\"potentialAction\":[{\"@type\":\"SearchAction\",\"target\":{\"@type\":\"EntryPoint\",\"urlTemplate\":\"https:\\\/\\\/yasminfood.ch\\\/de\\\/?s={search_term_string}\"},\"query-input\":{\"@type\":\"PropertyValueSpecification\",\"valueRequired\":true,\"valueName\":\"search_term_string\"}}],\"inLanguage\":\"de\"},{\"@type\":\"Organization\",\"@id\":\"https:\\\/\\\/yasminfood.ch\\\/de\\\/#organization\",\"name\":\"\u064a\u0627\u0633\u0645\u064a\u0646 \u0645\u0627\u0631\u0643\u062a\",\"alternateName\":\"Yasmin Food\",\"url\":\"https:\\\/\\\/yasminfood.ch\\\/de\\\/\",\"logo\":{\"@type\":\"ImageObject\",\"inLanguage\":\"de\",\"@id\":\"https:\\\/\\\/yasminfood.ch\\\/de\\\/#\\\/schema\\\/logo\\\/image\\\/\",\"url\":\"https:\\\/\\\/yasminfood.ch\\\/wp-content\\\/uploads\\\/2025\\\/05\\\/yasmin-food-header-logo.png\",\"contentUrl\":\"https:\\\/\\\/yasminfood.ch\\\/wp-content\\\/uploads\\\/2025\\\/05\\\/yasmin-food-header-logo.png\",\"width\":330,\"height\":120,\"caption\":\"\u064a\u0627\u0633\u0645\u064a\u0646 \u0645\u0627\u0631\u0643\u062a\"},\"image\":{\"@id\":\"https:\\\/\\\/yasminfood.ch\\\/de\\\/#\\\/schema\\\/logo\\\/image\\\/\"},\"sameAs\":[\"https:\\\/\\\/www.facebook.com\\\/yasminmarkt1\",\"https:\\\/\\\/www.tiktok.com\\\/@yasminmarkt\",\"https:\\\/\\\/www.instagram.com\\\/yasmin.markt1\\\/\",\"https:\\\/\\\/api.whatsapp.com\\\/send\\\/?phone=41799000104\"],\"publishingPrinciples\":\"https:\\\/\\\/yasminfood.ch\\\/de\\\/shop\\\/\",\"ownershipFundingInfo\":\"https:\\\/\\\/yasminfood.ch\\\/de\\\/shop\\\/\"}]}<\/script>\n<meta property=\"product:price:amount\" content=\"2.95\" \/>\n<meta property=\"product:price:currency\" content=\"CHF\" \/>\n<meta property=\"og:availability\" content=\"instock\" \/>\n<meta property=\"product:availability\" content=\"instock\" \/>\n<meta property=\"product:condition\" content=\"new\" \/>\n<!-- \/ Yoast SEO Premium plugin. -->","yoast_head_json":{"title":"Nudo-Nudeln mit Gem\u00fcse \u2013 5 St\u00fcck (350 g) - Yasmin Food","description":"Nudo-Nudeln mit Gem\u00fcse \u2013 5 St\u00fcck (350 g) Economy Pack Nudo Noodles mit Gem\u00fcse aromatisiert, enth\u00e4lt 5 praktische Pakete, um schnelle und k\u00f6stliche Mahlzeiten in nur 3 Minuten zuzubereiten.","robots":{"index":"index","follow":"follow","max-snippet":"max-snippet:-1","max-image-preview":"max-image-preview:large","max-video-preview":"max-video-preview:-1"},"canonical":"https:\/\/yasminfood.ch\/de\/product\/nudo-nudeln-mit-gemuese-5-stueck-350-g\/","og_locale":"de_DE","og_type":"article","og_title":"Nudo-Nudeln mit Gem\u00fcse \u2013 5 St\u00fcck (350 g)","og_description":"Nudo-Nudeln mit Gem\u00fcse \u2013 5 St\u00fcck (350 g)   Ein g\u00fcnstiges Paket Nudeln mit Gem\u00fcsegeschmack,   Enth\u00e4lt 5 praktische P\u00e4ckchen, um schnelle und k\u00f6stliche Mahlzeiten in nur 3 Minuten zuzubereiten.","og_url":"https:\/\/yasminfood.ch\/de\/product\/nudo-nudeln-mit-gemuese-5-stueck-350-g\/","og_site_name":"Yasmin Food","article_publisher":"https:\/\/www.facebook.com\/yasminmarkt1","article_modified_time":"2026-02-19T20:52:02+00:00","og_image":[{"width":1080,"height":1080,"url":"https:\/\/yasminfood.ch\/wp-content\/uploads\/2026\/02\/NUDO-\u0646\u0648\u062f\u0644\u0632-5-\u0642\u0637\u0639-\u0628\u0627\u0644\u062e\u0636\u0627\u0631.png","type":"image\/png"}],"twitter_card":"summary_large_image","twitter_misc":{"Preis":"2.95&nbsp;&#67;&#72;&#70;","Verf\u00fcgbarkeit":"Auf Lager"},"schema":{"@context":"https:\/\/schema.org","@graph":[{"@type":"WebPage","@id":"https:\/\/yasminfood.ch\/de\/product\/nudo-nudeln-mit-gemuese-5-stueck-350-g\/","url":"https:\/\/yasminfood.ch\/de\/product\/nudo-nudeln-mit-gemuese-5-stueck-350-g\/","name":"Nudo-Nudeln mit Gem\u00fcse \u2013 5 St\u00fcck (350 g) - Yasmin Food","isPartOf":{"@id":"https:\/\/yasminfood.ch\/de\/#website"},"primaryImageOfPage":{"@id":"https:\/\/yasminfood.ch\/de\/product\/nudo-nudeln-mit-gemuese-5-stueck-350-g\/#primaryimage"},"image":{"@id":"https:\/\/yasminfood.ch\/de\/product\/nudo-nudeln-mit-gemuese-5-stueck-350-g\/#primaryimage"},"thumbnailUrl":"https:\/\/yasminfood.ch\/wp-content\/uploads\/2026\/02\/NUDO-\u0646\u0648\u062f\u0644\u0632-5-\u0642\u0637\u0639-\u0628\u0627\u0644\u062e\u0636\u0627\u0631.png","datePublished":"2026-02-19T20:45:59+00:00","dateModified":"2026-02-19T20:52:02+00:00","description":"Nudo-Nudeln mit Gem\u00fcse \u2013 5 St\u00fcck (350 g) Economy Pack Nudo Noodles mit Gem\u00fcse aromatisiert, enth\u00e4lt 5 praktische Pakete, um schnelle und k\u00f6stliche Mahlzeiten in nur 3 Minuten zuzubereiten.","breadcrumb":{"@id":"https:\/\/yasminfood.ch\/de\/product\/nudo-nudeln-mit-gemuese-5-stueck-350-g\/#breadcrumb"},"inLanguage":"de","potentialAction":[{"@type":"ReadAction","target":["https:\/\/yasminfood.ch\/de\/product\/nudo-nudeln-mit-gemuese-5-stueck-350-g\/"]}]},{"@type":"ImageObject","inLanguage":"de","@id":"https:\/\/yasminfood.ch\/de\/product\/nudo-nudeln-mit-gemuese-5-stueck-350-g\/#primaryimage","url":"https:\/\/yasminfood.ch\/wp-content\/uploads\/2026\/02\/NUDO-\u0646\u0648\u062f\u0644\u0632-5-\u0642\u0637\u0639-\u0628\u0627\u0644\u062e\u0636\u0627\u0631.png","contentUrl":"https:\/\/yasminfood.ch\/wp-content\/uploads\/2026\/02\/NUDO-\u0646\u0648\u062f\u0644\u0632-5-\u0642\u0637\u0639-\u0628\u0627\u0644\u062e\u0636\u0627\u0631.png","width":1080,"height":1080,"caption":"Nudo-Nudeln mit Gem\u00fcse \u2013 5 St\u00fcck (350 g)"},{"@type":"BreadcrumbList","@id":"https:\/\/yasminfood.ch\/de\/product\/nudo-nudeln-mit-gemuese-5-stueck-350-g\/#breadcrumb","itemListElement":[{"@type":"ListItem","position":1,"name":"\u0627\u0644\u0631\u0626\u064a\u0633\u064a\u0629","item":"https:\/\/yasminfood.ch\/de\/zuhause\/"},{"@type":"ListItem","position":2,"name":"Shop","item":"https:\/\/yasminfood.ch\/de\/shop\/"},{"@type":"ListItem","position":3,"name":"Nudo-Nudeln mit Gem\u00fcse \u2013 5 St\u00fcck (350 g)"}]},{"@type":"WebSite","@id":"https:\/\/yasminfood.ch\/de\/#website","url":"https:\/\/yasminfood.ch\/de\/","name":"\u064a\u0627\u0633\u0645\u064a\u0646 \u0645\u0627\u0631\u0643\u062a","description":"Alles, was Sie brauchen, an einem Ort","publisher":{"@id":"https:\/\/yasminfood.ch\/de\/#organization"},"alternateName":"Yasmin Food","potentialAction":[{"@type":"SearchAction","target":{"@type":"EntryPoint","urlTemplate":"https:\/\/yasminfood.ch\/de\/?s={search_term_string}"},"query-input":{"@type":"PropertyValueSpecification","valueRequired":true,"valueName":"search_term_string"}}],"inLanguage":"de"},{"@type":"Organization","@id":"https:\/\/yasminfood.ch\/de\/#organization","name":"\u064a\u0627\u0633\u0645\u064a\u0646 \u0645\u0627\u0631\u0643\u062a","alternateName":"Yasmin Food","url":"https:\/\/yasminfood.ch\/de\/","logo":{"@type":"ImageObject","inLanguage":"de","@id":"https:\/\/yasminfood.ch\/de\/#\/schema\/logo\/image\/","url":"https:\/\/yasminfood.ch\/wp-content\/uploads\/2025\/05\/yasmin-food-header-logo.png","contentUrl":"https:\/\/yasminfood.ch\/wp-content\/uploads\/2025\/05\/yasmin-food-header-logo.png","width":330,"height":120,"caption":"\u064a\u0627\u0633\u0645\u064a\u0646 \u0645\u0627\u0631\u0643\u062a"},"image":{"@id":"https:\/\/yasminfood.ch\/de\/#\/schema\/logo\/image\/"},"sameAs":["https:\/\/www.facebook.com\/yasminmarkt1","https:\/\/www.tiktok.com\/@yasminmarkt","https:\/\/www.instagram.com\/yasmin.markt1\/","https:\/\/api.whatsapp.com\/send\/?phone=41799000104"],"publishingPrinciples":"https:\/\/yasminfood.ch\/de\/shop\/","ownershipFundingInfo":"https:\/\/yasminfood.ch\/de\/shop\/"}]},"product_price_amount":"2.95","product_price_currency":"CHF","og_availability":"instock","product_availability":"instock","product_condition":"new"},"jetpack_sharing_enabled":true,"_links":{"self":[{"href":"https:\/\/yasminfood.ch\/de\/wp-json\/wp\/v2\/product\/121802","targetHints":{"allow":["GET"]}}],"collection":[{"href":"https:\/\/yasminfood.ch\/de\/wp-json\/wp\/v2\/product"}],"about":[{"href":"https:\/\/yasminfood.ch\/de\/wp-json\/wp\/v2\/types\/product"}],"replies":[{"embeddable":true,"href":"https:\/\/yasminfood.ch\/de\/wp-json\/wp\/v2\/comments?post=121802"}],"version-history":[{"count":0,"href":"https:\/\/yasminfood.ch\/de\/wp-json\/wp\/v2\/product\/121802\/revisions"}],"wp:featuredmedia":[{"embeddable":true,"href":"https:\/\/yasminfood.ch\/de\/wp-json\/wp\/v2\/media\/121803"}],"wp:attachment":[{"href":"https:\/\/yasminfood.ch\/de\/wp-json\/wp\/v2\/media?parent=121802"}],"wp:term":[{"taxonomy":"product_brand","embeddable":true,"href":"https:\/\/yasminfood.ch\/de\/wp-json\/wp\/v2\/product_brand?post=121802"},{"taxonomy":"product_cat","embeddable":true,"href":"https:\/\/yasminfood.ch\/de\/wp-json\/wp\/v2\/product_cat?post=121802"},{"taxonomy":"product_tag","embeddable":true,"href":"https:\/\/yasminfood.ch\/de\/wp-json\/wp\/v2\/product_tag?post=121802"}],"curies":[{"name":"wp","href":"https:\/\/api.w.org\/{rel}","templated":true}]}}