{"id":121807,"date":"2026-02-19T22:03:28","date_gmt":"2026-02-19T21:03:28","guid":{"rendered":"https:\/\/yasminfood.ch\/product\/guar-lady-clogs-250-g\/"},"modified":"2026-02-19T22:05:04","modified_gmt":"2026-02-19T21:05:04","slug":"guar-lady-clogs-250-g","status":"publish","type":"product","link":"https:\/\/yasminfood.ch\/de\/product\/guar-lady-clogs-250-g\/","title":{"rendered":"Guar Lady Clogs \u2013 250 g"},"content":{"rendered":"<p data-start=\"0\" data-end=\"27\"><strong>Guar Lady Clogs \u2013 250 g<\/strong><\/p>\n<ul>\n<li data-start=\"0\" data-end=\"27\">\n<p data-start=\"71\" data-end=\"313\">Eine besondere Auswahl an weichen Obstdesserts in leuchtenden Farben und einer Vielzahl von Geschmacksrichtungen<\/p>\n<\/li>\n<li data-start=\"0\" data-end=\"27\">\n<p data-start=\"71\" data-end=\"313\">Befriedigt alle Geschm\u00e4cker. Er hat eine weiche Textur und einen k\u00f6stlichen fruchtigen Geschmack, was ihn zu einer idealen Wahl f\u00fcr allt\u00e4gliche Unterhaltung macht.  <\/p>\n<\/li>\n<li data-start=\"0\" data-end=\"27\">\n<p data-start=\"71\" data-end=\"313\">Oder um sie auf Partys und Veranstaltungen zu servieren.<\/p>\n<p data-start=\"315\" data-end=\"330\"><strong data-start=\"315\" data-end=\"328\">Funktionen:<\/strong><\/p>\n<ul data-start=\"331\" data-end=\"441\">\n<li data-start=\"331\" data-end=\"353\">\n<p data-start=\"333\" data-end=\"353\">Verschiedene Fruchtgeschmacksrichtungen<\/p>\n<\/li>\n<li data-start=\"354\" data-end=\"373\">\n<p data-start=\"356\" data-end=\"373\">Weiche und k\u00f6rnige Textur<\/p>\n<\/li>\n<li data-start=\"374\" data-end=\"412\">\n<p data-start=\"376\" data-end=\"412\">Attraktive Farben und Formen f\u00fcr Kinder und Erwachsene<\/p>\n<\/li>\n<li data-start=\"413\" data-end=\"441\">\n<p data-start=\"415\" data-end=\"441\">Geeignet zum Teilen und Gastfreundschaft<\/p>\n<\/li>\n<\/ul>\n<\/li>\n<\/ul>\n<div class=\"no-scrollbar flex min-h-36 flex-nowrap gap-0.5 overflow-auto sm:gap-1 sm:overflow-hidden xl:min-h-44 mt-1 mb-5 [&amp;:not(:first-child)]:mt-4\"><\/div>\n","protected":false},"excerpt":{"rendered":"<p data-start=\"0\" data-end=\"27\"><strong>Guar Lady Clogs \u2013 250 g<\/strong><\/p>\n<ul>\n<li data-start=\"0\" data-end=\"27\">\n<p data-start=\"71\" data-end=\"313\">Eine besondere Auswahl an weichen Obstdesserts in leuchtenden Farben und einer Vielzahl von Geschmacksrichtungen<\/p>\n<\/li>\n<li data-start=\"0\" data-end=\"27\">\n<p data-start=\"71\" data-end=\"313\">Befriedigt alle Geschm\u00e4cker. Er hat eine weiche Textur und einen k\u00f6stlichen fruchtigen Geschmack, was ihn zu einer idealen Wahl f\u00fcr allt\u00e4gliche Unterhaltung macht.  <\/p>\n<\/li>\n<\/ul>\n","protected":false},"featured_media":121808,"comment_status":"open","ping_status":"closed","template":"","meta":[],"product_brand":[],"product_cat":[301,297,310],"product_tag":[],"class_list":{"0":"post-121807","1":"product","2":"type-product","3":"status-publish","4":"has-post-thumbnail","6":"product_cat-arabische-suessigkeiten","7":"product_cat-dessert-chips-2","8":"product_cat-suessigkeiten-schokolade","10":"first","11":"instock","12":"taxable","13":"shipping-taxable","14":"purchasable","15":"product-type-simple"},"yoast_head":"<!-- This site is optimized with the Yoast SEO Premium plugin v26.5 (Yoast SEO v27.3) - https:\/\/yoast.com\/product\/yoast-seo-premium-wordpress\/ -->\n<title>Guar Lady Clogs \u2013 250 g - Yasmin Food<\/title>\n<meta name=\"description\" content=\"Guar Lady Clogs \u2013 250 g Eine unverwechselbare Auswahl an weichen Desserts in leuchtenden Farben und einer Vielzahl von Geschmacksrichtungen, die jeden Geschmack zufriedenstellen. Sie zeichnet sich durch ihre weiche Textur und den k\u00f6stlichen fruchtigen Geschmack aus\" \/>\n<meta name=\"robots\" content=\"index, follow, max-snippet:-1, max-image-preview:large, max-video-preview:-1\" \/>\n<link rel=\"canonical\" href=\"https:\/\/yasminfood.ch\/de\/product\/guar-lady-clogs-250-g\/\" \/>\n<meta property=\"og:locale\" content=\"de_DE\" \/>\n<meta property=\"og:type\" content=\"article\" \/>\n<meta property=\"og:title\" content=\"Guar Lady Clogs \u2013 250 g\" \/>\n<meta property=\"og:description\" content=\"Guar Lady Clogs \u2013 250 g   Eine besondere Auswahl an weichen Obstdesserts in leuchtenden Farben und einer Vielzahl von Geschmacksrichtungen   Befriedigt alle Geschm\u00e4cker. Er hat eine weiche Textur und einen k\u00f6stlichen fruchtigen Geschmack, was ihn zu einer idealen Wahl f\u00fcr allt\u00e4gliche Unterhaltung macht.\" \/>\n<meta property=\"og:url\" content=\"https:\/\/yasminfood.ch\/de\/product\/guar-lady-clogs-250-g\/\" \/>\n<meta property=\"og:site_name\" content=\"Yasmin Food\" \/>\n<meta property=\"article:publisher\" content=\"https:\/\/www.facebook.com\/yasminmarkt1\" \/>\n<meta property=\"article:modified_time\" content=\"2026-02-19T21:05:04+00:00\" \/>\n<meta property=\"og:image\" content=\"https:\/\/yasminfood.ch\/wp-content\/uploads\/2026\/02\/\u0642\u0628\u0627\u0642\u064a\u0628-\u063a\u0648\u0627\u0631-\u0644\u064a\u062f\u064a-250\u063a.png\" \/>\n\t<meta property=\"og:image:width\" content=\"1080\" \/>\n\t<meta property=\"og:image:height\" content=\"1080\" \/>\n\t<meta property=\"og:image:type\" content=\"image\/png\" \/>\n<meta name=\"twitter:card\" content=\"summary_large_image\" \/>\n<meta name=\"twitter:label1\" content=\"Preis\" \/>\n\t<meta name=\"twitter:data1\" content=\"3.95&nbsp;&#067;&#072;&#070;\" \/>\n\t<meta name=\"twitter:label2\" content=\"Verf\u00fcgbarkeit\" \/>\n\t<meta name=\"twitter:data2\" content=\"Auf Lager\" \/>\n<script type=\"application\/ld+json\" class=\"yoast-schema-graph\">{\"@context\":\"https:\\\/\\\/schema.org\",\"@graph\":[{\"@type\":\"WebPage\",\"@id\":\"https:\\\/\\\/yasminfood.ch\\\/de\\\/product\\\/guar-lady-clogs-250-g\\\/\",\"url\":\"https:\\\/\\\/yasminfood.ch\\\/de\\\/product\\\/guar-lady-clogs-250-g\\\/\",\"name\":\"Guar Lady Clogs \u2013 250 g - Yasmin Food\",\"isPartOf\":{\"@id\":\"https:\\\/\\\/yasminfood.ch\\\/de\\\/#website\"},\"primaryImageOfPage\":{\"@id\":\"https:\\\/\\\/yasminfood.ch\\\/de\\\/product\\\/guar-lady-clogs-250-g\\\/#primaryimage\"},\"image\":{\"@id\":\"https:\\\/\\\/yasminfood.ch\\\/de\\\/product\\\/guar-lady-clogs-250-g\\\/#primaryimage\"},\"thumbnailUrl\":\"https:\\\/\\\/yasminfood.ch\\\/wp-content\\\/uploads\\\/2026\\\/02\\\/\u0642\u0628\u0627\u0642\u064a\u0628-\u063a\u0648\u0627\u0631-\u0644\u064a\u062f\u064a-250\u063a.png\",\"datePublished\":\"2026-02-19T21:03:28+00:00\",\"dateModified\":\"2026-02-19T21:05:04+00:00\",\"description\":\"Guar Lady Clogs \u2013 250 g Eine unverwechselbare Auswahl an weichen Desserts in leuchtenden Farben und einer Vielzahl von Geschmacksrichtungen, die jeden Geschmack zufriedenstellen. Sie zeichnet sich durch ihre weiche Textur und den k\u00f6stlichen fruchtigen Geschmack aus\",\"breadcrumb\":{\"@id\":\"https:\\\/\\\/yasminfood.ch\\\/de\\\/product\\\/guar-lady-clogs-250-g\\\/#breadcrumb\"},\"inLanguage\":\"de\",\"potentialAction\":[{\"@type\":\"ReadAction\",\"target\":[\"https:\\\/\\\/yasminfood.ch\\\/de\\\/product\\\/guar-lady-clogs-250-g\\\/\"]}]},{\"@type\":\"ImageObject\",\"inLanguage\":\"de\",\"@id\":\"https:\\\/\\\/yasminfood.ch\\\/de\\\/product\\\/guar-lady-clogs-250-g\\\/#primaryimage\",\"url\":\"https:\\\/\\\/yasminfood.ch\\\/wp-content\\\/uploads\\\/2026\\\/02\\\/\u0642\u0628\u0627\u0642\u064a\u0628-\u063a\u0648\u0627\u0631-\u0644\u064a\u062f\u064a-250\u063a.png\",\"contentUrl\":\"https:\\\/\\\/yasminfood.ch\\\/wp-content\\\/uploads\\\/2026\\\/02\\\/\u0642\u0628\u0627\u0642\u064a\u0628-\u063a\u0648\u0627\u0631-\u0644\u064a\u062f\u064a-250\u063a.png\",\"width\":1080,\"height\":1080,\"caption\":\"Guar Lady Clogs \u2013 250 g\"},{\"@type\":\"BreadcrumbList\",\"@id\":\"https:\\\/\\\/yasminfood.ch\\\/de\\\/product\\\/guar-lady-clogs-250-g\\\/#breadcrumb\",\"itemListElement\":[{\"@type\":\"ListItem\",\"position\":1,\"name\":\"\u0627\u0644\u0631\u0626\u064a\u0633\u064a\u0629\",\"item\":\"https:\\\/\\\/yasminfood.ch\\\/de\\\/zuhause\\\/\"},{\"@type\":\"ListItem\",\"position\":2,\"name\":\"Shop\",\"item\":\"https:\\\/\\\/yasminfood.ch\\\/de\\\/shop\\\/\"},{\"@type\":\"ListItem\",\"position\":3,\"name\":\"Guar Lady Clogs \u2013 250 g\"}]},{\"@type\":\"WebSite\",\"@id\":\"https:\\\/\\\/yasminfood.ch\\\/de\\\/#website\",\"url\":\"https:\\\/\\\/yasminfood.ch\\\/de\\\/\",\"name\":\"\u064a\u0627\u0633\u0645\u064a\u0646 \u0645\u0627\u0631\u0643\u062a\",\"description\":\"Alles, was Sie brauchen, an einem Ort\",\"publisher\":{\"@id\":\"https:\\\/\\\/yasminfood.ch\\\/de\\\/#organization\"},\"alternateName\":\"Yasmin Food\",\"potentialAction\":[{\"@type\":\"SearchAction\",\"target\":{\"@type\":\"EntryPoint\",\"urlTemplate\":\"https:\\\/\\\/yasminfood.ch\\\/de\\\/?s={search_term_string}\"},\"query-input\":{\"@type\":\"PropertyValueSpecification\",\"valueRequired\":true,\"valueName\":\"search_term_string\"}}],\"inLanguage\":\"de\"},{\"@type\":\"Organization\",\"@id\":\"https:\\\/\\\/yasminfood.ch\\\/de\\\/#organization\",\"name\":\"\u064a\u0627\u0633\u0645\u064a\u0646 \u0645\u0627\u0631\u0643\u062a\",\"alternateName\":\"Yasmin Food\",\"url\":\"https:\\\/\\\/yasminfood.ch\\\/de\\\/\",\"logo\":{\"@type\":\"ImageObject\",\"inLanguage\":\"de\",\"@id\":\"https:\\\/\\\/yasminfood.ch\\\/de\\\/#\\\/schema\\\/logo\\\/image\\\/\",\"url\":\"https:\\\/\\\/yasminfood.ch\\\/wp-content\\\/uploads\\\/2025\\\/05\\\/yasmin-food-header-logo.png\",\"contentUrl\":\"https:\\\/\\\/yasminfood.ch\\\/wp-content\\\/uploads\\\/2025\\\/05\\\/yasmin-food-header-logo.png\",\"width\":330,\"height\":120,\"caption\":\"\u064a\u0627\u0633\u0645\u064a\u0646 \u0645\u0627\u0631\u0643\u062a\"},\"image\":{\"@id\":\"https:\\\/\\\/yasminfood.ch\\\/de\\\/#\\\/schema\\\/logo\\\/image\\\/\"},\"sameAs\":[\"https:\\\/\\\/www.facebook.com\\\/yasminmarkt1\",\"https:\\\/\\\/www.tiktok.com\\\/@yasminmarkt\",\"https:\\\/\\\/www.instagram.com\\\/yasmin.markt1\\\/\",\"https:\\\/\\\/api.whatsapp.com\\\/send\\\/?phone=41799000104\"],\"publishingPrinciples\":\"https:\\\/\\\/yasminfood.ch\\\/de\\\/shop\\\/\",\"ownershipFundingInfo\":\"https:\\\/\\\/yasminfood.ch\\\/de\\\/shop\\\/\"}]}<\/script>\n<meta property=\"product:price:amount\" content=\"3.95\" \/>\n<meta property=\"product:price:currency\" content=\"CHF\" \/>\n<meta property=\"og:availability\" content=\"instock\" \/>\n<meta property=\"product:availability\" content=\"instock\" \/>\n<meta property=\"product:condition\" content=\"new\" \/>\n<!-- \/ Yoast SEO Premium plugin. -->","yoast_head_json":{"title":"Guar Lady Clogs \u2013 250 g - Yasmin Food","description":"Guar Lady Clogs \u2013 250 g Eine unverwechselbare Auswahl an weichen Desserts in leuchtenden Farben und einer Vielzahl von Geschmacksrichtungen, die jeden Geschmack zufriedenstellen. Sie zeichnet sich durch ihre weiche Textur und den k\u00f6stlichen fruchtigen Geschmack aus","robots":{"index":"index","follow":"follow","max-snippet":"max-snippet:-1","max-image-preview":"max-image-preview:large","max-video-preview":"max-video-preview:-1"},"canonical":"https:\/\/yasminfood.ch\/de\/product\/guar-lady-clogs-250-g\/","og_locale":"de_DE","og_type":"article","og_title":"Guar Lady Clogs \u2013 250 g","og_description":"Guar Lady Clogs \u2013 250 g   Eine besondere Auswahl an weichen Obstdesserts in leuchtenden Farben und einer Vielzahl von Geschmacksrichtungen   Befriedigt alle Geschm\u00e4cker. Er hat eine weiche Textur und einen k\u00f6stlichen fruchtigen Geschmack, was ihn zu einer idealen Wahl f\u00fcr allt\u00e4gliche Unterhaltung macht.","og_url":"https:\/\/yasminfood.ch\/de\/product\/guar-lady-clogs-250-g\/","og_site_name":"Yasmin Food","article_publisher":"https:\/\/www.facebook.com\/yasminmarkt1","article_modified_time":"2026-02-19T21:05:04+00:00","og_image":[{"width":1080,"height":1080,"url":"https:\/\/yasminfood.ch\/wp-content\/uploads\/2026\/02\/\u0642\u0628\u0627\u0642\u064a\u0628-\u063a\u0648\u0627\u0631-\u0644\u064a\u062f\u064a-250\u063a.png","type":"image\/png"}],"twitter_card":"summary_large_image","twitter_misc":{"Preis":"3.95&nbsp;&#67;&#72;&#70;","Verf\u00fcgbarkeit":"Auf Lager"},"schema":{"@context":"https:\/\/schema.org","@graph":[{"@type":"WebPage","@id":"https:\/\/yasminfood.ch\/de\/product\/guar-lady-clogs-250-g\/","url":"https:\/\/yasminfood.ch\/de\/product\/guar-lady-clogs-250-g\/","name":"Guar Lady Clogs \u2013 250 g - Yasmin Food","isPartOf":{"@id":"https:\/\/yasminfood.ch\/de\/#website"},"primaryImageOfPage":{"@id":"https:\/\/yasminfood.ch\/de\/product\/guar-lady-clogs-250-g\/#primaryimage"},"image":{"@id":"https:\/\/yasminfood.ch\/de\/product\/guar-lady-clogs-250-g\/#primaryimage"},"thumbnailUrl":"https:\/\/yasminfood.ch\/wp-content\/uploads\/2026\/02\/\u0642\u0628\u0627\u0642\u064a\u0628-\u063a\u0648\u0627\u0631-\u0644\u064a\u062f\u064a-250\u063a.png","datePublished":"2026-02-19T21:03:28+00:00","dateModified":"2026-02-19T21:05:04+00:00","description":"Guar Lady Clogs \u2013 250 g Eine unverwechselbare Auswahl an weichen Desserts in leuchtenden Farben und einer Vielzahl von Geschmacksrichtungen, die jeden Geschmack zufriedenstellen. Sie zeichnet sich durch ihre weiche Textur und den k\u00f6stlichen fruchtigen Geschmack aus","breadcrumb":{"@id":"https:\/\/yasminfood.ch\/de\/product\/guar-lady-clogs-250-g\/#breadcrumb"},"inLanguage":"de","potentialAction":[{"@type":"ReadAction","target":["https:\/\/yasminfood.ch\/de\/product\/guar-lady-clogs-250-g\/"]}]},{"@type":"ImageObject","inLanguage":"de","@id":"https:\/\/yasminfood.ch\/de\/product\/guar-lady-clogs-250-g\/#primaryimage","url":"https:\/\/yasminfood.ch\/wp-content\/uploads\/2026\/02\/\u0642\u0628\u0627\u0642\u064a\u0628-\u063a\u0648\u0627\u0631-\u0644\u064a\u062f\u064a-250\u063a.png","contentUrl":"https:\/\/yasminfood.ch\/wp-content\/uploads\/2026\/02\/\u0642\u0628\u0627\u0642\u064a\u0628-\u063a\u0648\u0627\u0631-\u0644\u064a\u062f\u064a-250\u063a.png","width":1080,"height":1080,"caption":"Guar Lady Clogs \u2013 250 g"},{"@type":"BreadcrumbList","@id":"https:\/\/yasminfood.ch\/de\/product\/guar-lady-clogs-250-g\/#breadcrumb","itemListElement":[{"@type":"ListItem","position":1,"name":"\u0627\u0644\u0631\u0626\u064a\u0633\u064a\u0629","item":"https:\/\/yasminfood.ch\/de\/zuhause\/"},{"@type":"ListItem","position":2,"name":"Shop","item":"https:\/\/yasminfood.ch\/de\/shop\/"},{"@type":"ListItem","position":3,"name":"Guar Lady Clogs \u2013 250 g"}]},{"@type":"WebSite","@id":"https:\/\/yasminfood.ch\/de\/#website","url":"https:\/\/yasminfood.ch\/de\/","name":"\u064a\u0627\u0633\u0645\u064a\u0646 \u0645\u0627\u0631\u0643\u062a","description":"Alles, was Sie brauchen, an einem Ort","publisher":{"@id":"https:\/\/yasminfood.ch\/de\/#organization"},"alternateName":"Yasmin Food","potentialAction":[{"@type":"SearchAction","target":{"@type":"EntryPoint","urlTemplate":"https:\/\/yasminfood.ch\/de\/?s={search_term_string}"},"query-input":{"@type":"PropertyValueSpecification","valueRequired":true,"valueName":"search_term_string"}}],"inLanguage":"de"},{"@type":"Organization","@id":"https:\/\/yasminfood.ch\/de\/#organization","name":"\u064a\u0627\u0633\u0645\u064a\u0646 \u0645\u0627\u0631\u0643\u062a","alternateName":"Yasmin Food","url":"https:\/\/yasminfood.ch\/de\/","logo":{"@type":"ImageObject","inLanguage":"de","@id":"https:\/\/yasminfood.ch\/de\/#\/schema\/logo\/image\/","url":"https:\/\/yasminfood.ch\/wp-content\/uploads\/2025\/05\/yasmin-food-header-logo.png","contentUrl":"https:\/\/yasminfood.ch\/wp-content\/uploads\/2025\/05\/yasmin-food-header-logo.png","width":330,"height":120,"caption":"\u064a\u0627\u0633\u0645\u064a\u0646 \u0645\u0627\u0631\u0643\u062a"},"image":{"@id":"https:\/\/yasminfood.ch\/de\/#\/schema\/logo\/image\/"},"sameAs":["https:\/\/www.facebook.com\/yasminmarkt1","https:\/\/www.tiktok.com\/@yasminmarkt","https:\/\/www.instagram.com\/yasmin.markt1\/","https:\/\/api.whatsapp.com\/send\/?phone=41799000104"],"publishingPrinciples":"https:\/\/yasminfood.ch\/de\/shop\/","ownershipFundingInfo":"https:\/\/yasminfood.ch\/de\/shop\/"}]},"product_price_amount":"3.95","product_price_currency":"CHF","og_availability":"instock","product_availability":"instock","product_condition":"new"},"jetpack_sharing_enabled":true,"_links":{"self":[{"href":"https:\/\/yasminfood.ch\/de\/wp-json\/wp\/v2\/product\/121807","targetHints":{"allow":["GET"]}}],"collection":[{"href":"https:\/\/yasminfood.ch\/de\/wp-json\/wp\/v2\/product"}],"about":[{"href":"https:\/\/yasminfood.ch\/de\/wp-json\/wp\/v2\/types\/product"}],"replies":[{"embeddable":true,"href":"https:\/\/yasminfood.ch\/de\/wp-json\/wp\/v2\/comments?post=121807"}],"version-history":[{"count":0,"href":"https:\/\/yasminfood.ch\/de\/wp-json\/wp\/v2\/product\/121807\/revisions"}],"wp:featuredmedia":[{"embeddable":true,"href":"https:\/\/yasminfood.ch\/de\/wp-json\/wp\/v2\/media\/121808"}],"wp:attachment":[{"href":"https:\/\/yasminfood.ch\/de\/wp-json\/wp\/v2\/media?parent=121807"}],"wp:term":[{"taxonomy":"product_brand","embeddable":true,"href":"https:\/\/yasminfood.ch\/de\/wp-json\/wp\/v2\/product_brand?post=121807"},{"taxonomy":"product_cat","embeddable":true,"href":"https:\/\/yasminfood.ch\/de\/wp-json\/wp\/v2\/product_cat?post=121807"},{"taxonomy":"product_tag","embeddable":true,"href":"https:\/\/yasminfood.ch\/de\/wp-json\/wp\/v2\/product_tag?post=121807"}],"curies":[{"name":"wp","href":"https:\/\/api.w.org\/{rel}","templated":true}]}}