{"id":121865,"date":"2026-02-26T01:26:15","date_gmt":"2026-02-26T00:26:15","guid":{"rendered":"https:\/\/yasminfood.ch\/product\/1-kilo-bashan-medium-bulgur\/"},"modified":"2026-02-26T01:46:50","modified_gmt":"2026-02-26T00:46:50","slug":"1-kilo-bashan-medium-bulgur","status":"publish","type":"product","link":"https:\/\/yasminfood.ch\/de\/product\/1-kilo-bashan-medium-bulgur\/","title":{"rendered":"1-Kilo-Bashan Medium Bulgur"},"content":{"rendered":"<p><strong>1-Kilo-Bashan Medium Bulgur<\/strong><\/p>\n<ul>\n<li>\n<p data-start=\"49\" data-end=\"276\">  Es ist eine ideale Wahl f\u00fcr die Zubereitung der k\u00f6stlichsten \u00f6stlichen und westlichen Gerichte.<\/p>\n<\/li>\n<li>\n<p data-start=\"49\" data-end=\"276\">Sie zeichnet sich durch ihre mittelgro\u00dfen K\u00f6rner und ihre feste Textur nach dem Kochen aus.<\/p>\n<\/li>\n<li>\n<p data-start=\"49\" data-end=\"276\">Das macht es geeignet f\u00fcr Gerichte wie Tabbouleh, Kibbeh, Mujadara, F\u00fcllungen und verschiedene Beilagen. <\/p>\n<\/li>\n<li>\n<p data-start=\"49\" data-end=\"276\">Er wird aus dem feinsten, sorgf\u00e4ltig ausgew\u00e4hlten Weizen hergestellt und ist eine nat\u00fcrliche Quelle f\u00fcr Ballaststoffe und pflanzliches Eiwei\u00df. <\/p>\n<\/li>\n<li>\n<p data-start=\"49\" data-end=\"276\">Das macht es zu einer gesunden und ausgewogenen Wahl f\u00fcr Ihre t\u00e4gliche Ern\u00e4hrung. Es eignet sich auch f\u00fcr Vegetarier und zeichnet sich durch die Leichtigkeit und Geschwindigkeit der Zubereitung aus. <\/p>\n<p data-start=\"477\" data-end=\"486\">Funktionen:<\/p>\n<ul data-start=\"487\" data-end=\"642\">\n<li data-start=\"487\" data-end=\"520\">\n<p data-start=\"489\" data-end=\"520\">Mittelgro\u00dfe K\u00f6rner mit hoher Qualit\u00e4t<\/p>\n<\/li>\n<li data-start=\"521\" data-end=\"553\">\n<p data-start=\"523\" data-end=\"553\">Eine nat\u00fcrliche Quelle von Ballaststoffen und Proteinen<\/p>\n<\/li>\n<li data-start=\"554\" data-end=\"573\">\n<p data-start=\"556\" data-end=\"573\">Geeignet f\u00fcr Vegetarier<\/p>\n<\/li>\n<li data-start=\"574\" data-end=\"608\">\n<p data-start=\"576\" data-end=\"608\">Perfekt f\u00fcr eine Vielzahl von Rezepten<\/p>\n<\/li>\n<li data-start=\"609\" data-end=\"642\">\n<p data-start=\"611\" data-end=\"642\">Versiegelte Verpackung, um frisch zu bleiben<\/p>\n<\/li>\n<\/ul>\n<p data-start=\"644\" data-end=\"696\" data-is-last-node=\"\" data-is-only-node=\"\">\n<\/li>\n<\/ul>\n","protected":false},"excerpt":{"rendered":"<p><strong>1-Kilo-Bashan Medium Bulgur<\/strong><\/p>\n<ul>\n<li>\n<p data-start=\"49\" data-end=\"276\">  Es ist eine ideale Wahl f\u00fcr die Zubereitung der k\u00f6stlichsten \u00f6stlichen und westlichen Gerichte.<\/p>\n<\/li>\n<li>\n<p data-start=\"49\" data-end=\"276\">Sie zeichnet sich durch ihre mittelgro\u00dfen K\u00f6rner und ihre feste Textur nach dem Kochen aus.<\/p>\n<\/li>\n<\/ul>\n","protected":false},"featured_media":121867,"comment_status":"open","ping_status":"closed","template":"","meta":[],"product_brand":[],"product_cat":[323,320],"product_tag":[],"class_list":{"0":"post-121865","1":"product","2":"type-product","3":"status-publish","4":"has-post-thumbnail","6":"product_cat-bulgur-de","7":"product_cat-reis-getreide","9":"first","10":"instock","11":"taxable","12":"shipping-taxable","13":"purchasable","14":"product-type-simple"},"yoast_head":"<!-- This site is optimized with the Yoast SEO Premium plugin v26.5 (Yoast SEO v27.4) - https:\/\/yoast.com\/product\/yoast-seo-premium-wordpress\/ -->\n<title>1-Kilo-Bashan Medium Bulgur - Yasmin Food<\/title>\n<meta name=\"description\" content=\"1-Kilo-Bashan Medium Bulgur ist eine ideale Wahl, um die k\u00f6stlichsten \u00f6stlichen und westlichen Gerichte zuzubereiten.\" \/>\n<meta name=\"robots\" content=\"index, follow, max-snippet:-1, max-image-preview:large, max-video-preview:-1\" \/>\n<link rel=\"canonical\" href=\"https:\/\/yasminfood.ch\/de\/product\/1-kilo-bashan-medium-bulgur\/\" \/>\n<meta property=\"og:locale\" content=\"de_DE\" \/>\n<meta property=\"og:type\" content=\"article\" \/>\n<meta property=\"og:title\" content=\"1-Kilo-Bashan Medium Bulgur\" \/>\n<meta property=\"og:description\" content=\"1-Kilo-Bashan Medium Bulgur    Es ist eine ideale Wahl f\u00fcr die Zubereitung der k\u00f6stlichsten \u00f6stlichen und westlichen Gerichte.   Sie zeichnet sich durch ihre mittelgro\u00dfen K\u00f6rner und ihre feste Textur nach dem Kochen aus.\" \/>\n<meta property=\"og:url\" content=\"https:\/\/yasminfood.ch\/de\/product\/1-kilo-bashan-medium-bulgur\/\" \/>\n<meta property=\"og:site_name\" content=\"Yasmin Food\" \/>\n<meta property=\"article:publisher\" content=\"https:\/\/www.facebook.com\/yasminmarkt1\" \/>\n<meta property=\"article:modified_time\" content=\"2026-02-26T00:46:50+00:00\" \/>\n<meta property=\"og:image\" content=\"https:\/\/yasminfood.ch\/wp-content\/uploads\/2026\/02\/\u0628\u0631\u063a\u0644-\u0648\u0633\u0637-1-\u0643\u064a\u0644\u0648-\u0628\u0627\u0634\u0627\u0646-1.png\" \/>\n\t<meta property=\"og:image:width\" content=\"1080\" \/>\n\t<meta property=\"og:image:height\" content=\"1080\" \/>\n\t<meta property=\"og:image:type\" content=\"image\/png\" \/>\n<meta name=\"twitter:card\" content=\"summary_large_image\" \/>\n<meta name=\"twitter:label1\" content=\"Preis\" \/>\n\t<meta name=\"twitter:data1\" content=\"3.95&nbsp;&#067;&#072;&#070;\" \/>\n\t<meta name=\"twitter:label2\" content=\"Verf\u00fcgbarkeit\" \/>\n\t<meta name=\"twitter:data2\" content=\"Auf Lager\" \/>\n<script type=\"application\/ld+json\" class=\"yoast-schema-graph\">{\"@context\":\"https:\\\/\\\/schema.org\",\"@graph\":[{\"@type\":\"WebPage\",\"@id\":\"https:\\\/\\\/yasminfood.ch\\\/de\\\/product\\\/1-kilo-bashan-medium-bulgur\\\/\",\"url\":\"https:\\\/\\\/yasminfood.ch\\\/de\\\/product\\\/1-kilo-bashan-medium-bulgur\\\/\",\"name\":\"1-Kilo-Bashan Medium Bulgur - Yasmin Food\",\"isPartOf\":{\"@id\":\"https:\\\/\\\/yasminfood.ch\\\/de\\\/#website\"},\"primaryImageOfPage\":{\"@id\":\"https:\\\/\\\/yasminfood.ch\\\/de\\\/product\\\/1-kilo-bashan-medium-bulgur\\\/#primaryimage\"},\"image\":{\"@id\":\"https:\\\/\\\/yasminfood.ch\\\/de\\\/product\\\/1-kilo-bashan-medium-bulgur\\\/#primaryimage\"},\"thumbnailUrl\":\"https:\\\/\\\/yasminfood.ch\\\/wp-content\\\/uploads\\\/2026\\\/02\\\/\u0628\u0631\u063a\u0644-\u0648\u0633\u0637-1-\u0643\u064a\u0644\u0648-\u0628\u0627\u0634\u0627\u0646-1.png\",\"datePublished\":\"2026-02-26T00:26:15+00:00\",\"dateModified\":\"2026-02-26T00:46:50+00:00\",\"description\":\"1-Kilo-Bashan Medium Bulgur ist eine ideale Wahl, um die k\u00f6stlichsten \u00f6stlichen und westlichen Gerichte zuzubereiten.\",\"breadcrumb\":{\"@id\":\"https:\\\/\\\/yasminfood.ch\\\/de\\\/product\\\/1-kilo-bashan-medium-bulgur\\\/#breadcrumb\"},\"inLanguage\":\"de\",\"potentialAction\":[{\"@type\":\"ReadAction\",\"target\":[\"https:\\\/\\\/yasminfood.ch\\\/de\\\/product\\\/1-kilo-bashan-medium-bulgur\\\/\"]}]},{\"@type\":\"ImageObject\",\"inLanguage\":\"de\",\"@id\":\"https:\\\/\\\/yasminfood.ch\\\/de\\\/product\\\/1-kilo-bashan-medium-bulgur\\\/#primaryimage\",\"url\":\"https:\\\/\\\/yasminfood.ch\\\/wp-content\\\/uploads\\\/2026\\\/02\\\/\u0628\u0631\u063a\u0644-\u0648\u0633\u0637-1-\u0643\u064a\u0644\u0648-\u0628\u0627\u0634\u0627\u0646-1.png\",\"contentUrl\":\"https:\\\/\\\/yasminfood.ch\\\/wp-content\\\/uploads\\\/2026\\\/02\\\/\u0628\u0631\u063a\u0644-\u0648\u0633\u0637-1-\u0643\u064a\u0644\u0648-\u0628\u0627\u0634\u0627\u0646-1.png\",\"width\":1080,\"height\":1080,\"caption\":\"1-Kilo-Bashan Medium Bulgur\"},{\"@type\":\"BreadcrumbList\",\"@id\":\"https:\\\/\\\/yasminfood.ch\\\/de\\\/product\\\/1-kilo-bashan-medium-bulgur\\\/#breadcrumb\",\"itemListElement\":[{\"@type\":\"ListItem\",\"position\":1,\"name\":\"\u0627\u0644\u0631\u0626\u064a\u0633\u064a\u0629\",\"item\":\"https:\\\/\\\/yasminfood.ch\\\/de\\\/zuhause\\\/\"},{\"@type\":\"ListItem\",\"position\":2,\"name\":\"Shop\",\"item\":\"https:\\\/\\\/yasminfood.ch\\\/de\\\/shop\\\/\"},{\"@type\":\"ListItem\",\"position\":3,\"name\":\"Reis &amp; Getreide\",\"item\":\"https:\\\/\\\/yasminfood.ch\\\/de\\\/produkt-kategorie\\\/reis-getreide\\\/\"},{\"@type\":\"ListItem\",\"position\":4,\"name\":\"Bulgur\",\"item\":\"https:\\\/\\\/yasminfood.ch\\\/de\\\/produkt-kategorie\\\/reis-getreide\\\/bulgur-de\\\/\"},{\"@type\":\"ListItem\",\"position\":5,\"name\":\"1-Kilo-Bashan Medium Bulgur\"}]},{\"@type\":\"WebSite\",\"@id\":\"https:\\\/\\\/yasminfood.ch\\\/de\\\/#website\",\"url\":\"https:\\\/\\\/yasminfood.ch\\\/de\\\/\",\"name\":\"\u064a\u0627\u0633\u0645\u064a\u0646 \u0645\u0627\u0631\u0643\u062a\",\"description\":\"Alles, was Sie brauchen, an einem Ort\",\"publisher\":{\"@id\":\"https:\\\/\\\/yasminfood.ch\\\/de\\\/#organization\"},\"alternateName\":\"Yasmin Food\",\"potentialAction\":[{\"@type\":\"SearchAction\",\"target\":{\"@type\":\"EntryPoint\",\"urlTemplate\":\"https:\\\/\\\/yasminfood.ch\\\/de\\\/?s={search_term_string}\"},\"query-input\":{\"@type\":\"PropertyValueSpecification\",\"valueRequired\":true,\"valueName\":\"search_term_string\"}}],\"inLanguage\":\"de\"},{\"@type\":\"Organization\",\"@id\":\"https:\\\/\\\/yasminfood.ch\\\/de\\\/#organization\",\"name\":\"\u064a\u0627\u0633\u0645\u064a\u0646 \u0645\u0627\u0631\u0643\u062a\",\"alternateName\":\"Yasmin Food\",\"url\":\"https:\\\/\\\/yasminfood.ch\\\/de\\\/\",\"logo\":{\"@type\":\"ImageObject\",\"inLanguage\":\"de\",\"@id\":\"https:\\\/\\\/yasminfood.ch\\\/de\\\/#\\\/schema\\\/logo\\\/image\\\/\",\"url\":\"https:\\\/\\\/yasminfood.ch\\\/wp-content\\\/uploads\\\/2025\\\/05\\\/yasmin-food-header-logo.png\",\"contentUrl\":\"https:\\\/\\\/yasminfood.ch\\\/wp-content\\\/uploads\\\/2025\\\/05\\\/yasmin-food-header-logo.png\",\"width\":330,\"height\":120,\"caption\":\"\u064a\u0627\u0633\u0645\u064a\u0646 \u0645\u0627\u0631\u0643\u062a\"},\"image\":{\"@id\":\"https:\\\/\\\/yasminfood.ch\\\/de\\\/#\\\/schema\\\/logo\\\/image\\\/\"},\"sameAs\":[\"https:\\\/\\\/www.facebook.com\\\/yasminmarkt1\",\"https:\\\/\\\/www.tiktok.com\\\/@yasminmarkt\",\"https:\\\/\\\/www.instagram.com\\\/yasmin.markt1\\\/\",\"https:\\\/\\\/api.whatsapp.com\\\/send\\\/?phone=41799000104\"],\"publishingPrinciples\":\"https:\\\/\\\/yasminfood.ch\\\/de\\\/shop\\\/\",\"ownershipFundingInfo\":\"https:\\\/\\\/yasminfood.ch\\\/de\\\/shop\\\/\"}]}<\/script>\n<meta property=\"product:price:amount\" content=\"3.95\" \/>\n<meta property=\"product:price:currency\" content=\"CHF\" \/>\n<meta property=\"og:availability\" content=\"instock\" \/>\n<meta property=\"product:availability\" content=\"instock\" \/>\n<meta property=\"product:condition\" content=\"new\" \/>\n<!-- \/ Yoast SEO Premium plugin. -->","yoast_head_json":{"title":"1-Kilo-Bashan Medium Bulgur - Yasmin Food","description":"1-Kilo-Bashan Medium Bulgur ist eine ideale Wahl, um die k\u00f6stlichsten \u00f6stlichen und westlichen Gerichte zuzubereiten.","robots":{"index":"index","follow":"follow","max-snippet":"max-snippet:-1","max-image-preview":"max-image-preview:large","max-video-preview":"max-video-preview:-1"},"canonical":"https:\/\/yasminfood.ch\/de\/product\/1-kilo-bashan-medium-bulgur\/","og_locale":"de_DE","og_type":"article","og_title":"1-Kilo-Bashan Medium Bulgur","og_description":"1-Kilo-Bashan Medium Bulgur    Es ist eine ideale Wahl f\u00fcr die Zubereitung der k\u00f6stlichsten \u00f6stlichen und westlichen Gerichte.   Sie zeichnet sich durch ihre mittelgro\u00dfen K\u00f6rner und ihre feste Textur nach dem Kochen aus.","og_url":"https:\/\/yasminfood.ch\/de\/product\/1-kilo-bashan-medium-bulgur\/","og_site_name":"Yasmin Food","article_publisher":"https:\/\/www.facebook.com\/yasminmarkt1","article_modified_time":"2026-02-26T00:46:50+00:00","og_image":[{"width":1080,"height":1080,"url":"https:\/\/yasminfood.ch\/wp-content\/uploads\/2026\/02\/\u0628\u0631\u063a\u0644-\u0648\u0633\u0637-1-\u0643\u064a\u0644\u0648-\u0628\u0627\u0634\u0627\u0646-1.png","type":"image\/png"}],"twitter_card":"summary_large_image","twitter_misc":{"Preis":"3.95&nbsp;&#67;&#72;&#70;","Verf\u00fcgbarkeit":"Auf Lager"},"schema":{"@context":"https:\/\/schema.org","@graph":[{"@type":"WebPage","@id":"https:\/\/yasminfood.ch\/de\/product\/1-kilo-bashan-medium-bulgur\/","url":"https:\/\/yasminfood.ch\/de\/product\/1-kilo-bashan-medium-bulgur\/","name":"1-Kilo-Bashan Medium Bulgur - Yasmin Food","isPartOf":{"@id":"https:\/\/yasminfood.ch\/de\/#website"},"primaryImageOfPage":{"@id":"https:\/\/yasminfood.ch\/de\/product\/1-kilo-bashan-medium-bulgur\/#primaryimage"},"image":{"@id":"https:\/\/yasminfood.ch\/de\/product\/1-kilo-bashan-medium-bulgur\/#primaryimage"},"thumbnailUrl":"https:\/\/yasminfood.ch\/wp-content\/uploads\/2026\/02\/\u0628\u0631\u063a\u0644-\u0648\u0633\u0637-1-\u0643\u064a\u0644\u0648-\u0628\u0627\u0634\u0627\u0646-1.png","datePublished":"2026-02-26T00:26:15+00:00","dateModified":"2026-02-26T00:46:50+00:00","description":"1-Kilo-Bashan Medium Bulgur ist eine ideale Wahl, um die k\u00f6stlichsten \u00f6stlichen und westlichen Gerichte zuzubereiten.","breadcrumb":{"@id":"https:\/\/yasminfood.ch\/de\/product\/1-kilo-bashan-medium-bulgur\/#breadcrumb"},"inLanguage":"de","potentialAction":[{"@type":"ReadAction","target":["https:\/\/yasminfood.ch\/de\/product\/1-kilo-bashan-medium-bulgur\/"]}]},{"@type":"ImageObject","inLanguage":"de","@id":"https:\/\/yasminfood.ch\/de\/product\/1-kilo-bashan-medium-bulgur\/#primaryimage","url":"https:\/\/yasminfood.ch\/wp-content\/uploads\/2026\/02\/\u0628\u0631\u063a\u0644-\u0648\u0633\u0637-1-\u0643\u064a\u0644\u0648-\u0628\u0627\u0634\u0627\u0646-1.png","contentUrl":"https:\/\/yasminfood.ch\/wp-content\/uploads\/2026\/02\/\u0628\u0631\u063a\u0644-\u0648\u0633\u0637-1-\u0643\u064a\u0644\u0648-\u0628\u0627\u0634\u0627\u0646-1.png","width":1080,"height":1080,"caption":"1-Kilo-Bashan Medium Bulgur"},{"@type":"BreadcrumbList","@id":"https:\/\/yasminfood.ch\/de\/product\/1-kilo-bashan-medium-bulgur\/#breadcrumb","itemListElement":[{"@type":"ListItem","position":1,"name":"\u0627\u0644\u0631\u0626\u064a\u0633\u064a\u0629","item":"https:\/\/yasminfood.ch\/de\/zuhause\/"},{"@type":"ListItem","position":2,"name":"Shop","item":"https:\/\/yasminfood.ch\/de\/shop\/"},{"@type":"ListItem","position":3,"name":"Reis &amp; Getreide","item":"https:\/\/yasminfood.ch\/de\/produkt-kategorie\/reis-getreide\/"},{"@type":"ListItem","position":4,"name":"Bulgur","item":"https:\/\/yasminfood.ch\/de\/produkt-kategorie\/reis-getreide\/bulgur-de\/"},{"@type":"ListItem","position":5,"name":"1-Kilo-Bashan Medium Bulgur"}]},{"@type":"WebSite","@id":"https:\/\/yasminfood.ch\/de\/#website","url":"https:\/\/yasminfood.ch\/de\/","name":"\u064a\u0627\u0633\u0645\u064a\u0646 \u0645\u0627\u0631\u0643\u062a","description":"Alles, was Sie brauchen, an einem Ort","publisher":{"@id":"https:\/\/yasminfood.ch\/de\/#organization"},"alternateName":"Yasmin Food","potentialAction":[{"@type":"SearchAction","target":{"@type":"EntryPoint","urlTemplate":"https:\/\/yasminfood.ch\/de\/?s={search_term_string}"},"query-input":{"@type":"PropertyValueSpecification","valueRequired":true,"valueName":"search_term_string"}}],"inLanguage":"de"},{"@type":"Organization","@id":"https:\/\/yasminfood.ch\/de\/#organization","name":"\u064a\u0627\u0633\u0645\u064a\u0646 \u0645\u0627\u0631\u0643\u062a","alternateName":"Yasmin Food","url":"https:\/\/yasminfood.ch\/de\/","logo":{"@type":"ImageObject","inLanguage":"de","@id":"https:\/\/yasminfood.ch\/de\/#\/schema\/logo\/image\/","url":"https:\/\/yasminfood.ch\/wp-content\/uploads\/2025\/05\/yasmin-food-header-logo.png","contentUrl":"https:\/\/yasminfood.ch\/wp-content\/uploads\/2025\/05\/yasmin-food-header-logo.png","width":330,"height":120,"caption":"\u064a\u0627\u0633\u0645\u064a\u0646 \u0645\u0627\u0631\u0643\u062a"},"image":{"@id":"https:\/\/yasminfood.ch\/de\/#\/schema\/logo\/image\/"},"sameAs":["https:\/\/www.facebook.com\/yasminmarkt1","https:\/\/www.tiktok.com\/@yasminmarkt","https:\/\/www.instagram.com\/yasmin.markt1\/","https:\/\/api.whatsapp.com\/send\/?phone=41799000104"],"publishingPrinciples":"https:\/\/yasminfood.ch\/de\/shop\/","ownershipFundingInfo":"https:\/\/yasminfood.ch\/de\/shop\/"}]},"product_price_amount":"3.95","product_price_currency":"CHF","og_availability":"instock","product_availability":"instock","product_condition":"new"},"jetpack_sharing_enabled":true,"_links":{"self":[{"href":"https:\/\/yasminfood.ch\/de\/wp-json\/wp\/v2\/product\/121865","targetHints":{"allow":["GET"]}}],"collection":[{"href":"https:\/\/yasminfood.ch\/de\/wp-json\/wp\/v2\/product"}],"about":[{"href":"https:\/\/yasminfood.ch\/de\/wp-json\/wp\/v2\/types\/product"}],"replies":[{"embeddable":true,"href":"https:\/\/yasminfood.ch\/de\/wp-json\/wp\/v2\/comments?post=121865"}],"version-history":[{"count":0,"href":"https:\/\/yasminfood.ch\/de\/wp-json\/wp\/v2\/product\/121865\/revisions"}],"wp:featuredmedia":[{"embeddable":true,"href":"https:\/\/yasminfood.ch\/de\/wp-json\/wp\/v2\/media\/121867"}],"wp:attachment":[{"href":"https:\/\/yasminfood.ch\/de\/wp-json\/wp\/v2\/media?parent=121865"}],"wp:term":[{"taxonomy":"product_brand","embeddable":true,"href":"https:\/\/yasminfood.ch\/de\/wp-json\/wp\/v2\/product_brand?post=121865"},{"taxonomy":"product_cat","embeddable":true,"href":"https:\/\/yasminfood.ch\/de\/wp-json\/wp\/v2\/product_cat?post=121865"},{"taxonomy":"product_tag","embeddable":true,"href":"https:\/\/yasminfood.ch\/de\/wp-json\/wp\/v2\/product_tag?post=121865"}],"curies":[{"name":"wp","href":"https:\/\/api.w.org\/{rel}","templated":true}]}}