{"id":121940,"date":"2026-03-06T03:31:05","date_gmt":"2026-03-06T02:31:05","guid":{"rendered":"https:\/\/yasminfood.ch\/product\/halloumi-grillkaese-dean-gourmet-200-g\/"},"modified":"2026-03-06T03:45:53","modified_gmt":"2026-03-06T02:45:53","slug":"halloumi-grillkaese-dean-gourmet-200-g","status":"publish","type":"product","link":"https:\/\/yasminfood.ch\/de\/product\/halloumi-grillkaese-dean-gourmet-200-g\/","title":{"rendered":"Halloumi Grillk\u00e4se Dean Gourmet \u2013 200 g"},"content":{"rendered":"<p><strong>Halloumi Grillk\u00e4se Dean Gourmet \u2013 200 g<\/strong><\/p>\n<ul>\n<li>\n<p data-start=\"58\" data-end=\"296\">Es ist ein K\u00e4se, der sich perfekt zum Grillen eignet, gekennzeichnet durch seine feste Textur und den reichhaltigen Geschmack aus Kuhmilch. <\/p>\n<\/li>\n<li>\n<p data-start=\"58\" data-end=\"296\">Er beh\u00e4lt seine Form beim Grillen oder Braten, was ihn zu einer gro\u00dfartigen Wahl f\u00fcr k\u00f6stliche K\u00e4segerichte macht. <\/p>\n<\/li>\n<li>\n<p data-start=\"58\" data-end=\"296\">Sie k\u00f6nnen gegrillt, mit Gem\u00fcse frittiert oder zu Sandwiches und Salaten hinzugef\u00fcgt werden, um Ihnen einen herzhaften und unverwechselbaren Geschmack zu verleihen.<\/p>\n<\/li>\n<li>\n<p data-start=\"58\" data-end=\"296\">Es ist eine ideale Wahl f\u00fcr Fr\u00fchst\u00fccke oder Snacks und passt zu verschiedenen \u00f6stlichen und mediterranen Rezepten. <\/p>\n<p data-start=\"502\" data-end=\"520\"><strong data-start=\"502\" data-end=\"520\">Produktmerkmale:<\/strong><\/p>\n<ul data-start=\"521\" data-end=\"697\" data-is-last-node=\"\" data-is-only-node=\"\">\n<li data-section-id=\"1ka6h2c\" data-start=\"521\" data-end=\"549\">\n<p data-start=\"523\" data-end=\"549\">K\u00e4se, der zum Grillen und Braten geeignet ist<\/p>\n<\/li>\n<li data-section-id=\"bptlle\" data-start=\"550\" data-end=\"576\">\n<p data-start=\"552\" data-end=\"576\">Hergestellt aus Kuhmilch<\/p>\n<\/li>\n<li data-section-id=\"1ocvoz5\" data-start=\"577\" data-end=\"620\">\n<p data-start=\"579\" data-end=\"620\">Die feste Textur beh\u00e4lt die Form beim Kochen<\/p>\n<\/li>\n<li data-section-id=\"1s81ndt\" data-start=\"621\" data-end=\"651\">\n<p data-start=\"623\" data-end=\"651\">Ideal f\u00fcr Sandwiches und Salate<\/p>\n<\/li>\n<li data-section-id=\"1ojzda\" data-start=\"652\" data-end=\"697\" data-is-last-node=\"\">\n<p data-start=\"654\" data-end=\"697\" data-is-last-node=\"\"><strong data-start=\"664\" data-end=\"673\">200-gr-Pack<\/strong>, geeignet f\u00fcr den t\u00e4glichen Gebrauch<\/p>\n<\/li>\n<\/ul>\n<\/li>\n<\/ul>\n","protected":false},"excerpt":{"rendered":"<p><strong>Halloumi Grillk\u00e4se Dean Gourmet \u2013 200 g<\/strong><\/p>\n<ul>\n<li>\n<p data-start=\"58\" data-end=\"296\">Es ist ein K\u00e4se, der sich perfekt zum Grillen eignet, gekennzeichnet durch seine feste Textur und den reichhaltigen Geschmack aus Kuhmilch. <\/p>\n<\/li>\n<li>\n<p data-start=\"58\" data-end=\"296\">Er beh\u00e4lt seine Form beim Grillen oder Braten, was ihn zu einer gro\u00dfartigen Wahl f\u00fcr k\u00f6stliche K\u00e4segerichte macht. <\/p>\n<\/li>\n<\/ul>\n","protected":false},"featured_media":121943,"comment_status":"open","ping_status":"closed","template":"","meta":[],"product_brand":[],"product_cat":[295],"product_tag":[],"class_list":{"0":"post-121940","1":"product","2":"type-product","3":"status-publish","4":"has-post-thumbnail","6":"product_cat-milchprodukte-und-eier","8":"first","9":"instock","10":"taxable","11":"shipping-taxable","12":"purchasable","13":"product-type-simple"},"yoast_head":"<!-- This site is optimized with the Yoast SEO Premium plugin v26.5 (Yoast SEO v27.4) - https:\/\/yoast.com\/product\/yoast-seo-premium-wordpress\/ -->\n<title>Halloumi Grillk\u00e4se Dean Gourmet \u2013 200 g - Yasmin Food<\/title>\n<meta name=\"description\" content=\"Halloumi Grillk\u00e4se Dean Gourmet \u2013 200 g ist ein K\u00e4se, der sich perfekt zum Grillen eignet, gekennzeichnet durch seine feste Textur und seinen reichen Geschmack aus Kuhmilch.\" \/>\n<meta name=\"robots\" content=\"index, follow, max-snippet:-1, max-image-preview:large, max-video-preview:-1\" \/>\n<link rel=\"canonical\" href=\"https:\/\/yasminfood.ch\/de\/product\/halloumi-grillkaese-dean-gourmet-200-g\/\" \/>\n<meta property=\"og:locale\" content=\"de_DE\" \/>\n<meta property=\"og:type\" content=\"article\" \/>\n<meta property=\"og:title\" content=\"Halloumi Grillk\u00e4se Dean Gourmet \u2013 200 g\" \/>\n<meta property=\"og:description\" content=\"Halloumi Grillk\u00e4se Dean Gourmet \u2013 200 g   Es ist ein K\u00e4se, der sich perfekt zum Grillen eignet, gekennzeichnet durch seine feste Textur und den reichhaltigen Geschmack aus Kuhmilch.   Er beh\u00e4lt seine Form beim Grillen oder Braten, was ihn zu einer gro\u00dfartigen Wahl f\u00fcr k\u00f6stliche K\u00e4segerichte macht.\" \/>\n<meta property=\"og:url\" content=\"https:\/\/yasminfood.ch\/de\/product\/halloumi-grillkaese-dean-gourmet-200-g\/\" \/>\n<meta property=\"og:site_name\" content=\"Yasmin Food\" \/>\n<meta property=\"article:publisher\" content=\"https:\/\/www.facebook.com\/yasminmarkt1\" \/>\n<meta property=\"article:modified_time\" content=\"2026-03-06T02:45:53+00:00\" \/>\n<meta property=\"og:image\" content=\"https:\/\/yasminfood.ch\/wp-content\/uploads\/2026\/03\/\u062c\u0628\u0646\u0629-\u062d\u0644\u0648\u0645-DEAN-GOURMET-\u2013-200\u063a.png\" \/>\n\t<meta property=\"og:image:width\" content=\"1080\" \/>\n\t<meta property=\"og:image:height\" content=\"1080\" \/>\n\t<meta property=\"og:image:type\" content=\"image\/png\" \/>\n<meta name=\"twitter:card\" content=\"summary_large_image\" \/>\n<meta name=\"twitter:label1\" content=\"Preis\" \/>\n\t<meta name=\"twitter:data1\" content=\"7.95&nbsp;&#067;&#072;&#070;\" \/>\n\t<meta name=\"twitter:label2\" content=\"Verf\u00fcgbarkeit\" \/>\n\t<meta name=\"twitter:data2\" content=\"Auf Lager\" \/>\n<script type=\"application\/ld+json\" class=\"yoast-schema-graph\">{\"@context\":\"https:\\\/\\\/schema.org\",\"@graph\":[{\"@type\":\"WebPage\",\"@id\":\"https:\\\/\\\/yasminfood.ch\\\/de\\\/product\\\/halloumi-grillkaese-dean-gourmet-200-g\\\/\",\"url\":\"https:\\\/\\\/yasminfood.ch\\\/de\\\/product\\\/halloumi-grillkaese-dean-gourmet-200-g\\\/\",\"name\":\"Halloumi Grillk\u00e4se Dean Gourmet \u2013 200 g - Yasmin Food\",\"isPartOf\":{\"@id\":\"https:\\\/\\\/yasminfood.ch\\\/de\\\/#website\"},\"primaryImageOfPage\":{\"@id\":\"https:\\\/\\\/yasminfood.ch\\\/de\\\/product\\\/halloumi-grillkaese-dean-gourmet-200-g\\\/#primaryimage\"},\"image\":{\"@id\":\"https:\\\/\\\/yasminfood.ch\\\/de\\\/product\\\/halloumi-grillkaese-dean-gourmet-200-g\\\/#primaryimage\"},\"thumbnailUrl\":\"https:\\\/\\\/yasminfood.ch\\\/wp-content\\\/uploads\\\/2026\\\/03\\\/\u062c\u0628\u0646\u0629-\u062d\u0644\u0648\u0645-DEAN-GOURMET-\u2013-200\u063a.png\",\"datePublished\":\"2026-03-06T02:31:05+00:00\",\"dateModified\":\"2026-03-06T02:45:53+00:00\",\"description\":\"Halloumi Grillk\u00e4se Dean Gourmet \u2013 200 g ist ein K\u00e4se, der sich perfekt zum Grillen eignet, gekennzeichnet durch seine feste Textur und seinen reichen Geschmack aus Kuhmilch.\",\"breadcrumb\":{\"@id\":\"https:\\\/\\\/yasminfood.ch\\\/de\\\/product\\\/halloumi-grillkaese-dean-gourmet-200-g\\\/#breadcrumb\"},\"inLanguage\":\"de\",\"potentialAction\":[{\"@type\":\"ReadAction\",\"target\":[\"https:\\\/\\\/yasminfood.ch\\\/de\\\/product\\\/halloumi-grillkaese-dean-gourmet-200-g\\\/\"]}]},{\"@type\":\"ImageObject\",\"inLanguage\":\"de\",\"@id\":\"https:\\\/\\\/yasminfood.ch\\\/de\\\/product\\\/halloumi-grillkaese-dean-gourmet-200-g\\\/#primaryimage\",\"url\":\"https:\\\/\\\/yasminfood.ch\\\/wp-content\\\/uploads\\\/2026\\\/03\\\/\u062c\u0628\u0646\u0629-\u062d\u0644\u0648\u0645-DEAN-GOURMET-\u2013-200\u063a.png\",\"contentUrl\":\"https:\\\/\\\/yasminfood.ch\\\/wp-content\\\/uploads\\\/2026\\\/03\\\/\u062c\u0628\u0646\u0629-\u062d\u0644\u0648\u0645-DEAN-GOURMET-\u2013-200\u063a.png\",\"width\":1080,\"height\":1080,\"caption\":\"Halloumi Grillk\u00e4se Dean Gourmet \u2013 200 g\"},{\"@type\":\"BreadcrumbList\",\"@id\":\"https:\\\/\\\/yasminfood.ch\\\/de\\\/product\\\/halloumi-grillkaese-dean-gourmet-200-g\\\/#breadcrumb\",\"itemListElement\":[{\"@type\":\"ListItem\",\"position\":1,\"name\":\"\u0627\u0644\u0631\u0626\u064a\u0633\u064a\u0629\",\"item\":\"https:\\\/\\\/yasminfood.ch\\\/de\\\/zuhause\\\/\"},{\"@type\":\"ListItem\",\"position\":2,\"name\":\"Shop\",\"item\":\"https:\\\/\\\/yasminfood.ch\\\/de\\\/shop\\\/\"},{\"@type\":\"ListItem\",\"position\":3,\"name\":\"Halloumi Grillk\u00e4se Dean Gourmet \u2013 200 g\"}]},{\"@type\":\"WebSite\",\"@id\":\"https:\\\/\\\/yasminfood.ch\\\/de\\\/#website\",\"url\":\"https:\\\/\\\/yasminfood.ch\\\/de\\\/\",\"name\":\"\u064a\u0627\u0633\u0645\u064a\u0646 \u0645\u0627\u0631\u0643\u062a\",\"description\":\"Alles, was Sie brauchen, an einem Ort\",\"publisher\":{\"@id\":\"https:\\\/\\\/yasminfood.ch\\\/de\\\/#organization\"},\"alternateName\":\"Yasmin Food\",\"potentialAction\":[{\"@type\":\"SearchAction\",\"target\":{\"@type\":\"EntryPoint\",\"urlTemplate\":\"https:\\\/\\\/yasminfood.ch\\\/de\\\/?s={search_term_string}\"},\"query-input\":{\"@type\":\"PropertyValueSpecification\",\"valueRequired\":true,\"valueName\":\"search_term_string\"}}],\"inLanguage\":\"de\"},{\"@type\":\"Organization\",\"@id\":\"https:\\\/\\\/yasminfood.ch\\\/de\\\/#organization\",\"name\":\"\u064a\u0627\u0633\u0645\u064a\u0646 \u0645\u0627\u0631\u0643\u062a\",\"alternateName\":\"Yasmin Food\",\"url\":\"https:\\\/\\\/yasminfood.ch\\\/de\\\/\",\"logo\":{\"@type\":\"ImageObject\",\"inLanguage\":\"de\",\"@id\":\"https:\\\/\\\/yasminfood.ch\\\/de\\\/#\\\/schema\\\/logo\\\/image\\\/\",\"url\":\"https:\\\/\\\/yasminfood.ch\\\/wp-content\\\/uploads\\\/2025\\\/05\\\/yasmin-food-header-logo.png\",\"contentUrl\":\"https:\\\/\\\/yasminfood.ch\\\/wp-content\\\/uploads\\\/2025\\\/05\\\/yasmin-food-header-logo.png\",\"width\":330,\"height\":120,\"caption\":\"\u064a\u0627\u0633\u0645\u064a\u0646 \u0645\u0627\u0631\u0643\u062a\"},\"image\":{\"@id\":\"https:\\\/\\\/yasminfood.ch\\\/de\\\/#\\\/schema\\\/logo\\\/image\\\/\"},\"sameAs\":[\"https:\\\/\\\/www.facebook.com\\\/yasminmarkt1\",\"https:\\\/\\\/www.tiktok.com\\\/@yasminmarkt\",\"https:\\\/\\\/www.instagram.com\\\/yasmin.markt1\\\/\",\"https:\\\/\\\/api.whatsapp.com\\\/send\\\/?phone=41799000104\"],\"publishingPrinciples\":\"https:\\\/\\\/yasminfood.ch\\\/de\\\/shop\\\/\",\"ownershipFundingInfo\":\"https:\\\/\\\/yasminfood.ch\\\/de\\\/shop\\\/\"}]}<\/script>\n<meta property=\"product:price:amount\" content=\"7.95\" \/>\n<meta property=\"product:price:currency\" content=\"CHF\" \/>\n<meta property=\"og:availability\" content=\"instock\" \/>\n<meta property=\"product:availability\" content=\"instock\" \/>\n<meta property=\"product:condition\" content=\"new\" \/>\n<!-- \/ Yoast SEO Premium plugin. -->","yoast_head_json":{"title":"Halloumi Grillk\u00e4se Dean Gourmet \u2013 200 g - Yasmin Food","description":"Halloumi Grillk\u00e4se Dean Gourmet \u2013 200 g ist ein K\u00e4se, der sich perfekt zum Grillen eignet, gekennzeichnet durch seine feste Textur und seinen reichen Geschmack aus Kuhmilch.","robots":{"index":"index","follow":"follow","max-snippet":"max-snippet:-1","max-image-preview":"max-image-preview:large","max-video-preview":"max-video-preview:-1"},"canonical":"https:\/\/yasminfood.ch\/de\/product\/halloumi-grillkaese-dean-gourmet-200-g\/","og_locale":"de_DE","og_type":"article","og_title":"Halloumi Grillk\u00e4se Dean Gourmet \u2013 200 g","og_description":"Halloumi Grillk\u00e4se Dean Gourmet \u2013 200 g   Es ist ein K\u00e4se, der sich perfekt zum Grillen eignet, gekennzeichnet durch seine feste Textur und den reichhaltigen Geschmack aus Kuhmilch.   Er beh\u00e4lt seine Form beim Grillen oder Braten, was ihn zu einer gro\u00dfartigen Wahl f\u00fcr k\u00f6stliche K\u00e4segerichte macht.","og_url":"https:\/\/yasminfood.ch\/de\/product\/halloumi-grillkaese-dean-gourmet-200-g\/","og_site_name":"Yasmin Food","article_publisher":"https:\/\/www.facebook.com\/yasminmarkt1","article_modified_time":"2026-03-06T02:45:53+00:00","og_image":[{"width":1080,"height":1080,"url":"https:\/\/yasminfood.ch\/wp-content\/uploads\/2026\/03\/\u062c\u0628\u0646\u0629-\u062d\u0644\u0648\u0645-DEAN-GOURMET-\u2013-200\u063a.png","type":"image\/png"}],"twitter_card":"summary_large_image","twitter_misc":{"Preis":"7.95&nbsp;&#67;&#72;&#70;","Verf\u00fcgbarkeit":"Auf Lager"},"schema":{"@context":"https:\/\/schema.org","@graph":[{"@type":"WebPage","@id":"https:\/\/yasminfood.ch\/de\/product\/halloumi-grillkaese-dean-gourmet-200-g\/","url":"https:\/\/yasminfood.ch\/de\/product\/halloumi-grillkaese-dean-gourmet-200-g\/","name":"Halloumi Grillk\u00e4se Dean Gourmet \u2013 200 g - Yasmin Food","isPartOf":{"@id":"https:\/\/yasminfood.ch\/de\/#website"},"primaryImageOfPage":{"@id":"https:\/\/yasminfood.ch\/de\/product\/halloumi-grillkaese-dean-gourmet-200-g\/#primaryimage"},"image":{"@id":"https:\/\/yasminfood.ch\/de\/product\/halloumi-grillkaese-dean-gourmet-200-g\/#primaryimage"},"thumbnailUrl":"https:\/\/yasminfood.ch\/wp-content\/uploads\/2026\/03\/\u062c\u0628\u0646\u0629-\u062d\u0644\u0648\u0645-DEAN-GOURMET-\u2013-200\u063a.png","datePublished":"2026-03-06T02:31:05+00:00","dateModified":"2026-03-06T02:45:53+00:00","description":"Halloumi Grillk\u00e4se Dean Gourmet \u2013 200 g ist ein K\u00e4se, der sich perfekt zum Grillen eignet, gekennzeichnet durch seine feste Textur und seinen reichen Geschmack aus Kuhmilch.","breadcrumb":{"@id":"https:\/\/yasminfood.ch\/de\/product\/halloumi-grillkaese-dean-gourmet-200-g\/#breadcrumb"},"inLanguage":"de","potentialAction":[{"@type":"ReadAction","target":["https:\/\/yasminfood.ch\/de\/product\/halloumi-grillkaese-dean-gourmet-200-g\/"]}]},{"@type":"ImageObject","inLanguage":"de","@id":"https:\/\/yasminfood.ch\/de\/product\/halloumi-grillkaese-dean-gourmet-200-g\/#primaryimage","url":"https:\/\/yasminfood.ch\/wp-content\/uploads\/2026\/03\/\u062c\u0628\u0646\u0629-\u062d\u0644\u0648\u0645-DEAN-GOURMET-\u2013-200\u063a.png","contentUrl":"https:\/\/yasminfood.ch\/wp-content\/uploads\/2026\/03\/\u062c\u0628\u0646\u0629-\u062d\u0644\u0648\u0645-DEAN-GOURMET-\u2013-200\u063a.png","width":1080,"height":1080,"caption":"Halloumi Grillk\u00e4se Dean Gourmet \u2013 200 g"},{"@type":"BreadcrumbList","@id":"https:\/\/yasminfood.ch\/de\/product\/halloumi-grillkaese-dean-gourmet-200-g\/#breadcrumb","itemListElement":[{"@type":"ListItem","position":1,"name":"\u0627\u0644\u0631\u0626\u064a\u0633\u064a\u0629","item":"https:\/\/yasminfood.ch\/de\/zuhause\/"},{"@type":"ListItem","position":2,"name":"Shop","item":"https:\/\/yasminfood.ch\/de\/shop\/"},{"@type":"ListItem","position":3,"name":"Halloumi Grillk\u00e4se Dean Gourmet \u2013 200 g"}]},{"@type":"WebSite","@id":"https:\/\/yasminfood.ch\/de\/#website","url":"https:\/\/yasminfood.ch\/de\/","name":"\u064a\u0627\u0633\u0645\u064a\u0646 \u0645\u0627\u0631\u0643\u062a","description":"Alles, was Sie brauchen, an einem Ort","publisher":{"@id":"https:\/\/yasminfood.ch\/de\/#organization"},"alternateName":"Yasmin Food","potentialAction":[{"@type":"SearchAction","target":{"@type":"EntryPoint","urlTemplate":"https:\/\/yasminfood.ch\/de\/?s={search_term_string}"},"query-input":{"@type":"PropertyValueSpecification","valueRequired":true,"valueName":"search_term_string"}}],"inLanguage":"de"},{"@type":"Organization","@id":"https:\/\/yasminfood.ch\/de\/#organization","name":"\u064a\u0627\u0633\u0645\u064a\u0646 \u0645\u0627\u0631\u0643\u062a","alternateName":"Yasmin Food","url":"https:\/\/yasminfood.ch\/de\/","logo":{"@type":"ImageObject","inLanguage":"de","@id":"https:\/\/yasminfood.ch\/de\/#\/schema\/logo\/image\/","url":"https:\/\/yasminfood.ch\/wp-content\/uploads\/2025\/05\/yasmin-food-header-logo.png","contentUrl":"https:\/\/yasminfood.ch\/wp-content\/uploads\/2025\/05\/yasmin-food-header-logo.png","width":330,"height":120,"caption":"\u064a\u0627\u0633\u0645\u064a\u0646 \u0645\u0627\u0631\u0643\u062a"},"image":{"@id":"https:\/\/yasminfood.ch\/de\/#\/schema\/logo\/image\/"},"sameAs":["https:\/\/www.facebook.com\/yasminmarkt1","https:\/\/www.tiktok.com\/@yasminmarkt","https:\/\/www.instagram.com\/yasmin.markt1\/","https:\/\/api.whatsapp.com\/send\/?phone=41799000104"],"publishingPrinciples":"https:\/\/yasminfood.ch\/de\/shop\/","ownershipFundingInfo":"https:\/\/yasminfood.ch\/de\/shop\/"}]},"product_price_amount":"7.95","product_price_currency":"CHF","og_availability":"instock","product_availability":"instock","product_condition":"new"},"jetpack_sharing_enabled":true,"_links":{"self":[{"href":"https:\/\/yasminfood.ch\/de\/wp-json\/wp\/v2\/product\/121940","targetHints":{"allow":["GET"]}}],"collection":[{"href":"https:\/\/yasminfood.ch\/de\/wp-json\/wp\/v2\/product"}],"about":[{"href":"https:\/\/yasminfood.ch\/de\/wp-json\/wp\/v2\/types\/product"}],"replies":[{"embeddable":true,"href":"https:\/\/yasminfood.ch\/de\/wp-json\/wp\/v2\/comments?post=121940"}],"version-history":[{"count":0,"href":"https:\/\/yasminfood.ch\/de\/wp-json\/wp\/v2\/product\/121940\/revisions"}],"wp:featuredmedia":[{"embeddable":true,"href":"https:\/\/yasminfood.ch\/de\/wp-json\/wp\/v2\/media\/121943"}],"wp:attachment":[{"href":"https:\/\/yasminfood.ch\/de\/wp-json\/wp\/v2\/media?parent=121940"}],"wp:term":[{"taxonomy":"product_brand","embeddable":true,"href":"https:\/\/yasminfood.ch\/de\/wp-json\/wp\/v2\/product_brand?post=121940"},{"taxonomy":"product_cat","embeddable":true,"href":"https:\/\/yasminfood.ch\/de\/wp-json\/wp\/v2\/product_cat?post=121940"},{"taxonomy":"product_tag","embeddable":true,"href":"https:\/\/yasminfood.ch\/de\/wp-json\/wp\/v2\/product_tag?post=121940"}],"curies":[{"name":"wp","href":"https:\/\/api.w.org\/{rel}","templated":true}]}}