{"id":121981,"date":"2026-03-06T03:27:51","date_gmt":"2026-03-06T02:27:51","guid":{"rendered":"https:\/\/yasminfood.ch\/product\/dean-gourmet-kashkaval-kaese-gr350\/"},"modified":"2026-03-06T03:46:21","modified_gmt":"2026-03-06T02:46:21","slug":"dean-gourmet-kashkaval-kaese-gr350","status":"publish","type":"product","link":"https:\/\/yasminfood.ch\/de\/product\/dean-gourmet-kashkaval-kaese-gr350\/","title":{"rendered":"Dean Gourmet Kashkaval K\u00e4se \u2013 Gr350"},"content":{"rendered":"<p><strong>Dean Gourmet Kashkaval K\u00e4se \u2013 Gr350<\/strong><\/p>\n<ul>\n<li>\n<p data-start=\"52\" data-end=\"289\">Hergestellt mit frischer Kuhmilch, um einen reichen Geschmack und eine stimmige Textur zu erzielen, die sich perfekt f\u00fcr viele Gerichte eignet.<\/p>\n<\/li>\n<li>\n<p data-start=\"52\" data-end=\"289\">Er hat einen k\u00f6stlich cremigen Geschmack, der ihn zu einer gro\u00dfartigen Wahl f\u00fcr Fr\u00fchst\u00fcck, Sandwiches und Geb\u00e4ck macht. <\/p>\n<\/li>\n<li>\n<p data-start=\"52\" data-end=\"289\">Kashkaval-K\u00e4se ist eine der bekanntesten K\u00e4sesorten, die in der \u00f6stlichen und mediterranen K\u00fcche verwendet werden.<\/p>\n<\/li>\n<li>\n<p data-start=\"52\" data-end=\"289\">Sie k\u00f6nnen leicht geriebene, geschnitten und zu Pizzen, Kuchen, Toast oder direkt gegessen werden. <\/p>\n<\/li>\n<li>\n<p data-start=\"52\" data-end=\"289\">Es hat <strong data-start=\"470\" data-end=\"479\">ein Gewicht von 350 gr<\/strong> , um f\u00fcr den t\u00e4glichen Gebrauch zu Hause geeignet zu sein.<\/p>\n<p data-start=\"522\" data-end=\"540\"><strong data-start=\"522\" data-end=\"540\">Produktmerkmale:<\/strong><\/p>\n<ul data-start=\"541\" data-end=\"753\" data-is-last-node=\"\" data-is-only-node=\"\">\n<li data-section-id=\"192q0a1\" data-start=\"541\" data-end=\"586\">\n<p data-start=\"543\" data-end=\"586\">Kashkaval-K\u00e4se aus frischer Kuhmilch<\/p>\n<\/li>\n<li data-section-id=\"yemgtt\" data-start=\"587\" data-end=\"627\">\n<p data-start=\"589\" data-end=\"627\">Reichhaltiger Geschmack und Konsistenz, perfekt zum Reiben und Schneiden<\/p>\n<\/li>\n<li data-section-id=\"1jypd7d\" data-start=\"628\" data-end=\"668\">\n<p data-start=\"630\" data-end=\"668\">Geeignet f\u00fcr Sandwiches, Geb\u00e4ck und Pizzen<\/p>\n<\/li>\n<li data-section-id=\"1e425q9\" data-start=\"669\" data-end=\"711\">\n<p data-start=\"671\" data-end=\"711\">Ideal f\u00fcr Fr\u00fchst\u00fccke und Snacks<\/p>\n<\/li>\n<li data-section-id=\"ulmane\" data-start=\"712\" data-end=\"753\" data-is-last-node=\"\">\n<p data-start=\"714\" data-end=\"753\" data-is-last-node=\"\">350gr Pack, geeignet f\u00fcr den t\u00e4glichen Gebrauch<\/p>\n<\/li>\n<\/ul>\n<\/li>\n<\/ul>\n","protected":false},"excerpt":{"rendered":"<p><strong>Dean Gourmet Kashkaval K\u00e4se \u2013 Gr350<\/strong><\/p>\n<ul>\n<li>\n<p data-start=\"52\" data-end=\"289\">Hergestellt mit frischer Kuhmilch, um einen reichen Geschmack und eine stimmige Textur zu erzielen, die sich perfekt f\u00fcr viele Gerichte eignet.<\/p>\n<\/li>\n<li>\n<p data-start=\"52\" data-end=\"289\">Er hat einen k\u00f6stlich cremigen Geschmack, der ihn zu einer gro\u00dfartigen Wahl f\u00fcr Fr\u00fchst\u00fcck, Sandwiches und Geb\u00e4ck macht. <\/p>\n<\/li>\n<\/ul>\n","protected":false},"featured_media":121982,"comment_status":"open","ping_status":"closed","template":"","meta":[],"product_brand":[],"product_cat":[295],"product_tag":[],"class_list":{"0":"post-121981","1":"product","2":"type-product","3":"status-publish","4":"has-post-thumbnail","6":"product_cat-milchprodukte-und-eier","8":"first","9":"instock","10":"taxable","11":"shipping-taxable","12":"purchasable","13":"product-type-simple"},"yoast_head":"<!-- This site is optimized with the Yoast SEO Premium plugin v26.5 (Yoast SEO v27.4) - https:\/\/yoast.com\/product\/yoast-seo-premium-wordpress\/ -->\n<title>Dean Gourmet Kashkaval K\u00e4se \u2013 Gr350 - Yasmin Food<\/title>\n<meta name=\"description\" content=\"Dean Gourmet Kashkaval K\u00e4se \u2013 Gr350 wird aus frischer Kuhmilch hergestellt, um Ihnen einen reichen Geschmack und eine zusammenh\u00e4ngende Textur zu verleihen, die sich perfekt f\u00fcr viele Gerichte eignet.\" \/>\n<meta name=\"robots\" content=\"index, follow, max-snippet:-1, max-image-preview:large, max-video-preview:-1\" \/>\n<link rel=\"canonical\" href=\"https:\/\/yasminfood.ch\/de\/product\/dean-gourmet-kashkaval-kaese-gr350\/\" \/>\n<meta property=\"og:locale\" content=\"de_DE\" \/>\n<meta property=\"og:type\" content=\"article\" \/>\n<meta property=\"og:title\" content=\"Dean Gourmet Kashkaval K\u00e4se \u2013 Gr350\" \/>\n<meta property=\"og:description\" content=\"Dean Gourmet Kashkaval K\u00e4se \u2013 Gr350   Hergestellt mit frischer Kuhmilch, um einen reichen Geschmack und eine stimmige Textur zu erzielen, die sich perfekt f\u00fcr viele Gerichte eignet.   Er hat einen k\u00f6stlich cremigen Geschmack, der ihn zu einer gro\u00dfartigen Wahl f\u00fcr Fr\u00fchst\u00fcck, Sandwiches und Geb\u00e4ck macht.\" \/>\n<meta property=\"og:url\" content=\"https:\/\/yasminfood.ch\/de\/product\/dean-gourmet-kashkaval-kaese-gr350\/\" \/>\n<meta property=\"og:site_name\" content=\"Yasmin Food\" \/>\n<meta property=\"article:publisher\" content=\"https:\/\/www.facebook.com\/yasminmarkt1\" \/>\n<meta property=\"article:modified_time\" content=\"2026-03-06T02:46:21+00:00\" \/>\n<meta property=\"og:image\" content=\"https:\/\/yasminfood.ch\/wp-content\/uploads\/2026\/03\/\u062c\u0628\u0646\u0629-\u0642\u0634\u0642\u0648\u0627\u0646-DEAN-GOURMET-\u2013-350\u063a.png\" \/>\n\t<meta property=\"og:image:width\" content=\"1080\" \/>\n\t<meta property=\"og:image:height\" content=\"1080\" \/>\n\t<meta property=\"og:image:type\" content=\"image\/png\" \/>\n<meta name=\"twitter:card\" content=\"summary_large_image\" \/>\n<meta name=\"twitter:label1\" content=\"Preis\" \/>\n\t<meta name=\"twitter:data1\" content=\"8.50&nbsp;&#067;&#072;&#070;\" \/>\n\t<meta name=\"twitter:label2\" content=\"Verf\u00fcgbarkeit\" \/>\n\t<meta name=\"twitter:data2\" content=\"Auf Lager\" \/>\n<script type=\"application\/ld+json\" class=\"yoast-schema-graph\">{\"@context\":\"https:\\\/\\\/schema.org\",\"@graph\":[{\"@type\":\"WebPage\",\"@id\":\"https:\\\/\\\/yasminfood.ch\\\/de\\\/product\\\/dean-gourmet-kashkaval-kaese-gr350\\\/\",\"url\":\"https:\\\/\\\/yasminfood.ch\\\/de\\\/product\\\/dean-gourmet-kashkaval-kaese-gr350\\\/\",\"name\":\"Dean Gourmet Kashkaval K\u00e4se \u2013 Gr350 - Yasmin Food\",\"isPartOf\":{\"@id\":\"https:\\\/\\\/yasminfood.ch\\\/de\\\/#website\"},\"primaryImageOfPage\":{\"@id\":\"https:\\\/\\\/yasminfood.ch\\\/de\\\/product\\\/dean-gourmet-kashkaval-kaese-gr350\\\/#primaryimage\"},\"image\":{\"@id\":\"https:\\\/\\\/yasminfood.ch\\\/de\\\/product\\\/dean-gourmet-kashkaval-kaese-gr350\\\/#primaryimage\"},\"thumbnailUrl\":\"https:\\\/\\\/yasminfood.ch\\\/wp-content\\\/uploads\\\/2026\\\/03\\\/\u062c\u0628\u0646\u0629-\u0642\u0634\u0642\u0648\u0627\u0646-DEAN-GOURMET-\u2013-350\u063a.png\",\"datePublished\":\"2026-03-06T02:27:51+00:00\",\"dateModified\":\"2026-03-06T02:46:21+00:00\",\"description\":\"Dean Gourmet Kashkaval K\u00e4se \u2013 Gr350 wird aus frischer Kuhmilch hergestellt, um Ihnen einen reichen Geschmack und eine zusammenh\u00e4ngende Textur zu verleihen, die sich perfekt f\u00fcr viele Gerichte eignet.\",\"breadcrumb\":{\"@id\":\"https:\\\/\\\/yasminfood.ch\\\/de\\\/product\\\/dean-gourmet-kashkaval-kaese-gr350\\\/#breadcrumb\"},\"inLanguage\":\"de\",\"potentialAction\":[{\"@type\":\"ReadAction\",\"target\":[\"https:\\\/\\\/yasminfood.ch\\\/de\\\/product\\\/dean-gourmet-kashkaval-kaese-gr350\\\/\"]}]},{\"@type\":\"ImageObject\",\"inLanguage\":\"de\",\"@id\":\"https:\\\/\\\/yasminfood.ch\\\/de\\\/product\\\/dean-gourmet-kashkaval-kaese-gr350\\\/#primaryimage\",\"url\":\"https:\\\/\\\/yasminfood.ch\\\/wp-content\\\/uploads\\\/2026\\\/03\\\/\u062c\u0628\u0646\u0629-\u0642\u0634\u0642\u0648\u0627\u0646-DEAN-GOURMET-\u2013-350\u063a.png\",\"contentUrl\":\"https:\\\/\\\/yasminfood.ch\\\/wp-content\\\/uploads\\\/2026\\\/03\\\/\u062c\u0628\u0646\u0629-\u0642\u0634\u0642\u0648\u0627\u0646-DEAN-GOURMET-\u2013-350\u063a.png\",\"width\":1080,\"height\":1080,\"caption\":\"Dean Gourmet Kashkaval K\u00e4se \u2013 Gr350\"},{\"@type\":\"BreadcrumbList\",\"@id\":\"https:\\\/\\\/yasminfood.ch\\\/de\\\/product\\\/dean-gourmet-kashkaval-kaese-gr350\\\/#breadcrumb\",\"itemListElement\":[{\"@type\":\"ListItem\",\"position\":1,\"name\":\"\u0627\u0644\u0631\u0626\u064a\u0633\u064a\u0629\",\"item\":\"https:\\\/\\\/yasminfood.ch\\\/de\\\/zuhause\\\/\"},{\"@type\":\"ListItem\",\"position\":2,\"name\":\"Shop\",\"item\":\"https:\\\/\\\/yasminfood.ch\\\/de\\\/shop\\\/\"},{\"@type\":\"ListItem\",\"position\":3,\"name\":\"Dean Gourmet Kashkaval K\u00e4se \u2013 Gr350\"}]},{\"@type\":\"WebSite\",\"@id\":\"https:\\\/\\\/yasminfood.ch\\\/de\\\/#website\",\"url\":\"https:\\\/\\\/yasminfood.ch\\\/de\\\/\",\"name\":\"\u064a\u0627\u0633\u0645\u064a\u0646 \u0645\u0627\u0631\u0643\u062a\",\"description\":\"Alles, was Sie brauchen, an einem Ort\",\"publisher\":{\"@id\":\"https:\\\/\\\/yasminfood.ch\\\/de\\\/#organization\"},\"alternateName\":\"Yasmin Food\",\"potentialAction\":[{\"@type\":\"SearchAction\",\"target\":{\"@type\":\"EntryPoint\",\"urlTemplate\":\"https:\\\/\\\/yasminfood.ch\\\/de\\\/?s={search_term_string}\"},\"query-input\":{\"@type\":\"PropertyValueSpecification\",\"valueRequired\":true,\"valueName\":\"search_term_string\"}}],\"inLanguage\":\"de\"},{\"@type\":\"Organization\",\"@id\":\"https:\\\/\\\/yasminfood.ch\\\/de\\\/#organization\",\"name\":\"\u064a\u0627\u0633\u0645\u064a\u0646 \u0645\u0627\u0631\u0643\u062a\",\"alternateName\":\"Yasmin Food\",\"url\":\"https:\\\/\\\/yasminfood.ch\\\/de\\\/\",\"logo\":{\"@type\":\"ImageObject\",\"inLanguage\":\"de\",\"@id\":\"https:\\\/\\\/yasminfood.ch\\\/de\\\/#\\\/schema\\\/logo\\\/image\\\/\",\"url\":\"https:\\\/\\\/yasminfood.ch\\\/wp-content\\\/uploads\\\/2025\\\/05\\\/yasmin-food-header-logo.png\",\"contentUrl\":\"https:\\\/\\\/yasminfood.ch\\\/wp-content\\\/uploads\\\/2025\\\/05\\\/yasmin-food-header-logo.png\",\"width\":330,\"height\":120,\"caption\":\"\u064a\u0627\u0633\u0645\u064a\u0646 \u0645\u0627\u0631\u0643\u062a\"},\"image\":{\"@id\":\"https:\\\/\\\/yasminfood.ch\\\/de\\\/#\\\/schema\\\/logo\\\/image\\\/\"},\"sameAs\":[\"https:\\\/\\\/www.facebook.com\\\/yasminmarkt1\",\"https:\\\/\\\/www.tiktok.com\\\/@yasminmarkt\",\"https:\\\/\\\/www.instagram.com\\\/yasmin.markt1\\\/\",\"https:\\\/\\\/api.whatsapp.com\\\/send\\\/?phone=41799000104\"],\"publishingPrinciples\":\"https:\\\/\\\/yasminfood.ch\\\/de\\\/shop\\\/\",\"ownershipFundingInfo\":\"https:\\\/\\\/yasminfood.ch\\\/de\\\/shop\\\/\"}]}<\/script>\n<meta property=\"product:price:amount\" content=\"8.50\" \/>\n<meta property=\"product:price:currency\" content=\"CHF\" \/>\n<meta property=\"og:availability\" content=\"instock\" \/>\n<meta property=\"product:availability\" content=\"instock\" \/>\n<meta property=\"product:condition\" content=\"new\" \/>\n<!-- \/ Yoast SEO Premium plugin. -->","yoast_head_json":{"title":"Dean Gourmet Kashkaval K\u00e4se \u2013 Gr350 - Yasmin Food","description":"Dean Gourmet Kashkaval K\u00e4se \u2013 Gr350 wird aus frischer Kuhmilch hergestellt, um Ihnen einen reichen Geschmack und eine zusammenh\u00e4ngende Textur zu verleihen, die sich perfekt f\u00fcr viele Gerichte eignet.","robots":{"index":"index","follow":"follow","max-snippet":"max-snippet:-1","max-image-preview":"max-image-preview:large","max-video-preview":"max-video-preview:-1"},"canonical":"https:\/\/yasminfood.ch\/de\/product\/dean-gourmet-kashkaval-kaese-gr350\/","og_locale":"de_DE","og_type":"article","og_title":"Dean Gourmet Kashkaval K\u00e4se \u2013 Gr350","og_description":"Dean Gourmet Kashkaval K\u00e4se \u2013 Gr350   Hergestellt mit frischer Kuhmilch, um einen reichen Geschmack und eine stimmige Textur zu erzielen, die sich perfekt f\u00fcr viele Gerichte eignet.   Er hat einen k\u00f6stlich cremigen Geschmack, der ihn zu einer gro\u00dfartigen Wahl f\u00fcr Fr\u00fchst\u00fcck, Sandwiches und Geb\u00e4ck macht.","og_url":"https:\/\/yasminfood.ch\/de\/product\/dean-gourmet-kashkaval-kaese-gr350\/","og_site_name":"Yasmin Food","article_publisher":"https:\/\/www.facebook.com\/yasminmarkt1","article_modified_time":"2026-03-06T02:46:21+00:00","og_image":[{"width":1080,"height":1080,"url":"https:\/\/yasminfood.ch\/wp-content\/uploads\/2026\/03\/\u062c\u0628\u0646\u0629-\u0642\u0634\u0642\u0648\u0627\u0646-DEAN-GOURMET-\u2013-350\u063a.png","type":"image\/png"}],"twitter_card":"summary_large_image","twitter_misc":{"Preis":"8.50&nbsp;&#67;&#72;&#70;","Verf\u00fcgbarkeit":"Auf Lager"},"schema":{"@context":"https:\/\/schema.org","@graph":[{"@type":"WebPage","@id":"https:\/\/yasminfood.ch\/de\/product\/dean-gourmet-kashkaval-kaese-gr350\/","url":"https:\/\/yasminfood.ch\/de\/product\/dean-gourmet-kashkaval-kaese-gr350\/","name":"Dean Gourmet Kashkaval K\u00e4se \u2013 Gr350 - Yasmin Food","isPartOf":{"@id":"https:\/\/yasminfood.ch\/de\/#website"},"primaryImageOfPage":{"@id":"https:\/\/yasminfood.ch\/de\/product\/dean-gourmet-kashkaval-kaese-gr350\/#primaryimage"},"image":{"@id":"https:\/\/yasminfood.ch\/de\/product\/dean-gourmet-kashkaval-kaese-gr350\/#primaryimage"},"thumbnailUrl":"https:\/\/yasminfood.ch\/wp-content\/uploads\/2026\/03\/\u062c\u0628\u0646\u0629-\u0642\u0634\u0642\u0648\u0627\u0646-DEAN-GOURMET-\u2013-350\u063a.png","datePublished":"2026-03-06T02:27:51+00:00","dateModified":"2026-03-06T02:46:21+00:00","description":"Dean Gourmet Kashkaval K\u00e4se \u2013 Gr350 wird aus frischer Kuhmilch hergestellt, um Ihnen einen reichen Geschmack und eine zusammenh\u00e4ngende Textur zu verleihen, die sich perfekt f\u00fcr viele Gerichte eignet.","breadcrumb":{"@id":"https:\/\/yasminfood.ch\/de\/product\/dean-gourmet-kashkaval-kaese-gr350\/#breadcrumb"},"inLanguage":"de","potentialAction":[{"@type":"ReadAction","target":["https:\/\/yasminfood.ch\/de\/product\/dean-gourmet-kashkaval-kaese-gr350\/"]}]},{"@type":"ImageObject","inLanguage":"de","@id":"https:\/\/yasminfood.ch\/de\/product\/dean-gourmet-kashkaval-kaese-gr350\/#primaryimage","url":"https:\/\/yasminfood.ch\/wp-content\/uploads\/2026\/03\/\u062c\u0628\u0646\u0629-\u0642\u0634\u0642\u0648\u0627\u0646-DEAN-GOURMET-\u2013-350\u063a.png","contentUrl":"https:\/\/yasminfood.ch\/wp-content\/uploads\/2026\/03\/\u062c\u0628\u0646\u0629-\u0642\u0634\u0642\u0648\u0627\u0646-DEAN-GOURMET-\u2013-350\u063a.png","width":1080,"height":1080,"caption":"Dean Gourmet Kashkaval K\u00e4se \u2013 Gr350"},{"@type":"BreadcrumbList","@id":"https:\/\/yasminfood.ch\/de\/product\/dean-gourmet-kashkaval-kaese-gr350\/#breadcrumb","itemListElement":[{"@type":"ListItem","position":1,"name":"\u0627\u0644\u0631\u0626\u064a\u0633\u064a\u0629","item":"https:\/\/yasminfood.ch\/de\/zuhause\/"},{"@type":"ListItem","position":2,"name":"Shop","item":"https:\/\/yasminfood.ch\/de\/shop\/"},{"@type":"ListItem","position":3,"name":"Dean Gourmet Kashkaval K\u00e4se \u2013 Gr350"}]},{"@type":"WebSite","@id":"https:\/\/yasminfood.ch\/de\/#website","url":"https:\/\/yasminfood.ch\/de\/","name":"\u064a\u0627\u0633\u0645\u064a\u0646 \u0645\u0627\u0631\u0643\u062a","description":"Alles, was Sie brauchen, an einem Ort","publisher":{"@id":"https:\/\/yasminfood.ch\/de\/#organization"},"alternateName":"Yasmin Food","potentialAction":[{"@type":"SearchAction","target":{"@type":"EntryPoint","urlTemplate":"https:\/\/yasminfood.ch\/de\/?s={search_term_string}"},"query-input":{"@type":"PropertyValueSpecification","valueRequired":true,"valueName":"search_term_string"}}],"inLanguage":"de"},{"@type":"Organization","@id":"https:\/\/yasminfood.ch\/de\/#organization","name":"\u064a\u0627\u0633\u0645\u064a\u0646 \u0645\u0627\u0631\u0643\u062a","alternateName":"Yasmin Food","url":"https:\/\/yasminfood.ch\/de\/","logo":{"@type":"ImageObject","inLanguage":"de","@id":"https:\/\/yasminfood.ch\/de\/#\/schema\/logo\/image\/","url":"https:\/\/yasminfood.ch\/wp-content\/uploads\/2025\/05\/yasmin-food-header-logo.png","contentUrl":"https:\/\/yasminfood.ch\/wp-content\/uploads\/2025\/05\/yasmin-food-header-logo.png","width":330,"height":120,"caption":"\u064a\u0627\u0633\u0645\u064a\u0646 \u0645\u0627\u0631\u0643\u062a"},"image":{"@id":"https:\/\/yasminfood.ch\/de\/#\/schema\/logo\/image\/"},"sameAs":["https:\/\/www.facebook.com\/yasminmarkt1","https:\/\/www.tiktok.com\/@yasminmarkt","https:\/\/www.instagram.com\/yasmin.markt1\/","https:\/\/api.whatsapp.com\/send\/?phone=41799000104"],"publishingPrinciples":"https:\/\/yasminfood.ch\/de\/shop\/","ownershipFundingInfo":"https:\/\/yasminfood.ch\/de\/shop\/"}]},"product_price_amount":"8.50","product_price_currency":"CHF","og_availability":"instock","product_availability":"instock","product_condition":"new"},"jetpack_sharing_enabled":true,"_links":{"self":[{"href":"https:\/\/yasminfood.ch\/de\/wp-json\/wp\/v2\/product\/121981","targetHints":{"allow":["GET"]}}],"collection":[{"href":"https:\/\/yasminfood.ch\/de\/wp-json\/wp\/v2\/product"}],"about":[{"href":"https:\/\/yasminfood.ch\/de\/wp-json\/wp\/v2\/types\/product"}],"replies":[{"embeddable":true,"href":"https:\/\/yasminfood.ch\/de\/wp-json\/wp\/v2\/comments?post=121981"}],"version-history":[{"count":0,"href":"https:\/\/yasminfood.ch\/de\/wp-json\/wp\/v2\/product\/121981\/revisions"}],"wp:featuredmedia":[{"embeddable":true,"href":"https:\/\/yasminfood.ch\/de\/wp-json\/wp\/v2\/media\/121982"}],"wp:attachment":[{"href":"https:\/\/yasminfood.ch\/de\/wp-json\/wp\/v2\/media?parent=121981"}],"wp:term":[{"taxonomy":"product_brand","embeddable":true,"href":"https:\/\/yasminfood.ch\/de\/wp-json\/wp\/v2\/product_brand?post=121981"},{"taxonomy":"product_cat","embeddable":true,"href":"https:\/\/yasminfood.ch\/de\/wp-json\/wp\/v2\/product_cat?post=121981"},{"taxonomy":"product_tag","embeddable":true,"href":"https:\/\/yasminfood.ch\/de\/wp-json\/wp\/v2\/product_tag?post=121981"}],"curies":[{"name":"wp","href":"https:\/\/api.w.org\/{rel}","templated":true}]}}