{"id":122004,"date":"2026-03-09T01:54:56","date_gmt":"2026-03-09T00:54:56","guid":{"rendered":"https:\/\/yasminfood.ch\/product\/al-qanater-suesse-mit-pistazien-450-g\/"},"modified":"2026-03-09T01:56:49","modified_gmt":"2026-03-09T00:56:49","slug":"al-qanater-suesse-mit-pistazien-450-g","status":"publish","type":"product","link":"https:\/\/yasminfood.ch\/de\/product\/al-qanater-suesse-mit-pistazien-450-g\/","title":{"rendered":"Al-Qanater S\u00fc\u00dfe mit Pistazien 450 g"},"content":{"rendered":"<p><strong>Al-Qanater S\u00fc\u00dfe mit Pistazien 450 g<\/strong><\/p>\n<ul>\n<li>\n<p data-start=\"50\" data-end=\"273\">Kombiniert luxuri\u00f6ses Tahini mit sorgf\u00e4ltig ausgew\u00e4hlten Pistazien,<\/p>\n<\/li>\n<li>\n<p data-start=\"50\" data-end=\"273\">Um dir einen reichen Geschmack und eine tolle Textur zu geben. Diese k\u00f6stliche Kombination bietet die perfekte Balance zwischen S\u00fc\u00dfe und dem nat\u00fcrlichen Geschmack von Pistazien. <\/p>\n<p data-start=\"275\" data-end=\"387\">Nach hohen Qualit\u00e4tsstandards und nat\u00fcrlichen Zutaten zubereitet, ist Qanater Halva die perfekte Wahl zum Fr\u00fchst\u00fcck oder als k\u00f6stliches Dessert zu jeder Zeit. <\/p>\n<p data-start=\"389\" data-end=\"402\"><strong data-start=\"389\" data-end=\"402\">Funktionen:<\/strong><\/p>\n<ul data-start=\"403\" data-end=\"576\">\n<li data-section-id=\"19enfln\" data-start=\"403\" data-end=\"435\">\n<p data-start=\"405\" data-end=\"435\">Hergestellt mit hochwertigem Tahini<\/p>\n<\/li>\n<li data-section-id=\"1wqzxzf\" data-start=\"436\" data-end=\"465\">\n<p data-start=\"438\" data-end=\"465\">Reich an nat\u00fcrlichen Pistazien<\/p>\n<\/li>\n<li data-section-id=\"fw2bfa\" data-start=\"466\" data-end=\"488\">\n<p data-start=\"468\" data-end=\"488\">100 % nat\u00fcrliche Inhaltsstoffe<\/p>\n<\/li>\n<li data-section-id=\"txwf7f\" data-start=\"489\" data-end=\"509\">\n<p data-start=\"491\" data-end=\"509\">Geeignet f\u00fcr Vegetarier<\/p>\n<\/li>\n<li data-section-id=\"1tvmf7a\" data-start=\"510\" data-end=\"531\">\n<p data-start=\"512\" data-end=\"531\">Glutenfrei<\/p>\n<\/li>\n<li data-section-id=\"rn5lqf\" data-start=\"532\" data-end=\"556\">\n<p data-start=\"534\" data-end=\"556\">Cholesterinfrei<\/p>\n<\/li>\n<li data-section-id=\"1mdkbpa\" data-start=\"557\" data-end=\"576\">\n<p data-start=\"559\" data-end=\"576\">Keine Konservierungsstoffe<\/p>\n<\/li>\n<\/ul>\n<p data-start=\"578\" data-end=\"701\"><strong data-start=\"578\" data-end=\"596\">Wie man sich bewirbt:<\/strong><br \/>\nEr kann mit frisch gebackenem Brot gegessen werden, mit Honig und N\u00fcssen serviert oder als k\u00f6stliche Erg\u00e4nzung zu orientalischen Desserts verwendet werden.  <\/p>\n<\/li>\n<\/ul>\n","protected":false},"excerpt":{"rendered":"<p>Al-Qanater S\u00fc\u00dfe mit Pistazien 450 g<\/p>\n<ul>\n<li>\n<p data-start=\"50\" data-end=\"273\">Kombiniert luxuri\u00f6ses Tahini mit sorgf\u00e4ltig ausgew\u00e4hlten Pistazien,<\/p>\n<\/li>\n<li>\n<p data-start=\"50\" data-end=\"273\">Um dir einen reichen Geschmack und eine tolle Textur zu geben. Diese k\u00f6stliche Kombination bietet die perfekte Balance zwischen S\u00fc\u00dfe und dem nat\u00fcrlichen Geschmack von Pistazien. <\/p>\n<p data-start=\"275\" data-end=\"387\">\n<\/li>\n<\/ul>\n","protected":false},"featured_media":122005,"comment_status":"open","ping_status":"closed","template":"","meta":[],"product_brand":[],"product_cat":[297,309],"product_tag":[],"class_list":{"0":"post-122004","1":"product","2":"type-product","3":"status-publish","4":"has-post-thumbnail","6":"product_cat-dessert-chips-2","7":"product_cat-halva-de","9":"first","10":"outofstock","11":"taxable","12":"shipping-taxable","13":"purchasable","14":"product-type-simple"},"yoast_head":"<!-- This site is optimized with the Yoast SEO Premium plugin v26.5 (Yoast SEO v27.5) - https:\/\/yoast.com\/product\/yoast-seo-premium-wordpress\/ -->\n<title>Al-Qanater S\u00fc\u00dfe mit Pistazien 450 g - Yasmin Food<\/title>\n<meta name=\"description\" content=\"Al-Qanater S\u00fc\u00dfe mit Pistazien 450 g kombiniert Premium-Tahini mit sorgf\u00e4ltig ausgew\u00e4hlten Pistazien, um einen reichen Geschmack und eine tolle Textur zu erhalten. Diese k\u00f6stliche Kombination bietet die perfekte Balance\" \/>\n<meta name=\"robots\" content=\"index, follow, max-snippet:-1, max-image-preview:large, max-video-preview:-1\" \/>\n<link rel=\"canonical\" href=\"https:\/\/yasminfood.ch\/de\/product\/al-qanater-suesse-mit-pistazien-450-g\/\" \/>\n<meta property=\"og:locale\" content=\"de_DE\" \/>\n<meta property=\"og:type\" content=\"article\" \/>\n<meta property=\"og:title\" content=\"Al-Qanater S\u00fc\u00dfe mit Pistazien 450 g\" \/>\n<meta property=\"og:description\" content=\"Al-Qanater S\u00fc\u00dfe mit Pistazien 450 g   Kombiniert luxuri\u00f6ses Tahini mit sorgf\u00e4ltig ausgew\u00e4hlten Pistazien,   Um dir einen reichen Geschmack und eine tolle Textur zu geben. Diese k\u00f6stliche Kombination bietet die perfekte Balance zwischen S\u00fc\u00dfe und dem nat\u00fcrlichen Geschmack von Pistazien.\" \/>\n<meta property=\"og:url\" content=\"https:\/\/yasminfood.ch\/de\/product\/al-qanater-suesse-mit-pistazien-450-g\/\" \/>\n<meta property=\"og:site_name\" content=\"Yasmin Food\" \/>\n<meta property=\"article:publisher\" content=\"https:\/\/www.facebook.com\/yasminmarkt1\" \/>\n<meta property=\"article:modified_time\" content=\"2026-03-09T00:56:49+00:00\" \/>\n<meta property=\"og:image\" content=\"https:\/\/yasminfood.ch\/wp-content\/uploads\/2026\/03\/\u062d\u0644\u0627\u0648\u0629-\u0627\u0644\u0642\u0646\u0627\u0637\u0631-\u0628\u0641\u0633\u062a\u0642-450-\u063a.png\" \/>\n\t<meta property=\"og:image:width\" content=\"1080\" \/>\n\t<meta property=\"og:image:height\" content=\"1080\" \/>\n\t<meta property=\"og:image:type\" content=\"image\/png\" \/>\n<meta name=\"twitter:card\" content=\"summary_large_image\" \/>\n<meta name=\"twitter:label1\" content=\"Preis\" \/>\n\t<meta name=\"twitter:data1\" content=\"9.95&nbsp;&#067;&#072;&#070;\" \/>\n\t<meta name=\"twitter:label2\" content=\"Verf\u00fcgbarkeit\" \/>\n\t<meta name=\"twitter:data2\" content=\"ausverkauft\" \/>\n<script type=\"application\/ld+json\" class=\"yoast-schema-graph\">{\"@context\":\"https:\\\/\\\/schema.org\",\"@graph\":[{\"@type\":\"WebPage\",\"@id\":\"https:\\\/\\\/yasminfood.ch\\\/de\\\/product\\\/al-qanater-suesse-mit-pistazien-450-g\\\/\",\"url\":\"https:\\\/\\\/yasminfood.ch\\\/de\\\/product\\\/al-qanater-suesse-mit-pistazien-450-g\\\/\",\"name\":\"Al-Qanater S\u00fc\u00dfe mit Pistazien 450 g - Yasmin Food\",\"isPartOf\":{\"@id\":\"https:\\\/\\\/yasminfood.ch\\\/de\\\/#website\"},\"primaryImageOfPage\":{\"@id\":\"https:\\\/\\\/yasminfood.ch\\\/de\\\/product\\\/al-qanater-suesse-mit-pistazien-450-g\\\/#primaryimage\"},\"image\":{\"@id\":\"https:\\\/\\\/yasminfood.ch\\\/de\\\/product\\\/al-qanater-suesse-mit-pistazien-450-g\\\/#primaryimage\"},\"thumbnailUrl\":\"https:\\\/\\\/yasminfood.ch\\\/wp-content\\\/uploads\\\/2026\\\/03\\\/\u062d\u0644\u0627\u0648\u0629-\u0627\u0644\u0642\u0646\u0627\u0637\u0631-\u0628\u0641\u0633\u062a\u0642-450-\u063a.png\",\"datePublished\":\"2026-03-09T00:54:56+00:00\",\"dateModified\":\"2026-03-09T00:56:49+00:00\",\"description\":\"Al-Qanater S\u00fc\u00dfe mit Pistazien 450 g kombiniert Premium-Tahini mit sorgf\u00e4ltig ausgew\u00e4hlten Pistazien, um einen reichen Geschmack und eine tolle Textur zu erhalten. Diese k\u00f6stliche Kombination bietet die perfekte Balance\",\"breadcrumb\":{\"@id\":\"https:\\\/\\\/yasminfood.ch\\\/de\\\/product\\\/al-qanater-suesse-mit-pistazien-450-g\\\/#breadcrumb\"},\"inLanguage\":\"de\",\"potentialAction\":[{\"@type\":\"ReadAction\",\"target\":[\"https:\\\/\\\/yasminfood.ch\\\/de\\\/product\\\/al-qanater-suesse-mit-pistazien-450-g\\\/\"]}]},{\"@type\":\"ImageObject\",\"inLanguage\":\"de\",\"@id\":\"https:\\\/\\\/yasminfood.ch\\\/de\\\/product\\\/al-qanater-suesse-mit-pistazien-450-g\\\/#primaryimage\",\"url\":\"https:\\\/\\\/yasminfood.ch\\\/wp-content\\\/uploads\\\/2026\\\/03\\\/\u062d\u0644\u0627\u0648\u0629-\u0627\u0644\u0642\u0646\u0627\u0637\u0631-\u0628\u0641\u0633\u062a\u0642-450-\u063a.png\",\"contentUrl\":\"https:\\\/\\\/yasminfood.ch\\\/wp-content\\\/uploads\\\/2026\\\/03\\\/\u062d\u0644\u0627\u0648\u0629-\u0627\u0644\u0642\u0646\u0627\u0637\u0631-\u0628\u0641\u0633\u062a\u0642-450-\u063a.png\",\"width\":1080,\"height\":1080,\"caption\":\"Al-Qanater S\u00fc\u00dfe mit Pistazien 450 g\"},{\"@type\":\"BreadcrumbList\",\"@id\":\"https:\\\/\\\/yasminfood.ch\\\/de\\\/product\\\/al-qanater-suesse-mit-pistazien-450-g\\\/#breadcrumb\",\"itemListElement\":[{\"@type\":\"ListItem\",\"position\":1,\"name\":\"\u0627\u0644\u0631\u0626\u064a\u0633\u064a\u0629\",\"item\":\"https:\\\/\\\/yasminfood.ch\\\/de\\\/zuhause\\\/\"},{\"@type\":\"ListItem\",\"position\":2,\"name\":\"Shop\",\"item\":\"https:\\\/\\\/yasminfood.ch\\\/de\\\/shop\\\/\"},{\"@type\":\"ListItem\",\"position\":3,\"name\":\"Dessert &amp; Chips\",\"item\":\"https:\\\/\\\/yasminfood.ch\\\/de\\\/produkt-kategorie\\\/dessert-chips-2\\\/\"},{\"@type\":\"ListItem\",\"position\":4,\"name\":\"Halva\",\"item\":\"https:\\\/\\\/yasminfood.ch\\\/de\\\/produkt-kategorie\\\/dessert-chips-2\\\/halva-de\\\/\"},{\"@type\":\"ListItem\",\"position\":5,\"name\":\"Al-Qanater S\u00fc\u00dfe mit Pistazien 450 g\"}]},{\"@type\":\"WebSite\",\"@id\":\"https:\\\/\\\/yasminfood.ch\\\/de\\\/#website\",\"url\":\"https:\\\/\\\/yasminfood.ch\\\/de\\\/\",\"name\":\"\u064a\u0627\u0633\u0645\u064a\u0646 \u0645\u0627\u0631\u0643\u062a\",\"description\":\"Alles, was Sie brauchen, an einem Ort\",\"publisher\":{\"@id\":\"https:\\\/\\\/yasminfood.ch\\\/de\\\/#organization\"},\"alternateName\":\"Yasmin Food\",\"potentialAction\":[{\"@type\":\"SearchAction\",\"target\":{\"@type\":\"EntryPoint\",\"urlTemplate\":\"https:\\\/\\\/yasminfood.ch\\\/de\\\/?s={search_term_string}\"},\"query-input\":{\"@type\":\"PropertyValueSpecification\",\"valueRequired\":true,\"valueName\":\"search_term_string\"}}],\"inLanguage\":\"de\"},{\"@type\":\"Organization\",\"@id\":\"https:\\\/\\\/yasminfood.ch\\\/de\\\/#organization\",\"name\":\"\u064a\u0627\u0633\u0645\u064a\u0646 \u0645\u0627\u0631\u0643\u062a\",\"alternateName\":\"Yasmin Food\",\"url\":\"https:\\\/\\\/yasminfood.ch\\\/de\\\/\",\"logo\":{\"@type\":\"ImageObject\",\"inLanguage\":\"de\",\"@id\":\"https:\\\/\\\/yasminfood.ch\\\/de\\\/#\\\/schema\\\/logo\\\/image\\\/\",\"url\":\"https:\\\/\\\/yasminfood.ch\\\/wp-content\\\/uploads\\\/2025\\\/05\\\/yasmin-food-header-logo.png\",\"contentUrl\":\"https:\\\/\\\/yasminfood.ch\\\/wp-content\\\/uploads\\\/2025\\\/05\\\/yasmin-food-header-logo.png\",\"width\":330,\"height\":120,\"caption\":\"\u064a\u0627\u0633\u0645\u064a\u0646 \u0645\u0627\u0631\u0643\u062a\"},\"image\":{\"@id\":\"https:\\\/\\\/yasminfood.ch\\\/de\\\/#\\\/schema\\\/logo\\\/image\\\/\"},\"sameAs\":[\"https:\\\/\\\/www.facebook.com\\\/yasminmarkt1\",\"https:\\\/\\\/www.tiktok.com\\\/@yasminmarkt\",\"https:\\\/\\\/www.instagram.com\\\/yasmin.markt1\\\/\",\"https:\\\/\\\/api.whatsapp.com\\\/send\\\/?phone=41799000104\"],\"publishingPrinciples\":\"https:\\\/\\\/yasminfood.ch\\\/de\\\/shop\\\/\",\"ownershipFundingInfo\":\"https:\\\/\\\/yasminfood.ch\\\/de\\\/shop\\\/\"}]}<\/script>\n<meta property=\"product:price:amount\" content=\"9.95\" \/>\n<meta property=\"product:price:currency\" content=\"CHF\" \/>\n<meta property=\"og:availability\" content=\"out of stock\" \/>\n<meta property=\"product:availability\" content=\"out of stock\" \/>\n<meta property=\"product:condition\" content=\"new\" \/>\n<!-- \/ Yoast SEO Premium plugin. -->","yoast_head_json":{"title":"Al-Qanater S\u00fc\u00dfe mit Pistazien 450 g - Yasmin Food","description":"Al-Qanater S\u00fc\u00dfe mit Pistazien 450 g kombiniert Premium-Tahini mit sorgf\u00e4ltig ausgew\u00e4hlten Pistazien, um einen reichen Geschmack und eine tolle Textur zu erhalten. Diese k\u00f6stliche Kombination bietet die perfekte Balance","robots":{"index":"index","follow":"follow","max-snippet":"max-snippet:-1","max-image-preview":"max-image-preview:large","max-video-preview":"max-video-preview:-1"},"canonical":"https:\/\/yasminfood.ch\/de\/product\/al-qanater-suesse-mit-pistazien-450-g\/","og_locale":"de_DE","og_type":"article","og_title":"Al-Qanater S\u00fc\u00dfe mit Pistazien 450 g","og_description":"Al-Qanater S\u00fc\u00dfe mit Pistazien 450 g   Kombiniert luxuri\u00f6ses Tahini mit sorgf\u00e4ltig ausgew\u00e4hlten Pistazien,   Um dir einen reichen Geschmack und eine tolle Textur zu geben. Diese k\u00f6stliche Kombination bietet die perfekte Balance zwischen S\u00fc\u00dfe und dem nat\u00fcrlichen Geschmack von Pistazien.","og_url":"https:\/\/yasminfood.ch\/de\/product\/al-qanater-suesse-mit-pistazien-450-g\/","og_site_name":"Yasmin Food","article_publisher":"https:\/\/www.facebook.com\/yasminmarkt1","article_modified_time":"2026-03-09T00:56:49+00:00","og_image":[{"width":1080,"height":1080,"url":"https:\/\/yasminfood.ch\/wp-content\/uploads\/2026\/03\/\u062d\u0644\u0627\u0648\u0629-\u0627\u0644\u0642\u0646\u0627\u0637\u0631-\u0628\u0641\u0633\u062a\u0642-450-\u063a.png","type":"image\/png"}],"twitter_card":"summary_large_image","twitter_misc":{"Preis":"9.95&nbsp;&#67;&#72;&#70;","Verf\u00fcgbarkeit":"ausverkauft"},"schema":{"@context":"https:\/\/schema.org","@graph":[{"@type":"WebPage","@id":"https:\/\/yasminfood.ch\/de\/product\/al-qanater-suesse-mit-pistazien-450-g\/","url":"https:\/\/yasminfood.ch\/de\/product\/al-qanater-suesse-mit-pistazien-450-g\/","name":"Al-Qanater S\u00fc\u00dfe mit Pistazien 450 g - Yasmin Food","isPartOf":{"@id":"https:\/\/yasminfood.ch\/de\/#website"},"primaryImageOfPage":{"@id":"https:\/\/yasminfood.ch\/de\/product\/al-qanater-suesse-mit-pistazien-450-g\/#primaryimage"},"image":{"@id":"https:\/\/yasminfood.ch\/de\/product\/al-qanater-suesse-mit-pistazien-450-g\/#primaryimage"},"thumbnailUrl":"https:\/\/yasminfood.ch\/wp-content\/uploads\/2026\/03\/\u062d\u0644\u0627\u0648\u0629-\u0627\u0644\u0642\u0646\u0627\u0637\u0631-\u0628\u0641\u0633\u062a\u0642-450-\u063a.png","datePublished":"2026-03-09T00:54:56+00:00","dateModified":"2026-03-09T00:56:49+00:00","description":"Al-Qanater S\u00fc\u00dfe mit Pistazien 450 g kombiniert Premium-Tahini mit sorgf\u00e4ltig ausgew\u00e4hlten Pistazien, um einen reichen Geschmack und eine tolle Textur zu erhalten. Diese k\u00f6stliche Kombination bietet die perfekte Balance","breadcrumb":{"@id":"https:\/\/yasminfood.ch\/de\/product\/al-qanater-suesse-mit-pistazien-450-g\/#breadcrumb"},"inLanguage":"de","potentialAction":[{"@type":"ReadAction","target":["https:\/\/yasminfood.ch\/de\/product\/al-qanater-suesse-mit-pistazien-450-g\/"]}]},{"@type":"ImageObject","inLanguage":"de","@id":"https:\/\/yasminfood.ch\/de\/product\/al-qanater-suesse-mit-pistazien-450-g\/#primaryimage","url":"https:\/\/yasminfood.ch\/wp-content\/uploads\/2026\/03\/\u062d\u0644\u0627\u0648\u0629-\u0627\u0644\u0642\u0646\u0627\u0637\u0631-\u0628\u0641\u0633\u062a\u0642-450-\u063a.png","contentUrl":"https:\/\/yasminfood.ch\/wp-content\/uploads\/2026\/03\/\u062d\u0644\u0627\u0648\u0629-\u0627\u0644\u0642\u0646\u0627\u0637\u0631-\u0628\u0641\u0633\u062a\u0642-450-\u063a.png","width":1080,"height":1080,"caption":"Al-Qanater S\u00fc\u00dfe mit Pistazien 450 g"},{"@type":"BreadcrumbList","@id":"https:\/\/yasminfood.ch\/de\/product\/al-qanater-suesse-mit-pistazien-450-g\/#breadcrumb","itemListElement":[{"@type":"ListItem","position":1,"name":"\u0627\u0644\u0631\u0626\u064a\u0633\u064a\u0629","item":"https:\/\/yasminfood.ch\/de\/zuhause\/"},{"@type":"ListItem","position":2,"name":"Shop","item":"https:\/\/yasminfood.ch\/de\/shop\/"},{"@type":"ListItem","position":3,"name":"Dessert &amp; Chips","item":"https:\/\/yasminfood.ch\/de\/produkt-kategorie\/dessert-chips-2\/"},{"@type":"ListItem","position":4,"name":"Halva","item":"https:\/\/yasminfood.ch\/de\/produkt-kategorie\/dessert-chips-2\/halva-de\/"},{"@type":"ListItem","position":5,"name":"Al-Qanater S\u00fc\u00dfe mit Pistazien 450 g"}]},{"@type":"WebSite","@id":"https:\/\/yasminfood.ch\/de\/#website","url":"https:\/\/yasminfood.ch\/de\/","name":"\u064a\u0627\u0633\u0645\u064a\u0646 \u0645\u0627\u0631\u0643\u062a","description":"Alles, was Sie brauchen, an einem Ort","publisher":{"@id":"https:\/\/yasminfood.ch\/de\/#organization"},"alternateName":"Yasmin Food","potentialAction":[{"@type":"SearchAction","target":{"@type":"EntryPoint","urlTemplate":"https:\/\/yasminfood.ch\/de\/?s={search_term_string}"},"query-input":{"@type":"PropertyValueSpecification","valueRequired":true,"valueName":"search_term_string"}}],"inLanguage":"de"},{"@type":"Organization","@id":"https:\/\/yasminfood.ch\/de\/#organization","name":"\u064a\u0627\u0633\u0645\u064a\u0646 \u0645\u0627\u0631\u0643\u062a","alternateName":"Yasmin Food","url":"https:\/\/yasminfood.ch\/de\/","logo":{"@type":"ImageObject","inLanguage":"de","@id":"https:\/\/yasminfood.ch\/de\/#\/schema\/logo\/image\/","url":"https:\/\/yasminfood.ch\/wp-content\/uploads\/2025\/05\/yasmin-food-header-logo.png","contentUrl":"https:\/\/yasminfood.ch\/wp-content\/uploads\/2025\/05\/yasmin-food-header-logo.png","width":330,"height":120,"caption":"\u064a\u0627\u0633\u0645\u064a\u0646 \u0645\u0627\u0631\u0643\u062a"},"image":{"@id":"https:\/\/yasminfood.ch\/de\/#\/schema\/logo\/image\/"},"sameAs":["https:\/\/www.facebook.com\/yasminmarkt1","https:\/\/www.tiktok.com\/@yasminmarkt","https:\/\/www.instagram.com\/yasmin.markt1\/","https:\/\/api.whatsapp.com\/send\/?phone=41799000104"],"publishingPrinciples":"https:\/\/yasminfood.ch\/de\/shop\/","ownershipFundingInfo":"https:\/\/yasminfood.ch\/de\/shop\/"}]},"product_price_amount":"9.95","product_price_currency":"CHF","og_availability":"out of stock","product_availability":"out of stock","product_condition":"new"},"jetpack_sharing_enabled":true,"_links":{"self":[{"href":"https:\/\/yasminfood.ch\/de\/wp-json\/wp\/v2\/product\/122004","targetHints":{"allow":["GET"]}}],"collection":[{"href":"https:\/\/yasminfood.ch\/de\/wp-json\/wp\/v2\/product"}],"about":[{"href":"https:\/\/yasminfood.ch\/de\/wp-json\/wp\/v2\/types\/product"}],"replies":[{"embeddable":true,"href":"https:\/\/yasminfood.ch\/de\/wp-json\/wp\/v2\/comments?post=122004"}],"version-history":[{"count":0,"href":"https:\/\/yasminfood.ch\/de\/wp-json\/wp\/v2\/product\/122004\/revisions"}],"wp:featuredmedia":[{"embeddable":true,"href":"https:\/\/yasminfood.ch\/de\/wp-json\/wp\/v2\/media\/122005"}],"wp:attachment":[{"href":"https:\/\/yasminfood.ch\/de\/wp-json\/wp\/v2\/media?parent=122004"}],"wp:term":[{"taxonomy":"product_brand","embeddable":true,"href":"https:\/\/yasminfood.ch\/de\/wp-json\/wp\/v2\/product_brand?post=122004"},{"taxonomy":"product_cat","embeddable":true,"href":"https:\/\/yasminfood.ch\/de\/wp-json\/wp\/v2\/product_cat?post=122004"},{"taxonomy":"product_tag","embeddable":true,"href":"https:\/\/yasminfood.ch\/de\/wp-json\/wp\/v2\/product_tag?post=122004"}],"curies":[{"name":"wp","href":"https:\/\/api.w.org\/{rel}","templated":true}]}}