{"id":122008,"date":"2026-03-09T01:46:32","date_gmt":"2026-03-09T00:46:32","guid":{"rendered":"https:\/\/yasminfood.ch\/product\/sweet-barrage-plain-450g\/"},"modified":"2026-03-09T01:56:51","modified_gmt":"2026-03-09T00:56:51","slug":"sweet-barrage-plain-450g","status":"publish","type":"product","link":"https:\/\/yasminfood.ch\/de\/product\/sweet-barrage-plain-450g\/","title":{"rendered":"Sweet Barrage Plain 450g"},"content":{"rendered":"<p><strong>Sweet Barrage Plain 450g<\/strong><\/p>\n<ul>\n<li>\n<p data-start=\"48\" data-end=\"274\">Hergestellt mit dem feinsten, sorgf\u00e4ltig ausgew\u00e4hlten Tahini.<\/p>\n<\/li>\n<li>\n<p data-start=\"48\" data-end=\"274\">Mit seiner weichen Textur und dem reichhaltigen, schmelzenden Geschmack ist er die perfekte Wahl zum Fr\u00fchst\u00fcck oder als nahrhafter Snack zu jeder Tageszeit. <\/p>\n<p data-start=\"276\" data-end=\"404\">Nach hohen Qualit\u00e4tsstandards und nat\u00fcrlichen Zutaten zubereitet, wird die S\u00fc\u00dfe des Barrage zubereitet, um Ihnen ein energiereiches und traditionelles Aroma zu bieten, das jeder liebt. <\/p>\n<p data-start=\"406\" data-end=\"419\"><strong data-start=\"406\" data-end=\"419\">Funktionen:<\/strong><\/p>\n<ul data-start=\"420\" data-end=\"548\">\n<li data-section-id=\"py2lav\" data-start=\"420\" data-end=\"460\">\n<p data-start=\"422\" data-end=\"460\">Hergestellt mit hochwertigen, nat\u00fcrlichen Zutaten<\/p>\n<\/li>\n<li data-section-id=\"txwf7f\" data-start=\"461\" data-end=\"481\">\n<p data-start=\"463\" data-end=\"481\">Geeignet f\u00fcr Vegetarier<\/p>\n<\/li>\n<li data-section-id=\"1tvmf7a\" data-start=\"482\" data-end=\"503\">\n<p data-start=\"484\" data-end=\"503\">Glutenfrei<\/p>\n<\/li>\n<li data-section-id=\"rn5lqf\" data-start=\"504\" data-end=\"528\">\n<p data-start=\"506\" data-end=\"528\">Cholesterinfrei<\/p>\n<\/li>\n<li data-section-id=\"1mdkbpa\" data-start=\"529\" data-end=\"548\">\n<p data-start=\"531\" data-end=\"548\">Keine Konservierungsstoffe<\/p>\n<\/li>\n<\/ul>\n<p data-start=\"550\" data-end=\"664\"><strong data-start=\"550\" data-end=\"568\">Wie man sich bewirbt:<\/strong><br \/>\nKann pur gegessen werden, mit Brot serviert oder mit hinzugef\u00fcgten N\u00fcssen und Honig f\u00fcr einen diffraineren Geschmack  <\/p>\n<\/li>\n<\/ul>\n","protected":false},"excerpt":{"rendered":"<p><strong>Sweet Barrage Plain 450g<\/strong><\/p>\n<ul>\n<li>\n<p data-start=\"48\" data-end=\"274\">Hergestellt mit dem feinsten, sorgf\u00e4ltig ausgew\u00e4hlten Tahini.<\/p>\n<\/li>\n<li>\n<p data-start=\"48\" data-end=\"274\">Mit seiner weichen Textur und dem reichhaltigen, schmelzenden Geschmack ist er die perfekte Wahl zum Fr\u00fchst\u00fcck oder als nahrhafter Snack zu jeder Tageszeit. <\/p>\n<\/li>\n<\/ul>\n","protected":false},"featured_media":122009,"comment_status":"open","ping_status":"closed","template":"","meta":[],"product_brand":[],"product_cat":[297,309],"product_tag":[],"class_list":{"0":"post-122008","1":"product","2":"type-product","3":"status-publish","4":"has-post-thumbnail","6":"product_cat-dessert-chips-2","7":"product_cat-halva-de","9":"first","10":"instock","11":"taxable","12":"shipping-taxable","13":"purchasable","14":"product-type-simple"},"yoast_head":"<!-- This site is optimized with the Yoast SEO Premium plugin v26.5 (Yoast SEO v27.4) - https:\/\/yoast.com\/product\/yoast-seo-premium-wordpress\/ -->\n<title>Sweet Barrage Plain 450g - Yasmin Food<\/title>\n<meta name=\"description\" content=\"Sweet Barrage Plain 450g wird aus dem feinsten, sorgf\u00e4ltig ausgew\u00e4hlten Tahini hergestellt, das sich durch seine weiche Textur und den reichen Geschmack auszeichnet, der auf der Zunge schmilzt,\" \/>\n<meta name=\"robots\" content=\"index, follow, max-snippet:-1, max-image-preview:large, max-video-preview:-1\" \/>\n<link rel=\"canonical\" href=\"https:\/\/yasminfood.ch\/de\/product\/sweet-barrage-plain-450g\/\" \/>\n<meta property=\"og:locale\" content=\"de_DE\" \/>\n<meta property=\"og:type\" content=\"article\" \/>\n<meta property=\"og:title\" content=\"Sweet Barrage Plain 450g\" \/>\n<meta property=\"og:description\" content=\"Sweet Barrage Plain 450g   Hergestellt mit dem feinsten, sorgf\u00e4ltig ausgew\u00e4hlten Tahini.   Mit seiner weichen Textur und dem reichhaltigen, schmelzenden Geschmack ist er die perfekte Wahl zum Fr\u00fchst\u00fcck oder als nahrhafter Snack zu jeder Tageszeit.\" \/>\n<meta property=\"og:url\" content=\"https:\/\/yasminfood.ch\/de\/product\/sweet-barrage-plain-450g\/\" \/>\n<meta property=\"og:site_name\" content=\"Yasmin Food\" \/>\n<meta property=\"article:publisher\" content=\"https:\/\/www.facebook.com\/yasminmarkt1\" \/>\n<meta property=\"article:modified_time\" content=\"2026-03-09T00:56:51+00:00\" \/>\n<meta property=\"og:image\" content=\"https:\/\/yasminfood.ch\/wp-content\/uploads\/2026\/03\/\u062d\u0644\u0627\u0648\u0629-\u0627\u0644\u0642\u0646\u0627\u0637\u0631-\u0633\u0627\u062f\u0629-450-\u063a.png\" \/>\n\t<meta property=\"og:image:width\" content=\"1080\" \/>\n\t<meta property=\"og:image:height\" content=\"1080\" \/>\n\t<meta property=\"og:image:type\" content=\"image\/png\" \/>\n<meta name=\"twitter:card\" content=\"summary_large_image\" \/>\n<meta name=\"twitter:label1\" content=\"Preis\" \/>\n\t<meta name=\"twitter:data1\" content=\"8.95&nbsp;&#067;&#072;&#070;\" \/>\n\t<meta name=\"twitter:label2\" content=\"Verf\u00fcgbarkeit\" \/>\n\t<meta name=\"twitter:data2\" content=\"Auf Lager\" \/>\n<script type=\"application\/ld+json\" class=\"yoast-schema-graph\">{\"@context\":\"https:\\\/\\\/schema.org\",\"@graph\":[{\"@type\":\"WebPage\",\"@id\":\"https:\\\/\\\/yasminfood.ch\\\/de\\\/product\\\/sweet-barrage-plain-450g\\\/\",\"url\":\"https:\\\/\\\/yasminfood.ch\\\/de\\\/product\\\/sweet-barrage-plain-450g\\\/\",\"name\":\"Sweet Barrage Plain 450g - Yasmin Food\",\"isPartOf\":{\"@id\":\"https:\\\/\\\/yasminfood.ch\\\/de\\\/#website\"},\"primaryImageOfPage\":{\"@id\":\"https:\\\/\\\/yasminfood.ch\\\/de\\\/product\\\/sweet-barrage-plain-450g\\\/#primaryimage\"},\"image\":{\"@id\":\"https:\\\/\\\/yasminfood.ch\\\/de\\\/product\\\/sweet-barrage-plain-450g\\\/#primaryimage\"},\"thumbnailUrl\":\"https:\\\/\\\/yasminfood.ch\\\/wp-content\\\/uploads\\\/2026\\\/03\\\/\u062d\u0644\u0627\u0648\u0629-\u0627\u0644\u0642\u0646\u0627\u0637\u0631-\u0633\u0627\u062f\u0629-450-\u063a.png\",\"datePublished\":\"2026-03-09T00:46:32+00:00\",\"dateModified\":\"2026-03-09T00:56:51+00:00\",\"description\":\"Sweet Barrage Plain 450g wird aus dem feinsten, sorgf\u00e4ltig ausgew\u00e4hlten Tahini hergestellt, das sich durch seine weiche Textur und den reichen Geschmack auszeichnet, der auf der Zunge schmilzt,\",\"breadcrumb\":{\"@id\":\"https:\\\/\\\/yasminfood.ch\\\/de\\\/product\\\/sweet-barrage-plain-450g\\\/#breadcrumb\"},\"inLanguage\":\"de\",\"potentialAction\":[{\"@type\":\"ReadAction\",\"target\":[\"https:\\\/\\\/yasminfood.ch\\\/de\\\/product\\\/sweet-barrage-plain-450g\\\/\"]}]},{\"@type\":\"ImageObject\",\"inLanguage\":\"de\",\"@id\":\"https:\\\/\\\/yasminfood.ch\\\/de\\\/product\\\/sweet-barrage-plain-450g\\\/#primaryimage\",\"url\":\"https:\\\/\\\/yasminfood.ch\\\/wp-content\\\/uploads\\\/2026\\\/03\\\/\u062d\u0644\u0627\u0648\u0629-\u0627\u0644\u0642\u0646\u0627\u0637\u0631-\u0633\u0627\u062f\u0629-450-\u063a.png\",\"contentUrl\":\"https:\\\/\\\/yasminfood.ch\\\/wp-content\\\/uploads\\\/2026\\\/03\\\/\u062d\u0644\u0627\u0648\u0629-\u0627\u0644\u0642\u0646\u0627\u0637\u0631-\u0633\u0627\u062f\u0629-450-\u063a.png\",\"width\":1080,\"height\":1080,\"caption\":\"Sweet Barrage Plain 450g\"},{\"@type\":\"BreadcrumbList\",\"@id\":\"https:\\\/\\\/yasminfood.ch\\\/de\\\/product\\\/sweet-barrage-plain-450g\\\/#breadcrumb\",\"itemListElement\":[{\"@type\":\"ListItem\",\"position\":1,\"name\":\"\u0627\u0644\u0631\u0626\u064a\u0633\u064a\u0629\",\"item\":\"https:\\\/\\\/yasminfood.ch\\\/de\\\/zuhause\\\/\"},{\"@type\":\"ListItem\",\"position\":2,\"name\":\"Shop\",\"item\":\"https:\\\/\\\/yasminfood.ch\\\/de\\\/shop\\\/\"},{\"@type\":\"ListItem\",\"position\":3,\"name\":\"Dessert &amp; Chips\",\"item\":\"https:\\\/\\\/yasminfood.ch\\\/de\\\/produkt-kategorie\\\/dessert-chips-2\\\/\"},{\"@type\":\"ListItem\",\"position\":4,\"name\":\"Halva\",\"item\":\"https:\\\/\\\/yasminfood.ch\\\/de\\\/produkt-kategorie\\\/dessert-chips-2\\\/halva-de\\\/\"},{\"@type\":\"ListItem\",\"position\":5,\"name\":\"Sweet Barrage Plain 450g\"}]},{\"@type\":\"WebSite\",\"@id\":\"https:\\\/\\\/yasminfood.ch\\\/de\\\/#website\",\"url\":\"https:\\\/\\\/yasminfood.ch\\\/de\\\/\",\"name\":\"\u064a\u0627\u0633\u0645\u064a\u0646 \u0645\u0627\u0631\u0643\u062a\",\"description\":\"Alles, was Sie brauchen, an einem Ort\",\"publisher\":{\"@id\":\"https:\\\/\\\/yasminfood.ch\\\/de\\\/#organization\"},\"alternateName\":\"Yasmin Food\",\"potentialAction\":[{\"@type\":\"SearchAction\",\"target\":{\"@type\":\"EntryPoint\",\"urlTemplate\":\"https:\\\/\\\/yasminfood.ch\\\/de\\\/?s={search_term_string}\"},\"query-input\":{\"@type\":\"PropertyValueSpecification\",\"valueRequired\":true,\"valueName\":\"search_term_string\"}}],\"inLanguage\":\"de\"},{\"@type\":\"Organization\",\"@id\":\"https:\\\/\\\/yasminfood.ch\\\/de\\\/#organization\",\"name\":\"\u064a\u0627\u0633\u0645\u064a\u0646 \u0645\u0627\u0631\u0643\u062a\",\"alternateName\":\"Yasmin Food\",\"url\":\"https:\\\/\\\/yasminfood.ch\\\/de\\\/\",\"logo\":{\"@type\":\"ImageObject\",\"inLanguage\":\"de\",\"@id\":\"https:\\\/\\\/yasminfood.ch\\\/de\\\/#\\\/schema\\\/logo\\\/image\\\/\",\"url\":\"https:\\\/\\\/yasminfood.ch\\\/wp-content\\\/uploads\\\/2025\\\/05\\\/yasmin-food-header-logo.png\",\"contentUrl\":\"https:\\\/\\\/yasminfood.ch\\\/wp-content\\\/uploads\\\/2025\\\/05\\\/yasmin-food-header-logo.png\",\"width\":330,\"height\":120,\"caption\":\"\u064a\u0627\u0633\u0645\u064a\u0646 \u0645\u0627\u0631\u0643\u062a\"},\"image\":{\"@id\":\"https:\\\/\\\/yasminfood.ch\\\/de\\\/#\\\/schema\\\/logo\\\/image\\\/\"},\"sameAs\":[\"https:\\\/\\\/www.facebook.com\\\/yasminmarkt1\",\"https:\\\/\\\/www.tiktok.com\\\/@yasminmarkt\",\"https:\\\/\\\/www.instagram.com\\\/yasmin.markt1\\\/\",\"https:\\\/\\\/api.whatsapp.com\\\/send\\\/?phone=41799000104\"],\"publishingPrinciples\":\"https:\\\/\\\/yasminfood.ch\\\/de\\\/shop\\\/\",\"ownershipFundingInfo\":\"https:\\\/\\\/yasminfood.ch\\\/de\\\/shop\\\/\"}]}<\/script>\n<meta property=\"product:price:amount\" content=\"8.95\" \/>\n<meta property=\"product:price:currency\" content=\"CHF\" \/>\n<meta property=\"og:availability\" content=\"instock\" \/>\n<meta property=\"product:availability\" content=\"instock\" \/>\n<meta property=\"product:condition\" content=\"new\" \/>\n<!-- \/ Yoast SEO Premium plugin. -->","yoast_head_json":{"title":"Sweet Barrage Plain 450g - Yasmin Food","description":"Sweet Barrage Plain 450g wird aus dem feinsten, sorgf\u00e4ltig ausgew\u00e4hlten Tahini hergestellt, das sich durch seine weiche Textur und den reichen Geschmack auszeichnet, der auf der Zunge schmilzt,","robots":{"index":"index","follow":"follow","max-snippet":"max-snippet:-1","max-image-preview":"max-image-preview:large","max-video-preview":"max-video-preview:-1"},"canonical":"https:\/\/yasminfood.ch\/de\/product\/sweet-barrage-plain-450g\/","og_locale":"de_DE","og_type":"article","og_title":"Sweet Barrage Plain 450g","og_description":"Sweet Barrage Plain 450g   Hergestellt mit dem feinsten, sorgf\u00e4ltig ausgew\u00e4hlten Tahini.   Mit seiner weichen Textur und dem reichhaltigen, schmelzenden Geschmack ist er die perfekte Wahl zum Fr\u00fchst\u00fcck oder als nahrhafter Snack zu jeder Tageszeit.","og_url":"https:\/\/yasminfood.ch\/de\/product\/sweet-barrage-plain-450g\/","og_site_name":"Yasmin Food","article_publisher":"https:\/\/www.facebook.com\/yasminmarkt1","article_modified_time":"2026-03-09T00:56:51+00:00","og_image":[{"width":1080,"height":1080,"url":"https:\/\/yasminfood.ch\/wp-content\/uploads\/2026\/03\/\u062d\u0644\u0627\u0648\u0629-\u0627\u0644\u0642\u0646\u0627\u0637\u0631-\u0633\u0627\u062f\u0629-450-\u063a.png","type":"image\/png"}],"twitter_card":"summary_large_image","twitter_misc":{"Preis":"8.95&nbsp;&#67;&#72;&#70;","Verf\u00fcgbarkeit":"Auf Lager"},"schema":{"@context":"https:\/\/schema.org","@graph":[{"@type":"WebPage","@id":"https:\/\/yasminfood.ch\/de\/product\/sweet-barrage-plain-450g\/","url":"https:\/\/yasminfood.ch\/de\/product\/sweet-barrage-plain-450g\/","name":"Sweet Barrage Plain 450g - Yasmin Food","isPartOf":{"@id":"https:\/\/yasminfood.ch\/de\/#website"},"primaryImageOfPage":{"@id":"https:\/\/yasminfood.ch\/de\/product\/sweet-barrage-plain-450g\/#primaryimage"},"image":{"@id":"https:\/\/yasminfood.ch\/de\/product\/sweet-barrage-plain-450g\/#primaryimage"},"thumbnailUrl":"https:\/\/yasminfood.ch\/wp-content\/uploads\/2026\/03\/\u062d\u0644\u0627\u0648\u0629-\u0627\u0644\u0642\u0646\u0627\u0637\u0631-\u0633\u0627\u062f\u0629-450-\u063a.png","datePublished":"2026-03-09T00:46:32+00:00","dateModified":"2026-03-09T00:56:51+00:00","description":"Sweet Barrage Plain 450g wird aus dem feinsten, sorgf\u00e4ltig ausgew\u00e4hlten Tahini hergestellt, das sich durch seine weiche Textur und den reichen Geschmack auszeichnet, der auf der Zunge schmilzt,","breadcrumb":{"@id":"https:\/\/yasminfood.ch\/de\/product\/sweet-barrage-plain-450g\/#breadcrumb"},"inLanguage":"de","potentialAction":[{"@type":"ReadAction","target":["https:\/\/yasminfood.ch\/de\/product\/sweet-barrage-plain-450g\/"]}]},{"@type":"ImageObject","inLanguage":"de","@id":"https:\/\/yasminfood.ch\/de\/product\/sweet-barrage-plain-450g\/#primaryimage","url":"https:\/\/yasminfood.ch\/wp-content\/uploads\/2026\/03\/\u062d\u0644\u0627\u0648\u0629-\u0627\u0644\u0642\u0646\u0627\u0637\u0631-\u0633\u0627\u062f\u0629-450-\u063a.png","contentUrl":"https:\/\/yasminfood.ch\/wp-content\/uploads\/2026\/03\/\u062d\u0644\u0627\u0648\u0629-\u0627\u0644\u0642\u0646\u0627\u0637\u0631-\u0633\u0627\u062f\u0629-450-\u063a.png","width":1080,"height":1080,"caption":"Sweet Barrage Plain 450g"},{"@type":"BreadcrumbList","@id":"https:\/\/yasminfood.ch\/de\/product\/sweet-barrage-plain-450g\/#breadcrumb","itemListElement":[{"@type":"ListItem","position":1,"name":"\u0627\u0644\u0631\u0626\u064a\u0633\u064a\u0629","item":"https:\/\/yasminfood.ch\/de\/zuhause\/"},{"@type":"ListItem","position":2,"name":"Shop","item":"https:\/\/yasminfood.ch\/de\/shop\/"},{"@type":"ListItem","position":3,"name":"Dessert &amp; Chips","item":"https:\/\/yasminfood.ch\/de\/produkt-kategorie\/dessert-chips-2\/"},{"@type":"ListItem","position":4,"name":"Halva","item":"https:\/\/yasminfood.ch\/de\/produkt-kategorie\/dessert-chips-2\/halva-de\/"},{"@type":"ListItem","position":5,"name":"Sweet Barrage Plain 450g"}]},{"@type":"WebSite","@id":"https:\/\/yasminfood.ch\/de\/#website","url":"https:\/\/yasminfood.ch\/de\/","name":"\u064a\u0627\u0633\u0645\u064a\u0646 \u0645\u0627\u0631\u0643\u062a","description":"Alles, was Sie brauchen, an einem Ort","publisher":{"@id":"https:\/\/yasminfood.ch\/de\/#organization"},"alternateName":"Yasmin Food","potentialAction":[{"@type":"SearchAction","target":{"@type":"EntryPoint","urlTemplate":"https:\/\/yasminfood.ch\/de\/?s={search_term_string}"},"query-input":{"@type":"PropertyValueSpecification","valueRequired":true,"valueName":"search_term_string"}}],"inLanguage":"de"},{"@type":"Organization","@id":"https:\/\/yasminfood.ch\/de\/#organization","name":"\u064a\u0627\u0633\u0645\u064a\u0646 \u0645\u0627\u0631\u0643\u062a","alternateName":"Yasmin Food","url":"https:\/\/yasminfood.ch\/de\/","logo":{"@type":"ImageObject","inLanguage":"de","@id":"https:\/\/yasminfood.ch\/de\/#\/schema\/logo\/image\/","url":"https:\/\/yasminfood.ch\/wp-content\/uploads\/2025\/05\/yasmin-food-header-logo.png","contentUrl":"https:\/\/yasminfood.ch\/wp-content\/uploads\/2025\/05\/yasmin-food-header-logo.png","width":330,"height":120,"caption":"\u064a\u0627\u0633\u0645\u064a\u0646 \u0645\u0627\u0631\u0643\u062a"},"image":{"@id":"https:\/\/yasminfood.ch\/de\/#\/schema\/logo\/image\/"},"sameAs":["https:\/\/www.facebook.com\/yasminmarkt1","https:\/\/www.tiktok.com\/@yasminmarkt","https:\/\/www.instagram.com\/yasmin.markt1\/","https:\/\/api.whatsapp.com\/send\/?phone=41799000104"],"publishingPrinciples":"https:\/\/yasminfood.ch\/de\/shop\/","ownershipFundingInfo":"https:\/\/yasminfood.ch\/de\/shop\/"}]},"product_price_amount":"8.95","product_price_currency":"CHF","og_availability":"instock","product_availability":"instock","product_condition":"new"},"jetpack_sharing_enabled":true,"_links":{"self":[{"href":"https:\/\/yasminfood.ch\/de\/wp-json\/wp\/v2\/product\/122008","targetHints":{"allow":["GET"]}}],"collection":[{"href":"https:\/\/yasminfood.ch\/de\/wp-json\/wp\/v2\/product"}],"about":[{"href":"https:\/\/yasminfood.ch\/de\/wp-json\/wp\/v2\/types\/product"}],"replies":[{"embeddable":true,"href":"https:\/\/yasminfood.ch\/de\/wp-json\/wp\/v2\/comments?post=122008"}],"version-history":[{"count":0,"href":"https:\/\/yasminfood.ch\/de\/wp-json\/wp\/v2\/product\/122008\/revisions"}],"wp:featuredmedia":[{"embeddable":true,"href":"https:\/\/yasminfood.ch\/de\/wp-json\/wp\/v2\/media\/122009"}],"wp:attachment":[{"href":"https:\/\/yasminfood.ch\/de\/wp-json\/wp\/v2\/media?parent=122008"}],"wp:term":[{"taxonomy":"product_brand","embeddable":true,"href":"https:\/\/yasminfood.ch\/de\/wp-json\/wp\/v2\/product_brand?post=122008"},{"taxonomy":"product_cat","embeddable":true,"href":"https:\/\/yasminfood.ch\/de\/wp-json\/wp\/v2\/product_cat?post=122008"},{"taxonomy":"product_tag","embeddable":true,"href":"https:\/\/yasminfood.ch\/de\/wp-json\/wp\/v2\/product_tag?post=122008"}],"curies":[{"name":"wp","href":"https:\/\/api.w.org\/{rel}","templated":true}]}}