{"id":122030,"date":"2026-03-11T23:44:10","date_gmt":"2026-03-11T22:44:10","guid":{"rendered":"https:\/\/yasminfood.ch\/product\/aegyptische-extra-seeds-samir-300g\/"},"modified":"2026-03-11T23:45:02","modified_gmt":"2026-03-11T22:45:02","slug":"aegyptische-extra-seeds-samir-300g","status":"publish","type":"product","link":"https:\/\/yasminfood.ch\/de\/product\/aegyptische-extra-seeds-samir-300g\/","title":{"rendered":"\u00c4gyptische Extra Seeds \u2013 Samir 300g"},"content":{"rendered":"<p data-start=\"0\" data-end=\"33\"><strong data-start=\"0\" data-end=\"33\">\u00c4gyptische Extra Seeds \u2013 Samir 300g<\/strong><\/p>\n<ul>\n<li data-start=\"35\" data-end=\"216\">\n<p data-start=\"35\" data-end=\"216\">Die Samenk\u00f6rner werden sorgf\u00e4ltig ausgew\u00e4hlt und dann ausgewogen, um einen reichen, knusprigen Geschmack zu bekommen, der zu allen Zeiten passt.<\/p>\n<\/li>\n<li data-start=\"35\" data-end=\"216\">\n<p data-start=\"35\" data-end=\"216\">Dieses Produkt ist eine ideale Wahl f\u00fcr Unterhaltung bei Familientreffen oder mit Freunden.<\/p>\n<\/li>\n<li data-start=\"35\" data-end=\"216\">\n<p data-start=\"35\" data-end=\"216\">Es kann auch mit Getr\u00e4nken oder bei Ausfl\u00fcgen und Picknicks serviert werden. Sie hat eine hohe Qualit\u00e4t und einen traditionellen, k\u00f6rnigen Geschmack. <\/p>\n<p data-start=\"389\" data-end=\"402\"><strong data-start=\"389\" data-end=\"402\">Funktionen:<\/strong><\/p>\n<ul data-start=\"403\" data-end=\"540\">\n<li data-section-id=\"etu10q\" data-start=\"403\" data-end=\"431\">\n<p data-start=\"405\" data-end=\"431\">Ger\u00f6stete und gesalzene \u00e4gyptische Wassermelonenkerne<\/p>\n<\/li>\n<li data-section-id=\"1h32c5v\" data-start=\"432\" data-end=\"466\">\n<p data-start=\"434\" data-end=\"466\">Sorgf\u00e4ltig ausgew\u00e4hlte und hochwertige Getreide<\/p>\n<\/li>\n<li data-section-id=\"apv5dk\" data-start=\"467\" data-end=\"486\">\n<p data-start=\"469\" data-end=\"486\">Knusprigkeit und charakteristischer Geschmack<\/p>\n<\/li>\n<li data-section-id=\"pmn46p\" data-start=\"487\" data-end=\"513\">\n<p data-start=\"489\" data-end=\"513\">Geeignet f\u00fcr Unterhaltung und Gastgewerbe<\/p>\n<\/li>\n<li data-section-id=\"uauh53\" data-start=\"514\" data-end=\"540\">\n<p data-start=\"516\" data-end=\"540\">Paketgewicht: <strong data-start=\"528\" data-end=\"540\">300 g<\/strong><\/p>\n<\/li>\n<\/ul>\n<p data-start=\"542\" data-end=\"590\" data-is-last-node=\"\" data-is-only-node=\"\">Ein k\u00f6stliches Produkt, das perfekt f\u00fcr Liebhaber authentischer Unterhaltung ist<\/p>\n<\/li>\n<\/ul>\n","protected":false},"excerpt":{"rendered":"<p data-start=\"0\" data-end=\"33\"><strong data-start=\"0\" data-end=\"33\">\u00c4gyptische Extra Seeds \u2013 Samir 300g<\/strong><\/p>\n<ul>\n<li data-start=\"35\" data-end=\"216\">\n<p data-start=\"35\" data-end=\"216\">Die Samenk\u00f6rner werden sorgf\u00e4ltig ausgew\u00e4hlt und dann ausgewogen, um einen reichen, knusprigen Geschmack zu bekommen, der zu allen Zeiten passt.<\/p>\n<\/li>\n<li data-start=\"35\" data-end=\"216\">\n<p data-start=\"35\" data-end=\"216\">Dieses Produkt ist eine ideale Wahl f\u00fcr Unterhaltung bei Familientreffen oder mit Freunden.<\/p>\n<\/li>\n<\/ul>\n","protected":false},"featured_media":122031,"comment_status":"open","ping_status":"closed","template":"","meta":[],"product_brand":[],"product_cat":[356,359],"product_tag":[],"class_list":{"0":"post-122030","1":"product","2":"type-product","3":"status-publish","4":"has-post-thumbnail","6":"product_cat-gewuerze-nuesse","7":"product_cat-nusse","9":"first","10":"instock","11":"taxable","12":"shipping-taxable","13":"purchasable","14":"product-type-simple"},"yoast_head":"<!-- This site is optimized with the Yoast SEO Premium plugin v26.5 (Yoast SEO v27.4) - https:\/\/yoast.com\/product\/yoast-seo-premium-wordpress\/ -->\n<title>\u00c4gyptische Extra Seeds \u2013 Samir 300g - Yasmin Food<\/title>\n<meta name=\"description\" content=\"Die Saatk\u00f6rner werden sorgf\u00e4ltig ausgew\u00e4hlt und dann ausgewogen ger\u00f6stet und gesalzen, um einen reichen, knusprigen Geschmack zu jeder Zeit zu bekommen.\" \/>\n<meta name=\"robots\" content=\"index, follow, max-snippet:-1, max-image-preview:large, max-video-preview:-1\" \/>\n<link rel=\"canonical\" href=\"https:\/\/yasminfood.ch\/de\/product\/aegyptische-extra-seeds-samir-300g\/\" \/>\n<meta property=\"og:locale\" content=\"de_DE\" \/>\n<meta property=\"og:type\" content=\"article\" \/>\n<meta property=\"og:title\" content=\"\u00c4gyptische Extra Seeds \u2013 Samir 300g\" \/>\n<meta property=\"og:description\" content=\"\u00c4gyptische Extra Seeds \u2013 Samir 300g   Die Samenk\u00f6rner werden sorgf\u00e4ltig ausgew\u00e4hlt und dann ausgewogen, um einen reichen, knusprigen Geschmack zu bekommen, der zu allen Zeiten passt.   Dieses Produkt ist eine ideale Wahl f\u00fcr Unterhaltung bei Familientreffen oder mit Freunden.\" \/>\n<meta property=\"og:url\" content=\"https:\/\/yasminfood.ch\/de\/product\/aegyptische-extra-seeds-samir-300g\/\" \/>\n<meta property=\"og:site_name\" content=\"Yasmin Food\" \/>\n<meta property=\"article:publisher\" content=\"https:\/\/www.facebook.com\/yasminmarkt1\" \/>\n<meta property=\"article:modified_time\" content=\"2026-03-11T22:45:02+00:00\" \/>\n<meta property=\"og:image\" content=\"https:\/\/yasminfood.ch\/wp-content\/uploads\/2026\/03\/\u0628\u0632\u0631-\u0645\u0635\u0631\u064a-\u0627\u0643\u0633\u062a\u0631\u0627-\u0627\u0644\u0633\u0645\u064a\u0631-300\u063a.png\" \/>\n\t<meta property=\"og:image:width\" content=\"1080\" \/>\n\t<meta property=\"og:image:height\" content=\"1080\" \/>\n\t<meta property=\"og:image:type\" content=\"image\/png\" \/>\n<meta name=\"twitter:card\" content=\"summary_large_image\" \/>\n<meta name=\"twitter:label1\" content=\"Preis\" \/>\n\t<meta name=\"twitter:data1\" content=\"3.95&nbsp;&#067;&#072;&#070;\" \/>\n\t<meta name=\"twitter:label2\" content=\"Verf\u00fcgbarkeit\" \/>\n\t<meta name=\"twitter:data2\" content=\"Auf Lager\" \/>\n<script type=\"application\/ld+json\" class=\"yoast-schema-graph\">{\"@context\":\"https:\\\/\\\/schema.org\",\"@graph\":[{\"@type\":\"WebPage\",\"@id\":\"https:\\\/\\\/yasminfood.ch\\\/de\\\/product\\\/aegyptische-extra-seeds-samir-300g\\\/\",\"url\":\"https:\\\/\\\/yasminfood.ch\\\/de\\\/product\\\/aegyptische-extra-seeds-samir-300g\\\/\",\"name\":\"\u00c4gyptische Extra Seeds \u2013 Samir 300g - Yasmin Food\",\"isPartOf\":{\"@id\":\"https:\\\/\\\/yasminfood.ch\\\/de\\\/#website\"},\"primaryImageOfPage\":{\"@id\":\"https:\\\/\\\/yasminfood.ch\\\/de\\\/product\\\/aegyptische-extra-seeds-samir-300g\\\/#primaryimage\"},\"image\":{\"@id\":\"https:\\\/\\\/yasminfood.ch\\\/de\\\/product\\\/aegyptische-extra-seeds-samir-300g\\\/#primaryimage\"},\"thumbnailUrl\":\"https:\\\/\\\/yasminfood.ch\\\/wp-content\\\/uploads\\\/2026\\\/03\\\/\u0628\u0632\u0631-\u0645\u0635\u0631\u064a-\u0627\u0643\u0633\u062a\u0631\u0627-\u0627\u0644\u0633\u0645\u064a\u0631-300\u063a.png\",\"datePublished\":\"2026-03-11T22:44:10+00:00\",\"dateModified\":\"2026-03-11T22:45:02+00:00\",\"description\":\"Die Saatk\u00f6rner werden sorgf\u00e4ltig ausgew\u00e4hlt und dann ausgewogen ger\u00f6stet und gesalzen, um einen reichen, knusprigen Geschmack zu jeder Zeit zu bekommen.\",\"breadcrumb\":{\"@id\":\"https:\\\/\\\/yasminfood.ch\\\/de\\\/product\\\/aegyptische-extra-seeds-samir-300g\\\/#breadcrumb\"},\"inLanguage\":\"de\",\"potentialAction\":[{\"@type\":\"ReadAction\",\"target\":[\"https:\\\/\\\/yasminfood.ch\\\/de\\\/product\\\/aegyptische-extra-seeds-samir-300g\\\/\"]}]},{\"@type\":\"ImageObject\",\"inLanguage\":\"de\",\"@id\":\"https:\\\/\\\/yasminfood.ch\\\/de\\\/product\\\/aegyptische-extra-seeds-samir-300g\\\/#primaryimage\",\"url\":\"https:\\\/\\\/yasminfood.ch\\\/wp-content\\\/uploads\\\/2026\\\/03\\\/\u0628\u0632\u0631-\u0645\u0635\u0631\u064a-\u0627\u0643\u0633\u062a\u0631\u0627-\u0627\u0644\u0633\u0645\u064a\u0631-300\u063a.png\",\"contentUrl\":\"https:\\\/\\\/yasminfood.ch\\\/wp-content\\\/uploads\\\/2026\\\/03\\\/\u0628\u0632\u0631-\u0645\u0635\u0631\u064a-\u0627\u0643\u0633\u062a\u0631\u0627-\u0627\u0644\u0633\u0645\u064a\u0631-300\u063a.png\",\"width\":1080,\"height\":1080,\"caption\":\"\u00c4gyptische Extra Seeds \u2013 Samir 300g\"},{\"@type\":\"BreadcrumbList\",\"@id\":\"https:\\\/\\\/yasminfood.ch\\\/de\\\/product\\\/aegyptische-extra-seeds-samir-300g\\\/#breadcrumb\",\"itemListElement\":[{\"@type\":\"ListItem\",\"position\":1,\"name\":\"\u0627\u0644\u0631\u0626\u064a\u0633\u064a\u0629\",\"item\":\"https:\\\/\\\/yasminfood.ch\\\/de\\\/zuhause\\\/\"},{\"@type\":\"ListItem\",\"position\":2,\"name\":\"Shop\",\"item\":\"https:\\\/\\\/yasminfood.ch\\\/de\\\/shop\\\/\"},{\"@type\":\"ListItem\",\"position\":3,\"name\":\"\u00c4gyptische Extra Seeds \u2013 Samir 300g\"}]},{\"@type\":\"WebSite\",\"@id\":\"https:\\\/\\\/yasminfood.ch\\\/de\\\/#website\",\"url\":\"https:\\\/\\\/yasminfood.ch\\\/de\\\/\",\"name\":\"\u064a\u0627\u0633\u0645\u064a\u0646 \u0645\u0627\u0631\u0643\u062a\",\"description\":\"Alles, was Sie brauchen, an einem Ort\",\"publisher\":{\"@id\":\"https:\\\/\\\/yasminfood.ch\\\/de\\\/#organization\"},\"alternateName\":\"Yasmin Food\",\"potentialAction\":[{\"@type\":\"SearchAction\",\"target\":{\"@type\":\"EntryPoint\",\"urlTemplate\":\"https:\\\/\\\/yasminfood.ch\\\/de\\\/?s={search_term_string}\"},\"query-input\":{\"@type\":\"PropertyValueSpecification\",\"valueRequired\":true,\"valueName\":\"search_term_string\"}}],\"inLanguage\":\"de\"},{\"@type\":\"Organization\",\"@id\":\"https:\\\/\\\/yasminfood.ch\\\/de\\\/#organization\",\"name\":\"\u064a\u0627\u0633\u0645\u064a\u0646 \u0645\u0627\u0631\u0643\u062a\",\"alternateName\":\"Yasmin Food\",\"url\":\"https:\\\/\\\/yasminfood.ch\\\/de\\\/\",\"logo\":{\"@type\":\"ImageObject\",\"inLanguage\":\"de\",\"@id\":\"https:\\\/\\\/yasminfood.ch\\\/de\\\/#\\\/schema\\\/logo\\\/image\\\/\",\"url\":\"https:\\\/\\\/yasminfood.ch\\\/wp-content\\\/uploads\\\/2025\\\/05\\\/yasmin-food-header-logo.png\",\"contentUrl\":\"https:\\\/\\\/yasminfood.ch\\\/wp-content\\\/uploads\\\/2025\\\/05\\\/yasmin-food-header-logo.png\",\"width\":330,\"height\":120,\"caption\":\"\u064a\u0627\u0633\u0645\u064a\u0646 \u0645\u0627\u0631\u0643\u062a\"},\"image\":{\"@id\":\"https:\\\/\\\/yasminfood.ch\\\/de\\\/#\\\/schema\\\/logo\\\/image\\\/\"},\"sameAs\":[\"https:\\\/\\\/www.facebook.com\\\/yasminmarkt1\",\"https:\\\/\\\/www.tiktok.com\\\/@yasminmarkt\",\"https:\\\/\\\/www.instagram.com\\\/yasmin.markt1\\\/\",\"https:\\\/\\\/api.whatsapp.com\\\/send\\\/?phone=41799000104\"],\"publishingPrinciples\":\"https:\\\/\\\/yasminfood.ch\\\/de\\\/shop\\\/\",\"ownershipFundingInfo\":\"https:\\\/\\\/yasminfood.ch\\\/de\\\/shop\\\/\"}]}<\/script>\n<meta property=\"product:price:amount\" content=\"3.95\" \/>\n<meta property=\"product:price:currency\" content=\"CHF\" \/>\n<meta property=\"og:availability\" content=\"instock\" \/>\n<meta property=\"product:availability\" content=\"instock\" \/>\n<meta property=\"product:condition\" content=\"new\" \/>\n<!-- \/ Yoast SEO Premium plugin. -->","yoast_head_json":{"title":"\u00c4gyptische Extra Seeds \u2013 Samir 300g - Yasmin Food","description":"Die Saatk\u00f6rner werden sorgf\u00e4ltig ausgew\u00e4hlt und dann ausgewogen ger\u00f6stet und gesalzen, um einen reichen, knusprigen Geschmack zu jeder Zeit zu bekommen.","robots":{"index":"index","follow":"follow","max-snippet":"max-snippet:-1","max-image-preview":"max-image-preview:large","max-video-preview":"max-video-preview:-1"},"canonical":"https:\/\/yasminfood.ch\/de\/product\/aegyptische-extra-seeds-samir-300g\/","og_locale":"de_DE","og_type":"article","og_title":"\u00c4gyptische Extra Seeds \u2013 Samir 300g","og_description":"\u00c4gyptische Extra Seeds \u2013 Samir 300g   Die Samenk\u00f6rner werden sorgf\u00e4ltig ausgew\u00e4hlt und dann ausgewogen, um einen reichen, knusprigen Geschmack zu bekommen, der zu allen Zeiten passt.   Dieses Produkt ist eine ideale Wahl f\u00fcr Unterhaltung bei Familientreffen oder mit Freunden.","og_url":"https:\/\/yasminfood.ch\/de\/product\/aegyptische-extra-seeds-samir-300g\/","og_site_name":"Yasmin Food","article_publisher":"https:\/\/www.facebook.com\/yasminmarkt1","article_modified_time":"2026-03-11T22:45:02+00:00","og_image":[{"width":1080,"height":1080,"url":"https:\/\/yasminfood.ch\/wp-content\/uploads\/2026\/03\/\u0628\u0632\u0631-\u0645\u0635\u0631\u064a-\u0627\u0643\u0633\u062a\u0631\u0627-\u0627\u0644\u0633\u0645\u064a\u0631-300\u063a.png","type":"image\/png"}],"twitter_card":"summary_large_image","twitter_misc":{"Preis":"3.95&nbsp;&#67;&#72;&#70;","Verf\u00fcgbarkeit":"Auf Lager"},"schema":{"@context":"https:\/\/schema.org","@graph":[{"@type":"WebPage","@id":"https:\/\/yasminfood.ch\/de\/product\/aegyptische-extra-seeds-samir-300g\/","url":"https:\/\/yasminfood.ch\/de\/product\/aegyptische-extra-seeds-samir-300g\/","name":"\u00c4gyptische Extra Seeds \u2013 Samir 300g - Yasmin Food","isPartOf":{"@id":"https:\/\/yasminfood.ch\/de\/#website"},"primaryImageOfPage":{"@id":"https:\/\/yasminfood.ch\/de\/product\/aegyptische-extra-seeds-samir-300g\/#primaryimage"},"image":{"@id":"https:\/\/yasminfood.ch\/de\/product\/aegyptische-extra-seeds-samir-300g\/#primaryimage"},"thumbnailUrl":"https:\/\/yasminfood.ch\/wp-content\/uploads\/2026\/03\/\u0628\u0632\u0631-\u0645\u0635\u0631\u064a-\u0627\u0643\u0633\u062a\u0631\u0627-\u0627\u0644\u0633\u0645\u064a\u0631-300\u063a.png","datePublished":"2026-03-11T22:44:10+00:00","dateModified":"2026-03-11T22:45:02+00:00","description":"Die Saatk\u00f6rner werden sorgf\u00e4ltig ausgew\u00e4hlt und dann ausgewogen ger\u00f6stet und gesalzen, um einen reichen, knusprigen Geschmack zu jeder Zeit zu bekommen.","breadcrumb":{"@id":"https:\/\/yasminfood.ch\/de\/product\/aegyptische-extra-seeds-samir-300g\/#breadcrumb"},"inLanguage":"de","potentialAction":[{"@type":"ReadAction","target":["https:\/\/yasminfood.ch\/de\/product\/aegyptische-extra-seeds-samir-300g\/"]}]},{"@type":"ImageObject","inLanguage":"de","@id":"https:\/\/yasminfood.ch\/de\/product\/aegyptische-extra-seeds-samir-300g\/#primaryimage","url":"https:\/\/yasminfood.ch\/wp-content\/uploads\/2026\/03\/\u0628\u0632\u0631-\u0645\u0635\u0631\u064a-\u0627\u0643\u0633\u062a\u0631\u0627-\u0627\u0644\u0633\u0645\u064a\u0631-300\u063a.png","contentUrl":"https:\/\/yasminfood.ch\/wp-content\/uploads\/2026\/03\/\u0628\u0632\u0631-\u0645\u0635\u0631\u064a-\u0627\u0643\u0633\u062a\u0631\u0627-\u0627\u0644\u0633\u0645\u064a\u0631-300\u063a.png","width":1080,"height":1080,"caption":"\u00c4gyptische Extra Seeds \u2013 Samir 300g"},{"@type":"BreadcrumbList","@id":"https:\/\/yasminfood.ch\/de\/product\/aegyptische-extra-seeds-samir-300g\/#breadcrumb","itemListElement":[{"@type":"ListItem","position":1,"name":"\u0627\u0644\u0631\u0626\u064a\u0633\u064a\u0629","item":"https:\/\/yasminfood.ch\/de\/zuhause\/"},{"@type":"ListItem","position":2,"name":"Shop","item":"https:\/\/yasminfood.ch\/de\/shop\/"},{"@type":"ListItem","position":3,"name":"\u00c4gyptische Extra Seeds \u2013 Samir 300g"}]},{"@type":"WebSite","@id":"https:\/\/yasminfood.ch\/de\/#website","url":"https:\/\/yasminfood.ch\/de\/","name":"\u064a\u0627\u0633\u0645\u064a\u0646 \u0645\u0627\u0631\u0643\u062a","description":"Alles, was Sie brauchen, an einem Ort","publisher":{"@id":"https:\/\/yasminfood.ch\/de\/#organization"},"alternateName":"Yasmin Food","potentialAction":[{"@type":"SearchAction","target":{"@type":"EntryPoint","urlTemplate":"https:\/\/yasminfood.ch\/de\/?s={search_term_string}"},"query-input":{"@type":"PropertyValueSpecification","valueRequired":true,"valueName":"search_term_string"}}],"inLanguage":"de"},{"@type":"Organization","@id":"https:\/\/yasminfood.ch\/de\/#organization","name":"\u064a\u0627\u0633\u0645\u064a\u0646 \u0645\u0627\u0631\u0643\u062a","alternateName":"Yasmin Food","url":"https:\/\/yasminfood.ch\/de\/","logo":{"@type":"ImageObject","inLanguage":"de","@id":"https:\/\/yasminfood.ch\/de\/#\/schema\/logo\/image\/","url":"https:\/\/yasminfood.ch\/wp-content\/uploads\/2025\/05\/yasmin-food-header-logo.png","contentUrl":"https:\/\/yasminfood.ch\/wp-content\/uploads\/2025\/05\/yasmin-food-header-logo.png","width":330,"height":120,"caption":"\u064a\u0627\u0633\u0645\u064a\u0646 \u0645\u0627\u0631\u0643\u062a"},"image":{"@id":"https:\/\/yasminfood.ch\/de\/#\/schema\/logo\/image\/"},"sameAs":["https:\/\/www.facebook.com\/yasminmarkt1","https:\/\/www.tiktok.com\/@yasminmarkt","https:\/\/www.instagram.com\/yasmin.markt1\/","https:\/\/api.whatsapp.com\/send\/?phone=41799000104"],"publishingPrinciples":"https:\/\/yasminfood.ch\/de\/shop\/","ownershipFundingInfo":"https:\/\/yasminfood.ch\/de\/shop\/"}]},"product_price_amount":"3.95","product_price_currency":"CHF","og_availability":"instock","product_availability":"instock","product_condition":"new"},"jetpack_sharing_enabled":true,"_links":{"self":[{"href":"https:\/\/yasminfood.ch\/de\/wp-json\/wp\/v2\/product\/122030","targetHints":{"allow":["GET"]}}],"collection":[{"href":"https:\/\/yasminfood.ch\/de\/wp-json\/wp\/v2\/product"}],"about":[{"href":"https:\/\/yasminfood.ch\/de\/wp-json\/wp\/v2\/types\/product"}],"replies":[{"embeddable":true,"href":"https:\/\/yasminfood.ch\/de\/wp-json\/wp\/v2\/comments?post=122030"}],"version-history":[{"count":0,"href":"https:\/\/yasminfood.ch\/de\/wp-json\/wp\/v2\/product\/122030\/revisions"}],"wp:featuredmedia":[{"embeddable":true,"href":"https:\/\/yasminfood.ch\/de\/wp-json\/wp\/v2\/media\/122031"}],"wp:attachment":[{"href":"https:\/\/yasminfood.ch\/de\/wp-json\/wp\/v2\/media?parent=122030"}],"wp:term":[{"taxonomy":"product_brand","embeddable":true,"href":"https:\/\/yasminfood.ch\/de\/wp-json\/wp\/v2\/product_brand?post=122030"},{"taxonomy":"product_cat","embeddable":true,"href":"https:\/\/yasminfood.ch\/de\/wp-json\/wp\/v2\/product_cat?post=122030"},{"taxonomy":"product_tag","embeddable":true,"href":"https:\/\/yasminfood.ch\/de\/wp-json\/wp\/v2\/product_tag?post=122030"}],"curies":[{"name":"wp","href":"https:\/\/api.w.org\/{rel}","templated":true}]}}