{"id":122040,"date":"2026-03-12T17:36:57","date_gmt":"2026-03-12T16:36:57","guid":{"rendered":"https:\/\/yasminfood.ch\/product\/dosengesalzenes-rindfleisch-target-corned-beef-gr340\/"},"modified":"2026-03-12T17:38:28","modified_gmt":"2026-03-12T16:38:28","slug":"dosengesalzenes-rindfleisch-target-corned-beef-gr340","status":"publish","type":"product","link":"https:\/\/yasminfood.ch\/de\/product\/dosengesalzenes-rindfleisch-target-corned-beef-gr340\/","title":{"rendered":"Dosengesalzenes Rindfleisch \u2013 Target Corned Beef gr340"},"content":{"rendered":"<p><strong>Dosengesalzenes Rindfleisch \u2013 Target Corned Beef gr340<\/strong><\/p>\n<ul>\n<li>Genie\u00dfen Sie einen reichen Geschmack und hohe Qualit\u00e4t mit Targets gesalzenem Rindfleisch.<\/li>\n<li>Es wird aus sorgf\u00e4ltig ausgew\u00e4hltem Rindfleisch zubereitet, um Ihnen einen k\u00f6stlichen Geschmack und eine zarte Textur zu verleihen, die sich f\u00fcr verschiedene Gerichte eignen.<\/li>\n<li>Das Produkt ist halal-zertifiziert und wird in Brasilien nach hohen Qualit\u00e4tsstandards hergestellt, was es zur idealen Wahl f\u00fcr Fast und nahrhaftes Essen macht. <\/li>\n<li>Dieses Produkt ist einfach zu verwenden und kann direkt zu vielen Rezepten wie Sandwiches hinzugef\u00fcgt werden.<\/li>\n<li>Eier, Pasta, Salate oder serviert mit Zwiebeln und Gew\u00fcrzen f\u00fcr ein k\u00f6stliches Essen in wenigen Minuten.\n<p>Merkmale:<br \/>\n \u2022 Hochwertiges<br \/>\n Rindfleisch\u2022 Halal-zertifiziert<br \/>\n\u2022 Gebrauchsfertig und einfach zuzubereiten<br \/>\n\u2022 Geeignet f\u00fcr Fast Food und Hausmannskost<br \/>\n \u2022 Packungsgewicht: 340 g <\/p>\n<p>Genie\u00dfen Sie einen reichen Geschmack und einen authentischen Geschmack, der Ihren Alltagsmahlzeiten eine besondere Note verleiht. \ud83e\udd69\u2728\ud83c\udf7d\ufe0f <\/li>\n<\/ul>\n","protected":false},"excerpt":{"rendered":"<p><strong>Dosengesalzenes Rindfleisch \u2013 Target Corned Beef gr340<\/strong><\/p>\n<ul>\n<li>Genie\u00dfen Sie einen reichen Geschmack und hohe Qualit\u00e4t mit Targets gesalzenem Rindfleisch.<\/li>\n<li>Es wird aus sorgf\u00e4ltig ausgew\u00e4hltem Rindfleisch zubereitet, um Ihnen einen k\u00f6stlichen Geschmack und eine zarte Textur zu verleihen, die sich f\u00fcr verschiedene Gerichte eignen.<\/li>\n<\/ul>\n","protected":false},"featured_media":122043,"comment_status":"open","ping_status":"closed","template":"","meta":[],"product_brand":[],"product_cat":[245,261],"product_tag":[],"class_list":{"0":"post-122040","1":"product","2":"type-product","3":"status-publish","4":"has-post-thumbnail","6":"product_cat-konserven-lebensmittel","7":"product_cat-mortadella-de","9":"first","10":"instock","11":"taxable","12":"shipping-taxable","13":"purchasable","14":"product-type-simple"},"yoast_head":"<!-- This site is optimized with the Yoast SEO Premium plugin v26.5 (Yoast SEO v27.4) - https:\/\/yoast.com\/product\/yoast-seo-premium-wordpress\/ -->\n<title>Dosengesalzenes Rindfleisch \u2013 Target Corned Beef gr340 - Yasmin Food<\/title>\n<meta name=\"description\" content=\"Dosengesalzenes Rindfleisch \u2013 Target Corned Beef gr340 wird aus sorgf\u00e4ltig ausgew\u00e4hltem Rindfleisch zubereitet, um Ihnen einen k\u00f6stlichen Geschmack und eine zarte Textur zu verleihen, die sich f\u00fcr verschiedene Gerichte eignen.\" \/>\n<meta name=\"robots\" content=\"index, follow, max-snippet:-1, max-image-preview:large, max-video-preview:-1\" \/>\n<link rel=\"canonical\" href=\"https:\/\/yasminfood.ch\/de\/product\/dosengesalzenes-rindfleisch-target-corned-beef-gr340\/\" \/>\n<meta property=\"og:locale\" content=\"de_DE\" \/>\n<meta property=\"og:type\" content=\"article\" \/>\n<meta property=\"og:title\" content=\"Dosengesalzenes Rindfleisch \u2013 Target Corned Beef gr340\" \/>\n<meta property=\"og:description\" content=\"Dosengesalzenes Rindfleisch \u2013 Target Corned Beef gr340  Genie\u00dfen Sie einen reichen Geschmack und hohe Qualit\u00e4t mit Targets gesalzenem Rindfleisch.  Es wird aus sorgf\u00e4ltig ausgew\u00e4hltem Rindfleisch zubereitet, um Ihnen einen k\u00f6stlichen Geschmack und eine zarte Textur zu verleihen, die sich f\u00fcr verschiedene Gerichte eignen.\" \/>\n<meta property=\"og:url\" content=\"https:\/\/yasminfood.ch\/de\/product\/dosengesalzenes-rindfleisch-target-corned-beef-gr340\/\" \/>\n<meta property=\"og:site_name\" content=\"Yasmin Food\" \/>\n<meta property=\"article:publisher\" content=\"https:\/\/www.facebook.com\/yasminmarkt1\" \/>\n<meta property=\"article:modified_time\" content=\"2026-03-12T16:38:28+00:00\" \/>\n<meta property=\"og:image\" content=\"https:\/\/yasminfood.ch\/wp-content\/uploads\/2026\/03\/\u0644\u062d\u0645-\u0628\u0642\u0631\u064a-\u0645\u0645\u0644\u062d-340-\u0639-\u062a\u0627\u0631\u063a\u064a\u062a.png2_.png\" \/>\n\t<meta property=\"og:image:width\" content=\"1080\" \/>\n\t<meta property=\"og:image:height\" content=\"1080\" \/>\n\t<meta property=\"og:image:type\" content=\"image\/png\" \/>\n<meta name=\"twitter:card\" content=\"summary_large_image\" \/>\n<meta name=\"twitter:label1\" content=\"Preis\" \/>\n\t<meta name=\"twitter:data1\" content=\"9.50&nbsp;&#067;&#072;&#070;\" \/>\n\t<meta name=\"twitter:label2\" content=\"Verf\u00fcgbarkeit\" \/>\n\t<meta name=\"twitter:data2\" content=\"Auf Lager\" \/>\n<script type=\"application\/ld+json\" class=\"yoast-schema-graph\">{\"@context\":\"https:\\\/\\\/schema.org\",\"@graph\":[{\"@type\":\"WebPage\",\"@id\":\"https:\\\/\\\/yasminfood.ch\\\/de\\\/product\\\/dosengesalzenes-rindfleisch-target-corned-beef-gr340\\\/\",\"url\":\"https:\\\/\\\/yasminfood.ch\\\/de\\\/product\\\/dosengesalzenes-rindfleisch-target-corned-beef-gr340\\\/\",\"name\":\"Dosengesalzenes Rindfleisch \u2013 Target Corned Beef gr340 - Yasmin Food\",\"isPartOf\":{\"@id\":\"https:\\\/\\\/yasminfood.ch\\\/de\\\/#website\"},\"primaryImageOfPage\":{\"@id\":\"https:\\\/\\\/yasminfood.ch\\\/de\\\/product\\\/dosengesalzenes-rindfleisch-target-corned-beef-gr340\\\/#primaryimage\"},\"image\":{\"@id\":\"https:\\\/\\\/yasminfood.ch\\\/de\\\/product\\\/dosengesalzenes-rindfleisch-target-corned-beef-gr340\\\/#primaryimage\"},\"thumbnailUrl\":\"https:\\\/\\\/yasminfood.ch\\\/wp-content\\\/uploads\\\/2026\\\/03\\\/\u0644\u062d\u0645-\u0628\u0642\u0631\u064a-\u0645\u0645\u0644\u062d-340-\u0639-\u062a\u0627\u0631\u063a\u064a\u062a.png2_.png\",\"datePublished\":\"2026-03-12T16:36:57+00:00\",\"dateModified\":\"2026-03-12T16:38:28+00:00\",\"description\":\"Dosengesalzenes Rindfleisch \u2013 Target Corned Beef gr340 wird aus sorgf\u00e4ltig ausgew\u00e4hltem Rindfleisch zubereitet, um Ihnen einen k\u00f6stlichen Geschmack und eine zarte Textur zu verleihen, die sich f\u00fcr verschiedene Gerichte eignen.\",\"breadcrumb\":{\"@id\":\"https:\\\/\\\/yasminfood.ch\\\/de\\\/product\\\/dosengesalzenes-rindfleisch-target-corned-beef-gr340\\\/#breadcrumb\"},\"inLanguage\":\"de\",\"potentialAction\":[{\"@type\":\"ReadAction\",\"target\":[\"https:\\\/\\\/yasminfood.ch\\\/de\\\/product\\\/dosengesalzenes-rindfleisch-target-corned-beef-gr340\\\/\"]}]},{\"@type\":\"ImageObject\",\"inLanguage\":\"de\",\"@id\":\"https:\\\/\\\/yasminfood.ch\\\/de\\\/product\\\/dosengesalzenes-rindfleisch-target-corned-beef-gr340\\\/#primaryimage\",\"url\":\"https:\\\/\\\/yasminfood.ch\\\/wp-content\\\/uploads\\\/2026\\\/03\\\/\u0644\u062d\u0645-\u0628\u0642\u0631\u064a-\u0645\u0645\u0644\u062d-340-\u0639-\u062a\u0627\u0631\u063a\u064a\u062a.png2_.png\",\"contentUrl\":\"https:\\\/\\\/yasminfood.ch\\\/wp-content\\\/uploads\\\/2026\\\/03\\\/\u0644\u062d\u0645-\u0628\u0642\u0631\u064a-\u0645\u0645\u0644\u062d-340-\u0639-\u062a\u0627\u0631\u063a\u064a\u062a.png2_.png\",\"width\":1080,\"height\":1080,\"caption\":\"Dosengesalzenes Rindfleisch \u2013 Target Corned Beef gr340\"},{\"@type\":\"BreadcrumbList\",\"@id\":\"https:\\\/\\\/yasminfood.ch\\\/de\\\/product\\\/dosengesalzenes-rindfleisch-target-corned-beef-gr340\\\/#breadcrumb\",\"itemListElement\":[{\"@type\":\"ListItem\",\"position\":1,\"name\":\"\u0627\u0644\u0631\u0626\u064a\u0633\u064a\u0629\",\"item\":\"https:\\\/\\\/yasminfood.ch\\\/de\\\/zuhause\\\/\"},{\"@type\":\"ListItem\",\"position\":2,\"name\":\"Shop\",\"item\":\"https:\\\/\\\/yasminfood.ch\\\/de\\\/shop\\\/\"},{\"@type\":\"ListItem\",\"position\":3,\"name\":\"Dosengesalzenes Rindfleisch \u2013 Target Corned Beef gr340\"}]},{\"@type\":\"WebSite\",\"@id\":\"https:\\\/\\\/yasminfood.ch\\\/de\\\/#website\",\"url\":\"https:\\\/\\\/yasminfood.ch\\\/de\\\/\",\"name\":\"\u064a\u0627\u0633\u0645\u064a\u0646 \u0645\u0627\u0631\u0643\u062a\",\"description\":\"Alles, was Sie brauchen, an einem Ort\",\"publisher\":{\"@id\":\"https:\\\/\\\/yasminfood.ch\\\/de\\\/#organization\"},\"alternateName\":\"Yasmin Food\",\"potentialAction\":[{\"@type\":\"SearchAction\",\"target\":{\"@type\":\"EntryPoint\",\"urlTemplate\":\"https:\\\/\\\/yasminfood.ch\\\/de\\\/?s={search_term_string}\"},\"query-input\":{\"@type\":\"PropertyValueSpecification\",\"valueRequired\":true,\"valueName\":\"search_term_string\"}}],\"inLanguage\":\"de\"},{\"@type\":\"Organization\",\"@id\":\"https:\\\/\\\/yasminfood.ch\\\/de\\\/#organization\",\"name\":\"\u064a\u0627\u0633\u0645\u064a\u0646 \u0645\u0627\u0631\u0643\u062a\",\"alternateName\":\"Yasmin Food\",\"url\":\"https:\\\/\\\/yasminfood.ch\\\/de\\\/\",\"logo\":{\"@type\":\"ImageObject\",\"inLanguage\":\"de\",\"@id\":\"https:\\\/\\\/yasminfood.ch\\\/de\\\/#\\\/schema\\\/logo\\\/image\\\/\",\"url\":\"https:\\\/\\\/yasminfood.ch\\\/wp-content\\\/uploads\\\/2025\\\/05\\\/yasmin-food-header-logo.png\",\"contentUrl\":\"https:\\\/\\\/yasminfood.ch\\\/wp-content\\\/uploads\\\/2025\\\/05\\\/yasmin-food-header-logo.png\",\"width\":330,\"height\":120,\"caption\":\"\u064a\u0627\u0633\u0645\u064a\u0646 \u0645\u0627\u0631\u0643\u062a\"},\"image\":{\"@id\":\"https:\\\/\\\/yasminfood.ch\\\/de\\\/#\\\/schema\\\/logo\\\/image\\\/\"},\"sameAs\":[\"https:\\\/\\\/www.facebook.com\\\/yasminmarkt1\",\"https:\\\/\\\/www.tiktok.com\\\/@yasminmarkt\",\"https:\\\/\\\/www.instagram.com\\\/yasmin.markt1\\\/\",\"https:\\\/\\\/api.whatsapp.com\\\/send\\\/?phone=41799000104\"],\"publishingPrinciples\":\"https:\\\/\\\/yasminfood.ch\\\/de\\\/shop\\\/\",\"ownershipFundingInfo\":\"https:\\\/\\\/yasminfood.ch\\\/de\\\/shop\\\/\"}]}<\/script>\n<meta property=\"product:price:amount\" content=\"9.50\" \/>\n<meta property=\"product:price:currency\" content=\"CHF\" \/>\n<meta property=\"og:availability\" content=\"instock\" \/>\n<meta property=\"product:availability\" content=\"instock\" \/>\n<meta property=\"product:condition\" content=\"new\" \/>\n<!-- \/ Yoast SEO Premium plugin. -->","yoast_head_json":{"title":"Dosengesalzenes Rindfleisch \u2013 Target Corned Beef gr340 - Yasmin Food","description":"Dosengesalzenes Rindfleisch \u2013 Target Corned Beef gr340 wird aus sorgf\u00e4ltig ausgew\u00e4hltem Rindfleisch zubereitet, um Ihnen einen k\u00f6stlichen Geschmack und eine zarte Textur zu verleihen, die sich f\u00fcr verschiedene Gerichte eignen.","robots":{"index":"index","follow":"follow","max-snippet":"max-snippet:-1","max-image-preview":"max-image-preview:large","max-video-preview":"max-video-preview:-1"},"canonical":"https:\/\/yasminfood.ch\/de\/product\/dosengesalzenes-rindfleisch-target-corned-beef-gr340\/","og_locale":"de_DE","og_type":"article","og_title":"Dosengesalzenes Rindfleisch \u2013 Target Corned Beef gr340","og_description":"Dosengesalzenes Rindfleisch \u2013 Target Corned Beef gr340  Genie\u00dfen Sie einen reichen Geschmack und hohe Qualit\u00e4t mit Targets gesalzenem Rindfleisch.  Es wird aus sorgf\u00e4ltig ausgew\u00e4hltem Rindfleisch zubereitet, um Ihnen einen k\u00f6stlichen Geschmack und eine zarte Textur zu verleihen, die sich f\u00fcr verschiedene Gerichte eignen.","og_url":"https:\/\/yasminfood.ch\/de\/product\/dosengesalzenes-rindfleisch-target-corned-beef-gr340\/","og_site_name":"Yasmin Food","article_publisher":"https:\/\/www.facebook.com\/yasminmarkt1","article_modified_time":"2026-03-12T16:38:28+00:00","og_image":[{"width":1080,"height":1080,"url":"https:\/\/yasminfood.ch\/wp-content\/uploads\/2026\/03\/\u0644\u062d\u0645-\u0628\u0642\u0631\u064a-\u0645\u0645\u0644\u062d-340-\u0639-\u062a\u0627\u0631\u063a\u064a\u062a.png2_.png","type":"image\/png"}],"twitter_card":"summary_large_image","twitter_misc":{"Preis":"9.50&nbsp;&#67;&#72;&#70;","Verf\u00fcgbarkeit":"Auf Lager"},"schema":{"@context":"https:\/\/schema.org","@graph":[{"@type":"WebPage","@id":"https:\/\/yasminfood.ch\/de\/product\/dosengesalzenes-rindfleisch-target-corned-beef-gr340\/","url":"https:\/\/yasminfood.ch\/de\/product\/dosengesalzenes-rindfleisch-target-corned-beef-gr340\/","name":"Dosengesalzenes Rindfleisch \u2013 Target Corned Beef gr340 - Yasmin Food","isPartOf":{"@id":"https:\/\/yasminfood.ch\/de\/#website"},"primaryImageOfPage":{"@id":"https:\/\/yasminfood.ch\/de\/product\/dosengesalzenes-rindfleisch-target-corned-beef-gr340\/#primaryimage"},"image":{"@id":"https:\/\/yasminfood.ch\/de\/product\/dosengesalzenes-rindfleisch-target-corned-beef-gr340\/#primaryimage"},"thumbnailUrl":"https:\/\/yasminfood.ch\/wp-content\/uploads\/2026\/03\/\u0644\u062d\u0645-\u0628\u0642\u0631\u064a-\u0645\u0645\u0644\u062d-340-\u0639-\u062a\u0627\u0631\u063a\u064a\u062a.png2_.png","datePublished":"2026-03-12T16:36:57+00:00","dateModified":"2026-03-12T16:38:28+00:00","description":"Dosengesalzenes Rindfleisch \u2013 Target Corned Beef gr340 wird aus sorgf\u00e4ltig ausgew\u00e4hltem Rindfleisch zubereitet, um Ihnen einen k\u00f6stlichen Geschmack und eine zarte Textur zu verleihen, die sich f\u00fcr verschiedene Gerichte eignen.","breadcrumb":{"@id":"https:\/\/yasminfood.ch\/de\/product\/dosengesalzenes-rindfleisch-target-corned-beef-gr340\/#breadcrumb"},"inLanguage":"de","potentialAction":[{"@type":"ReadAction","target":["https:\/\/yasminfood.ch\/de\/product\/dosengesalzenes-rindfleisch-target-corned-beef-gr340\/"]}]},{"@type":"ImageObject","inLanguage":"de","@id":"https:\/\/yasminfood.ch\/de\/product\/dosengesalzenes-rindfleisch-target-corned-beef-gr340\/#primaryimage","url":"https:\/\/yasminfood.ch\/wp-content\/uploads\/2026\/03\/\u0644\u062d\u0645-\u0628\u0642\u0631\u064a-\u0645\u0645\u0644\u062d-340-\u0639-\u062a\u0627\u0631\u063a\u064a\u062a.png2_.png","contentUrl":"https:\/\/yasminfood.ch\/wp-content\/uploads\/2026\/03\/\u0644\u062d\u0645-\u0628\u0642\u0631\u064a-\u0645\u0645\u0644\u062d-340-\u0639-\u062a\u0627\u0631\u063a\u064a\u062a.png2_.png","width":1080,"height":1080,"caption":"Dosengesalzenes Rindfleisch \u2013 Target Corned Beef gr340"},{"@type":"BreadcrumbList","@id":"https:\/\/yasminfood.ch\/de\/product\/dosengesalzenes-rindfleisch-target-corned-beef-gr340\/#breadcrumb","itemListElement":[{"@type":"ListItem","position":1,"name":"\u0627\u0644\u0631\u0626\u064a\u0633\u064a\u0629","item":"https:\/\/yasminfood.ch\/de\/zuhause\/"},{"@type":"ListItem","position":2,"name":"Shop","item":"https:\/\/yasminfood.ch\/de\/shop\/"},{"@type":"ListItem","position":3,"name":"Dosengesalzenes Rindfleisch \u2013 Target Corned Beef gr340"}]},{"@type":"WebSite","@id":"https:\/\/yasminfood.ch\/de\/#website","url":"https:\/\/yasminfood.ch\/de\/","name":"\u064a\u0627\u0633\u0645\u064a\u0646 \u0645\u0627\u0631\u0643\u062a","description":"Alles, was Sie brauchen, an einem Ort","publisher":{"@id":"https:\/\/yasminfood.ch\/de\/#organization"},"alternateName":"Yasmin Food","potentialAction":[{"@type":"SearchAction","target":{"@type":"EntryPoint","urlTemplate":"https:\/\/yasminfood.ch\/de\/?s={search_term_string}"},"query-input":{"@type":"PropertyValueSpecification","valueRequired":true,"valueName":"search_term_string"}}],"inLanguage":"de"},{"@type":"Organization","@id":"https:\/\/yasminfood.ch\/de\/#organization","name":"\u064a\u0627\u0633\u0645\u064a\u0646 \u0645\u0627\u0631\u0643\u062a","alternateName":"Yasmin Food","url":"https:\/\/yasminfood.ch\/de\/","logo":{"@type":"ImageObject","inLanguage":"de","@id":"https:\/\/yasminfood.ch\/de\/#\/schema\/logo\/image\/","url":"https:\/\/yasminfood.ch\/wp-content\/uploads\/2025\/05\/yasmin-food-header-logo.png","contentUrl":"https:\/\/yasminfood.ch\/wp-content\/uploads\/2025\/05\/yasmin-food-header-logo.png","width":330,"height":120,"caption":"\u064a\u0627\u0633\u0645\u064a\u0646 \u0645\u0627\u0631\u0643\u062a"},"image":{"@id":"https:\/\/yasminfood.ch\/de\/#\/schema\/logo\/image\/"},"sameAs":["https:\/\/www.facebook.com\/yasminmarkt1","https:\/\/www.tiktok.com\/@yasminmarkt","https:\/\/www.instagram.com\/yasmin.markt1\/","https:\/\/api.whatsapp.com\/send\/?phone=41799000104"],"publishingPrinciples":"https:\/\/yasminfood.ch\/de\/shop\/","ownershipFundingInfo":"https:\/\/yasminfood.ch\/de\/shop\/"}]},"product_price_amount":"9.50","product_price_currency":"CHF","og_availability":"instock","product_availability":"instock","product_condition":"new"},"jetpack_sharing_enabled":true,"_links":{"self":[{"href":"https:\/\/yasminfood.ch\/de\/wp-json\/wp\/v2\/product\/122040","targetHints":{"allow":["GET"]}}],"collection":[{"href":"https:\/\/yasminfood.ch\/de\/wp-json\/wp\/v2\/product"}],"about":[{"href":"https:\/\/yasminfood.ch\/de\/wp-json\/wp\/v2\/types\/product"}],"replies":[{"embeddable":true,"href":"https:\/\/yasminfood.ch\/de\/wp-json\/wp\/v2\/comments?post=122040"}],"version-history":[{"count":0,"href":"https:\/\/yasminfood.ch\/de\/wp-json\/wp\/v2\/product\/122040\/revisions"}],"wp:featuredmedia":[{"embeddable":true,"href":"https:\/\/yasminfood.ch\/de\/wp-json\/wp\/v2\/media\/122043"}],"wp:attachment":[{"href":"https:\/\/yasminfood.ch\/de\/wp-json\/wp\/v2\/media?parent=122040"}],"wp:term":[{"taxonomy":"product_brand","embeddable":true,"href":"https:\/\/yasminfood.ch\/de\/wp-json\/wp\/v2\/product_brand?post=122040"},{"taxonomy":"product_cat","embeddable":true,"href":"https:\/\/yasminfood.ch\/de\/wp-json\/wp\/v2\/product_cat?post=122040"},{"taxonomy":"product_tag","embeddable":true,"href":"https:\/\/yasminfood.ch\/de\/wp-json\/wp\/v2\/product_tag?post=122040"}],"curies":[{"name":"wp","href":"https:\/\/api.w.org\/{rel}","templated":true}]}}