{"id":122069,"date":"2026-03-13T18:00:02","date_gmt":"2026-03-13T17:00:02","guid":{"rendered":"https:\/\/yasminfood.ch\/product\/komfort-mit-pistaziendreieck-500g-jamal-watfa\/"},"modified":"2026-03-13T18:18:01","modified_gmt":"2026-03-13T17:18:01","slug":"komfort-mit-pistaziendreieck-500g-jamal-watfa","status":"publish","type":"product","link":"https:\/\/yasminfood.ch\/de\/product\/komfort-mit-pistaziendreieck-500g-jamal-watfa\/","title":{"rendered":"Komfort mit Pistaziendreieck 500g | Jamal Watfa"},"content":{"rendered":"<p><strong>Komfort mit Pistaziendreieck 500g | Jamal Watfa<\/strong><\/p>\n<ul>\n<li>Hergestellt mit den feinsten Zutaten und belegt mit einer gro\u00dfz\u00fcgigen Menge frischer Pistazien.<\/li>\n<li>Sie zeichnet sich durch ihren reichen Geschmack und die k\u00f6stliche weiche Textur aus,<\/li>\n<li>Es ist ordentlich laminiert, um Qualit\u00e4t und Geschmack zu bewahren.<\/li>\n<li>Eine ideale Wahl f\u00fcr Gastfreundschaft, Veranstaltungen und Liebhaber feiner orientalischer Desserts.<\/li>\n<\/ul>\n","protected":false},"excerpt":{"rendered":"<p><strong>Komfort mit Pistaziendreieck 500g | Jamal Watfa<\/strong><\/p>\n<ul>\n<li>Hergestellt mit den feinsten Zutaten und belegt mit einer gro\u00dfz\u00fcgigen Menge frischer Pistazien.<\/li>\n<li>Sie zeichnet sich durch ihren reichen Geschmack und die k\u00f6stliche weiche Textur aus,<\/li>\n<li>Es ist ordentlich laminiert, um Qualit\u00e4t und Geschmack zu bewahren.<\/li>\n<\/ul>\n","protected":false},"featured_media":122071,"comment_status":"open","ping_status":"closed","template":"","meta":[],"product_brand":[],"product_cat":[301,297],"product_tag":[],"class_list":{"0":"post-122069","1":"product","2":"type-product","3":"status-publish","4":"has-post-thumbnail","6":"product_cat-arabische-suessigkeiten","7":"product_cat-dessert-chips-2","9":"first","10":"instock","11":"taxable","12":"shipping-taxable","13":"purchasable","14":"product-type-simple"},"yoast_head":"<!-- This site is optimized with the Yoast SEO Premium plugin v26.5 (Yoast SEO v27.5) - https:\/\/yoast.com\/product\/yoast-seo-premium-wordpress\/ -->\n<title>Komfort mit Pistaziendreieck 500g | Jamal Watfa - Yasmin Food<\/title>\n<meta name=\"description\" content=\"Elegant verpackt, um Qualit\u00e4t und Geschmack zu bewahren. Ideale Wahl f\u00fcr Gastfreundschaft, Veranstaltungen und Liebhaber feiner orientalischer Desserts.\" \/>\n<meta name=\"robots\" content=\"index, follow, max-snippet:-1, max-image-preview:large, max-video-preview:-1\" \/>\n<link rel=\"canonical\" href=\"https:\/\/yasminfood.ch\/de\/product\/komfort-mit-pistaziendreieck-500g-jamal-watfa\/\" \/>\n<meta property=\"og:locale\" content=\"de_DE\" \/>\n<meta property=\"og:type\" content=\"article\" \/>\n<meta property=\"og:title\" content=\"Komfort mit Pistaziendreieck 500g | Jamal Watfa\" \/>\n<meta property=\"og:description\" content=\"Komfort mit Pistaziendreieck 500g | Jamal Watfa  Hergestellt mit den feinsten Zutaten und belegt mit einer gro\u00dfz\u00fcgigen Menge frischer Pistazien.  Sie zeichnet sich durch ihren reichen Geschmack und die k\u00f6stliche weiche Textur aus,  Es ist ordentlich laminiert, um Qualit\u00e4t und Geschmack zu bewahren.\" \/>\n<meta property=\"og:url\" content=\"https:\/\/yasminfood.ch\/de\/product\/komfort-mit-pistaziendreieck-500g-jamal-watfa\/\" \/>\n<meta property=\"og:site_name\" content=\"Yasmin Food\" \/>\n<meta property=\"article:publisher\" content=\"https:\/\/www.facebook.com\/yasminmarkt1\" \/>\n<meta property=\"article:modified_time\" content=\"2026-03-13T17:18:01+00:00\" \/>\n<meta property=\"og:image\" content=\"https:\/\/yasminfood.ch\/wp-content\/uploads\/2026\/03\/\u0631\u0627\u062d\u0629-\u0645\u062b\u0644\u062b\u0629-\u062c\u0645\u0627\u0644-\u0648\u0637\u0641\u0629-1-\u0643\u063a-1024x1024.png\" \/>\n\t<meta property=\"og:image:width\" content=\"1024\" \/>\n\t<meta property=\"og:image:height\" content=\"1024\" \/>\n\t<meta property=\"og:image:type\" content=\"image\/png\" \/>\n<meta name=\"twitter:card\" content=\"summary_large_image\" \/>\n<meta name=\"twitter:label1\" content=\"Preis\" \/>\n\t<meta name=\"twitter:data1\" content=\"23.00&nbsp;&#067;&#072;&#070;\" \/>\n\t<meta name=\"twitter:label2\" content=\"Verf\u00fcgbarkeit\" \/>\n\t<meta name=\"twitter:data2\" content=\"Auf Lager\" \/>\n<script type=\"application\/ld+json\" class=\"yoast-schema-graph\">{\"@context\":\"https:\\\/\\\/schema.org\",\"@graph\":[{\"@type\":\"WebPage\",\"@id\":\"https:\\\/\\\/yasminfood.ch\\\/de\\\/product\\\/komfort-mit-pistaziendreieck-500g-jamal-watfa\\\/\",\"url\":\"https:\\\/\\\/yasminfood.ch\\\/de\\\/product\\\/komfort-mit-pistaziendreieck-500g-jamal-watfa\\\/\",\"name\":\"Komfort mit Pistaziendreieck 500g | Jamal Watfa - Yasmin Food\",\"isPartOf\":{\"@id\":\"https:\\\/\\\/yasminfood.ch\\\/de\\\/#website\"},\"primaryImageOfPage\":{\"@id\":\"https:\\\/\\\/yasminfood.ch\\\/de\\\/product\\\/komfort-mit-pistaziendreieck-500g-jamal-watfa\\\/#primaryimage\"},\"image\":{\"@id\":\"https:\\\/\\\/yasminfood.ch\\\/de\\\/product\\\/komfort-mit-pistaziendreieck-500g-jamal-watfa\\\/#primaryimage\"},\"thumbnailUrl\":\"https:\\\/\\\/yasminfood.ch\\\/wp-content\\\/uploads\\\/2026\\\/03\\\/\u0631\u0627\u062d\u0629-\u0645\u062b\u0644\u062b\u0629-\u062c\u0645\u0627\u0644-\u0648\u0637\u0641\u0629-1-\u0643\u063a.png\",\"datePublished\":\"2026-03-13T17:00:02+00:00\",\"dateModified\":\"2026-03-13T17:18:01+00:00\",\"description\":\"Elegant verpackt, um Qualit\u00e4t und Geschmack zu bewahren. Ideale Wahl f\u00fcr Gastfreundschaft, Veranstaltungen und Liebhaber feiner orientalischer Desserts.\",\"breadcrumb\":{\"@id\":\"https:\\\/\\\/yasminfood.ch\\\/de\\\/product\\\/komfort-mit-pistaziendreieck-500g-jamal-watfa\\\/#breadcrumb\"},\"inLanguage\":\"de\",\"potentialAction\":[{\"@type\":\"ReadAction\",\"target\":[\"https:\\\/\\\/yasminfood.ch\\\/de\\\/product\\\/komfort-mit-pistaziendreieck-500g-jamal-watfa\\\/\"]}]},{\"@type\":\"ImageObject\",\"inLanguage\":\"de\",\"@id\":\"https:\\\/\\\/yasminfood.ch\\\/de\\\/product\\\/komfort-mit-pistaziendreieck-500g-jamal-watfa\\\/#primaryimage\",\"url\":\"https:\\\/\\\/yasminfood.ch\\\/wp-content\\\/uploads\\\/2026\\\/03\\\/\u0631\u0627\u062d\u0629-\u0645\u062b\u0644\u062b\u0629-\u062c\u0645\u0627\u0644-\u0648\u0637\u0641\u0629-1-\u0643\u063a.png\",\"contentUrl\":\"https:\\\/\\\/yasminfood.ch\\\/wp-content\\\/uploads\\\/2026\\\/03\\\/\u0631\u0627\u062d\u0629-\u0645\u062b\u0644\u062b\u0629-\u062c\u0645\u0627\u0644-\u0648\u0637\u0641\u0629-1-\u0643\u063a.png\",\"width\":1080,\"height\":1080},{\"@type\":\"BreadcrumbList\",\"@id\":\"https:\\\/\\\/yasminfood.ch\\\/de\\\/product\\\/komfort-mit-pistaziendreieck-500g-jamal-watfa\\\/#breadcrumb\",\"itemListElement\":[{\"@type\":\"ListItem\",\"position\":1,\"name\":\"\u0627\u0644\u0631\u0626\u064a\u0633\u064a\u0629\",\"item\":\"https:\\\/\\\/yasminfood.ch\\\/de\\\/zuhause\\\/\"},{\"@type\":\"ListItem\",\"position\":2,\"name\":\"Shop\",\"item\":\"https:\\\/\\\/yasminfood.ch\\\/de\\\/shop\\\/\"},{\"@type\":\"ListItem\",\"position\":3,\"name\":\"Komfort mit Pistaziendreieck 500g | Jamal Watfa\"}]},{\"@type\":\"WebSite\",\"@id\":\"https:\\\/\\\/yasminfood.ch\\\/de\\\/#website\",\"url\":\"https:\\\/\\\/yasminfood.ch\\\/de\\\/\",\"name\":\"\u064a\u0627\u0633\u0645\u064a\u0646 \u0645\u0627\u0631\u0643\u062a\",\"description\":\"Alles, was Sie brauchen, an einem Ort\",\"publisher\":{\"@id\":\"https:\\\/\\\/yasminfood.ch\\\/de\\\/#organization\"},\"alternateName\":\"Yasmin Food\",\"potentialAction\":[{\"@type\":\"SearchAction\",\"target\":{\"@type\":\"EntryPoint\",\"urlTemplate\":\"https:\\\/\\\/yasminfood.ch\\\/de\\\/?s={search_term_string}\"},\"query-input\":{\"@type\":\"PropertyValueSpecification\",\"valueRequired\":true,\"valueName\":\"search_term_string\"}}],\"inLanguage\":\"de\"},{\"@type\":\"Organization\",\"@id\":\"https:\\\/\\\/yasminfood.ch\\\/de\\\/#organization\",\"name\":\"\u064a\u0627\u0633\u0645\u064a\u0646 \u0645\u0627\u0631\u0643\u062a\",\"alternateName\":\"Yasmin Food\",\"url\":\"https:\\\/\\\/yasminfood.ch\\\/de\\\/\",\"logo\":{\"@type\":\"ImageObject\",\"inLanguage\":\"de\",\"@id\":\"https:\\\/\\\/yasminfood.ch\\\/de\\\/#\\\/schema\\\/logo\\\/image\\\/\",\"url\":\"https:\\\/\\\/yasminfood.ch\\\/wp-content\\\/uploads\\\/2025\\\/05\\\/yasmin-food-header-logo.png\",\"contentUrl\":\"https:\\\/\\\/yasminfood.ch\\\/wp-content\\\/uploads\\\/2025\\\/05\\\/yasmin-food-header-logo.png\",\"width\":330,\"height\":120,\"caption\":\"\u064a\u0627\u0633\u0645\u064a\u0646 \u0645\u0627\u0631\u0643\u062a\"},\"image\":{\"@id\":\"https:\\\/\\\/yasminfood.ch\\\/de\\\/#\\\/schema\\\/logo\\\/image\\\/\"},\"sameAs\":[\"https:\\\/\\\/www.facebook.com\\\/yasminmarkt1\",\"https:\\\/\\\/www.tiktok.com\\\/@yasminmarkt\",\"https:\\\/\\\/www.instagram.com\\\/yasmin.markt1\\\/\",\"https:\\\/\\\/api.whatsapp.com\\\/send\\\/?phone=41799000104\"],\"publishingPrinciples\":\"https:\\\/\\\/yasminfood.ch\\\/de\\\/shop\\\/\",\"ownershipFundingInfo\":\"https:\\\/\\\/yasminfood.ch\\\/de\\\/shop\\\/\"}]}<\/script>\n<meta property=\"product:price:amount\" content=\"23.00\" \/>\n<meta property=\"product:price:currency\" content=\"CHF\" \/>\n<meta property=\"og:availability\" content=\"instock\" \/>\n<meta property=\"product:availability\" content=\"instock\" \/>\n<meta property=\"product:condition\" content=\"new\" \/>\n<!-- \/ Yoast SEO Premium plugin. -->","yoast_head_json":{"title":"Komfort mit Pistaziendreieck 500g | Jamal Watfa - Yasmin Food","description":"Elegant verpackt, um Qualit\u00e4t und Geschmack zu bewahren. Ideale Wahl f\u00fcr Gastfreundschaft, Veranstaltungen und Liebhaber feiner orientalischer Desserts.","robots":{"index":"index","follow":"follow","max-snippet":"max-snippet:-1","max-image-preview":"max-image-preview:large","max-video-preview":"max-video-preview:-1"},"canonical":"https:\/\/yasminfood.ch\/de\/product\/komfort-mit-pistaziendreieck-500g-jamal-watfa\/","og_locale":"de_DE","og_type":"article","og_title":"Komfort mit Pistaziendreieck 500g | Jamal Watfa","og_description":"Komfort mit Pistaziendreieck 500g | Jamal Watfa  Hergestellt mit den feinsten Zutaten und belegt mit einer gro\u00dfz\u00fcgigen Menge frischer Pistazien.  Sie zeichnet sich durch ihren reichen Geschmack und die k\u00f6stliche weiche Textur aus,  Es ist ordentlich laminiert, um Qualit\u00e4t und Geschmack zu bewahren.","og_url":"https:\/\/yasminfood.ch\/de\/product\/komfort-mit-pistaziendreieck-500g-jamal-watfa\/","og_site_name":"Yasmin Food","article_publisher":"https:\/\/www.facebook.com\/yasminmarkt1","article_modified_time":"2026-03-13T17:18:01+00:00","og_image":[{"width":1024,"height":1024,"url":"https:\/\/yasminfood.ch\/wp-content\/uploads\/2026\/03\/\u0631\u0627\u062d\u0629-\u0645\u062b\u0644\u062b\u0629-\u062c\u0645\u0627\u0644-\u0648\u0637\u0641\u0629-1-\u0643\u063a-1024x1024.png","type":"image\/png"}],"twitter_card":"summary_large_image","twitter_misc":{"Preis":"23.00&nbsp;&#67;&#72;&#70;","Verf\u00fcgbarkeit":"Auf Lager"},"schema":{"@context":"https:\/\/schema.org","@graph":[{"@type":"WebPage","@id":"https:\/\/yasminfood.ch\/de\/product\/komfort-mit-pistaziendreieck-500g-jamal-watfa\/","url":"https:\/\/yasminfood.ch\/de\/product\/komfort-mit-pistaziendreieck-500g-jamal-watfa\/","name":"Komfort mit Pistaziendreieck 500g | Jamal Watfa - Yasmin Food","isPartOf":{"@id":"https:\/\/yasminfood.ch\/de\/#website"},"primaryImageOfPage":{"@id":"https:\/\/yasminfood.ch\/de\/product\/komfort-mit-pistaziendreieck-500g-jamal-watfa\/#primaryimage"},"image":{"@id":"https:\/\/yasminfood.ch\/de\/product\/komfort-mit-pistaziendreieck-500g-jamal-watfa\/#primaryimage"},"thumbnailUrl":"https:\/\/yasminfood.ch\/wp-content\/uploads\/2026\/03\/\u0631\u0627\u062d\u0629-\u0645\u062b\u0644\u062b\u0629-\u062c\u0645\u0627\u0644-\u0648\u0637\u0641\u0629-1-\u0643\u063a.png","datePublished":"2026-03-13T17:00:02+00:00","dateModified":"2026-03-13T17:18:01+00:00","description":"Elegant verpackt, um Qualit\u00e4t und Geschmack zu bewahren. Ideale Wahl f\u00fcr Gastfreundschaft, Veranstaltungen und Liebhaber feiner orientalischer Desserts.","breadcrumb":{"@id":"https:\/\/yasminfood.ch\/de\/product\/komfort-mit-pistaziendreieck-500g-jamal-watfa\/#breadcrumb"},"inLanguage":"de","potentialAction":[{"@type":"ReadAction","target":["https:\/\/yasminfood.ch\/de\/product\/komfort-mit-pistaziendreieck-500g-jamal-watfa\/"]}]},{"@type":"ImageObject","inLanguage":"de","@id":"https:\/\/yasminfood.ch\/de\/product\/komfort-mit-pistaziendreieck-500g-jamal-watfa\/#primaryimage","url":"https:\/\/yasminfood.ch\/wp-content\/uploads\/2026\/03\/\u0631\u0627\u062d\u0629-\u0645\u062b\u0644\u062b\u0629-\u062c\u0645\u0627\u0644-\u0648\u0637\u0641\u0629-1-\u0643\u063a.png","contentUrl":"https:\/\/yasminfood.ch\/wp-content\/uploads\/2026\/03\/\u0631\u0627\u062d\u0629-\u0645\u062b\u0644\u062b\u0629-\u062c\u0645\u0627\u0644-\u0648\u0637\u0641\u0629-1-\u0643\u063a.png","width":1080,"height":1080},{"@type":"BreadcrumbList","@id":"https:\/\/yasminfood.ch\/de\/product\/komfort-mit-pistaziendreieck-500g-jamal-watfa\/#breadcrumb","itemListElement":[{"@type":"ListItem","position":1,"name":"\u0627\u0644\u0631\u0626\u064a\u0633\u064a\u0629","item":"https:\/\/yasminfood.ch\/de\/zuhause\/"},{"@type":"ListItem","position":2,"name":"Shop","item":"https:\/\/yasminfood.ch\/de\/shop\/"},{"@type":"ListItem","position":3,"name":"Komfort mit Pistaziendreieck 500g | Jamal Watfa"}]},{"@type":"WebSite","@id":"https:\/\/yasminfood.ch\/de\/#website","url":"https:\/\/yasminfood.ch\/de\/","name":"\u064a\u0627\u0633\u0645\u064a\u0646 \u0645\u0627\u0631\u0643\u062a","description":"Alles, was Sie brauchen, an einem Ort","publisher":{"@id":"https:\/\/yasminfood.ch\/de\/#organization"},"alternateName":"Yasmin Food","potentialAction":[{"@type":"SearchAction","target":{"@type":"EntryPoint","urlTemplate":"https:\/\/yasminfood.ch\/de\/?s={search_term_string}"},"query-input":{"@type":"PropertyValueSpecification","valueRequired":true,"valueName":"search_term_string"}}],"inLanguage":"de"},{"@type":"Organization","@id":"https:\/\/yasminfood.ch\/de\/#organization","name":"\u064a\u0627\u0633\u0645\u064a\u0646 \u0645\u0627\u0631\u0643\u062a","alternateName":"Yasmin Food","url":"https:\/\/yasminfood.ch\/de\/","logo":{"@type":"ImageObject","inLanguage":"de","@id":"https:\/\/yasminfood.ch\/de\/#\/schema\/logo\/image\/","url":"https:\/\/yasminfood.ch\/wp-content\/uploads\/2025\/05\/yasmin-food-header-logo.png","contentUrl":"https:\/\/yasminfood.ch\/wp-content\/uploads\/2025\/05\/yasmin-food-header-logo.png","width":330,"height":120,"caption":"\u064a\u0627\u0633\u0645\u064a\u0646 \u0645\u0627\u0631\u0643\u062a"},"image":{"@id":"https:\/\/yasminfood.ch\/de\/#\/schema\/logo\/image\/"},"sameAs":["https:\/\/www.facebook.com\/yasminmarkt1","https:\/\/www.tiktok.com\/@yasminmarkt","https:\/\/www.instagram.com\/yasmin.markt1\/","https:\/\/api.whatsapp.com\/send\/?phone=41799000104"],"publishingPrinciples":"https:\/\/yasminfood.ch\/de\/shop\/","ownershipFundingInfo":"https:\/\/yasminfood.ch\/de\/shop\/"}]},"product_price_amount":"23.00","product_price_currency":"CHF","og_availability":"instock","product_availability":"instock","product_condition":"new"},"jetpack_sharing_enabled":true,"_links":{"self":[{"href":"https:\/\/yasminfood.ch\/de\/wp-json\/wp\/v2\/product\/122069","targetHints":{"allow":["GET"]}}],"collection":[{"href":"https:\/\/yasminfood.ch\/de\/wp-json\/wp\/v2\/product"}],"about":[{"href":"https:\/\/yasminfood.ch\/de\/wp-json\/wp\/v2\/types\/product"}],"replies":[{"embeddable":true,"href":"https:\/\/yasminfood.ch\/de\/wp-json\/wp\/v2\/comments?post=122069"}],"version-history":[{"count":0,"href":"https:\/\/yasminfood.ch\/de\/wp-json\/wp\/v2\/product\/122069\/revisions"}],"wp:featuredmedia":[{"embeddable":true,"href":"https:\/\/yasminfood.ch\/de\/wp-json\/wp\/v2\/media\/122071"}],"wp:attachment":[{"href":"https:\/\/yasminfood.ch\/de\/wp-json\/wp\/v2\/media?parent=122069"}],"wp:term":[{"taxonomy":"product_brand","embeddable":true,"href":"https:\/\/yasminfood.ch\/de\/wp-json\/wp\/v2\/product_brand?post=122069"},{"taxonomy":"product_cat","embeddable":true,"href":"https:\/\/yasminfood.ch\/de\/wp-json\/wp\/v2\/product_cat?post=122069"},{"taxonomy":"product_tag","embeddable":true,"href":"https:\/\/yasminfood.ch\/de\/wp-json\/wp\/v2\/product_tag?post=122069"}],"curies":[{"name":"wp","href":"https:\/\/api.w.org\/{rel}","templated":true}]}}