{"id":122092,"date":"2026-03-13T18:11:43","date_gmt":"2026-03-13T17:11:43","guid":{"rendered":"https:\/\/yasminfood.ch\/product\/runde-pistazienruhe-500g-beauty-tafa\/"},"modified":"2026-03-13T18:18:16","modified_gmt":"2026-03-13T17:18:16","slug":"runde-pistazienruhe-500g-beauty-tafa","status":"publish","type":"product","link":"https:\/\/yasminfood.ch\/de\/product\/runde-pistazienruhe-500g-beauty-tafa\/","title":{"rendered":"Runde Pistazienruhe 500g Beauty  Tafa"},"content":{"rendered":"<p><strong>Runde Pistazienruhe 500g Beauty  Tafa<\/strong><\/p>\n<div class=\"flex flex-col text-sm pb-25\">\n<article class=\"text-token-text-primary w-full focus:outline-none [--shadow-height:45px] has-data-writing-block:pointer-events-none has-data-writing-block:-mt-(--shadow-height) has-data-writing-block:pt-(--shadow-height) [&amp;:has([data-writing-block])&gt;*]:pointer-events-auto scroll-mt-[calc(var(--header-height)+min(200px,max(70px,20svh)))]\" dir=\"auto\" tabindex=\"-1\" data-turn-id=\"request-WEB:2426e175-4879-482c-825c-b7b5fbaaf91c-9\" data-testid=\"conversation-turn-2\" data-scroll-anchor=\"true\" data-turn=\"assistant\">\n<div class=\"text-base my-auto mx-auto pb-10 [--thread-content-margin:var(--thread-content-margin-xs,calc(var(--spacing)*4))] @w-sm\/main:[--thread-content-margin:var(--thread-content-margin-sm,calc(var(--spacing)*6))] @w-lg\/main:[--thread-content-margin:var(--thread-content-margin-lg,calc(var(--spacing)*16))] px-(--thread-content-margin)\">\n<div class=\"[--thread-content-max-width:40rem] @w-lg\/main:[--thread-content-max-width:48rem] mx-auto max-w-(--thread-content-max-width) flex-1 group\/turn-messages focus-visible:outline-hidden relative flex w-full min-w-0 flex-col agent-turn\" tabindex=\"-1\">\n<div class=\"flex max-w-full flex-col gap-4 grow\">\n<div class=\"min-h-8 text-message relative flex w-full flex-col items-end gap-2 text-start break-words whitespace-normal [.text-message+&amp;]:mt-1\" dir=\"auto\" data-message-author-role=\"assistant\" data-message-id=\"af37d9ba-24c6-4c7a-be33-0eb2609f29dc\" data-message-model-slug=\"gpt-5-3\">\n<div class=\"flex w-full flex-col gap-1 empty:hidden\">\n<div class=\"markdown prose dark:prose-invert w-full wrap-break-word light markdown-new-styling\">\n<ul>\n<li data-start=\"25\" data-end=\"365\">Ein charakteristisches St\u00fcck orientalischer S\u00fc\u00dfe, das reichen Geschmack mit einer weichen Textur verbindet.<\/li>\n<li data-start=\"25\" data-end=\"365\">Bereiten Sie diesen Komfort sorgf\u00e4ltig mit hochwertigen Pistazien vor<\/li>\n<\/ul>\n<p data-start=\"25\" data-end=\"365\">Gro\u00dfz\u00fcgig verteilt in einer reichhaltigen Bonbonschicht, die die perfekte Balance zwischen S\u00fc\u00dfe und nat\u00fcrlichem Nussgeschmack bietet.<\/p>\n<p data-start=\"25\" data-end=\"365\">Jedes St\u00fcck ist elegant verpackt, um Frische und Qualit\u00e4t zu bewahren, was es zu einer hervorragenden Wahl f\u00fcr Gastfreundschaft, Geschenke oder zum Genie\u00dfen mit Kaffee und Tee macht.  <\/p>\n<p data-start=\"367\" data-end=\"380\"><strong data-start=\"367\" data-end=\"380\">Funktionen:<\/strong><\/p>\n<ul data-start=\"381\" data-end=\"494\">\n<li data-section-id=\"1kc1pc5\" data-start=\"381\" data-end=\"411\">\n<p data-start=\"383\" data-end=\"411\">Luxuri\u00f6se Pistazien in hohem Prozentsatz<\/p>\n<\/li>\n<li data-section-id=\"l6puex\" data-start=\"412\" data-end=\"433\">\n<p data-start=\"414\" data-end=\"433\">Sanfte Textur und reicher Geschmack<\/p>\n<\/li>\n<li data-section-id=\"1q32lqj\" data-start=\"434\" data-end=\"466\">\n<p data-start=\"436\" data-end=\"466\">Individuelle Verpackungen, die die Frische bewahren<\/p>\n<\/li>\n<li data-section-id=\"kenyxo\" data-start=\"467\" data-end=\"494\">\n<p data-start=\"469\" data-end=\"494\">Ideal f\u00fcr Gastfreundschaft und Geschenke<\/p>\n<\/li>\n<\/ul>\n<p data-start=\"496\" data-end=\"581\" data-is-last-node=\"\" data-is-only-node=\"\"><strong data-start=\"496\" data-end=\"506\">Gewicht:<\/strong> 500 g<br data-start=\"515\" data-end=\"518\">Ein luxuri\u00f6ses Produkt, das Qualit\u00e4t mit dem authentischen Geschmack orientalischer S\u00fc\u00dfigkeitenliebhaber verbindet.<\/p>\n<\/div>\n<\/div>\n<\/div>\n<\/div>\n<div class=\"z-0 flex min-h-[46px] justify-start\"><\/div>\n<\/div>\n<\/div>\n<\/article>\n<\/div>\n<div class=\"pointer-events-none h-px w-px absolute bottom-0\" aria-hidden=\"true\" data-edge=\"true\"><\/div>\n","protected":false},"excerpt":{"rendered":"<p><strong>Runde Pistazienruhe 500g Beauty  Tafa<\/strong><\/p>\n<div class=\"flex flex-col text-sm pb-25\">\n<article class=\"text-token-text-primary w-full focus:outline-none [--shadow-height:45px] has-data-writing-block:pointer-events-none has-data-writing-block:-mt-(--shadow-height) has-data-writing-block:pt-(--shadow-height) [&amp;:has([data-writing-block])&gt;*]:pointer-events-auto scroll-mt-[calc(var(--header-height)+min(200px,max(70px,20svh)))]\" dir=\"auto\" tabindex=\"-1\" data-turn-id=\"request-WEB:2426e175-4879-482c-825c-b7b5fbaaf91c-9\" data-testid=\"conversation-turn-2\" data-scroll-anchor=\"true\" data-turn=\"assistant\">\n<div class=\"text-base my-auto mx-auto pb-10 [--thread-content-margin:var(--thread-content-margin-xs,calc(var(--spacing)*4))] @w-sm\/main:[--thread-content-margin:var(--thread-content-margin-sm,calc(var(--spacing)*6))] @w-lg\/main:[--thread-content-margin:var(--thread-content-margin-lg,calc(var(--spacing)*16))] px-(--thread-content-margin)\">\n<div class=\"[--thread-content-max-width:40rem] @w-lg\/main:[--thread-content-max-width:48rem] mx-auto max-w-(--thread-content-max-width) flex-1 group\/turn-messages focus-visible:outline-hidden relative flex w-full min-w-0 flex-col agent-turn\" tabindex=\"-1\">\n<div class=\"flex max-w-full flex-col gap-4 grow\">\n<div class=\"min-h-8 text-message relative flex w-full flex-col items-end gap-2 text-start break-words whitespace-normal [.text-message+&amp;]:mt-1\" dir=\"auto\" data-message-author-role=\"assistant\" data-message-id=\"af37d9ba-24c6-4c7a-be33-0eb2609f29dc\" data-message-model-slug=\"gpt-5-3\">\n<div class=\"flex w-full flex-col gap-1 empty:hidden\">\n<div class=\"markdown prose dark:prose-invert w-full wrap-break-word light markdown-new-styling\">\n<ul>\n<li data-start=\"25\" data-end=\"365\">Ein charakteristisches St\u00fcck orientalischer S\u00fc\u00dfe, das reichen Geschmack mit einer weichen Textur verbindet.<\/li>\n<li data-start=\"25\" data-end=\"365\">Bereiten Sie diesen Komfort sorgf\u00e4ltig mit hochwertigen Pistazien vor<\/li>\n<\/ul>\n<p data-start=\"25\" data-end=\"365\">\n<\/div>\n<\/div>\n<\/div>\n<\/div>\n<\/div>\n<\/div>\n<\/article>\n<\/div>\n","protected":false},"featured_media":122093,"comment_status":"open","ping_status":"closed","template":"","meta":[],"product_brand":[],"product_cat":[301,297],"product_tag":[],"class_list":{"0":"post-122092","1":"product","2":"type-product","3":"status-publish","4":"has-post-thumbnail","6":"product_cat-arabische-suessigkeiten","7":"product_cat-dessert-chips-2","9":"first","10":"instock","11":"taxable","12":"shipping-taxable","13":"purchasable","14":"product-type-simple"},"yoast_head":"<!-- This site is optimized with the Yoast SEO Premium plugin v26.5 (Yoast SEO v27.5) - https:\/\/yoast.com\/product\/yoast-seo-premium-wordpress\/ -->\n<title>Runde Pistazienruhe 500g Beauty Tafa - Yasmin Food<\/title>\n<meta name=\"description\" content=\"Ein unverwechselbares St\u00fcck orientalischer S\u00fc\u00dfe, das reichen Geschmack mit einer weichen Textur verbindet.\" \/>\n<meta name=\"robots\" content=\"index, follow, max-snippet:-1, max-image-preview:large, max-video-preview:-1\" \/>\n<link rel=\"canonical\" href=\"https:\/\/yasminfood.ch\/de\/product\/runde-pistazienruhe-500g-beauty-tafa\/\" \/>\n<meta property=\"og:locale\" content=\"de_DE\" \/>\n<meta property=\"og:type\" content=\"article\" \/>\n<meta property=\"og:title\" content=\"Runde Pistazienruhe 500g Beauty Tafa\" \/>\n<meta property=\"og:description\" content=\"Runde Pistazienruhe 500g Beauty Tafa      Ein charakteristisches St\u00fcck orientalischer S\u00fc\u00dfe, das reichen Geschmack mit einer weichen Textur verbindet.  Bereiten Sie diesen Komfort sorgf\u00e4ltig mit hochwertigen Pistazien vor\" \/>\n<meta property=\"og:url\" content=\"https:\/\/yasminfood.ch\/de\/product\/runde-pistazienruhe-500g-beauty-tafa\/\" \/>\n<meta property=\"og:site_name\" content=\"Yasmin Food\" \/>\n<meta property=\"article:publisher\" content=\"https:\/\/www.facebook.com\/yasminmarkt1\" \/>\n<meta property=\"article:modified_time\" content=\"2026-03-13T17:18:16+00:00\" \/>\n<meta property=\"og:image\" content=\"https:\/\/yasminfood.ch\/wp-content\/uploads\/2026\/03\/\u0631\u0627\u062d\u0629-\u0628\u0627\u0644\u0641\u0633\u062a\u0642-\u062f\u0627\u0626\u0631\u064a\u0629-500\u063a-\u062c\u0645\u0627\u0644-\u0648\u0637\u0641\u0629.jpg\" \/>\n\t<meta property=\"og:image:width\" content=\"1229\" \/>\n\t<meta property=\"og:image:height\" content=\"1536\" \/>\n\t<meta property=\"og:image:type\" content=\"image\/jpeg\" \/>\n<meta name=\"twitter:card\" content=\"summary_large_image\" \/>\n<meta name=\"twitter:label1\" content=\"Preis\" \/>\n\t<meta name=\"twitter:data1\" content=\"23.00&nbsp;&#067;&#072;&#070;\" \/>\n\t<meta name=\"twitter:label2\" content=\"Verf\u00fcgbarkeit\" \/>\n\t<meta name=\"twitter:data2\" content=\"Auf Lager\" \/>\n<script type=\"application\/ld+json\" class=\"yoast-schema-graph\">{\"@context\":\"https:\\\/\\\/schema.org\",\"@graph\":[{\"@type\":\"WebPage\",\"@id\":\"https:\\\/\\\/yasminfood.ch\\\/de\\\/product\\\/runde-pistazienruhe-500g-beauty-tafa\\\/\",\"url\":\"https:\\\/\\\/yasminfood.ch\\\/de\\\/product\\\/runde-pistazienruhe-500g-beauty-tafa\\\/\",\"name\":\"Runde Pistazienruhe 500g Beauty Tafa - Yasmin Food\",\"isPartOf\":{\"@id\":\"https:\\\/\\\/yasminfood.ch\\\/de\\\/#website\"},\"primaryImageOfPage\":{\"@id\":\"https:\\\/\\\/yasminfood.ch\\\/de\\\/product\\\/runde-pistazienruhe-500g-beauty-tafa\\\/#primaryimage\"},\"image\":{\"@id\":\"https:\\\/\\\/yasminfood.ch\\\/de\\\/product\\\/runde-pistazienruhe-500g-beauty-tafa\\\/#primaryimage\"},\"thumbnailUrl\":\"https:\\\/\\\/yasminfood.ch\\\/wp-content\\\/uploads\\\/2026\\\/03\\\/\u0631\u0627\u062d\u0629-\u0628\u0627\u0644\u0641\u0633\u062a\u0642-\u062f\u0627\u0626\u0631\u064a\u0629-500\u063a-\u062c\u0645\u0627\u0644-\u0648\u0637\u0641\u0629.jpg\",\"datePublished\":\"2026-03-13T17:11:43+00:00\",\"dateModified\":\"2026-03-13T17:18:16+00:00\",\"description\":\"Ein unverwechselbares St\u00fcck orientalischer S\u00fc\u00dfe, das reichen Geschmack mit einer weichen Textur verbindet.\",\"breadcrumb\":{\"@id\":\"https:\\\/\\\/yasminfood.ch\\\/de\\\/product\\\/runde-pistazienruhe-500g-beauty-tafa\\\/#breadcrumb\"},\"inLanguage\":\"de\",\"potentialAction\":[{\"@type\":\"ReadAction\",\"target\":[\"https:\\\/\\\/yasminfood.ch\\\/de\\\/product\\\/runde-pistazienruhe-500g-beauty-tafa\\\/\"]}]},{\"@type\":\"ImageObject\",\"inLanguage\":\"de\",\"@id\":\"https:\\\/\\\/yasminfood.ch\\\/de\\\/product\\\/runde-pistazienruhe-500g-beauty-tafa\\\/#primaryimage\",\"url\":\"https:\\\/\\\/yasminfood.ch\\\/wp-content\\\/uploads\\\/2026\\\/03\\\/\u0631\u0627\u062d\u0629-\u0628\u0627\u0644\u0641\u0633\u062a\u0642-\u062f\u0627\u0626\u0631\u064a\u0629-500\u063a-\u062c\u0645\u0627\u0644-\u0648\u0637\u0641\u0629.jpg\",\"contentUrl\":\"https:\\\/\\\/yasminfood.ch\\\/wp-content\\\/uploads\\\/2026\\\/03\\\/\u0631\u0627\u062d\u0629-\u0628\u0627\u0644\u0641\u0633\u062a\u0642-\u062f\u0627\u0626\u0631\u064a\u0629-500\u063a-\u062c\u0645\u0627\u0644-\u0648\u0637\u0641\u0629.jpg\",\"width\":1229,\"height\":1536,\"caption\":\"Runde Pistazienruhe 500g Beauty Tafa\"},{\"@type\":\"BreadcrumbList\",\"@id\":\"https:\\\/\\\/yasminfood.ch\\\/de\\\/product\\\/runde-pistazienruhe-500g-beauty-tafa\\\/#breadcrumb\",\"itemListElement\":[{\"@type\":\"ListItem\",\"position\":1,\"name\":\"\u0627\u0644\u0631\u0626\u064a\u0633\u064a\u0629\",\"item\":\"https:\\\/\\\/yasminfood.ch\\\/de\\\/zuhause\\\/\"},{\"@type\":\"ListItem\",\"position\":2,\"name\":\"Shop\",\"item\":\"https:\\\/\\\/yasminfood.ch\\\/de\\\/shop\\\/\"},{\"@type\":\"ListItem\",\"position\":3,\"name\":\"Runde Pistazienruhe 500g Beauty Tafa\"}]},{\"@type\":\"WebSite\",\"@id\":\"https:\\\/\\\/yasminfood.ch\\\/de\\\/#website\",\"url\":\"https:\\\/\\\/yasminfood.ch\\\/de\\\/\",\"name\":\"\u064a\u0627\u0633\u0645\u064a\u0646 \u0645\u0627\u0631\u0643\u062a\",\"description\":\"Alles, was Sie brauchen, an einem Ort\",\"publisher\":{\"@id\":\"https:\\\/\\\/yasminfood.ch\\\/de\\\/#organization\"},\"alternateName\":\"Yasmin Food\",\"potentialAction\":[{\"@type\":\"SearchAction\",\"target\":{\"@type\":\"EntryPoint\",\"urlTemplate\":\"https:\\\/\\\/yasminfood.ch\\\/de\\\/?s={search_term_string}\"},\"query-input\":{\"@type\":\"PropertyValueSpecification\",\"valueRequired\":true,\"valueName\":\"search_term_string\"}}],\"inLanguage\":\"de\"},{\"@type\":\"Organization\",\"@id\":\"https:\\\/\\\/yasminfood.ch\\\/de\\\/#organization\",\"name\":\"\u064a\u0627\u0633\u0645\u064a\u0646 \u0645\u0627\u0631\u0643\u062a\",\"alternateName\":\"Yasmin Food\",\"url\":\"https:\\\/\\\/yasminfood.ch\\\/de\\\/\",\"logo\":{\"@type\":\"ImageObject\",\"inLanguage\":\"de\",\"@id\":\"https:\\\/\\\/yasminfood.ch\\\/de\\\/#\\\/schema\\\/logo\\\/image\\\/\",\"url\":\"https:\\\/\\\/yasminfood.ch\\\/wp-content\\\/uploads\\\/2025\\\/05\\\/yasmin-food-header-logo.png\",\"contentUrl\":\"https:\\\/\\\/yasminfood.ch\\\/wp-content\\\/uploads\\\/2025\\\/05\\\/yasmin-food-header-logo.png\",\"width\":330,\"height\":120,\"caption\":\"\u064a\u0627\u0633\u0645\u064a\u0646 \u0645\u0627\u0631\u0643\u062a\"},\"image\":{\"@id\":\"https:\\\/\\\/yasminfood.ch\\\/de\\\/#\\\/schema\\\/logo\\\/image\\\/\"},\"sameAs\":[\"https:\\\/\\\/www.facebook.com\\\/yasminmarkt1\",\"https:\\\/\\\/www.tiktok.com\\\/@yasminmarkt\",\"https:\\\/\\\/www.instagram.com\\\/yasmin.markt1\\\/\",\"https:\\\/\\\/api.whatsapp.com\\\/send\\\/?phone=41799000104\"],\"publishingPrinciples\":\"https:\\\/\\\/yasminfood.ch\\\/de\\\/shop\\\/\",\"ownershipFundingInfo\":\"https:\\\/\\\/yasminfood.ch\\\/de\\\/shop\\\/\"}]}<\/script>\n<meta property=\"product:price:amount\" content=\"23.00\" \/>\n<meta property=\"product:price:currency\" content=\"CHF\" \/>\n<meta property=\"og:availability\" content=\"instock\" \/>\n<meta property=\"product:availability\" content=\"instock\" \/>\n<meta property=\"product:condition\" content=\"new\" \/>\n<!-- \/ Yoast SEO Premium plugin. -->","yoast_head_json":{"title":"Runde Pistazienruhe 500g Beauty Tafa - Yasmin Food","description":"Ein unverwechselbares St\u00fcck orientalischer S\u00fc\u00dfe, das reichen Geschmack mit einer weichen Textur verbindet.","robots":{"index":"index","follow":"follow","max-snippet":"max-snippet:-1","max-image-preview":"max-image-preview:large","max-video-preview":"max-video-preview:-1"},"canonical":"https:\/\/yasminfood.ch\/de\/product\/runde-pistazienruhe-500g-beauty-tafa\/","og_locale":"de_DE","og_type":"article","og_title":"Runde Pistazienruhe 500g Beauty Tafa","og_description":"Runde Pistazienruhe 500g Beauty Tafa      Ein charakteristisches St\u00fcck orientalischer S\u00fc\u00dfe, das reichen Geschmack mit einer weichen Textur verbindet.  Bereiten Sie diesen Komfort sorgf\u00e4ltig mit hochwertigen Pistazien vor","og_url":"https:\/\/yasminfood.ch\/de\/product\/runde-pistazienruhe-500g-beauty-tafa\/","og_site_name":"Yasmin Food","article_publisher":"https:\/\/www.facebook.com\/yasminmarkt1","article_modified_time":"2026-03-13T17:18:16+00:00","og_image":[{"width":1229,"height":1536,"url":"https:\/\/yasminfood.ch\/wp-content\/uploads\/2026\/03\/\u0631\u0627\u062d\u0629-\u0628\u0627\u0644\u0641\u0633\u062a\u0642-\u062f\u0627\u0626\u0631\u064a\u0629-500\u063a-\u062c\u0645\u0627\u0644-\u0648\u0637\u0641\u0629.jpg","type":"image\/jpeg"}],"twitter_card":"summary_large_image","twitter_misc":{"Preis":"23.00&nbsp;&#67;&#72;&#70;","Verf\u00fcgbarkeit":"Auf Lager"},"schema":{"@context":"https:\/\/schema.org","@graph":[{"@type":"WebPage","@id":"https:\/\/yasminfood.ch\/de\/product\/runde-pistazienruhe-500g-beauty-tafa\/","url":"https:\/\/yasminfood.ch\/de\/product\/runde-pistazienruhe-500g-beauty-tafa\/","name":"Runde Pistazienruhe 500g Beauty Tafa - Yasmin Food","isPartOf":{"@id":"https:\/\/yasminfood.ch\/de\/#website"},"primaryImageOfPage":{"@id":"https:\/\/yasminfood.ch\/de\/product\/runde-pistazienruhe-500g-beauty-tafa\/#primaryimage"},"image":{"@id":"https:\/\/yasminfood.ch\/de\/product\/runde-pistazienruhe-500g-beauty-tafa\/#primaryimage"},"thumbnailUrl":"https:\/\/yasminfood.ch\/wp-content\/uploads\/2026\/03\/\u0631\u0627\u062d\u0629-\u0628\u0627\u0644\u0641\u0633\u062a\u0642-\u062f\u0627\u0626\u0631\u064a\u0629-500\u063a-\u062c\u0645\u0627\u0644-\u0648\u0637\u0641\u0629.jpg","datePublished":"2026-03-13T17:11:43+00:00","dateModified":"2026-03-13T17:18:16+00:00","description":"Ein unverwechselbares St\u00fcck orientalischer S\u00fc\u00dfe, das reichen Geschmack mit einer weichen Textur verbindet.","breadcrumb":{"@id":"https:\/\/yasminfood.ch\/de\/product\/runde-pistazienruhe-500g-beauty-tafa\/#breadcrumb"},"inLanguage":"de","potentialAction":[{"@type":"ReadAction","target":["https:\/\/yasminfood.ch\/de\/product\/runde-pistazienruhe-500g-beauty-tafa\/"]}]},{"@type":"ImageObject","inLanguage":"de","@id":"https:\/\/yasminfood.ch\/de\/product\/runde-pistazienruhe-500g-beauty-tafa\/#primaryimage","url":"https:\/\/yasminfood.ch\/wp-content\/uploads\/2026\/03\/\u0631\u0627\u062d\u0629-\u0628\u0627\u0644\u0641\u0633\u062a\u0642-\u062f\u0627\u0626\u0631\u064a\u0629-500\u063a-\u062c\u0645\u0627\u0644-\u0648\u0637\u0641\u0629.jpg","contentUrl":"https:\/\/yasminfood.ch\/wp-content\/uploads\/2026\/03\/\u0631\u0627\u062d\u0629-\u0628\u0627\u0644\u0641\u0633\u062a\u0642-\u062f\u0627\u0626\u0631\u064a\u0629-500\u063a-\u062c\u0645\u0627\u0644-\u0648\u0637\u0641\u0629.jpg","width":1229,"height":1536,"caption":"Runde Pistazienruhe 500g Beauty Tafa"},{"@type":"BreadcrumbList","@id":"https:\/\/yasminfood.ch\/de\/product\/runde-pistazienruhe-500g-beauty-tafa\/#breadcrumb","itemListElement":[{"@type":"ListItem","position":1,"name":"\u0627\u0644\u0631\u0626\u064a\u0633\u064a\u0629","item":"https:\/\/yasminfood.ch\/de\/zuhause\/"},{"@type":"ListItem","position":2,"name":"Shop","item":"https:\/\/yasminfood.ch\/de\/shop\/"},{"@type":"ListItem","position":3,"name":"Runde Pistazienruhe 500g Beauty Tafa"}]},{"@type":"WebSite","@id":"https:\/\/yasminfood.ch\/de\/#website","url":"https:\/\/yasminfood.ch\/de\/","name":"\u064a\u0627\u0633\u0645\u064a\u0646 \u0645\u0627\u0631\u0643\u062a","description":"Alles, was Sie brauchen, an einem Ort","publisher":{"@id":"https:\/\/yasminfood.ch\/de\/#organization"},"alternateName":"Yasmin Food","potentialAction":[{"@type":"SearchAction","target":{"@type":"EntryPoint","urlTemplate":"https:\/\/yasminfood.ch\/de\/?s={search_term_string}"},"query-input":{"@type":"PropertyValueSpecification","valueRequired":true,"valueName":"search_term_string"}}],"inLanguage":"de"},{"@type":"Organization","@id":"https:\/\/yasminfood.ch\/de\/#organization","name":"\u064a\u0627\u0633\u0645\u064a\u0646 \u0645\u0627\u0631\u0643\u062a","alternateName":"Yasmin Food","url":"https:\/\/yasminfood.ch\/de\/","logo":{"@type":"ImageObject","inLanguage":"de","@id":"https:\/\/yasminfood.ch\/de\/#\/schema\/logo\/image\/","url":"https:\/\/yasminfood.ch\/wp-content\/uploads\/2025\/05\/yasmin-food-header-logo.png","contentUrl":"https:\/\/yasminfood.ch\/wp-content\/uploads\/2025\/05\/yasmin-food-header-logo.png","width":330,"height":120,"caption":"\u064a\u0627\u0633\u0645\u064a\u0646 \u0645\u0627\u0631\u0643\u062a"},"image":{"@id":"https:\/\/yasminfood.ch\/de\/#\/schema\/logo\/image\/"},"sameAs":["https:\/\/www.facebook.com\/yasminmarkt1","https:\/\/www.tiktok.com\/@yasminmarkt","https:\/\/www.instagram.com\/yasmin.markt1\/","https:\/\/api.whatsapp.com\/send\/?phone=41799000104"],"publishingPrinciples":"https:\/\/yasminfood.ch\/de\/shop\/","ownershipFundingInfo":"https:\/\/yasminfood.ch\/de\/shop\/"}]},"product_price_amount":"23.00","product_price_currency":"CHF","og_availability":"instock","product_availability":"instock","product_condition":"new"},"jetpack_sharing_enabled":true,"_links":{"self":[{"href":"https:\/\/yasminfood.ch\/de\/wp-json\/wp\/v2\/product\/122092","targetHints":{"allow":["GET"]}}],"collection":[{"href":"https:\/\/yasminfood.ch\/de\/wp-json\/wp\/v2\/product"}],"about":[{"href":"https:\/\/yasminfood.ch\/de\/wp-json\/wp\/v2\/types\/product"}],"replies":[{"embeddable":true,"href":"https:\/\/yasminfood.ch\/de\/wp-json\/wp\/v2\/comments?post=122092"}],"version-history":[{"count":0,"href":"https:\/\/yasminfood.ch\/de\/wp-json\/wp\/v2\/product\/122092\/revisions"}],"wp:featuredmedia":[{"embeddable":true,"href":"https:\/\/yasminfood.ch\/de\/wp-json\/wp\/v2\/media\/122093"}],"wp:attachment":[{"href":"https:\/\/yasminfood.ch\/de\/wp-json\/wp\/v2\/media?parent=122092"}],"wp:term":[{"taxonomy":"product_brand","embeddable":true,"href":"https:\/\/yasminfood.ch\/de\/wp-json\/wp\/v2\/product_brand?post=122092"},{"taxonomy":"product_cat","embeddable":true,"href":"https:\/\/yasminfood.ch\/de\/wp-json\/wp\/v2\/product_cat?post=122092"},{"taxonomy":"product_tag","embeddable":true,"href":"https:\/\/yasminfood.ch\/de\/wp-json\/wp\/v2\/product_tag?post=122092"}],"curies":[{"name":"wp","href":"https:\/\/api.w.org\/{rel}","templated":true}]}}