{"id":122101,"date":"2026-03-13T20:38:15","date_gmt":"2026-03-13T19:38:15","guid":{"rendered":"https:\/\/yasminfood.ch\/product\/getrocknete-aubergine-moona-zaman-40-stueck\/"},"modified":"2026-03-13T20:39:06","modified_gmt":"2026-03-13T19:39:06","slug":"getrocknete-aubergine-moona-zaman-40-stueck","status":"publish","type":"product","link":"https:\/\/yasminfood.ch\/de\/product\/getrocknete-aubergine-moona-zaman-40-stueck\/","title":{"rendered":"Getrocknete Aubergine \u2013 Moona Zaman (40 St\u00fcck)"},"content":{"rendered":"<p><strong data-start=\"28\" data-end=\"65\">Getrocknete Aubergine \u2013 Moona Zaman (40 St\u00fcck)<\/strong><\/p>\n<ul>\n<li>\n<p data-start=\"28\" data-end=\"286\">Sorgf\u00e4ltig getrocknet. Kleine Auberginenkerne werden sorgf\u00e4ltig ausgew\u00e4hlt <\/p>\n<\/li>\n<li>\n<p data-start=\"28\" data-end=\"286\">Dann entleeren und trocknen Sie sie auf traditionelle Weise, die ihre Qualit\u00e4t und ihren nat\u00fcrlichen Geschmack bewahrt, sodass sie bereit sind, die k\u00f6stlichsten gef\u00fcllten Rezepte zuzubereiten. <\/p>\n<\/li>\n<li>\n<p data-start=\"28\" data-end=\"286\">Das Produkt ist einfach zuzubereiten und hat nach der Marinanation eine perfekte Textur, was es zu einer praktischen Option f\u00fcr <strong data-start=\"370\" data-end=\"388\">gef\u00fcllte Auberginen<\/strong> macht <\/p>\n<\/li>\n<li>\n<p data-start=\"28\" data-end=\"286\">Angereichert mit orientalischen Aromen. Geeignet f\u00fcr den Heimgebrauch oder f\u00fcr K\u00fcchen, die gleichm\u00e4\u00dfige Qualit\u00e4t und authentischen traditionellen Geschmack suchen. <\/p>\n<p data-start=\"492\" data-end=\"505\"><strong data-start=\"492\" data-end=\"505\">Funktionen:<\/strong><\/p>\n<ul data-start=\"506\" data-end=\"695\">\n<li data-section-id=\"suo77v\" data-start=\"506\" data-end=\"542\">\n<p data-start=\"508\" data-end=\"542\">Sorgf\u00e4ltig ausgew\u00e4hlte und hochwertige Aubergine<\/p>\n<\/li>\n<li data-section-id=\"odj5f3\" data-start=\"543\" data-end=\"591\">\n<p data-start=\"545\" data-end=\"591\">Getrocknet auf eine Weise, die Geschmack und N\u00e4hrwert bewahrt<\/p>\n<\/li>\n<li data-section-id=\"1v4v6h3\" data-start=\"592\" data-end=\"634\">\n<p data-start=\"594\" data-end=\"634\">Perfekt f\u00fcr gef\u00fcllte und traditionelle Rezepte<\/p>\n<\/li>\n<li data-section-id=\"16xlbhs\" data-start=\"635\" data-end=\"670\">\n<p data-start=\"637\" data-end=\"670\">Praktische Packung <strong data-start=\"658\" data-end=\"668\">mit 40 Pillen<\/strong><\/p>\n<\/li>\n<li data-section-id=\"1mfvet3\" data-start=\"671\" data-end=\"695\">\n<p data-start=\"673\" data-end=\"695\">Einfach zu lagern und zu verwenden<\/p>\n<\/li>\n<\/ul>\n<p data-start=\"697\" data-end=\"791\">F\u00fcgen Sie Ihrem Tisch mit getrockneter Muna Zaman Aubergine einen authentischen, traditionsreichen Geschmack hinzu \u2013 die perfekte Wahl f\u00fcr Liebhaber der orientalischen K\u00fcche. <\/p>\n<\/li>\n<\/ul>\n","protected":false},"excerpt":{"rendered":"<p><strong data-start=\"28\" data-end=\"65\">Getrocknete Aubergine \u2013 Moona Zaman (40 St\u00fcck)<\/strong><\/p>\n<ul>\n<li>\n<p data-start=\"28\" data-end=\"286\">Sorgf\u00e4ltig getrocknet. Kleine Auberginenkerne werden sorgf\u00e4ltig ausgew\u00e4hlt <\/p>\n<\/li>\n<li>\n<p data-start=\"28\" data-end=\"286\">Dann entleeren und trocknen Sie sie auf traditionelle Weise, die ihre Qualit\u00e4t und ihren nat\u00fcrlichen Geschmack bewahrt, sodass sie bereit sind, die k\u00f6stlichsten gef\u00fcllten Rezepte zuzubereiten. <\/p>\n<\/li>\n<\/ul>\n","protected":false},"featured_media":122102,"comment_status":"open","ping_status":"closed","template":"","meta":[],"product_brand":[],"product_cat":[245,270],"product_tag":[],"class_list":{"0":"post-122101","1":"product","2":"type-product","3":"status-publish","4":"has-post-thumbnail","6":"product_cat-konserven-lebensmittel","7":"product_cat-trockner","9":"first","10":"instock","11":"taxable","12":"shipping-taxable","13":"purchasable","14":"product-type-simple"},"yoast_head":"<!-- This site is optimized with the Yoast SEO Premium plugin v26.5 (Yoast SEO v27.5) - https:\/\/yoast.com\/product\/yoast-seo-premium-wordpress\/ -->\n<title>Getrocknete Aubergine \u2013 Moona Zaman (40 St\u00fcck) - Yasmin Food<\/title>\n<meta name=\"description\" content=\"Sorgf\u00e4ltig getrocknet. Die kleinen Auberginenkerne werden sorgf\u00e4ltig ausgew\u00e4hlt, dann auf traditionelle Weise entleert und getrocknet, wobei ihre Qualit\u00e4t und ihr nat\u00fcrlicher Geschmack erhalten bleiben.\" \/>\n<meta name=\"robots\" content=\"index, follow, max-snippet:-1, max-image-preview:large, max-video-preview:-1\" \/>\n<link rel=\"canonical\" href=\"https:\/\/yasminfood.ch\/de\/product\/getrocknete-aubergine-moona-zaman-40-stueck\/\" \/>\n<meta property=\"og:locale\" content=\"de_DE\" \/>\n<meta property=\"og:type\" content=\"article\" \/>\n<meta property=\"og:title\" content=\"Getrocknete Aubergine \u2013 Moona Zaman (40 St\u00fcck)\" \/>\n<meta property=\"og:description\" content=\"Getrocknete Aubergine \u2013 Moona Zaman (40 St\u00fcck)   Sorgf\u00e4ltig getrocknet. Kleine Auberginenkerne werden sorgf\u00e4ltig ausgew\u00e4hlt   Dann entleeren und trocknen Sie sie auf traditionelle Weise, die ihre Qualit\u00e4t und ihren nat\u00fcrlichen Geschmack bewahrt, sodass sie bereit sind, die k\u00f6stlichsten gef\u00fcllten Rezepte zuzubereiten.\" \/>\n<meta property=\"og:url\" content=\"https:\/\/yasminfood.ch\/de\/product\/getrocknete-aubergine-moona-zaman-40-stueck\/\" \/>\n<meta property=\"og:site_name\" content=\"Yasmin Food\" \/>\n<meta property=\"article:publisher\" content=\"https:\/\/www.facebook.com\/yasminmarkt1\" \/>\n<meta property=\"article:modified_time\" content=\"2026-03-13T19:39:06+00:00\" \/>\n<meta property=\"og:image\" content=\"https:\/\/yasminfood.ch\/wp-content\/uploads\/2026\/03\/\u0628\u0627\u0630\u0646\u062c\u0627\u0646-\u0645\u062c\u0641\u0641-40-\u0642\u0637\u0639\u0629-\u0645\u0648\u0646\u0629-\u0632\u0645\u0627\u0646.png2_.png\" \/>\n\t<meta property=\"og:image:width\" content=\"1080\" \/>\n\t<meta property=\"og:image:height\" content=\"1080\" \/>\n\t<meta property=\"og:image:type\" content=\"image\/png\" \/>\n<meta name=\"twitter:card\" content=\"summary_large_image\" \/>\n<meta name=\"twitter:label1\" content=\"Preis\" \/>\n\t<meta name=\"twitter:data1\" content=\"8.50&nbsp;&#067;&#072;&#070;\" \/>\n\t<meta name=\"twitter:label2\" content=\"Verf\u00fcgbarkeit\" \/>\n\t<meta name=\"twitter:data2\" content=\"Auf Lager\" \/>\n<script type=\"application\/ld+json\" class=\"yoast-schema-graph\">{\"@context\":\"https:\\\/\\\/schema.org\",\"@graph\":[{\"@type\":\"WebPage\",\"@id\":\"https:\\\/\\\/yasminfood.ch\\\/de\\\/product\\\/getrocknete-aubergine-moona-zaman-40-stueck\\\/\",\"url\":\"https:\\\/\\\/yasminfood.ch\\\/de\\\/product\\\/getrocknete-aubergine-moona-zaman-40-stueck\\\/\",\"name\":\"Getrocknete Aubergine \u2013 Moona Zaman (40 St\u00fcck) - Yasmin Food\",\"isPartOf\":{\"@id\":\"https:\\\/\\\/yasminfood.ch\\\/de\\\/#website\"},\"primaryImageOfPage\":{\"@id\":\"https:\\\/\\\/yasminfood.ch\\\/de\\\/product\\\/getrocknete-aubergine-moona-zaman-40-stueck\\\/#primaryimage\"},\"image\":{\"@id\":\"https:\\\/\\\/yasminfood.ch\\\/de\\\/product\\\/getrocknete-aubergine-moona-zaman-40-stueck\\\/#primaryimage\"},\"thumbnailUrl\":\"https:\\\/\\\/yasminfood.ch\\\/wp-content\\\/uploads\\\/2026\\\/03\\\/\u0628\u0627\u0630\u0646\u062c\u0627\u0646-\u0645\u062c\u0641\u0641-40-\u0642\u0637\u0639\u0629-\u0645\u0648\u0646\u0629-\u0632\u0645\u0627\u0646.png2_.png\",\"datePublished\":\"2026-03-13T19:38:15+00:00\",\"dateModified\":\"2026-03-13T19:39:06+00:00\",\"description\":\"Sorgf\u00e4ltig getrocknet. Die kleinen Auberginenkerne werden sorgf\u00e4ltig ausgew\u00e4hlt, dann auf traditionelle Weise entleert und getrocknet, wobei ihre Qualit\u00e4t und ihr nat\u00fcrlicher Geschmack erhalten bleiben.\",\"breadcrumb\":{\"@id\":\"https:\\\/\\\/yasminfood.ch\\\/de\\\/product\\\/getrocknete-aubergine-moona-zaman-40-stueck\\\/#breadcrumb\"},\"inLanguage\":\"de\",\"potentialAction\":[{\"@type\":\"ReadAction\",\"target\":[\"https:\\\/\\\/yasminfood.ch\\\/de\\\/product\\\/getrocknete-aubergine-moona-zaman-40-stueck\\\/\"]}]},{\"@type\":\"ImageObject\",\"inLanguage\":\"de\",\"@id\":\"https:\\\/\\\/yasminfood.ch\\\/de\\\/product\\\/getrocknete-aubergine-moona-zaman-40-stueck\\\/#primaryimage\",\"url\":\"https:\\\/\\\/yasminfood.ch\\\/wp-content\\\/uploads\\\/2026\\\/03\\\/\u0628\u0627\u0630\u0646\u062c\u0627\u0646-\u0645\u062c\u0641\u0641-40-\u0642\u0637\u0639\u0629-\u0645\u0648\u0646\u0629-\u0632\u0645\u0627\u0646.png2_.png\",\"contentUrl\":\"https:\\\/\\\/yasminfood.ch\\\/wp-content\\\/uploads\\\/2026\\\/03\\\/\u0628\u0627\u0630\u0646\u062c\u0627\u0646-\u0645\u062c\u0641\u0641-40-\u0642\u0637\u0639\u0629-\u0645\u0648\u0646\u0629-\u0632\u0645\u0627\u0646.png2_.png\",\"width\":1080,\"height\":1080,\"caption\":\"Getrocknete Aubergine \u2013 Moona Zaman (40 St\u00fcck)\"},{\"@type\":\"BreadcrumbList\",\"@id\":\"https:\\\/\\\/yasminfood.ch\\\/de\\\/product\\\/getrocknete-aubergine-moona-zaman-40-stueck\\\/#breadcrumb\",\"itemListElement\":[{\"@type\":\"ListItem\",\"position\":1,\"name\":\"\u0627\u0644\u0631\u0626\u064a\u0633\u064a\u0629\",\"item\":\"https:\\\/\\\/yasminfood.ch\\\/de\\\/zuhause\\\/\"},{\"@type\":\"ListItem\",\"position\":2,\"name\":\"Shop\",\"item\":\"https:\\\/\\\/yasminfood.ch\\\/de\\\/shop\\\/\"},{\"@type\":\"ListItem\",\"position\":3,\"name\":\"Getrocknete Aubergine \u2013 Moona Zaman (40 St\u00fcck)\"}]},{\"@type\":\"WebSite\",\"@id\":\"https:\\\/\\\/yasminfood.ch\\\/de\\\/#website\",\"url\":\"https:\\\/\\\/yasminfood.ch\\\/de\\\/\",\"name\":\"\u064a\u0627\u0633\u0645\u064a\u0646 \u0645\u0627\u0631\u0643\u062a\",\"description\":\"Alles, was Sie brauchen, an einem Ort\",\"publisher\":{\"@id\":\"https:\\\/\\\/yasminfood.ch\\\/de\\\/#organization\"},\"alternateName\":\"Yasmin Food\",\"potentialAction\":[{\"@type\":\"SearchAction\",\"target\":{\"@type\":\"EntryPoint\",\"urlTemplate\":\"https:\\\/\\\/yasminfood.ch\\\/de\\\/?s={search_term_string}\"},\"query-input\":{\"@type\":\"PropertyValueSpecification\",\"valueRequired\":true,\"valueName\":\"search_term_string\"}}],\"inLanguage\":\"de\"},{\"@type\":\"Organization\",\"@id\":\"https:\\\/\\\/yasminfood.ch\\\/de\\\/#organization\",\"name\":\"\u064a\u0627\u0633\u0645\u064a\u0646 \u0645\u0627\u0631\u0643\u062a\",\"alternateName\":\"Yasmin Food\",\"url\":\"https:\\\/\\\/yasminfood.ch\\\/de\\\/\",\"logo\":{\"@type\":\"ImageObject\",\"inLanguage\":\"de\",\"@id\":\"https:\\\/\\\/yasminfood.ch\\\/de\\\/#\\\/schema\\\/logo\\\/image\\\/\",\"url\":\"https:\\\/\\\/yasminfood.ch\\\/wp-content\\\/uploads\\\/2025\\\/05\\\/yasmin-food-header-logo.png\",\"contentUrl\":\"https:\\\/\\\/yasminfood.ch\\\/wp-content\\\/uploads\\\/2025\\\/05\\\/yasmin-food-header-logo.png\",\"width\":330,\"height\":120,\"caption\":\"\u064a\u0627\u0633\u0645\u064a\u0646 \u0645\u0627\u0631\u0643\u062a\"},\"image\":{\"@id\":\"https:\\\/\\\/yasminfood.ch\\\/de\\\/#\\\/schema\\\/logo\\\/image\\\/\"},\"sameAs\":[\"https:\\\/\\\/www.facebook.com\\\/yasminmarkt1\",\"https:\\\/\\\/www.tiktok.com\\\/@yasminmarkt\",\"https:\\\/\\\/www.instagram.com\\\/yasmin.markt1\\\/\",\"https:\\\/\\\/api.whatsapp.com\\\/send\\\/?phone=41799000104\"],\"publishingPrinciples\":\"https:\\\/\\\/yasminfood.ch\\\/de\\\/shop\\\/\",\"ownershipFundingInfo\":\"https:\\\/\\\/yasminfood.ch\\\/de\\\/shop\\\/\"}]}<\/script>\n<meta property=\"product:price:amount\" content=\"8.50\" \/>\n<meta property=\"product:price:currency\" content=\"CHF\" \/>\n<meta property=\"og:availability\" content=\"instock\" \/>\n<meta property=\"product:availability\" content=\"instock\" \/>\n<meta property=\"product:condition\" content=\"new\" \/>\n<!-- \/ Yoast SEO Premium plugin. -->","yoast_head_json":{"title":"Getrocknete Aubergine \u2013 Moona Zaman (40 St\u00fcck) - Yasmin Food","description":"Sorgf\u00e4ltig getrocknet. Die kleinen Auberginenkerne werden sorgf\u00e4ltig ausgew\u00e4hlt, dann auf traditionelle Weise entleert und getrocknet, wobei ihre Qualit\u00e4t und ihr nat\u00fcrlicher Geschmack erhalten bleiben.","robots":{"index":"index","follow":"follow","max-snippet":"max-snippet:-1","max-image-preview":"max-image-preview:large","max-video-preview":"max-video-preview:-1"},"canonical":"https:\/\/yasminfood.ch\/de\/product\/getrocknete-aubergine-moona-zaman-40-stueck\/","og_locale":"de_DE","og_type":"article","og_title":"Getrocknete Aubergine \u2013 Moona Zaman (40 St\u00fcck)","og_description":"Getrocknete Aubergine \u2013 Moona Zaman (40 St\u00fcck)   Sorgf\u00e4ltig getrocknet. Kleine Auberginenkerne werden sorgf\u00e4ltig ausgew\u00e4hlt   Dann entleeren und trocknen Sie sie auf traditionelle Weise, die ihre Qualit\u00e4t und ihren nat\u00fcrlichen Geschmack bewahrt, sodass sie bereit sind, die k\u00f6stlichsten gef\u00fcllten Rezepte zuzubereiten.","og_url":"https:\/\/yasminfood.ch\/de\/product\/getrocknete-aubergine-moona-zaman-40-stueck\/","og_site_name":"Yasmin Food","article_publisher":"https:\/\/www.facebook.com\/yasminmarkt1","article_modified_time":"2026-03-13T19:39:06+00:00","og_image":[{"width":1080,"height":1080,"url":"https:\/\/yasminfood.ch\/wp-content\/uploads\/2026\/03\/\u0628\u0627\u0630\u0646\u062c\u0627\u0646-\u0645\u062c\u0641\u0641-40-\u0642\u0637\u0639\u0629-\u0645\u0648\u0646\u0629-\u0632\u0645\u0627\u0646.png2_.png","type":"image\/png"}],"twitter_card":"summary_large_image","twitter_misc":{"Preis":"8.50&nbsp;&#67;&#72;&#70;","Verf\u00fcgbarkeit":"Auf Lager"},"schema":{"@context":"https:\/\/schema.org","@graph":[{"@type":"WebPage","@id":"https:\/\/yasminfood.ch\/de\/product\/getrocknete-aubergine-moona-zaman-40-stueck\/","url":"https:\/\/yasminfood.ch\/de\/product\/getrocknete-aubergine-moona-zaman-40-stueck\/","name":"Getrocknete Aubergine \u2013 Moona Zaman (40 St\u00fcck) - Yasmin Food","isPartOf":{"@id":"https:\/\/yasminfood.ch\/de\/#website"},"primaryImageOfPage":{"@id":"https:\/\/yasminfood.ch\/de\/product\/getrocknete-aubergine-moona-zaman-40-stueck\/#primaryimage"},"image":{"@id":"https:\/\/yasminfood.ch\/de\/product\/getrocknete-aubergine-moona-zaman-40-stueck\/#primaryimage"},"thumbnailUrl":"https:\/\/yasminfood.ch\/wp-content\/uploads\/2026\/03\/\u0628\u0627\u0630\u0646\u062c\u0627\u0646-\u0645\u062c\u0641\u0641-40-\u0642\u0637\u0639\u0629-\u0645\u0648\u0646\u0629-\u0632\u0645\u0627\u0646.png2_.png","datePublished":"2026-03-13T19:38:15+00:00","dateModified":"2026-03-13T19:39:06+00:00","description":"Sorgf\u00e4ltig getrocknet. Die kleinen Auberginenkerne werden sorgf\u00e4ltig ausgew\u00e4hlt, dann auf traditionelle Weise entleert und getrocknet, wobei ihre Qualit\u00e4t und ihr nat\u00fcrlicher Geschmack erhalten bleiben.","breadcrumb":{"@id":"https:\/\/yasminfood.ch\/de\/product\/getrocknete-aubergine-moona-zaman-40-stueck\/#breadcrumb"},"inLanguage":"de","potentialAction":[{"@type":"ReadAction","target":["https:\/\/yasminfood.ch\/de\/product\/getrocknete-aubergine-moona-zaman-40-stueck\/"]}]},{"@type":"ImageObject","inLanguage":"de","@id":"https:\/\/yasminfood.ch\/de\/product\/getrocknete-aubergine-moona-zaman-40-stueck\/#primaryimage","url":"https:\/\/yasminfood.ch\/wp-content\/uploads\/2026\/03\/\u0628\u0627\u0630\u0646\u062c\u0627\u0646-\u0645\u062c\u0641\u0641-40-\u0642\u0637\u0639\u0629-\u0645\u0648\u0646\u0629-\u0632\u0645\u0627\u0646.png2_.png","contentUrl":"https:\/\/yasminfood.ch\/wp-content\/uploads\/2026\/03\/\u0628\u0627\u0630\u0646\u062c\u0627\u0646-\u0645\u062c\u0641\u0641-40-\u0642\u0637\u0639\u0629-\u0645\u0648\u0646\u0629-\u0632\u0645\u0627\u0646.png2_.png","width":1080,"height":1080,"caption":"Getrocknete Aubergine \u2013 Moona Zaman (40 St\u00fcck)"},{"@type":"BreadcrumbList","@id":"https:\/\/yasminfood.ch\/de\/product\/getrocknete-aubergine-moona-zaman-40-stueck\/#breadcrumb","itemListElement":[{"@type":"ListItem","position":1,"name":"\u0627\u0644\u0631\u0626\u064a\u0633\u064a\u0629","item":"https:\/\/yasminfood.ch\/de\/zuhause\/"},{"@type":"ListItem","position":2,"name":"Shop","item":"https:\/\/yasminfood.ch\/de\/shop\/"},{"@type":"ListItem","position":3,"name":"Getrocknete Aubergine \u2013 Moona Zaman (40 St\u00fcck)"}]},{"@type":"WebSite","@id":"https:\/\/yasminfood.ch\/de\/#website","url":"https:\/\/yasminfood.ch\/de\/","name":"\u064a\u0627\u0633\u0645\u064a\u0646 \u0645\u0627\u0631\u0643\u062a","description":"Alles, was Sie brauchen, an einem Ort","publisher":{"@id":"https:\/\/yasminfood.ch\/de\/#organization"},"alternateName":"Yasmin Food","potentialAction":[{"@type":"SearchAction","target":{"@type":"EntryPoint","urlTemplate":"https:\/\/yasminfood.ch\/de\/?s={search_term_string}"},"query-input":{"@type":"PropertyValueSpecification","valueRequired":true,"valueName":"search_term_string"}}],"inLanguage":"de"},{"@type":"Organization","@id":"https:\/\/yasminfood.ch\/de\/#organization","name":"\u064a\u0627\u0633\u0645\u064a\u0646 \u0645\u0627\u0631\u0643\u062a","alternateName":"Yasmin Food","url":"https:\/\/yasminfood.ch\/de\/","logo":{"@type":"ImageObject","inLanguage":"de","@id":"https:\/\/yasminfood.ch\/de\/#\/schema\/logo\/image\/","url":"https:\/\/yasminfood.ch\/wp-content\/uploads\/2025\/05\/yasmin-food-header-logo.png","contentUrl":"https:\/\/yasminfood.ch\/wp-content\/uploads\/2025\/05\/yasmin-food-header-logo.png","width":330,"height":120,"caption":"\u064a\u0627\u0633\u0645\u064a\u0646 \u0645\u0627\u0631\u0643\u062a"},"image":{"@id":"https:\/\/yasminfood.ch\/de\/#\/schema\/logo\/image\/"},"sameAs":["https:\/\/www.facebook.com\/yasminmarkt1","https:\/\/www.tiktok.com\/@yasminmarkt","https:\/\/www.instagram.com\/yasmin.markt1\/","https:\/\/api.whatsapp.com\/send\/?phone=41799000104"],"publishingPrinciples":"https:\/\/yasminfood.ch\/de\/shop\/","ownershipFundingInfo":"https:\/\/yasminfood.ch\/de\/shop\/"}]},"product_price_amount":"8.50","product_price_currency":"CHF","og_availability":"instock","product_availability":"instock","product_condition":"new"},"jetpack_sharing_enabled":true,"_links":{"self":[{"href":"https:\/\/yasminfood.ch\/de\/wp-json\/wp\/v2\/product\/122101","targetHints":{"allow":["GET"]}}],"collection":[{"href":"https:\/\/yasminfood.ch\/de\/wp-json\/wp\/v2\/product"}],"about":[{"href":"https:\/\/yasminfood.ch\/de\/wp-json\/wp\/v2\/types\/product"}],"replies":[{"embeddable":true,"href":"https:\/\/yasminfood.ch\/de\/wp-json\/wp\/v2\/comments?post=122101"}],"version-history":[{"count":0,"href":"https:\/\/yasminfood.ch\/de\/wp-json\/wp\/v2\/product\/122101\/revisions"}],"wp:featuredmedia":[{"embeddable":true,"href":"https:\/\/yasminfood.ch\/de\/wp-json\/wp\/v2\/media\/122102"}],"wp:attachment":[{"href":"https:\/\/yasminfood.ch\/de\/wp-json\/wp\/v2\/media?parent=122101"}],"wp:term":[{"taxonomy":"product_brand","embeddable":true,"href":"https:\/\/yasminfood.ch\/de\/wp-json\/wp\/v2\/product_brand?post=122101"},{"taxonomy":"product_cat","embeddable":true,"href":"https:\/\/yasminfood.ch\/de\/wp-json\/wp\/v2\/product_cat?post=122101"},{"taxonomy":"product_tag","embeddable":true,"href":"https:\/\/yasminfood.ch\/de\/wp-json\/wp\/v2\/product_tag?post=122101"}],"curies":[{"name":"wp","href":"https:\/\/api.w.org\/{rel}","templated":true}]}}