{"id":122127,"date":"2026-03-18T14:51:37","date_gmt":"2026-03-18T13:51:37","guid":{"rendered":"https:\/\/yasminfood.ch\/product\/dingo-banane-biscuits-12-pieces\/"},"modified":"2026-03-18T14:57:38","modified_gmt":"2026-03-18T13:57:38","slug":"dingo-banane-biscuits-12-pieces","status":"publish","type":"product","link":"https:\/\/yasminfood.ch\/de\/product\/dingo-banane-biscuits-12-pieces\/","title":{"rendered":"Dingo Banane Biscuits-12-Pieces"},"content":{"rendered":"<p><strong>Dingo Banane Biscuits-12-Pieces<\/strong><\/p>\n<ul>\n<li>\n<p data-start=\"51\" data-end=\"198\">Genie\u00dfen Sie ein k\u00f6stliches Erlebnis mit Dingo-Keksen, gef\u00fcllt mit reichhaltiger Bananencreme,<\/p>\n<\/li>\n<li>\n<p data-start=\"51\" data-end=\"198\">Die knusprige Textur trifft auf den nat\u00fcrlichen Geschmack von Bananen und bietet Ihnen den perfekten Snack f\u00fcr jederzeit.<\/p>\n<p data-start=\"200\" data-end=\"323\">\u2714\ufe0f Cremige F\u00fcllung mit einem k\u00f6stlichen Bananengeschmack<br data-start=\"232\" data-end=\"235\">\u2714\ufe0f Knusprige und leichte Kekse<br data-start=\"256\" data-end=\"259\">\u2714\ufe0f Geeignet f\u00fcr die ganze Familie<br data-start=\"287\" data-end=\"290\">\u2714\ufe0f Praktisches Paket mit 12 Teilen<\/p>\n<p data-start=\"325\" data-end=\"397\" data-is-last-node=\"\" data-is-only-node=\"\">\n<\/li>\n<\/ul>\n","protected":false},"excerpt":{"rendered":"<p><strong>Dingo Banane Biscuits-12-Pieces<\/strong><\/p>\n<ul>\n<li>\n<p data-start=\"51\" data-end=\"198\">Genie\u00dfen Sie ein k\u00f6stliches Erlebnis mit Dingo-Keksen, gef\u00fcllt mit reichhaltiger Bananencreme,<\/p>\n<\/li>\n<li>\n<p data-start=\"51\" data-end=\"198\">Die knusprige Textur trifft auf den nat\u00fcrlichen Geschmack von Bananen und bietet Ihnen den perfekten Snack f\u00fcr jederzeit.<\/p>\n<\/li>\n<\/ul>\n","protected":false},"featured_media":122128,"comment_status":"open","ping_status":"closed","template":"","meta":[],"product_brand":[],"product_cat":[297,305],"product_tag":[],"class_list":{"0":"post-122127","1":"product","2":"type-product","3":"status-publish","4":"has-post-thumbnail","6":"product_cat-dessert-chips-2","7":"product_cat-kekse","9":"first","10":"instock","11":"taxable","12":"shipping-taxable","13":"purchasable","14":"product-type-simple"},"yoast_head":"<!-- This site is optimized with the Yoast SEO Premium plugin v26.5 (Yoast SEO v27.5) - https:\/\/yoast.com\/product\/yoast-seo-premium-wordpress\/ -->\n<title>Dingo Banane Biscuits-12-Pieces - Yasmin Food<\/title>\n<meta name=\"description\" content=\"Dingo Banane Biscuits-12-Pieces Genie\u00dfen Sie ein k\u00f6stliches Erlebnis mit Dingo-Keksen, gef\u00fcllt mit reichhaltiger Bananencreme, bei der die knusprige Textur auf den nat\u00fcrlichen Bananengeschmack trifft\" \/>\n<meta name=\"robots\" content=\"index, follow, max-snippet:-1, max-image-preview:large, max-video-preview:-1\" \/>\n<link rel=\"canonical\" href=\"https:\/\/yasminfood.ch\/de\/product\/dingo-banane-biscuits-12-pieces\/\" \/>\n<meta property=\"og:locale\" content=\"de_DE\" \/>\n<meta property=\"og:type\" content=\"article\" \/>\n<meta property=\"og:title\" content=\"Dingo Banane Biscuits-12-Pieces\" \/>\n<meta property=\"og:description\" content=\"Dingo Banane Biscuits-12-Pieces   Genie\u00dfen Sie ein k\u00f6stliches Erlebnis mit Dingo-Keksen, gef\u00fcllt mit reichhaltiger Bananencreme,   Die knusprige Textur trifft auf den nat\u00fcrlichen Geschmack von Bananen und bietet Ihnen den perfekten Snack f\u00fcr jederzeit.\" \/>\n<meta property=\"og:url\" content=\"https:\/\/yasminfood.ch\/de\/product\/dingo-banane-biscuits-12-pieces\/\" \/>\n<meta property=\"og:site_name\" content=\"Yasmin Food\" \/>\n<meta property=\"article:publisher\" content=\"https:\/\/www.facebook.com\/yasminmarkt1\" \/>\n<meta property=\"article:modified_time\" content=\"2026-03-18T13:57:38+00:00\" \/>\n<meta property=\"og:image\" content=\"https:\/\/yasminfood.ch\/wp-content\/uploads\/2026\/03\/\u0628\u0633\u0643\u0648\u064a\u062a-\u062f\u064a\u0646\u063a\u0648-\u0628\u0627\u0644\u0645\u0648\u0632-12-\u0642\u0637\u0639\u0629.png\" \/>\n\t<meta property=\"og:image:width\" content=\"1080\" \/>\n\t<meta property=\"og:image:height\" content=\"1080\" \/>\n\t<meta property=\"og:image:type\" content=\"image\/png\" \/>\n<meta name=\"twitter:card\" content=\"summary_large_image\" \/>\n<meta name=\"twitter:label1\" content=\"Preis\" \/>\n\t<meta name=\"twitter:data1\" content=\"4.95&nbsp;&#067;&#072;&#070;\" \/>\n\t<meta name=\"twitter:label2\" content=\"Verf\u00fcgbarkeit\" \/>\n\t<meta name=\"twitter:data2\" content=\"Auf Lager\" \/>\n<script type=\"application\/ld+json\" class=\"yoast-schema-graph\">{\"@context\":\"https:\\\/\\\/schema.org\",\"@graph\":[{\"@type\":\"WebPage\",\"@id\":\"https:\\\/\\\/yasminfood.ch\\\/de\\\/product\\\/dingo-banane-biscuits-12-pieces\\\/\",\"url\":\"https:\\\/\\\/yasminfood.ch\\\/de\\\/product\\\/dingo-banane-biscuits-12-pieces\\\/\",\"name\":\"Dingo Banane Biscuits-12-Pieces - Yasmin Food\",\"isPartOf\":{\"@id\":\"https:\\\/\\\/yasminfood.ch\\\/de\\\/#website\"},\"primaryImageOfPage\":{\"@id\":\"https:\\\/\\\/yasminfood.ch\\\/de\\\/product\\\/dingo-banane-biscuits-12-pieces\\\/#primaryimage\"},\"image\":{\"@id\":\"https:\\\/\\\/yasminfood.ch\\\/de\\\/product\\\/dingo-banane-biscuits-12-pieces\\\/#primaryimage\"},\"thumbnailUrl\":\"https:\\\/\\\/yasminfood.ch\\\/wp-content\\\/uploads\\\/2026\\\/03\\\/\u0628\u0633\u0643\u0648\u064a\u062a-\u062f\u064a\u0646\u063a\u0648-\u0628\u0627\u0644\u0645\u0648\u0632-12-\u0642\u0637\u0639\u0629.png\",\"datePublished\":\"2026-03-18T13:51:37+00:00\",\"dateModified\":\"2026-03-18T13:57:38+00:00\",\"description\":\"Dingo Banane Biscuits-12-Pieces Genie\u00dfen Sie ein k\u00f6stliches Erlebnis mit Dingo-Keksen, gef\u00fcllt mit reichhaltiger Bananencreme, bei der die knusprige Textur auf den nat\u00fcrlichen Bananengeschmack trifft\",\"breadcrumb\":{\"@id\":\"https:\\\/\\\/yasminfood.ch\\\/de\\\/product\\\/dingo-banane-biscuits-12-pieces\\\/#breadcrumb\"},\"inLanguage\":\"de\",\"potentialAction\":[{\"@type\":\"ReadAction\",\"target\":[\"https:\\\/\\\/yasminfood.ch\\\/de\\\/product\\\/dingo-banane-biscuits-12-pieces\\\/\"]}]},{\"@type\":\"ImageObject\",\"inLanguage\":\"de\",\"@id\":\"https:\\\/\\\/yasminfood.ch\\\/de\\\/product\\\/dingo-banane-biscuits-12-pieces\\\/#primaryimage\",\"url\":\"https:\\\/\\\/yasminfood.ch\\\/wp-content\\\/uploads\\\/2026\\\/03\\\/\u0628\u0633\u0643\u0648\u064a\u062a-\u062f\u064a\u0646\u063a\u0648-\u0628\u0627\u0644\u0645\u0648\u0632-12-\u0642\u0637\u0639\u0629.png\",\"contentUrl\":\"https:\\\/\\\/yasminfood.ch\\\/wp-content\\\/uploads\\\/2026\\\/03\\\/\u0628\u0633\u0643\u0648\u064a\u062a-\u062f\u064a\u0646\u063a\u0648-\u0628\u0627\u0644\u0645\u0648\u0632-12-\u0642\u0637\u0639\u0629.png\",\"width\":1080,\"height\":1080,\"caption\":\"Dingo Banane Biscuits-12-Pieces\"},{\"@type\":\"BreadcrumbList\",\"@id\":\"https:\\\/\\\/yasminfood.ch\\\/de\\\/product\\\/dingo-banane-biscuits-12-pieces\\\/#breadcrumb\",\"itemListElement\":[{\"@type\":\"ListItem\",\"position\":1,\"name\":\"\u0627\u0644\u0631\u0626\u064a\u0633\u064a\u0629\",\"item\":\"https:\\\/\\\/yasminfood.ch\\\/de\\\/zuhause\\\/\"},{\"@type\":\"ListItem\",\"position\":2,\"name\":\"Shop\",\"item\":\"https:\\\/\\\/yasminfood.ch\\\/de\\\/shop\\\/\"},{\"@type\":\"ListItem\",\"position\":3,\"name\":\"Dessert &amp; Chips\",\"item\":\"https:\\\/\\\/yasminfood.ch\\\/de\\\/produkt-kategorie\\\/dessert-chips-2\\\/\"},{\"@type\":\"ListItem\",\"position\":4,\"name\":\"Kekse\",\"item\":\"https:\\\/\\\/yasminfood.ch\\\/de\\\/produkt-kategorie\\\/dessert-chips-2\\\/kekse\\\/\"},{\"@type\":\"ListItem\",\"position\":5,\"name\":\"Dingo Banane Biscuits-12-Pieces\"}]},{\"@type\":\"WebSite\",\"@id\":\"https:\\\/\\\/yasminfood.ch\\\/de\\\/#website\",\"url\":\"https:\\\/\\\/yasminfood.ch\\\/de\\\/\",\"name\":\"\u064a\u0627\u0633\u0645\u064a\u0646 \u0645\u0627\u0631\u0643\u062a\",\"description\":\"Alles, was Sie brauchen, an einem Ort\",\"publisher\":{\"@id\":\"https:\\\/\\\/yasminfood.ch\\\/de\\\/#organization\"},\"alternateName\":\"Yasmin Food\",\"potentialAction\":[{\"@type\":\"SearchAction\",\"target\":{\"@type\":\"EntryPoint\",\"urlTemplate\":\"https:\\\/\\\/yasminfood.ch\\\/de\\\/?s={search_term_string}\"},\"query-input\":{\"@type\":\"PropertyValueSpecification\",\"valueRequired\":true,\"valueName\":\"search_term_string\"}}],\"inLanguage\":\"de\"},{\"@type\":\"Organization\",\"@id\":\"https:\\\/\\\/yasminfood.ch\\\/de\\\/#organization\",\"name\":\"\u064a\u0627\u0633\u0645\u064a\u0646 \u0645\u0627\u0631\u0643\u062a\",\"alternateName\":\"Yasmin Food\",\"url\":\"https:\\\/\\\/yasminfood.ch\\\/de\\\/\",\"logo\":{\"@type\":\"ImageObject\",\"inLanguage\":\"de\",\"@id\":\"https:\\\/\\\/yasminfood.ch\\\/de\\\/#\\\/schema\\\/logo\\\/image\\\/\",\"url\":\"https:\\\/\\\/yasminfood.ch\\\/wp-content\\\/uploads\\\/2025\\\/05\\\/yasmin-food-header-logo.png\",\"contentUrl\":\"https:\\\/\\\/yasminfood.ch\\\/wp-content\\\/uploads\\\/2025\\\/05\\\/yasmin-food-header-logo.png\",\"width\":330,\"height\":120,\"caption\":\"\u064a\u0627\u0633\u0645\u064a\u0646 \u0645\u0627\u0631\u0643\u062a\"},\"image\":{\"@id\":\"https:\\\/\\\/yasminfood.ch\\\/de\\\/#\\\/schema\\\/logo\\\/image\\\/\"},\"sameAs\":[\"https:\\\/\\\/www.facebook.com\\\/yasminmarkt1\",\"https:\\\/\\\/www.tiktok.com\\\/@yasminmarkt\",\"https:\\\/\\\/www.instagram.com\\\/yasmin.markt1\\\/\",\"https:\\\/\\\/api.whatsapp.com\\\/send\\\/?phone=41799000104\"],\"publishingPrinciples\":\"https:\\\/\\\/yasminfood.ch\\\/de\\\/shop\\\/\",\"ownershipFundingInfo\":\"https:\\\/\\\/yasminfood.ch\\\/de\\\/shop\\\/\"}]}<\/script>\n<meta property=\"product:price:amount\" content=\"4.95\" \/>\n<meta property=\"product:price:currency\" content=\"CHF\" \/>\n<meta property=\"og:availability\" content=\"instock\" \/>\n<meta property=\"product:availability\" content=\"instock\" \/>\n<meta property=\"product:condition\" content=\"new\" \/>\n<!-- \/ Yoast SEO Premium plugin. -->","yoast_head_json":{"title":"Dingo Banane Biscuits-12-Pieces - Yasmin Food","description":"Dingo Banane Biscuits-12-Pieces Genie\u00dfen Sie ein k\u00f6stliches Erlebnis mit Dingo-Keksen, gef\u00fcllt mit reichhaltiger Bananencreme, bei der die knusprige Textur auf den nat\u00fcrlichen Bananengeschmack trifft","robots":{"index":"index","follow":"follow","max-snippet":"max-snippet:-1","max-image-preview":"max-image-preview:large","max-video-preview":"max-video-preview:-1"},"canonical":"https:\/\/yasminfood.ch\/de\/product\/dingo-banane-biscuits-12-pieces\/","og_locale":"de_DE","og_type":"article","og_title":"Dingo Banane Biscuits-12-Pieces","og_description":"Dingo Banane Biscuits-12-Pieces   Genie\u00dfen Sie ein k\u00f6stliches Erlebnis mit Dingo-Keksen, gef\u00fcllt mit reichhaltiger Bananencreme,   Die knusprige Textur trifft auf den nat\u00fcrlichen Geschmack von Bananen und bietet Ihnen den perfekten Snack f\u00fcr jederzeit.","og_url":"https:\/\/yasminfood.ch\/de\/product\/dingo-banane-biscuits-12-pieces\/","og_site_name":"Yasmin Food","article_publisher":"https:\/\/www.facebook.com\/yasminmarkt1","article_modified_time":"2026-03-18T13:57:38+00:00","og_image":[{"width":1080,"height":1080,"url":"https:\/\/yasminfood.ch\/wp-content\/uploads\/2026\/03\/\u0628\u0633\u0643\u0648\u064a\u062a-\u062f\u064a\u0646\u063a\u0648-\u0628\u0627\u0644\u0645\u0648\u0632-12-\u0642\u0637\u0639\u0629.png","type":"image\/png"}],"twitter_card":"summary_large_image","twitter_misc":{"Preis":"4.95&nbsp;&#67;&#72;&#70;","Verf\u00fcgbarkeit":"Auf Lager"},"schema":{"@context":"https:\/\/schema.org","@graph":[{"@type":"WebPage","@id":"https:\/\/yasminfood.ch\/de\/product\/dingo-banane-biscuits-12-pieces\/","url":"https:\/\/yasminfood.ch\/de\/product\/dingo-banane-biscuits-12-pieces\/","name":"Dingo Banane Biscuits-12-Pieces - Yasmin Food","isPartOf":{"@id":"https:\/\/yasminfood.ch\/de\/#website"},"primaryImageOfPage":{"@id":"https:\/\/yasminfood.ch\/de\/product\/dingo-banane-biscuits-12-pieces\/#primaryimage"},"image":{"@id":"https:\/\/yasminfood.ch\/de\/product\/dingo-banane-biscuits-12-pieces\/#primaryimage"},"thumbnailUrl":"https:\/\/yasminfood.ch\/wp-content\/uploads\/2026\/03\/\u0628\u0633\u0643\u0648\u064a\u062a-\u062f\u064a\u0646\u063a\u0648-\u0628\u0627\u0644\u0645\u0648\u0632-12-\u0642\u0637\u0639\u0629.png","datePublished":"2026-03-18T13:51:37+00:00","dateModified":"2026-03-18T13:57:38+00:00","description":"Dingo Banane Biscuits-12-Pieces Genie\u00dfen Sie ein k\u00f6stliches Erlebnis mit Dingo-Keksen, gef\u00fcllt mit reichhaltiger Bananencreme, bei der die knusprige Textur auf den nat\u00fcrlichen Bananengeschmack trifft","breadcrumb":{"@id":"https:\/\/yasminfood.ch\/de\/product\/dingo-banane-biscuits-12-pieces\/#breadcrumb"},"inLanguage":"de","potentialAction":[{"@type":"ReadAction","target":["https:\/\/yasminfood.ch\/de\/product\/dingo-banane-biscuits-12-pieces\/"]}]},{"@type":"ImageObject","inLanguage":"de","@id":"https:\/\/yasminfood.ch\/de\/product\/dingo-banane-biscuits-12-pieces\/#primaryimage","url":"https:\/\/yasminfood.ch\/wp-content\/uploads\/2026\/03\/\u0628\u0633\u0643\u0648\u064a\u062a-\u062f\u064a\u0646\u063a\u0648-\u0628\u0627\u0644\u0645\u0648\u0632-12-\u0642\u0637\u0639\u0629.png","contentUrl":"https:\/\/yasminfood.ch\/wp-content\/uploads\/2026\/03\/\u0628\u0633\u0643\u0648\u064a\u062a-\u062f\u064a\u0646\u063a\u0648-\u0628\u0627\u0644\u0645\u0648\u0632-12-\u0642\u0637\u0639\u0629.png","width":1080,"height":1080,"caption":"Dingo Banane Biscuits-12-Pieces"},{"@type":"BreadcrumbList","@id":"https:\/\/yasminfood.ch\/de\/product\/dingo-banane-biscuits-12-pieces\/#breadcrumb","itemListElement":[{"@type":"ListItem","position":1,"name":"\u0627\u0644\u0631\u0626\u064a\u0633\u064a\u0629","item":"https:\/\/yasminfood.ch\/de\/zuhause\/"},{"@type":"ListItem","position":2,"name":"Shop","item":"https:\/\/yasminfood.ch\/de\/shop\/"},{"@type":"ListItem","position":3,"name":"Dessert &amp; Chips","item":"https:\/\/yasminfood.ch\/de\/produkt-kategorie\/dessert-chips-2\/"},{"@type":"ListItem","position":4,"name":"Kekse","item":"https:\/\/yasminfood.ch\/de\/produkt-kategorie\/dessert-chips-2\/kekse\/"},{"@type":"ListItem","position":5,"name":"Dingo Banane Biscuits-12-Pieces"}]},{"@type":"WebSite","@id":"https:\/\/yasminfood.ch\/de\/#website","url":"https:\/\/yasminfood.ch\/de\/","name":"\u064a\u0627\u0633\u0645\u064a\u0646 \u0645\u0627\u0631\u0643\u062a","description":"Alles, was Sie brauchen, an einem Ort","publisher":{"@id":"https:\/\/yasminfood.ch\/de\/#organization"},"alternateName":"Yasmin Food","potentialAction":[{"@type":"SearchAction","target":{"@type":"EntryPoint","urlTemplate":"https:\/\/yasminfood.ch\/de\/?s={search_term_string}"},"query-input":{"@type":"PropertyValueSpecification","valueRequired":true,"valueName":"search_term_string"}}],"inLanguage":"de"},{"@type":"Organization","@id":"https:\/\/yasminfood.ch\/de\/#organization","name":"\u064a\u0627\u0633\u0645\u064a\u0646 \u0645\u0627\u0631\u0643\u062a","alternateName":"Yasmin Food","url":"https:\/\/yasminfood.ch\/de\/","logo":{"@type":"ImageObject","inLanguage":"de","@id":"https:\/\/yasminfood.ch\/de\/#\/schema\/logo\/image\/","url":"https:\/\/yasminfood.ch\/wp-content\/uploads\/2025\/05\/yasmin-food-header-logo.png","contentUrl":"https:\/\/yasminfood.ch\/wp-content\/uploads\/2025\/05\/yasmin-food-header-logo.png","width":330,"height":120,"caption":"\u064a\u0627\u0633\u0645\u064a\u0646 \u0645\u0627\u0631\u0643\u062a"},"image":{"@id":"https:\/\/yasminfood.ch\/de\/#\/schema\/logo\/image\/"},"sameAs":["https:\/\/www.facebook.com\/yasminmarkt1","https:\/\/www.tiktok.com\/@yasminmarkt","https:\/\/www.instagram.com\/yasmin.markt1\/","https:\/\/api.whatsapp.com\/send\/?phone=41799000104"],"publishingPrinciples":"https:\/\/yasminfood.ch\/de\/shop\/","ownershipFundingInfo":"https:\/\/yasminfood.ch\/de\/shop\/"}]},"product_price_amount":"4.95","product_price_currency":"CHF","og_availability":"instock","product_availability":"instock","product_condition":"new"},"jetpack_sharing_enabled":true,"_links":{"self":[{"href":"https:\/\/yasminfood.ch\/de\/wp-json\/wp\/v2\/product\/122127","targetHints":{"allow":["GET"]}}],"collection":[{"href":"https:\/\/yasminfood.ch\/de\/wp-json\/wp\/v2\/product"}],"about":[{"href":"https:\/\/yasminfood.ch\/de\/wp-json\/wp\/v2\/types\/product"}],"replies":[{"embeddable":true,"href":"https:\/\/yasminfood.ch\/de\/wp-json\/wp\/v2\/comments?post=122127"}],"version-history":[{"count":0,"href":"https:\/\/yasminfood.ch\/de\/wp-json\/wp\/v2\/product\/122127\/revisions"}],"wp:featuredmedia":[{"embeddable":true,"href":"https:\/\/yasminfood.ch\/de\/wp-json\/wp\/v2\/media\/122128"}],"wp:attachment":[{"href":"https:\/\/yasminfood.ch\/de\/wp-json\/wp\/v2\/media?parent=122127"}],"wp:term":[{"taxonomy":"product_brand","embeddable":true,"href":"https:\/\/yasminfood.ch\/de\/wp-json\/wp\/v2\/product_brand?post=122127"},{"taxonomy":"product_cat","embeddable":true,"href":"https:\/\/yasminfood.ch\/de\/wp-json\/wp\/v2\/product_cat?post=122127"},{"taxonomy":"product_tag","embeddable":true,"href":"https:\/\/yasminfood.ch\/de\/wp-json\/wp\/v2\/product_tag?post=122127"}],"curies":[{"name":"wp","href":"https:\/\/api.w.org\/{rel}","templated":true}]}}