{"id":122190,"date":"2026-03-31T11:38:56","date_gmt":"2026-03-31T09:38:56","guid":{"rendered":"https:\/\/yasminfood.ch\/product\/weisse-bohnen-900g-khairat-afrin\/"},"modified":"2026-03-31T11:52:56","modified_gmt":"2026-03-31T09:52:56","slug":"weisse-bohnen-900g-khairat-afrin","status":"publish","type":"product","link":"https:\/\/yasminfood.ch\/de\/product\/weisse-bohnen-900g-khairat-afrin\/","title":{"rendered":"Wei\u00dfe Bohnen 900g \u2013 Khairat Afrin"},"content":{"rendered":"<p><strong>Wei\u00dfe Bohnen 900g \u2013 Khairat Afrin<\/strong><\/p>\n<div class=\"flex flex-col text-sm pb-25\">\n<section class=\"text-token-text-primary w-full focus:outline-none [--shadow-height:45px] has-data-writing-block:pointer-events-none has-data-writing-block:-mt-(--shadow-height) has-data-writing-block:pt-(--shadow-height) [&amp;:has([data-writing-block])&gt;*]:pointer-events-auto scroll-mt-[calc(var(--header-height)+min(200px,max(70px,20svh)))]\" dir=\"auto\" data-turn-id=\"request-WEB:591df59a-d6b5-4a38-83b5-31018fed51d2-0\" data-testid=\"conversation-turn-2\" data-scroll-anchor=\"true\" data-turn=\"assistant\">\n<div class=\"text-base my-auto mx-auto pb-10 [--thread-content-margin:var(--thread-content-margin-xs,calc(var(--spacing)*4))] @w-sm\/main:[--thread-content-margin:var(--thread-content-margin-sm,calc(var(--spacing)*6))] @w-lg\/main:[--thread-content-margin:var(--thread-content-margin-lg,calc(var(--spacing)*16))] px-(--thread-content-margin)\">\n<div class=\"[--thread-content-max-width:40rem] @w-lg\/main:[--thread-content-max-width:48rem] mx-auto max-w-(--thread-content-max-width) flex-1 group\/turn-messages focus-visible:outline-hidden relative flex w-full min-w-0 flex-col agent-turn\">\n<div class=\"flex max-w-full flex-col gap-4 grow\">\n<div class=\"min-h-8 text-message relative flex w-full flex-col items-end gap-2 text-start break-words whitespace-normal outline-none keyboard-focused:focus-ring [.text-message+&amp;]:mt-1\" dir=\"auto\" tabindex=\"0\" data-message-author-role=\"assistant\" data-message-id=\"5b15680b-b06a-446b-b96a-14cdbf4dd548\" data-message-model-slug=\"gpt-5-3\" data-turn-start-message=\"true\">\n<div class=\"flex w-full flex-col gap-1 empty:hidden\">\n<div class=\"markdown prose dark:prose-invert w-full wrap-break-word light markdown-new-styling\">\n<ul>\n<li data-start=\"49\" data-end=\"213\">Hochwertige wei\u00dfe Bohnen der Marke <strong data-start=\"85\" data-end=\"100\">Khairat Afrin<\/strong>,<\/li>\n<li data-start=\"49\" data-end=\"213\">Sorgf\u00e4ltig ausgew\u00e4hlt, um Ihnen einen reichhaltigen Geschmack und einen ausgezeichneten N\u00e4hrwert zu bieten.<\/li>\n<li data-start=\"49\" data-end=\"213\">Ideal f\u00fcr die Zubereitung einer Vielzahl traditioneller und moderner Gerichte.<\/li>\n<\/ul>\n<p data-start=\"215\" data-end=\"228\"><strong data-start=\"215\" data-end=\"228\">Funktionen:<\/strong><\/p>\n<ul data-start=\"229\" data-end=\"352\">\n<li data-section-id=\"1kuy18y\" data-start=\"229\" data-end=\"259\">Sorgf\u00e4ltig homogene und saubere K\u00f6rner<\/li>\n<li data-section-id=\"j8jiiz\" data-start=\"260\" data-end=\"287\">Reich an Eiwei\u00df und Ballaststoffen<\/li>\n<li data-section-id=\"1o80635\" data-start=\"288\" data-end=\"317\">Leicht zu kochen und schnell zuzubereiten<\/li>\n<li data-section-id=\"1k0w29o\" data-start=\"318\" data-end=\"352\">Geeignet f\u00fcr gesunde Ern\u00e4hrung<\/li>\n<\/ul>\n<p data-start=\"354\" data-end=\"431\"><strong data-start=\"354\" data-end=\"370\">Verwendungen:<\/strong><br \/>\nPerfekt f\u00fcr gekochte Bohnen, Suppen, Eint\u00f6pfe und Salate. <\/p>\n<p data-start=\"433\" data-end=\"452\"><strong data-start=\"433\" data-end=\"443\">Gewicht:<\/strong><br \/>\n900 g<\/p>\n<p data-start=\"454\" data-end=\"508\"><strong data-start=\"454\" data-end=\"466\">Lagerung:<\/strong><br \/>\nLagern Sie an einem k\u00fchlen, trockenen Ort, fernab von Feuchtigkeit.<\/p>\n<p data-start=\"510\" data-end=\"561\" data-is-last-node=\"\" data-is-only-node=\"\">Eine ausgezeichnete Wahl f\u00fcr jede K\u00fcche, die authentische Qualit\u00e4t und Geschmack sucht.<\/p>\n<\/div>\n<\/div>\n<\/div>\n<\/div>\n<div class=\"z-0 flex min-h-[46px] justify-start\"><\/div>\n<\/div>\n<\/div>\n<\/section>\n<\/div>\n<div class=\"pointer-events-none h-px w-px absolute bottom-0\" aria-hidden=\"true\" data-edge=\"true\"><\/div>\n","protected":false},"excerpt":{"rendered":"<p><strong>Wei\u00dfe Bohnen 900g \u2013 Khairat Afrin<\/strong><\/p>\n<div class=\"flex flex-col text-sm pb-25\">\n<section class=\"text-token-text-primary w-full focus:outline-none [--shadow-height:45px] has-data-writing-block:pointer-events-none has-data-writing-block:-mt-(--shadow-height) has-data-writing-block:pt-(--shadow-height) [&amp;:has([data-writing-block])&gt;*]:pointer-events-auto scroll-mt-[calc(var(--header-height)+min(200px,max(70px,20svh)))]\" dir=\"auto\" data-turn-id=\"request-WEB:591df59a-d6b5-4a38-83b5-31018fed51d2-0\" data-testid=\"conversation-turn-2\" data-scroll-anchor=\"true\" data-turn=\"assistant\">\n<div class=\"text-base my-auto mx-auto pb-10 [--thread-content-margin:var(--thread-content-margin-xs,calc(var(--spacing)*4))] @w-sm\/main:[--thread-content-margin:var(--thread-content-margin-sm,calc(var(--spacing)*6))] @w-lg\/main:[--thread-content-margin:var(--thread-content-margin-lg,calc(var(--spacing)*16))] px-(--thread-content-margin)\">\n<div class=\"[--thread-content-max-width:40rem] @w-lg\/main:[--thread-content-max-width:48rem] mx-auto max-w-(--thread-content-max-width) flex-1 group\/turn-messages focus-visible:outline-hidden relative flex w-full min-w-0 flex-col agent-turn\">\n<div class=\"flex max-w-full flex-col gap-4 grow\">\n<div class=\"min-h-8 text-message relative flex w-full flex-col items-end gap-2 text-start break-words whitespace-normal outline-none keyboard-focused:focus-ring [.text-message+&amp;]:mt-1\" dir=\"auto\" tabindex=\"0\" data-message-author-role=\"assistant\" data-message-id=\"5b15680b-b06a-446b-b96a-14cdbf4dd548\" data-message-model-slug=\"gpt-5-3\" data-turn-start-message=\"true\">\n<div class=\"flex w-full flex-col gap-1 empty:hidden\">\n<div class=\"markdown prose dark:prose-invert w-full wrap-break-word light markdown-new-styling\">\n<ul>\n<li data-start=\"49\" data-end=\"213\">Hochwertige wei\u00dfe Bohnen der Marke <strong data-start=\"85\" data-end=\"100\">Khairat Afrin<\/strong>,<\/li>\n<li data-start=\"49\" data-end=\"213\">Sorgf\u00e4ltig ausgew\u00e4hlt, um Ihnen einen reichhaltigen Geschmack und einen ausgezeichneten N\u00e4hrwert zu bieten.<\/li>\n<li data-start=\"49\" data-end=\"213\">Ideal f\u00fcr die Zubereitung einer Vielzahl traditioneller und moderner Gerichte.<\/li>\n<\/ul>\n<p data-start=\"215\" data-end=\"228\">\n<\/div>\n<\/div>\n<\/div>\n<\/div>\n<\/div>\n<\/div>\n<\/section>\n<\/div>\n","protected":false},"featured_media":122191,"comment_status":"open","ping_status":"closed","template":"","meta":[],"product_brand":[],"product_cat":[320,345],"product_tag":[],"class_list":{"0":"post-122190","1":"product","2":"type-product","3":"status-publish","4":"has-post-thumbnail","6":"product_cat-reis-getreide","7":"product_cat-rohe-bohnen","9":"first","10":"instock","11":"taxable","12":"shipping-taxable","13":"purchasable","14":"product-type-simple"},"yoast_head":"<!-- This site is optimized with the Yoast SEO Premium plugin v26.5 (Yoast SEO v27.6) - https:\/\/yoast.com\/product\/yoast-seo-premium-wordpress\/ -->\n<title>Wei\u00dfe Bohnen 900g \u2013 Khairat Afrin - Yasmin Food<\/title>\n<meta name=\"description\" content=\"Hochwertige wei\u00dfe Bohnen aus Khairat Afrin, sorgf\u00e4ltig ausgew\u00e4hlt, um Ihnen einen reichhaltigen Geschmack und einen hervorragenden N\u00e4hrwert zu verleihen.\" \/>\n<meta name=\"robots\" content=\"index, follow, max-snippet:-1, max-image-preview:large, max-video-preview:-1\" \/>\n<link rel=\"canonical\" href=\"https:\/\/yasminfood.ch\/de\/product\/weisse-bohnen-900g-khairat-afrin\/\" \/>\n<meta property=\"og:locale\" content=\"de_DE\" \/>\n<meta property=\"og:type\" content=\"article\" \/>\n<meta property=\"og:title\" content=\"Wei\u00dfe Bohnen 900g \u2013 Khairat Afrin\" \/>\n<meta property=\"og:description\" content=\"Wei\u00dfe Bohnen 900g \u2013 Khairat Afrin      Hochwertige wei\u00dfe Bohnen der Marke Khairat Afrin,  Sorgf\u00e4ltig ausgew\u00e4hlt, um Ihnen einen reichhaltigen Geschmack und einen ausgezeichneten N\u00e4hrwert zu bieten.  Ideal f\u00fcr die Zubereitung einer Vielzahl traditioneller und moderner Gerichte.\" \/>\n<meta property=\"og:url\" content=\"https:\/\/yasminfood.ch\/de\/product\/weisse-bohnen-900g-khairat-afrin\/\" \/>\n<meta property=\"og:site_name\" content=\"Yasmin Food\" \/>\n<meta property=\"article:publisher\" content=\"https:\/\/www.facebook.com\/yasminmarkt1\" \/>\n<meta property=\"article:modified_time\" content=\"2026-03-31T09:52:56+00:00\" \/>\n<meta property=\"og:image\" content=\"https:\/\/yasminfood.ch\/wp-content\/uploads\/2026\/03\/\u0641\u0627\u0635\u0648\u0644\u064a\u0627-\u062d\u0628-900\u0639-\u062e\u064a\u0631\u0627\u062a-\u0639\u0641\u0631\u064a\u0646.png\" \/>\n\t<meta property=\"og:image:width\" content=\"1080\" \/>\n\t<meta property=\"og:image:height\" content=\"1080\" \/>\n\t<meta property=\"og:image:type\" content=\"image\/png\" \/>\n<meta name=\"twitter:card\" content=\"summary_large_image\" \/>\n<meta name=\"twitter:label1\" content=\"Preis\" \/>\n\t<meta name=\"twitter:data1\" content=\"5.50&nbsp;&#067;&#072;&#070;\" \/>\n\t<meta name=\"twitter:label2\" content=\"Verf\u00fcgbarkeit\" \/>\n\t<meta name=\"twitter:data2\" content=\"Auf Lager\" \/>\n<script type=\"application\/ld+json\" class=\"yoast-schema-graph\">{\"@context\":\"https:\\\/\\\/schema.org\",\"@graph\":[{\"@type\":\"WebPage\",\"@id\":\"https:\\\/\\\/yasminfood.ch\\\/de\\\/product\\\/weisse-bohnen-900g-khairat-afrin\\\/\",\"url\":\"https:\\\/\\\/yasminfood.ch\\\/de\\\/product\\\/weisse-bohnen-900g-khairat-afrin\\\/\",\"name\":\"Wei\u00dfe Bohnen 900g \u2013 Khairat Afrin - Yasmin Food\",\"isPartOf\":{\"@id\":\"https:\\\/\\\/yasminfood.ch\\\/de\\\/#website\"},\"primaryImageOfPage\":{\"@id\":\"https:\\\/\\\/yasminfood.ch\\\/de\\\/product\\\/weisse-bohnen-900g-khairat-afrin\\\/#primaryimage\"},\"image\":{\"@id\":\"https:\\\/\\\/yasminfood.ch\\\/de\\\/product\\\/weisse-bohnen-900g-khairat-afrin\\\/#primaryimage\"},\"thumbnailUrl\":\"https:\\\/\\\/yasminfood.ch\\\/wp-content\\\/uploads\\\/2026\\\/03\\\/\u0641\u0627\u0635\u0648\u0644\u064a\u0627-\u062d\u0628-900\u0639-\u062e\u064a\u0631\u0627\u062a-\u0639\u0641\u0631\u064a\u0646.png\",\"datePublished\":\"2026-03-31T09:38:56+00:00\",\"dateModified\":\"2026-03-31T09:52:56+00:00\",\"description\":\"Hochwertige wei\u00dfe Bohnen aus Khairat Afrin, sorgf\u00e4ltig ausgew\u00e4hlt, um Ihnen einen reichhaltigen Geschmack und einen hervorragenden N\u00e4hrwert zu verleihen.\",\"breadcrumb\":{\"@id\":\"https:\\\/\\\/yasminfood.ch\\\/de\\\/product\\\/weisse-bohnen-900g-khairat-afrin\\\/#breadcrumb\"},\"inLanguage\":\"de\",\"potentialAction\":[{\"@type\":\"ReadAction\",\"target\":[\"https:\\\/\\\/yasminfood.ch\\\/de\\\/product\\\/weisse-bohnen-900g-khairat-afrin\\\/\"]}]},{\"@type\":\"ImageObject\",\"inLanguage\":\"de\",\"@id\":\"https:\\\/\\\/yasminfood.ch\\\/de\\\/product\\\/weisse-bohnen-900g-khairat-afrin\\\/#primaryimage\",\"url\":\"https:\\\/\\\/yasminfood.ch\\\/wp-content\\\/uploads\\\/2026\\\/03\\\/\u0641\u0627\u0635\u0648\u0644\u064a\u0627-\u062d\u0628-900\u0639-\u062e\u064a\u0631\u0627\u062a-\u0639\u0641\u0631\u064a\u0646.png\",\"contentUrl\":\"https:\\\/\\\/yasminfood.ch\\\/wp-content\\\/uploads\\\/2026\\\/03\\\/\u0641\u0627\u0635\u0648\u0644\u064a\u0627-\u062d\u0628-900\u0639-\u062e\u064a\u0631\u0627\u062a-\u0639\u0641\u0631\u064a\u0646.png\",\"width\":1080,\"height\":1080,\"caption\":\"Wei\u00dfe Bohnen 900g \u2013 Khairat Afrin\"},{\"@type\":\"BreadcrumbList\",\"@id\":\"https:\\\/\\\/yasminfood.ch\\\/de\\\/product\\\/weisse-bohnen-900g-khairat-afrin\\\/#breadcrumb\",\"itemListElement\":[{\"@type\":\"ListItem\",\"position\":1,\"name\":\"\u0627\u0644\u0631\u0626\u064a\u0633\u064a\u0629\",\"item\":\"https:\\\/\\\/yasminfood.ch\\\/de\\\/zuhause\\\/\"},{\"@type\":\"ListItem\",\"position\":2,\"name\":\"Shop\",\"item\":\"https:\\\/\\\/yasminfood.ch\\\/de\\\/shop\\\/\"},{\"@type\":\"ListItem\",\"position\":3,\"name\":\"Wei\u00dfe Bohnen 900g \u2013 Khairat Afrin\"}]},{\"@type\":\"WebSite\",\"@id\":\"https:\\\/\\\/yasminfood.ch\\\/de\\\/#website\",\"url\":\"https:\\\/\\\/yasminfood.ch\\\/de\\\/\",\"name\":\"\u064a\u0627\u0633\u0645\u064a\u0646 \u0645\u0627\u0631\u0643\u062a\",\"description\":\"Alles, was Sie brauchen, an einem Ort\",\"publisher\":{\"@id\":\"https:\\\/\\\/yasminfood.ch\\\/de\\\/#organization\"},\"alternateName\":\"Yasmin Food\",\"potentialAction\":[{\"@type\":\"SearchAction\",\"target\":{\"@type\":\"EntryPoint\",\"urlTemplate\":\"https:\\\/\\\/yasminfood.ch\\\/de\\\/?s={search_term_string}\"},\"query-input\":{\"@type\":\"PropertyValueSpecification\",\"valueRequired\":true,\"valueName\":\"search_term_string\"}}],\"inLanguage\":\"de\"},{\"@type\":\"Organization\",\"@id\":\"https:\\\/\\\/yasminfood.ch\\\/de\\\/#organization\",\"name\":\"\u064a\u0627\u0633\u0645\u064a\u0646 \u0645\u0627\u0631\u0643\u062a\",\"alternateName\":\"Yasmin Food\",\"url\":\"https:\\\/\\\/yasminfood.ch\\\/de\\\/\",\"logo\":{\"@type\":\"ImageObject\",\"inLanguage\":\"de\",\"@id\":\"https:\\\/\\\/yasminfood.ch\\\/de\\\/#\\\/schema\\\/logo\\\/image\\\/\",\"url\":\"https:\\\/\\\/yasminfood.ch\\\/wp-content\\\/uploads\\\/2025\\\/05\\\/yasmin-food-header-logo.png\",\"contentUrl\":\"https:\\\/\\\/yasminfood.ch\\\/wp-content\\\/uploads\\\/2025\\\/05\\\/yasmin-food-header-logo.png\",\"width\":330,\"height\":120,\"caption\":\"\u064a\u0627\u0633\u0645\u064a\u0646 \u0645\u0627\u0631\u0643\u062a\"},\"image\":{\"@id\":\"https:\\\/\\\/yasminfood.ch\\\/de\\\/#\\\/schema\\\/logo\\\/image\\\/\"},\"sameAs\":[\"https:\\\/\\\/www.facebook.com\\\/yasminmarkt1\",\"https:\\\/\\\/www.tiktok.com\\\/@yasminmarkt\",\"https:\\\/\\\/www.instagram.com\\\/yasmin.markt1\\\/\",\"https:\\\/\\\/api.whatsapp.com\\\/send\\\/?phone=41799000104\"],\"publishingPrinciples\":\"https:\\\/\\\/yasminfood.ch\\\/de\\\/shop\\\/\",\"ownershipFundingInfo\":\"https:\\\/\\\/yasminfood.ch\\\/de\\\/shop\\\/\"}]}<\/script>\n<meta property=\"product:price:amount\" content=\"5.50\" \/>\n<meta property=\"product:price:currency\" content=\"CHF\" \/>\n<meta property=\"og:availability\" content=\"instock\" \/>\n<meta property=\"product:availability\" content=\"instock\" \/>\n<meta property=\"product:condition\" content=\"new\" \/>\n<!-- \/ Yoast SEO Premium plugin. -->","yoast_head_json":{"title":"Wei\u00dfe Bohnen 900g \u2013 Khairat Afrin - Yasmin Food","description":"Hochwertige wei\u00dfe Bohnen aus Khairat Afrin, sorgf\u00e4ltig ausgew\u00e4hlt, um Ihnen einen reichhaltigen Geschmack und einen hervorragenden N\u00e4hrwert zu verleihen.","robots":{"index":"index","follow":"follow","max-snippet":"max-snippet:-1","max-image-preview":"max-image-preview:large","max-video-preview":"max-video-preview:-1"},"canonical":"https:\/\/yasminfood.ch\/de\/product\/weisse-bohnen-900g-khairat-afrin\/","og_locale":"de_DE","og_type":"article","og_title":"Wei\u00dfe Bohnen 900g \u2013 Khairat Afrin","og_description":"Wei\u00dfe Bohnen 900g \u2013 Khairat Afrin      Hochwertige wei\u00dfe Bohnen der Marke Khairat Afrin,  Sorgf\u00e4ltig ausgew\u00e4hlt, um Ihnen einen reichhaltigen Geschmack und einen ausgezeichneten N\u00e4hrwert zu bieten.  Ideal f\u00fcr die Zubereitung einer Vielzahl traditioneller und moderner Gerichte.","og_url":"https:\/\/yasminfood.ch\/de\/product\/weisse-bohnen-900g-khairat-afrin\/","og_site_name":"Yasmin Food","article_publisher":"https:\/\/www.facebook.com\/yasminmarkt1","article_modified_time":"2026-03-31T09:52:56+00:00","og_image":[{"width":1080,"height":1080,"url":"https:\/\/yasminfood.ch\/wp-content\/uploads\/2026\/03\/\u0641\u0627\u0635\u0648\u0644\u064a\u0627-\u062d\u0628-900\u0639-\u062e\u064a\u0631\u0627\u062a-\u0639\u0641\u0631\u064a\u0646.png","type":"image\/png"}],"twitter_card":"summary_large_image","twitter_misc":{"Preis":"5.50&nbsp;&#67;&#72;&#70;","Verf\u00fcgbarkeit":"Auf Lager"},"schema":{"@context":"https:\/\/schema.org","@graph":[{"@type":"WebPage","@id":"https:\/\/yasminfood.ch\/de\/product\/weisse-bohnen-900g-khairat-afrin\/","url":"https:\/\/yasminfood.ch\/de\/product\/weisse-bohnen-900g-khairat-afrin\/","name":"Wei\u00dfe Bohnen 900g \u2013 Khairat Afrin - Yasmin Food","isPartOf":{"@id":"https:\/\/yasminfood.ch\/de\/#website"},"primaryImageOfPage":{"@id":"https:\/\/yasminfood.ch\/de\/product\/weisse-bohnen-900g-khairat-afrin\/#primaryimage"},"image":{"@id":"https:\/\/yasminfood.ch\/de\/product\/weisse-bohnen-900g-khairat-afrin\/#primaryimage"},"thumbnailUrl":"https:\/\/yasminfood.ch\/wp-content\/uploads\/2026\/03\/\u0641\u0627\u0635\u0648\u0644\u064a\u0627-\u062d\u0628-900\u0639-\u062e\u064a\u0631\u0627\u062a-\u0639\u0641\u0631\u064a\u0646.png","datePublished":"2026-03-31T09:38:56+00:00","dateModified":"2026-03-31T09:52:56+00:00","description":"Hochwertige wei\u00dfe Bohnen aus Khairat Afrin, sorgf\u00e4ltig ausgew\u00e4hlt, um Ihnen einen reichhaltigen Geschmack und einen hervorragenden N\u00e4hrwert zu verleihen.","breadcrumb":{"@id":"https:\/\/yasminfood.ch\/de\/product\/weisse-bohnen-900g-khairat-afrin\/#breadcrumb"},"inLanguage":"de","potentialAction":[{"@type":"ReadAction","target":["https:\/\/yasminfood.ch\/de\/product\/weisse-bohnen-900g-khairat-afrin\/"]}]},{"@type":"ImageObject","inLanguage":"de","@id":"https:\/\/yasminfood.ch\/de\/product\/weisse-bohnen-900g-khairat-afrin\/#primaryimage","url":"https:\/\/yasminfood.ch\/wp-content\/uploads\/2026\/03\/\u0641\u0627\u0635\u0648\u0644\u064a\u0627-\u062d\u0628-900\u0639-\u062e\u064a\u0631\u0627\u062a-\u0639\u0641\u0631\u064a\u0646.png","contentUrl":"https:\/\/yasminfood.ch\/wp-content\/uploads\/2026\/03\/\u0641\u0627\u0635\u0648\u0644\u064a\u0627-\u062d\u0628-900\u0639-\u062e\u064a\u0631\u0627\u062a-\u0639\u0641\u0631\u064a\u0646.png","width":1080,"height":1080,"caption":"Wei\u00dfe Bohnen 900g \u2013 Khairat Afrin"},{"@type":"BreadcrumbList","@id":"https:\/\/yasminfood.ch\/de\/product\/weisse-bohnen-900g-khairat-afrin\/#breadcrumb","itemListElement":[{"@type":"ListItem","position":1,"name":"\u0627\u0644\u0631\u0626\u064a\u0633\u064a\u0629","item":"https:\/\/yasminfood.ch\/de\/zuhause\/"},{"@type":"ListItem","position":2,"name":"Shop","item":"https:\/\/yasminfood.ch\/de\/shop\/"},{"@type":"ListItem","position":3,"name":"Wei\u00dfe Bohnen 900g \u2013 Khairat Afrin"}]},{"@type":"WebSite","@id":"https:\/\/yasminfood.ch\/de\/#website","url":"https:\/\/yasminfood.ch\/de\/","name":"\u064a\u0627\u0633\u0645\u064a\u0646 \u0645\u0627\u0631\u0643\u062a","description":"Alles, was Sie brauchen, an einem Ort","publisher":{"@id":"https:\/\/yasminfood.ch\/de\/#organization"},"alternateName":"Yasmin Food","potentialAction":[{"@type":"SearchAction","target":{"@type":"EntryPoint","urlTemplate":"https:\/\/yasminfood.ch\/de\/?s={search_term_string}"},"query-input":{"@type":"PropertyValueSpecification","valueRequired":true,"valueName":"search_term_string"}}],"inLanguage":"de"},{"@type":"Organization","@id":"https:\/\/yasminfood.ch\/de\/#organization","name":"\u064a\u0627\u0633\u0645\u064a\u0646 \u0645\u0627\u0631\u0643\u062a","alternateName":"Yasmin Food","url":"https:\/\/yasminfood.ch\/de\/","logo":{"@type":"ImageObject","inLanguage":"de","@id":"https:\/\/yasminfood.ch\/de\/#\/schema\/logo\/image\/","url":"https:\/\/yasminfood.ch\/wp-content\/uploads\/2025\/05\/yasmin-food-header-logo.png","contentUrl":"https:\/\/yasminfood.ch\/wp-content\/uploads\/2025\/05\/yasmin-food-header-logo.png","width":330,"height":120,"caption":"\u064a\u0627\u0633\u0645\u064a\u0646 \u0645\u0627\u0631\u0643\u062a"},"image":{"@id":"https:\/\/yasminfood.ch\/de\/#\/schema\/logo\/image\/"},"sameAs":["https:\/\/www.facebook.com\/yasminmarkt1","https:\/\/www.tiktok.com\/@yasminmarkt","https:\/\/www.instagram.com\/yasmin.markt1\/","https:\/\/api.whatsapp.com\/send\/?phone=41799000104"],"publishingPrinciples":"https:\/\/yasminfood.ch\/de\/shop\/","ownershipFundingInfo":"https:\/\/yasminfood.ch\/de\/shop\/"}]},"product_price_amount":"5.50","product_price_currency":"CHF","og_availability":"instock","product_availability":"instock","product_condition":"new"},"jetpack_sharing_enabled":true,"_links":{"self":[{"href":"https:\/\/yasminfood.ch\/de\/wp-json\/wp\/v2\/product\/122190","targetHints":{"allow":["GET"]}}],"collection":[{"href":"https:\/\/yasminfood.ch\/de\/wp-json\/wp\/v2\/product"}],"about":[{"href":"https:\/\/yasminfood.ch\/de\/wp-json\/wp\/v2\/types\/product"}],"replies":[{"embeddable":true,"href":"https:\/\/yasminfood.ch\/de\/wp-json\/wp\/v2\/comments?post=122190"}],"version-history":[{"count":0,"href":"https:\/\/yasminfood.ch\/de\/wp-json\/wp\/v2\/product\/122190\/revisions"}],"wp:featuredmedia":[{"embeddable":true,"href":"https:\/\/yasminfood.ch\/de\/wp-json\/wp\/v2\/media\/122191"}],"wp:attachment":[{"href":"https:\/\/yasminfood.ch\/de\/wp-json\/wp\/v2\/media?parent=122190"}],"wp:term":[{"taxonomy":"product_brand","embeddable":true,"href":"https:\/\/yasminfood.ch\/de\/wp-json\/wp\/v2\/product_brand?post=122190"},{"taxonomy":"product_cat","embeddable":true,"href":"https:\/\/yasminfood.ch\/de\/wp-json\/wp\/v2\/product_cat?post=122190"},{"taxonomy":"product_tag","embeddable":true,"href":"https:\/\/yasminfood.ch\/de\/wp-json\/wp\/v2\/product_tag?post=122190"}],"curies":[{"name":"wp","href":"https:\/\/api.w.org\/{rel}","templated":true}]}}