{"id":122199,"date":"2026-03-31T11:45:21","date_gmt":"2026-03-31T09:45:21","guid":{"rendered":"https:\/\/yasminfood.ch\/product\/grober-bulgur-900g-khairat-afrin\/"},"modified":"2026-03-31T11:53:04","modified_gmt":"2026-03-31T09:53:04","slug":"grober-bulgur-900g-khairat-afrin","status":"publish","type":"product","link":"https:\/\/yasminfood.ch\/de\/product\/grober-bulgur-900g-khairat-afrin\/","title":{"rendered":"Grober Bulgur 900g \u2013 Khairat Afrin"},"content":{"rendered":"<p><strong>Grober Bulgur 900g \u2013 Khairat Afrin<\/strong><\/p>\n<div class=\"flex flex-col text-sm pb-25\">\n<section class=\"text-token-text-primary w-full focus:outline-none [--shadow-height:45px] has-data-writing-block:pointer-events-none has-data-writing-block:-mt-(--shadow-height) has-data-writing-block:pt-(--shadow-height) [&amp;:has([data-writing-block])&gt;*]:pointer-events-auto scroll-mt-[calc(var(--header-height)+min(200px,max(70px,20svh)))]\" dir=\"auto\" data-turn-id=\"request-WEB:591df59a-d6b5-4a38-83b5-31018fed51d2-2\" data-testid=\"conversation-turn-6\" data-scroll-anchor=\"true\" data-turn=\"assistant\">\n<div class=\"text-base my-auto mx-auto pb-10 [--thread-content-margin:var(--thread-content-margin-xs,calc(var(--spacing)*4))] @w-sm\/main:[--thread-content-margin:var(--thread-content-margin-sm,calc(var(--spacing)*6))] @w-lg\/main:[--thread-content-margin:var(--thread-content-margin-lg,calc(var(--spacing)*16))] px-(--thread-content-margin)\">\n<div class=\"[--thread-content-max-width:40rem] @w-lg\/main:[--thread-content-max-width:48rem] mx-auto max-w-(--thread-content-max-width) flex-1 group\/turn-messages focus-visible:outline-hidden relative flex w-full min-w-0 flex-col agent-turn\">\n<div class=\"flex max-w-full flex-col gap-4 grow\">\n<div class=\"min-h-8 text-message relative flex w-full flex-col items-end gap-2 text-start break-words whitespace-normal outline-none keyboard-focused:focus-ring [.text-message+&amp;]:mt-1\" dir=\"auto\" tabindex=\"0\" data-message-author-role=\"assistant\" data-message-id=\"5d496abb-2c9a-4ca5-9e09-f0a401f364a6\" data-message-model-slug=\"gpt-5-3\" data-turn-start-message=\"true\">\n<div class=\"flex w-full flex-col gap-1 empty:hidden\">\n<div class=\"markdown prose dark:prose-invert w-full wrap-break-word light markdown-new-styling\">\n<ul>\n<li data-start=\"44\" data-end=\"168\">Hochwertiges grobes Bulgur von der Marke <strong data-start=\"74\" data-end=\"89\">Khairat Afrin<\/strong>,<\/li>\n<li data-start=\"44\" data-end=\"168\">Hergestellt mit sorgf\u00e4ltig ausgew\u00e4hltem Weizen, verleiht es jedem Mahl einen authentischen Geschmack und einen N\u00e4hrwert. <\/li>\n<\/ul>\n<p data-start=\"170\" data-end=\"183\"><strong data-start=\"170\" data-end=\"183\">Funktionen:<\/strong><\/p>\n<ul data-start=\"184\" data-end=\"303\">\n<li data-section-id=\"y7q681\" data-start=\"184\" data-end=\"207\">Homogene und saubere K\u00f6rner<\/li>\n<li data-section-id=\"1h3284i\" data-start=\"208\" data-end=\"242\">Reich an Ballaststoffen und N\u00e4hrstoffen<\/li>\n<li data-section-id=\"gg7l9z\" data-start=\"243\" data-end=\"275\">Perfekte Textur f\u00fcr traditionelle Gerichte<\/li>\n<li data-section-id=\"1bbt29d\" data-start=\"276\" data-end=\"303\">Leicht zuzubereiten und schnell zu kochen<\/li>\n<\/ul>\n<p data-start=\"305\" data-end=\"404\"><strong data-start=\"305\" data-end=\"321\">Verwendungen:<\/strong><br \/>\nPerfekt zur Zubereitung von Kibbeh, Tabbouleh, Tomaten-Bulgur, Eint\u00f6pfen und verschiedenen orientalischen Gerichten.  <\/p>\n<p data-start=\"406\" data-end=\"427\"><strong data-start=\"406\" data-end=\"416\">Gewicht:<\/strong><br \/>\n900 g<\/p>\n<p data-start=\"429\" data-end=\"483\"><strong data-start=\"429\" data-end=\"441\">Lagerung:<\/strong><br \/>\nLagern Sie an einem k\u00fchlen, trockenen Ort, fernab von Feuchtigkeit.<\/p>\n<p data-start=\"485\" data-end=\"523\" data-is-last-node=\"\" data-is-only-node=\"\">Eine einfache Wahl f\u00fcr eine gesunde K\u00fcche mit authentischem traditionellem Geschmack.<\/p>\n<\/div>\n<\/div>\n<\/div>\n<\/div>\n<div class=\"z-0 flex min-h-[46px] justify-start\"><\/div>\n<\/div>\n<\/div>\n<\/section>\n<\/div>\n<div class=\"pointer-events-none h-px w-px absolute bottom-0\" aria-hidden=\"true\" data-edge=\"true\"><\/div>\n","protected":false},"excerpt":{"rendered":"<p><strong>Grober Bulgur 900g \u2013 Khairat Afrin<\/strong><\/p>\n<div class=\"flex flex-col text-sm pb-25\">\n<section class=\"text-token-text-primary w-full focus:outline-none [--shadow-height:45px] has-data-writing-block:pointer-events-none has-data-writing-block:-mt-(--shadow-height) has-data-writing-block:pt-(--shadow-height) [&amp;:has([data-writing-block])&gt;*]:pointer-events-auto scroll-mt-[calc(var(--header-height)+min(200px,max(70px,20svh)))]\" dir=\"auto\" data-turn-id=\"request-WEB:591df59a-d6b5-4a38-83b5-31018fed51d2-2\" data-testid=\"conversation-turn-6\" data-scroll-anchor=\"true\" data-turn=\"assistant\">\n<div class=\"text-base my-auto mx-auto pb-10 [--thread-content-margin:var(--thread-content-margin-xs,calc(var(--spacing)*4))] @w-sm\/main:[--thread-content-margin:var(--thread-content-margin-sm,calc(var(--spacing)*6))] @w-lg\/main:[--thread-content-margin:var(--thread-content-margin-lg,calc(var(--spacing)*16))] px-(--thread-content-margin)\">\n<div class=\"[--thread-content-max-width:40rem] @w-lg\/main:[--thread-content-max-width:48rem] mx-auto max-w-(--thread-content-max-width) flex-1 group\/turn-messages focus-visible:outline-hidden relative flex w-full min-w-0 flex-col agent-turn\">\n<div class=\"flex max-w-full flex-col gap-4 grow\">\n<div class=\"min-h-8 text-message relative flex w-full flex-col items-end gap-2 text-start break-words whitespace-normal outline-none keyboard-focused:focus-ring [.text-message+&amp;]:mt-1\" dir=\"auto\" tabindex=\"0\" data-message-author-role=\"assistant\" data-message-id=\"5d496abb-2c9a-4ca5-9e09-f0a401f364a6\" data-message-model-slug=\"gpt-5-3\" data-turn-start-message=\"true\">\n<div class=\"flex w-full flex-col gap-1 empty:hidden\">\n<div class=\"markdown prose dark:prose-invert w-full wrap-break-word light markdown-new-styling\">\n<ul>\n<li data-start=\"44\" data-end=\"168\">Hochwertiges grobes Bulgur von der Marke <strong data-start=\"74\" data-end=\"89\">Khairat Afrin<\/strong>,<\/li>\n<li data-start=\"44\" data-end=\"168\">Hergestellt mit sorgf\u00e4ltig ausgew\u00e4hltem Weizen, verleiht es jedem Mahl einen authentischen Geschmack und einen N\u00e4hrwert. <\/li>\n<\/ul>\n<p data-start=\"170\" data-end=\"183\">\n<\/div>\n<\/div>\n<\/div>\n<\/div>\n<\/div>\n<\/div>\n<\/section>\n<\/div>\n","protected":false},"featured_media":122192,"comment_status":"open","ping_status":"closed","template":"","meta":[],"product_brand":[],"product_cat":[323,320],"product_tag":[],"class_list":{"0":"post-122199","1":"product","2":"type-product","3":"status-publish","4":"has-post-thumbnail","6":"product_cat-bulgur-de","7":"product_cat-reis-getreide","9":"first","10":"instock","11":"taxable","12":"shipping-taxable","13":"purchasable","14":"product-type-simple"},"yoast_head":"<!-- This site is optimized with the Yoast SEO Premium plugin v26.5 (Yoast SEO v27.6) - https:\/\/yoast.com\/product\/yoast-seo-premium-wordpress\/ -->\n<title>Grober Bulgur 900g \u2013 Khairat Afrin - Yasmin Food<\/title>\n<meta name=\"description\" content=\"Hochwertiges grobes Bulgur der Marke Khairat Afrin, hergestellt aus sorgf\u00e4ltig ausgew\u00e4hltem Weizen, um jedem Essen einen authentischen Geschmack und einen besonderen N\u00e4hrwert zu verleihen.\" \/>\n<meta name=\"robots\" content=\"index, follow, max-snippet:-1, max-image-preview:large, max-video-preview:-1\" \/>\n<link rel=\"canonical\" href=\"https:\/\/yasminfood.ch\/de\/product\/grober-bulgur-900g-khairat-afrin\/\" \/>\n<meta property=\"og:locale\" content=\"de_DE\" \/>\n<meta property=\"og:type\" content=\"article\" \/>\n<meta property=\"og:title\" content=\"Grober Bulgur 900g \u2013 Khairat Afrin\" \/>\n<meta property=\"og:description\" content=\"Grober Bulgur 900g \u2013 Khairat Afrin      Hochwertiges grobes Bulgur von der Marke Khairat Afrin,  Hergestellt mit sorgf\u00e4ltig ausgew\u00e4hltem Weizen, verleiht es jedem Mahl einen authentischen Geschmack und einen N\u00e4hrwert.\" \/>\n<meta property=\"og:url\" content=\"https:\/\/yasminfood.ch\/de\/product\/grober-bulgur-900g-khairat-afrin\/\" \/>\n<meta property=\"og:site_name\" content=\"Yasmin Food\" \/>\n<meta property=\"article:publisher\" content=\"https:\/\/www.facebook.com\/yasminmarkt1\" \/>\n<meta property=\"article:modified_time\" content=\"2026-03-31T09:53:04+00:00\" \/>\n<meta property=\"og:image\" content=\"https:\/\/yasminfood.ch\/wp-content\/uploads\/2026\/03\/\u0628\u0631\u063a\u0644-\u062e\u0634\u0646-900\u063a-\u062e\u064a\u0631\u0627\u062a-\u0639\u0641\u0631\u064a\u0646.png\" \/>\n\t<meta property=\"og:image:width\" content=\"1080\" \/>\n\t<meta property=\"og:image:height\" content=\"1080\" \/>\n\t<meta property=\"og:image:type\" content=\"image\/png\" \/>\n<meta name=\"twitter:card\" content=\"summary_large_image\" \/>\n<meta name=\"twitter:label1\" content=\"Preis\" \/>\n\t<meta name=\"twitter:data1\" content=\"3.95&nbsp;&#067;&#072;&#070;\" \/>\n\t<meta name=\"twitter:label2\" content=\"Verf\u00fcgbarkeit\" \/>\n\t<meta name=\"twitter:data2\" content=\"Auf Lager\" \/>\n<script type=\"application\/ld+json\" class=\"yoast-schema-graph\">{\"@context\":\"https:\\\/\\\/schema.org\",\"@graph\":[{\"@type\":\"WebPage\",\"@id\":\"https:\\\/\\\/yasminfood.ch\\\/de\\\/product\\\/grober-bulgur-900g-khairat-afrin\\\/\",\"url\":\"https:\\\/\\\/yasminfood.ch\\\/de\\\/product\\\/grober-bulgur-900g-khairat-afrin\\\/\",\"name\":\"Grober Bulgur 900g \u2013 Khairat Afrin - Yasmin Food\",\"isPartOf\":{\"@id\":\"https:\\\/\\\/yasminfood.ch\\\/de\\\/#website\"},\"primaryImageOfPage\":{\"@id\":\"https:\\\/\\\/yasminfood.ch\\\/de\\\/product\\\/grober-bulgur-900g-khairat-afrin\\\/#primaryimage\"},\"image\":{\"@id\":\"https:\\\/\\\/yasminfood.ch\\\/de\\\/product\\\/grober-bulgur-900g-khairat-afrin\\\/#primaryimage\"},\"thumbnailUrl\":\"https:\\\/\\\/yasminfood.ch\\\/wp-content\\\/uploads\\\/2026\\\/03\\\/\u0628\u0631\u063a\u0644-\u062e\u0634\u0646-900\u063a-\u062e\u064a\u0631\u0627\u062a-\u0639\u0641\u0631\u064a\u0646.png\",\"datePublished\":\"2026-03-31T09:45:21+00:00\",\"dateModified\":\"2026-03-31T09:53:04+00:00\",\"description\":\"Hochwertiges grobes Bulgur der Marke Khairat Afrin, hergestellt aus sorgf\u00e4ltig ausgew\u00e4hltem Weizen, um jedem Essen einen authentischen Geschmack und einen besonderen N\u00e4hrwert zu verleihen.\",\"breadcrumb\":{\"@id\":\"https:\\\/\\\/yasminfood.ch\\\/de\\\/product\\\/grober-bulgur-900g-khairat-afrin\\\/#breadcrumb\"},\"inLanguage\":\"de\",\"potentialAction\":[{\"@type\":\"ReadAction\",\"target\":[\"https:\\\/\\\/yasminfood.ch\\\/de\\\/product\\\/grober-bulgur-900g-khairat-afrin\\\/\"]}]},{\"@type\":\"ImageObject\",\"inLanguage\":\"de\",\"@id\":\"https:\\\/\\\/yasminfood.ch\\\/de\\\/product\\\/grober-bulgur-900g-khairat-afrin\\\/#primaryimage\",\"url\":\"https:\\\/\\\/yasminfood.ch\\\/wp-content\\\/uploads\\\/2026\\\/03\\\/\u0628\u0631\u063a\u0644-\u062e\u0634\u0646-900\u063a-\u062e\u064a\u0631\u0627\u062a-\u0639\u0641\u0631\u064a\u0646.png\",\"contentUrl\":\"https:\\\/\\\/yasminfood.ch\\\/wp-content\\\/uploads\\\/2026\\\/03\\\/\u0628\u0631\u063a\u0644-\u062e\u0634\u0646-900\u063a-\u062e\u064a\u0631\u0627\u062a-\u0639\u0641\u0631\u064a\u0646.png\",\"width\":1080,\"height\":1080,\"caption\":\"Grober Bulgur 900g \u2013 Khairat Afrin\"},{\"@type\":\"BreadcrumbList\",\"@id\":\"https:\\\/\\\/yasminfood.ch\\\/de\\\/product\\\/grober-bulgur-900g-khairat-afrin\\\/#breadcrumb\",\"itemListElement\":[{\"@type\":\"ListItem\",\"position\":1,\"name\":\"\u0627\u0644\u0631\u0626\u064a\u0633\u064a\u0629\",\"item\":\"https:\\\/\\\/yasminfood.ch\\\/de\\\/zuhause\\\/\"},{\"@type\":\"ListItem\",\"position\":2,\"name\":\"Shop\",\"item\":\"https:\\\/\\\/yasminfood.ch\\\/de\\\/shop\\\/\"},{\"@type\":\"ListItem\",\"position\":3,\"name\":\"Reis &amp; Getreide\",\"item\":\"https:\\\/\\\/yasminfood.ch\\\/de\\\/produkt-kategorie\\\/reis-getreide\\\/\"},{\"@type\":\"ListItem\",\"position\":4,\"name\":\"Grober Bulgur 900g \u2013 Khairat Afrin\"}]},{\"@type\":\"WebSite\",\"@id\":\"https:\\\/\\\/yasminfood.ch\\\/de\\\/#website\",\"url\":\"https:\\\/\\\/yasminfood.ch\\\/de\\\/\",\"name\":\"\u064a\u0627\u0633\u0645\u064a\u0646 \u0645\u0627\u0631\u0643\u062a\",\"description\":\"Alles, was Sie brauchen, an einem Ort\",\"publisher\":{\"@id\":\"https:\\\/\\\/yasminfood.ch\\\/de\\\/#organization\"},\"alternateName\":\"Yasmin Food\",\"potentialAction\":[{\"@type\":\"SearchAction\",\"target\":{\"@type\":\"EntryPoint\",\"urlTemplate\":\"https:\\\/\\\/yasminfood.ch\\\/de\\\/?s={search_term_string}\"},\"query-input\":{\"@type\":\"PropertyValueSpecification\",\"valueRequired\":true,\"valueName\":\"search_term_string\"}}],\"inLanguage\":\"de\"},{\"@type\":\"Organization\",\"@id\":\"https:\\\/\\\/yasminfood.ch\\\/de\\\/#organization\",\"name\":\"\u064a\u0627\u0633\u0645\u064a\u0646 \u0645\u0627\u0631\u0643\u062a\",\"alternateName\":\"Yasmin Food\",\"url\":\"https:\\\/\\\/yasminfood.ch\\\/de\\\/\",\"logo\":{\"@type\":\"ImageObject\",\"inLanguage\":\"de\",\"@id\":\"https:\\\/\\\/yasminfood.ch\\\/de\\\/#\\\/schema\\\/logo\\\/image\\\/\",\"url\":\"https:\\\/\\\/yasminfood.ch\\\/wp-content\\\/uploads\\\/2025\\\/05\\\/yasmin-food-header-logo.png\",\"contentUrl\":\"https:\\\/\\\/yasminfood.ch\\\/wp-content\\\/uploads\\\/2025\\\/05\\\/yasmin-food-header-logo.png\",\"width\":330,\"height\":120,\"caption\":\"\u064a\u0627\u0633\u0645\u064a\u0646 \u0645\u0627\u0631\u0643\u062a\"},\"image\":{\"@id\":\"https:\\\/\\\/yasminfood.ch\\\/de\\\/#\\\/schema\\\/logo\\\/image\\\/\"},\"sameAs\":[\"https:\\\/\\\/www.facebook.com\\\/yasminmarkt1\",\"https:\\\/\\\/www.tiktok.com\\\/@yasminmarkt\",\"https:\\\/\\\/www.instagram.com\\\/yasmin.markt1\\\/\",\"https:\\\/\\\/api.whatsapp.com\\\/send\\\/?phone=41799000104\"],\"publishingPrinciples\":\"https:\\\/\\\/yasminfood.ch\\\/de\\\/shop\\\/\",\"ownershipFundingInfo\":\"https:\\\/\\\/yasminfood.ch\\\/de\\\/shop\\\/\"}]}<\/script>\n<meta property=\"product:price:amount\" content=\"3.95\" \/>\n<meta property=\"product:price:currency\" content=\"CHF\" \/>\n<meta property=\"og:availability\" content=\"instock\" \/>\n<meta property=\"product:availability\" content=\"instock\" \/>\n<meta property=\"product:condition\" content=\"new\" \/>\n<!-- \/ Yoast SEO Premium plugin. -->","yoast_head_json":{"title":"Grober Bulgur 900g \u2013 Khairat Afrin - Yasmin Food","description":"Hochwertiges grobes Bulgur der Marke Khairat Afrin, hergestellt aus sorgf\u00e4ltig ausgew\u00e4hltem Weizen, um jedem Essen einen authentischen Geschmack und einen besonderen N\u00e4hrwert zu verleihen.","robots":{"index":"index","follow":"follow","max-snippet":"max-snippet:-1","max-image-preview":"max-image-preview:large","max-video-preview":"max-video-preview:-1"},"canonical":"https:\/\/yasminfood.ch\/de\/product\/grober-bulgur-900g-khairat-afrin\/","og_locale":"de_DE","og_type":"article","og_title":"Grober Bulgur 900g \u2013 Khairat Afrin","og_description":"Grober Bulgur 900g \u2013 Khairat Afrin      Hochwertiges grobes Bulgur von der Marke Khairat Afrin,  Hergestellt mit sorgf\u00e4ltig ausgew\u00e4hltem Weizen, verleiht es jedem Mahl einen authentischen Geschmack und einen N\u00e4hrwert.","og_url":"https:\/\/yasminfood.ch\/de\/product\/grober-bulgur-900g-khairat-afrin\/","og_site_name":"Yasmin Food","article_publisher":"https:\/\/www.facebook.com\/yasminmarkt1","article_modified_time":"2026-03-31T09:53:04+00:00","og_image":[{"width":1080,"height":1080,"url":"https:\/\/yasminfood.ch\/wp-content\/uploads\/2026\/03\/\u0628\u0631\u063a\u0644-\u062e\u0634\u0646-900\u063a-\u062e\u064a\u0631\u0627\u062a-\u0639\u0641\u0631\u064a\u0646.png","type":"image\/png"}],"twitter_card":"summary_large_image","twitter_misc":{"Preis":"3.95&nbsp;&#67;&#72;&#70;","Verf\u00fcgbarkeit":"Auf Lager"},"schema":{"@context":"https:\/\/schema.org","@graph":[{"@type":"WebPage","@id":"https:\/\/yasminfood.ch\/de\/product\/grober-bulgur-900g-khairat-afrin\/","url":"https:\/\/yasminfood.ch\/de\/product\/grober-bulgur-900g-khairat-afrin\/","name":"Grober Bulgur 900g \u2013 Khairat Afrin - Yasmin Food","isPartOf":{"@id":"https:\/\/yasminfood.ch\/de\/#website"},"primaryImageOfPage":{"@id":"https:\/\/yasminfood.ch\/de\/product\/grober-bulgur-900g-khairat-afrin\/#primaryimage"},"image":{"@id":"https:\/\/yasminfood.ch\/de\/product\/grober-bulgur-900g-khairat-afrin\/#primaryimage"},"thumbnailUrl":"https:\/\/yasminfood.ch\/wp-content\/uploads\/2026\/03\/\u0628\u0631\u063a\u0644-\u062e\u0634\u0646-900\u063a-\u062e\u064a\u0631\u0627\u062a-\u0639\u0641\u0631\u064a\u0646.png","datePublished":"2026-03-31T09:45:21+00:00","dateModified":"2026-03-31T09:53:04+00:00","description":"Hochwertiges grobes Bulgur der Marke Khairat Afrin, hergestellt aus sorgf\u00e4ltig ausgew\u00e4hltem Weizen, um jedem Essen einen authentischen Geschmack und einen besonderen N\u00e4hrwert zu verleihen.","breadcrumb":{"@id":"https:\/\/yasminfood.ch\/de\/product\/grober-bulgur-900g-khairat-afrin\/#breadcrumb"},"inLanguage":"de","potentialAction":[{"@type":"ReadAction","target":["https:\/\/yasminfood.ch\/de\/product\/grober-bulgur-900g-khairat-afrin\/"]}]},{"@type":"ImageObject","inLanguage":"de","@id":"https:\/\/yasminfood.ch\/de\/product\/grober-bulgur-900g-khairat-afrin\/#primaryimage","url":"https:\/\/yasminfood.ch\/wp-content\/uploads\/2026\/03\/\u0628\u0631\u063a\u0644-\u062e\u0634\u0646-900\u063a-\u062e\u064a\u0631\u0627\u062a-\u0639\u0641\u0631\u064a\u0646.png","contentUrl":"https:\/\/yasminfood.ch\/wp-content\/uploads\/2026\/03\/\u0628\u0631\u063a\u0644-\u062e\u0634\u0646-900\u063a-\u062e\u064a\u0631\u0627\u062a-\u0639\u0641\u0631\u064a\u0646.png","width":1080,"height":1080,"caption":"Grober Bulgur 900g \u2013 Khairat Afrin"},{"@type":"BreadcrumbList","@id":"https:\/\/yasminfood.ch\/de\/product\/grober-bulgur-900g-khairat-afrin\/#breadcrumb","itemListElement":[{"@type":"ListItem","position":1,"name":"\u0627\u0644\u0631\u0626\u064a\u0633\u064a\u0629","item":"https:\/\/yasminfood.ch\/de\/zuhause\/"},{"@type":"ListItem","position":2,"name":"Shop","item":"https:\/\/yasminfood.ch\/de\/shop\/"},{"@type":"ListItem","position":3,"name":"Reis &amp; Getreide","item":"https:\/\/yasminfood.ch\/de\/produkt-kategorie\/reis-getreide\/"},{"@type":"ListItem","position":4,"name":"Grober Bulgur 900g \u2013 Khairat Afrin"}]},{"@type":"WebSite","@id":"https:\/\/yasminfood.ch\/de\/#website","url":"https:\/\/yasminfood.ch\/de\/","name":"\u064a\u0627\u0633\u0645\u064a\u0646 \u0645\u0627\u0631\u0643\u062a","description":"Alles, was Sie brauchen, an einem Ort","publisher":{"@id":"https:\/\/yasminfood.ch\/de\/#organization"},"alternateName":"Yasmin Food","potentialAction":[{"@type":"SearchAction","target":{"@type":"EntryPoint","urlTemplate":"https:\/\/yasminfood.ch\/de\/?s={search_term_string}"},"query-input":{"@type":"PropertyValueSpecification","valueRequired":true,"valueName":"search_term_string"}}],"inLanguage":"de"},{"@type":"Organization","@id":"https:\/\/yasminfood.ch\/de\/#organization","name":"\u064a\u0627\u0633\u0645\u064a\u0646 \u0645\u0627\u0631\u0643\u062a","alternateName":"Yasmin Food","url":"https:\/\/yasminfood.ch\/de\/","logo":{"@type":"ImageObject","inLanguage":"de","@id":"https:\/\/yasminfood.ch\/de\/#\/schema\/logo\/image\/","url":"https:\/\/yasminfood.ch\/wp-content\/uploads\/2025\/05\/yasmin-food-header-logo.png","contentUrl":"https:\/\/yasminfood.ch\/wp-content\/uploads\/2025\/05\/yasmin-food-header-logo.png","width":330,"height":120,"caption":"\u064a\u0627\u0633\u0645\u064a\u0646 \u0645\u0627\u0631\u0643\u062a"},"image":{"@id":"https:\/\/yasminfood.ch\/de\/#\/schema\/logo\/image\/"},"sameAs":["https:\/\/www.facebook.com\/yasminmarkt1","https:\/\/www.tiktok.com\/@yasminmarkt","https:\/\/www.instagram.com\/yasmin.markt1\/","https:\/\/api.whatsapp.com\/send\/?phone=41799000104"],"publishingPrinciples":"https:\/\/yasminfood.ch\/de\/shop\/","ownershipFundingInfo":"https:\/\/yasminfood.ch\/de\/shop\/"}]},"product_price_amount":"3.95","product_price_currency":"CHF","og_availability":"instock","product_availability":"instock","product_condition":"new"},"jetpack_sharing_enabled":true,"_links":{"self":[{"href":"https:\/\/yasminfood.ch\/de\/wp-json\/wp\/v2\/product\/122199","targetHints":{"allow":["GET"]}}],"collection":[{"href":"https:\/\/yasminfood.ch\/de\/wp-json\/wp\/v2\/product"}],"about":[{"href":"https:\/\/yasminfood.ch\/de\/wp-json\/wp\/v2\/types\/product"}],"replies":[{"embeddable":true,"href":"https:\/\/yasminfood.ch\/de\/wp-json\/wp\/v2\/comments?post=122199"}],"version-history":[{"count":1,"href":"https:\/\/yasminfood.ch\/de\/wp-json\/wp\/v2\/product\/122199\/revisions"}],"predecessor-version":[{"id":122200,"href":"https:\/\/yasminfood.ch\/de\/wp-json\/wp\/v2\/product\/122199\/revisions\/122200"}],"wp:featuredmedia":[{"embeddable":true,"href":"https:\/\/yasminfood.ch\/de\/wp-json\/wp\/v2\/media\/122192"}],"wp:attachment":[{"href":"https:\/\/yasminfood.ch\/de\/wp-json\/wp\/v2\/media?parent=122199"}],"wp:term":[{"taxonomy":"product_brand","embeddable":true,"href":"https:\/\/yasminfood.ch\/de\/wp-json\/wp\/v2\/product_brand?post=122199"},{"taxonomy":"product_cat","embeddable":true,"href":"https:\/\/yasminfood.ch\/de\/wp-json\/wp\/v2\/product_cat?post=122199"},{"taxonomy":"product_tag","embeddable":true,"href":"https:\/\/yasminfood.ch\/de\/wp-json\/wp\/v2\/product_tag?post=122199"}],"curies":[{"name":"wp","href":"https:\/\/api.w.org\/{rel}","templated":true}]}}